{"id":15337,"date":"2018-04-16T10:56:16","date_gmt":"2018-04-16T10:56:16","guid":{"rendered":"https:\/\/business.roovi.com\/product\/puzzle-breughel-spring-1000-piese\/"},"modified":"2025-03-17T10:00:17","modified_gmt":"2025-03-17T10:00:17","slug":"puzzle-adulti-1000-piese-pieter-breughel-cel-tanar-spring-primavara","status":"publish","type":"product","link":"https:\/\/business.roovi.com\/ro\/puzzle-adulti-1000-piese-pieter-breughel-cel-tanar-spring-primavara\/p\/","title":{"rendered":"Puzzle adul\u021bi 1000 Piese Pieter Brueghel cel T\u00e2n\u0103r &#8211; Spring \/Prim\u0103vara"},"content":{"rendered":"<p><span style=\"font-weight: 400;\">La noi g\u0103se\u0219ti puzzle 1000 piese reprezent\u00e2nd picturi celebre semnate de Rembrandt, Leonardo da Vinci \u0219i mul\u021bi al\u021bi arti\u0219ti celebri. Puzzle-urile adul\u021bi sunt realizate din materiale de calitate \u0219i surprind cele mai fine detalii ale lucr\u0103rilor originale. R\u0103sfoie\u0219te virtual colec\u021bia puzzle art\u0103 \u0219i f\u0103-\u021bi propria colec\u021bie de tablouri din puzzle-uri 1000 piese!<\/span><\/p>\n<p><span style=\"font-weight: 400;\">Din colec\u021bia ta nu poate lipsi puzzle 1000 piese Pieter Brueghel cel T\u00e2n\u0103r &#8211; Spring\/Prim\u0103vara. Cum ar fi s\u0103 ai mereu pe peretele camerei tale o prim\u0103var\u0103 artistic\u0103, realizat\u0103 din puzzle 1000 piese? S\u0103 admiri zi de zi o explozie de culoare, rafinament \u0219i perfec\u021biune a naturii, reprezentat\u0103 perfect de m\u00e2na m\u0103iastr\u0103 a lui Pieter Brueghel cel T\u00e2n\u0103r nu poate dec\u00e2t o delectare. Pune-te a\u0219adar pe treab\u0103 \u0219i completeaz\u0103 acest minunat puzzle 1000 piese! Ai nevoie de o m\u0103su\u021b\u0103 de cafea simpl\u0103 ca s\u0103 \u00ee\u0219i des\u0103v\u00e2r\u0219e\u0219ti opera pentru ca tabloul final are dimensiunea de 50 x 70 cm.<\/span><\/p>\n<p><span style=\"font-weight: 400;\">Iat\u0103 \u0219i alte detalii \u0219i caracteristici ale puzzle-ului 1000 piese Pieter Brueghel cel T\u00e2n\u0103r &#8211; Spring\/Prim\u0103vara:<\/span><\/p>\n<p><span style=\"font-weight: 400;\">Material puzzle:\u00a0<\/span><\/p>\n<p><strong>carton albastru de o calitate superioar\u0103<\/strong><\/p>\n<p><strong>materiale sustenabile, reciclabile<\/strong><\/p>\n<p><strong>finisaj semi-lucios, culori vii<\/strong><\/p>\n<p><span style=\"font-weight: 400;\">Num\u0103rul pieselor de puzzle: 1000<\/span><\/p>\n<p><span style=\"font-weight: 400;\">V\u00e2rsta recomandat\u0103: 14+<\/span><\/p>\n<p><strong>Beneficiile minunate ale complet\u0103rii unui puzzle 1000 piese<\/strong><\/p>\n<ul style=\"list-style-type: circle;\">\n<li><span style=\"font-weight: 400;\">Te ajut\u0103 s\u0103-\u021bi \u00eembun\u0103t\u0103\u021be\u0219ti memoria<\/span><\/li>\n<li><span style=\"font-weight: 400;\">\u00ce\u021bi dezvolt\u0103 abilitatea de a rezolva problemele \u00eentr-un timp scurt<\/span><\/li>\n<li><span style=\"font-weight: 400;\">Te ajut\u0103 s\u0103-\u021bi dezvol\u021bi capacit\u0103\u021bile vizual-spa\u021biale<\/span><\/li>\n<li><span style=\"font-weight: 400;\">\u00ce\u021bi men\u021bin creierul s\u0103n\u0103tos pentru c\u0103 \u00eel pun la treab\u0103<\/span><\/li>\n<li><span style=\"font-weight: 400;\">Te fac mult mai atent la detalii.<\/span><\/li>\n<li><span style=\"font-weight: 400;\">\u00ce\u021bi \u00eembun\u0103t\u0103\u021besc starea de spirit.<\/span><\/li>\n<\/ul>\n<p><strong>Cine este Pieter Brueghel cel T\u00e2n\u0103r?<\/strong><\/p>\n<ul style=\"list-style-type: circle;\">\n<li><span style=\"font-weight: 400;\">Autorul tabloului Prim\u0103vara, imagine care este \u00eenf\u0103\u021bi\u0219at\u0103 \u00een puzzle-ul 1000 piese din colec\u021bia puzzle art\u0103, este fiul celebrului Pieter Bruegel cel B\u0103tr\u00e2n.<\/span><\/li>\n<li><span style=\"font-weight: 400;\">Face parte din dinastia celebrilor pictori Brueghel care au activat pe teritoriul Belgiei din zilele noastre.<\/span><\/li>\n<li><span style=\"font-weight: 400;\">A preluat multe dintre lucr\u0103rile tat\u0103lui, inclusiv seria\u00a0 <\/span><em><span style=\"font-weight: 400;\">Anotimpurile<\/span><\/em><span style=\"font-weight: 400;\">\u00a0 din care face parte \u0219i\u00a0 <\/span><em><span style=\"font-weight: 400;\">Prim\u0103vara<\/span><\/em><span style=\"font-weight: 400;\">\u00a0<\/span><\/li>\n<li><span style=\"font-weight: 400;\">A dat o not\u0103 personal\u0103 lucr\u0103rilor din\u00a0 <\/span><em><span style=\"font-weight: 400;\">Anotimpurile<\/span><\/em><span style=\"font-weight: 400;\">\u00a0 prin diversele anecdote pe care le-a introdus \u00een picturile sale.<\/span><\/li>\n<li><span style=\"font-weight: 400;\">Ciclul Anotimpurile s-a bucurat de un imens succes \u00een vremea lui Pieter Brueghel cel T\u00e2n\u0103r.<\/span><\/li>\n<\/ul>\n<p><strong>Este cool s\u0103 descoperi arta prin puzzle 1000 piese!<\/strong><\/p>\n<p><span style=\"font-weight: 400;\">\u2026 Iar acesta nu este singurul avantaj pe care \u021bi-l ofer\u0103 completarea unui puzzle 1000 piese din colec\u021bia puzzle art\u0103. Ia \u00een considerare \u0219i urm\u0103toarele aspecte pozitive atunci c\u00e2nd te g\u00e2nde\u0219ti s\u0103 cumperi un puzzle adul\u021bi:<\/span><\/p>\n<p><strong>\u00ce\u021bi \u00eembun\u0103t\u0103\u021besc capacitatea de a lucra \u00een echip\u0103. <\/strong><span style=\"font-weight: 400;\">S\u0103 asamblezi un puzzle 1000 piese poate fi cople\u0219itor, mai ales dac\u0103 e\u0219ti \u00eencep\u0103tor. Cheam\u0103-\u021bi ga\u0219ca de prieteni \u0219i descoperi\u021bi \u00eempreun\u0103 magia jocurilor puzzle! Lucrat \u00een echip\u0103, tabloul din 1000 piese puzzle va fi gata imediat.\u00a0<\/span><\/p>\n<p><strong>Te poart\u0103 \u00eentr-o lume fascinant\u0103 plin\u0103 de culoare. <\/strong><span style=\"font-weight: 400;\">Cu alte cuvinte, te va ajuta s\u0103 fii creativ. Complet\u00e2nd puzzle 1000 piese, intri cu mintea \u00een povestea tabloului, nu doar completezi mecanic un puzzle adul\u021bi.<\/span><\/p>\n<p><strong>\u00ce\u021bi cre\u0219te productivitate.<\/strong><span style=\"font-weight: 400;\"> Poate p\u0103rea pu\u021bin fantastic, dar faptul c\u0103 lucrezi metodic, organizat \u0219i concentrat la un puzzle 1000 piese, \u00ee\u021bi creeaz\u0103 un program mental pe care \u00eel vei implementa ulterior \u0219i \u00een alte aspecte ale vie\u021bii, de exemplu, la job.<\/span><\/p>\n<p><strong>Te face s\u0103 intri \u00eentr-o stare de medita\u021bie<\/strong><span style=\"font-weight: 400;\">. Atunci c\u00e2nd te concentrezi pe un puzzle 1000 piese, mintea ta se elibereaz\u0103 de toate celelalte griji \u0219i se focuseaz\u0103 pe un singur scop: acela de a recrea tabloul de art\u0103. Starea aceasta este asem\u0103n\u0103toare cu cea meditativ\u0103 \u0219i este benefic\u0103 pentru s\u0103n\u0103tatea mental\u0103.<\/span><\/p>\n<p><span style=\"font-weight: 400;\">Cump\u0103r\u0103 1000 piese Pieter Brueghel cel T\u00e2n\u0103r &#8211; Spring\/Prim\u0103vara \u0219i creeaz\u0103-\u021bi un obiect decorativ de excep\u021bie! \u00cenr\u0103meaz\u0103 imaginea ob\u021binut\u0103 din acest minunat puzzle adul\u021bi \u0219i bucur\u0103-te zi de zi de magia culorilor.<\/span><\/p>\n<p><span style=\"font-weight: 400;\">Acest joc puzzle poate fi un cadou minunat dac\u0103 te g\u00e2nde\u0219ti s\u0103 surprinzi pl\u0103cut un prieten pasionat de puzzle 1000 piese sau pe cineva din familie.<\/span><\/p>\n","protected":false},"excerpt":{"rendered":"<p><span style=\"font-weight: 400;\">Descoper\u0103 colec\u021bia noastr\u0103 puzzle art\u0103 \u0219i te vei sim\u021bi ca \u00eentr-o imens\u0103 galerie artistic\u0103! <\/span><\/p>\n","protected":false},"featured_media":63143,"template":"","meta":[],"product_brand":[],"product_cat":[1454,1488,1560],"product_tag":[],"class_list":{"0":"post-15337","1":"product","2":"type-product","3":"status-publish","4":"has-post-thumbnail","6":"product_cat-puzzle","7":"product_cat-puzzle-adulti","8":"product_cat-puzzle-adulti-1000","9":"pa_bax-1273","10":"pa_brand-d_toys","11":"pa_country_of_manufacture-ro","12":"pa_filter_age-1315","13":"pa_painter-pieterbreugheltheyounger","14":"pa_tip_ambalaj-cutie","15":"pa_tip_puzzle-clasic","17":"first","18":"instock","19":"taxable","20":"shipping-taxable","21":"product-type-simple"},"yoast_head":"<!-- This site is optimized with the Yoast SEO plugin v20.1 - https:\/\/yoast.com\/wordpress\/plugins\/seo\/ -->\n<title>Puzzle adul\u021bi 1000 Piese Pieter Brueghel cel T\u00e2n\u0103r - Spring \/Prim\u0103vara - Roovi B2B<\/title>\n<meta name=\"robots\" content=\"index, follow, max-snippet:-1, max-image-preview:large, max-video-preview:-1\" \/>\n<link rel=\"canonical\" href=\"https:\/\/www.roovi.ro\/puzzle-adulti-1000-piese-pieter-breughel-cel-tanar-spring-primavara\/p\/\" \/>\n<meta property=\"og:locale\" content=\"ro_RO\" \/>\n<meta property=\"og:type\" content=\"article\" \/>\n<meta property=\"og:title\" content=\"Puzzle adul\u021bi 1000 Piese Pieter Brueghel cel T\u00e2n\u0103r - Spring \/Prim\u0103vara - Roovi B2B\" \/>\n<meta property=\"og:description\" content=\"Descoper\u0103 colec\u021bia noastr\u0103 puzzle art\u0103 \u0219i te vei sim\u021bi ca \u00eentr-o imens\u0103 galerie artistic\u0103!\" \/>\n<meta property=\"og:url\" content=\"https:\/\/www.roovi.ro\/puzzle-adulti-1000-piese-pieter-breughel-cel-tanar-spring-primavara\/p\/\" \/>\n<meta property=\"og:site_name\" content=\"Roovi B2B\" \/>\n<meta property=\"article:publisher\" content=\"https:\/\/www.facebook.com\/wwwjucariero\" \/>\n<meta property=\"article:modified_time\" content=\"2025-03-17T10:00:17+00:00\" \/>\n<meta property=\"og:image\" content=\"https:\/\/business.roovi.com\/wp-content\/uploads\/2018\/04\/66947-BR-01-WEB.jpg\" \/>\n\t<meta property=\"og:image:width\" content=\"1200\" \/>\n\t<meta property=\"og:image:height\" content=\"1200\" \/>\n\t<meta property=\"og:image:type\" content=\"image\/jpeg\" \/>\n<meta name=\"twitter:label1\" content=\"Timp estimat pentru citire\" \/>\n\t<meta name=\"twitter:data1\" content=\"3 minute\" \/>\n<script type=\"application\/ld+json\" class=\"yoast-schema-graph\">{\"@context\":\"https:\/\/schema.org\",\"@graph\":[{\"@type\":\"WebPage\",\"@id\":\"https:\/\/business.roovi.com\/ro\/puzzle-adulti-1000-piese-pieter-breughel-cel-tanar-spring-primavara\/p\/\",\"url\":\"https:\/\/www.roovi.ro\/puzzle-adulti-1000-piese-pieter-breughel-cel-tanar-spring-primavara\/p\/\",\"name\":\"Puzzle adul\u021bi 1000 Piese Pieter Brueghel cel T\u00e2n\u0103r - Spring \/Prim\u0103vara - Roovi B2B\",\"isPartOf\":{\"@id\":\"https:\/\/business.roovi.com\/ro\/#website\"},\"datePublished\":\"2018-04-16T10:56:16+00:00\",\"dateModified\":\"2025-03-17T10:00:17+00:00\",\"breadcrumb\":{\"@id\":\"https:\/\/www.roovi.ro\/puzzle-adulti-1000-piese-pieter-breughel-cel-tanar-spring-primavara\/p\/#breadcrumb\"},\"inLanguage\":\"ro-RO\",\"potentialAction\":[{\"@type\":\"ReadAction\",\"target\":[\"https:\/\/www.roovi.ro\/puzzle-adulti-1000-piese-pieter-breughel-cel-tanar-spring-primavara\/p\/\"]}]},{\"@type\":\"BreadcrumbList\",\"@id\":\"https:\/\/www.roovi.ro\/puzzle-adulti-1000-piese-pieter-breughel-cel-tanar-spring-primavara\/p\/#breadcrumb\",\"itemListElement\":[{\"@type\":\"ListItem\",\"position\":1,\"name\":\"Home\",\"item\":\"https:\/\/business.roovi.com\/ro\/\"},{\"@type\":\"ListItem\",\"position\":2,\"name\":\"Magazin\",\"item\":\"https:\/\/business.roovi.com\/ro\/magazin\/\"},{\"@type\":\"ListItem\",\"position\":3,\"name\":\"Puzzle adul\u021bi 1000 Piese Pieter Brueghel cel T\u00e2n\u0103r &#8211; Spring \/Prim\u0103vara\"}]},{\"@type\":\"WebSite\",\"@id\":\"https:\/\/business.roovi.com\/ro\/#website\",\"url\":\"https:\/\/business.roovi.com\/ro\/\",\"name\":\"Roovi B2B\",\"description\":\"Roovi Business Website\",\"potentialAction\":[{\"@type\":\"SearchAction\",\"target\":{\"@type\":\"EntryPoint\",\"urlTemplate\":\"https:\/\/business.roovi.com\/ro\/?s={search_term_string}\"},\"query-input\":\"required name=search_term_string\"}],\"inLanguage\":\"ro-RO\"}]}<\/script>\n<!-- \/ Yoast SEO plugin. -->","yoast_head_json":{"title":"Puzzle adul\u021bi 1000 Piese Pieter Brueghel cel T\u00e2n\u0103r - Spring \/Prim\u0103vara - Roovi B2B","robots":{"index":"index","follow":"follow","max-snippet":"max-snippet:-1","max-image-preview":"max-image-preview:large","max-video-preview":"max-video-preview:-1"},"canonical":"https:\/\/www.roovi.ro\/puzzle-adulti-1000-piese-pieter-breughel-cel-tanar-spring-primavara\/p\/","og_locale":"ro_RO","og_type":"article","og_title":"Puzzle adul\u021bi 1000 Piese Pieter Brueghel cel T\u00e2n\u0103r - Spring \/Prim\u0103vara - Roovi B2B","og_description":"Descoper\u0103 colec\u021bia noastr\u0103 puzzle art\u0103 \u0219i te vei sim\u021bi ca \u00eentr-o imens\u0103 galerie artistic\u0103!","og_url":"https:\/\/www.roovi.ro\/puzzle-adulti-1000-piese-pieter-breughel-cel-tanar-spring-primavara\/p\/","og_site_name":"Roovi B2B","article_publisher":"https:\/\/www.facebook.com\/wwwjucariero","article_modified_time":"2025-03-17T10:00:17+00:00","og_image":[{"width":1200,"height":1200,"url":"https:\/\/business.roovi.com\/wp-content\/uploads\/2018\/04\/66947-BR-01-WEB.jpg","type":"image\/jpeg"}],"twitter_misc":{"Timp estimat pentru citire":"3 minute"},"schema":{"@context":"https:\/\/schema.org","@graph":[{"@type":"WebPage","@id":"https:\/\/business.roovi.com\/ro\/puzzle-adulti-1000-piese-pieter-breughel-cel-tanar-spring-primavara\/p\/","url":"https:\/\/www.roovi.ro\/puzzle-adulti-1000-piese-pieter-breughel-cel-tanar-spring-primavara\/p\/","name":"Puzzle adul\u021bi 1000 Piese Pieter Brueghel cel T\u00e2n\u0103r - Spring \/Prim\u0103vara - Roovi B2B","isPartOf":{"@id":"https:\/\/business.roovi.com\/ro\/#website"},"datePublished":"2018-04-16T10:56:16+00:00","dateModified":"2025-03-17T10:00:17+00:00","breadcrumb":{"@id":"https:\/\/www.roovi.ro\/puzzle-adulti-1000-piese-pieter-breughel-cel-tanar-spring-primavara\/p\/#breadcrumb"},"inLanguage":"ro-RO","potentialAction":[{"@type":"ReadAction","target":["https:\/\/www.roovi.ro\/puzzle-adulti-1000-piese-pieter-breughel-cel-tanar-spring-primavara\/p\/"]}]},{"@type":"BreadcrumbList","@id":"https:\/\/www.roovi.ro\/puzzle-adulti-1000-piese-pieter-breughel-cel-tanar-spring-primavara\/p\/#breadcrumb","itemListElement":[{"@type":"ListItem","position":1,"name":"Home","item":"https:\/\/business.roovi.com\/ro\/"},{"@type":"ListItem","position":2,"name":"Magazin","item":"https:\/\/business.roovi.com\/ro\/magazin\/"},{"@type":"ListItem","position":3,"name":"Puzzle adul\u021bi 1000 Piese Pieter Brueghel cel T\u00e2n\u0103r &#8211; Spring \/Prim\u0103vara"}]},{"@type":"WebSite","@id":"https:\/\/business.roovi.com\/ro\/#website","url":"https:\/\/business.roovi.com\/ro\/","name":"Roovi B2B","description":"Roovi Business Website","potentialAction":[{"@type":"SearchAction","target":{"@type":"EntryPoint","urlTemplate":"https:\/\/business.roovi.com\/ro\/?s={search_term_string}"},"query-input":"required name=search_term_string"}],"inLanguage":"ro-RO"}]}},"_links":{"self":[{"href":"https:\/\/business.roovi.com\/ro\/wp-json\/wp\/v2\/product\/15337","targetHints":{"allow":["GET"]}}],"collection":[{"href":"https:\/\/business.roovi.com\/ro\/wp-json\/wp\/v2\/product"}],"about":[{"href":"https:\/\/business.roovi.com\/ro\/wp-json\/wp\/v2\/types\/product"}],"version-history":[{"count":0,"href":"https:\/\/business.roovi.com\/ro\/wp-json\/wp\/v2\/product\/15337\/revisions"}],"wp:featuredmedia":[{"embeddable":true,"href":"https:\/\/business.roovi.com\/ro\/wp-json\/wp\/v2\/media\/63143"}],"wp:attachment":[{"href":"https:\/\/business.roovi.com\/ro\/wp-json\/wp\/v2\/media?parent=15337"}],"wp:term":[{"taxonomy":"product_brand","embeddable":true,"href":"https:\/\/business.roovi.com\/ro\/wp-json\/wp\/v2\/product_brand?post=15337"},{"taxonomy":"product_cat","embeddable":true,"href":"https:\/\/business.roovi.com\/ro\/wp-json\/wp\/v2\/product_cat?post=15337"},{"taxonomy":"product_tag","embeddable":true,"href":"https:\/\/business.roovi.com\/ro\/wp-json\/wp\/v2\/product_tag?post=15337"}],"curies":[{"name":"wp","href":"https:\/\/api.w.org\/{rel}","templated":true}]}}