{"id":15352,"date":"2018-04-16T10:56:16","date_gmt":"2018-04-16T10:56:16","guid":{"rendered":"https:\/\/business.roovi.com\/product\/puzzle-leonardo-da-vinci-lady-with-an-ermine-1000-piese\/"},"modified":"2025-03-17T09:43:50","modified_gmt":"2025-03-17T09:43:50","slug":"puzzle-adulti-1000-piese-lady-with-an-erminedama-cu-hermina-1000-piese","status":"publish","type":"product","link":"https:\/\/business.roovi.com\/ro\/puzzle-adulti-1000-piese-lady-with-an-erminedama-cu-hermina-1000-piese\/p\/","title":{"rendered":"Puzzle adulti 1000 piese Lady with an Ermine\/Dama cu hermin\u0103 &#8211; 1000 Piese"},"content":{"rendered":"<p><span style=\"font-weight: 400;\">Dac\u0103 arta este pasiunea ta sau dore\u0219ti s\u0103 surprinzi pl\u0103cut un prieten iubitor de picturi celebre, ai ajuns \u00een locul potrivit. La noi g\u0103se\u0219ti cea mai mare colec\u021bie de puzzle de art\u0103.<\/span><\/p>\n<p><span style=\"font-weight: 400;\">Asamblarea unui puzzle de 1000 piese este o activitate relaxant\u0103 care te deconecteaz\u0103 de la stresul zilnic \u0219i contribuie la \u00eembun\u0103t\u0103\u021birea st\u0103rii de spirit. Pe m\u0103sur\u0103 ce potrive\u0219ti piesele \u0219i tabloul prinde contur, te \u00eenv\u0103luie sentimentul minunat de satisfac\u021bie c\u0103 ai dus p\u00e2n\u0103 la cap\u0103t o sarcin\u0103 dificil\u0103. \u00cen timpul acesta, creierul t\u0103u secret\u0103 dopamina, acel hormon care te face s\u0103 experimentezi st\u0103rile de bine: fericire, satisfac\u021bie sau pl\u0103cere.\u00a0<\/span><\/p>\n<p><span style=\"font-weight: 400;\">Dac\u0103 vrei s\u0103 ai zilnic una sau mai multe ore de bucurie, avem c\u00e2teva recomand\u0103ri minunate pentru tine!<\/span><\/p>\n<p><span style=\"font-weight: 400;\">Asambleaz\u0103 puzzle 1000 piese cu portretul fascinantei Doamne cu hermin\u0103 \u0219i simte emo\u021bia reconstituirii unei opere artistice nemuritoare! Ca majoritatea operelor marelui artist, Doamna cu hermin\u0103 este \u00eenv\u0103luit\u0103 \u00een mister. Se crede c\u0103 portretul o \u00eenf\u0103\u021bi\u0219eaz\u0103 pe <\/span><span style=\"font-weight: 400;\">Cecilia Gallerani, amanta ducelui <\/span><span style=\"font-weight: 400;\">Ludovico Sforza, <\/span><span style=\"font-weight: 400;\">o t\u00e2n\u0103r\u0103 de condi\u021bie modest\u0103, dar renumit\u0103 \u00een acele vremuri pentru inteligen\u021ba \u0219i frumuse\u021bea ei.\u00a0<\/span><\/p>\n<p><span style=\"font-weight: 400;\">Ob\u021bine copia fidel\u0103 a celebrei picturi cu dimensiuni mai mari dec\u00e2t tabloul original. Vezi mai jos dimensiunile puzzle-ului 1000 asamblat \u0219i caracteristicile produsului.<\/span><\/p>\n<p><span style=\"font-weight: 400;\">Dimensiuni puzzle asamblat: 50&#215;70 cm &#8211; tabloul original are 53&#215;39 cm. O m\u0103su\u021b\u0103 de cafea obi\u0219nuit\u0103 este foarte potrivit\u0103 pentru asamblarea acestui puzzle de 1000 piese.<\/span><\/p>\n<p><span style=\"font-weight: 400;\">Material puzzle:\u00a0<\/span><\/p>\n<p><strong>carton albastru de o calitate superioar\u0103<\/strong><\/p>\n<p><strong>materiale sustenabile, reciclabile<\/strong><\/p>\n<p><strong>finisaj semi-lucios, culori vii<\/strong><\/p>\n<p><span style=\"font-weight: 400;\">Num\u0103rul pieselor de puzzle: 1000<\/span><\/p>\n<p><span style=\"font-weight: 400;\">V\u00e2rsta recomandat\u0103: 14+<\/span><\/p>\n<p><strong>Puzzle 1000 piese: ce abilit\u0103\u021bi \u00ee\u021bi dezvolt\u0103?<\/strong><\/p>\n<p><strong>Aten\u021bia<\/strong><span style=\"font-weight: 400;\"> &#8211; E\u0219ti un veritabil detectiv care observ\u0103 cele mai mici detalii \u0219i rezolv\u0103 misterul pun\u00e2nd pies\u0103 l\u00e2ng\u0103 pies\u0103 \u00een ordinea potrivit\u0103.<\/span><\/p>\n<p><strong>Memoria<\/strong><span style=\"font-weight: 400;\"> &#8211; Asambleaz\u0103 puzzle 1000 piese zi de zi \u0219i observ\u0103 cum memoria ta pe termen scurt se \u00eembun\u0103t\u0103\u021be\u0219te.<\/span><\/p>\n<p><strong>Logica &#8211; <\/strong><span style=\"font-weight: 400;\">descoper\u0103 logica jocului puzzle pun\u00e2nd pies\u0103 l\u00e2ng\u0103 pies\u0103 p\u00e2n\u0103 c\u00e2nd vei ob\u021bine tabloul complet.<\/span><\/p>\n<p><strong>Capacitatea de a tr\u0103i con\u0219tient &#8211; <\/strong><span style=\"font-weight: 400;\">Ai auzit de conceptul <\/span><span style=\"font-weight: 400;\">Mindfulness? Acesta se traduce prin capacitatea de a fi con\u0219tient de toate g\u00e2ndurile, tr\u0103irile, sentimentele din prezent, cu alte cuvinte, arta de a tr\u0103i \u00een prezent. Rezolvarea puzzle-ului este astfel\u00a0 o form\u0103 de medita\u021bie binef\u0103c\u0103toare.<\/span><\/p>\n<p><strong>\u00cembun\u0103t\u0103\u021be\u0219te calitatea somnului &#8211; <\/strong><span style=\"font-weight: 400;\">Rezolv\u0103 puzzle seara, \u00eenainte de culcare \u0219i scap\u0103 de grijile de a doua zi! Activitatea de asamblare a unui puzzle de 1000 piese te ajut\u0103 s\u0103 te destresezi, astfel mintea ta se elibereaz\u0103, iar somnul va fi mult mai profund \u0219i odihnitor.<\/span><\/p>\n<p><strong>Ce nu \u0219tiai despre Leonardo da Vinci \u0219i a lui Dam\u0103 cu hermin\u0103?<\/strong><\/p>\n<ul style=\"list-style-type: circle;\">\n<li><span style=\"font-weight: 400;\">Portretul Damei cu hermin\u0103 se crede c\u0103 a fost realizat la cererea expres\u0103 a ducelui <\/span><span style=\"font-weight: 400;\">Ludovico Sforza <\/span><span style=\"font-weight: 400;\">care era clientul artistului.<\/span><\/li>\n<li><span style=\"font-weight: 400;\">Da Vinci era un perfec\u021bionist des\u0103v\u00e2r\u0219it care lucra cu aten\u021bie la cele mai fine detalii. S-a descoperit c\u0103 acest tablou a avut mai multe modific\u0103ri p\u00e2n\u0103 la varianta pe care o vedem acum. \u00centr-una dintre aceste variante, nu exist\u0103 hermina.<\/span><\/li>\n<li><span style=\"font-weight: 400;\">Herminei i s-au dat, de asemenea, mai multe, simboluri: poate o aluzie de la Ordinul Herminei cu care a fost decorat ducele Sforza, o expresie a purit\u0103\u021bii personajului sau un joc de cuvinte renascentist, cu numele de familie al fetei, de la grecescul galen care \u00eenseamn\u0103 hermin\u0103.<\/span><\/li>\n<li><span style=\"font-weight: 400;\">Portretul Dama cu hermin\u0103 se p\u0103streaz\u0103 \u0219i poate fi admirat la Muzeul Czartoryski<\/span><span style=\"font-weight: 400;\"> din Cracovia, Polonia.<\/span><\/li>\n<li><span style=\"font-weight: 400;\">Tabloul Dama cu hermin\u0103 este catalogat de criticii de specialitate drept primul portret modern \u00eentruc\u00e2t personajul prive\u0219te \u00een partea st\u00e2ng\u0103, deci nu vedem un chip pictat din fa\u021b\u0103 sau din profil cum erau realizate anterior portretele.<\/span><\/li>\n<\/ul>\n<p><strong>Ce avantaje \u00ee\u021bi aduce completarea unui puzzle adul\u021bi 1000 piese?<\/strong><\/p>\n<ul style=\"list-style-type: circle;\">\n<li><span style=\"font-weight: 400;\">\u00ce\u021bi ofer\u0103 p\u00e2n\u0103 la 30 de ore de distrac\u021bie relaxant\u0103.<\/span><\/li>\n<li><span style=\"font-weight: 400;\">Descoperi opera de art\u0103 \u00een cele mai mici detalii, pe care nu le observi atunci c\u00e2nd admiri opera la expozi\u021bie.<\/span><\/li>\n<li><span style=\"font-weight: 400;\">Devii un mai bun cunosc\u0103tor de art\u0103.<\/span><\/li>\n<li><span style=\"font-weight: 400;\">Petreci timp de calitate cu tine \u00eensu\u021bi sau \u00eempreun\u0103 cu cineva drag.<\/span><\/li>\n<li><span style=\"font-weight: 400;\">\u00ce\u021bi confec\u021bionezi singur un obiect decorativ minunat pe care \u00eel po\u021bi pune la vedere.<\/span><\/li>\n<\/ul>\n<p><span style=\"font-weight: 400;\">Descoper\u0103 acest minunat puzzle adulti din colectia puzzle art\u0103 care \u00ee\u021bi va oferi multe ore de distrac\u021bie veritabil\u0103. Fii tu maestrul care creeaz\u0103 puzzle-ul de art\u0103 <\/span><span style=\"font-weight: 400;\">\u0219i ob\u021bine o veritabil\u0103 copie artistic\u0103 a tabloului Dam\u0103 cu hermin\u0103 al celebrului pictor Leonardo da Vinci.\u00a0<\/span><\/p>\n<p><span style=\"font-weight: 400;\">Puzzle 1000 piese Lady with an ermine este un cadou minunat pentru prietenii pasiona\u021bi de puzzle adul\u021bi 1000 piese. Cump\u0103ra acum acest minunat puzzle arta!<\/span><\/p>\n","protected":false},"excerpt":{"rendered":"<p><span style=\"font-weight: 400;\">S\u0103 prive\u0219ti \u00een galeriile de art\u0103 picturi celebre este frumos, dar cum ar fi s\u0103 te apropii at\u00e2t de mult de ele astfel \u00eenc\u00e2t s\u0103 vezi p\u00e2n\u0103 \u0219i urma pensulei artistului? <\/span><\/p>\n","protected":false},"featured_media":63287,"template":"","meta":[],"product_brand":[],"product_cat":[1454,1488,1560],"product_tag":[],"class_list":{"0":"post-15352","1":"product","2":"type-product","3":"status-publish","4":"has-post-thumbnail","6":"product_cat-puzzle","7":"product_cat-puzzle-adulti","8":"product_cat-puzzle-adulti-1000","9":"pa_bax-1273","10":"pa_brand-d_toys","11":"pa_country_of_manufacture-ro","12":"pa_filter_age-1315","13":"pa_painter-leonardodavinci","14":"pa_tip_ambalaj-cutie","15":"pa_tip_puzzle-clasic","17":"first","18":"instock","19":"taxable","20":"shipping-taxable","21":"product-type-simple"},"yoast_head":"<!-- This site is optimized with the Yoast SEO plugin v20.1 - https:\/\/yoast.com\/wordpress\/plugins\/seo\/ -->\n<title>Puzzle adulti 1000 piese Lady with an Ermine\/Dama cu hermin\u0103 - 1000 Piese - Roovi B2B<\/title>\n<meta name=\"robots\" content=\"index, follow, max-snippet:-1, max-image-preview:large, max-video-preview:-1\" \/>\n<link rel=\"canonical\" href=\"https:\/\/www.roovi.ro\/puzzle-adulti-1000-piese-lady-with-an-erminedama-cu-hermina-1000-piese\/p\/\" \/>\n<meta property=\"og:locale\" content=\"ro_RO\" \/>\n<meta property=\"og:type\" content=\"article\" \/>\n<meta property=\"og:title\" content=\"Puzzle adulti 1000 piese Lady with an Ermine\/Dama cu hermin\u0103 - 1000 Piese - Roovi B2B\" \/>\n<meta property=\"og:description\" content=\"S\u0103 prive\u0219ti \u00een galeriile de art\u0103 picturi celebre este frumos, dar cum ar fi s\u0103 te apropii at\u00e2t de mult de ele astfel \u00eenc\u00e2t s\u0103 vezi p\u00e2n\u0103 \u0219i urma pensulei artistului?\" \/>\n<meta property=\"og:url\" content=\"https:\/\/www.roovi.ro\/puzzle-adulti-1000-piese-lady-with-an-erminedama-cu-hermina-1000-piese\/p\/\" \/>\n<meta property=\"og:site_name\" content=\"Roovi B2B\" \/>\n<meta property=\"article:publisher\" content=\"https:\/\/www.facebook.com\/wwwjucariero\" \/>\n<meta property=\"article:modified_time\" content=\"2025-03-17T09:43:50+00:00\" \/>\n<meta property=\"og:image\" content=\"https:\/\/business.roovi.com\/wp-content\/uploads\/2018\/04\/72689-DA-02-WEB.jpg\" \/>\n\t<meta property=\"og:image:width\" content=\"1200\" \/>\n\t<meta property=\"og:image:height\" content=\"1200\" \/>\n\t<meta property=\"og:image:type\" content=\"image\/jpeg\" \/>\n<meta name=\"twitter:label1\" content=\"Timp estimat pentru citire\" \/>\n\t<meta name=\"twitter:data1\" content=\"4 minute\" \/>\n<script type=\"application\/ld+json\" class=\"yoast-schema-graph\">{\"@context\":\"https:\/\/schema.org\",\"@graph\":[{\"@type\":\"WebPage\",\"@id\":\"https:\/\/business.roovi.com\/ro\/puzzle-adulti-1000-piese-lady-with-an-erminedama-cu-hermina-1000-piese\/p\/\",\"url\":\"https:\/\/www.roovi.ro\/puzzle-adulti-1000-piese-lady-with-an-erminedama-cu-hermina-1000-piese\/p\/\",\"name\":\"Puzzle adulti 1000 piese Lady with an Ermine\/Dama cu hermin\u0103 - 1000 Piese - Roovi B2B\",\"isPartOf\":{\"@id\":\"https:\/\/business.roovi.com\/ro\/#website\"},\"datePublished\":\"2018-04-16T10:56:16+00:00\",\"dateModified\":\"2025-03-17T09:43:50+00:00\",\"breadcrumb\":{\"@id\":\"https:\/\/www.roovi.ro\/puzzle-adulti-1000-piese-lady-with-an-erminedama-cu-hermina-1000-piese\/p\/#breadcrumb\"},\"inLanguage\":\"ro-RO\",\"potentialAction\":[{\"@type\":\"ReadAction\",\"target\":[\"https:\/\/www.roovi.ro\/puzzle-adulti-1000-piese-lady-with-an-erminedama-cu-hermina-1000-piese\/p\/\"]}]},{\"@type\":\"BreadcrumbList\",\"@id\":\"https:\/\/www.roovi.ro\/puzzle-adulti-1000-piese-lady-with-an-erminedama-cu-hermina-1000-piese\/p\/#breadcrumb\",\"itemListElement\":[{\"@type\":\"ListItem\",\"position\":1,\"name\":\"Home\",\"item\":\"https:\/\/business.roovi.com\/ro\/\"},{\"@type\":\"ListItem\",\"position\":2,\"name\":\"Magazin\",\"item\":\"https:\/\/business.roovi.com\/ro\/magazin\/\"},{\"@type\":\"ListItem\",\"position\":3,\"name\":\"Puzzle adulti 1000 piese Lady with an Ermine\/Dama cu hermin\u0103 &#8211; 1000 Piese\"}]},{\"@type\":\"WebSite\",\"@id\":\"https:\/\/business.roovi.com\/ro\/#website\",\"url\":\"https:\/\/business.roovi.com\/ro\/\",\"name\":\"Roovi B2B\",\"description\":\"Roovi Business Website\",\"potentialAction\":[{\"@type\":\"SearchAction\",\"target\":{\"@type\":\"EntryPoint\",\"urlTemplate\":\"https:\/\/business.roovi.com\/ro\/?s={search_term_string}\"},\"query-input\":\"required name=search_term_string\"}],\"inLanguage\":\"ro-RO\"}]}<\/script>\n<!-- \/ Yoast SEO plugin. -->","yoast_head_json":{"title":"Puzzle adulti 1000 piese Lady with an Ermine\/Dama cu hermin\u0103 - 1000 Piese - Roovi B2B","robots":{"index":"index","follow":"follow","max-snippet":"max-snippet:-1","max-image-preview":"max-image-preview:large","max-video-preview":"max-video-preview:-1"},"canonical":"https:\/\/www.roovi.ro\/puzzle-adulti-1000-piese-lady-with-an-erminedama-cu-hermina-1000-piese\/p\/","og_locale":"ro_RO","og_type":"article","og_title":"Puzzle adulti 1000 piese Lady with an Ermine\/Dama cu hermin\u0103 - 1000 Piese - Roovi B2B","og_description":"S\u0103 prive\u0219ti \u00een galeriile de art\u0103 picturi celebre este frumos, dar cum ar fi s\u0103 te apropii at\u00e2t de mult de ele astfel \u00eenc\u00e2t s\u0103 vezi p\u00e2n\u0103 \u0219i urma pensulei artistului?","og_url":"https:\/\/www.roovi.ro\/puzzle-adulti-1000-piese-lady-with-an-erminedama-cu-hermina-1000-piese\/p\/","og_site_name":"Roovi B2B","article_publisher":"https:\/\/www.facebook.com\/wwwjucariero","article_modified_time":"2025-03-17T09:43:50+00:00","og_image":[{"width":1200,"height":1200,"url":"https:\/\/business.roovi.com\/wp-content\/uploads\/2018\/04\/72689-DA-02-WEB.jpg","type":"image\/jpeg"}],"twitter_misc":{"Timp estimat pentru citire":"4 minute"},"schema":{"@context":"https:\/\/schema.org","@graph":[{"@type":"WebPage","@id":"https:\/\/business.roovi.com\/ro\/puzzle-adulti-1000-piese-lady-with-an-erminedama-cu-hermina-1000-piese\/p\/","url":"https:\/\/www.roovi.ro\/puzzle-adulti-1000-piese-lady-with-an-erminedama-cu-hermina-1000-piese\/p\/","name":"Puzzle adulti 1000 piese Lady with an Ermine\/Dama cu hermin\u0103 - 1000 Piese - Roovi B2B","isPartOf":{"@id":"https:\/\/business.roovi.com\/ro\/#website"},"datePublished":"2018-04-16T10:56:16+00:00","dateModified":"2025-03-17T09:43:50+00:00","breadcrumb":{"@id":"https:\/\/www.roovi.ro\/puzzle-adulti-1000-piese-lady-with-an-erminedama-cu-hermina-1000-piese\/p\/#breadcrumb"},"inLanguage":"ro-RO","potentialAction":[{"@type":"ReadAction","target":["https:\/\/www.roovi.ro\/puzzle-adulti-1000-piese-lady-with-an-erminedama-cu-hermina-1000-piese\/p\/"]}]},{"@type":"BreadcrumbList","@id":"https:\/\/www.roovi.ro\/puzzle-adulti-1000-piese-lady-with-an-erminedama-cu-hermina-1000-piese\/p\/#breadcrumb","itemListElement":[{"@type":"ListItem","position":1,"name":"Home","item":"https:\/\/business.roovi.com\/ro\/"},{"@type":"ListItem","position":2,"name":"Magazin","item":"https:\/\/business.roovi.com\/ro\/magazin\/"},{"@type":"ListItem","position":3,"name":"Puzzle adulti 1000 piese Lady with an Ermine\/Dama cu hermin\u0103 &#8211; 1000 Piese"}]},{"@type":"WebSite","@id":"https:\/\/business.roovi.com\/ro\/#website","url":"https:\/\/business.roovi.com\/ro\/","name":"Roovi B2B","description":"Roovi Business Website","potentialAction":[{"@type":"SearchAction","target":{"@type":"EntryPoint","urlTemplate":"https:\/\/business.roovi.com\/ro\/?s={search_term_string}"},"query-input":"required name=search_term_string"}],"inLanguage":"ro-RO"}]}},"_links":{"self":[{"href":"https:\/\/business.roovi.com\/ro\/wp-json\/wp\/v2\/product\/15352","targetHints":{"allow":["GET"]}}],"collection":[{"href":"https:\/\/business.roovi.com\/ro\/wp-json\/wp\/v2\/product"}],"about":[{"href":"https:\/\/business.roovi.com\/ro\/wp-json\/wp\/v2\/types\/product"}],"version-history":[{"count":0,"href":"https:\/\/business.roovi.com\/ro\/wp-json\/wp\/v2\/product\/15352\/revisions"}],"wp:featuredmedia":[{"embeddable":true,"href":"https:\/\/business.roovi.com\/ro\/wp-json\/wp\/v2\/media\/63287"}],"wp:attachment":[{"href":"https:\/\/business.roovi.com\/ro\/wp-json\/wp\/v2\/media?parent=15352"}],"wp:term":[{"taxonomy":"product_brand","embeddable":true,"href":"https:\/\/business.roovi.com\/ro\/wp-json\/wp\/v2\/product_brand?post=15352"},{"taxonomy":"product_cat","embeddable":true,"href":"https:\/\/business.roovi.com\/ro\/wp-json\/wp\/v2\/product_cat?post=15352"},{"taxonomy":"product_tag","embeddable":true,"href":"https:\/\/business.roovi.com\/ro\/wp-json\/wp\/v2\/product_tag?post=15352"}],"curies":[{"name":"wp","href":"https:\/\/api.w.org\/{rel}","templated":true}]}}