{"id":15372,"date":"2018-04-16T10:56:16","date_gmt":"2018-04-16T10:56:16","guid":{"rendered":"https:\/\/business.roovi.com\/product\/puzzle-egiptul-antic-1000-piese-1\/"},"modified":"2025-03-17T07:27:47","modified_gmt":"2025-03-17T07:27:47","slug":"puzzle-adulti-1000-piese-egiptul-antic-tutankhamon-si-ankhesenamun","status":"publish","type":"product","link":"https:\/\/business.roovi.com\/ro\/puzzle-adulti-1000-piese-egiptul-antic-tutankhamon-si-ankhesenamun\/p\/","title":{"rendered":"Puzzle adul\u021bi 1000 Piese &#8211; Egiptul Antic Tutankhamon \u0219i Ankhesenamun"},"content":{"rendered":"<p><span style=\"font-size: 14px;\"><span style=\"font-weight: 400;\">Te fascineaz\u0103 civiliza\u021biile antice? Cu siguran\u021b\u0103 o imagine cu un fragment reprezentativ al celui mai valoros tezaur egiptean <\/span><span style=\"font-weight: 400;\">\u00ee\u021bi va trezi interesul. Aranjeaz\u0103 piesele din puzzle adul\u021bi 1000 piese Egiptul Antic Tutankhamon \u0219i Ankhesenamun \u0219i ob\u021bine un tablou fabulos care te poart\u0103 \u00een lumea fascinant\u0103 a faraonilor egipteni.<\/span><\/span><\/p>\n<p><span style=\"font-size: 14px;\"><span style=\"font-weight: 400;\">Puzzle adul\u021bi 1000 Piese Egiptul Antic &#8211; <\/span><span style=\"font-weight: 400;\">Tutankhamon \u0219i Ankhesenamun \u00eenf\u0103\u021bi\u0219eaz\u0103 un fragment de pe spatele Tronului de aur al lui Tutankhamon, un tezaur pre\u021bios descoperit \u00een 1922, de c\u0103tre Howard Carter.\u00a0<\/span><\/span><\/p>\n<p><span style=\"font-size: 14px;\"><span style=\"font-weight: 400;\">Tezaurul din anticamera morm\u00e2ntului faraonului este cel mai valoros dintre tronurile care dateaz\u0103 din Egiptul Antic\u0103. <\/span><span style=\"font-weight: 400;\">Iconografia de pe spatele tronului prezint\u0103 faraonul \u0219i so\u021bia sa sub razele protectoare ale soarelui, ca simbol al zeului Aton. Imaginea expune iubirea faraonului fa\u021b\u0103 de so\u021bia sa, rela\u021bia lor apropiat\u0103 \u0219i convingerea lor religioas\u0103.\u00a0<\/span><\/span><\/p>\n<p><span style=\"font-weight: 400; font-size: 14px;\">Din acest uimitor puzzle 1000 piese vei ob\u021bine o imagine sclipitoare care \u00ee\u021bi va \u00eenc\u00e2nta privirea \u0219i te va duce cu g\u00e2ndul \u00eenapoi \u00een timp, \u00een vremurile \u00eendep\u0103rtate ale Egiptului Antic. Pentru suportul pieselor, po\u021bi utiliza o m\u0103su\u021b\u0103 standard de cafea.<\/span><\/p>\n<p><span style=\"font-size: 14px;\"><strong>De ce s\u0103 alegi puzzle 1000 piese <\/strong><strong>Piese Egiptul Antic &#8211; <\/strong><strong>Tutankhamon \u0219i Ankhesenamun?<\/strong><\/span><\/p>\n<p><span style=\"font-weight: 400; font-size: 14px;\">Vei ob\u021bine o imagine cu dimensiunile de 50 x 70 cm care va ar\u0103ta uimitor \u00een ram\u0103 \u0219i \u00ee\u021bi va \u00eenfrumuse\u021ba locuin\u021ba.<\/span><\/p>\n<p><span style=\"font-weight: 400; font-size: 14px;\">Este fabricat din carton albastru de \u00eenalt\u0103 calitate, cu grosime de 2 mm, ceea ce \u00eei acord\u0103 rezisten\u021b\u0103 \u00eendelungat\u0103.\u00a0<\/span><\/p>\n<p><span style=\"font-weight: 400; font-size: 14px;\">Are finisaje semi-lucioase \u0219i culori vii, iar imaginea asamblat\u0103 este un tablou veritabil.<\/span><\/p>\n<p><span style=\"font-weight: 400; font-size: 14px;\">Piesele de puzzle se \u00eembin\u0103 perfect datorit\u0103 t\u0103ierii realizate cu mare precizitate.<\/span><\/p>\n<p><span style=\"font-weight: 400; font-size: 14px;\">Este produs din materiale sustenabile, reciclabile. Astfel, protej\u0103m natura \u0219i avem grij\u0103 de mediul \u00eenconjur\u0103tor.<\/span><\/p>\n<p><span style=\"font-weight: 400; font-size: 14px;\">Este potrivit persoanelor cu v\u00e2rsta 14+ \u0219i \u00eei po\u021bi implica pe copiii t\u0103i adolescen\u021bi \u00een aceast\u0103 activitatea relaxant\u0103.<\/span><\/p>\n<p><strong><span style=\"font-size: 14px;\">Jocurile puzzle au avantaje uimitoare de care te po\u021bi bucura zi de zi:<\/span><\/strong><\/p>\n<ul>\n<li><span style=\"font-weight: 400; font-size: 14px;\">Te ajut\u0103 s\u0103\u00a0 te relaxezi \u0219i s\u0103 te deconectezi de la grijile cotidiene.<\/span><\/li>\n<li><span style=\"font-weight: 400; font-size: 14px;\">Sunt un prilej de socializare cu familia sau cu prietenii<\/span><\/li>\n<li><span style=\"font-weight: 400; font-size: 14px;\">\u00ce\u021bi sporesc aten\u021bia la detalii \u0219i capacitatea de concentrare<\/span><\/li>\n<li><span style=\"font-weight: 400; font-size: 14px;\">Te antreneaz\u0103 s\u0103 devii perseverent \u00een tot ceea ce faci.<\/span><\/li>\n<li><span style=\"font-weight: 400; font-size: 14px;\">\u00ce\u021bi dau o stare de bine \u0219i de optimism.<\/span><\/li>\n<\/ul>\n<p><span style=\"font-size: 14px;\"><strong>Despre Tezaurul lui Tutankhamon \u0219tiai c\u0103?<\/strong><\/span><\/p>\n<p><span style=\"font-weight: 400; font-size: 14px;\">Este plin de&#8230; aur, con\u021bine mai exact piese care c\u00e2nt\u0103resc aproximativ 110 kg de aur masiv.<\/span><\/p>\n<p><span style=\"font-weight: 400; font-size: 14px;\">Piesa de rezisten\u021b\u0103 din acest tezaur este o masc\u0103 funerar\u0103 din aur masiv cu greutatea de 10 kg.<\/span><\/p>\n<p><span style=\"font-size: 14px;\"><span style=\"font-weight: 400;\">Unii cred \u00een<\/span><em><span style=\"font-weight: 400;\"> Blestemul faraonului <\/span><\/em><span style=\"font-weight: 400;\">alimentat de moartea misterioas\u0103 a lordului Carnarvon care a finan\u021bat lucr\u0103rile pentru descoperirea tezaurului, dar \u0219i a lui Howard Carter, cel care a scos la iveal\u0103 morm\u00e2ntul faraonului.<\/span><\/span><\/p>\n<p><span style=\"font-size: 14px;\"><span style=\"font-weight: 400;\">Tutankhamon<\/span> <span style=\"font-weight: 400;\">a devenit faraon la doar 9 ani \u0219i a murit la 19 ani.<\/span><\/span><\/p>\n<p><span style=\"font-size: 14px;\"><span style=\"font-weight: 400;\">A fost c\u0103s\u0103torit cu sora lui vitreg\u0103, <\/span><span style=\"font-weight: 400;\">Ankhesenamun.<\/span><\/span><\/p>\n<p><span style=\"font-size: 14px;\"><strong>Jocurile puzzle \u00ee\u021bi st\u00e2rnesc pofta de cunoa\u0219tere<\/strong><\/span><\/p>\n<p><span style=\"font-weight: 400; font-size: 14px;\">S\u0103 refaci un puzzle 1000 piese cu Egiptul antic este o provocare nu doar pentru abilit\u0103\u021bile de asamblare, ci \u0219i pentru mintea dornic\u0103 de cunoa\u0219tere. C\u00e2nd \u00eenaintea ta \u021bi le dezv\u0103luie o scen\u0103 sclipitoare \u00eenf\u0103\u021bi\u0219\u00e2nd o imagine cu o parte din cel mai valoros tezaur al Egiptului Antic, \u00ee\u021bi dore\u0219ti s\u0103 descoperi c\u00e2t mai mult din misterele acestei civiliza\u021bii \u00eendep\u0103rtate.<\/span><\/p>\n<p><span style=\"font-weight: 400; font-size: 14px;\">Jocurile puzzle \u00ee\u021bi dezvolt\u0103 \u0219i multe abilit\u0103\u021bi precum:<\/span><\/p>\n<ul>\n<li><span style=\"font-weight: 400; font-size: 14px;\">Capacitatea de rezolvare a problemelor<\/span><\/li>\n<li><span style=\"font-weight: 400; font-size: 14px;\">Memoria<\/span><\/li>\n<li><span style=\"font-weight: 400; font-size: 14px;\">G\u00e2ndirea logic\u0103<\/span><\/li>\n<li><span style=\"font-weight: 400; font-size: 14px;\">Imagina\u021bia.<\/span><\/li>\n<\/ul>\n<p><span style=\"font-size: 14px;\"><span style=\"font-weight: 400;\">Alege puzzle 1000 piese Egiptul Antic &#8211; <\/span><span style=\"font-weight: 400;\">Tutankhamon \u0219i Ankhesenamun pentru momentele monotone \u00een care vremea rea te \u021bine \u00een cas\u0103. Combin\u0103 piesele din puzzle 1000 piese \u0219i ob\u021bine o imagine fascinant\u0103 numai bun\u0103 de pus \u00een ram\u0103.<\/span><\/span><\/p>\n<p><span style=\"font-size: 14px;\"><span style=\"font-weight: 400;\">E\u0219ti \u00een c\u0103utarea cadoului perfect? Puzzle 1000 piese <\/span><span style=\"font-weight: 400;\">Egiptul Antic &#8211; <\/span><span style=\"font-weight: 400;\">Tutankhamon \u0219i Ankhesenamun din colec\u021bia de puzzle adul\u021bi este alegerea ideal\u0103.<\/span><\/span><\/p>\n","protected":false},"excerpt":{"rendered":"<p>Te fascineaz\u0103 civiliza\u021biile antice? Cu siguran\u021b\u0103 o imagine cu un fragment reprezentativ al celui mai valoros tezaur egiptean \u00ee\u021bi va<\/p>\n","protected":false},"featured_media":15368,"template":"","meta":[],"product_brand":[],"product_cat":[1454,1488,1560],"product_tag":[],"class_list":{"0":"post-15372","1":"product","2":"type-product","3":"status-publish","4":"has-post-thumbnail","6":"product_cat-puzzle","7":"product_cat-puzzle-adulti","8":"product_cat-puzzle-adulti-1000","9":"pa_bax-1273","10":"pa_brand-d_toys","11":"pa_country_of_manufacture-ro","12":"pa_filter_age-1315","13":"pa_painter-ancientegypt","14":"pa_tip_ambalaj-cutie","15":"pa_tip_puzzle-clasic","17":"first","18":"instock","19":"taxable","20":"shipping-taxable","21":"product-type-simple"},"yoast_head":"<!-- This site is optimized with the Yoast SEO plugin v20.1 - https:\/\/yoast.com\/wordpress\/plugins\/seo\/ -->\n<title>Puzzle adul\u021bi 1000 Piese - Egiptul Antic Tutankhamon \u0219i Ankhesenamun - Roovi B2B<\/title>\n<meta name=\"robots\" content=\"index, follow, max-snippet:-1, max-image-preview:large, max-video-preview:-1\" \/>\n<link rel=\"canonical\" href=\"https:\/\/www.roovi.ro\/puzzle-adulti-1000-piese-egiptul-antic-tutankhamon-si-ankhesenamun\/p\/\" \/>\n<meta property=\"og:locale\" content=\"ro_RO\" \/>\n<meta property=\"og:type\" content=\"article\" \/>\n<meta property=\"og:title\" content=\"Puzzle adul\u021bi 1000 Piese - Egiptul Antic Tutankhamon \u0219i Ankhesenamun - Roovi B2B\" \/>\n<meta property=\"og:description\" content=\"Te fascineaz\u0103 civiliza\u021biile antice? Cu siguran\u021b\u0103 o imagine cu un fragment reprezentativ al celui mai valoros tezaur egiptean \u00ee\u021bi va\" \/>\n<meta property=\"og:url\" content=\"https:\/\/www.roovi.ro\/puzzle-adulti-1000-piese-egiptul-antic-tutankhamon-si-ankhesenamun\/p\/\" \/>\n<meta property=\"og:site_name\" content=\"Roovi B2B\" \/>\n<meta property=\"article:publisher\" content=\"https:\/\/www.facebook.com\/wwwjucariero\" \/>\n<meta property=\"article:modified_time\" content=\"2025-03-17T07:27:47+00:00\" \/>\n<meta property=\"og:image\" content=\"https:\/\/business.roovi.com\/wp-content\/uploads\/2018\/04\/65971_01.jpg\" \/>\n\t<meta property=\"og:image:width\" content=\"1200\" \/>\n\t<meta property=\"og:image:height\" content=\"1200\" \/>\n\t<meta property=\"og:image:type\" content=\"image\/jpeg\" \/>\n<meta name=\"twitter:label1\" content=\"Timp estimat pentru citire\" \/>\n\t<meta name=\"twitter:data1\" content=\"3 minute\" \/>\n<script type=\"application\/ld+json\" class=\"yoast-schema-graph\">{\"@context\":\"https:\/\/schema.org\",\"@graph\":[{\"@type\":\"WebPage\",\"@id\":\"https:\/\/business.roovi.com\/ro\/puzzle-adulti-1000-piese-egiptul-antic-tutankhamon-si-ankhesenamun\/p\/\",\"url\":\"https:\/\/www.roovi.ro\/puzzle-adulti-1000-piese-egiptul-antic-tutankhamon-si-ankhesenamun\/p\/\",\"name\":\"Puzzle adul\u021bi 1000 Piese - Egiptul Antic Tutankhamon \u0219i Ankhesenamun - Roovi B2B\",\"isPartOf\":{\"@id\":\"https:\/\/business.roovi.com\/ro\/#website\"},\"datePublished\":\"2018-04-16T10:56:16+00:00\",\"dateModified\":\"2025-03-17T07:27:47+00:00\",\"breadcrumb\":{\"@id\":\"https:\/\/www.roovi.ro\/puzzle-adulti-1000-piese-egiptul-antic-tutankhamon-si-ankhesenamun\/p\/#breadcrumb\"},\"inLanguage\":\"ro-RO\",\"potentialAction\":[{\"@type\":\"ReadAction\",\"target\":[\"https:\/\/www.roovi.ro\/puzzle-adulti-1000-piese-egiptul-antic-tutankhamon-si-ankhesenamun\/p\/\"]}]},{\"@type\":\"BreadcrumbList\",\"@id\":\"https:\/\/www.roovi.ro\/puzzle-adulti-1000-piese-egiptul-antic-tutankhamon-si-ankhesenamun\/p\/#breadcrumb\",\"itemListElement\":[{\"@type\":\"ListItem\",\"position\":1,\"name\":\"Home\",\"item\":\"https:\/\/business.roovi.com\/ro\/\"},{\"@type\":\"ListItem\",\"position\":2,\"name\":\"Magazin\",\"item\":\"https:\/\/business.roovi.com\/ro\/magazin\/\"},{\"@type\":\"ListItem\",\"position\":3,\"name\":\"Puzzle adul\u021bi 1000 Piese &#8211; Egiptul Antic Tutankhamon \u0219i Ankhesenamun\"}]},{\"@type\":\"WebSite\",\"@id\":\"https:\/\/business.roovi.com\/ro\/#website\",\"url\":\"https:\/\/business.roovi.com\/ro\/\",\"name\":\"Roovi B2B\",\"description\":\"Roovi Business Website\",\"potentialAction\":[{\"@type\":\"SearchAction\",\"target\":{\"@type\":\"EntryPoint\",\"urlTemplate\":\"https:\/\/business.roovi.com\/ro\/?s={search_term_string}\"},\"query-input\":\"required name=search_term_string\"}],\"inLanguage\":\"ro-RO\"}]}<\/script>\n<!-- \/ Yoast SEO plugin. -->","yoast_head_json":{"title":"Puzzle adul\u021bi 1000 Piese - Egiptul Antic Tutankhamon \u0219i Ankhesenamun - Roovi B2B","robots":{"index":"index","follow":"follow","max-snippet":"max-snippet:-1","max-image-preview":"max-image-preview:large","max-video-preview":"max-video-preview:-1"},"canonical":"https:\/\/www.roovi.ro\/puzzle-adulti-1000-piese-egiptul-antic-tutankhamon-si-ankhesenamun\/p\/","og_locale":"ro_RO","og_type":"article","og_title":"Puzzle adul\u021bi 1000 Piese - Egiptul Antic Tutankhamon \u0219i Ankhesenamun - Roovi B2B","og_description":"Te fascineaz\u0103 civiliza\u021biile antice? Cu siguran\u021b\u0103 o imagine cu un fragment reprezentativ al celui mai valoros tezaur egiptean \u00ee\u021bi va","og_url":"https:\/\/www.roovi.ro\/puzzle-adulti-1000-piese-egiptul-antic-tutankhamon-si-ankhesenamun\/p\/","og_site_name":"Roovi B2B","article_publisher":"https:\/\/www.facebook.com\/wwwjucariero","article_modified_time":"2025-03-17T07:27:47+00:00","og_image":[{"width":1200,"height":1200,"url":"https:\/\/business.roovi.com\/wp-content\/uploads\/2018\/04\/65971_01.jpg","type":"image\/jpeg"}],"twitter_misc":{"Timp estimat pentru citire":"3 minute"},"schema":{"@context":"https:\/\/schema.org","@graph":[{"@type":"WebPage","@id":"https:\/\/business.roovi.com\/ro\/puzzle-adulti-1000-piese-egiptul-antic-tutankhamon-si-ankhesenamun\/p\/","url":"https:\/\/www.roovi.ro\/puzzle-adulti-1000-piese-egiptul-antic-tutankhamon-si-ankhesenamun\/p\/","name":"Puzzle adul\u021bi 1000 Piese - Egiptul Antic Tutankhamon \u0219i Ankhesenamun - Roovi B2B","isPartOf":{"@id":"https:\/\/business.roovi.com\/ro\/#website"},"datePublished":"2018-04-16T10:56:16+00:00","dateModified":"2025-03-17T07:27:47+00:00","breadcrumb":{"@id":"https:\/\/www.roovi.ro\/puzzle-adulti-1000-piese-egiptul-antic-tutankhamon-si-ankhesenamun\/p\/#breadcrumb"},"inLanguage":"ro-RO","potentialAction":[{"@type":"ReadAction","target":["https:\/\/www.roovi.ro\/puzzle-adulti-1000-piese-egiptul-antic-tutankhamon-si-ankhesenamun\/p\/"]}]},{"@type":"BreadcrumbList","@id":"https:\/\/www.roovi.ro\/puzzle-adulti-1000-piese-egiptul-antic-tutankhamon-si-ankhesenamun\/p\/#breadcrumb","itemListElement":[{"@type":"ListItem","position":1,"name":"Home","item":"https:\/\/business.roovi.com\/ro\/"},{"@type":"ListItem","position":2,"name":"Magazin","item":"https:\/\/business.roovi.com\/ro\/magazin\/"},{"@type":"ListItem","position":3,"name":"Puzzle adul\u021bi 1000 Piese &#8211; Egiptul Antic Tutankhamon \u0219i Ankhesenamun"}]},{"@type":"WebSite","@id":"https:\/\/business.roovi.com\/ro\/#website","url":"https:\/\/business.roovi.com\/ro\/","name":"Roovi B2B","description":"Roovi Business Website","potentialAction":[{"@type":"SearchAction","target":{"@type":"EntryPoint","urlTemplate":"https:\/\/business.roovi.com\/ro\/?s={search_term_string}"},"query-input":"required name=search_term_string"}],"inLanguage":"ro-RO"}]}},"_links":{"self":[{"href":"https:\/\/business.roovi.com\/ro\/wp-json\/wp\/v2\/product\/15372","targetHints":{"allow":["GET"]}}],"collection":[{"href":"https:\/\/business.roovi.com\/ro\/wp-json\/wp\/v2\/product"}],"about":[{"href":"https:\/\/business.roovi.com\/ro\/wp-json\/wp\/v2\/types\/product"}],"version-history":[{"count":0,"href":"https:\/\/business.roovi.com\/ro\/wp-json\/wp\/v2\/product\/15372\/revisions"}],"wp:featuredmedia":[{"embeddable":true,"href":"https:\/\/business.roovi.com\/ro\/wp-json\/wp\/v2\/media\/15368"}],"wp:attachment":[{"href":"https:\/\/business.roovi.com\/ro\/wp-json\/wp\/v2\/media?parent=15372"}],"wp:term":[{"taxonomy":"product_brand","embeddable":true,"href":"https:\/\/business.roovi.com\/ro\/wp-json\/wp\/v2\/product_brand?post=15372"},{"taxonomy":"product_cat","embeddable":true,"href":"https:\/\/business.roovi.com\/ro\/wp-json\/wp\/v2\/product_cat?post=15372"},{"taxonomy":"product_tag","embeddable":true,"href":"https:\/\/business.roovi.com\/ro\/wp-json\/wp\/v2\/product_tag?post=15372"}],"curies":[{"name":"wp","href":"https:\/\/api.w.org\/{rel}","templated":true}]}}