{"id":15375,"date":"2018-04-16T10:56:16","date_gmt":"2018-04-16T10:56:16","guid":{"rendered":"https:\/\/business.roovi.com\/product\/puzzle-cai-1000-piese-1\/"},"modified":"2025-03-18T10:26:03","modified_gmt":"2025-03-18T10:26:03","slug":"puzzle-adulti-1000-piese-cal-alb","status":"publish","type":"product","link":"https:\/\/business.roovi.com\/ro\/puzzle-adulti-1000-piese-cal-alb\/p\/","title":{"rendered":"Puzzle adul\u021bi 1000 piese Cal alb"},"content":{"rendered":"<p><strong><em>Dac\u0103 iube\u0219ti deopotriv\u0103 jocurile puzzle \u0219i natura, te vei bucura s\u0103 refaci din 1000 piese aceast\u0103 imagine superb\u0103 cu un cal alb ce zburd\u0103 liber \u00een natur\u0103.<\/em><\/strong><\/p>\n<p><span style=\"font-weight: 400;\">Animal nobil, simbol al gra\u021biei \u0219i curajului, calul este unul dintre cele mai inteligente animale care \u00eei ofer\u0103 omului loialitate \u0219i prietenie necondi\u021bionat\u0103. Dac\u0103 e\u0219ti fascinat de acest animal minunat vei aprecia \u0219i mai mult calitatea deosebit\u0103 a imagini din puzzle 1000 piese &#8211; Cal alb.<\/span><\/p>\n<p><span style=\"font-weight: 400;\">Activitatea de asamblare poate fi mai interactiv\u0103 \u0219i amuzant\u0103 \u00een compania celor dragi. Antreneaz\u0103 \u0219i copiii \u00een jocul puzzle, vor fi \u00eenc\u00e2nta\u021bi s\u0103 caute printre sutele de piese detaliile potrivite \u0219i s\u0103 \u00eentregeasc\u0103 imaginea al\u0103turi de tine.<\/span><\/p>\n<p><span style=\"font-weight: 400;\">La final, pute\u021bi celebra munca depus\u0103 \u00een echip\u0103 pun\u00e2nd tabloul \u00een ram\u0103. Va fi un obiect decorativ apreciat de toat\u0103 lumea \u0219i o amintire drag\u0103 a timpului petrecut \u00eempreun\u0103.<\/span><\/p>\n<p><strong>De ce s\u0103 alegi puzzle 1000 piese &#8211; Cal alb?<\/strong><\/p>\n<p><span style=\"font-weight: 400;\">Este o modalitate pl\u0103cut\u0103 \u0219i creativ\u0103 de a petrece timpul liber.<\/span><\/p>\n<p><span style=\"font-weight: 400;\">Ob\u021bii un tablou cu dimensiunile de 68 x 47 cm care se transform\u0103 \u00eentr-o pies\u0103 decorativ\u0103 deosebit\u0103.<\/span><\/p>\n<p><span style=\"font-weight: 400;\">Piesele sunt realizate din carton albastru de calitate superioar\u0103, cu grosimea de 2 mm, astfel c\u0103 po\u021bi reface imaginea de multe ori f\u0103r\u0103 ca acestea s\u0103 se deterioreze.<\/span><\/p>\n<p><span style=\"font-weight: 400;\">Este\u00a0 prietenos cu mediul fiind produs din materiale reciclabile \u0219i sustenabile.<\/span><\/p>\n<p><span style=\"font-weight: 400;\">Finisajul este semi-lucios, \u00een culori pl\u0103cute ce scot \u00een eviden\u021b\u0103 claritatea imaginii.<\/span><\/p>\n<p><span style=\"font-weight: 400;\">Este potrivit celor peste 14 ani, prilej de a petrece timpul liber \u00eempreun\u0103 cu adolescen\u021bii.<\/span><\/p>\n<p><span style=\"font-weight: 400;\">Activitatea de asamblare a jocurilor puzzle \u00ee\u021bi dezvolt\u0103 multiple abilit\u0103\u021bi care te ajut\u0103 \u00een activit\u0103\u021bile curente:<\/span><\/p>\n<ul>\n<li><span style=\"font-weight: 400;\">\u00ce\u021bi cultiv\u0103 r\u0103bdarea \u0219i tr\u0103ie\u0219ti o experien\u021b\u0103 de succes.<\/span><\/li>\n<li><span style=\"font-weight: 400;\">\u00ce\u021bi dezvolt\u0103 creativitatea \u0219i curiozitatea &#8211; e\u0219ti ca un adev\u0103rat detectiv \u00een c\u0103utarea indiciilor care \u00eel ajut\u0103 s\u0103 rezolve un caz dificil.<\/span><\/li>\n<li><span style=\"font-weight: 400;\">\u00ce\u021bi dezvolt\u0103 g\u00e2ndirea logic\u0103 prin asocierea pieselor care se aseam\u0103n\u0103.<\/span><\/li>\n<li><span style=\"font-weight: 400;\">Te \u00eenva\u021b\u0103 s\u0103 nu renun\u021bi chiar \u0219i atunci c\u00e2nd totul pare c\u0103 nu are nicio rezolvare.<\/span><\/li>\n<li><span style=\"font-weight: 400;\">Este un exerci\u021biu minunat pentru creier, implic\u0103 ambele emisfere cerebrale \u0219i \u00ee\u021bi dezvolt\u0103 at\u00e2t imagina\u021bia, c\u00e2t \u0219i memoria.<\/span><\/li>\n<\/ul>\n<p><strong>\u0218tiai c\u0103\u2026?<\/strong><\/p>\n<p><span style=\"font-weight: 400;\">Cel mai vechi str\u0103mo\u0219 al calului a tr\u0103it acum mai bine de 50 de milioane de ani.<\/span><\/p>\n<p><span style=\"font-weight: 400;\">Domesticirea cailor s-a realizat acum aproximativ 6000 de ani.\u00a0<\/span><\/p>\n<p><span style=\"font-weight: 400;\">Caii au 10 tipuri de mu\u0219chi la nivelul urechilor de aceea le pot roti la 180 de grade.<\/span><\/p>\n<p><span style=\"font-weight: 400;\">Au un c\u00e2mp vizual foarte larg, de 360 de grade.<\/span><\/p>\n<p><span style=\"font-weight: 400;\">Caii nu pot respira pe gur\u0103, ci doar pe nas.<\/span><\/p>\n<p><span style=\"font-weight: 400;\">Un m\u00e2nz este capabil s\u0103 alerge la c\u00e2teva ore dup\u0103 ce s-a n\u0103scut.\u00a0<\/span><\/p>\n<p><strong>Puzzle 1000 piese Cal alb &#8211; libertate infinit\u0103 de crea\u021bie<\/strong><\/p>\n<p><span style=\"font-weight: 400;\">Imaginea calului alb din puzzle 1000 piese \u00ee\u021bi induce senza\u021bia de libertate. De aceea, s\u0103 refaci tabloul este un moment de relaxare \u0219i un prilej s\u0103 te \u00eencarci cu mult\u0103 energie pozitiv\u0103.\u00a0<\/span><\/p>\n<p><span style=\"font-weight: 400;\">Te bucuri de momentul prezent, \u00ee\u021bi cure\u021bi mintea de g\u00e2ndurile negative \u0219i tr\u0103ie\u0219ti o experien\u021b\u0103 creativ\u0103 uimitoare. Este momentul t\u0103u cu tine \u00eensu\u021bi. Tr\u0103ie\u0219te-l din plin \u0219i conecteaz\u0103-te la energia minunat\u0103 pe care \u021bi-o inspir\u0103 un joc puzzle de excep\u021bie.<\/span><\/p>\n<p><span style=\"font-weight: 400;\">Puzzle 1000 piese &#8211; Cal alb este un joc puzzle fascinant pe care \u00eel po\u021bi \u021bine \u00een cas\u0103 pentru a experimenta momente de relaxare \u0219i deta\u0219are singur sau \u00eempreun\u0103 cu cei dragi. De asemenea, poate fi un cadou minunat dac\u0103 vrei s\u0103 surprinzi pl\u0103cut un pasionat de puzzle adul\u021bi.<\/span><\/p>\n","protected":false},"excerpt":{"rendered":"<p>Dac\u0103 iube\u0219ti deopotriv\u0103 jocurile puzzle \u0219i natura, te vei bucura s\u0103 refaci din 1000 piese aceast\u0103 imagine superb\u0103 cu un<\/p>\n","protected":false},"featured_media":59544,"template":"","meta":[],"product_brand":[],"product_cat":[1454,1488,1560],"product_tag":[],"class_list":{"0":"post-15375","1":"product","2":"type-product","3":"status-publish","4":"has-post-thumbnail","6":"product_cat-puzzle","7":"product_cat-puzzle-adulti","8":"product_cat-puzzle-adulti-1000","9":"pa_bax-1273","10":"pa_brand-d_toys","11":"pa_country_of_manufacture-ro","12":"pa_filter_age-1315","13":"pa_painter-horses","14":"pa_tip_ambalaj-cutie","15":"pa_tip_puzzle-clasic","17":"first","18":"instock","19":"taxable","20":"shipping-taxable","21":"product-type-simple"},"yoast_head":"<!-- This site is optimized with the Yoast SEO plugin v20.1 - https:\/\/yoast.com\/wordpress\/plugins\/seo\/ -->\n<title>Puzzle adul\u021bi 1000 piese Cal alb - Roovi B2B<\/title>\n<meta name=\"robots\" content=\"index, follow, max-snippet:-1, max-image-preview:large, max-video-preview:-1\" \/>\n<link rel=\"canonical\" href=\"https:\/\/www.roovi.ro\/puzzle-adulti-1000-piese-cal-alb\/p\/\" \/>\n<meta property=\"og:locale\" content=\"ro_RO\" \/>\n<meta property=\"og:type\" content=\"article\" \/>\n<meta property=\"og:title\" content=\"Puzzle adul\u021bi 1000 piese Cal alb - Roovi B2B\" \/>\n<meta property=\"og:description\" content=\"Dac\u0103 iube\u0219ti deopotriv\u0103 jocurile puzzle \u0219i natura, te vei bucura s\u0103 refaci din 1000 piese aceast\u0103 imagine superb\u0103 cu un\" \/>\n<meta property=\"og:url\" content=\"https:\/\/www.roovi.ro\/puzzle-adulti-1000-piese-cal-alb\/p\/\" \/>\n<meta property=\"og:site_name\" content=\"Roovi B2B\" \/>\n<meta property=\"article:publisher\" content=\"https:\/\/www.facebook.com\/wwwjucariero\" \/>\n<meta property=\"article:modified_time\" content=\"2025-03-18T10:26:03+00:00\" \/>\n<meta property=\"og:image\" content=\"https:\/\/business.roovi.com\/wp-content\/uploads\/2018\/04\/65988-01-Ansamblu_dimensiuni-cutie-cm_vertical-2.png\" \/>\n\t<meta property=\"og:image:width\" content=\"1200\" \/>\n\t<meta property=\"og:image:height\" content=\"1200\" \/>\n\t<meta property=\"og:image:type\" content=\"image\/png\" \/>\n<meta name=\"twitter:label1\" content=\"Timp estimat pentru citire\" \/>\n\t<meta name=\"twitter:data1\" content=\"3 minute\" \/>\n<script type=\"application\/ld+json\" class=\"yoast-schema-graph\">{\"@context\":\"https:\/\/schema.org\",\"@graph\":[{\"@type\":\"WebPage\",\"@id\":\"https:\/\/business.roovi.com\/ro\/puzzle-adulti-1000-piese-cal-alb\/p\/\",\"url\":\"https:\/\/www.roovi.ro\/puzzle-adulti-1000-piese-cal-alb\/p\/\",\"name\":\"Puzzle adul\u021bi 1000 piese Cal alb - Roovi B2B\",\"isPartOf\":{\"@id\":\"https:\/\/business.roovi.com\/ro\/#website\"},\"datePublished\":\"2018-04-16T10:56:16+00:00\",\"dateModified\":\"2025-03-18T10:26:03+00:00\",\"breadcrumb\":{\"@id\":\"https:\/\/www.roovi.ro\/puzzle-adulti-1000-piese-cal-alb\/p\/#breadcrumb\"},\"inLanguage\":\"ro-RO\",\"potentialAction\":[{\"@type\":\"ReadAction\",\"target\":[\"https:\/\/www.roovi.ro\/puzzle-adulti-1000-piese-cal-alb\/p\/\"]}]},{\"@type\":\"BreadcrumbList\",\"@id\":\"https:\/\/www.roovi.ro\/puzzle-adulti-1000-piese-cal-alb\/p\/#breadcrumb\",\"itemListElement\":[{\"@type\":\"ListItem\",\"position\":1,\"name\":\"Home\",\"item\":\"https:\/\/business.roovi.com\/ro\/\"},{\"@type\":\"ListItem\",\"position\":2,\"name\":\"Magazin\",\"item\":\"https:\/\/business.roovi.com\/ro\/magazin\/\"},{\"@type\":\"ListItem\",\"position\":3,\"name\":\"Puzzle adul\u021bi 1000 piese Cal alb\"}]},{\"@type\":\"WebSite\",\"@id\":\"https:\/\/business.roovi.com\/ro\/#website\",\"url\":\"https:\/\/business.roovi.com\/ro\/\",\"name\":\"Roovi B2B\",\"description\":\"Roovi Business Website\",\"potentialAction\":[{\"@type\":\"SearchAction\",\"target\":{\"@type\":\"EntryPoint\",\"urlTemplate\":\"https:\/\/business.roovi.com\/ro\/?s={search_term_string}\"},\"query-input\":\"required name=search_term_string\"}],\"inLanguage\":\"ro-RO\"}]}<\/script>\n<!-- \/ Yoast SEO plugin. -->","yoast_head_json":{"title":"Puzzle adul\u021bi 1000 piese Cal alb - Roovi B2B","robots":{"index":"index","follow":"follow","max-snippet":"max-snippet:-1","max-image-preview":"max-image-preview:large","max-video-preview":"max-video-preview:-1"},"canonical":"https:\/\/www.roovi.ro\/puzzle-adulti-1000-piese-cal-alb\/p\/","og_locale":"ro_RO","og_type":"article","og_title":"Puzzle adul\u021bi 1000 piese Cal alb - Roovi B2B","og_description":"Dac\u0103 iube\u0219ti deopotriv\u0103 jocurile puzzle \u0219i natura, te vei bucura s\u0103 refaci din 1000 piese aceast\u0103 imagine superb\u0103 cu un","og_url":"https:\/\/www.roovi.ro\/puzzle-adulti-1000-piese-cal-alb\/p\/","og_site_name":"Roovi B2B","article_publisher":"https:\/\/www.facebook.com\/wwwjucariero","article_modified_time":"2025-03-18T10:26:03+00:00","og_image":[{"width":1200,"height":1200,"url":"https:\/\/business.roovi.com\/wp-content\/uploads\/2018\/04\/65988-01-Ansamblu_dimensiuni-cutie-cm_vertical-2.png","type":"image\/png"}],"twitter_misc":{"Timp estimat pentru citire":"3 minute"},"schema":{"@context":"https:\/\/schema.org","@graph":[{"@type":"WebPage","@id":"https:\/\/business.roovi.com\/ro\/puzzle-adulti-1000-piese-cal-alb\/p\/","url":"https:\/\/www.roovi.ro\/puzzle-adulti-1000-piese-cal-alb\/p\/","name":"Puzzle adul\u021bi 1000 piese Cal alb - Roovi B2B","isPartOf":{"@id":"https:\/\/business.roovi.com\/ro\/#website"},"datePublished":"2018-04-16T10:56:16+00:00","dateModified":"2025-03-18T10:26:03+00:00","breadcrumb":{"@id":"https:\/\/www.roovi.ro\/puzzle-adulti-1000-piese-cal-alb\/p\/#breadcrumb"},"inLanguage":"ro-RO","potentialAction":[{"@type":"ReadAction","target":["https:\/\/www.roovi.ro\/puzzle-adulti-1000-piese-cal-alb\/p\/"]}]},{"@type":"BreadcrumbList","@id":"https:\/\/www.roovi.ro\/puzzle-adulti-1000-piese-cal-alb\/p\/#breadcrumb","itemListElement":[{"@type":"ListItem","position":1,"name":"Home","item":"https:\/\/business.roovi.com\/ro\/"},{"@type":"ListItem","position":2,"name":"Magazin","item":"https:\/\/business.roovi.com\/ro\/magazin\/"},{"@type":"ListItem","position":3,"name":"Puzzle adul\u021bi 1000 piese Cal alb"}]},{"@type":"WebSite","@id":"https:\/\/business.roovi.com\/ro\/#website","url":"https:\/\/business.roovi.com\/ro\/","name":"Roovi B2B","description":"Roovi Business Website","potentialAction":[{"@type":"SearchAction","target":{"@type":"EntryPoint","urlTemplate":"https:\/\/business.roovi.com\/ro\/?s={search_term_string}"},"query-input":"required name=search_term_string"}],"inLanguage":"ro-RO"}]}},"_links":{"self":[{"href":"https:\/\/business.roovi.com\/ro\/wp-json\/wp\/v2\/product\/15375","targetHints":{"allow":["GET"]}}],"collection":[{"href":"https:\/\/business.roovi.com\/ro\/wp-json\/wp\/v2\/product"}],"about":[{"href":"https:\/\/business.roovi.com\/ro\/wp-json\/wp\/v2\/types\/product"}],"version-history":[{"count":0,"href":"https:\/\/business.roovi.com\/ro\/wp-json\/wp\/v2\/product\/15375\/revisions"}],"wp:featuredmedia":[{"embeddable":true,"href":"https:\/\/business.roovi.com\/ro\/wp-json\/wp\/v2\/media\/59544"}],"wp:attachment":[{"href":"https:\/\/business.roovi.com\/ro\/wp-json\/wp\/v2\/media?parent=15375"}],"wp:term":[{"taxonomy":"product_brand","embeddable":true,"href":"https:\/\/business.roovi.com\/ro\/wp-json\/wp\/v2\/product_brand?post=15375"},{"taxonomy":"product_cat","embeddable":true,"href":"https:\/\/business.roovi.com\/ro\/wp-json\/wp\/v2\/product_cat?post=15375"},{"taxonomy":"product_tag","embeddable":true,"href":"https:\/\/business.roovi.com\/ro\/wp-json\/wp\/v2\/product_tag?post=15375"}],"curies":[{"name":"wp","href":"https:\/\/api.w.org\/{rel}","templated":true}]}}