{"id":15410,"date":"2018-04-16T10:56:16","date_gmt":"2018-04-16T10:56:16","guid":{"rendered":"https:\/\/business.roovi.com\/product\/puzzle-imagini-din-romania-manastirea-voronet-1000-piese\/"},"modified":"2023-03-20T21:59:26","modified_gmt":"2023-03-20T21:59:26","slug":"puzzle-1000-piese-imagini-din-romania-manastirea-voronet","status":"publish","type":"product","link":"https:\/\/business.roovi.com\/ro\/puzzle-1000-piese-imagini-din-romania-manastirea-voronet\/p\/","title":{"rendered":"Puzzle 1000 piese &#8211; Imagini din Rom\u00e2nia &#8211; M\u0103n\u0103stirea Vorone\u021b"},"content":{"rendered":"<p><span style=\"font-weight: 400;\">M\u0103n\u0103stirea Vorone\u021b este una dintre imaginile emblematice care ne vin \u00een minte atunci c\u00e2nd vorbim despre Bucovina.<\/span><\/p>\n<p><span style=\"font-weight: 400;\">O splendid\u0103 capodoper\u0103 ce se deosebe\u0219te de toate celelalte m\u0103n\u0103stiri prin culorile impresionante, ob\u021binute prin folosirea pigmen\u021bilor naturali, \u0219i a\u00a0 tehnicilor de pictur\u0103 ce s-au pierdut \u00een negura vremii, tehnici care au f\u0103cut pictura mural\u0103 s\u0103 reziste peste timp, \u00een ciuda condi\u021biilor climaterice nu tocmai prielnice.\u00a0<\/span><\/p>\n<p><span style=\"font-weight: 400;\">M\u0103n\u0103stirea Vorone\u021b se remarc\u0103 \u00eendeosebi datorit\u0103 picturii murale exterioare, ce acoper\u0103 complet peretele, de la temelie p\u00e2n\u0103 la acoperi\u0219, dar mai ales datorit\u0103 nuan\u021bei unice de albastru\u00a0 ce a primit numele de \u201cAlbastru de Vorone\u021b\u201d.<\/span><\/p>\n<p><span style=\"font-weight: 400;\">Te invit\u0103m, astfel, la o c\u0103l\u0103torie imaginar\u0103 prin Bucovina, s\u0103 descoperi detaliile fine pe care pictorii moldoveni le-au ascuns \u00een picturile M\u0103n\u0103stirilor din Moldova \u0219i s\u0103 te bucuri de fiecare pies\u0103 ce re\u00eentrege\u0219te peisajul, prin intermediul unui puzzle de 1000 de piese ce reproduce fidel imagini ale renumitelor ctitorii.<\/span><\/p>\n<h2><span style=\"font-weight: 400;\">De ce s\u0103 alegi un puzzle adul\u021bi 1000 piese Imagini din Rom\u00e2nia<\/span><\/h2>\n<ul>\n<li><span style=\"font-weight: 400;\">Un puzzle este o modalitate relaxant\u0103 de a descoperi frumuse\u021bea \u0219i unicitatea unor obiective turistice apreciate \u00een \u00eentreaga lume.<\/span><\/li>\n<li><span style=\"font-weight: 400;\">La final, vei ob\u021bine un tablou al M\u0103n\u0103stirii Vorone\u021b pe care \u00eel po\u021bi \u00eenr\u0103ma cu u\u0219urin\u021b\u0103.<\/span><\/li>\n<li><span style=\"font-weight: 400;\">Dimensiunea acestui puzzle este de 68 x 47 cm, suficient de mare pentru a deveni o pies\u0103 central\u0103 de decor.<\/span><\/li>\n<li><span style=\"font-weight: 400;\">Piesele sunt realizate din carton rezistent, de foarte bun\u0103 calitate, astfel c\u0103 imaginea poate fi asamblat\u0103 de mai multe ori, f\u0103r\u0103 ca piesele sa fie deteriorate.<\/span><\/li>\n<li><span style=\"font-weight: 400;\">Folosim materiale reciclabile \u0219i sustenabile pentru realizarea fiec\u0103rui puzzle.<\/span><\/li>\n<li><span style=\"font-weight: 400;\">Finisajul pl\u0103cut, semi lucios, eviden\u021biaz\u0103 culorile vii ale imaginii.<\/span><\/li>\n<li><span style=\"font-weight: 400;\">Jocul de puzzle este un antrenament mental pre\u021bios, solicitand ambele emisfere cerebrale, \u00eembun\u0103t\u0103\u021bind astfel memoria.<\/span><\/li>\n<li><span style=\"font-weight: 400;\">Este o form\u0103 pl\u0103cut\u0103 de a antrena \u0219i men\u021bine coordonarea, motricitatea \u0219i dexteritatea, la orice v\u00e2rst\u0103.<\/span><\/li>\n<li><span style=\"font-weight: 400;\">Spore\u0219te aten\u021bia la detalii \u0219i concentrarea.<\/span><\/li>\n<li><span style=\"font-weight: 400;\">Este un joc potrivit de la 14 ani, cu un grad de complexitate mediu.\u00a0<\/span><\/li>\n<\/ul>\n<h2><span style=\"font-weight: 400;\">\u0218tiai c\u0103\u2026<\/span><\/h2>\n<p><span style=\"font-weight: 400;\">Biserica M\u0103n\u0103stirii Vorone\u021b este supranumit\u0103 \u201cCapela Sixtin\u0103 a Estului\u201d datorit\u0103 picturilor sale murale impresionante \u0219i foarte bine conservate \u0219i este un obiectiv turistic inclus \u00een toate itinerariile ce cuprind Bucovina.<\/span><\/p>\n<p><span style=\"font-weight: 400;\">Este una dintre cele mai importante ctitorii ale lui \u0218tefan cel Mare, ridicat\u0103 \u00een anul 1488, \u00een numai 3 luni \u0219i 3 s\u0103pt\u0103m\u00e2ni &#8211; de-a dreptul impresionant, dac\u0103 ne gandim la posibilitatile acelor vremuri.\u00a0<\/span><\/p>\n<p><span style=\"font-weight: 400;\">\u00cen anul 1918 a fost declarat\u0103 monument istoric, iar din anul 1993, Biserica M\u0103n\u0103stirii Vorone\u021b a fost inclus\u0103 pe lista Patrimoniului Mondial UNESCO, al\u0103turi de alte m\u0103n\u0103stiri din Nordul Moldovei, fiind considerate un simbol cultural nepre\u021buit.\u00a0<\/span><\/p>\n<p><span style=\"font-weight: 400;\">Printre simbolurile religioase reprezentate pe zidurile bisericii au fost pictate si cele 12 semne zodiacale, \u00een imediata apropiere a M\u00e2ntuitorului &#8211; un lucru foarte neobi\u0219nuit pentru picturile religioase.\u00a0<\/span><\/p>\n<p><span style=\"font-weight: 400;\">Activitatea M\u0103n\u0103stirii Vorone\u021b a fost reluat\u0103 abia \u00een anul 1991, dup\u0103 ce fusese desfiin\u021bat\u0103 \u00een timpul anex\u0103rii Bucovinei la Imperiul Habsburgic, \u00een anul 1785.<\/span><\/p>\n<h2><span style=\"font-weight: 400;\">Puzzle adul\u021bi 1000 piese &#8211; deconectare de la ritmul rapid al vie\u021bii<\/span><\/h2>\n<p><span style=\"font-weight: 400;\">Alege s\u0103 descoperi Rom\u00e2nia \u00een imagini cu ajutorul unui puzzle \u0219i recompune pies\u0103 cu pies\u0103 imaginea Bisericii M\u0103n\u0103stirii Vorone\u021b, impresionant\u0103 at\u00e2t prin construc\u021bie c\u00e2t \u0219i prin culoare.<\/span><\/p>\n<p><span style=\"font-weight: 400;\">Iat\u0103 c\u00e2te motive, cel pu\u021bin interesante, ai acum, pentru a descoperi splendida \u0219i impresionanta Biseric\u0103 a M\u0103n\u0103stirii Vorone\u021b, sub forma unui puzzle 1000 piese, pe care \u00eel po\u021bi asambla singur sau \u00eempreun\u0103 cu persoanele dragi, petrec\u00e2nd mai mult timp \u00eempreun\u0103.\u00a0<\/span><\/p>\n<p><span style=\"font-weight: 400;\">\u00cen plus, asamblarea unui puzzle cu imagini din Rom\u00e2nia este o activitate foarte pl\u0103cut\u0103, de reconectare cu tine \u00eensu\u021bi \u0219i cu originile. O activitate \u00een timpul c\u0103reia po\u021bi reflecta \u0219i te po\u021bi concentra asupra unei singure ac\u021biuni. In felul acesta, te deconectezi de la ritmul rapid al vie\u021bii \u0219i \u00ee\u021bi iei cateva ore de lini\u0219te, care-\u021bi vor aduce mai mult\u0103 claritate \u00een g\u00e2ndire.\u00a0\u00a0<\/span><\/p>\n<p><span style=\"font-weight: 400;\">\u00a0<\/span><\/p>\n","protected":false},"excerpt":{"rendered":"<p>M\u0103n\u0103stirea Vorone\u021b este una dintre imaginile emblematice care ne vin \u00een minte atunci c\u00e2nd vorbim despre Bucovina. O splendid\u0103 capodoper\u0103<\/p>\n","protected":false},"featured_media":15406,"template":"","meta":[],"product_brand":[],"product_cat":[1454,1488,1560],"product_tag":[],"class_list":{"0":"post-15410","1":"product","2":"type-product","3":"status-publish","4":"has-post-thumbnail","6":"product_cat-puzzle","7":"product_cat-puzzle-adulti","8":"product_cat-puzzle-adulti-1000","9":"pa_bax-1273","10":"pa_brand-d_toys","11":"pa_country_of_manufacture-ro","12":"pa_filter_age-1315","13":"pa_painter-romania","14":"pa_tip_ambalaj-cutie","15":"pa_tip_puzzle-clasic","17":"first","18":"instock","19":"taxable","20":"shipping-taxable","21":"product-type-simple"},"yoast_head":"<!-- This site is optimized with the Yoast SEO plugin v20.1 - https:\/\/yoast.com\/wordpress\/plugins\/seo\/ -->\n<title>Puzzle 1000 piese - Imagini din Rom\u00e2nia - M\u0103n\u0103stirea Vorone\u021b - Roovi B2B<\/title>\n<meta name=\"robots\" content=\"index, follow, max-snippet:-1, max-image-preview:large, max-video-preview:-1\" \/>\n<link rel=\"canonical\" href=\"https:\/\/www.roovi.ro\/puzzle-1000-piese-imagini-din-romania-manastirea-voronet\/p\/\" \/>\n<meta property=\"og:locale\" content=\"ro_RO\" \/>\n<meta property=\"og:type\" content=\"article\" \/>\n<meta property=\"og:title\" content=\"Puzzle 1000 piese - Imagini din Rom\u00e2nia - M\u0103n\u0103stirea Vorone\u021b - Roovi B2B\" \/>\n<meta property=\"og:description\" content=\"M\u0103n\u0103stirea Vorone\u021b este una dintre imaginile emblematice care ne vin \u00een minte atunci c\u00e2nd vorbim despre Bucovina. O splendid\u0103 capodoper\u0103\" \/>\n<meta property=\"og:url\" content=\"https:\/\/www.roovi.ro\/puzzle-1000-piese-imagini-din-romania-manastirea-voronet\/p\/\" \/>\n<meta property=\"og:site_name\" content=\"Roovi B2B\" \/>\n<meta property=\"article:publisher\" content=\"https:\/\/www.facebook.com\/wwwjucariero\" \/>\n<meta property=\"article:modified_time\" content=\"2023-03-20T21:59:26+00:00\" \/>\n<meta property=\"og:image\" content=\"https:\/\/business.roovi.com\/wp-content\/uploads\/2018\/04\/63038_02.jpg\" \/>\n\t<meta property=\"og:image:width\" content=\"1200\" \/>\n\t<meta property=\"og:image:height\" content=\"1200\" \/>\n\t<meta property=\"og:image:type\" content=\"image\/jpeg\" \/>\n<meta name=\"twitter:label1\" content=\"Timp estimat pentru citire\" \/>\n\t<meta name=\"twitter:data1\" content=\"3 minute\" \/>\n<script type=\"application\/ld+json\" class=\"yoast-schema-graph\">{\"@context\":\"https:\/\/schema.org\",\"@graph\":[{\"@type\":\"WebPage\",\"@id\":\"https:\/\/business.roovi.com\/ro\/puzzle-1000-piese-imagini-din-romania-manastirea-voronet\/p\/\",\"url\":\"https:\/\/www.roovi.ro\/puzzle-1000-piese-imagini-din-romania-manastirea-voronet\/p\/\",\"name\":\"Puzzle 1000 piese - Imagini din Rom\u00e2nia - M\u0103n\u0103stirea Vorone\u021b - Roovi B2B\",\"isPartOf\":{\"@id\":\"https:\/\/business.roovi.com\/ro\/#website\"},\"datePublished\":\"2018-04-16T10:56:16+00:00\",\"dateModified\":\"2023-03-20T21:59:26+00:00\",\"breadcrumb\":{\"@id\":\"https:\/\/www.roovi.ro\/puzzle-1000-piese-imagini-din-romania-manastirea-voronet\/p\/#breadcrumb\"},\"inLanguage\":\"ro-RO\",\"potentialAction\":[{\"@type\":\"ReadAction\",\"target\":[\"https:\/\/www.roovi.ro\/puzzle-1000-piese-imagini-din-romania-manastirea-voronet\/p\/\"]}]},{\"@type\":\"BreadcrumbList\",\"@id\":\"https:\/\/www.roovi.ro\/puzzle-1000-piese-imagini-din-romania-manastirea-voronet\/p\/#breadcrumb\",\"itemListElement\":[{\"@type\":\"ListItem\",\"position\":1,\"name\":\"Home\",\"item\":\"https:\/\/business.roovi.com\/ro\/\"},{\"@type\":\"ListItem\",\"position\":2,\"name\":\"Magazin\",\"item\":\"https:\/\/business.roovi.com\/ro\/magazin\/\"},{\"@type\":\"ListItem\",\"position\":3,\"name\":\"Puzzle 1000 piese &#8211; Imagini din Rom\u00e2nia &#8211; M\u0103n\u0103stirea Vorone\u021b\"}]},{\"@type\":\"WebSite\",\"@id\":\"https:\/\/business.roovi.com\/ro\/#website\",\"url\":\"https:\/\/business.roovi.com\/ro\/\",\"name\":\"Roovi B2B\",\"description\":\"Roovi Business Website\",\"potentialAction\":[{\"@type\":\"SearchAction\",\"target\":{\"@type\":\"EntryPoint\",\"urlTemplate\":\"https:\/\/business.roovi.com\/ro\/?s={search_term_string}\"},\"query-input\":\"required name=search_term_string\"}],\"inLanguage\":\"ro-RO\"}]}<\/script>\n<!-- \/ Yoast SEO plugin. -->","yoast_head_json":{"title":"Puzzle 1000 piese - Imagini din Rom\u00e2nia - M\u0103n\u0103stirea Vorone\u021b - Roovi B2B","robots":{"index":"index","follow":"follow","max-snippet":"max-snippet:-1","max-image-preview":"max-image-preview:large","max-video-preview":"max-video-preview:-1"},"canonical":"https:\/\/www.roovi.ro\/puzzle-1000-piese-imagini-din-romania-manastirea-voronet\/p\/","og_locale":"ro_RO","og_type":"article","og_title":"Puzzle 1000 piese - Imagini din Rom\u00e2nia - M\u0103n\u0103stirea Vorone\u021b - Roovi B2B","og_description":"M\u0103n\u0103stirea Vorone\u021b este una dintre imaginile emblematice care ne vin \u00een minte atunci c\u00e2nd vorbim despre Bucovina. O splendid\u0103 capodoper\u0103","og_url":"https:\/\/www.roovi.ro\/puzzle-1000-piese-imagini-din-romania-manastirea-voronet\/p\/","og_site_name":"Roovi B2B","article_publisher":"https:\/\/www.facebook.com\/wwwjucariero","article_modified_time":"2023-03-20T21:59:26+00:00","og_image":[{"width":1200,"height":1200,"url":"https:\/\/business.roovi.com\/wp-content\/uploads\/2018\/04\/63038_02.jpg","type":"image\/jpeg"}],"twitter_misc":{"Timp estimat pentru citire":"3 minute"},"schema":{"@context":"https:\/\/schema.org","@graph":[{"@type":"WebPage","@id":"https:\/\/business.roovi.com\/ro\/puzzle-1000-piese-imagini-din-romania-manastirea-voronet\/p\/","url":"https:\/\/www.roovi.ro\/puzzle-1000-piese-imagini-din-romania-manastirea-voronet\/p\/","name":"Puzzle 1000 piese - Imagini din Rom\u00e2nia - M\u0103n\u0103stirea Vorone\u021b - Roovi B2B","isPartOf":{"@id":"https:\/\/business.roovi.com\/ro\/#website"},"datePublished":"2018-04-16T10:56:16+00:00","dateModified":"2023-03-20T21:59:26+00:00","breadcrumb":{"@id":"https:\/\/www.roovi.ro\/puzzle-1000-piese-imagini-din-romania-manastirea-voronet\/p\/#breadcrumb"},"inLanguage":"ro-RO","potentialAction":[{"@type":"ReadAction","target":["https:\/\/www.roovi.ro\/puzzle-1000-piese-imagini-din-romania-manastirea-voronet\/p\/"]}]},{"@type":"BreadcrumbList","@id":"https:\/\/www.roovi.ro\/puzzle-1000-piese-imagini-din-romania-manastirea-voronet\/p\/#breadcrumb","itemListElement":[{"@type":"ListItem","position":1,"name":"Home","item":"https:\/\/business.roovi.com\/ro\/"},{"@type":"ListItem","position":2,"name":"Magazin","item":"https:\/\/business.roovi.com\/ro\/magazin\/"},{"@type":"ListItem","position":3,"name":"Puzzle 1000 piese &#8211; Imagini din Rom\u00e2nia &#8211; M\u0103n\u0103stirea Vorone\u021b"}]},{"@type":"WebSite","@id":"https:\/\/business.roovi.com\/ro\/#website","url":"https:\/\/business.roovi.com\/ro\/","name":"Roovi B2B","description":"Roovi Business Website","potentialAction":[{"@type":"SearchAction","target":{"@type":"EntryPoint","urlTemplate":"https:\/\/business.roovi.com\/ro\/?s={search_term_string}"},"query-input":"required name=search_term_string"}],"inLanguage":"ro-RO"}]}},"_links":{"self":[{"href":"https:\/\/business.roovi.com\/ro\/wp-json\/wp\/v2\/product\/15410","targetHints":{"allow":["GET"]}}],"collection":[{"href":"https:\/\/business.roovi.com\/ro\/wp-json\/wp\/v2\/product"}],"about":[{"href":"https:\/\/business.roovi.com\/ro\/wp-json\/wp\/v2\/types\/product"}],"version-history":[{"count":0,"href":"https:\/\/business.roovi.com\/ro\/wp-json\/wp\/v2\/product\/15410\/revisions"}],"wp:featuredmedia":[{"embeddable":true,"href":"https:\/\/business.roovi.com\/ro\/wp-json\/wp\/v2\/media\/15406"}],"wp:attachment":[{"href":"https:\/\/business.roovi.com\/ro\/wp-json\/wp\/v2\/media?parent=15410"}],"wp:term":[{"taxonomy":"product_brand","embeddable":true,"href":"https:\/\/business.roovi.com\/ro\/wp-json\/wp\/v2\/product_brand?post=15410"},{"taxonomy":"product_cat","embeddable":true,"href":"https:\/\/business.roovi.com\/ro\/wp-json\/wp\/v2\/product_cat?post=15410"},{"taxonomy":"product_tag","embeddable":true,"href":"https:\/\/business.roovi.com\/ro\/wp-json\/wp\/v2\/product_tag?post=15410"}],"curies":[{"name":"wp","href":"https:\/\/api.w.org\/{rel}","templated":true}]}}