{"id":15425,"date":"2018-04-16T10:56:16","date_gmt":"2018-04-16T10:56:16","guid":{"rendered":"https:\/\/business.roovi.com\/product\/puzzle-cartoon-pisa-1000-piese\/"},"modified":"2025-03-17T07:05:50","modified_gmt":"2025-03-17T07:05:50","slug":"puzzle-adulti-1000-piese-cartoon-collection-turnul-din-pisa","status":"publish","type":"product","link":"https:\/\/business.roovi.com\/ro\/puzzle-adulti-1000-piese-cartoon-collection-turnul-din-pisa\/p\/","title":{"rendered":"Puzzle Turnul din Pisa &#8211; Puzzle adul\u021bi 1000 piese &#8211; Cartoon Collection"},"content":{"rendered":"<p><span style=\"font-weight: 400;\">E\u0219ti preg\u0103tit pentru o distrac\u021bie pe cinste \u0219i multe ore de relaxare? Puzzle-urile de 1000 piese din colec\u021bia Cartoon puzzles aduc veselia la tine acas\u0103.\u00a0<\/span><\/p>\n<p><span style=\"font-weight: 400;\">C\u00e2nd la\u0219i copilul din tine s\u0103 de manifeste liber, imagina\u021bia nu cunoa\u0219te limite. A\u0219a a procedat artistul Biro Donat, iar colec\u021bia puzzle Cartoon pentru adul\u021bi care a ie\u0219it din m\u00e2inile sale este una des\u0103v\u00e2r\u0219it\u0103.\u00a0<\/span><\/p>\n<p><span style=\"font-weight: 400;\">Puzzle 1000 piese Cartoon Collection &#8211; Turnul din Pisa este o ilustra\u021bie animat\u0103 plin\u0103 de culoare \u0219i detalii fascinante care \u00ee\u021bi vor capta aten\u021bia pentru multe ore. O mul\u021bime de personaje adorabile muncesc de zor la celebrul turn din Pisa pentru a-l \u00eendrepta. Fiecare personaj e unic \u0219i are o sarcin\u0103 precis\u0103. \u00cempreun\u0103 sper\u0103 c\u0103 vor salva celebrul turn de la pr\u0103bu\u0219ire.\u00a0<\/span><\/p>\n<p><span style=\"font-weight: 400;\">Intr\u0103 \u0219i tu \u00een povestea lor, pune pies\u0103 l\u00e2ng\u0103 pies\u0103 \u0219i prive\u0219te ce iese! O minun\u0103\u021bie de tablou care va da culoare \u0219i o not\u0103 de optimism copil\u0103resc oric\u0103rui loc din cas\u0103 \u00een care \u00eel vei expune.<\/span><\/p>\n<p><strong>De ce s\u0103 alegi puzzle 1000 piese Cartoon collection &#8211; Turnul din Pisa?<\/strong><\/p>\n<p><span style=\"font-weight: 400;\">\u00ce\u021bi creezi un tablou inedit cu dimensiunile de 50 x 70 cm care \u00ee\u021bi \u00eenfrumuse\u021beaz\u0103 locuin\u021ba.<\/span><\/p>\n<p><span style=\"font-weight: 400;\">Este fabricat din carton albastru de calitate superioar\u0103 ceea ce \u00eei confer\u0103 rezisten\u021b\u0103 sporit\u0103.<\/span><\/p>\n<p><span style=\"font-weight: 400;\">Piesele de puzzle 1000 sunt t\u0103iate cu precizie \u0219i se \u00eembin\u0103 perfect, astfel c\u0103 imaginea asamblat\u0103 arat\u0103 impecabil.<\/span><\/p>\n<p><span style=\"font-weight: 400;\">Finisajul este semi-lucios, \u00een culori pl\u0103cute ce eviden\u021biaz\u0103 frumuse\u021bea ilustra\u021biei.<\/span><\/p>\n<p><span style=\"font-weight: 400;\">Este produs din materiale reciclabile \u0219i sustenabile.<\/span><\/p>\n<p><span style=\"font-weight: 400;\">Este potrivit persoanelor peste 14 ani &#8211; prilej de distrac\u021bie maxim\u0103 \u00eempreun\u0103 cu copiii t\u0103i adolescen\u021bi.<\/span><\/p>\n<p><span style=\"font-weight: 400;\">Puzzle-urile de 1000 piese au multiple beneficii care se reflect\u0103 pe diverse planuri:<\/span><\/p>\n<ul>\n<li><span style=\"font-weight: 400;\">Sunt un antrenament mental excelent.<\/span><\/li>\n<li><span style=\"font-weight: 400;\">Te ajut\u0103 s\u0103-\u021bi men\u021bii memoria ascu\u021bit\u0103.<\/span><\/li>\n<li><span style=\"font-weight: 400;\">\u00ce\u021bi \u00eembun\u0103t\u0103\u021besc aten\u021bia pentru detalii.<\/span><\/li>\n<li><span style=\"font-weight: 400;\">Te ajut\u0103 s\u0103-\u021bi p\u0103strezi coordonarea \u0219i motricitatea fin\u0103.<\/span><\/li>\n<li><span style=\"font-weight: 400;\">\u00ce\u021bi antreneaz\u0103 \u00eendem\u00e2narea.<\/span><\/li>\n<li><span style=\"font-weight: 400;\">Sunt un foarte bun exerci\u021biu de r\u0103bdare.<\/span><\/li>\n<\/ul>\n<p><strong>\u0218tiai c\u0103\u2026<\/strong><\/p>\n<p><span style=\"font-weight: 400;\">Turnul din Pisa c\u00e2nt\u0103re\u0219te nu mai pu\u021bin de 14.500 de tone \u0219i a fost construit pe un sol moale, instabil.<\/span><\/p>\n<p><span style=\"font-weight: 400;\">A fost proiectat cu scopul de a fi cea mai \u00eenalt\u0103 clopotni\u021b\u0103 din lume. G\u0103zduie\u0219te 7 clopote, fiecare emi\u021b\u00e2nd sunetul unei note muzicale.<\/span><\/p>\n<p><span style=\"font-weight: 400;\">Clopotele din turn nu au b\u0103tut niciodat\u0103 pentru c\u0103 vibra\u021biile emise l-ar putea \u00eenclina \u0219i mai mult.<\/span><\/p>\n<p><span style=\"font-weight: 400;\">Benito Mussolini a vrut s\u0103 \u00eendrepte turnul deoarece considera c\u0103 arhitectura acestuia d\u0103uneaz\u0103 imaginii Italiei \u00een lume.\u00a0<\/span><\/p>\n<p><span style=\"font-weight: 400;\">\u00cen timpul celui de-al Doilea R\u0103zboi Mondial, americanii au vrut s\u0103 d\u0103r\u00e2me turnul pentru c\u0103 era un loc propice pentru luneti\u0219ti. Dar fiind impresiona\u021bi de arhitectura lui, l-au l\u0103sat \u00een picioare.<\/span><\/p>\n<p><strong>Puzzle 1000 piese Cartoon &#8211; Turnul din Pisa &#8211; distrac\u021bie epic\u0103, \u00een familie<\/strong><\/p>\n<p><span style=\"font-weight: 400;\">Dac\u0103 vrei s\u0103 tr\u0103ie\u0219ti seri memorabile \u00eempreun\u0103 cu cei dragi din familie, puzzle 1000 piese Turnul din Pisa din colec\u021bia Cartoon puzzle este alegerea perfect\u0103. S\u0103 descoperi zeci de personaje simpatice \u0219i s\u0103 intri \u00een jocul lor pentru a restabili echilibrul turnului, este o activitate care sparge monotonia din orice cas\u0103.<\/span><\/p>\n<p><span style=\"font-weight: 400;\">Copiii t\u0103i vor fi \u00eenc\u00e2nta\u021bi s\u0103 descopere ilustra\u021bii at\u00e2t de precise \u0219i colorate, iar refacerea imaginii va fi o provocare pl\u0103cut\u0103 pentru mintea lor agil\u0103. Selecta\u021bi piesele pe nuan\u021be, \u00eemp\u0103r\u021bi\u021bi sarcini precise fiec\u0103rui participant la jocul puzzle \u0219i crea\u021bi \u00eempreun\u0103 un tablou de poveste. Ve\u021bi tr\u0103i clipe magice \u00eempreun\u0103 \u0219i ve\u021bi crea amintiri de neuitat care v\u0103 vor \u00eembog\u0103\u021bi suflete\u0219te.<\/span><\/p>\n<p><span style=\"font-weight: 400;\">Fie c\u0103 alegi puzzle 1000 piese cartoon &#8211; Turnul din Pisa pentru a-l reface \u00eempreun\u0103 cu familia, fie c\u0103 e\u0219ti pasionat de jocuri puzzle \u0219i-l dore\u0219ti pentru a te deconecta de la cotidian, acest puzzle 1000 piese treze\u0219te copilul din tine \u0219i-\u021bi aduce multe z\u00e2mbete.\u00a0<\/span><\/p>\n<p><span style=\"font-weight: 400;\">De asemenea, poate fi un cadou potrivit la ocazii de s\u0103rb\u0103toare pentru pasiona\u021bii de jocuri puzzle sau pentru prietenii c\u0103rora vrei s\u0103 le faci o surpriz\u0103 creativ\u0103.<\/span><\/p>\n","protected":false},"excerpt":{"rendered":"<p>E\u0219ti preg\u0103tit pentru o distrac\u021bie pe cinste \u0219i multe ore de relaxare? Puzzle-urile de 1000 piese din colec\u021bia Cartoon puzzles<\/p>\n","protected":false},"featured_media":15411,"template":"","meta":[],"product_brand":[],"product_cat":[1454,1488,1560],"product_tag":[],"class_list":{"0":"post-15425","1":"product","2":"type-product","3":"status-publish","4":"has-post-thumbnail","6":"product_cat-puzzle","7":"product_cat-puzzle-adulti","8":"product_cat-puzzle-adulti-1000","9":"pa_bax-1273","10":"pa_brand-d_toys","11":"pa_country_of_manufacture-ro","12":"pa_filter_age-1315","13":"pa_painter-cartooncollection","14":"pa_tip_ambalaj-cutie","15":"pa_tip_puzzle-clasic","17":"first","18":"instock","19":"taxable","20":"shipping-taxable","21":"product-type-simple"},"yoast_head":"<!-- This site is optimized with the Yoast SEO plugin v20.1 - https:\/\/yoast.com\/wordpress\/plugins\/seo\/ -->\n<title>Puzzle Turnul din Pisa - Puzzle adul\u021bi 1000 piese - Cartoon Collection - Roovi B2B<\/title>\n<meta name=\"robots\" content=\"index, follow, max-snippet:-1, max-image-preview:large, max-video-preview:-1\" \/>\n<link rel=\"canonical\" href=\"https:\/\/www.roovi.ro\/puzzle-adulti-1000-piese-cartoon-collection-turnul-din-pisa\/p\/\" \/>\n<meta property=\"og:locale\" content=\"ro_RO\" \/>\n<meta property=\"og:type\" content=\"article\" \/>\n<meta property=\"og:title\" content=\"Puzzle Turnul din Pisa - Puzzle adul\u021bi 1000 piese - Cartoon Collection - Roovi B2B\" \/>\n<meta property=\"og:description\" content=\"E\u0219ti preg\u0103tit pentru o distrac\u021bie pe cinste \u0219i multe ore de relaxare? Puzzle-urile de 1000 piese din colec\u021bia Cartoon puzzles\" \/>\n<meta property=\"og:url\" content=\"https:\/\/www.roovi.ro\/puzzle-adulti-1000-piese-cartoon-collection-turnul-din-pisa\/p\/\" \/>\n<meta property=\"og:site_name\" content=\"Roovi B2B\" \/>\n<meta property=\"article:publisher\" content=\"https:\/\/www.facebook.com\/wwwjucariero\" \/>\n<meta property=\"article:modified_time\" content=\"2025-03-17T07:05:50+00:00\" \/>\n<meta property=\"og:image\" content=\"https:\/\/business.roovi.com\/wp-content\/uploads\/2018\/04\/61218-01_ansamblu_dimensiuni_cutie_cm_1200x1200.png\" \/>\n\t<meta property=\"og:image:width\" content=\"1200\" \/>\n\t<meta property=\"og:image:height\" content=\"1200\" \/>\n\t<meta property=\"og:image:type\" content=\"image\/png\" \/>\n<meta name=\"twitter:label1\" content=\"Timp estimat pentru citire\" \/>\n\t<meta name=\"twitter:data1\" content=\"3 minute\" \/>\n<script type=\"application\/ld+json\" class=\"yoast-schema-graph\">{\"@context\":\"https:\/\/schema.org\",\"@graph\":[{\"@type\":\"WebPage\",\"@id\":\"https:\/\/business.roovi.com\/ro\/puzzle-adulti-1000-piese-cartoon-collection-turnul-din-pisa\/p\/\",\"url\":\"https:\/\/www.roovi.ro\/puzzle-adulti-1000-piese-cartoon-collection-turnul-din-pisa\/p\/\",\"name\":\"Puzzle Turnul din Pisa - Puzzle adul\u021bi 1000 piese - Cartoon Collection - Roovi B2B\",\"isPartOf\":{\"@id\":\"https:\/\/business.roovi.com\/ro\/#website\"},\"datePublished\":\"2018-04-16T10:56:16+00:00\",\"dateModified\":\"2025-03-17T07:05:50+00:00\",\"breadcrumb\":{\"@id\":\"https:\/\/www.roovi.ro\/puzzle-adulti-1000-piese-cartoon-collection-turnul-din-pisa\/p\/#breadcrumb\"},\"inLanguage\":\"ro-RO\",\"potentialAction\":[{\"@type\":\"ReadAction\",\"target\":[\"https:\/\/www.roovi.ro\/puzzle-adulti-1000-piese-cartoon-collection-turnul-din-pisa\/p\/\"]}]},{\"@type\":\"BreadcrumbList\",\"@id\":\"https:\/\/www.roovi.ro\/puzzle-adulti-1000-piese-cartoon-collection-turnul-din-pisa\/p\/#breadcrumb\",\"itemListElement\":[{\"@type\":\"ListItem\",\"position\":1,\"name\":\"Home\",\"item\":\"https:\/\/business.roovi.com\/ro\/\"},{\"@type\":\"ListItem\",\"position\":2,\"name\":\"Magazin\",\"item\":\"https:\/\/business.roovi.com\/ro\/magazin\/\"},{\"@type\":\"ListItem\",\"position\":3,\"name\":\"Puzzle Turnul din Pisa &#8211; Puzzle adul\u021bi 1000 piese &#8211; Cartoon Collection\"}]},{\"@type\":\"WebSite\",\"@id\":\"https:\/\/business.roovi.com\/ro\/#website\",\"url\":\"https:\/\/business.roovi.com\/ro\/\",\"name\":\"Roovi B2B\",\"description\":\"Roovi Business Website\",\"potentialAction\":[{\"@type\":\"SearchAction\",\"target\":{\"@type\":\"EntryPoint\",\"urlTemplate\":\"https:\/\/business.roovi.com\/ro\/?s={search_term_string}\"},\"query-input\":\"required name=search_term_string\"}],\"inLanguage\":\"ro-RO\"}]}<\/script>\n<!-- \/ Yoast SEO plugin. -->","yoast_head_json":{"title":"Puzzle Turnul din Pisa - Puzzle adul\u021bi 1000 piese - Cartoon Collection - Roovi B2B","robots":{"index":"index","follow":"follow","max-snippet":"max-snippet:-1","max-image-preview":"max-image-preview:large","max-video-preview":"max-video-preview:-1"},"canonical":"https:\/\/www.roovi.ro\/puzzle-adulti-1000-piese-cartoon-collection-turnul-din-pisa\/p\/","og_locale":"ro_RO","og_type":"article","og_title":"Puzzle Turnul din Pisa - Puzzle adul\u021bi 1000 piese - Cartoon Collection - Roovi B2B","og_description":"E\u0219ti preg\u0103tit pentru o distrac\u021bie pe cinste \u0219i multe ore de relaxare? Puzzle-urile de 1000 piese din colec\u021bia Cartoon puzzles","og_url":"https:\/\/www.roovi.ro\/puzzle-adulti-1000-piese-cartoon-collection-turnul-din-pisa\/p\/","og_site_name":"Roovi B2B","article_publisher":"https:\/\/www.facebook.com\/wwwjucariero","article_modified_time":"2025-03-17T07:05:50+00:00","og_image":[{"width":1200,"height":1200,"url":"https:\/\/business.roovi.com\/wp-content\/uploads\/2018\/04\/61218-01_ansamblu_dimensiuni_cutie_cm_1200x1200.png","type":"image\/png"}],"twitter_misc":{"Timp estimat pentru citire":"3 minute"},"schema":{"@context":"https:\/\/schema.org","@graph":[{"@type":"WebPage","@id":"https:\/\/business.roovi.com\/ro\/puzzle-adulti-1000-piese-cartoon-collection-turnul-din-pisa\/p\/","url":"https:\/\/www.roovi.ro\/puzzle-adulti-1000-piese-cartoon-collection-turnul-din-pisa\/p\/","name":"Puzzle Turnul din Pisa - Puzzle adul\u021bi 1000 piese - Cartoon Collection - Roovi B2B","isPartOf":{"@id":"https:\/\/business.roovi.com\/ro\/#website"},"datePublished":"2018-04-16T10:56:16+00:00","dateModified":"2025-03-17T07:05:50+00:00","breadcrumb":{"@id":"https:\/\/www.roovi.ro\/puzzle-adulti-1000-piese-cartoon-collection-turnul-din-pisa\/p\/#breadcrumb"},"inLanguage":"ro-RO","potentialAction":[{"@type":"ReadAction","target":["https:\/\/www.roovi.ro\/puzzle-adulti-1000-piese-cartoon-collection-turnul-din-pisa\/p\/"]}]},{"@type":"BreadcrumbList","@id":"https:\/\/www.roovi.ro\/puzzle-adulti-1000-piese-cartoon-collection-turnul-din-pisa\/p\/#breadcrumb","itemListElement":[{"@type":"ListItem","position":1,"name":"Home","item":"https:\/\/business.roovi.com\/ro\/"},{"@type":"ListItem","position":2,"name":"Magazin","item":"https:\/\/business.roovi.com\/ro\/magazin\/"},{"@type":"ListItem","position":3,"name":"Puzzle Turnul din Pisa &#8211; Puzzle adul\u021bi 1000 piese &#8211; Cartoon Collection"}]},{"@type":"WebSite","@id":"https:\/\/business.roovi.com\/ro\/#website","url":"https:\/\/business.roovi.com\/ro\/","name":"Roovi B2B","description":"Roovi Business Website","potentialAction":[{"@type":"SearchAction","target":{"@type":"EntryPoint","urlTemplate":"https:\/\/business.roovi.com\/ro\/?s={search_term_string}"},"query-input":"required name=search_term_string"}],"inLanguage":"ro-RO"}]}},"_links":{"self":[{"href":"https:\/\/business.roovi.com\/ro\/wp-json\/wp\/v2\/product\/15425","targetHints":{"allow":["GET"]}}],"collection":[{"href":"https:\/\/business.roovi.com\/ro\/wp-json\/wp\/v2\/product"}],"about":[{"href":"https:\/\/business.roovi.com\/ro\/wp-json\/wp\/v2\/types\/product"}],"version-history":[{"count":0,"href":"https:\/\/business.roovi.com\/ro\/wp-json\/wp\/v2\/product\/15425\/revisions"}],"wp:featuredmedia":[{"embeddable":true,"href":"https:\/\/business.roovi.com\/ro\/wp-json\/wp\/v2\/media\/15411"}],"wp:attachment":[{"href":"https:\/\/business.roovi.com\/ro\/wp-json\/wp\/v2\/media?parent=15425"}],"wp:term":[{"taxonomy":"product_brand","embeddable":true,"href":"https:\/\/business.roovi.com\/ro\/wp-json\/wp\/v2\/product_brand?post=15425"},{"taxonomy":"product_cat","embeddable":true,"href":"https:\/\/business.roovi.com\/ro\/wp-json\/wp\/v2\/product_cat?post=15425"},{"taxonomy":"product_tag","embeddable":true,"href":"https:\/\/business.roovi.com\/ro\/wp-json\/wp\/v2\/product_tag?post=15425"}],"curies":[{"name":"wp","href":"https:\/\/api.w.org\/{rel}","templated":true}]}}