{"id":15465,"date":"2018-04-16T10:56:16","date_gmt":"2018-04-16T10:56:16","guid":{"rendered":"https:\/\/business.roovi.com\/product\/puzzle-special-photo-cu-rama-si-creioane\/"},"modified":"2022-08-15T11:05:45","modified_gmt":"2022-08-15T11:05:45","slug":"puzzle-special-photo-cu-rama-si-creioane","status":"publish","type":"product","link":"https:\/\/business.roovi.com\/ro\/puzzle-special-photo-cu-rama-si-creioane\/p\/","title":{"rendered":"Puzzle Special Photo cu Ram\u0103 \u0219i Creioane"},"content":{"rendered":"<p>Surprinde\u021bi pe cei dragi cu un cadou inedit! Doar imprima\u021bi fotografia aleas\u0103 pe suportul autocolant special inclus \u00een set, desprinde\u021bi \u0219i lipi\u021bi ab\u021bibildurile astfel ob\u021binute pe piesele de puzzle \u0219i cadoul minunat este gata. Pute\u021bi crea un puzzle personalizat cu ram\u0103 de colorat, de 12 piese (m\u0103rime A5), folosind creioanele cerate incluse \u00een set. Important: Ve\u021bi avea nevoie de o imprimant\u0103 cu jet de cerneal\u0103.<\/p>\n","protected":false},"excerpt":{"rendered":"<p>Surprinde\u021bi pe cei dragi cu un cadou inedit! Doar imprima\u021bi fotografia aleas\u0103 pe suportul autocolant special inclus \u00een set, desprinde\u021bi<\/p>\n","protected":false},"featured_media":15459,"template":"","meta":[],"product_brand":[],"product_cat":[1881,1882,1981],"product_tag":[],"class_list":{"0":"post-15465","1":"product","2":"type-product","3":"status-publish","4":"has-post-thumbnail","6":"product_cat-kirakos-jatekok","7":"product_cat-gyermek-rejtvenyek","8":"product_cat-kirakos-jatek","9":"pa_bax-14-hu","10":"pa_brand-d_toys-hu","11":"pa_filter_age-7_9-hu","12":"pa_filter_age-9_14-hu","13":"pa_filter_age-14-hu","14":"pa_tip_ambalaj-doboz","15":"pa_tip_puzzle-kulonleges-rejtveny-hu","17":"first","18":"instock","19":"taxable","20":"shipping-taxable","21":"product-type-simple"},"yoast_head":"<!-- This site is optimized with the Yoast SEO plugin v20.1 - https:\/\/yoast.com\/wordpress\/plugins\/seo\/ -->\n<title>Puzzle Special Photo cu Ram\u0103 \u0219i Creioane - Roovi B2B<\/title>\n<meta name=\"robots\" content=\"index, follow, max-snippet:-1, max-image-preview:large, max-video-preview:-1\" \/>\n<link rel=\"canonical\" href=\"https:\/\/www.roovi.ro\/puzzle-special-photo-cu-rama-si-creioane\/p\/\" \/>\n<meta property=\"og:locale\" content=\"ro_RO\" \/>\n<meta property=\"og:type\" content=\"article\" \/>\n<meta property=\"og:title\" content=\"Puzzle Special Photo cu Ram\u0103 \u0219i Creioane - Roovi B2B\" \/>\n<meta property=\"og:description\" content=\"Surprinde\u021bi pe cei dragi cu un cadou inedit! Doar imprima\u021bi fotografia aleas\u0103 pe suportul autocolant special inclus \u00een set, desprinde\u021bi\" \/>\n<meta property=\"og:url\" content=\"https:\/\/www.roovi.ro\/puzzle-special-photo-cu-rama-si-creioane\/p\/\" \/>\n<meta property=\"og:site_name\" content=\"Roovi B2B\" \/>\n<meta property=\"article:publisher\" content=\"https:\/\/www.facebook.com\/wwwjucariero\" \/>\n<meta property=\"article:modified_time\" content=\"2022-08-15T11:05:45+00:00\" \/>\n<meta property=\"og:image\" content=\"https:\/\/business.roovi.com\/wp-content\/uploads\/2018\/04\/68804_01.jpg\" \/>\n\t<meta property=\"og:image:width\" content=\"1200\" \/>\n\t<meta property=\"og:image:height\" content=\"1200\" \/>\n\t<meta property=\"og:image:type\" content=\"image\/jpeg\" \/>\n<script type=\"application\/ld+json\" class=\"yoast-schema-graph\">{\"@context\":\"https:\/\/schema.org\",\"@graph\":[{\"@type\":\"WebPage\",\"@id\":\"https:\/\/business.roovi.com\/ro\/puzzle-special-photo-cu-rama-si-creioane\/p\/\",\"url\":\"https:\/\/www.roovi.ro\/puzzle-special-photo-cu-rama-si-creioane\/p\/\",\"name\":\"Puzzle Special Photo cu Ram\u0103 \u0219i Creioane - Roovi B2B\",\"isPartOf\":{\"@id\":\"https:\/\/business.roovi.com\/ro\/#website\"},\"datePublished\":\"2018-04-16T10:56:16+00:00\",\"dateModified\":\"2022-08-15T11:05:45+00:00\",\"breadcrumb\":{\"@id\":\"https:\/\/www.roovi.ro\/puzzle-special-photo-cu-rama-si-creioane\/p\/#breadcrumb\"},\"inLanguage\":\"ro-RO\",\"potentialAction\":[{\"@type\":\"ReadAction\",\"target\":[\"https:\/\/www.roovi.ro\/puzzle-special-photo-cu-rama-si-creioane\/p\/\"]}]},{\"@type\":\"BreadcrumbList\",\"@id\":\"https:\/\/www.roovi.ro\/puzzle-special-photo-cu-rama-si-creioane\/p\/#breadcrumb\",\"itemListElement\":[{\"@type\":\"ListItem\",\"position\":1,\"name\":\"Home\",\"item\":\"https:\/\/business.roovi.com\/ro\/\"},{\"@type\":\"ListItem\",\"position\":2,\"name\":\"Magazin\",\"item\":\"https:\/\/business.roovi.com\/ro\/magazin\/\"},{\"@type\":\"ListItem\",\"position\":3,\"name\":\"Puzzle Special Photo cu Ram\u0103 \u0219i Creioane\"}]},{\"@type\":\"WebSite\",\"@id\":\"https:\/\/business.roovi.com\/ro\/#website\",\"url\":\"https:\/\/business.roovi.com\/ro\/\",\"name\":\"Roovi B2B\",\"description\":\"Roovi Business Website\",\"potentialAction\":[{\"@type\":\"SearchAction\",\"target\":{\"@type\":\"EntryPoint\",\"urlTemplate\":\"https:\/\/business.roovi.com\/ro\/?s={search_term_string}\"},\"query-input\":\"required name=search_term_string\"}],\"inLanguage\":\"ro-RO\"}]}<\/script>\n<!-- \/ Yoast SEO plugin. -->","yoast_head_json":{"title":"Puzzle Special Photo cu Ram\u0103 \u0219i Creioane - Roovi B2B","robots":{"index":"index","follow":"follow","max-snippet":"max-snippet:-1","max-image-preview":"max-image-preview:large","max-video-preview":"max-video-preview:-1"},"canonical":"https:\/\/www.roovi.ro\/puzzle-special-photo-cu-rama-si-creioane\/p\/","og_locale":"ro_RO","og_type":"article","og_title":"Puzzle Special Photo cu Ram\u0103 \u0219i Creioane - Roovi B2B","og_description":"Surprinde\u021bi pe cei dragi cu un cadou inedit! Doar imprima\u021bi fotografia aleas\u0103 pe suportul autocolant special inclus \u00een set, desprinde\u021bi","og_url":"https:\/\/www.roovi.ro\/puzzle-special-photo-cu-rama-si-creioane\/p\/","og_site_name":"Roovi B2B","article_publisher":"https:\/\/www.facebook.com\/wwwjucariero","article_modified_time":"2022-08-15T11:05:45+00:00","og_image":[{"width":1200,"height":1200,"url":"https:\/\/business.roovi.com\/wp-content\/uploads\/2018\/04\/68804_01.jpg","type":"image\/jpeg"}],"schema":{"@context":"https:\/\/schema.org","@graph":[{"@type":"WebPage","@id":"https:\/\/business.roovi.com\/ro\/puzzle-special-photo-cu-rama-si-creioane\/p\/","url":"https:\/\/www.roovi.ro\/puzzle-special-photo-cu-rama-si-creioane\/p\/","name":"Puzzle Special Photo cu Ram\u0103 \u0219i Creioane - Roovi B2B","isPartOf":{"@id":"https:\/\/business.roovi.com\/ro\/#website"},"datePublished":"2018-04-16T10:56:16+00:00","dateModified":"2022-08-15T11:05:45+00:00","breadcrumb":{"@id":"https:\/\/www.roovi.ro\/puzzle-special-photo-cu-rama-si-creioane\/p\/#breadcrumb"},"inLanguage":"ro-RO","potentialAction":[{"@type":"ReadAction","target":["https:\/\/www.roovi.ro\/puzzle-special-photo-cu-rama-si-creioane\/p\/"]}]},{"@type":"BreadcrumbList","@id":"https:\/\/www.roovi.ro\/puzzle-special-photo-cu-rama-si-creioane\/p\/#breadcrumb","itemListElement":[{"@type":"ListItem","position":1,"name":"Home","item":"https:\/\/business.roovi.com\/ro\/"},{"@type":"ListItem","position":2,"name":"Magazin","item":"https:\/\/business.roovi.com\/ro\/magazin\/"},{"@type":"ListItem","position":3,"name":"Puzzle Special Photo cu Ram\u0103 \u0219i Creioane"}]},{"@type":"WebSite","@id":"https:\/\/business.roovi.com\/ro\/#website","url":"https:\/\/business.roovi.com\/ro\/","name":"Roovi B2B","description":"Roovi Business Website","potentialAction":[{"@type":"SearchAction","target":{"@type":"EntryPoint","urlTemplate":"https:\/\/business.roovi.com\/ro\/?s={search_term_string}"},"query-input":"required name=search_term_string"}],"inLanguage":"ro-RO"}]}},"_links":{"self":[{"href":"https:\/\/business.roovi.com\/ro\/wp-json\/wp\/v2\/product\/15465","targetHints":{"allow":["GET"]}}],"collection":[{"href":"https:\/\/business.roovi.com\/ro\/wp-json\/wp\/v2\/product"}],"about":[{"href":"https:\/\/business.roovi.com\/ro\/wp-json\/wp\/v2\/types\/product"}],"version-history":[{"count":0,"href":"https:\/\/business.roovi.com\/ro\/wp-json\/wp\/v2\/product\/15465\/revisions"}],"wp:featuredmedia":[{"embeddable":true,"href":"https:\/\/business.roovi.com\/ro\/wp-json\/wp\/v2\/media\/15459"}],"wp:attachment":[{"href":"https:\/\/business.roovi.com\/ro\/wp-json\/wp\/v2\/media?parent=15465"}],"wp:term":[{"taxonomy":"product_brand","embeddable":true,"href":"https:\/\/business.roovi.com\/ro\/wp-json\/wp\/v2\/product_brand?post=15465"},{"taxonomy":"product_cat","embeddable":true,"href":"https:\/\/business.roovi.com\/ro\/wp-json\/wp\/v2\/product_cat?post=15465"},{"taxonomy":"product_tag","embeddable":true,"href":"https:\/\/business.roovi.com\/ro\/wp-json\/wp\/v2\/product_tag?post=15465"}],"curies":[{"name":"wp","href":"https:\/\/api.w.org\/{rel}","templated":true}]}}