{"id":15565,"date":"2018-04-16T10:56:16","date_gmt":"2018-04-16T10:56:16","guid":{"rendered":"https:\/\/business.roovi.com\/product\/joc-color-me-puzzle-60-craciun-magnet-frigider\/"},"modified":"2022-05-03T00:02:02","modified_gmt":"2022-05-03T00:02:02","slug":"joc-color-me-puzzle-60-craciun-magnet-frigider","status":"publish","type":"product","link":"https:\/\/business.roovi.com\/ro\/joc-color-me-puzzle-60-craciun-magnet-frigider\/p\/","title":{"rendered":"Puzzle 60 Cr\u0103ciun  + Joc Color Me  + Magnet Frigider"},"content":{"rendered":"<p>\u00ce\u021bi propunem s\u0103 \u00eencerci acest pachet superb de Cr\u0103ciun, care include un puzzle de 60 piese, un magnet frigider Mo\u0219 Cr\u0103ciun \u0219i un magnet frigider de colorat, pe care \u00eel po\u021bi finaliza cu ajutorul setului de creioane colorate (cu 6 culori), inclus \u00een cutie. Distrac\u021bie pl\u0103cut\u0103!<\/p>\n","protected":false},"excerpt":{"rendered":"<p>\u00ce\u021bi propunem s\u0103 \u00eencerci acest pachet superb de Cr\u0103ciun, care include un puzzle de 60 piese, un magnet frigider Mo\u0219<\/p>\n","protected":false},"featured_media":15561,"template":"","meta":[],"product_brand":[],"product_cat":[1607,1624,1626],"product_tag":[],"class_list":{"0":"post-15565","1":"product","2":"type-product","3":"status-publish","4":"has-post-thumbnail","6":"product_cat-puzzles","7":"product_cat-children-puzzles","8":"product_cat-50-100-piece-puzzles","9":"pa_bax-8-en","10":"pa_brand-d_toys-en","11":"pa_filter_age-5_7-en","12":"pa_filter_age-7_9-en","13":"pa_painter-christmascollection-en","14":"pa_tip_ambalaj-box","15":"pa_tip_puzzle-special","17":"first","18":"outofstock","19":"taxable","20":"shipping-taxable","21":"product-type-simple"},"yoast_head":"<!-- This site is optimized with the Yoast SEO plugin v20.1 - https:\/\/yoast.com\/wordpress\/plugins\/seo\/ -->\n<title>Puzzle 60 Cr\u0103ciun + Joc Color Me + Magnet Frigider - Roovi B2B<\/title>\n<meta name=\"robots\" content=\"index, follow, max-snippet:-1, max-image-preview:large, max-video-preview:-1\" \/>\n<link rel=\"canonical\" href=\"https:\/\/www.roovi.ro\/joc-color-me-puzzle-60-craciun-magnet-frigider\/p\/\" \/>\n<meta property=\"og:locale\" content=\"ro_RO\" \/>\n<meta property=\"og:type\" content=\"article\" \/>\n<meta property=\"og:title\" content=\"Puzzle 60 Cr\u0103ciun + Joc Color Me + Magnet Frigider - Roovi B2B\" \/>\n<meta property=\"og:description\" content=\"\u00ce\u021bi propunem s\u0103 \u00eencerci acest pachet superb de Cr\u0103ciun, care include un puzzle de 60 piese, un magnet frigider Mo\u0219\" \/>\n<meta property=\"og:url\" content=\"https:\/\/www.roovi.ro\/joc-color-me-puzzle-60-craciun-magnet-frigider\/p\/\" \/>\n<meta property=\"og:site_name\" content=\"Roovi B2B\" \/>\n<meta property=\"article:publisher\" content=\"https:\/\/www.facebook.com\/wwwjucariero\" \/>\n<meta property=\"article:modified_time\" content=\"2022-05-03T00:02:02+00:00\" \/>\n<meta property=\"og:image\" content=\"https:\/\/business.roovi.com\/wp-content\/uploads\/2018\/04\/color_me_craciun_65759.jpg\" \/>\n\t<meta property=\"og:image:width\" content=\"803\" \/>\n\t<meta property=\"og:image:height\" content=\"803\" \/>\n\t<meta property=\"og:image:type\" content=\"image\/jpeg\" \/>\n<script type=\"application\/ld+json\" class=\"yoast-schema-graph\">{\"@context\":\"https:\/\/schema.org\",\"@graph\":[{\"@type\":\"WebPage\",\"@id\":\"https:\/\/business.roovi.com\/ro\/joc-color-me-puzzle-60-craciun-magnet-frigider\/p\/\",\"url\":\"https:\/\/www.roovi.ro\/joc-color-me-puzzle-60-craciun-magnet-frigider\/p\/\",\"name\":\"Puzzle 60 Cr\u0103ciun + Joc Color Me + Magnet Frigider - Roovi B2B\",\"isPartOf\":{\"@id\":\"https:\/\/business.roovi.com\/ro\/#website\"},\"datePublished\":\"2018-04-16T10:56:16+00:00\",\"dateModified\":\"2022-05-03T00:02:02+00:00\",\"breadcrumb\":{\"@id\":\"https:\/\/www.roovi.ro\/joc-color-me-puzzle-60-craciun-magnet-frigider\/p\/#breadcrumb\"},\"inLanguage\":\"ro-RO\",\"potentialAction\":[{\"@type\":\"ReadAction\",\"target\":[\"https:\/\/www.roovi.ro\/joc-color-me-puzzle-60-craciun-magnet-frigider\/p\/\"]}]},{\"@type\":\"BreadcrumbList\",\"@id\":\"https:\/\/www.roovi.ro\/joc-color-me-puzzle-60-craciun-magnet-frigider\/p\/#breadcrumb\",\"itemListElement\":[{\"@type\":\"ListItem\",\"position\":1,\"name\":\"Home\",\"item\":\"https:\/\/business.roovi.com\/ro\/\"},{\"@type\":\"ListItem\",\"position\":2,\"name\":\"Magazin\",\"item\":\"https:\/\/business.roovi.com\/ro\/magazin\/\"},{\"@type\":\"ListItem\",\"position\":3,\"name\":\"Puzzle 60 Cr\u0103ciun + Joc Color Me + Magnet Frigider\"}]},{\"@type\":\"WebSite\",\"@id\":\"https:\/\/business.roovi.com\/ro\/#website\",\"url\":\"https:\/\/business.roovi.com\/ro\/\",\"name\":\"Roovi B2B\",\"description\":\"Roovi Business Website\",\"potentialAction\":[{\"@type\":\"SearchAction\",\"target\":{\"@type\":\"EntryPoint\",\"urlTemplate\":\"https:\/\/business.roovi.com\/ro\/?s={search_term_string}\"},\"query-input\":\"required name=search_term_string\"}],\"inLanguage\":\"ro-RO\"}]}<\/script>\n<!-- \/ Yoast SEO plugin. -->","yoast_head_json":{"title":"Puzzle 60 Cr\u0103ciun + Joc Color Me + Magnet Frigider - Roovi B2B","robots":{"index":"index","follow":"follow","max-snippet":"max-snippet:-1","max-image-preview":"max-image-preview:large","max-video-preview":"max-video-preview:-1"},"canonical":"https:\/\/www.roovi.ro\/joc-color-me-puzzle-60-craciun-magnet-frigider\/p\/","og_locale":"ro_RO","og_type":"article","og_title":"Puzzle 60 Cr\u0103ciun + Joc Color Me + Magnet Frigider - Roovi B2B","og_description":"\u00ce\u021bi propunem s\u0103 \u00eencerci acest pachet superb de Cr\u0103ciun, care include un puzzle de 60 piese, un magnet frigider Mo\u0219","og_url":"https:\/\/www.roovi.ro\/joc-color-me-puzzle-60-craciun-magnet-frigider\/p\/","og_site_name":"Roovi B2B","article_publisher":"https:\/\/www.facebook.com\/wwwjucariero","article_modified_time":"2022-05-03T00:02:02+00:00","og_image":[{"width":803,"height":803,"url":"https:\/\/business.roovi.com\/wp-content\/uploads\/2018\/04\/color_me_craciun_65759.jpg","type":"image\/jpeg"}],"schema":{"@context":"https:\/\/schema.org","@graph":[{"@type":"WebPage","@id":"https:\/\/business.roovi.com\/ro\/joc-color-me-puzzle-60-craciun-magnet-frigider\/p\/","url":"https:\/\/www.roovi.ro\/joc-color-me-puzzle-60-craciun-magnet-frigider\/p\/","name":"Puzzle 60 Cr\u0103ciun + Joc Color Me + Magnet Frigider - Roovi B2B","isPartOf":{"@id":"https:\/\/business.roovi.com\/ro\/#website"},"datePublished":"2018-04-16T10:56:16+00:00","dateModified":"2022-05-03T00:02:02+00:00","breadcrumb":{"@id":"https:\/\/www.roovi.ro\/joc-color-me-puzzle-60-craciun-magnet-frigider\/p\/#breadcrumb"},"inLanguage":"ro-RO","potentialAction":[{"@type":"ReadAction","target":["https:\/\/www.roovi.ro\/joc-color-me-puzzle-60-craciun-magnet-frigider\/p\/"]}]},{"@type":"BreadcrumbList","@id":"https:\/\/www.roovi.ro\/joc-color-me-puzzle-60-craciun-magnet-frigider\/p\/#breadcrumb","itemListElement":[{"@type":"ListItem","position":1,"name":"Home","item":"https:\/\/business.roovi.com\/ro\/"},{"@type":"ListItem","position":2,"name":"Magazin","item":"https:\/\/business.roovi.com\/ro\/magazin\/"},{"@type":"ListItem","position":3,"name":"Puzzle 60 Cr\u0103ciun + Joc Color Me + Magnet Frigider"}]},{"@type":"WebSite","@id":"https:\/\/business.roovi.com\/ro\/#website","url":"https:\/\/business.roovi.com\/ro\/","name":"Roovi B2B","description":"Roovi Business Website","potentialAction":[{"@type":"SearchAction","target":{"@type":"EntryPoint","urlTemplate":"https:\/\/business.roovi.com\/ro\/?s={search_term_string}"},"query-input":"required name=search_term_string"}],"inLanguage":"ro-RO"}]}},"_links":{"self":[{"href":"https:\/\/business.roovi.com\/ro\/wp-json\/wp\/v2\/product\/15565","targetHints":{"allow":["GET"]}}],"collection":[{"href":"https:\/\/business.roovi.com\/ro\/wp-json\/wp\/v2\/product"}],"about":[{"href":"https:\/\/business.roovi.com\/ro\/wp-json\/wp\/v2\/types\/product"}],"version-history":[{"count":0,"href":"https:\/\/business.roovi.com\/ro\/wp-json\/wp\/v2\/product\/15565\/revisions"}],"wp:featuredmedia":[{"embeddable":true,"href":"https:\/\/business.roovi.com\/ro\/wp-json\/wp\/v2\/media\/15561"}],"wp:attachment":[{"href":"https:\/\/business.roovi.com\/ro\/wp-json\/wp\/v2\/media?parent=15565"}],"wp:term":[{"taxonomy":"product_brand","embeddable":true,"href":"https:\/\/business.roovi.com\/ro\/wp-json\/wp\/v2\/product_brand?post=15565"},{"taxonomy":"product_cat","embeddable":true,"href":"https:\/\/business.roovi.com\/ro\/wp-json\/wp\/v2\/product_cat?post=15565"},{"taxonomy":"product_tag","embeddable":true,"href":"https:\/\/business.roovi.com\/ro\/wp-json\/wp\/v2\/product_tag?post=15565"}],"curies":[{"name":"wp","href":"https:\/\/api.w.org\/{rel}","templated":true}]}}