{"id":15597,"date":"2018-04-16T10:56:16","date_gmt":"2018-04-16T10:56:16","guid":{"rendered":"https:\/\/business.roovi.com\/product\/puzzle-special-pyramid-cartoon-500-piese\/"},"modified":"2023-03-30T08:24:08","modified_gmt":"2023-03-30T08:24:08","slug":"puzzle-special-pyramid-cartoon-500-piese","status":"publish","type":"product","link":"https:\/\/business.roovi.com\/ro\/puzzle-special-pyramid-cartoon-500-piese\/p\/","title":{"rendered":"Puzzle 500 piese Special Pyramid &#8211; Cartoon"},"content":{"rendered":"<h3><span style=\"font-weight: 400;\">E\u0219ti pasionat de jocurile puzzle \u0219i te sim\u021bi preg\u0103tit s\u0103 treci la modele mai dificile? Alege Pyramid Puzzle Cartoon, 500 piese, o provocare pe c\u00e2t de complex\u0103, pe at\u00e2t de distractiv\u0103.<\/span><\/h3>\n<p><span style=\"font-weight: 400;\">Puzzle Cartoon &#8211; Special Pyramid este format din 4 puzzle-uri care au \u00een total 500 piese. Fiecare dintre acestea este o latur\u0103 a piramidei 3D pe care o po\u021bi asambla odat\u0103 ce toate puzzle-urile sunt gata.<\/span><\/p>\n<p><span style=\"font-weight: 400;\">Acest Puzzle Special 3D red\u0103 o interpretare amuzant\u0103 a faimoaselor piramide egiptene. Personaje animate, pline de haz \u0219i personalitate prind via\u021b\u0103 \u00een scene amuzante care se desf\u0103\u0219oar\u0103 \u00een jurul piramidelor.\u00a0<\/span><\/p>\n<p><b>Descoper\u0103 fiecare scen\u0103 din piramid\u0103 \u00een detaliu \u0219i bucur\u0103-te de un spectacol fabulos cu Puzzle Special Pyramid Cartoon, 500 piese.<\/b><\/p>\n<h3><span style=\"font-weight: 400;\">E\u0219ti gata pentru o provocare multidimensional\u0103?<\/span><\/h3>\n<p><span style=\"font-weight: 400;\">Jocul puzzle are puterea s\u0103 \u00ee\u021bi relaxeze mintea sau s\u0103 te duc\u0103 cu g\u00e2ndul \u00een locuri \u00eendep\u0103rtate. Cu Puzzle Special Pyramid &#8211; Cartoon c\u0103l\u0103tore\u0219ti pe t\u0103r\u00e2murile pline de mister din Egipt, al\u0103turi de personajele adorabile din ilustra\u021bie. \u00cen plus, este un prilej de a te \u00eentoarce c\u0103tre sine \u0219i de a te bucura de momentul prezent, antren\u00e2ndu-\u021bi \u00een acela\u0219i timp abilit\u0103\u021bi importante:<\/span><\/p>\n<ul>\n<li style=\"font-weight: 400;\" aria-level=\"1\"><span style=\"font-weight: 400;\">Memoria pe termen scurt<\/span><\/li>\n<li style=\"font-weight: 400;\" aria-level=\"1\"><span style=\"font-weight: 400;\">Aten\u021bia la detalii<\/span><\/li>\n<li style=\"font-weight: 400;\" aria-level=\"1\"><span style=\"font-weight: 400;\">Capacitatea de concentrare<\/span><\/li>\n<li style=\"font-weight: 400;\" aria-level=\"1\"><span style=\"font-weight: 400;\">Coordonarea m\u00e2n\u0103-ochi<\/span><\/li>\n<li style=\"font-weight: 400;\" aria-level=\"1\"><span style=\"font-weight: 400;\">G\u00e2ndirea creativ\u0103<\/span><\/li>\n<li style=\"font-weight: 400;\" aria-level=\"1\"><span style=\"font-weight: 400;\">Capacitatea de a rezolva probleme.\u00a0<\/span><\/li>\n<\/ul>\n<h3><span style=\"font-weight: 400;\">De ce s\u0103 alegi Puzzle 3D, 500 piese \u00een form\u0103 de piramid\u0103?<\/span><\/h3>\n<p><span style=\"font-weight: 400;\">Este un puzzle pentru adul\u021bi rezistent, produs din carton de foarte bun\u0103 calitate. Piesele se asambleaz\u0103 u\u0219or, iar cele 4 puzzle-uri ce formeaz\u0103 piramida se \u00eembin\u0103 perfect.<\/span><\/p>\n<p><span style=\"font-weight: 400;\">Piramida rezultat\u0103 este un obiect decorativ inedit cu care \u00ee\u021bi po\u021bi \u00eenfrumuse\u021ba locuin\u021ba.<\/span><\/p>\n<p><span style=\"font-weight: 400;\">Finisajul este semi-lucios, iar culoriile vii scot \u00een eviden\u021b\u0103 frumuse\u021bea ilustra\u021biei.<\/span><\/p>\n<p><span style=\"font-weight: 400;\">Imaginea asamblat\u0103 este compact\u0103 \u0219i po\u021bi admira \u00eendelung fiecare detaliu al ilustra\u021biei.<\/span><\/p>\n<p><span style=\"font-weight: 400;\">Este un produs prietenos cu natura, fiind confec\u021bionat din materiale reciclabile, sustenabile.<\/span><\/p>\n<p><span style=\"font-weight: 400;\">Este potrivit persoanelor peste 14 ani, prilej de distrac\u021bie maxim\u0103 \u00eempreun\u0103 cu copiii t\u0103i adolescen\u021bi.<\/span><\/p>\n<p><b>Antreneaz\u0103-\u021bi imagina\u021bia cu Puzzle Cartoon &#8211; Special Pyramid!\u00a0<\/b><\/p>\n<p><span style=\"font-weight: 400;\">Pune pies\u0103 l\u00e2ng\u0103 pies\u0103 \u0219i mergi pe urmele personajelor animate din Puzzle 500 piese &#8211; Special Pyramid.\u00a0<\/span><\/p>\n<p><span style=\"font-weight: 400;\">\u00cen momentele de introspec\u021bie, \u00een timpul liber \u00eempreun\u0103 cu familia sau pur \u0219i simplu ca dar de s\u0103rb\u0103tori pentru cei dragi, Puzzle Special Pyramid &#8211; Cartoon este alegerea perfect\u0103.<\/span><\/p>\n","protected":false},"excerpt":{"rendered":"<p>E\u0219ti pasionat de jocurile puzzle \u0219i te sim\u021bi preg\u0103tit s\u0103 treci la modele mai dificile? Alege Pyramid Puzzle Cartoon, 500<\/p>\n","protected":false},"featured_media":15593,"template":"","meta":[],"product_brand":[],"product_cat":[1454,1488,1551],"product_tag":[],"class_list":{"0":"post-15597","1":"product","2":"type-product","3":"status-publish","4":"has-post-thumbnail","6":"product_cat-puzzle","7":"product_cat-puzzle-adulti","8":"product_cat-puzzle-adulti-special","9":"pa_bax-1273","10":"pa_brand-d_toys","11":"pa_country_of_manufacture-ro","12":"pa_filter_age-1315","13":"pa_painter-cartooncollection","14":"pa_tip_ambalaj-cutie","15":"pa_tip_puzzle-puzzlespecial","17":"first","18":"instock","19":"taxable","20":"shipping-taxable","21":"product-type-simple"},"yoast_head":"<!-- This site is optimized with the Yoast SEO plugin v20.1 - https:\/\/yoast.com\/wordpress\/plugins\/seo\/ -->\n<title>Puzzle 500 piese Special Pyramid - Cartoon - Roovi B2B<\/title>\n<meta name=\"robots\" content=\"index, follow, max-snippet:-1, max-image-preview:large, max-video-preview:-1\" \/>\n<link rel=\"canonical\" href=\"https:\/\/www.roovi.ro\/puzzle-special-pyramid-cartoon-500-piese\/p\/\" \/>\n<meta property=\"og:locale\" content=\"ro_RO\" \/>\n<meta property=\"og:type\" content=\"article\" \/>\n<meta property=\"og:title\" content=\"Puzzle 500 piese Special Pyramid - Cartoon - Roovi B2B\" \/>\n<meta property=\"og:description\" content=\"E\u0219ti pasionat de jocurile puzzle \u0219i te sim\u021bi preg\u0103tit s\u0103 treci la modele mai dificile? Alege Pyramid Puzzle Cartoon, 500\" \/>\n<meta property=\"og:url\" content=\"https:\/\/www.roovi.ro\/puzzle-special-pyramid-cartoon-500-piese\/p\/\" \/>\n<meta property=\"og:site_name\" content=\"Roovi B2B\" \/>\n<meta property=\"article:publisher\" content=\"https:\/\/www.facebook.com\/wwwjucariero\" \/>\n<meta property=\"article:modified_time\" content=\"2023-03-30T08:24:08+00:00\" \/>\n<meta property=\"og:image\" content=\"https:\/\/business.roovi.com\/wp-content\/uploads\/2018\/04\/65964_01.jpg\" \/>\n\t<meta property=\"og:image:width\" content=\"1200\" \/>\n\t<meta property=\"og:image:height\" content=\"1200\" \/>\n\t<meta property=\"og:image:type\" content=\"image\/jpeg\" \/>\n<meta name=\"twitter:label1\" content=\"Timp estimat pentru citire\" \/>\n\t<meta name=\"twitter:data1\" content=\"2 minute\" \/>\n<script type=\"application\/ld+json\" class=\"yoast-schema-graph\">{\"@context\":\"https:\/\/schema.org\",\"@graph\":[{\"@type\":\"WebPage\",\"@id\":\"https:\/\/business.roovi.com\/ro\/puzzle-special-pyramid-cartoon-500-piese\/p\/\",\"url\":\"https:\/\/www.roovi.ro\/puzzle-special-pyramid-cartoon-500-piese\/p\/\",\"name\":\"Puzzle 500 piese Special Pyramid - Cartoon - Roovi B2B\",\"isPartOf\":{\"@id\":\"https:\/\/business.roovi.com\/ro\/#website\"},\"datePublished\":\"2018-04-16T10:56:16+00:00\",\"dateModified\":\"2023-03-30T08:24:08+00:00\",\"breadcrumb\":{\"@id\":\"https:\/\/www.roovi.ro\/puzzle-special-pyramid-cartoon-500-piese\/p\/#breadcrumb\"},\"inLanguage\":\"ro-RO\",\"potentialAction\":[{\"@type\":\"ReadAction\",\"target\":[\"https:\/\/www.roovi.ro\/puzzle-special-pyramid-cartoon-500-piese\/p\/\"]}]},{\"@type\":\"BreadcrumbList\",\"@id\":\"https:\/\/www.roovi.ro\/puzzle-special-pyramid-cartoon-500-piese\/p\/#breadcrumb\",\"itemListElement\":[{\"@type\":\"ListItem\",\"position\":1,\"name\":\"Home\",\"item\":\"https:\/\/business.roovi.com\/ro\/\"},{\"@type\":\"ListItem\",\"position\":2,\"name\":\"Magazin\",\"item\":\"https:\/\/business.roovi.com\/ro\/magazin\/\"},{\"@type\":\"ListItem\",\"position\":3,\"name\":\"Puzzle 500 piese Special Pyramid &#8211; Cartoon\"}]},{\"@type\":\"WebSite\",\"@id\":\"https:\/\/business.roovi.com\/ro\/#website\",\"url\":\"https:\/\/business.roovi.com\/ro\/\",\"name\":\"Roovi B2B\",\"description\":\"Roovi Business Website\",\"potentialAction\":[{\"@type\":\"SearchAction\",\"target\":{\"@type\":\"EntryPoint\",\"urlTemplate\":\"https:\/\/business.roovi.com\/ro\/?s={search_term_string}\"},\"query-input\":\"required name=search_term_string\"}],\"inLanguage\":\"ro-RO\"}]}<\/script>\n<!-- \/ Yoast SEO plugin. -->","yoast_head_json":{"title":"Puzzle 500 piese Special Pyramid - Cartoon - Roovi B2B","robots":{"index":"index","follow":"follow","max-snippet":"max-snippet:-1","max-image-preview":"max-image-preview:large","max-video-preview":"max-video-preview:-1"},"canonical":"https:\/\/www.roovi.ro\/puzzle-special-pyramid-cartoon-500-piese\/p\/","og_locale":"ro_RO","og_type":"article","og_title":"Puzzle 500 piese Special Pyramid - Cartoon - Roovi B2B","og_description":"E\u0219ti pasionat de jocurile puzzle \u0219i te sim\u021bi preg\u0103tit s\u0103 treci la modele mai dificile? Alege Pyramid Puzzle Cartoon, 500","og_url":"https:\/\/www.roovi.ro\/puzzle-special-pyramid-cartoon-500-piese\/p\/","og_site_name":"Roovi B2B","article_publisher":"https:\/\/www.facebook.com\/wwwjucariero","article_modified_time":"2023-03-30T08:24:08+00:00","og_image":[{"width":1200,"height":1200,"url":"https:\/\/business.roovi.com\/wp-content\/uploads\/2018\/04\/65964_01.jpg","type":"image\/jpeg"}],"twitter_misc":{"Timp estimat pentru citire":"2 minute"},"schema":{"@context":"https:\/\/schema.org","@graph":[{"@type":"WebPage","@id":"https:\/\/business.roovi.com\/ro\/puzzle-special-pyramid-cartoon-500-piese\/p\/","url":"https:\/\/www.roovi.ro\/puzzle-special-pyramid-cartoon-500-piese\/p\/","name":"Puzzle 500 piese Special Pyramid - Cartoon - Roovi B2B","isPartOf":{"@id":"https:\/\/business.roovi.com\/ro\/#website"},"datePublished":"2018-04-16T10:56:16+00:00","dateModified":"2023-03-30T08:24:08+00:00","breadcrumb":{"@id":"https:\/\/www.roovi.ro\/puzzle-special-pyramid-cartoon-500-piese\/p\/#breadcrumb"},"inLanguage":"ro-RO","potentialAction":[{"@type":"ReadAction","target":["https:\/\/www.roovi.ro\/puzzle-special-pyramid-cartoon-500-piese\/p\/"]}]},{"@type":"BreadcrumbList","@id":"https:\/\/www.roovi.ro\/puzzle-special-pyramid-cartoon-500-piese\/p\/#breadcrumb","itemListElement":[{"@type":"ListItem","position":1,"name":"Home","item":"https:\/\/business.roovi.com\/ro\/"},{"@type":"ListItem","position":2,"name":"Magazin","item":"https:\/\/business.roovi.com\/ro\/magazin\/"},{"@type":"ListItem","position":3,"name":"Puzzle 500 piese Special Pyramid &#8211; Cartoon"}]},{"@type":"WebSite","@id":"https:\/\/business.roovi.com\/ro\/#website","url":"https:\/\/business.roovi.com\/ro\/","name":"Roovi B2B","description":"Roovi Business Website","potentialAction":[{"@type":"SearchAction","target":{"@type":"EntryPoint","urlTemplate":"https:\/\/business.roovi.com\/ro\/?s={search_term_string}"},"query-input":"required name=search_term_string"}],"inLanguage":"ro-RO"}]}},"_links":{"self":[{"href":"https:\/\/business.roovi.com\/ro\/wp-json\/wp\/v2\/product\/15597","targetHints":{"allow":["GET"]}}],"collection":[{"href":"https:\/\/business.roovi.com\/ro\/wp-json\/wp\/v2\/product"}],"about":[{"href":"https:\/\/business.roovi.com\/ro\/wp-json\/wp\/v2\/types\/product"}],"version-history":[{"count":0,"href":"https:\/\/business.roovi.com\/ro\/wp-json\/wp\/v2\/product\/15597\/revisions"}],"wp:featuredmedia":[{"embeddable":true,"href":"https:\/\/business.roovi.com\/ro\/wp-json\/wp\/v2\/media\/15593"}],"wp:attachment":[{"href":"https:\/\/business.roovi.com\/ro\/wp-json\/wp\/v2\/media?parent=15597"}],"wp:term":[{"taxonomy":"product_brand","embeddable":true,"href":"https:\/\/business.roovi.com\/ro\/wp-json\/wp\/v2\/product_brand?post=15597"},{"taxonomy":"product_cat","embeddable":true,"href":"https:\/\/business.roovi.com\/ro\/wp-json\/wp\/v2\/product_cat?post=15597"},{"taxonomy":"product_tag","embeddable":true,"href":"https:\/\/business.roovi.com\/ro\/wp-json\/wp\/v2\/product_tag?post=15597"}],"curies":[{"name":"wp","href":"https:\/\/api.w.org\/{rel}","templated":true}]}}