{"id":15654,"date":"2018-04-16T10:56:16","date_gmt":"2018-04-16T10:56:16","guid":{"rendered":"https:\/\/business.roovi.com\/product\/puzzle-special-rotund-botticelli-madonna-of-the-magnificat-525-piese\/"},"modified":"2023-03-23T12:37:59","modified_gmt":"2023-03-23T12:37:59","slug":"puzzle-special-rotund-botticelli-madonna-of-the-magnificat-525-piese","status":"publish","type":"product","link":"https:\/\/business.roovi.com\/ro\/puzzle-special-rotund-botticelli-madonna-of-the-magnificat-525-piese\/p\/","title":{"rendered":"Puzzle 525 piese Special Rotund &#8211; Botticelli &#8211; Madonna of the Magnificat"},"content":{"rendered":"<h3><span style=\"font-weight: 400;\">S\u0103 contempli o capodoper\u0103 a Rena\u0219terii este o \u00eenc\u00e2ntare, dar cum ar fi s\u0103 refaci cu m\u00e2inile tale o pictur\u0103 celebr\u0103? Alege Puzzle Special Rotund &#8211; <\/span><span style=\"font-weight: 400;\">Madonna of the Magnificat \u0219i experimenteaz\u0103 o activitate creativ\u0103 deosebit\u0103.<\/span><\/h3>\n<p><span style=\"font-weight: 400;\">Pictura Madonna of the Magnificat a fost realizat\u0103 de pictorul renascentist Sandro Botticelli \u00een anul 1481, fiind la vremea respectiv\u0103 cea mai spectaculoas\u0103 reprezentare a Fecioarei Maria \u00een art\u0103.\u00a0<\/span><\/p>\n<p><span style=\"font-weight: 400;\">Puzzle 525 piese: Special Rotund \u2013 Madonna of the Magnificat red\u0103 cu acurate\u021be aceast\u0103 pictur\u0103 impresionant\u0103 \u00een form\u0103 rotund\u0103, ce dateaz\u0103 din perioada Rena\u0219terii.\u00a0<\/span><\/p>\n<p><span style=\"font-weight: 400;\">Fiecare pies\u0103 este unic\u0103 \u0219i se \u00eembin\u0103 perfect, rezult\u00e2nd un tablou compact pe care \u00eel po\u021bi admira oric\u00e2nd \u00een intimitatea casei tale.<\/span><\/p>\n<h3><span style=\"font-weight: 400;\">De ce s\u0103 alegi un puzzle de 525 piese, \u00een form\u0103 rotund\u0103<\/span><\/h3>\n<p><span style=\"font-weight: 400;\">Este un puzzle complex \u0219i o provocare frumoas\u0103 pentru orice pasionat de jocuri puzzle.<\/span><\/p>\n<p><span style=\"font-weight: 400;\">Ai ocazia s\u0103 creezi cu m\u00e2inile tale o replic\u0103 deosebit\u0103 a unei capodopere valoroase.<\/span><\/p>\n<p><span style=\"font-weight: 400;\">Este produs din carton de calitate superioar\u0103, ceea ce \u00eei asigur\u0103 rezisten\u021b\u0103 \u00eendelungat\u0103, chiar \u0219i la asambl\u0103ri numeroase.<\/span><\/p>\n<p><span style=\"font-weight: 400;\">Finisajul este semi-lucios, iar culorile vii redau frumuse\u021bea \u0219i sensibilitatea operei originale.<\/span><\/p>\n<p><span style=\"font-weight: 400;\">Este realizat din materiale reciclabile, sustenabile.<\/span><\/p>\n<p><span style=\"font-weight: 400;\">Este potrivit persoanelor peste 14 ani, fiind ideal pentru momentele de relaxare \u0219i conectare cu cei dragi.<\/span><\/p>\n<p><span style=\"font-weight: 400;\">Un puzzle complex precum Puzzle Special Rotund Madonna of the Magnificat este un excelent antrenament pentru creier.\u00a0<\/span><\/p>\n<h3><span style=\"font-weight: 400;\">Despre Sandro Botticelli \u0219tiai c\u0103\u2026<\/span><\/h3>\n<ul>\n<li style=\"font-weight: 400;\" aria-level=\"1\"><span style=\"font-weight: 400;\">A fost celebru \u00een timpul vie\u021bii, fiind o vreme preferatul lui Lorenzo de Medici, renumitul conduc\u0103torul al Floren\u021bei din perioada Rena\u0219terii.<\/span><\/li>\n<li style=\"font-weight: 400;\" aria-level=\"1\"><span style=\"font-weight: 400;\">A contribuit la realizarea picturilor din Capela Sixtin\u0103.<\/span><\/li>\n<li style=\"font-weight: 400;\" aria-level=\"1\"><span style=\"font-weight: 400;\">Opera sa a fost pe nedrept ignorat\u0103 dup\u0103 anii 1500, fiind redescoperit\u0103 \u0219i reevaluat\u0103 abia la finele secolulului al XIX-lea.<\/span><\/li>\n<li style=\"font-weight: 400;\" aria-level=\"1\"><span style=\"font-weight: 400;\">A murit s\u0103rac, la finalul vie\u021bii intr\u00e2nd \u00eentr-un con de umbr\u0103, fiind eclipsat de arti\u0219ti renumi\u021bi precum Leonardo da Vinci \u0219i Michelangelo.\u00a0<\/span><\/li>\n<li style=\"font-weight: 400;\" aria-level=\"1\"><span style=\"font-weight: 400;\">Cea mai scump\u0103 lucrare a sa este <\/span><i><span style=\"font-weight: 400;\">T\u00e2n\u0103rul \u021bin\u00e2nd medalion <\/span><\/i><span style=\"font-weight: 400;\">care s-a v\u00e2ndut la o licita\u021bie din New York \u00een 2021 cu aproape 93 de milioane de dolari.<\/span><\/li>\n<\/ul>\n<h3><span style=\"font-weight: 400;\">Puzzle<\/span> <span style=\"font-weight: 400;\">Special Rotund \u2013 Madonna of the Magnificat te provoac\u0103 s\u0103 \u00eenve\u021bi lucruri noi<\/span><\/h3>\n<p><span style=\"font-weight: 400;\">S\u0103 dezvol\u021bi noi strategii de asamblare, s\u0103-\u021bi prive\u0219ti problemele dintr-o alt\u0103 perspectiv\u0103, s\u0103 descoperi perioada rena\u0219terii. Iat\u0103 doar c\u00e2teva provoc\u0103ri de cunoa\u0219tere pe care \u021bi le ofer\u0103 acest puzzle superb, \u00een form\u0103 rotund\u0103.<\/span><\/p>\n<p><span style=\"font-weight: 400;\">\u00a0\u00cen plus, Puzzle Special Rotund \u2013 Madonna of the Magnificat este relaxant \u0219i distractiv \u0219i poate aduna \u00een jur toat\u0103 familia. Bucur\u0103-te a\u0219adar de un timp de calitate al\u0103turi de cei dragi \u0219i de o minunat\u0103 experien\u021b\u0103 de cunoa\u0219tere.<\/span><\/p>\n<p><span style=\"font-weight: 400;\">De asemenea, pentru s\u0103rb\u0103tori, anivers\u0103ri sau alte ocazii festive, Puzzle 525 piese: Special Rotund \u2013 Madonna of the Magnificat de Sandro Botticelli este alegerea perfect\u0103.<\/span><\/p>\n","protected":false},"excerpt":{"rendered":"<p>S\u0103 contempli o capodoper\u0103 a Rena\u0219terii este o \u00eenc\u00e2ntare, dar cum ar fi s\u0103 refaci cu m\u00e2inile tale o pictur\u0103<\/p>\n","protected":false},"featured_media":69141,"template":"","meta":[],"product_brand":[],"product_cat":[1454,1488,1551],"product_tag":[],"class_list":{"0":"post-15654","1":"product","2":"type-product","3":"status-publish","4":"has-post-thumbnail","6":"product_cat-puzzle","7":"product_cat-puzzle-adulti","8":"product_cat-puzzle-adulti-special","9":"pa_bax-1300","10":"pa_brand-d_toys","11":"pa_country_of_manufacture-ro","12":"pa_filter_age-1315","13":"pa_painter-sandrobotticelli","14":"pa_tip_ambalaj-cutie","15":"pa_tip_puzzle-puzzlespecial","17":"first","18":"instock","19":"taxable","20":"shipping-taxable","21":"product-type-simple"},"yoast_head":"<!-- This site is optimized with the Yoast SEO plugin v20.1 - https:\/\/yoast.com\/wordpress\/plugins\/seo\/ -->\n<title>Puzzle 525 piese Special Rotund - Botticelli - Madonna of the Magnificat - Roovi B2B<\/title>\n<meta name=\"robots\" content=\"index, follow, max-snippet:-1, max-image-preview:large, max-video-preview:-1\" \/>\n<link rel=\"canonical\" href=\"https:\/\/www.roovi.ro\/puzzle-special-rotund-botticelli-madonna-of-the-magnificat-525-piese\/p\/\" \/>\n<meta property=\"og:locale\" content=\"ro_RO\" \/>\n<meta property=\"og:type\" content=\"article\" \/>\n<meta property=\"og:title\" content=\"Puzzle 525 piese Special Rotund - Botticelli - Madonna of the Magnificat - Roovi B2B\" \/>\n<meta property=\"og:description\" content=\"S\u0103 contempli o capodoper\u0103 a Rena\u0219terii este o \u00eenc\u00e2ntare, dar cum ar fi s\u0103 refaci cu m\u00e2inile tale o pictur\u0103\" \/>\n<meta property=\"og:url\" content=\"https:\/\/www.roovi.ro\/puzzle-special-rotund-botticelli-madonna-of-the-magnificat-525-piese\/p\/\" \/>\n<meta property=\"og:site_name\" content=\"Roovi B2B\" \/>\n<meta property=\"article:publisher\" content=\"https:\/\/www.facebook.com\/wwwjucariero\" \/>\n<meta property=\"article:modified_time\" content=\"2023-03-23T12:37:59+00:00\" \/>\n<meta property=\"og:image\" content=\"https:\/\/business.roovi.com\/wp-content\/uploads\/2018\/04\/66985-TM-02-WEB-1.jpg\" \/>\n\t<meta property=\"og:image:width\" content=\"1200\" \/>\n\t<meta property=\"og:image:height\" content=\"1200\" \/>\n\t<meta property=\"og:image:type\" content=\"image\/jpeg\" \/>\n<meta name=\"twitter:label1\" content=\"Timp estimat pentru citire\" \/>\n\t<meta name=\"twitter:data1\" content=\"3 minute\" \/>\n<script type=\"application\/ld+json\" class=\"yoast-schema-graph\">{\"@context\":\"https:\/\/schema.org\",\"@graph\":[{\"@type\":\"WebPage\",\"@id\":\"https:\/\/business.roovi.com\/ro\/puzzle-special-rotund-botticelli-madonna-of-the-magnificat-525-piese\/p\/\",\"url\":\"https:\/\/www.roovi.ro\/puzzle-special-rotund-botticelli-madonna-of-the-magnificat-525-piese\/p\/\",\"name\":\"Puzzle 525 piese Special Rotund - Botticelli - Madonna of the Magnificat - Roovi B2B\",\"isPartOf\":{\"@id\":\"https:\/\/business.roovi.com\/ro\/#website\"},\"datePublished\":\"2018-04-16T10:56:16+00:00\",\"dateModified\":\"2023-03-23T12:37:59+00:00\",\"breadcrumb\":{\"@id\":\"https:\/\/www.roovi.ro\/puzzle-special-rotund-botticelli-madonna-of-the-magnificat-525-piese\/p\/#breadcrumb\"},\"inLanguage\":\"ro-RO\",\"potentialAction\":[{\"@type\":\"ReadAction\",\"target\":[\"https:\/\/www.roovi.ro\/puzzle-special-rotund-botticelli-madonna-of-the-magnificat-525-piese\/p\/\"]}]},{\"@type\":\"BreadcrumbList\",\"@id\":\"https:\/\/www.roovi.ro\/puzzle-special-rotund-botticelli-madonna-of-the-magnificat-525-piese\/p\/#breadcrumb\",\"itemListElement\":[{\"@type\":\"ListItem\",\"position\":1,\"name\":\"Home\",\"item\":\"https:\/\/business.roovi.com\/ro\/\"},{\"@type\":\"ListItem\",\"position\":2,\"name\":\"Magazin\",\"item\":\"https:\/\/business.roovi.com\/ro\/magazin\/\"},{\"@type\":\"ListItem\",\"position\":3,\"name\":\"Puzzle 525 piese Special Rotund &#8211; Botticelli &#8211; Madonna of the Magnificat\"}]},{\"@type\":\"WebSite\",\"@id\":\"https:\/\/business.roovi.com\/ro\/#website\",\"url\":\"https:\/\/business.roovi.com\/ro\/\",\"name\":\"Roovi B2B\",\"description\":\"Roovi Business Website\",\"potentialAction\":[{\"@type\":\"SearchAction\",\"target\":{\"@type\":\"EntryPoint\",\"urlTemplate\":\"https:\/\/business.roovi.com\/ro\/?s={search_term_string}\"},\"query-input\":\"required name=search_term_string\"}],\"inLanguage\":\"ro-RO\"}]}<\/script>\n<!-- \/ Yoast SEO plugin. -->","yoast_head_json":{"title":"Puzzle 525 piese Special Rotund - Botticelli - Madonna of the Magnificat - Roovi B2B","robots":{"index":"index","follow":"follow","max-snippet":"max-snippet:-1","max-image-preview":"max-image-preview:large","max-video-preview":"max-video-preview:-1"},"canonical":"https:\/\/www.roovi.ro\/puzzle-special-rotund-botticelli-madonna-of-the-magnificat-525-piese\/p\/","og_locale":"ro_RO","og_type":"article","og_title":"Puzzle 525 piese Special Rotund - Botticelli - Madonna of the Magnificat - Roovi B2B","og_description":"S\u0103 contempli o capodoper\u0103 a Rena\u0219terii este o \u00eenc\u00e2ntare, dar cum ar fi s\u0103 refaci cu m\u00e2inile tale o pictur\u0103","og_url":"https:\/\/www.roovi.ro\/puzzle-special-rotund-botticelli-madonna-of-the-magnificat-525-piese\/p\/","og_site_name":"Roovi B2B","article_publisher":"https:\/\/www.facebook.com\/wwwjucariero","article_modified_time":"2023-03-23T12:37:59+00:00","og_image":[{"width":1200,"height":1200,"url":"https:\/\/business.roovi.com\/wp-content\/uploads\/2018\/04\/66985-TM-02-WEB-1.jpg","type":"image\/jpeg"}],"twitter_misc":{"Timp estimat pentru citire":"3 minute"},"schema":{"@context":"https:\/\/schema.org","@graph":[{"@type":"WebPage","@id":"https:\/\/business.roovi.com\/ro\/puzzle-special-rotund-botticelli-madonna-of-the-magnificat-525-piese\/p\/","url":"https:\/\/www.roovi.ro\/puzzle-special-rotund-botticelli-madonna-of-the-magnificat-525-piese\/p\/","name":"Puzzle 525 piese Special Rotund - Botticelli - Madonna of the Magnificat - Roovi B2B","isPartOf":{"@id":"https:\/\/business.roovi.com\/ro\/#website"},"datePublished":"2018-04-16T10:56:16+00:00","dateModified":"2023-03-23T12:37:59+00:00","breadcrumb":{"@id":"https:\/\/www.roovi.ro\/puzzle-special-rotund-botticelli-madonna-of-the-magnificat-525-piese\/p\/#breadcrumb"},"inLanguage":"ro-RO","potentialAction":[{"@type":"ReadAction","target":["https:\/\/www.roovi.ro\/puzzle-special-rotund-botticelli-madonna-of-the-magnificat-525-piese\/p\/"]}]},{"@type":"BreadcrumbList","@id":"https:\/\/www.roovi.ro\/puzzle-special-rotund-botticelli-madonna-of-the-magnificat-525-piese\/p\/#breadcrumb","itemListElement":[{"@type":"ListItem","position":1,"name":"Home","item":"https:\/\/business.roovi.com\/ro\/"},{"@type":"ListItem","position":2,"name":"Magazin","item":"https:\/\/business.roovi.com\/ro\/magazin\/"},{"@type":"ListItem","position":3,"name":"Puzzle 525 piese Special Rotund &#8211; Botticelli &#8211; Madonna of the Magnificat"}]},{"@type":"WebSite","@id":"https:\/\/business.roovi.com\/ro\/#website","url":"https:\/\/business.roovi.com\/ro\/","name":"Roovi B2B","description":"Roovi Business Website","potentialAction":[{"@type":"SearchAction","target":{"@type":"EntryPoint","urlTemplate":"https:\/\/business.roovi.com\/ro\/?s={search_term_string}"},"query-input":"required name=search_term_string"}],"inLanguage":"ro-RO"}]}},"_links":{"self":[{"href":"https:\/\/business.roovi.com\/ro\/wp-json\/wp\/v2\/product\/15654","targetHints":{"allow":["GET"]}}],"collection":[{"href":"https:\/\/business.roovi.com\/ro\/wp-json\/wp\/v2\/product"}],"about":[{"href":"https:\/\/business.roovi.com\/ro\/wp-json\/wp\/v2\/types\/product"}],"version-history":[{"count":0,"href":"https:\/\/business.roovi.com\/ro\/wp-json\/wp\/v2\/product\/15654\/revisions"}],"wp:featuredmedia":[{"embeddable":true,"href":"https:\/\/business.roovi.com\/ro\/wp-json\/wp\/v2\/media\/69141"}],"wp:attachment":[{"href":"https:\/\/business.roovi.com\/ro\/wp-json\/wp\/v2\/media?parent=15654"}],"wp:term":[{"taxonomy":"product_brand","embeddable":true,"href":"https:\/\/business.roovi.com\/ro\/wp-json\/wp\/v2\/product_brand?post=15654"},{"taxonomy":"product_cat","embeddable":true,"href":"https:\/\/business.roovi.com\/ro\/wp-json\/wp\/v2\/product_cat?post=15654"},{"taxonomy":"product_tag","embeddable":true,"href":"https:\/\/business.roovi.com\/ro\/wp-json\/wp\/v2\/product_tag?post=15654"}],"curies":[{"name":"wp","href":"https:\/\/api.w.org\/{rel}","templated":true}]}}