{"id":15669,"date":"2018-04-16T10:56:16","date_gmt":"2018-04-16T10:56:16","guid":{"rendered":"https:\/\/business.roovi.com\/product\/puzzle-special-henri-de-toulouse-lautrec-at-the-moulin-rouge-515-piese\/"},"modified":"2023-03-23T07:13:43","modified_gmt":"2023-03-23T07:13:43","slug":"puzzle-special-henri-de-toulouse-lautrec-at-the-moulin-rouge-515-piese","status":"publish","type":"product","link":"https:\/\/business.roovi.com\/ro\/puzzle-special-henri-de-toulouse-lautrec-at-the-moulin-rouge-515-piese\/p\/","title":{"rendered":"Puzzle 515 piese Special &#8211; Henri de Toulouse-Lautrec &#8211; At the Moulin Rouge"},"content":{"rendered":"<h3><span style=\"font-weight: 400;\">Hey, tu, iubitorul de puzzle! Vrei s\u0103 \u00ee\u021bi surprinzi prietenii cu iste\u021bimea ta? Alege Puzzle Henri de Toulouse-Lautrec &#8211; At the Moulin Rouge cu 515 piese speciale \u0219i arat\u0103-le tuturor c\u0103 e\u0219ti un maestru al jocurilor puzzle.<\/span><\/h3>\n<p><span style=\"font-weight: 400;\">Fie c\u0103 vrei sau nu s\u0103 \u00ee\u021bi impresionezi prietenii, Puzzle Henri de Toulouse-Lautrec &#8211; At the Moulin Rouge din colec\u021bia Special Puzzles de la ROOVI este o alegere inspirat\u0103 pentru relaxare \u0219i bun\u0103 dispozi\u021bie.\u00a0<\/span><\/p>\n<p><span style=\"font-weight: 400;\">Considerat un pictor de geniu, dar un aristocrat dec\u0103zut, Henri de Toulouse-Lautrec a fost fascinat de via\u021ba de noapte efervescent\u0103 de la Moulin Rouge. Picturile sale reprezent\u00e2nd dansuri de cancan sau scene animate din cabaret descriu o atmosfer\u0103 exotic\u0103 \u0219i incitant\u0103, foarte iubit\u0103 de artist.<\/span><\/p>\n<p><span style=\"font-weight: 400;\">Relaxeaz\u0103-te, pune pies\u0103 l\u00e2ng\u0103 pies\u0103 \u0219i intr\u0103 \u00een lumea arti\u0219tilor geniali care au \u00eembog\u0103\u021bit lumea cu arta lor. Iar la final, admir\u0103 fiecare tu\u0219\u0103 din tabloul La Moulin Rouge prin intermediul unui puzzle special, din 515 piese cu form\u0103 inedit\u0103.<\/span><\/p>\n<h3><span style=\"font-weight: 400;\">De ce s\u0103 alegi un puzzle de art\u0103 din colec\u021bia Special Puzzles de la ROOVI<\/span><\/h3>\n<ul>\n<li style=\"font-weight: 400;\" aria-level=\"1\"><span style=\"font-weight: 400;\">Are 515 piese cu form\u0103 special\u0103 care se \u00eembin\u0103 perfect. Rezultatul este o copie fidel\u0103 a celebrului tablou de art\u0103 <\/span><b><i>At the Moulin Rouge <\/i><\/b><span style=\"font-weight: 400;\">pe care \u00eel po\u021bi admira la tine \u00een cas\u0103.<\/span><\/li>\n<li style=\"font-weight: 400;\" aria-level=\"1\"><span style=\"font-weight: 400;\">Piesele sunt produse din carton de calitatea superioar\u0103. Rezist\u0103 la asambl\u0103ri numeroase, iar tabloul final este de fiecare dat\u0103 la fel de reu\u0219it.\u00a0<\/span><\/li>\n<li style=\"font-weight: 400;\" aria-level=\"1\"><span style=\"font-weight: 400;\">Dimensiunea imaginii ref\u0103cute este de <\/span><b>48 x 34 cm. <\/b><span style=\"font-weight: 400;\">Arat\u0103 excelent \u00een ram\u0103 \u0219i d\u0103 personalitate oric\u0103rui loc anost din casa ta.<\/span><\/li>\n<li style=\"font-weight: 400;\" aria-level=\"1\"><span style=\"font-weight: 400;\">Un puzzle complex este un exerci\u021biu benefic pentru s\u0103n\u0103tatea creierului. Antreneaz\u0103 ambele emisfere cerebrale \u0219i reduce semnificativ apari\u021bia bolilor neurodegenerative.<\/span><\/li>\n<li style=\"font-weight: 400;\" aria-level=\"1\"><span style=\"font-weight: 400;\">Este o modalitate util\u0103 pentru a combate stresul, anxietatea, precum \u0219i depresia. \u00cendreapt\u0103 mintea c\u0103tre o activitate relaxant\u0103, ce aduce satisfac\u021bie.<\/span><\/li>\n<li style=\"font-weight: 400;\" aria-level=\"1\"><span style=\"font-weight: 400;\">Ajut\u0103 la \u00eembun\u0103t\u0103\u021birea ra\u021bionamentului vizual-spa\u021bial, a memoriei pe termen scurt \u0219i a abilit\u0103\u021bilor de rezolvare a problemelor.<\/span><\/li>\n<li style=\"font-weight: 400;\" aria-level=\"1\"><span style=\"font-weight: 400;\">Cre\u0219te nivelul dopaminei \u0219i serotoninei, substan\u021bele responsabile de starea de optimism \u0219i fericire.<\/span><\/li>\n<\/ul>\n<h3><span style=\"font-weight: 400;\">Despre pictorul Henri de Toulouse-Lautrec \u0219tiai c\u0103\u2026<\/span><\/h3>\n<ul>\n<li style=\"font-weight: 400;\" aria-level=\"1\"><span style=\"font-weight: 400;\">Se remarc\u0103 prin stilul original \u0219i personal care face imposibil\u0103 \u00eencadrarea pictorului \u00eentr-un curent artistic specific.<\/span><\/li>\n<li style=\"font-weight: 400;\" aria-level=\"1\"><span style=\"font-weight: 400;\">A scris o carte de bucate, fiind pasionat de arta g\u0103titului.\u00a0<\/span><\/li>\n<li style=\"font-weight: 400;\" aria-level=\"1\"><span style=\"font-weight: 400;\">Era un mare amator de alcool. A inventat \u201cearthquake cocktail\u201d, o combina\u021bie\u2026\u00a0 cutremur\u0103toare de alcool \u0219i absint.<\/span><\/li>\n<li style=\"font-weight: 400;\" aria-level=\"1\"><span style=\"font-weight: 400;\">A tr\u0103it doar 37 ani \u0219i a murit din cauza alcoolului.<\/span><\/li>\n<li style=\"font-weight: 400;\" aria-level=\"1\"><span style=\"font-weight: 400;\">A fost un artist prolific. A pictat peste 700 de tablouri pe p\u00e2nz\u0103, \u00een jur de 5000 de desene, precum \u0219i numeroase postere, ceramici \u0219i vitralii.<\/span><\/li>\n<\/ul>\n<p><span style=\"font-weight: 400;\">Fie c\u0103 alegi s\u0103 \u00eel asamblezi singur sau profi\u021bi de ocazie pentru a petrece c\u00e2teva ore de concentrare maxim\u0103 cu copiii sau cu prietenii, cu siguran\u021b\u0103 te vei bucura de timp de calitate discut\u00e2nd despre art\u0103 \u0219i ref\u0103c\u00e2nd \u00eempreun\u0103 tabloul din 515 piese de puzzle.<\/span><\/p>\n<p><span style=\"font-weight: 400;\">Jocul puzzle 515 piese Henri de Toulouse-Lautrec &#8211; La Moulin Rouge poate deveni o capodoper\u0103 cu care s\u0103 \u00eencepi s\u0103-\u021bi creezi o mini-galerie de art\u0103 din colec\u021bia Special Puzzles de la ROOVI.<\/span><\/p>\n<p><span style=\"font-weight: 400;\">De asemenea, Henri de Toulouse-Lautrec &#8211; At the Moulin Rouge, Special Puzzle 515 este potrivit s\u0103-l oferi \u00een dar unei persoane apropiate, care iube\u0219te jocurile puzzle. Se preteaz\u0103 pentru diverse ocazii de s\u0103rb\u0103toare, de la anivers\u0103ri, la cadou de Cr\u0103ciun.<\/span><\/p>\n<p>&nbsp;<\/p>\n","protected":false},"excerpt":{"rendered":"<p>Hey, tu, iubitorul de puzzle! Vrei s\u0103 \u00ee\u021bi surprinzi prietenii cu iste\u021bimea ta? Alege Puzzle Henri de Toulouse-Lautrec &#8211; At<\/p>\n","protected":false},"featured_media":69047,"template":"","meta":[],"product_brand":[],"product_cat":[1454,1488,1551],"product_tag":[],"class_list":{"0":"post-15669","1":"product","2":"type-product","3":"status-publish","4":"has-post-thumbnail","6":"product_cat-puzzle","7":"product_cat-puzzle-adulti","8":"product_cat-puzzle-adulti-special","9":"pa_bax-1273","10":"pa_brand-d_toys","11":"pa_country_of_manufacture-ro","12":"pa_filter_age-1315","13":"pa_painter-henridetoulouse_lautrec","14":"pa_tip_ambalaj-cutie","15":"pa_tip_puzzle-puzzlespecial","17":"first","18":"instock","19":"taxable","20":"shipping-taxable","21":"product-type-simple"},"yoast_head":"<!-- This site is optimized with the Yoast SEO plugin v20.1 - https:\/\/yoast.com\/wordpress\/plugins\/seo\/ -->\n<title>Puzzle 515 piese Special - Henri de Toulouse-Lautrec - At the Moulin Rouge - Roovi B2B<\/title>\n<meta name=\"robots\" content=\"index, follow, max-snippet:-1, max-image-preview:large, max-video-preview:-1\" \/>\n<link rel=\"canonical\" href=\"https:\/\/www.roovi.ro\/puzzle-special-henri-de-toulouse-lautrec-at-the-moulin-rouge-515-piese\/p\/\" \/>\n<meta property=\"og:locale\" content=\"ro_RO\" \/>\n<meta property=\"og:type\" content=\"article\" \/>\n<meta property=\"og:title\" content=\"Puzzle 515 piese Special - Henri de Toulouse-Lautrec - At the Moulin Rouge - Roovi B2B\" \/>\n<meta property=\"og:description\" content=\"Hey, tu, iubitorul de puzzle! Vrei s\u0103 \u00ee\u021bi surprinzi prietenii cu iste\u021bimea ta? Alege Puzzle Henri de Toulouse-Lautrec &#8211; At\" \/>\n<meta property=\"og:url\" content=\"https:\/\/www.roovi.ro\/puzzle-special-henri-de-toulouse-lautrec-at-the-moulin-rouge-515-piese\/p\/\" \/>\n<meta property=\"og:site_name\" content=\"Roovi B2B\" \/>\n<meta property=\"article:publisher\" content=\"https:\/\/www.facebook.com\/wwwjucariero\" \/>\n<meta property=\"article:modified_time\" content=\"2023-03-23T07:13:43+00:00\" \/>\n<meta property=\"og:image\" content=\"https:\/\/business.roovi.com\/wp-content\/uploads\/2018\/04\/66978-TL-02-WEB.jpg\" \/>\n\t<meta property=\"og:image:width\" content=\"1200\" \/>\n\t<meta property=\"og:image:height\" content=\"1200\" \/>\n\t<meta property=\"og:image:type\" content=\"image\/jpeg\" \/>\n<meta name=\"twitter:label1\" content=\"Timp estimat pentru citire\" \/>\n\t<meta name=\"twitter:data1\" content=\"3 minute\" \/>\n<script type=\"application\/ld+json\" class=\"yoast-schema-graph\">{\"@context\":\"https:\/\/schema.org\",\"@graph\":[{\"@type\":\"WebPage\",\"@id\":\"https:\/\/business.roovi.com\/ro\/puzzle-special-henri-de-toulouse-lautrec-at-the-moulin-rouge-515-piese\/p\/\",\"url\":\"https:\/\/www.roovi.ro\/puzzle-special-henri-de-toulouse-lautrec-at-the-moulin-rouge-515-piese\/p\/\",\"name\":\"Puzzle 515 piese Special - Henri de Toulouse-Lautrec - At the Moulin Rouge - Roovi B2B\",\"isPartOf\":{\"@id\":\"https:\/\/business.roovi.com\/ro\/#website\"},\"datePublished\":\"2018-04-16T10:56:16+00:00\",\"dateModified\":\"2023-03-23T07:13:43+00:00\",\"breadcrumb\":{\"@id\":\"https:\/\/www.roovi.ro\/puzzle-special-henri-de-toulouse-lautrec-at-the-moulin-rouge-515-piese\/p\/#breadcrumb\"},\"inLanguage\":\"ro-RO\",\"potentialAction\":[{\"@type\":\"ReadAction\",\"target\":[\"https:\/\/www.roovi.ro\/puzzle-special-henri-de-toulouse-lautrec-at-the-moulin-rouge-515-piese\/p\/\"]}]},{\"@type\":\"BreadcrumbList\",\"@id\":\"https:\/\/www.roovi.ro\/puzzle-special-henri-de-toulouse-lautrec-at-the-moulin-rouge-515-piese\/p\/#breadcrumb\",\"itemListElement\":[{\"@type\":\"ListItem\",\"position\":1,\"name\":\"Home\",\"item\":\"https:\/\/business.roovi.com\/ro\/\"},{\"@type\":\"ListItem\",\"position\":2,\"name\":\"Magazin\",\"item\":\"https:\/\/business.roovi.com\/ro\/magazin\/\"},{\"@type\":\"ListItem\",\"position\":3,\"name\":\"Puzzle 515 piese Special &#8211; Henri de Toulouse-Lautrec &#8211; At the Moulin Rouge\"}]},{\"@type\":\"WebSite\",\"@id\":\"https:\/\/business.roovi.com\/ro\/#website\",\"url\":\"https:\/\/business.roovi.com\/ro\/\",\"name\":\"Roovi B2B\",\"description\":\"Roovi Business Website\",\"potentialAction\":[{\"@type\":\"SearchAction\",\"target\":{\"@type\":\"EntryPoint\",\"urlTemplate\":\"https:\/\/business.roovi.com\/ro\/?s={search_term_string}\"},\"query-input\":\"required name=search_term_string\"}],\"inLanguage\":\"ro-RO\"}]}<\/script>\n<!-- \/ Yoast SEO plugin. -->","yoast_head_json":{"title":"Puzzle 515 piese Special - Henri de Toulouse-Lautrec - At the Moulin Rouge - Roovi B2B","robots":{"index":"index","follow":"follow","max-snippet":"max-snippet:-1","max-image-preview":"max-image-preview:large","max-video-preview":"max-video-preview:-1"},"canonical":"https:\/\/www.roovi.ro\/puzzle-special-henri-de-toulouse-lautrec-at-the-moulin-rouge-515-piese\/p\/","og_locale":"ro_RO","og_type":"article","og_title":"Puzzle 515 piese Special - Henri de Toulouse-Lautrec - At the Moulin Rouge - Roovi B2B","og_description":"Hey, tu, iubitorul de puzzle! Vrei s\u0103 \u00ee\u021bi surprinzi prietenii cu iste\u021bimea ta? Alege Puzzle Henri de Toulouse-Lautrec &#8211; At","og_url":"https:\/\/www.roovi.ro\/puzzle-special-henri-de-toulouse-lautrec-at-the-moulin-rouge-515-piese\/p\/","og_site_name":"Roovi B2B","article_publisher":"https:\/\/www.facebook.com\/wwwjucariero","article_modified_time":"2023-03-23T07:13:43+00:00","og_image":[{"width":1200,"height":1200,"url":"https:\/\/business.roovi.com\/wp-content\/uploads\/2018\/04\/66978-TL-02-WEB.jpg","type":"image\/jpeg"}],"twitter_misc":{"Timp estimat pentru citire":"3 minute"},"schema":{"@context":"https:\/\/schema.org","@graph":[{"@type":"WebPage","@id":"https:\/\/business.roovi.com\/ro\/puzzle-special-henri-de-toulouse-lautrec-at-the-moulin-rouge-515-piese\/p\/","url":"https:\/\/www.roovi.ro\/puzzle-special-henri-de-toulouse-lautrec-at-the-moulin-rouge-515-piese\/p\/","name":"Puzzle 515 piese Special - Henri de Toulouse-Lautrec - At the Moulin Rouge - Roovi B2B","isPartOf":{"@id":"https:\/\/business.roovi.com\/ro\/#website"},"datePublished":"2018-04-16T10:56:16+00:00","dateModified":"2023-03-23T07:13:43+00:00","breadcrumb":{"@id":"https:\/\/www.roovi.ro\/puzzle-special-henri-de-toulouse-lautrec-at-the-moulin-rouge-515-piese\/p\/#breadcrumb"},"inLanguage":"ro-RO","potentialAction":[{"@type":"ReadAction","target":["https:\/\/www.roovi.ro\/puzzle-special-henri-de-toulouse-lautrec-at-the-moulin-rouge-515-piese\/p\/"]}]},{"@type":"BreadcrumbList","@id":"https:\/\/www.roovi.ro\/puzzle-special-henri-de-toulouse-lautrec-at-the-moulin-rouge-515-piese\/p\/#breadcrumb","itemListElement":[{"@type":"ListItem","position":1,"name":"Home","item":"https:\/\/business.roovi.com\/ro\/"},{"@type":"ListItem","position":2,"name":"Magazin","item":"https:\/\/business.roovi.com\/ro\/magazin\/"},{"@type":"ListItem","position":3,"name":"Puzzle 515 piese Special &#8211; Henri de Toulouse-Lautrec &#8211; At the Moulin Rouge"}]},{"@type":"WebSite","@id":"https:\/\/business.roovi.com\/ro\/#website","url":"https:\/\/business.roovi.com\/ro\/","name":"Roovi B2B","description":"Roovi Business Website","potentialAction":[{"@type":"SearchAction","target":{"@type":"EntryPoint","urlTemplate":"https:\/\/business.roovi.com\/ro\/?s={search_term_string}"},"query-input":"required name=search_term_string"}],"inLanguage":"ro-RO"}]}},"_links":{"self":[{"href":"https:\/\/business.roovi.com\/ro\/wp-json\/wp\/v2\/product\/15669","targetHints":{"allow":["GET"]}}],"collection":[{"href":"https:\/\/business.roovi.com\/ro\/wp-json\/wp\/v2\/product"}],"about":[{"href":"https:\/\/business.roovi.com\/ro\/wp-json\/wp\/v2\/types\/product"}],"version-history":[{"count":0,"href":"https:\/\/business.roovi.com\/ro\/wp-json\/wp\/v2\/product\/15669\/revisions"}],"wp:featuredmedia":[{"embeddable":true,"href":"https:\/\/business.roovi.com\/ro\/wp-json\/wp\/v2\/media\/69047"}],"wp:attachment":[{"href":"https:\/\/business.roovi.com\/ro\/wp-json\/wp\/v2\/media?parent=15669"}],"wp:term":[{"taxonomy":"product_brand","embeddable":true,"href":"https:\/\/business.roovi.com\/ro\/wp-json\/wp\/v2\/product_brand?post=15669"},{"taxonomy":"product_cat","embeddable":true,"href":"https:\/\/business.roovi.com\/ro\/wp-json\/wp\/v2\/product_cat?post=15669"},{"taxonomy":"product_tag","embeddable":true,"href":"https:\/\/business.roovi.com\/ro\/wp-json\/wp\/v2\/product_tag?post=15669"}],"curies":[{"name":"wp","href":"https:\/\/api.w.org\/{rel}","templated":true}]}}