{"id":15674,"date":"2018-04-16T10:56:16","date_gmt":"2018-04-16T10:56:16","guid":{"rendered":"https:\/\/business.roovi.com\/product\/puzzle-special-henri-de-toulouse-lautrec-marcelle-lender-dancing-the-bolero-in-chilperic-515-piese\/"},"modified":"2023-03-23T08:29:44","modified_gmt":"2023-03-23T08:29:44","slug":"puzzle-special-henri-de-toulouse-lautrec-marcelle-lender-dancing-the-bolero-in-chilperic-515-piese","status":"publish","type":"product","link":"https:\/\/business.roovi.com\/ro\/puzzle-special-henri-de-toulouse-lautrec-marcelle-lender-dancing-the-bolero-in-chilperic-515-piese\/p\/","title":{"rendered":"&#8222;Puzzle  515 piese Special &#8211; Henri de Toulouse-Lautrec &#8211; Marcelle Lender Dancing the Bolero in &#8222;&#8221;Chilp\u00e9ric&#8221;&#8221;&#8221;"},"content":{"rendered":"<h3><span style=\"font-weight: 400;\">E\u0219ti preg\u0103tit s\u0103 treci la un nivel complex al jocurilor puzzle? Descoper\u0103 colec\u021bia Special Puzzle de la ROOVI \u0219i arat\u0103-le tuturor ce po\u021bi!<\/span><\/h3>\n<p><span style=\"font-weight: 400;\">Puzzle Henri de Toulouse-Lautrec \u2013 Marcelle Lender Dancing the Bolero in \u201cChilp\u00e9ric\u201d este un joc complex, dedicat celor care iubesc provocarea puzzle-uri dificile. De asemenea, dac\u0103 e\u0219ti preg\u0103tit s\u0103 faci tranzi\u021bia c\u0103tre o etap\u0103 superioar\u0103 de asamblare, un puzzle de art\u0103 este alegerea potrivit\u0103.<\/span><\/p>\n<p><span style=\"font-weight: 400;\">Ceea ce face ca puzzle 515 piese Henri de Toulouse-Lautrec \u2013 Marcelle Lender Dancing the Bolero in \u201cChilp\u00e9ric\u201d s\u0103 fie special \u0219i complex este forma pieselor. Acestea au un design diferit fa\u021b\u0103 de piesele clasice. Asamblarea le poate pune probleme \u00eencep\u0103torilor, dar odat\u0103 ce \u00een\u021belegi logica jocului, procesul devine cursiv.<\/span><\/p>\n<p><span style=\"font-weight: 400;\">Henri de Toulouse-Lautrec este el \u00eensu\u0219i un artist complex. \u00cen operele sale predomin\u0103 teme precum distrac\u021biile la cabaret, circul, teatrul, dar \u0219i portrete cu oameni ce duc o via\u021b\u0103 decadent\u0103 (alcoolici, prostituate). Artistul a surprins efervescen\u021ba vie\u021bii de noapte din Paris \u00eentr-o manier\u0103 original\u0103, ca nimeni altul p\u00e2n\u0103 la el.\u00a0<\/span><\/p>\n<p><span style=\"font-weight: 400;\">Intr\u0103 \u0219i tu \u00een lumea arti\u0219tilor de geniu \u0219i testeaz\u0103-\u021bi perseveren\u021ba \u0219i agilitatea min\u021bii printr-un puzzle de art\u0103 cu celebrul tablou <\/span><b>Marcelle Lender Dancing the Bolero in \u201cChilp\u00e9ric\u201d<\/b><span style=\"font-weight: 400;\"> semnat Henri de Toulouse-Lautrec.<\/span><\/p>\n<h3><span style=\"font-weight: 400;\">De ce s\u0103 alegi un puzzle de art\u0103 din colec\u021bia Special Puzzles de la ROOVI<\/span><\/h3>\n<ul>\n<li style=\"font-weight: 400;\" aria-level=\"1\"><span style=\"font-weight: 400;\">Are 515 piese cu form\u0103 special\u0103 care se \u00eembin\u0103 perfect. Rezultatul este o copie fidel\u0103 a celebrului tablou <\/span><b>Marcelle Lender Dancing the Bolero in \u201cChilp\u00e9ric\u201d<\/b> <span style=\"font-weight: 400;\">pe care \u00eel po\u021bi admira oric\u00e2nd la tine \u00een cas\u0103.<\/span><\/li>\n<li style=\"font-weight: 400;\" aria-level=\"1\"><span style=\"font-weight: 400;\">Piesele sunt produse din carton de calitatea superioar\u0103. Rezist\u0103 la asambl\u0103ri numeroase, iar tabloul final este de fiecare dat\u0103 la fel de reu\u0219it.\u00a0<\/span><\/li>\n<li style=\"font-weight: 400;\" aria-level=\"1\"><span style=\"font-weight: 400;\">Dimensiunea imaginii ref\u0103cute este de <\/span><b>48 x 34 cm. <\/b><span style=\"font-weight: 400;\">Arat\u0103 excelent \u00een ram\u0103 \u0219i d\u0103 personalitate oric\u0103rui loc anost din casa ta.<\/span><\/li>\n<li style=\"font-weight: 400;\" aria-level=\"1\"><span style=\"font-weight: 400;\">Un puzzle complex este un exerci\u021biu benefic pentru s\u0103n\u0103tatea creierului. Antreneaz\u0103 ambele emisfere cerebrale \u0219i reduce semnificativ apari\u021bia bolilor neurodegenerative.<\/span><\/li>\n<li style=\"font-weight: 400;\" aria-level=\"1\"><span style=\"font-weight: 400;\">Este o modalitate util\u0103 pentru a combate stresul, anxietatea, precum \u0219i depresia. \u00cendreapt\u0103 mintea c\u0103tre o activitate relaxant\u0103, ce aduce satisfac\u021bie.<\/span><\/li>\n<li style=\"font-weight: 400;\" aria-level=\"1\"><span style=\"font-weight: 400;\">Ajut\u0103 la \u00eembun\u0103t\u0103\u021birea ra\u021bionamentului vizual-spa\u021bial, a memoriei pe termen scurt \u0219i a abilit\u0103\u021bilor de rezolvare a problemelor.<\/span><\/li>\n<li style=\"font-weight: 400;\" aria-level=\"1\"><span style=\"font-weight: 400;\">Cre\u0219te nivelul dopaminei \u0219i serotoninei, substan\u021bele responsabile de starea de optimism \u0219i fericire.<\/span><\/li>\n<\/ul>\n<h3><span style=\"font-weight: 400;\">Despre Henri de Toulouse-Lautrec \u0219tiai c\u0103\u2026<\/span><\/h3>\n<p><span style=\"font-weight: 400;\">A fost invalid toat\u0103 via\u021ba sa din cauza unor <\/span><span style=\"font-weight: 400;\">afec\u0163iuni genetice \u015fi a unor fracturi din copil\u0103rie.<\/span><\/p>\n<p><span style=\"font-weight: 400;\">\u0218i-a descoperit pasiunea pentru pictur\u0103 \u00een copil\u0103rie, c\u00e2nd din cauza bolii a fost \u021bintuit la pat o lung\u0103 perioad\u0103 de timp.<\/span><\/p>\n<p><span style=\"font-weight: 400;\">A fost primul pictor care a realizat afi\u015fe de promovare a animatoarele din Montmartre.<\/span><\/p>\n<p><span style=\"font-weight: 400;\">A realizat o serie de lucr\u0103ri dedicate prostituatelor din bordel. Colec\u021bia se nume\u0219te Elles, iar stilul abordat sugereaz\u0103 generozitatea \u0219i simpatia artistului pentru femei, indiferent dac\u0103 duc sau nu o via\u021b\u0103 decadent\u0103.\u00a0<\/span><\/p>\n<h3><span style=\"font-weight: 400;\">Puzzle Special Shaped: puzzle-uri provocatoare pentru min\u021bile creative<\/span><\/h3>\n<p><span style=\"font-weight: 400;\">Un puzzle de dificultate ridicat\u0103 cum este puzzle 515 piese<\/span> <span style=\"font-weight: 400;\">Henri de Toulouse-Lautrec \u2013 Marcelle Lender Dancing the Bolero in \u201cChilp\u00e9ric\u201d aduce provoc\u0103ri creative \u0219i satisfac\u021bii pe m\u0103sur\u0103.<\/span><\/p>\n<p><span style=\"font-weight: 400;\">Fie c\u0103 \u00ee\u021bi dore\u0219ti s\u0103 evoluezi, s\u0103 \u00ee\u021bi \u00eembun\u0103t\u0103\u021be\u0219ti tactica sau abilit\u0103\u021bile de asamblare, un puzzle de art\u0103 este oric\u00e2nd o alegere inspirat\u0103. \u00cen plus, poate fi un prilej de conectare cu copiii mai mari, care au nevoie s\u0103 comunice \u0219i s\u0103 petreac\u0103 mult timp de calitate cu p\u0103rin\u021bii.<\/span><\/p>\n<p><span style=\"font-weight: 400;\">Alege a\u0219adar puzzle 515 piese<\/span> <span style=\"font-weight: 400;\">Henri de Toulouse-Lautrec \u2013 Marcelle Lender Dancing the Bolero in \u201cChilp\u00e9ric\u201d \u0219i bucur\u0103-te de toate beneficiile unui joc puzzle de calitate. Iar dac\u0103 vrei s\u0103 oferi un cadou provocator \u0219i altor prieteni pasiona\u021bi, atunci un puzzle de art\u0103 cu o pictur\u0103 semnat\u0103 Henri de Toulouse-Lautrec este op\u021biunea cea mai inspirat\u0103.<\/span><\/p>\n<p>&nbsp;<\/p>\n","protected":false},"excerpt":{"rendered":"<p>E\u0219ti preg\u0103tit s\u0103 treci la un nivel complex al jocurilor puzzle? Descoper\u0103 colec\u021bia Special Puzzle de la ROOVI \u0219i arat\u0103-le<\/p>\n","protected":false},"featured_media":69052,"template":"","meta":[],"product_brand":[],"product_cat":[1454,1488,1551],"product_tag":[],"class_list":{"0":"post-15674","1":"product","2":"type-product","3":"status-publish","4":"has-post-thumbnail","6":"product_cat-puzzle","7":"product_cat-puzzle-adulti","8":"product_cat-puzzle-adulti-special","9":"pa_bax-1273","10":"pa_brand-d_toys","11":"pa_country_of_manufacture-ro","12":"pa_filter_age-1315","13":"pa_painter-henridetoulouse_lautrec","14":"pa_tip_ambalaj-cutie","15":"pa_tip_puzzle-puzzlespecial","17":"first","18":"instock","19":"taxable","20":"shipping-taxable","21":"product-type-simple"},"yoast_head":"<!-- This site is optimized with the Yoast SEO plugin v20.1 - https:\/\/yoast.com\/wordpress\/plugins\/seo\/ -->\n<title>&quot;Puzzle 515 piese Special - Henri de Toulouse-Lautrec - Marcelle Lender Dancing the Bolero in &quot;&quot;Chilp\u00e9ric&quot;&quot;&quot; - Roovi B2B<\/title>\n<meta name=\"robots\" content=\"index, follow, max-snippet:-1, max-image-preview:large, max-video-preview:-1\" \/>\n<link rel=\"canonical\" href=\"https:\/\/www.roovi.ro\/puzzle-special-henri-de-toulouse-lautrec-marcelle-lender-dancing-the-bolero-in-chilperic-515-piese\/p\/\" \/>\n<meta property=\"og:locale\" content=\"ro_RO\" \/>\n<meta property=\"og:type\" content=\"article\" \/>\n<meta property=\"og:title\" content=\"&quot;Puzzle 515 piese Special - Henri de Toulouse-Lautrec - Marcelle Lender Dancing the Bolero in &quot;&quot;Chilp\u00e9ric&quot;&quot;&quot; - Roovi B2B\" \/>\n<meta property=\"og:description\" content=\"E\u0219ti preg\u0103tit s\u0103 treci la un nivel complex al jocurilor puzzle? Descoper\u0103 colec\u021bia Special Puzzle de la ROOVI \u0219i arat\u0103-le\" \/>\n<meta property=\"og:url\" content=\"https:\/\/www.roovi.ro\/puzzle-special-henri-de-toulouse-lautrec-marcelle-lender-dancing-the-bolero-in-chilperic-515-piese\/p\/\" \/>\n<meta property=\"og:site_name\" content=\"Roovi B2B\" \/>\n<meta property=\"article:publisher\" content=\"https:\/\/www.facebook.com\/wwwjucariero\" \/>\n<meta property=\"article:modified_time\" content=\"2023-03-23T08:29:44+00:00\" \/>\n<meta property=\"og:image\" content=\"https:\/\/business.roovi.com\/wp-content\/uploads\/2018\/04\/66978-TL-03-WEB.jpg\" \/>\n\t<meta property=\"og:image:width\" content=\"1200\" \/>\n\t<meta property=\"og:image:height\" content=\"1200\" \/>\n\t<meta property=\"og:image:type\" content=\"image\/jpeg\" \/>\n<meta name=\"twitter:label1\" content=\"Timp estimat pentru citire\" \/>\n\t<meta name=\"twitter:data1\" content=\"4 minute\" \/>\n<script type=\"application\/ld+json\" class=\"yoast-schema-graph\">{\"@context\":\"https:\/\/schema.org\",\"@graph\":[{\"@type\":\"WebPage\",\"@id\":\"https:\/\/business.roovi.com\/ro\/puzzle-special-henri-de-toulouse-lautrec-marcelle-lender-dancing-the-bolero-in-chilperic-515-piese\/p\/\",\"url\":\"https:\/\/www.roovi.ro\/puzzle-special-henri-de-toulouse-lautrec-marcelle-lender-dancing-the-bolero-in-chilperic-515-piese\/p\/\",\"name\":\"\\\"Puzzle 515 piese Special - Henri de Toulouse-Lautrec - Marcelle Lender Dancing the Bolero in \\\"\\\"Chilp\u00e9ric\\\"\\\"\\\" - Roovi B2B\",\"isPartOf\":{\"@id\":\"https:\/\/business.roovi.com\/ro\/#website\"},\"datePublished\":\"2018-04-16T10:56:16+00:00\",\"dateModified\":\"2023-03-23T08:29:44+00:00\",\"breadcrumb\":{\"@id\":\"https:\/\/www.roovi.ro\/puzzle-special-henri-de-toulouse-lautrec-marcelle-lender-dancing-the-bolero-in-chilperic-515-piese\/p\/#breadcrumb\"},\"inLanguage\":\"ro-RO\",\"potentialAction\":[{\"@type\":\"ReadAction\",\"target\":[\"https:\/\/www.roovi.ro\/puzzle-special-henri-de-toulouse-lautrec-marcelle-lender-dancing-the-bolero-in-chilperic-515-piese\/p\/\"]}]},{\"@type\":\"BreadcrumbList\",\"@id\":\"https:\/\/www.roovi.ro\/puzzle-special-henri-de-toulouse-lautrec-marcelle-lender-dancing-the-bolero-in-chilperic-515-piese\/p\/#breadcrumb\",\"itemListElement\":[{\"@type\":\"ListItem\",\"position\":1,\"name\":\"Home\",\"item\":\"https:\/\/business.roovi.com\/ro\/\"},{\"@type\":\"ListItem\",\"position\":2,\"name\":\"Magazin\",\"item\":\"https:\/\/business.roovi.com\/ro\/magazin\/\"},{\"@type\":\"ListItem\",\"position\":3,\"name\":\"&#8220;Puzzle 515 piese Special &#8211; Henri de Toulouse-Lautrec &#8211; Marcelle Lender Dancing the Bolero in &#8220;&#8221;Chilp\u00e9ric&#8221;&#8221;&#8221;\"}]},{\"@type\":\"WebSite\",\"@id\":\"https:\/\/business.roovi.com\/ro\/#website\",\"url\":\"https:\/\/business.roovi.com\/ro\/\",\"name\":\"Roovi B2B\",\"description\":\"Roovi Business Website\",\"potentialAction\":[{\"@type\":\"SearchAction\",\"target\":{\"@type\":\"EntryPoint\",\"urlTemplate\":\"https:\/\/business.roovi.com\/ro\/?s={search_term_string}\"},\"query-input\":\"required name=search_term_string\"}],\"inLanguage\":\"ro-RO\"}]}<\/script>\n<!-- \/ Yoast SEO plugin. -->","yoast_head_json":{"title":"\"Puzzle 515 piese Special - Henri de Toulouse-Lautrec - Marcelle Lender Dancing the Bolero in \"\"Chilp\u00e9ric\"\"\" - Roovi B2B","robots":{"index":"index","follow":"follow","max-snippet":"max-snippet:-1","max-image-preview":"max-image-preview:large","max-video-preview":"max-video-preview:-1"},"canonical":"https:\/\/www.roovi.ro\/puzzle-special-henri-de-toulouse-lautrec-marcelle-lender-dancing-the-bolero-in-chilperic-515-piese\/p\/","og_locale":"ro_RO","og_type":"article","og_title":"\"Puzzle 515 piese Special - Henri de Toulouse-Lautrec - Marcelle Lender Dancing the Bolero in \"\"Chilp\u00e9ric\"\"\" - Roovi B2B","og_description":"E\u0219ti preg\u0103tit s\u0103 treci la un nivel complex al jocurilor puzzle? Descoper\u0103 colec\u021bia Special Puzzle de la ROOVI \u0219i arat\u0103-le","og_url":"https:\/\/www.roovi.ro\/puzzle-special-henri-de-toulouse-lautrec-marcelle-lender-dancing-the-bolero-in-chilperic-515-piese\/p\/","og_site_name":"Roovi B2B","article_publisher":"https:\/\/www.facebook.com\/wwwjucariero","article_modified_time":"2023-03-23T08:29:44+00:00","og_image":[{"width":1200,"height":1200,"url":"https:\/\/business.roovi.com\/wp-content\/uploads\/2018\/04\/66978-TL-03-WEB.jpg","type":"image\/jpeg"}],"twitter_misc":{"Timp estimat pentru citire":"4 minute"},"schema":{"@context":"https:\/\/schema.org","@graph":[{"@type":"WebPage","@id":"https:\/\/business.roovi.com\/ro\/puzzle-special-henri-de-toulouse-lautrec-marcelle-lender-dancing-the-bolero-in-chilperic-515-piese\/p\/","url":"https:\/\/www.roovi.ro\/puzzle-special-henri-de-toulouse-lautrec-marcelle-lender-dancing-the-bolero-in-chilperic-515-piese\/p\/","name":"\"Puzzle 515 piese Special - Henri de Toulouse-Lautrec - Marcelle Lender Dancing the Bolero in \"\"Chilp\u00e9ric\"\"\" - Roovi B2B","isPartOf":{"@id":"https:\/\/business.roovi.com\/ro\/#website"},"datePublished":"2018-04-16T10:56:16+00:00","dateModified":"2023-03-23T08:29:44+00:00","breadcrumb":{"@id":"https:\/\/www.roovi.ro\/puzzle-special-henri-de-toulouse-lautrec-marcelle-lender-dancing-the-bolero-in-chilperic-515-piese\/p\/#breadcrumb"},"inLanguage":"ro-RO","potentialAction":[{"@type":"ReadAction","target":["https:\/\/www.roovi.ro\/puzzle-special-henri-de-toulouse-lautrec-marcelle-lender-dancing-the-bolero-in-chilperic-515-piese\/p\/"]}]},{"@type":"BreadcrumbList","@id":"https:\/\/www.roovi.ro\/puzzle-special-henri-de-toulouse-lautrec-marcelle-lender-dancing-the-bolero-in-chilperic-515-piese\/p\/#breadcrumb","itemListElement":[{"@type":"ListItem","position":1,"name":"Home","item":"https:\/\/business.roovi.com\/ro\/"},{"@type":"ListItem","position":2,"name":"Magazin","item":"https:\/\/business.roovi.com\/ro\/magazin\/"},{"@type":"ListItem","position":3,"name":"&#8220;Puzzle 515 piese Special &#8211; Henri de Toulouse-Lautrec &#8211; Marcelle Lender Dancing the Bolero in &#8220;&#8221;Chilp\u00e9ric&#8221;&#8221;&#8221;"}]},{"@type":"WebSite","@id":"https:\/\/business.roovi.com\/ro\/#website","url":"https:\/\/business.roovi.com\/ro\/","name":"Roovi B2B","description":"Roovi Business Website","potentialAction":[{"@type":"SearchAction","target":{"@type":"EntryPoint","urlTemplate":"https:\/\/business.roovi.com\/ro\/?s={search_term_string}"},"query-input":"required name=search_term_string"}],"inLanguage":"ro-RO"}]}},"_links":{"self":[{"href":"https:\/\/business.roovi.com\/ro\/wp-json\/wp\/v2\/product\/15674","targetHints":{"allow":["GET"]}}],"collection":[{"href":"https:\/\/business.roovi.com\/ro\/wp-json\/wp\/v2\/product"}],"about":[{"href":"https:\/\/business.roovi.com\/ro\/wp-json\/wp\/v2\/types\/product"}],"version-history":[{"count":0,"href":"https:\/\/business.roovi.com\/ro\/wp-json\/wp\/v2\/product\/15674\/revisions"}],"wp:featuredmedia":[{"embeddable":true,"href":"https:\/\/business.roovi.com\/ro\/wp-json\/wp\/v2\/media\/69052"}],"wp:attachment":[{"href":"https:\/\/business.roovi.com\/ro\/wp-json\/wp\/v2\/media?parent=15674"}],"wp:term":[{"taxonomy":"product_brand","embeddable":true,"href":"https:\/\/business.roovi.com\/ro\/wp-json\/wp\/v2\/product_brand?post=15674"},{"taxonomy":"product_cat","embeddable":true,"href":"https:\/\/business.roovi.com\/ro\/wp-json\/wp\/v2\/product_cat?post=15674"},{"taxonomy":"product_tag","embeddable":true,"href":"https:\/\/business.roovi.com\/ro\/wp-json\/wp\/v2\/product_tag?post=15674"}],"curies":[{"name":"wp","href":"https:\/\/api.w.org\/{rel}","templated":true}]}}