{"id":15684,"date":"2018-04-16T10:56:16","date_gmt":"2018-04-16T10:56:16","guid":{"rendered":"https:\/\/business.roovi.com\/product\/puzzle-special-henri-de-toulouse-lautrec-jane-avril-515-piese\/"},"modified":"2023-03-23T09:23:29","modified_gmt":"2023-03-23T09:23:29","slug":"puzzle-special-henri-de-toulouse-lautrec-jane-avril-515-piese","status":"publish","type":"product","link":"https:\/\/business.roovi.com\/ro\/puzzle-special-henri-de-toulouse-lautrec-jane-avril-515-piese\/p\/","title":{"rendered":"Puzzle  515 piese Special &#8211; Henri de Toulouse-Lautrec &#8211; Jane Avril"},"content":{"rendered":"<h3><span style=\"font-weight: 400;\">Puzzle Henri de Toulouse-Lautrec \u2013 Jane Avril este un joc complex, dedicat celor care iubesc provocarea puzzle-uri dificile.\u00a0<\/span><\/h3>\n<p><span style=\"font-weight: 400;\">Un puzzle de art\u0103 este o modalitate pl\u0103cut\u0103 \u0219i relaxant\u0103 pentru a-\u021bi dezvolta abilit\u0103\u021bile de asamblare.\u00a0<\/span><\/p>\n<p><span style=\"font-weight: 400;\">Puzzle Henri de Toulouse-Lautrec &#8211; Jane Avril are 515 piese de forme deosebite care \u00eel transform\u0103 \u00eentr-o provocare complex\u0103 \u0219i special\u0103. Piesele sunt realizate din carton de calitate superioar\u0103 \u0219i se \u00eembin\u0103 u\u0219or, rezult\u00e2nd un tablou impresionant, ce red\u0103 \u00een detaliu pictura original\u0103.<\/span><\/p>\n<p><span style=\"font-weight: 400;\">Henri de Toulouse-Lautrec a pictat mai multe portrete ale celebrei dansatoare de cancan, Jane Avril, care i-a fost deopotriv\u0103 prieten\u0103 \u0219i muz\u0103. Tabloul o \u00eenf\u0103\u021bi\u0219eaz\u0103 pe Jane Avril pe scen\u0103, \u00een mijlocul dansului, \u00een rochia tipic\u0103 dansatoarelor de cabaret.<\/span><\/p>\n<p><span style=\"font-weight: 400;\">Pe m\u0103sur\u0103 ce imaginea din piese de puzzle prinde contur, \u021bi se dezv\u0103luie un tablou impresionant, ce transmite energia frenetic\u0103 a celebrului dans care a r\u0103mas \u00een istorie.<\/span><\/p>\n<h3><span style=\"font-weight: 400;\">De ce s\u0103 alegi un puzzle de art\u0103 din colec\u021bia Special Puzzles de la ROOVI<\/span><\/h3>\n<ul>\n<li style=\"font-weight: 400;\" aria-level=\"1\"><span style=\"font-weight: 400;\">Are 515 piese cu form\u0103 special\u0103 care se \u00eembin\u0103 perfect, rezult\u00e2nd o replic\u0103 uimitoare a tabloului <\/span><i><span style=\"font-weight: 400;\">Jane Avril<\/span><\/i><span style=\"font-weight: 400;\"> pe care \u00eel po\u021bi admira oric\u00e2nd la tine \u00een cas\u0103.<\/span><\/li>\n<li style=\"font-weight: 400;\" aria-level=\"1\"><span style=\"font-weight: 400;\">Dimensiunea imaginii ref\u0103cute este de <\/span><b>48 x 34 cm<\/b><span style=\"font-weight: 400;\">. Arat\u0103 excelent \u00een ram\u0103 \u0219i va fi cu siguran\u021b\u0103 o pies\u0103 decorativ\u0103 original\u0103.<\/span><\/li>\n<li style=\"font-weight: 400;\" aria-level=\"1\"><span style=\"font-weight: 400;\">Este realizat din materiale prietenoase cu natura, sustenabile, reciclabile.<\/span><\/li>\n<li style=\"font-weight: 400;\" aria-level=\"1\"><span style=\"font-weight: 400;\">Un puzzle complex este un exerci\u021biu benefic pentru s\u0103n\u0103tatea creierului.\u00a0<\/span><\/li>\n<li style=\"font-weight: 400;\" aria-level=\"1\"><span style=\"font-weight: 400;\">Este o modalitate util\u0103 pentru a combate stresul, anxietatea, precum \u0219i depresia.\u00a0<\/span><\/li>\n<li style=\"font-weight: 400;\" aria-level=\"1\"><span style=\"font-weight: 400;\">Ajut\u0103 la \u00eembun\u0103t\u0103\u021birea ra\u021bionamentului vizual-spa\u021bial, a memoriei pe termen scurt \u0219i a abilit\u0103\u021bilor de rezolvare a problemelor.<\/span><\/li>\n<li style=\"font-weight: 400;\" aria-level=\"1\"><span style=\"font-weight: 400;\">Cre\u0219te nivelul dopaminei \u0219i serotoninei, substan\u021bele responsabile de starea de optimism \u0219i fericire.<\/span><\/li>\n<\/ul>\n<h3><span style=\"font-weight: 400;\">\u0218tiai c\u0103\u2026<\/span><\/h3>\n<ul>\n<li style=\"font-weight: 400;\" aria-level=\"1\"><span style=\"font-weight: 400;\">Henri de Toulouse-Lautrec este considerat un artist complex, care a surprins \u00een tablourile sale efervescen\u021ba vie\u021bii de noapte din Paris \u00eentr-o manier\u0103 original\u0103, ca nimeni altul p\u00e2n\u0103 la el.\u00a0<\/span><\/li>\n<\/ul>\n<ul>\n<li style=\"font-weight: 400;\" aria-level=\"1\"><span style=\"font-weight: 400;\">Pictura <\/span><span style=\"font-weight: 400;\">&#8222;Jane Avril&#8221; a fost realizat\u0103 \u00een 1893 \u0219i este cea mai renumit\u0103 lucrare dintr-o serie ampl\u0103 de tablouri care o \u00eenf\u0103\u021bi\u0219eaz\u0103 pe aceast\u0103 dansatoare de cabaret.<\/span><\/li>\n<\/ul>\n<ul>\n<li style=\"font-weight: 400;\" aria-level=\"1\"><span style=\"font-weight: 400;\">Jane Avril era <\/span><span style=\"font-weight: 400;\">fiica unui nobil italian \u0219i a unei curtezane franceze. A avut o copil\u0103rie trist\u0103, marcat\u0103 de abuzurile mamei sale alcoolice. La Moulin Rouge a devenit cunoscut\u0103 <\/span><span style=\"font-weight: 400;\">pentru stilul s\u0103u de dans seduc\u0103tor \u0219i pentru personalitatea sa exotic\u0103.<\/span><\/li>\n<\/ul>\n<h3><span style=\"font-weight: 400;\">Puzzle Special Shaped: <\/span><span style=\"font-weight: 400;\">Henri de Toulouse-Lautrec &#8211; Jane Avril pentru timp de calitate al\u0103turi de cei dragi<\/span><\/h3>\n<p><span style=\"font-weight: 400;\">Dac\u0103 \u00ee\u021bi dore\u0219ti s\u0103 petreci mai mult timp cu copiii t\u0103i adolescen\u021bi sau cu prietenii, Puzzle 515 piese Henri de Toulouse-Lautrec &#8211; Jane Avril este alegerea potrivit\u0103.\u00a0<\/span><\/p>\n<p><span style=\"font-weight: 400;\">Un joc puzzle complex este ideal pentru a ini\u021bia discu\u021bii despre art\u0103, pictori celebri sau curente artistice. Este o modalitate inedit\u0103 pentru a-i face pe cei tineri s\u0103 descopere frumuse\u021bea artei \u0219i s\u0103-\u0219i dezvolte cultura general\u0103.<\/span><\/p>\n<p><span style=\"font-weight: 400;\">\u00cen plus, Puzzle Henri de Toulouse-Lautrec &#8211; Jane Avril creeaz\u0103 premisele ideale pentru a lucra \u00een echip\u0103 \u0219i a celebra succesul \u00eempreun\u0103.\u00a0<\/span><\/p>\n<p><span style=\"font-weight: 400;\">Cump\u0103r\u0103 a\u0219adar Puzzle Henri de Toulouse-Lautrec &#8211; Jane Avril pentru conectare cu cei dragi, pentru relaxare \u0219i momente frumoase \u00eempreun\u0103. De asemenea, dac\u0103 vrei s\u0103 d\u0103ruie\u0219ti bucurie unui prieten drag, Puzzle 515 Piese &#8211; Jane Avril este alegerea potrivit\u0103.<\/span><\/p>\n","protected":false},"excerpt":{"rendered":"<p>Puzzle Henri de Toulouse-Lautrec \u2013 Jane Avril este un joc complex, dedicat celor care iubesc provocarea puzzle-uri dificile.\u00a0 Un puzzle<\/p>\n","protected":false},"featured_media":69082,"template":"","meta":[],"product_brand":[],"product_cat":[1454,1488,1551],"product_tag":[],"class_list":{"0":"post-15684","1":"product","2":"type-product","3":"status-publish","4":"has-post-thumbnail","6":"product_cat-puzzle","7":"product_cat-puzzle-adulti","8":"product_cat-puzzle-adulti-special","9":"pa_bax-1273","10":"pa_brand-d_toys","11":"pa_country_of_manufacture-ro","12":"pa_filter_age-1315","13":"pa_painter-henridetoulouse_lautrec","14":"pa_tip_ambalaj-cutie","15":"pa_tip_puzzle-clasic","17":"first","18":"instock","19":"taxable","20":"shipping-taxable","21":"product-type-simple"},"yoast_head":"<!-- This site is optimized with the Yoast SEO plugin v20.1 - https:\/\/yoast.com\/wordpress\/plugins\/seo\/ -->\n<title>Puzzle 515 piese Special - Henri de Toulouse-Lautrec - Jane Avril - Roovi B2B<\/title>\n<meta name=\"robots\" content=\"index, follow, max-snippet:-1, max-image-preview:large, max-video-preview:-1\" \/>\n<link rel=\"canonical\" href=\"https:\/\/www.roovi.ro\/puzzle-special-henri-de-toulouse-lautrec-jane-avril-515-piese\/p\/\" \/>\n<meta property=\"og:locale\" content=\"ro_RO\" \/>\n<meta property=\"og:type\" content=\"article\" \/>\n<meta property=\"og:title\" content=\"Puzzle 515 piese Special - Henri de Toulouse-Lautrec - Jane Avril - Roovi B2B\" \/>\n<meta property=\"og:description\" content=\"Puzzle Henri de Toulouse-Lautrec \u2013 Jane Avril este un joc complex, dedicat celor care iubesc provocarea puzzle-uri dificile.\u00a0 Un puzzle\" \/>\n<meta property=\"og:url\" content=\"https:\/\/www.roovi.ro\/puzzle-special-henri-de-toulouse-lautrec-jane-avril-515-piese\/p\/\" \/>\n<meta property=\"og:site_name\" content=\"Roovi B2B\" \/>\n<meta property=\"article:publisher\" content=\"https:\/\/www.facebook.com\/wwwjucariero\" \/>\n<meta property=\"article:modified_time\" content=\"2023-03-23T09:23:29+00:00\" \/>\n<meta property=\"og:image\" content=\"https:\/\/business.roovi.com\/wp-content\/uploads\/2018\/04\/66978-TL-06-WEB.jpg\" \/>\n\t<meta property=\"og:image:width\" content=\"1200\" \/>\n\t<meta property=\"og:image:height\" content=\"1200\" \/>\n\t<meta property=\"og:image:type\" content=\"image\/jpeg\" \/>\n<meta name=\"twitter:label1\" content=\"Timp estimat pentru citire\" \/>\n\t<meta name=\"twitter:data1\" content=\"3 minute\" \/>\n<script type=\"application\/ld+json\" class=\"yoast-schema-graph\">{\"@context\":\"https:\/\/schema.org\",\"@graph\":[{\"@type\":\"WebPage\",\"@id\":\"https:\/\/business.roovi.com\/ro\/puzzle-special-henri-de-toulouse-lautrec-jane-avril-515-piese\/p\/\",\"url\":\"https:\/\/www.roovi.ro\/puzzle-special-henri-de-toulouse-lautrec-jane-avril-515-piese\/p\/\",\"name\":\"Puzzle 515 piese Special - Henri de Toulouse-Lautrec - Jane Avril - Roovi B2B\",\"isPartOf\":{\"@id\":\"https:\/\/business.roovi.com\/ro\/#website\"},\"datePublished\":\"2018-04-16T10:56:16+00:00\",\"dateModified\":\"2023-03-23T09:23:29+00:00\",\"breadcrumb\":{\"@id\":\"https:\/\/www.roovi.ro\/puzzle-special-henri-de-toulouse-lautrec-jane-avril-515-piese\/p\/#breadcrumb\"},\"inLanguage\":\"ro-RO\",\"potentialAction\":[{\"@type\":\"ReadAction\",\"target\":[\"https:\/\/www.roovi.ro\/puzzle-special-henri-de-toulouse-lautrec-jane-avril-515-piese\/p\/\"]}]},{\"@type\":\"BreadcrumbList\",\"@id\":\"https:\/\/www.roovi.ro\/puzzle-special-henri-de-toulouse-lautrec-jane-avril-515-piese\/p\/#breadcrumb\",\"itemListElement\":[{\"@type\":\"ListItem\",\"position\":1,\"name\":\"Home\",\"item\":\"https:\/\/business.roovi.com\/ro\/\"},{\"@type\":\"ListItem\",\"position\":2,\"name\":\"Magazin\",\"item\":\"https:\/\/business.roovi.com\/ro\/magazin\/\"},{\"@type\":\"ListItem\",\"position\":3,\"name\":\"Puzzle 515 piese Special &#8211; Henri de Toulouse-Lautrec &#8211; Jane Avril\"}]},{\"@type\":\"WebSite\",\"@id\":\"https:\/\/business.roovi.com\/ro\/#website\",\"url\":\"https:\/\/business.roovi.com\/ro\/\",\"name\":\"Roovi B2B\",\"description\":\"Roovi Business Website\",\"potentialAction\":[{\"@type\":\"SearchAction\",\"target\":{\"@type\":\"EntryPoint\",\"urlTemplate\":\"https:\/\/business.roovi.com\/ro\/?s={search_term_string}\"},\"query-input\":\"required name=search_term_string\"}],\"inLanguage\":\"ro-RO\"}]}<\/script>\n<!-- \/ Yoast SEO plugin. -->","yoast_head_json":{"title":"Puzzle 515 piese Special - Henri de Toulouse-Lautrec - Jane Avril - Roovi B2B","robots":{"index":"index","follow":"follow","max-snippet":"max-snippet:-1","max-image-preview":"max-image-preview:large","max-video-preview":"max-video-preview:-1"},"canonical":"https:\/\/www.roovi.ro\/puzzle-special-henri-de-toulouse-lautrec-jane-avril-515-piese\/p\/","og_locale":"ro_RO","og_type":"article","og_title":"Puzzle 515 piese Special - Henri de Toulouse-Lautrec - Jane Avril - Roovi B2B","og_description":"Puzzle Henri de Toulouse-Lautrec \u2013 Jane Avril este un joc complex, dedicat celor care iubesc provocarea puzzle-uri dificile.\u00a0 Un puzzle","og_url":"https:\/\/www.roovi.ro\/puzzle-special-henri-de-toulouse-lautrec-jane-avril-515-piese\/p\/","og_site_name":"Roovi B2B","article_publisher":"https:\/\/www.facebook.com\/wwwjucariero","article_modified_time":"2023-03-23T09:23:29+00:00","og_image":[{"width":1200,"height":1200,"url":"https:\/\/business.roovi.com\/wp-content\/uploads\/2018\/04\/66978-TL-06-WEB.jpg","type":"image\/jpeg"}],"twitter_misc":{"Timp estimat pentru citire":"3 minute"},"schema":{"@context":"https:\/\/schema.org","@graph":[{"@type":"WebPage","@id":"https:\/\/business.roovi.com\/ro\/puzzle-special-henri-de-toulouse-lautrec-jane-avril-515-piese\/p\/","url":"https:\/\/www.roovi.ro\/puzzle-special-henri-de-toulouse-lautrec-jane-avril-515-piese\/p\/","name":"Puzzle 515 piese Special - Henri de Toulouse-Lautrec - Jane Avril - Roovi B2B","isPartOf":{"@id":"https:\/\/business.roovi.com\/ro\/#website"},"datePublished":"2018-04-16T10:56:16+00:00","dateModified":"2023-03-23T09:23:29+00:00","breadcrumb":{"@id":"https:\/\/www.roovi.ro\/puzzle-special-henri-de-toulouse-lautrec-jane-avril-515-piese\/p\/#breadcrumb"},"inLanguage":"ro-RO","potentialAction":[{"@type":"ReadAction","target":["https:\/\/www.roovi.ro\/puzzle-special-henri-de-toulouse-lautrec-jane-avril-515-piese\/p\/"]}]},{"@type":"BreadcrumbList","@id":"https:\/\/www.roovi.ro\/puzzle-special-henri-de-toulouse-lautrec-jane-avril-515-piese\/p\/#breadcrumb","itemListElement":[{"@type":"ListItem","position":1,"name":"Home","item":"https:\/\/business.roovi.com\/ro\/"},{"@type":"ListItem","position":2,"name":"Magazin","item":"https:\/\/business.roovi.com\/ro\/magazin\/"},{"@type":"ListItem","position":3,"name":"Puzzle 515 piese Special &#8211; Henri de Toulouse-Lautrec &#8211; Jane Avril"}]},{"@type":"WebSite","@id":"https:\/\/business.roovi.com\/ro\/#website","url":"https:\/\/business.roovi.com\/ro\/","name":"Roovi B2B","description":"Roovi Business Website","potentialAction":[{"@type":"SearchAction","target":{"@type":"EntryPoint","urlTemplate":"https:\/\/business.roovi.com\/ro\/?s={search_term_string}"},"query-input":"required name=search_term_string"}],"inLanguage":"ro-RO"}]}},"_links":{"self":[{"href":"https:\/\/business.roovi.com\/ro\/wp-json\/wp\/v2\/product\/15684","targetHints":{"allow":["GET"]}}],"collection":[{"href":"https:\/\/business.roovi.com\/ro\/wp-json\/wp\/v2\/product"}],"about":[{"href":"https:\/\/business.roovi.com\/ro\/wp-json\/wp\/v2\/types\/product"}],"version-history":[{"count":0,"href":"https:\/\/business.roovi.com\/ro\/wp-json\/wp\/v2\/product\/15684\/revisions"}],"wp:featuredmedia":[{"embeddable":true,"href":"https:\/\/business.roovi.com\/ro\/wp-json\/wp\/v2\/media\/69082"}],"wp:attachment":[{"href":"https:\/\/business.roovi.com\/ro\/wp-json\/wp\/v2\/media?parent=15684"}],"wp:term":[{"taxonomy":"product_brand","embeddable":true,"href":"https:\/\/business.roovi.com\/ro\/wp-json\/wp\/v2\/product_brand?post=15684"},{"taxonomy":"product_cat","embeddable":true,"href":"https:\/\/business.roovi.com\/ro\/wp-json\/wp\/v2\/product_cat?post=15684"},{"taxonomy":"product_tag","embeddable":true,"href":"https:\/\/business.roovi.com\/ro\/wp-json\/wp\/v2\/product_tag?post=15684"}],"curies":[{"name":"wp","href":"https:\/\/api.w.org\/{rel}","templated":true}]}}