{"id":15689,"date":"2018-04-16T10:56:16","date_gmt":"2018-04-16T10:56:16","guid":{"rendered":"https:\/\/business.roovi.com\/product\/puzzle-special-henri-de-toulouse-lautrec-divan-japonais-515-piese\/"},"modified":"2023-03-23T09:30:12","modified_gmt":"2023-03-23T09:30:12","slug":"puzzle-special-henri-de-toulouse-lautrec-divan-japonais-515-piese","status":"publish","type":"product","link":"https:\/\/business.roovi.com\/ro\/puzzle-special-henri-de-toulouse-lautrec-divan-japonais-515-piese\/p\/","title":{"rendered":"Puzzle 515 piese Special &#8211; Henri de Toulouse-Lautrec &#8211; Divan Japonais"},"content":{"rendered":"<h3><span style=\"font-weight: 400;\">Puzzle Henri de Toulouse-Lautrec \u2013 <\/span><span style=\"font-weight: 400;\">Divan Japonais<\/span> <span style=\"font-weight: 400;\">este un joc complex, cu 515 piese cu forme speciale, dedicat celor care iubesc provocarea puzzle-uri dificile \u0219i frumuse\u021bea tablourilor de art\u0103.<\/span><\/h3>\n<p><span style=\"font-weight: 400;\">Afi\u0219ele str\u0103lucitoare ale lui Toulouse-Lautrec au surprins efervescen\u021ba \u0219i vibra\u021bia fascinantei Belle \u00c9poque. <\/span><i><span style=\"font-weight: 400;\">Divan Japonais<\/span><\/i><span style=\"font-weight: 400;\"> este unul dintre afi\u0219ele sale faimoase, realizat pentru a atrage clien\u021bii la deschiderea clubului de noapte cu acela\u0219i nume.<\/span><\/p>\n<p><span style=\"font-weight: 400;\">Celebra dansatoare de cancan, Jane Avril, domin\u0103 scena cu silueta sa sobr\u0103 \u0219i elegant\u0103. \u00cen prim-plan, mai apare \u0219i \u00c9douard Dujardin, critic de art\u0103 \u0219i bun prieten al artistului.\u00a0<\/span><\/p>\n<p><span style=\"font-weight: 400;\">A\u0219az\u0103 piesele \u00een ordine \u0219i recreeaz\u0103 din 515 piese cu forme deosebite o litografie celebr\u0103, inspirat\u0103 de xilogravura japonez\u0103 din perioada Edo. Tabloul final este o bijuterie artistic\u0103 pe care o po\u021bi admira oric\u00e2nd la tine acas\u0103.<\/span><\/p>\n<h3><span style=\"font-weight: 400;\">De ce s\u0103 alegi Puzzle 515 Piese: Henri de Toulouse-Lautrec &#8211; Divan Japonais<\/span><\/h3>\n<ul>\n<li style=\"font-weight: 400;\" aria-level=\"1\"><span style=\"font-weight: 400;\">Ob\u021bii un tablou cu dimensiunile de <\/span><b>48 x 34 cm<\/b><span style=\"font-weight: 400;\"> cu care \u00ee\u021bi po\u021bi decora locuin\u021ba.\u00a0<\/span><\/li>\n<li style=\"font-weight: 400;\" aria-level=\"1\"><span style=\"font-weight: 400;\">Piesele sunt realizate din carton gros, de calitate superioar\u0103, ce asigur\u0103 rezisten\u021b\u0103 sporit\u0103 chiar \u0219i la asambl\u0103ri multiple.<\/span><\/li>\n<li style=\"font-weight: 400;\" aria-level=\"1\"><span style=\"font-weight: 400;\">Este realizat din materiale prietenoase cu natura, sustenabile, reciclabile.<\/span><\/li>\n<li style=\"font-weight: 400;\" aria-level=\"1\"><span style=\"font-weight: 400;\">Un puzzle complex este un exerci\u021biu benefic pentru s\u0103n\u0103tatea creierului.\u00a0<\/span><\/li>\n<li style=\"font-weight: 400;\" aria-level=\"1\"><span style=\"font-weight: 400;\">Este o modalitate util\u0103 pentru a combate stresul, anxietatea, precum \u0219i depresia.\u00a0<\/span><\/li>\n<li style=\"font-weight: 400;\" aria-level=\"1\"><span style=\"font-weight: 400;\">Ajut\u0103 la \u00eembun\u0103t\u0103\u021birea ra\u021bionamentului vizual-spa\u021bial, a memoriei pe termen scurt \u0219i a abilit\u0103\u021bilor de rezolvare a problemelor.<\/span><\/li>\n<li style=\"font-weight: 400;\" aria-level=\"1\"><span style=\"font-weight: 400;\">Cre\u0219te nivelul dopaminei \u0219i serotoninei, substan\u021bele responsabile de starea de optimism \u0219i fericire.<\/span><\/li>\n<li style=\"font-weight: 400;\" aria-level=\"1\"><span style=\"font-weight: 400;\">Potrivit celor peste 14 ani, fiind a\u0219adar un prilej oportun pentru a-i introduce pe adolescen\u021bi \u00een lumea fascinant\u0103 a picturilor celebre.<\/span><\/li>\n<\/ul>\n<h3><span style=\"font-weight: 400;\">\u0218tiai c\u0103\u2026<\/span><\/h3>\n<ul>\n<li style=\"font-weight: 400;\" aria-level=\"1\"><span style=\"font-weight: 400;\">Anii 1890 au fost anii de glorie ai litografiilor datorit\u0103 progreselor tehnice \u00een domeniul imprim\u0103rii color \u0219i a relax\u0103rii legilor care restric\u021bionau amplasarea afi\u0219elor.<\/span><\/li>\n<li style=\"font-weight: 400;\" aria-level=\"1\"><span style=\"font-weight: 400;\">Henri de Toulouse-Lautrec <\/span><span style=\"font-weight: 400;\">a fost primul pictor care a realizat afi\u015fe de promovare ale animatoarele din Montmartre.<\/span><\/li>\n<li style=\"font-weight: 400;\" aria-level=\"1\"><span style=\"font-weight: 400;\">Artistul a realizat o serie de lucr\u0103ri dedicate prostituatelor din bordel, reunite \u00een colec\u021bia Elles. Stilul s\u0103u sugereaz\u0103 generozitatea \u0219i simpatia pictorului pentru femei, indiferent dac\u0103 duc sau nu o via\u021b\u0103 decadent\u0103.\u00a0<\/span><\/li>\n<\/ul>\n<h3><span style=\"font-weight: 400;\">Puzzle Special Shaped: puzzle-uri provocatoare pentru to\u021bi cei creativi\u00a0<\/span><\/h3>\n<p><span style=\"font-weight: 400;\">Un puzzle de dificultate ridicat\u0103 cum este Puzzle 515 piese Henri de Toulouse-Lautrec \u2013 Divan Japonais aduce provoc\u0103ri creative \u0219i satisfac\u021bii pe m\u0103sur\u0103.<\/span><\/p>\n<p><span style=\"font-weight: 400;\">Fie c\u0103 \u00ee\u021bi dore\u0219ti s\u0103 evoluezi, s\u0103 \u00ee\u021bi \u00eembun\u0103t\u0103\u021be\u0219ti tactica sau abilit\u0103\u021bile de asamblare, un puzzle de art\u0103 este oric\u00e2nd o alegere inspirat\u0103. \u00cen plus, poate fi un prilej de conectare cu copiii mai mari, care au nevoie s\u0103 comunice \u0219i s\u0103 petreac\u0103 mult timp de calitate cu p\u0103rin\u021bii.<\/span><\/p>\n<p><span style=\"font-weight: 400;\">Alege a\u0219adar Puzzle 515 piese Henri de Toulouse-Lautrec \u2013 Divan Japonais \u0219i bucur\u0103-te de toate beneficiile unui joc puzzle de calitate. Iar dac\u0103 vrei s\u0103 oferi un cadou provocator \u0219i altor prieteni pasiona\u021bi, atunci un puzzle de art\u0103 cu o pictur\u0103 semnat\u0103 Henri de Toulouse-Lautrec va fi cu siguran\u021b\u0103 o surpriz\u0103 pl\u0103cut\u0103.<\/span><\/p>\n","protected":false},"excerpt":{"rendered":"<p>Puzzle Henri de Toulouse-Lautrec \u2013 Divan Japonais este un joc complex, cu 515 piese cu forme speciale, dedicat celor care<\/p>\n","protected":false},"featured_media":69091,"template":"","meta":[],"product_brand":[],"product_cat":[1454,1488,1551],"product_tag":[],"class_list":{"0":"post-15689","1":"product","2":"type-product","3":"status-publish","4":"has-post-thumbnail","6":"product_cat-puzzle","7":"product_cat-puzzle-adulti","8":"product_cat-puzzle-adulti-special","9":"pa_bax-1273","10":"pa_brand-d_toys","11":"pa_country_of_manufacture-ro","12":"pa_filter_age-1315","13":"pa_painter-henridetoulouse_lautrec","14":"pa_tip_ambalaj-cutie","15":"pa_tip_puzzle-puzzlespecial","17":"first","18":"instock","19":"taxable","20":"shipping-taxable","21":"product-type-simple"},"yoast_head":"<!-- This site is optimized with the Yoast SEO plugin v20.1 - https:\/\/yoast.com\/wordpress\/plugins\/seo\/ -->\n<title>Puzzle 515 piese Special - Henri de Toulouse-Lautrec - Divan Japonais - Roovi B2B<\/title>\n<meta name=\"robots\" content=\"index, follow, max-snippet:-1, max-image-preview:large, max-video-preview:-1\" \/>\n<link rel=\"canonical\" href=\"https:\/\/www.roovi.ro\/puzzle-special-henri-de-toulouse-lautrec-divan-japonais-515-piese\/p\/\" \/>\n<meta property=\"og:locale\" content=\"ro_RO\" \/>\n<meta property=\"og:type\" content=\"article\" \/>\n<meta property=\"og:title\" content=\"Puzzle 515 piese Special - Henri de Toulouse-Lautrec - Divan Japonais - Roovi B2B\" \/>\n<meta property=\"og:description\" content=\"Puzzle Henri de Toulouse-Lautrec \u2013 Divan Japonais este un joc complex, cu 515 piese cu forme speciale, dedicat celor care\" \/>\n<meta property=\"og:url\" content=\"https:\/\/www.roovi.ro\/puzzle-special-henri-de-toulouse-lautrec-divan-japonais-515-piese\/p\/\" \/>\n<meta property=\"og:site_name\" content=\"Roovi B2B\" \/>\n<meta property=\"article:publisher\" content=\"https:\/\/www.facebook.com\/wwwjucariero\" \/>\n<meta property=\"article:modified_time\" content=\"2023-03-23T09:30:12+00:00\" \/>\n<meta property=\"og:image\" content=\"https:\/\/business.roovi.com\/wp-content\/uploads\/2018\/04\/66978-TL-07-WEB.jpg\" \/>\n\t<meta property=\"og:image:width\" content=\"1200\" \/>\n\t<meta property=\"og:image:height\" content=\"1200\" \/>\n\t<meta property=\"og:image:type\" content=\"image\/jpeg\" \/>\n<meta name=\"twitter:label1\" content=\"Timp estimat pentru citire\" \/>\n\t<meta name=\"twitter:data1\" content=\"3 minute\" \/>\n<script type=\"application\/ld+json\" class=\"yoast-schema-graph\">{\"@context\":\"https:\/\/schema.org\",\"@graph\":[{\"@type\":\"WebPage\",\"@id\":\"https:\/\/business.roovi.com\/ro\/puzzle-special-henri-de-toulouse-lautrec-divan-japonais-515-piese\/p\/\",\"url\":\"https:\/\/www.roovi.ro\/puzzle-special-henri-de-toulouse-lautrec-divan-japonais-515-piese\/p\/\",\"name\":\"Puzzle 515 piese Special - Henri de Toulouse-Lautrec - Divan Japonais - Roovi B2B\",\"isPartOf\":{\"@id\":\"https:\/\/business.roovi.com\/ro\/#website\"},\"datePublished\":\"2018-04-16T10:56:16+00:00\",\"dateModified\":\"2023-03-23T09:30:12+00:00\",\"breadcrumb\":{\"@id\":\"https:\/\/www.roovi.ro\/puzzle-special-henri-de-toulouse-lautrec-divan-japonais-515-piese\/p\/#breadcrumb\"},\"inLanguage\":\"ro-RO\",\"potentialAction\":[{\"@type\":\"ReadAction\",\"target\":[\"https:\/\/www.roovi.ro\/puzzle-special-henri-de-toulouse-lautrec-divan-japonais-515-piese\/p\/\"]}]},{\"@type\":\"BreadcrumbList\",\"@id\":\"https:\/\/www.roovi.ro\/puzzle-special-henri-de-toulouse-lautrec-divan-japonais-515-piese\/p\/#breadcrumb\",\"itemListElement\":[{\"@type\":\"ListItem\",\"position\":1,\"name\":\"Home\",\"item\":\"https:\/\/business.roovi.com\/ro\/\"},{\"@type\":\"ListItem\",\"position\":2,\"name\":\"Magazin\",\"item\":\"https:\/\/business.roovi.com\/ro\/magazin\/\"},{\"@type\":\"ListItem\",\"position\":3,\"name\":\"Puzzle 515 piese Special &#8211; Henri de Toulouse-Lautrec &#8211; Divan Japonais\"}]},{\"@type\":\"WebSite\",\"@id\":\"https:\/\/business.roovi.com\/ro\/#website\",\"url\":\"https:\/\/business.roovi.com\/ro\/\",\"name\":\"Roovi B2B\",\"description\":\"Roovi Business Website\",\"potentialAction\":[{\"@type\":\"SearchAction\",\"target\":{\"@type\":\"EntryPoint\",\"urlTemplate\":\"https:\/\/business.roovi.com\/ro\/?s={search_term_string}\"},\"query-input\":\"required name=search_term_string\"}],\"inLanguage\":\"ro-RO\"}]}<\/script>\n<!-- \/ Yoast SEO plugin. -->","yoast_head_json":{"title":"Puzzle 515 piese Special - Henri de Toulouse-Lautrec - Divan Japonais - Roovi B2B","robots":{"index":"index","follow":"follow","max-snippet":"max-snippet:-1","max-image-preview":"max-image-preview:large","max-video-preview":"max-video-preview:-1"},"canonical":"https:\/\/www.roovi.ro\/puzzle-special-henri-de-toulouse-lautrec-divan-japonais-515-piese\/p\/","og_locale":"ro_RO","og_type":"article","og_title":"Puzzle 515 piese Special - Henri de Toulouse-Lautrec - Divan Japonais - Roovi B2B","og_description":"Puzzle Henri de Toulouse-Lautrec \u2013 Divan Japonais este un joc complex, cu 515 piese cu forme speciale, dedicat celor care","og_url":"https:\/\/www.roovi.ro\/puzzle-special-henri-de-toulouse-lautrec-divan-japonais-515-piese\/p\/","og_site_name":"Roovi B2B","article_publisher":"https:\/\/www.facebook.com\/wwwjucariero","article_modified_time":"2023-03-23T09:30:12+00:00","og_image":[{"width":1200,"height":1200,"url":"https:\/\/business.roovi.com\/wp-content\/uploads\/2018\/04\/66978-TL-07-WEB.jpg","type":"image\/jpeg"}],"twitter_misc":{"Timp estimat pentru citire":"3 minute"},"schema":{"@context":"https:\/\/schema.org","@graph":[{"@type":"WebPage","@id":"https:\/\/business.roovi.com\/ro\/puzzle-special-henri-de-toulouse-lautrec-divan-japonais-515-piese\/p\/","url":"https:\/\/www.roovi.ro\/puzzle-special-henri-de-toulouse-lautrec-divan-japonais-515-piese\/p\/","name":"Puzzle 515 piese Special - Henri de Toulouse-Lautrec - Divan Japonais - Roovi B2B","isPartOf":{"@id":"https:\/\/business.roovi.com\/ro\/#website"},"datePublished":"2018-04-16T10:56:16+00:00","dateModified":"2023-03-23T09:30:12+00:00","breadcrumb":{"@id":"https:\/\/www.roovi.ro\/puzzle-special-henri-de-toulouse-lautrec-divan-japonais-515-piese\/p\/#breadcrumb"},"inLanguage":"ro-RO","potentialAction":[{"@type":"ReadAction","target":["https:\/\/www.roovi.ro\/puzzle-special-henri-de-toulouse-lautrec-divan-japonais-515-piese\/p\/"]}]},{"@type":"BreadcrumbList","@id":"https:\/\/www.roovi.ro\/puzzle-special-henri-de-toulouse-lautrec-divan-japonais-515-piese\/p\/#breadcrumb","itemListElement":[{"@type":"ListItem","position":1,"name":"Home","item":"https:\/\/business.roovi.com\/ro\/"},{"@type":"ListItem","position":2,"name":"Magazin","item":"https:\/\/business.roovi.com\/ro\/magazin\/"},{"@type":"ListItem","position":3,"name":"Puzzle 515 piese Special &#8211; Henri de Toulouse-Lautrec &#8211; Divan Japonais"}]},{"@type":"WebSite","@id":"https:\/\/business.roovi.com\/ro\/#website","url":"https:\/\/business.roovi.com\/ro\/","name":"Roovi B2B","description":"Roovi Business Website","potentialAction":[{"@type":"SearchAction","target":{"@type":"EntryPoint","urlTemplate":"https:\/\/business.roovi.com\/ro\/?s={search_term_string}"},"query-input":"required name=search_term_string"}],"inLanguage":"ro-RO"}]}},"_links":{"self":[{"href":"https:\/\/business.roovi.com\/ro\/wp-json\/wp\/v2\/product\/15689","targetHints":{"allow":["GET"]}}],"collection":[{"href":"https:\/\/business.roovi.com\/ro\/wp-json\/wp\/v2\/product"}],"about":[{"href":"https:\/\/business.roovi.com\/ro\/wp-json\/wp\/v2\/types\/product"}],"version-history":[{"count":0,"href":"https:\/\/business.roovi.com\/ro\/wp-json\/wp\/v2\/product\/15689\/revisions"}],"wp:featuredmedia":[{"embeddable":true,"href":"https:\/\/business.roovi.com\/ro\/wp-json\/wp\/v2\/media\/69091"}],"wp:attachment":[{"href":"https:\/\/business.roovi.com\/ro\/wp-json\/wp\/v2\/media?parent=15689"}],"wp:term":[{"taxonomy":"product_brand","embeddable":true,"href":"https:\/\/business.roovi.com\/ro\/wp-json\/wp\/v2\/product_brand?post=15689"},{"taxonomy":"product_cat","embeddable":true,"href":"https:\/\/business.roovi.com\/ro\/wp-json\/wp\/v2\/product_cat?post=15689"},{"taxonomy":"product_tag","embeddable":true,"href":"https:\/\/business.roovi.com\/ro\/wp-json\/wp\/v2\/product_tag?post=15689"}],"curies":[{"name":"wp","href":"https:\/\/api.w.org\/{rel}","templated":true}]}}