{"id":15694,"date":"2018-04-16T10:56:16","date_gmt":"2018-04-16T10:56:16","guid":{"rendered":"https:\/\/business.roovi.com\/product\/puzzle-special-henri-de-toulouse-lautrec-aristide-bruant-515-piese\/"},"modified":"2023-03-23T09:38:11","modified_gmt":"2023-03-23T09:38:11","slug":"puzzle-special-henri-de-toulouse-lautrec-aristide-bruant-515-piese","status":"publish","type":"product","link":"https:\/\/business.roovi.com\/ro\/puzzle-special-henri-de-toulouse-lautrec-aristide-bruant-515-piese\/p\/","title":{"rendered":"Puzzle 515 piese Special &#8211; Henri de Toulouse-Lautrec &#8211; Aristide Bruant"},"content":{"rendered":"<h3><span style=\"font-weight: 400;\">Adori provocarea unui puzzle complex? Alege Puzzle 515 Piese Henri de Toulouse-Lautrec &#8211; Aristide Bruant \u0219i antreneaz\u0103-\u021bi mintea \u00een mod distractiv.<\/span><\/h3>\n<p><span style=\"font-weight: 400;\">\u00cen plus, ob\u021bii o replic\u0103 fidel\u0103 a celebrei litografii <\/span><i><span style=\"font-weight: 400;\">Aristide Bruant<\/span><\/i><span style=\"font-weight: 400;\"> realizate de pictorul Henri de Toulouse-Lautrec \u00een anul 1892.<\/span><\/p>\n<p><span style=\"font-weight: 400;\">Renumitul pictor, litograf \u0219i ilustrator postimpresionist Henri de Toulouse-Lautrec a surprins elegan\u021ba \u0219i entuziasmul vie\u021bii de noapte pariziene din memorabila Belle Epoque.\u00a0<\/span><\/p>\n<p><span style=\"font-weight: 400;\">Afi\u0219ul litografic color \u00eel \u00eenf\u0103\u021bi\u0219eaz\u0103 pe c\u00e2nt\u0103re\u021bul francez de cabaret, Aristide Bruant \u0219i\u00a0 i-a fost comandat artistului pentru a prezenta \u00eentr-un mod stilizat reclama unui spectacol sus\u021binut de c\u00e2nt\u0103re\u021b la clubul Ambassadeurs din Paris.<\/span><\/p>\n<p><span style=\"font-weight: 400;\">Puzzle Henri de Toulouse-Lautrec &#8211; Aristide Bruant are 515 piese unice, cu forme speciale care cresc gradul de dificultate al jocului puzzle. Piesele se \u00eembin\u0103 perfect, iar tabloul final este o adev\u0103rat\u0103 capodoper\u0103 de art\u0103 pe care o po\u021bi expune pe unul dintre pere\u021bii casei tale.<\/span><\/p>\n<h3><span style=\"font-weight: 400;\">De ce s\u0103 alegi Puzzle 515 Piese: Henri de Toulouse-Lautrec &#8211; Aristide Bruant<\/span><\/h3>\n<ul>\n<li style=\"font-weight: 400;\" aria-level=\"1\"><span style=\"font-weight: 400;\">Ob\u021bii un tablou cu dimensiunile de <\/span><b>48 x 34 cm<\/b><span style=\"font-weight: 400;\"> cu care \u00ee\u021bi po\u021bi decora locuin\u021ba.\u00a0<\/span><\/li>\n<li style=\"font-weight: 400;\" aria-level=\"1\"><span style=\"font-weight: 400;\">Piesele sunt realizate din carton gros, de calitate superioar\u0103, ce asigur\u0103 rezisten\u021b\u0103 sporit\u0103 chiar \u0219i la asambl\u0103ri multiple.<\/span><\/li>\n<li style=\"font-weight: 400;\" aria-level=\"1\"><span style=\"font-weight: 400;\">Este realizat din materiale prietenoase cu natura, sustenabile, reciclabile.<\/span><\/li>\n<li style=\"font-weight: 400;\" aria-level=\"1\"><span style=\"font-weight: 400;\">Un puzzle complex este un exerci\u021biu benefic pentru s\u0103n\u0103tatea creierului.\u00a0<\/span><\/li>\n<li style=\"font-weight: 400;\" aria-level=\"1\"><span style=\"font-weight: 400;\">Este o modalitate util\u0103 pentru a combate stresul, anxietatea, precum \u0219i depresia.\u00a0<\/span><\/li>\n<li style=\"font-weight: 400;\" aria-level=\"1\"><span style=\"font-weight: 400;\">Ajut\u0103 la \u00eembun\u0103t\u0103\u021birea ra\u021bionamentului vizual-spa\u021bial, a memoriei pe termen scurt \u0219i a abilit\u0103\u021bilor de rezolvare a problemelor.<\/span><\/li>\n<li style=\"font-weight: 400;\" aria-level=\"1\"><span style=\"font-weight: 400;\">Cre\u0219te nivelul dopaminei \u0219i serotoninei, substan\u021bele responsabile de starea de optimism \u0219i fericire.<\/span><\/li>\n<li style=\"font-weight: 400;\" aria-level=\"1\"><span style=\"font-weight: 400;\">Potrivit celor peste 14 ani, fiind a\u0219adar un prilej oportun pentru a-i introduce pe adolescen\u021bi \u00een lumea fascinant\u0103 a picturilor celebre.<\/span><\/li>\n<\/ul>\n<h3><span style=\"font-weight: 400;\">Despre Henri de Toulouse-Lautrec \u0219tiai c\u0103\u2026<\/span><\/h3>\n<ul>\n<li style=\"font-weight: 400;\" aria-level=\"1\"><span style=\"font-weight: 400;\">De\u0219i era aristocrat prin na\u0219tere, artistul a fost o figur\u0103 a scenei boeme avangardiste, centrat\u0103 \u00een cartierul Montmartre, unde se afla faimosul Moulin Rouge, pentru care a realizat o serie de afi\u0219e promo\u021bionale.\u00a0<\/span><\/li>\n<\/ul>\n<ul>\n<li style=\"font-weight: 400;\" aria-level=\"1\"><span style=\"font-weight: 400;\">Lautrec a f\u0103cut din arti\u0219tii, c\u00e2nt\u0103re\u021bii, dansatoarele \u0219i prostituatele locale subiectele lucr\u0103rilor sale, surprinz\u00e2ndu-i \u00een culori deosebite, contururi puternice \u0219i unghiuri neconven\u021bionale.\u00a0<\/span><\/li>\n<\/ul>\n<ul>\n<li style=\"font-weight: 400;\" aria-level=\"1\"><span style=\"font-weight: 400;\">\u00cen ceea ce prive\u0219te litografia <\/span><i><span style=\"font-weight: 400;\">Aristide Bruant<\/span><\/i><span style=\"font-weight: 400;\">, se spune c\u0103 proprietarul clubului a refuzat s\u0103 o pl\u0103teasc\u0103, descriind-o ca fiind o &#8222;mizerie revolt\u0103toare&#8221;. Bruant a considerat-o \u00eens\u0103 o capodoper\u0103 \u0219i a declarat c\u0103 refuz\u0103 s\u0103 c\u00e2nte dac\u0103 afi\u0219ul nu va ap\u0103rea pe scen\u0103.<\/span><\/li>\n<\/ul>\n<ul>\n<li style=\"font-weight: 400;\" aria-level=\"1\"><span style=\"font-weight: 400;\">Afi\u0219ul Aristide Bruant a fost p\u00e2n\u0103 la urm\u0103 expus \u00een tot Parisul, cresc\u00e2nd deopotriv\u0103 popularitatea pictorului \u0219i a c\u00e2nt\u0103re\u021bului.<\/span><\/li>\n<\/ul>\n<h3><span style=\"font-weight: 400;\">Puzzle Special Shaped: Henri de Toulouse-Lautrec &#8211; Aristide Bruant &#8211; o experien\u021b\u0103 cultural\u0103 \u0219i distractiv\u0103<\/span><\/h3>\n<p><span style=\"font-weight: 400;\">Dac\u0103 vrei s\u0103 le ar\u0103\u021bi adolescen\u021bilor frumuse\u021bea artei \u0219i s\u0103 le explici valoarea frumosului pe limba lor, un puzzle complex precum Puzzle Aristide Bruant este alegerea perfect\u0103.<\/span><\/p>\n<p><span style=\"font-weight: 400;\">\u00cen plus, Puzzle Henri de Toulouse-Lautrec &#8211; Aristide Bruant creeaz\u0103 premisele ideale pentru comunicare, conexiune \u0219i relaxare activ\u0103 \u00eempreun\u0103.<\/span><\/p>\n<p><span style=\"font-weight: 400;\">Dac\u0103 \u00ee\u021bi dore\u0219ti s\u0103 petreci un timp de calitate, \u00een intimitate, a\u0219ez\u00e2ndu-\u021bi g\u00e2ndurile \u0219i conect\u00e2ndu-te cu tine \u00eensu\u021bi sau cu ceilal\u021bi, Puzzle 515 piese Puzzle Henri de Toulouse-Lautrec &#8211; Aristide Bruant va fi cu siguran\u021b\u0103 o alegere inspirat\u0103.<\/span><\/p>\n","protected":false},"excerpt":{"rendered":"<p>Adori provocarea unui puzzle complex? Alege Puzzle 515 Piese Henri de Toulouse-Lautrec &#8211; Aristide Bruant \u0219i antreneaz\u0103-\u021bi mintea \u00een mod<\/p>\n","protected":false},"featured_media":69100,"template":"","meta":[],"product_brand":[],"product_cat":[1454,1488,1551],"product_tag":[],"class_list":{"0":"post-15694","1":"product","2":"type-product","3":"status-publish","4":"has-post-thumbnail","6":"product_cat-puzzle","7":"product_cat-puzzle-adulti","8":"product_cat-puzzle-adulti-special","9":"pa_bax-1273","10":"pa_brand-d_toys","11":"pa_country_of_manufacture-ro","12":"pa_filter_age-1315","13":"pa_painter-henridetoulouse_lautrec","14":"pa_tip_ambalaj-cutie","15":"pa_tip_puzzle-puzzlespecial","17":"first","18":"instock","19":"taxable","20":"shipping-taxable","21":"product-type-simple"},"yoast_head":"<!-- This site is optimized with the Yoast SEO plugin v20.1 - https:\/\/yoast.com\/wordpress\/plugins\/seo\/ -->\n<title>Puzzle 515 piese Special - Henri de Toulouse-Lautrec - Aristide Bruant - Roovi B2B<\/title>\n<meta name=\"robots\" content=\"index, follow, max-snippet:-1, max-image-preview:large, max-video-preview:-1\" \/>\n<link rel=\"canonical\" href=\"https:\/\/www.roovi.ro\/puzzle-special-henri-de-toulouse-lautrec-aristide-bruant-515-piese\/p\/\" \/>\n<meta property=\"og:locale\" content=\"ro_RO\" \/>\n<meta property=\"og:type\" content=\"article\" \/>\n<meta property=\"og:title\" content=\"Puzzle 515 piese Special - Henri de Toulouse-Lautrec - Aristide Bruant - Roovi B2B\" \/>\n<meta property=\"og:description\" content=\"Adori provocarea unui puzzle complex? Alege Puzzle 515 Piese Henri de Toulouse-Lautrec &#8211; Aristide Bruant \u0219i antreneaz\u0103-\u021bi mintea \u00een mod\" \/>\n<meta property=\"og:url\" content=\"https:\/\/www.roovi.ro\/puzzle-special-henri-de-toulouse-lautrec-aristide-bruant-515-piese\/p\/\" \/>\n<meta property=\"og:site_name\" content=\"Roovi B2B\" \/>\n<meta property=\"article:publisher\" content=\"https:\/\/www.facebook.com\/wwwjucariero\" \/>\n<meta property=\"article:modified_time\" content=\"2023-03-23T09:38:11+00:00\" \/>\n<meta property=\"og:image\" content=\"https:\/\/business.roovi.com\/wp-content\/uploads\/2018\/04\/66978-TL-08-WEB.jpg\" \/>\n\t<meta property=\"og:image:width\" content=\"1200\" \/>\n\t<meta property=\"og:image:height\" content=\"1200\" \/>\n\t<meta property=\"og:image:type\" content=\"image\/jpeg\" \/>\n<meta name=\"twitter:label1\" content=\"Timp estimat pentru citire\" \/>\n\t<meta name=\"twitter:data1\" content=\"3 minute\" \/>\n<script type=\"application\/ld+json\" class=\"yoast-schema-graph\">{\"@context\":\"https:\/\/schema.org\",\"@graph\":[{\"@type\":\"WebPage\",\"@id\":\"https:\/\/business.roovi.com\/ro\/puzzle-special-henri-de-toulouse-lautrec-aristide-bruant-515-piese\/p\/\",\"url\":\"https:\/\/www.roovi.ro\/puzzle-special-henri-de-toulouse-lautrec-aristide-bruant-515-piese\/p\/\",\"name\":\"Puzzle 515 piese Special - Henri de Toulouse-Lautrec - Aristide Bruant - Roovi B2B\",\"isPartOf\":{\"@id\":\"https:\/\/business.roovi.com\/ro\/#website\"},\"datePublished\":\"2018-04-16T10:56:16+00:00\",\"dateModified\":\"2023-03-23T09:38:11+00:00\",\"breadcrumb\":{\"@id\":\"https:\/\/www.roovi.ro\/puzzle-special-henri-de-toulouse-lautrec-aristide-bruant-515-piese\/p\/#breadcrumb\"},\"inLanguage\":\"ro-RO\",\"potentialAction\":[{\"@type\":\"ReadAction\",\"target\":[\"https:\/\/www.roovi.ro\/puzzle-special-henri-de-toulouse-lautrec-aristide-bruant-515-piese\/p\/\"]}]},{\"@type\":\"BreadcrumbList\",\"@id\":\"https:\/\/www.roovi.ro\/puzzle-special-henri-de-toulouse-lautrec-aristide-bruant-515-piese\/p\/#breadcrumb\",\"itemListElement\":[{\"@type\":\"ListItem\",\"position\":1,\"name\":\"Home\",\"item\":\"https:\/\/business.roovi.com\/ro\/\"},{\"@type\":\"ListItem\",\"position\":2,\"name\":\"Magazin\",\"item\":\"https:\/\/business.roovi.com\/ro\/magazin\/\"},{\"@type\":\"ListItem\",\"position\":3,\"name\":\"Puzzle 515 piese Special &#8211; Henri de Toulouse-Lautrec &#8211; Aristide Bruant\"}]},{\"@type\":\"WebSite\",\"@id\":\"https:\/\/business.roovi.com\/ro\/#website\",\"url\":\"https:\/\/business.roovi.com\/ro\/\",\"name\":\"Roovi B2B\",\"description\":\"Roovi Business Website\",\"potentialAction\":[{\"@type\":\"SearchAction\",\"target\":{\"@type\":\"EntryPoint\",\"urlTemplate\":\"https:\/\/business.roovi.com\/ro\/?s={search_term_string}\"},\"query-input\":\"required name=search_term_string\"}],\"inLanguage\":\"ro-RO\"}]}<\/script>\n<!-- \/ Yoast SEO plugin. -->","yoast_head_json":{"title":"Puzzle 515 piese Special - Henri de Toulouse-Lautrec - Aristide Bruant - Roovi B2B","robots":{"index":"index","follow":"follow","max-snippet":"max-snippet:-1","max-image-preview":"max-image-preview:large","max-video-preview":"max-video-preview:-1"},"canonical":"https:\/\/www.roovi.ro\/puzzle-special-henri-de-toulouse-lautrec-aristide-bruant-515-piese\/p\/","og_locale":"ro_RO","og_type":"article","og_title":"Puzzle 515 piese Special - Henri de Toulouse-Lautrec - Aristide Bruant - Roovi B2B","og_description":"Adori provocarea unui puzzle complex? Alege Puzzle 515 Piese Henri de Toulouse-Lautrec &#8211; Aristide Bruant \u0219i antreneaz\u0103-\u021bi mintea \u00een mod","og_url":"https:\/\/www.roovi.ro\/puzzle-special-henri-de-toulouse-lautrec-aristide-bruant-515-piese\/p\/","og_site_name":"Roovi B2B","article_publisher":"https:\/\/www.facebook.com\/wwwjucariero","article_modified_time":"2023-03-23T09:38:11+00:00","og_image":[{"width":1200,"height":1200,"url":"https:\/\/business.roovi.com\/wp-content\/uploads\/2018\/04\/66978-TL-08-WEB.jpg","type":"image\/jpeg"}],"twitter_misc":{"Timp estimat pentru citire":"3 minute"},"schema":{"@context":"https:\/\/schema.org","@graph":[{"@type":"WebPage","@id":"https:\/\/business.roovi.com\/ro\/puzzle-special-henri-de-toulouse-lautrec-aristide-bruant-515-piese\/p\/","url":"https:\/\/www.roovi.ro\/puzzle-special-henri-de-toulouse-lautrec-aristide-bruant-515-piese\/p\/","name":"Puzzle 515 piese Special - Henri de Toulouse-Lautrec - Aristide Bruant - Roovi B2B","isPartOf":{"@id":"https:\/\/business.roovi.com\/ro\/#website"},"datePublished":"2018-04-16T10:56:16+00:00","dateModified":"2023-03-23T09:38:11+00:00","breadcrumb":{"@id":"https:\/\/www.roovi.ro\/puzzle-special-henri-de-toulouse-lautrec-aristide-bruant-515-piese\/p\/#breadcrumb"},"inLanguage":"ro-RO","potentialAction":[{"@type":"ReadAction","target":["https:\/\/www.roovi.ro\/puzzle-special-henri-de-toulouse-lautrec-aristide-bruant-515-piese\/p\/"]}]},{"@type":"BreadcrumbList","@id":"https:\/\/www.roovi.ro\/puzzle-special-henri-de-toulouse-lautrec-aristide-bruant-515-piese\/p\/#breadcrumb","itemListElement":[{"@type":"ListItem","position":1,"name":"Home","item":"https:\/\/business.roovi.com\/ro\/"},{"@type":"ListItem","position":2,"name":"Magazin","item":"https:\/\/business.roovi.com\/ro\/magazin\/"},{"@type":"ListItem","position":3,"name":"Puzzle 515 piese Special &#8211; Henri de Toulouse-Lautrec &#8211; Aristide Bruant"}]},{"@type":"WebSite","@id":"https:\/\/business.roovi.com\/ro\/#website","url":"https:\/\/business.roovi.com\/ro\/","name":"Roovi B2B","description":"Roovi Business Website","potentialAction":[{"@type":"SearchAction","target":{"@type":"EntryPoint","urlTemplate":"https:\/\/business.roovi.com\/ro\/?s={search_term_string}"},"query-input":"required name=search_term_string"}],"inLanguage":"ro-RO"}]}},"_links":{"self":[{"href":"https:\/\/business.roovi.com\/ro\/wp-json\/wp\/v2\/product\/15694","targetHints":{"allow":["GET"]}}],"collection":[{"href":"https:\/\/business.roovi.com\/ro\/wp-json\/wp\/v2\/product"}],"about":[{"href":"https:\/\/business.roovi.com\/ro\/wp-json\/wp\/v2\/types\/product"}],"version-history":[{"count":0,"href":"https:\/\/business.roovi.com\/ro\/wp-json\/wp\/v2\/product\/15694\/revisions"}],"wp:featuredmedia":[{"embeddable":true,"href":"https:\/\/business.roovi.com\/ro\/wp-json\/wp\/v2\/media\/69100"}],"wp:attachment":[{"href":"https:\/\/business.roovi.com\/ro\/wp-json\/wp\/v2\/media?parent=15694"}],"wp:term":[{"taxonomy":"product_brand","embeddable":true,"href":"https:\/\/business.roovi.com\/ro\/wp-json\/wp\/v2\/product_brand?post=15694"},{"taxonomy":"product_cat","embeddable":true,"href":"https:\/\/business.roovi.com\/ro\/wp-json\/wp\/v2\/product_cat?post=15694"},{"taxonomy":"product_tag","embeddable":true,"href":"https:\/\/business.roovi.com\/ro\/wp-json\/wp\/v2\/product_tag?post=15694"}],"curies":[{"name":"wp","href":"https:\/\/api.w.org\/{rel}","templated":true}]}}