{"id":15997,"date":"2018-04-16T10:56:16","date_gmt":"2018-04-16T10:56:16","guid":{"rendered":"https:\/\/business.roovi.com\/product\/puzzle-imagini-din-romania-castelul-peles-seara-1000-piese\/"},"modified":"2025-03-18T10:02:03","modified_gmt":"2025-03-18T10:02:03","slug":"puzzle-1000-piese-imagini-din-romania-castelul-peles-seara","status":"publish","type":"product","link":"https:\/\/business.roovi.com\/ro\/puzzle-1000-piese-imagini-din-romania-castelul-peles-seara\/p\/","title":{"rendered":"Puzzle adul\u021bi 1000 piese &#8211; Imagini din Rom\u00e2nia &#8211; Castelul Pele\u0219 seara"},"content":{"rendered":"<p><span style=\"font-weight: 400;\">Castelul Pele\u0219 este considerat o perl\u0103 a arhitecturii datorit\u0103 frumuse\u021bii \u0219i complexit\u0103\u021bii construc\u021biei, fiind \u00eendelung admirat \u0219i imortalizat \u00een fotografii \u0219i picturi.\u00a0<\/span><\/p>\n<p><span style=\"font-weight: 400;\">Surs\u0103 de inspira\u021bie nepre\u021buit\u0103 pentru arti\u0219ti, Castelul Pele\u0219 este un castel alpin grandios, ce aduce laolalt\u0103 mai multe stiluri arhitecturale clasice europene, oscil\u00e2nd \u00eentre elegan\u021ba italian\u0103 a stilului neo-renascentist \u0219i estetica german\u0103.\u00a0\u00a0<\/span><\/p>\n<p><span style=\"font-weight: 400;\">Construit din fondurile personale ale Regelui Carol I, Castelul Pele\u0219 a servit drept re\u0219edin\u021b\u0103 de var\u0103 a familiei regale a Rom\u00e2niei, dar \u0219i ca loca\u021bie de protocol, unde \u00eensu\u0219i \u00cemp\u0103ratul Imperiului Austro-Ungar, Franz Joseph, a fost primit ca oaspete.<\/span><\/p>\n<p><span style=\"font-weight: 400;\">Descoper\u0103 detaliile minu\u021bioase \u0219i arhitectura impun\u0103toare a Castelului Pele\u0219 \u00eentr-un puzzle 1000 piese pe care \u00eel vei asambla cu entuziasmul unui copil ce face o nou\u0103 descoperire. Prive\u0219te cum, pies\u0103 cu pies\u0103, prinde contur cadrul idilic \u00een care a fost ridicat cel mai frumos castel din Rom\u00e2nia.\u00a0<\/span><\/p>\n<h2><span style=\"font-weight: 400;\">De ce s\u0103 alegi un puzzle adul\u021bi 1000 piese Imagini din Rom\u00e2nia<\/span><\/h2>\n<ul>\n<li><span style=\"font-weight: 400;\">Un puzzle este o modalitate relaxant\u0103 de a descoperi frumuse\u021bea \u0219i unicitatea unor obiective turistice apreciate \u00een \u00eentreaga lume.<\/span><\/li>\n<li><span style=\"font-weight: 400;\">La final, vei ob\u021bine un tablou al Castelului Pele\u0219 pe care \u00eel po\u021bi transforma \u00eentr-un obiect de decor \u00eendelung admirat.<\/span><\/li>\n<li><span style=\"font-weight: 400;\">Dimensiunea acestui puzzle este de 68 x 47 cm, suficient de mare pentru a deveni o pies\u0103 central\u0103 de decor ce capteaz\u0103 toate privirile.<\/span><\/li>\n<li><span style=\"font-weight: 400;\">Folosim materiale reciclabile \u0219i sustenabile pentru realizarea fiec\u0103rui puzzle.<\/span><\/li>\n<li><span style=\"font-weight: 400;\">Piesele sunt realizate din carton rezistent, de foarte bun\u0103 calitate, astfel c\u0103 imaginea poate fi asamblat\u0103 de mai multe ori, f\u0103r\u0103 ca piesele sa fie deteriorate.<\/span><\/li>\n<li><span style=\"font-weight: 400;\">Finisajul pl\u0103cut, semi lucios, eviden\u021biaz\u0103 culorile vii ale imaginii.<\/span><\/li>\n<li><span style=\"font-weight: 400;\">Este o form\u0103 pl\u0103cut\u0103 de a antrena \u0219i men\u021bine coordonarea, motricitatea \u0219i dexteritatea, la orice v\u00e2rst\u0103.<\/span><\/li>\n<li><span style=\"font-weight: 400;\">Jocul de puzzle este un antrenament mental pre\u021bios, solicitand ambele emisfere cerebrale, \u00eembun\u0103t\u0103\u021bind astfel memoria.<\/span><\/li>\n<li><span style=\"font-weight: 400;\">Spore\u0219te aten\u021bia la detalii \u0219i concentrarea.<\/span><\/li>\n<li><span style=\"font-weight: 400;\">Este un joc potrivit de la 14 ani, cu un grad de complexitate mediu.\u00a0<\/span><\/li>\n<\/ul>\n<h2><span style=\"font-weight: 400;\">\u0218tiai c\u0103\u2026<\/span><\/h2>\n<p><span style=\"font-weight: 400;\">Sub piatra de temelie a Castelului Pele\u0219, pus\u0103 \u00een anul 1875, au fost \u00eengropate c\u00e2teva zeci de monede din aur, primele monede rom\u00e2ne\u0219ti cu chipul regelui Carol I.<\/span><\/p>\n<p><span style=\"font-weight: 400;\">De\u0219i poate fi considerat cu u\u0219urin\u021b\u0103 un palat, datorit\u0103 dimensiunilor sale impresionante, a decorului interior grandios \u0219i foarte elegant, dar \u0219i datorit\u0103 arhitecturii sale somptuoase, Castelul Pele\u0219 a continuat s\u0103 fie numit castel at\u00e2t de c\u0103tre familia regal\u0103 c\u0103t \u0219i de vizitatori.\u00a0<\/span><\/p>\n<p><span style=\"font-weight: 400;\">Conform planului Castelului, \u00een Pele\u0219 sunt 160 de \u00eenc\u0103peri, cu numeroase intr\u0103ri \u0219i sc\u0103ri interioare, iar turnul central are o \u00een\u0103l\u021bime de 66 de metri. Castelul Pele\u0219 are inclusiv o sal\u0103 de teatru, cu o scen\u0103 mic\u0103, 60 de locuri \u00een sal\u0103 plus loja regal\u0103.\u00a0<\/span><\/p>\n<h2><span style=\"font-weight: 400;\">Puzzle adul\u021bi 1000 piese &#8211; deconectare de la ritmul rapid al vie\u021bii<\/span><\/h2>\n<p><span style=\"font-weight: 400;\">Alege s\u0103 descoperi Rom\u00e2nia \u00een imagini, prin intermediul unor puzzle-uri ce reprezint\u0103 capturi emblematice ale celor mai cunoscute \u0219i \u00eendr\u0103gite obiective turistice din \u021bara noastr\u0103. Astfel, cu ajutorul unui puzzle po\u021bi fi chiar tu arhitectul ce recompune pies\u0103 cu pies\u0103 imaginea Castelului Pele\u0219, impresionant prin elegan\u021ba \u0219i somptuozitatea fiec\u0103rui detaliu.\u00a0<\/span><\/p>\n<p><span style=\"font-weight: 400;\">Iat\u0103 c\u00e2te motive, cel pu\u021bin interesante, ai acum, pentru a descoperi grandiosul Castel din Sinaia, sub forma unui puzzle 1000 piese.\u00a0\u00a0<\/span><\/p>\n<p><span style=\"font-weight: 400;\">\u00cen plus, asamblarea unui puzzle cu imagini din Rom\u00e2nia este o activitate foarte relaxant\u0103, ce \u00ee\u021bi ofer\u0103 un sentiment pl\u0103cut de apartenen\u021b\u0103 \u0219i de reconectare cu originile tale.\u00a0<\/span><\/p>\n","protected":false},"excerpt":{"rendered":"<p>Castelul Pele\u0219 este considerat o perl\u0103 a arhitecturii datorit\u0103 frumuse\u021bii \u0219i complexit\u0103\u021bii construc\u021biei, fiind \u00eendelung admirat \u0219i imortalizat \u00een fotografii<\/p>\n","protected":false},"featured_media":15993,"template":"","meta":[],"product_brand":[],"product_cat":[1454,1488,1560],"product_tag":[],"class_list":{"0":"post-15997","1":"product","2":"type-product","3":"status-publish","4":"has-post-thumbnail","6":"product_cat-puzzle","7":"product_cat-puzzle-adulti","8":"product_cat-puzzle-adulti-1000","9":"pa_bax-1273","10":"pa_brand-d_toys","11":"pa_country_of_manufacture-ro","12":"pa_filter_age-1315","13":"pa_painter-romania","14":"pa_tip_ambalaj-cutie","15":"pa_tip_puzzle-clasic","17":"first","18":"instock","19":"taxable","20":"shipping-taxable","21":"product-type-simple"},"yoast_head":"<!-- This site is optimized with the Yoast SEO plugin v20.1 - https:\/\/yoast.com\/wordpress\/plugins\/seo\/ -->\n<title>Puzzle adul\u021bi 1000 piese - Imagini din Rom\u00e2nia - Castelul Pele\u0219 seara - Roovi B2B<\/title>\n<meta name=\"robots\" content=\"index, follow, max-snippet:-1, max-image-preview:large, max-video-preview:-1\" \/>\n<link rel=\"canonical\" href=\"https:\/\/www.roovi.ro\/puzzle-1000-piese-imagini-din-romania-castelul-peles-seara\/p\/\" \/>\n<meta property=\"og:locale\" content=\"ro_RO\" \/>\n<meta property=\"og:type\" content=\"article\" \/>\n<meta property=\"og:title\" content=\"Puzzle adul\u021bi 1000 piese - Imagini din Rom\u00e2nia - Castelul Pele\u0219 seara - Roovi B2B\" \/>\n<meta property=\"og:description\" content=\"Castelul Pele\u0219 este considerat o perl\u0103 a arhitecturii datorit\u0103 frumuse\u021bii \u0219i complexit\u0103\u021bii construc\u021biei, fiind \u00eendelung admirat \u0219i imortalizat \u00een fotografii\" \/>\n<meta property=\"og:url\" content=\"https:\/\/www.roovi.ro\/puzzle-1000-piese-imagini-din-romania-castelul-peles-seara\/p\/\" \/>\n<meta property=\"og:site_name\" content=\"Roovi B2B\" \/>\n<meta property=\"article:publisher\" content=\"https:\/\/www.facebook.com\/wwwjucariero\" \/>\n<meta property=\"article:modified_time\" content=\"2025-03-18T10:02:03+00:00\" \/>\n<meta property=\"og:image\" content=\"https:\/\/business.roovi.com\/wp-content\/uploads\/2018\/04\/63038_07.jpg\" \/>\n\t<meta property=\"og:image:width\" content=\"1200\" \/>\n\t<meta property=\"og:image:height\" content=\"1200\" \/>\n\t<meta property=\"og:image:type\" content=\"image\/jpeg\" \/>\n<meta name=\"twitter:label1\" content=\"Timp estimat pentru citire\" \/>\n\t<meta name=\"twitter:data1\" content=\"3 minute\" \/>\n<script type=\"application\/ld+json\" class=\"yoast-schema-graph\">{\"@context\":\"https:\/\/schema.org\",\"@graph\":[{\"@type\":\"WebPage\",\"@id\":\"https:\/\/business.roovi.com\/ro\/puzzle-1000-piese-imagini-din-romania-castelul-peles-seara\/p\/\",\"url\":\"https:\/\/www.roovi.ro\/puzzle-1000-piese-imagini-din-romania-castelul-peles-seara\/p\/\",\"name\":\"Puzzle adul\u021bi 1000 piese - Imagini din Rom\u00e2nia - Castelul Pele\u0219 seara - Roovi B2B\",\"isPartOf\":{\"@id\":\"https:\/\/business.roovi.com\/ro\/#website\"},\"datePublished\":\"2018-04-16T10:56:16+00:00\",\"dateModified\":\"2025-03-18T10:02:03+00:00\",\"breadcrumb\":{\"@id\":\"https:\/\/www.roovi.ro\/puzzle-1000-piese-imagini-din-romania-castelul-peles-seara\/p\/#breadcrumb\"},\"inLanguage\":\"ro-RO\",\"potentialAction\":[{\"@type\":\"ReadAction\",\"target\":[\"https:\/\/www.roovi.ro\/puzzle-1000-piese-imagini-din-romania-castelul-peles-seara\/p\/\"]}]},{\"@type\":\"BreadcrumbList\",\"@id\":\"https:\/\/www.roovi.ro\/puzzle-1000-piese-imagini-din-romania-castelul-peles-seara\/p\/#breadcrumb\",\"itemListElement\":[{\"@type\":\"ListItem\",\"position\":1,\"name\":\"Home\",\"item\":\"https:\/\/business.roovi.com\/ro\/\"},{\"@type\":\"ListItem\",\"position\":2,\"name\":\"Magazin\",\"item\":\"https:\/\/business.roovi.com\/ro\/magazin\/\"},{\"@type\":\"ListItem\",\"position\":3,\"name\":\"Puzzle adul\u021bi 1000 piese &#8211; Imagini din Rom\u00e2nia &#8211; Castelul Pele\u0219 seara\"}]},{\"@type\":\"WebSite\",\"@id\":\"https:\/\/business.roovi.com\/ro\/#website\",\"url\":\"https:\/\/business.roovi.com\/ro\/\",\"name\":\"Roovi B2B\",\"description\":\"Roovi Business Website\",\"potentialAction\":[{\"@type\":\"SearchAction\",\"target\":{\"@type\":\"EntryPoint\",\"urlTemplate\":\"https:\/\/business.roovi.com\/ro\/?s={search_term_string}\"},\"query-input\":\"required name=search_term_string\"}],\"inLanguage\":\"ro-RO\"}]}<\/script>\n<!-- \/ Yoast SEO plugin. -->","yoast_head_json":{"title":"Puzzle adul\u021bi 1000 piese - Imagini din Rom\u00e2nia - Castelul Pele\u0219 seara - Roovi B2B","robots":{"index":"index","follow":"follow","max-snippet":"max-snippet:-1","max-image-preview":"max-image-preview:large","max-video-preview":"max-video-preview:-1"},"canonical":"https:\/\/www.roovi.ro\/puzzle-1000-piese-imagini-din-romania-castelul-peles-seara\/p\/","og_locale":"ro_RO","og_type":"article","og_title":"Puzzle adul\u021bi 1000 piese - Imagini din Rom\u00e2nia - Castelul Pele\u0219 seara - Roovi B2B","og_description":"Castelul Pele\u0219 este considerat o perl\u0103 a arhitecturii datorit\u0103 frumuse\u021bii \u0219i complexit\u0103\u021bii construc\u021biei, fiind \u00eendelung admirat \u0219i imortalizat \u00een fotografii","og_url":"https:\/\/www.roovi.ro\/puzzle-1000-piese-imagini-din-romania-castelul-peles-seara\/p\/","og_site_name":"Roovi B2B","article_publisher":"https:\/\/www.facebook.com\/wwwjucariero","article_modified_time":"2025-03-18T10:02:03+00:00","og_image":[{"width":1200,"height":1200,"url":"https:\/\/business.roovi.com\/wp-content\/uploads\/2018\/04\/63038_07.jpg","type":"image\/jpeg"}],"twitter_misc":{"Timp estimat pentru citire":"3 minute"},"schema":{"@context":"https:\/\/schema.org","@graph":[{"@type":"WebPage","@id":"https:\/\/business.roovi.com\/ro\/puzzle-1000-piese-imagini-din-romania-castelul-peles-seara\/p\/","url":"https:\/\/www.roovi.ro\/puzzle-1000-piese-imagini-din-romania-castelul-peles-seara\/p\/","name":"Puzzle adul\u021bi 1000 piese - Imagini din Rom\u00e2nia - Castelul Pele\u0219 seara - Roovi B2B","isPartOf":{"@id":"https:\/\/business.roovi.com\/ro\/#website"},"datePublished":"2018-04-16T10:56:16+00:00","dateModified":"2025-03-18T10:02:03+00:00","breadcrumb":{"@id":"https:\/\/www.roovi.ro\/puzzle-1000-piese-imagini-din-romania-castelul-peles-seara\/p\/#breadcrumb"},"inLanguage":"ro-RO","potentialAction":[{"@type":"ReadAction","target":["https:\/\/www.roovi.ro\/puzzle-1000-piese-imagini-din-romania-castelul-peles-seara\/p\/"]}]},{"@type":"BreadcrumbList","@id":"https:\/\/www.roovi.ro\/puzzle-1000-piese-imagini-din-romania-castelul-peles-seara\/p\/#breadcrumb","itemListElement":[{"@type":"ListItem","position":1,"name":"Home","item":"https:\/\/business.roovi.com\/ro\/"},{"@type":"ListItem","position":2,"name":"Magazin","item":"https:\/\/business.roovi.com\/ro\/magazin\/"},{"@type":"ListItem","position":3,"name":"Puzzle adul\u021bi 1000 piese &#8211; Imagini din Rom\u00e2nia &#8211; Castelul Pele\u0219 seara"}]},{"@type":"WebSite","@id":"https:\/\/business.roovi.com\/ro\/#website","url":"https:\/\/business.roovi.com\/ro\/","name":"Roovi B2B","description":"Roovi Business Website","potentialAction":[{"@type":"SearchAction","target":{"@type":"EntryPoint","urlTemplate":"https:\/\/business.roovi.com\/ro\/?s={search_term_string}"},"query-input":"required name=search_term_string"}],"inLanguage":"ro-RO"}]}},"_links":{"self":[{"href":"https:\/\/business.roovi.com\/ro\/wp-json\/wp\/v2\/product\/15997","targetHints":{"allow":["GET"]}}],"collection":[{"href":"https:\/\/business.roovi.com\/ro\/wp-json\/wp\/v2\/product"}],"about":[{"href":"https:\/\/business.roovi.com\/ro\/wp-json\/wp\/v2\/types\/product"}],"version-history":[{"count":0,"href":"https:\/\/business.roovi.com\/ro\/wp-json\/wp\/v2\/product\/15997\/revisions"}],"wp:featuredmedia":[{"embeddable":true,"href":"https:\/\/business.roovi.com\/ro\/wp-json\/wp\/v2\/media\/15993"}],"wp:attachment":[{"href":"https:\/\/business.roovi.com\/ro\/wp-json\/wp\/v2\/media?parent=15997"}],"wp:term":[{"taxonomy":"product_brand","embeddable":true,"href":"https:\/\/business.roovi.com\/ro\/wp-json\/wp\/v2\/product_brand?post=15997"},{"taxonomy":"product_cat","embeddable":true,"href":"https:\/\/business.roovi.com\/ro\/wp-json\/wp\/v2\/product_cat?post=15997"},{"taxonomy":"product_tag","embeddable":true,"href":"https:\/\/business.roovi.com\/ro\/wp-json\/wp\/v2\/product_tag?post=15997"}],"curies":[{"name":"wp","href":"https:\/\/api.w.org\/{rel}","templated":true}]}}