{"id":16007,"date":"2018-04-16T10:56:16","date_gmt":"2018-04-16T10:56:16","guid":{"rendered":"https:\/\/business.roovi.com\/product\/puzzle-imagini-din-romania-castelul-bran-noaptea-1000-piese\/"},"modified":"2025-03-18T10:03:27","modified_gmt":"2025-03-18T10:03:27","slug":"puzzle-1000-piese-imagini-din-romania-castelul-bran-noaptea","status":"publish","type":"product","link":"https:\/\/business.roovi.com\/ro\/puzzle-1000-piese-imagini-din-romania-castelul-bran-noaptea\/p\/","title":{"rendered":"Puzzle adul\u021bi 1000 piese &#8211; Imagini din Rom\u00e2nia &#8211; Castelul Bran noaptea"},"content":{"rendered":"<p><span style=\"font-weight: 400;\">Castelul Bran sau Castelul lui Dracula este cel mai vizitat monument cultural din \u021bara noastr\u0103, at\u00e2t de rom\u00e2ni, c\u00e2t \u0219i de turi\u0219tii str\u0103ini porni\u021bi pe urmele contelui Dracula.\u00a0\u00a0<\/span><\/p>\n<p><span style=\"font-weight: 400;\">Considerat a fi un castel aparte, Branul a fost o surs\u0103 nepre\u021buit\u0103 de inspira\u021bie pentru scriitorul Bram Stoker, care a transformat legenda lui Vlad \u021aepe\u0219 \u00eentr-o poveste ce a captivat milioane de oameni, ecranizat\u0103 apoi \u00een numeroase filme &#8211; povestea vampirului \u00eensetat de s\u00e2nge din celebrul roman de fic\u021biune \u201cContele Dracula\u201d.<\/span><\/p>\n<p><span style=\"font-weight: 400;\">De-a lungul timpului, Castelul Bran a fost pe r\u00e2nd vam\u0103 pentru m\u0103rfurile care intrau sau ie\u0219eau din Transilvania, cetate de ap\u0103rare \u00een calea extinderii Imperiului Otoman \u0219i \u00een final re\u0219edin\u021b\u0103 regal\u0103.<\/span><\/p>\n<p><span style=\"font-weight: 400;\">O construc\u021bie masiv\u0103 din piatr\u0103, cu ziduri albe \u0219i acoperi\u0219 c\u0103r\u0103miziu, cu turnuri \u0219i ziduri groase ce se z\u0103resc din dep\u0103rtare, a fost \u00een\u0103l\u021bat pe o st\u00e2nc\u0103, la doar 30 de km de Bra\u0219ov, \u0219i f\u0103cea parte din lan\u021bul de fortifica\u021bii al Transilvaniei.<\/span><\/p>\n<p><span style=\"font-weight: 400;\">Te invit\u0103m s\u0103 popose\u0219ti la grani\u021ba Transilvaniei cu \u021aara Rom\u00e2neasc\u0103, pentru a descoperi o construc\u021bie ce impresioneaz\u0103 prin structura \u0219i aspectul impun\u0103tor \u00eentr-un puzzle adul\u021bi cu aspect deosebit. Fosta re\u0219edin\u021b\u0103 a familiei regale, Castelul Bran este decorat minimal, \u00eentr-o atmosfer\u0103 intim\u0103 \u0219i primitoare.\u00a0 Pies\u0103 cu pies\u0103 vei putea recrea o imagine emblematic\u0103 a castelului de pe st\u00e2nc\u0103, prin intermediul unui puzzle 1000 piese.<\/span><\/p>\n<h2><span style=\"font-weight: 400;\">De ce s\u0103 alegi un puzzle adul\u021bi 1000 piese Imagini din Rom\u00e2nia<\/span><\/h2>\n<ul>\n<li><span style=\"font-weight: 400;\">Un puzzle este o modalitate relaxant\u0103 de a descoperi frumuse\u021bea \u0219i unicitatea unor obiective turistice apreciate \u00een \u00eentreaga lume, de care se leag\u0103 legende renumite.<\/span><\/li>\n<li><span style=\"font-weight: 400;\">La final, vei ob\u021bine un tablou al Castelului Bran, ce poate deveni un punct de atrac\u021bie \u00een orice \u00eenc\u0103pere.<\/span><\/li>\n<li><span style=\"font-weight: 400;\">Dimensiunea acestui puzzle este de 68 x 47 cm, suficient de mare pentru a deveni o pies\u0103 central\u0103 de decor \u0219i pentru a scoate din anonimat un spa\u021biu anost.<\/span><\/li>\n<li><span style=\"font-weight: 400;\">Folosim materiale reciclabile \u0219i sustenabile pentru realizarea fiec\u0103rui puzzle.<\/span><\/li>\n<li><span style=\"font-weight: 400;\">Piesele sunt realizate din carton rezistent, de foarte bun\u0103 calitate, astfel c\u0103 imaginea poate fi asamblat\u0103 de mai multe ori, f\u0103r\u0103 ca piesele sa fie deteriorate.<\/span><\/li>\n<li><span style=\"font-weight: 400;\">Finisajul pl\u0103cut, semi lucios, eviden\u021biaz\u0103 culorile vii \u0219i confer\u0103 claritate imaginii.<\/span><\/li>\n<li><span style=\"font-weight: 400;\">Jocul de puzzle este un antrenament mental pre\u021bios, solicitand ambele emisfere cerebrale, ajut\u00e2nd astfel la \u00eembun\u0103t\u0103\u021birea memoriei.<\/span><\/li>\n<li><span style=\"font-weight: 400;\">Este o form\u0103 pl\u0103cut\u0103 de a antrena \u0219i men\u021bine coordonarea, motricitatea \u0219i dexteritatea, la orice v\u00e2rst\u0103.<\/span><\/li>\n<li><span style=\"font-weight: 400;\">Spore\u0219te aten\u021bia la detalii \u0219i concentrarea.<\/span><\/li>\n<li><span style=\"font-weight: 400;\">Este un joc potrivit de la 14 ani, cu un grad de complexitate mediu.\u00a0<\/span><\/li>\n<\/ul>\n<h2><span style=\"font-weight: 400;\">\u0218tiai c\u0103\u2026<\/span><\/h2>\n<p><span style=\"font-weight: 400;\">Prima atestare documentar\u0103 a Castelului Bran dateaz\u0103 din anul 1377, de\u0219i originile sale se pare c\u0103 sunt mult mai vechi, puternic conectate cu sosirea Cavalerilor Teutoni \u00een zona Transilvaniei, care au ridicat aici o fort\u0103rea\u021b\u0103 din lemn.<\/span><\/p>\n<p><span style=\"font-weight: 400;\">Castelul apar\u021bine \u00een prezent unui urma\u0219 al familiei regale, Dominic de Habsburg, care a dorit s\u0103 p\u0103streze edificiul \u00een circuitul turistic, pentru a putea fi vizitat de to\u021bi cei care vor s\u0103 afle cr\u00e2mpeie din istoria Casei Regale a Rom\u00e2niei.<\/span><\/p>\n<p><span style=\"font-weight: 400;\">At\u00e2t de mult a iubit Regina Maria oamenii \u0219i locurile acestea \u00eenc\u00e2t, pentru o scurt\u0103 perioad\u0103 de timp, la Castelul Bran a fost \u00eengropat scrinul cu inima Reginei. Ulterior, acesta a fost mutat la Balcic, un alt loc apropiat sufletului reginei.<\/span><\/p>\n<h2><span style=\"font-weight: 400;\">Puzzle adul\u021bi 1000 piese &#8211; ore \u00eentregi de relaxare \u0219i deconectare<\/span><\/h2>\n<p><span style=\"font-weight: 400;\">Alege s\u0103 descoperi Rom\u00e2nia \u00eentr-un mod inedit, cu ajutorul unui puzzle, \u0219i recompune pies\u0103 cu pies\u0103 imaginea Castelului Bran, ce se ridic\u0103 seme\u021b pe v\u00e2rful unei st\u00e2nci.\u00a0<\/span><\/p>\n<p><span style=\"font-weight: 400;\">Exploreaz\u0103 fascinanta zon\u0103 a Branului \u0219i faimosul Castel-cetate sub clar de luna, cu ajutorul unui puzzle 1000 piese, pe care \u00eel po\u021bi asambla singur sau \u00eempreun\u0103 cu persoanele dragi. Sau, de ce nu, \u00eel po\u021bi oferi cadou unei persoane fascinate de mituri &amp; istorie.<\/span><\/p>\n<p><span style=\"font-weight: 400;\">Poate fi, de asemenea, \u0219i o bun\u0103 ocazie s\u0103 povesti\u021bi despre istorie, tradi\u021bie \u0219i vechile zone istorice ale \u021b\u0103rii noastre.<\/span><\/p>\n<p><span style=\"font-weight: 400;\">\u00cen plus, asamblarea unui puzzle cu imagini din Rom\u00e2nia este o activitate foarte pl\u0103cut\u0103, de reconectare cu originile, descoperind detalii \u0219i monumente impresionante, \u00een timp ce te destinzi \u0219i te deconectezi de la agita\u021bia cotidian\u0103.<\/span><\/p>\n","protected":false},"excerpt":{"rendered":"<p>Castelul Bran sau Castelul lui Dracula este cel mai vizitat monument cultural din \u021bara noastr\u0103, at\u00e2t de rom\u00e2ni, c\u00e2t \u0219i<\/p>\n","protected":false},"featured_media":16003,"template":"","meta":[],"product_brand":[],"product_cat":[1454,1488,1560],"product_tag":[],"class_list":{"0":"post-16007","1":"product","2":"type-product","3":"status-publish","4":"has-post-thumbnail","6":"product_cat-puzzle","7":"product_cat-puzzle-adulti","8":"product_cat-puzzle-adulti-1000","9":"pa_bax-1273","10":"pa_brand-d_toys","11":"pa_country_of_manufacture-ro","12":"pa_filter_age-1315","13":"pa_painter-romania","14":"pa_tip_ambalaj-cutie","15":"pa_tip_puzzle-clasic","17":"first","18":"instock","19":"taxable","20":"shipping-taxable","21":"product-type-simple"},"yoast_head":"<!-- This site is optimized with the Yoast SEO plugin v20.1 - https:\/\/yoast.com\/wordpress\/plugins\/seo\/ -->\n<title>Puzzle adul\u021bi 1000 piese - Imagini din Rom\u00e2nia - Castelul Bran noaptea - Roovi B2B<\/title>\n<meta name=\"robots\" content=\"index, follow, max-snippet:-1, max-image-preview:large, max-video-preview:-1\" \/>\n<link rel=\"canonical\" href=\"https:\/\/www.roovi.ro\/puzzle-1000-piese-imagini-din-romania-castelul-bran-noaptea\/p\/\" \/>\n<meta property=\"og:locale\" content=\"ro_RO\" \/>\n<meta property=\"og:type\" content=\"article\" \/>\n<meta property=\"og:title\" content=\"Puzzle adul\u021bi 1000 piese - Imagini din Rom\u00e2nia - Castelul Bran noaptea - Roovi B2B\" \/>\n<meta property=\"og:description\" content=\"Castelul Bran sau Castelul lui Dracula este cel mai vizitat monument cultural din \u021bara noastr\u0103, at\u00e2t de rom\u00e2ni, c\u00e2t \u0219i\" \/>\n<meta property=\"og:url\" content=\"https:\/\/www.roovi.ro\/puzzle-1000-piese-imagini-din-romania-castelul-bran-noaptea\/p\/\" \/>\n<meta property=\"og:site_name\" content=\"Roovi B2B\" \/>\n<meta property=\"article:publisher\" content=\"https:\/\/www.facebook.com\/wwwjucariero\" \/>\n<meta property=\"article:modified_time\" content=\"2025-03-18T10:03:27+00:00\" \/>\n<meta property=\"og:image\" content=\"https:\/\/business.roovi.com\/wp-content\/uploads\/2018\/04\/63038_09.jpg\" \/>\n\t<meta property=\"og:image:width\" content=\"1200\" \/>\n\t<meta property=\"og:image:height\" content=\"1200\" \/>\n\t<meta property=\"og:image:type\" content=\"image\/jpeg\" \/>\n<meta name=\"twitter:label1\" content=\"Timp estimat pentru citire\" \/>\n\t<meta name=\"twitter:data1\" content=\"3 minute\" \/>\n<script type=\"application\/ld+json\" class=\"yoast-schema-graph\">{\"@context\":\"https:\/\/schema.org\",\"@graph\":[{\"@type\":\"WebPage\",\"@id\":\"https:\/\/business.roovi.com\/ro\/puzzle-1000-piese-imagini-din-romania-castelul-bran-noaptea\/p\/\",\"url\":\"https:\/\/www.roovi.ro\/puzzle-1000-piese-imagini-din-romania-castelul-bran-noaptea\/p\/\",\"name\":\"Puzzle adul\u021bi 1000 piese - Imagini din Rom\u00e2nia - Castelul Bran noaptea - Roovi B2B\",\"isPartOf\":{\"@id\":\"https:\/\/business.roovi.com\/ro\/#website\"},\"datePublished\":\"2018-04-16T10:56:16+00:00\",\"dateModified\":\"2025-03-18T10:03:27+00:00\",\"breadcrumb\":{\"@id\":\"https:\/\/www.roovi.ro\/puzzle-1000-piese-imagini-din-romania-castelul-bran-noaptea\/p\/#breadcrumb\"},\"inLanguage\":\"ro-RO\",\"potentialAction\":[{\"@type\":\"ReadAction\",\"target\":[\"https:\/\/www.roovi.ro\/puzzle-1000-piese-imagini-din-romania-castelul-bran-noaptea\/p\/\"]}]},{\"@type\":\"BreadcrumbList\",\"@id\":\"https:\/\/www.roovi.ro\/puzzle-1000-piese-imagini-din-romania-castelul-bran-noaptea\/p\/#breadcrumb\",\"itemListElement\":[{\"@type\":\"ListItem\",\"position\":1,\"name\":\"Home\",\"item\":\"https:\/\/business.roovi.com\/ro\/\"},{\"@type\":\"ListItem\",\"position\":2,\"name\":\"Magazin\",\"item\":\"https:\/\/business.roovi.com\/ro\/magazin\/\"},{\"@type\":\"ListItem\",\"position\":3,\"name\":\"Puzzle adul\u021bi 1000 piese &#8211; Imagini din Rom\u00e2nia &#8211; Castelul Bran noaptea\"}]},{\"@type\":\"WebSite\",\"@id\":\"https:\/\/business.roovi.com\/ro\/#website\",\"url\":\"https:\/\/business.roovi.com\/ro\/\",\"name\":\"Roovi B2B\",\"description\":\"Roovi Business Website\",\"potentialAction\":[{\"@type\":\"SearchAction\",\"target\":{\"@type\":\"EntryPoint\",\"urlTemplate\":\"https:\/\/business.roovi.com\/ro\/?s={search_term_string}\"},\"query-input\":\"required name=search_term_string\"}],\"inLanguage\":\"ro-RO\"}]}<\/script>\n<!-- \/ Yoast SEO plugin. -->","yoast_head_json":{"title":"Puzzle adul\u021bi 1000 piese - Imagini din Rom\u00e2nia - Castelul Bran noaptea - Roovi B2B","robots":{"index":"index","follow":"follow","max-snippet":"max-snippet:-1","max-image-preview":"max-image-preview:large","max-video-preview":"max-video-preview:-1"},"canonical":"https:\/\/www.roovi.ro\/puzzle-1000-piese-imagini-din-romania-castelul-bran-noaptea\/p\/","og_locale":"ro_RO","og_type":"article","og_title":"Puzzle adul\u021bi 1000 piese - Imagini din Rom\u00e2nia - Castelul Bran noaptea - Roovi B2B","og_description":"Castelul Bran sau Castelul lui Dracula este cel mai vizitat monument cultural din \u021bara noastr\u0103, at\u00e2t de rom\u00e2ni, c\u00e2t \u0219i","og_url":"https:\/\/www.roovi.ro\/puzzle-1000-piese-imagini-din-romania-castelul-bran-noaptea\/p\/","og_site_name":"Roovi B2B","article_publisher":"https:\/\/www.facebook.com\/wwwjucariero","article_modified_time":"2025-03-18T10:03:27+00:00","og_image":[{"width":1200,"height":1200,"url":"https:\/\/business.roovi.com\/wp-content\/uploads\/2018\/04\/63038_09.jpg","type":"image\/jpeg"}],"twitter_misc":{"Timp estimat pentru citire":"3 minute"},"schema":{"@context":"https:\/\/schema.org","@graph":[{"@type":"WebPage","@id":"https:\/\/business.roovi.com\/ro\/puzzle-1000-piese-imagini-din-romania-castelul-bran-noaptea\/p\/","url":"https:\/\/www.roovi.ro\/puzzle-1000-piese-imagini-din-romania-castelul-bran-noaptea\/p\/","name":"Puzzle adul\u021bi 1000 piese - Imagini din Rom\u00e2nia - Castelul Bran noaptea - Roovi B2B","isPartOf":{"@id":"https:\/\/business.roovi.com\/ro\/#website"},"datePublished":"2018-04-16T10:56:16+00:00","dateModified":"2025-03-18T10:03:27+00:00","breadcrumb":{"@id":"https:\/\/www.roovi.ro\/puzzle-1000-piese-imagini-din-romania-castelul-bran-noaptea\/p\/#breadcrumb"},"inLanguage":"ro-RO","potentialAction":[{"@type":"ReadAction","target":["https:\/\/www.roovi.ro\/puzzle-1000-piese-imagini-din-romania-castelul-bran-noaptea\/p\/"]}]},{"@type":"BreadcrumbList","@id":"https:\/\/www.roovi.ro\/puzzle-1000-piese-imagini-din-romania-castelul-bran-noaptea\/p\/#breadcrumb","itemListElement":[{"@type":"ListItem","position":1,"name":"Home","item":"https:\/\/business.roovi.com\/ro\/"},{"@type":"ListItem","position":2,"name":"Magazin","item":"https:\/\/business.roovi.com\/ro\/magazin\/"},{"@type":"ListItem","position":3,"name":"Puzzle adul\u021bi 1000 piese &#8211; Imagini din Rom\u00e2nia &#8211; Castelul Bran noaptea"}]},{"@type":"WebSite","@id":"https:\/\/business.roovi.com\/ro\/#website","url":"https:\/\/business.roovi.com\/ro\/","name":"Roovi B2B","description":"Roovi Business Website","potentialAction":[{"@type":"SearchAction","target":{"@type":"EntryPoint","urlTemplate":"https:\/\/business.roovi.com\/ro\/?s={search_term_string}"},"query-input":"required name=search_term_string"}],"inLanguage":"ro-RO"}]}},"_links":{"self":[{"href":"https:\/\/business.roovi.com\/ro\/wp-json\/wp\/v2\/product\/16007","targetHints":{"allow":["GET"]}}],"collection":[{"href":"https:\/\/business.roovi.com\/ro\/wp-json\/wp\/v2\/product"}],"about":[{"href":"https:\/\/business.roovi.com\/ro\/wp-json\/wp\/v2\/types\/product"}],"version-history":[{"count":0,"href":"https:\/\/business.roovi.com\/ro\/wp-json\/wp\/v2\/product\/16007\/revisions"}],"wp:featuredmedia":[{"embeddable":true,"href":"https:\/\/business.roovi.com\/ro\/wp-json\/wp\/v2\/media\/16003"}],"wp:attachment":[{"href":"https:\/\/business.roovi.com\/ro\/wp-json\/wp\/v2\/media?parent=16007"}],"wp:term":[{"taxonomy":"product_brand","embeddable":true,"href":"https:\/\/business.roovi.com\/ro\/wp-json\/wp\/v2\/product_brand?post=16007"},{"taxonomy":"product_cat","embeddable":true,"href":"https:\/\/business.roovi.com\/ro\/wp-json\/wp\/v2\/product_cat?post=16007"},{"taxonomy":"product_tag","embeddable":true,"href":"https:\/\/business.roovi.com\/ro\/wp-json\/wp\/v2\/product_tag?post=16007"}],"curies":[{"name":"wp","href":"https:\/\/api.w.org\/{rel}","templated":true}]}}