{"id":16097,"date":"2018-04-16T10:56:17","date_gmt":"2018-04-16T10:56:17","guid":{"rendered":"https:\/\/business.roovi.com\/product\/puzzle-peisaje-de-noapte-1000-piese-7\/"},"modified":"2023-03-20T21:54:44","modified_gmt":"2023-03-20T21:54:44","slug":"puzzle-adulti-1000-piese-peisaje-de-noapte-neuschwanstein-germania","status":"publish","type":"product","link":"https:\/\/business.roovi.com\/ro\/puzzle-adulti-1000-piese-peisaje-de-noapte-neuschwanstein-germania\/p\/","title":{"rendered":"Puzzle adul\u021bi 1000 piese Peisaje de Noapte &#8211; Neuschwanstein, Germania"},"content":{"rendered":"<p><span style=\"font-weight: 400;\">Castelul Neuschwanstein a fost construit ca omagiu adus muzicianului Richard Wagner, iar \u00een istoria recent\u0103 a devenit surs\u0103 de inspira\u021bie pentru filmele din lumea Disney.\u00a0<\/span><\/p>\n<p><span style=\"font-weight: 400;\">Regele Ludovic al II-lea al Bavariei este cel care a comandat construirea castelului. \u00ce\u0219i dorea un refugiu personal, mai ales atunci c\u00e2nd prusacii au preluat puterea asupra provinciei, iar influen\u021ba lui a sc\u0103zut. Monarhul s-a bucurat de opera sa doar 172 de zile. A murit \u00een mod misterios \u0219i nu a apucat s\u0103 vad\u0103 castelul finalizat.<\/span><\/p>\n<p><span style=\"font-weight: 400;\">Urma\u0219ii s\u0103i au deschis castelul spre vizitare \u00eenc\u0103 de la moartea regelui, \u00een 1886. \u00cen prezent, acest obiectiv este unul dintre cele populare din Germania, fiind vizitat anual de peste un milion de turi\u0219ti din \u00eentreaga lume.\u00a0<\/span><\/p>\n<p><span style=\"font-weight: 400;\">O construc\u021bie impun\u0103toare, \u00eentr-un cadru natural feeric, o imagine care \u00ee\u021bi taie r\u0103suflarea \u0219i te duce cu g\u00e2ndul la pove\u0219tile nemuritoare, cu prin\u021bi \u0219i prin\u021bese care locuiesc \u00een palate de vis.<\/span><\/p>\n<p><span style=\"font-weight: 400;\">Puzzle 1000 piese Castelul Neuschwanstein red\u0103 o imagine a m\u0103re\u021bei construc\u021bii la ceas de sear\u0103. Alc\u0103tuit din piese de o calitate excep\u021bional\u0103, t\u0103iate cu precizie \u0219i care se \u00eembin\u0103 perfect, jocul puzzle \u00ee\u021bi d\u0103 posibilitatea s\u0103-\u021bi alc\u0103tuie\u0219ti un tablou de excep\u021bie \u00een care po\u021bi admira detaliile arhitecturale uimitoare ale castelului.<\/span><\/p>\n<p><strong>De ce s\u0103 alegi puzzle 1000 piese Peisaje de noapte &#8211; Castelul Neuschwanstein?<\/strong><\/p>\n<p><span style=\"font-weight: 400;\">Un puzzle 1000 piese este o modalitate de relaxare \u0219i de a descoperi obiective turistice unice, cu istorie fascinant\u0103 \u0219i simboluri inedite.<\/span><\/p>\n<p><span style=\"font-weight: 400;\">Ai posibilitatea s\u0103-\u021bi alc\u0103tuie\u0219ti din 1000 piese puzzle un tablou impresionant pe care \u00eel po\u021bi admira un timp \u00eendelungat.<\/span><\/p>\n<p><span style=\"font-weight: 400;\">Dimensiunea tabloului final este de 68 x 47 cm, iar pus \u00een ram\u0103 va da un aspect impun\u0103tor oric\u0103rui loc anost din casa ta.<\/span><\/p>\n<p><span style=\"font-weight: 400;\">Piesele de puzzle sunt produse din carton de calitate superioar\u0103 astfel c\u0103 po\u021bi asambla imaginea de multe ori, iar tablou va fi de fiecare dat\u0103 impecabil.<\/span><\/p>\n<p><span style=\"font-weight: 400;\">Finisajele puzzle-ului sunt semi-lucioase, \u00een culori vii care p\u0103streaz\u0103 claritatea imaginii.<\/span><\/p>\n<p><span style=\"font-weight: 400;\">Materialele utilizate \u00een producerea jocurilor puzzle sunt sustenabile \u0219i reciclabile.<\/span><\/p>\n<p><span style=\"font-weight: 400;\">Jocurile puzzle sunt o modalitate excelent\u0103 de dezvoltare a multor abilit\u0103\u021bi pe care le utilizezi \u00een activit\u0103\u021bile curente:<\/span><\/p>\n<ul>\n<li><span style=\"font-weight: 400;\">\u00ce\u021bi dezvolt\u0103 aten\u021bia la detalii \u0219i perseveren\u021ba.<\/span><\/li>\n<li><span style=\"font-weight: 400;\">Sunt un bun exerci\u021biu de imagina\u021bie.<\/span><\/li>\n<li><span style=\"font-weight: 400;\">\u00ce\u021bi antreneaz\u0103 memoria \u0219i-\u021bi men\u021bin creierul s\u0103n\u0103tos.<\/span><\/li>\n<li><span style=\"font-weight: 400;\">Te ajut\u0103 s\u0103-\u021bi men\u021bii concentrarea pe o singur\u0103 sarcin\u0103 pentru mai mult timp.<\/span><\/li>\n<li><span style=\"font-weight: 400;\">Sunt un bun prilej de a-\u021bi dezvolta capacitatea de a lucra \u00een echip\u0103 pentru atunci c\u00e2nd asamblezi imaginile \u00eempreun\u0103 cu cei dragi.<\/span><\/li>\n<\/ul>\n<p><strong>\u0218tiai c\u0103\u2026<\/strong><\/p>\n<p><span style=\"font-weight: 400;\">Castelul Neuschwanstein este construit \u00een stiluri arhitecturale diferite: romanic, gotic \u0219i bizantin.<\/span><\/p>\n<p><span style=\"font-weight: 400;\">Regele <\/span><span style=\"font-weight: 400;\">Ludovic al II-lea nu a inten\u021bionat nicio clip\u0103 s\u0103 fac\u0103 din acest castel o loca\u021bie accesibil\u0103 publicului larg.<\/span><\/p>\n<p><span style=\"font-weight: 400;\">Castelul a fost construit din fondurile proprii ale regelui, f\u0103r\u0103 ca acesta s\u0103 apeleze la fondurile publice.<\/span><\/p>\n<p><span style=\"font-weight: 400;\">Richard Wagner, prietenul lui <\/span><span style=\"font-weight: 400;\">\u00a0<\/span><span style=\"font-weight: 400;\">Ludovic al II-lea, a murit \u00een 1883 \u0219i nu a apucat s\u0103 viziteze castelul finalizat.<\/span><\/p>\n<p><span style=\"font-weight: 400;\">Datorit\u0103 loca\u021biei retrase, Castelul <\/span><span style=\"font-weight: 400;\">Neuschwanstein a trecut prin cele dou\u0103 R\u0103zboaie Mondiale f\u0103r\u0103 a suferi deterior\u0103ri majore<\/span><span style=\"font-weight: 400;\">.<\/span><\/p>\n<p><strong>Puzzle 1000 piese <\/strong><strong>Castelul Neuschwanstein te relaxeaz\u0103 \u0219i-\u021bi aduce mult\u0103 fericire<\/strong><\/p>\n<p><span style=\"font-weight: 400;\">Cu puzzle 1000 piese Castelul <\/span><span style=\"font-weight: 400;\">Neuschwanstein recompui un monument arhitectural deosebit, pies\u0103 cu pies\u0103, retras \u00een intimitate sau \u00eempreun\u0103 cu cei dragi care \u00ee\u021bi \u00eemp\u0103rt\u0103\u0219esc pasiunea.<\/span><\/p>\n<p><span style=\"font-weight: 400;\">\u00cen timp ce lucrezi la acest joc puzzle deosebit, creierul secret\u0103 mai mult\u0103 dopamin\u0103, acel neurotransmi\u021b\u0103tor care este implicat \u00eentr-o serie de activit\u0103\u021bi diferite precum controlul mi\u0219c\u0103rilor musculare sau \u00eembun\u0103t\u0103\u021birea st\u0103rii de spirit. Cu c\u00e2t e\u0219ti mai aproape de final, cu at\u00e2t starea de optimism cre\u0219te. Iar c\u00e2nd lipe\u0219ti ultima pies\u0103 din puzzle 1000 senza\u021bia de satisfac\u021bie este de nepre\u021buit.<\/span><\/p>\n<p><span style=\"font-weight: 400;\">Pentru o experien\u021b\u0103 de crea\u021bie \u0219i de bucurie des\u0103v\u00e2r\u0219it\u0103, puzzle 1000 piese Castelul <\/span><span style=\"font-weight: 400;\">Neuschwanstein este alegerea perfect\u0103. De asemenea, po\u021bi surprinde pl\u0103cut un prieten fascinat de jocuri puzzle oferindu-i \u00een dar acest joc puzzle deosebit.<\/span><\/p>\n<p>\u00a0<\/p>\n","protected":false},"excerpt":{"rendered":"<p>Castelul Neuschwanstein a fost construit ca omagiu adus muzicianului Richard Wagner, iar \u00een istoria recent\u0103 a devenit surs\u0103 de inspira\u021bie<\/p>\n","protected":false},"featured_media":16083,"template":"","meta":[],"product_brand":[],"product_cat":[1454,1488,1560],"product_tag":[],"class_list":{"0":"post-16097","1":"product","2":"type-product","3":"status-publish","4":"has-post-thumbnail","6":"product_cat-puzzle","7":"product_cat-puzzle-adulti","8":"product_cat-puzzle-adulti-1000","9":"pa_bax-1273","10":"pa_brand-d_toys","11":"pa_country_of_manufacture-ro","12":"pa_filter_age-1315","13":"pa_painter-nightlandscapes","14":"pa_tip_ambalaj-cutie","15":"pa_tip_puzzle-clasic","17":"first","18":"onbackorder","19":"taxable","20":"shipping-taxable","21":"product-type-simple"},"yoast_head":"<!-- This site is optimized with the Yoast SEO plugin v20.1 - https:\/\/yoast.com\/wordpress\/plugins\/seo\/ -->\n<title>Puzzle adul\u021bi 1000 piese Peisaje de Noapte - Neuschwanstein, Germania - Roovi B2B<\/title>\n<meta name=\"robots\" content=\"index, follow, max-snippet:-1, max-image-preview:large, max-video-preview:-1\" \/>\n<link rel=\"canonical\" href=\"https:\/\/www.roovi.ro\/puzzle-adulti-1000-piese-peisaje-de-noapte-neuschwanstein-germania\/p\/\" \/>\n<meta property=\"og:locale\" content=\"ro_RO\" \/>\n<meta property=\"og:type\" content=\"article\" \/>\n<meta property=\"og:title\" content=\"Puzzle adul\u021bi 1000 piese Peisaje de Noapte - Neuschwanstein, Germania - Roovi B2B\" \/>\n<meta property=\"og:description\" content=\"Castelul Neuschwanstein a fost construit ca omagiu adus muzicianului Richard Wagner, iar \u00een istoria recent\u0103 a devenit surs\u0103 de inspira\u021bie\" \/>\n<meta property=\"og:url\" content=\"https:\/\/www.roovi.ro\/puzzle-adulti-1000-piese-peisaje-de-noapte-neuschwanstein-germania\/p\/\" \/>\n<meta property=\"og:site_name\" content=\"Roovi B2B\" \/>\n<meta property=\"article:publisher\" content=\"https:\/\/www.facebook.com\/wwwjucariero\" \/>\n<meta property=\"article:modified_time\" content=\"2023-03-20T21:54:44+00:00\" \/>\n<meta property=\"og:image\" content=\"https:\/\/business.roovi.com\/wp-content\/uploads\/2018\/04\/64301-07-ansamblu_dimensiuni-cutie-cm_orizontal.png\" \/>\n\t<meta property=\"og:image:width\" content=\"1000\" \/>\n\t<meta property=\"og:image:height\" content=\"1000\" \/>\n\t<meta property=\"og:image:type\" content=\"image\/png\" \/>\n<meta name=\"twitter:label1\" content=\"Timp estimat pentru citire\" \/>\n\t<meta name=\"twitter:data1\" content=\"3 minute\" \/>\n<script type=\"application\/ld+json\" class=\"yoast-schema-graph\">{\"@context\":\"https:\/\/schema.org\",\"@graph\":[{\"@type\":\"WebPage\",\"@id\":\"https:\/\/business.roovi.com\/ro\/puzzle-adulti-1000-piese-peisaje-de-noapte-neuschwanstein-germania\/p\/\",\"url\":\"https:\/\/www.roovi.ro\/puzzle-adulti-1000-piese-peisaje-de-noapte-neuschwanstein-germania\/p\/\",\"name\":\"Puzzle adul\u021bi 1000 piese Peisaje de Noapte - Neuschwanstein, Germania - Roovi B2B\",\"isPartOf\":{\"@id\":\"https:\/\/business.roovi.com\/ro\/#website\"},\"datePublished\":\"2018-04-16T10:56:17+00:00\",\"dateModified\":\"2023-03-20T21:54:44+00:00\",\"breadcrumb\":{\"@id\":\"https:\/\/www.roovi.ro\/puzzle-adulti-1000-piese-peisaje-de-noapte-neuschwanstein-germania\/p\/#breadcrumb\"},\"inLanguage\":\"ro-RO\",\"potentialAction\":[{\"@type\":\"ReadAction\",\"target\":[\"https:\/\/www.roovi.ro\/puzzle-adulti-1000-piese-peisaje-de-noapte-neuschwanstein-germania\/p\/\"]}]},{\"@type\":\"BreadcrumbList\",\"@id\":\"https:\/\/www.roovi.ro\/puzzle-adulti-1000-piese-peisaje-de-noapte-neuschwanstein-germania\/p\/#breadcrumb\",\"itemListElement\":[{\"@type\":\"ListItem\",\"position\":1,\"name\":\"Home\",\"item\":\"https:\/\/business.roovi.com\/ro\/\"},{\"@type\":\"ListItem\",\"position\":2,\"name\":\"Magazin\",\"item\":\"https:\/\/business.roovi.com\/ro\/magazin\/\"},{\"@type\":\"ListItem\",\"position\":3,\"name\":\"Puzzle adul\u021bi 1000 piese Peisaje de Noapte &#8211; Neuschwanstein, Germania\"}]},{\"@type\":\"WebSite\",\"@id\":\"https:\/\/business.roovi.com\/ro\/#website\",\"url\":\"https:\/\/business.roovi.com\/ro\/\",\"name\":\"Roovi B2B\",\"description\":\"Roovi Business Website\",\"potentialAction\":[{\"@type\":\"SearchAction\",\"target\":{\"@type\":\"EntryPoint\",\"urlTemplate\":\"https:\/\/business.roovi.com\/ro\/?s={search_term_string}\"},\"query-input\":\"required name=search_term_string\"}],\"inLanguage\":\"ro-RO\"}]}<\/script>\n<!-- \/ Yoast SEO plugin. -->","yoast_head_json":{"title":"Puzzle adul\u021bi 1000 piese Peisaje de Noapte - Neuschwanstein, Germania - Roovi B2B","robots":{"index":"index","follow":"follow","max-snippet":"max-snippet:-1","max-image-preview":"max-image-preview:large","max-video-preview":"max-video-preview:-1"},"canonical":"https:\/\/www.roovi.ro\/puzzle-adulti-1000-piese-peisaje-de-noapte-neuschwanstein-germania\/p\/","og_locale":"ro_RO","og_type":"article","og_title":"Puzzle adul\u021bi 1000 piese Peisaje de Noapte - Neuschwanstein, Germania - Roovi B2B","og_description":"Castelul Neuschwanstein a fost construit ca omagiu adus muzicianului Richard Wagner, iar \u00een istoria recent\u0103 a devenit surs\u0103 de inspira\u021bie","og_url":"https:\/\/www.roovi.ro\/puzzle-adulti-1000-piese-peisaje-de-noapte-neuschwanstein-germania\/p\/","og_site_name":"Roovi B2B","article_publisher":"https:\/\/www.facebook.com\/wwwjucariero","article_modified_time":"2023-03-20T21:54:44+00:00","og_image":[{"width":1000,"height":1000,"url":"https:\/\/business.roovi.com\/wp-content\/uploads\/2018\/04\/64301-07-ansamblu_dimensiuni-cutie-cm_orizontal.png","type":"image\/png"}],"twitter_misc":{"Timp estimat pentru citire":"3 minute"},"schema":{"@context":"https:\/\/schema.org","@graph":[{"@type":"WebPage","@id":"https:\/\/business.roovi.com\/ro\/puzzle-adulti-1000-piese-peisaje-de-noapte-neuschwanstein-germania\/p\/","url":"https:\/\/www.roovi.ro\/puzzle-adulti-1000-piese-peisaje-de-noapte-neuschwanstein-germania\/p\/","name":"Puzzle adul\u021bi 1000 piese Peisaje de Noapte - Neuschwanstein, Germania - Roovi B2B","isPartOf":{"@id":"https:\/\/business.roovi.com\/ro\/#website"},"datePublished":"2018-04-16T10:56:17+00:00","dateModified":"2023-03-20T21:54:44+00:00","breadcrumb":{"@id":"https:\/\/www.roovi.ro\/puzzle-adulti-1000-piese-peisaje-de-noapte-neuschwanstein-germania\/p\/#breadcrumb"},"inLanguage":"ro-RO","potentialAction":[{"@type":"ReadAction","target":["https:\/\/www.roovi.ro\/puzzle-adulti-1000-piese-peisaje-de-noapte-neuschwanstein-germania\/p\/"]}]},{"@type":"BreadcrumbList","@id":"https:\/\/www.roovi.ro\/puzzle-adulti-1000-piese-peisaje-de-noapte-neuschwanstein-germania\/p\/#breadcrumb","itemListElement":[{"@type":"ListItem","position":1,"name":"Home","item":"https:\/\/business.roovi.com\/ro\/"},{"@type":"ListItem","position":2,"name":"Magazin","item":"https:\/\/business.roovi.com\/ro\/magazin\/"},{"@type":"ListItem","position":3,"name":"Puzzle adul\u021bi 1000 piese Peisaje de Noapte &#8211; Neuschwanstein, Germania"}]},{"@type":"WebSite","@id":"https:\/\/business.roovi.com\/ro\/#website","url":"https:\/\/business.roovi.com\/ro\/","name":"Roovi B2B","description":"Roovi Business Website","potentialAction":[{"@type":"SearchAction","target":{"@type":"EntryPoint","urlTemplate":"https:\/\/business.roovi.com\/ro\/?s={search_term_string}"},"query-input":"required name=search_term_string"}],"inLanguage":"ro-RO"}]}},"_links":{"self":[{"href":"https:\/\/business.roovi.com\/ro\/wp-json\/wp\/v2\/product\/16097","targetHints":{"allow":["GET"]}}],"collection":[{"href":"https:\/\/business.roovi.com\/ro\/wp-json\/wp\/v2\/product"}],"about":[{"href":"https:\/\/business.roovi.com\/ro\/wp-json\/wp\/v2\/types\/product"}],"version-history":[{"count":0,"href":"https:\/\/business.roovi.com\/ro\/wp-json\/wp\/v2\/product\/16097\/revisions"}],"wp:featuredmedia":[{"embeddable":true,"href":"https:\/\/business.roovi.com\/ro\/wp-json\/wp\/v2\/media\/16083"}],"wp:attachment":[{"href":"https:\/\/business.roovi.com\/ro\/wp-json\/wp\/v2\/media?parent=16097"}],"wp:term":[{"taxonomy":"product_brand","embeddable":true,"href":"https:\/\/business.roovi.com\/ro\/wp-json\/wp\/v2\/product_brand?post=16097"},{"taxonomy":"product_cat","embeddable":true,"href":"https:\/\/business.roovi.com\/ro\/wp-json\/wp\/v2\/product_cat?post=16097"},{"taxonomy":"product_tag","embeddable":true,"href":"https:\/\/business.roovi.com\/ro\/wp-json\/wp\/v2\/product_tag?post=16097"}],"curies":[{"name":"wp","href":"https:\/\/api.w.org\/{rel}","templated":true}]}}