{"id":16112,"date":"2018-04-16T10:56:17","date_gmt":"2018-04-16T10:56:17","guid":{"rendered":"https:\/\/business.roovi.com\/product\/puzzle-peisaje-de-noapte-1000-piese-8\/"},"modified":"2025-03-18T10:17:53","modified_gmt":"2025-03-18T10:17:53","slug":"puzzle-adulti-1000-piese-peisaje-de-noapte-notre-dame","status":"publish","type":"product","link":"https:\/\/business.roovi.com\/ro\/puzzle-adulti-1000-piese-peisaje-de-noapte-notre-dame\/p\/","title":{"rendered":"Puzzle adul\u021bi 1000 piese Peisaje de Noapte &#8211; Notre Dame"},"content":{"rendered":"<p><span style=\"font-weight: 400;\">Fascinat de obiective turistice celebre? Acum po\u021bi p\u0103stra pentru totdeauna \u00een tablouri din 1000 de piese de puzzle imagini uimitoare cu locuri pe care le-ai vizitat sau pe care le ai pe lista de dorin\u021be.<\/span><\/p>\n<p><span style=\"font-weight: 400;\">Colec\u021bia de jocuri puzzle <\/span><em><span style=\"font-weight: 400;\">Peisaje de noapte<\/span><\/em><span style=\"font-weight: 400;\"> surprinde imagini de vis cu obiective turistice surprinse la l\u0103sarea \u00eentunericului. Asamblarea unui puzzle 1000 piese cu o astfel de tematic\u0103 este o modalitate de relaxare, precum \u0219i de cunoa\u0219tere a unor loca\u021bii superbe, \u00eenc\u0103rcate de sute de ani de istorie \u0219i simboluri.<\/span><\/p>\n<p><span style=\"font-weight: 400;\">Dac\u0103 ai vizitat catedrala Notre Dame din Paris sau \u00ee\u021bi dore\u0219ti s\u0103 o faci \u0219i \u00eenc\u0103 nu ai avut ocazia, puzzle 1000 piese Notre Dame \u00ee\u021bi ofer\u0103 prilejul s\u0103 admiri superba construc\u021bie \u00een intimitatea casei tale \u00eentr-un tablou de excep\u021bie pe care \u00eel po\u021bi asambla chiar tu.<\/span><\/p>\n<p><span style=\"font-weight: 400;\">Considerat\u0103 un simbol al arhitecturii gotice franceze, Catedrala Notre Dame atrage anual milioane de turi\u0219ti. Construc\u021bia acestei impozante cl\u0103diri a \u00eenceput \u00een secolul al XII-lea \u0219i a durat aproximativ 100 de ani. De-a lungul istoriei, a suferit daune considerabile, dar a r\u0103mas \u00een picioare \u0219i a continuat s\u0103 atrag\u0103 admiratori din toate col\u021burile lumii.<\/span><\/p>\n<p><span style=\"font-weight: 400;\">Puzzle 1000 piese Notre Dame este ocazia perfect\u0103 s\u0103 admiri detaliile arhitecturale \u0219i splendoarea catedralei pe \u00eendelete. \u00cen plus, tabloul din 1000 piese puzzle poate fi un obiect decorativ care s\u0103-\u021bi \u00eenfrumuse\u021beze locuin\u021ba.<\/span><\/p>\n<p><strong>De ce s\u0103 alegi puzzle 1000 piese Peisaje de noapte &#8211; Notre Dame?<\/strong><\/p>\n<p><span style=\"font-weight: 400;\">Un puzzle 1000 piese este o modalitate de relaxare \u0219i un prilej de a descoperi simbolurile unor obiective turistice renumite.<\/span><\/p>\n<p><span style=\"font-weight: 400;\">Alc\u0103tuie\u0219ti din 1000 piese puzzle un tablou impresionant, cu dimensiunile de\u00a0 68 x 47 cm care va da o not\u0103 rafinat\u0103 casei tale.<\/span><\/p>\n<p><span style=\"font-weight: 400;\">Piesele de puzzle 1000 sunt produse din carton de calitate superioar\u0103 ce confer\u0103 rezisten\u021b\u0103 la asambl\u0103ri multiple.<\/span><\/p>\n<p><span style=\"font-weight: 400;\">Finisajele puzzle-ului sunt semi-lucioase, \u00een culori pl\u0103cute care eviden\u021biaz\u0103 claritatea imaginii.<\/span><\/p>\n<p><span style=\"font-weight: 400;\">Materialele utilizate \u00een producerea jocurilor puzzle sunt sustenabile \u0219i reciclabile.<\/span><\/p>\n<p><span style=\"font-weight: 400;\">Potrivite persoanelor peste 14 ani, un prilej de a-l asambla \u00eempreun\u0103 cu copiii t\u0103i adolescen\u021bi.<\/span><\/p>\n<p><span style=\"font-weight: 400;\">Un puzzle 1000 piese cu o imagine a unui obiectiv turistic este un moment perfect pentru a ie\u0219i din rutina cotidian\u0103. \u00cen plus, \u00ee\u021bi ofer\u0103 avantaje uimitoare, precum:<\/span><\/p>\n<ul>\n<li><span style=\"font-weight: 400;\">\u00ce\u021bi \u00eembun\u0103t\u0103\u021be\u0219te aten\u021bia la detalii \u0219i memoria.<\/span><\/li>\n<li><span style=\"font-weight: 400;\">Te ajut\u0103 s\u0103 r\u0103m\u00e2i concentrat pe o singur\u0103 sarcin\u0103 pentru mai mult timp.<\/span><\/li>\n<li><span style=\"font-weight: 400;\">\u00ce\u021bi antreneaz\u0103 ambele emisfere cerebrale, fiind un exerci\u021biu complet pentru creier.<\/span><\/li>\n<li><span style=\"font-weight: 400;\">Te ajut\u0103 s\u0103 te destresezi \u0219i \u00ee\u021bi d\u0103 o stare de bine.<\/span><\/li>\n<\/ul>\n<p><strong>\u0218tiai c\u0103\u2026?<\/strong><\/p>\n<p><span style=\"font-weight: 400;\">Faimoasa catedral\u0103 a fost \u00eenchinat\u0103 Fecioarei Maria, motiv pentru care poart\u0103 numele <\/span><em><span style=\"font-weight: 400;\">Notre Dame &#8211; Doamna Noastr\u0103<\/span><\/em><span style=\"font-weight: 400;\">.<\/span><\/p>\n<p><span style=\"font-weight: 400;\">Cel mai proeminent clopot al Catedralei Notre Dame poart\u0103 numele Emmanuel \u0219i c\u00e2nt\u0103re\u0219te peste 13 tone.<\/span><\/p>\n<p><span style=\"font-weight: 400;\">La Notre Dame se p\u0103streaz\u0103 unele dintre cele mai emblematice relicvele sacre ale cre\u0219tin\u0103t\u0103\u021bii: Coroana de spini a lui Iisus, o parte din cruce \u0219i un cui pe de crucea lui Iisus.\u00a0<\/span><\/p>\n<p><span style=\"font-weight: 400;\">Catedrala a fost salvat\u0103 de la demolare de cartea lui Victor Hugo &#8211; <\/span><em><span style=\"font-weight: 400;\">Coco\u0219atul de la Notre Dame<\/span><\/em><span style=\"font-weight: 400;\">. Succesul c\u0103r\u021bii a atras un proiect de restaurare pe 25 de ani a monumentului care \u00een 1830 se afla \u00eentr-o stare avansat\u0103 de degradare.<\/span><\/p>\n<p><span style=\"font-weight: 400;\">Catedrala a fost o surs\u0103 de inspira\u021bie \u0219i pentru Edith Piaf, una dintre artistele emblematice ale Fran\u021bei, care pream\u0103re\u0219te frumuse\u021bea \u0219i m\u0103re\u021bia impozantei catedrale \u00een c\u00e2ntecul <\/span><em><span style=\"font-weight: 400;\">Notre-Dame de Paris<\/span><\/em><span style=\"font-weight: 400;\">.<\/span><\/p>\n<p><strong>Puzzle 1000 piese Notre Dame &#8211; z\u00e2mbete \u0219i distrac\u021bie \u00een familie<\/strong><\/p>\n<p><span style=\"font-weight: 400;\">Vrei s\u0103 spargi monotonia zilelor \u00een care vremea rea v\u0103 \u021bine \u00een cas\u0103? Organizeaz\u0103 momente de puzzle \u00een familie sau cu grupul de prieteni \u0219i petrece timp de calitate al\u0103turi de ace\u0219tia.\u00a0<\/span><\/p>\n<p><span style=\"font-weight: 400;\">Concepe\u021bi strategii inovatoare, lucra\u021bi pe echipe \u0219i \u00eemp\u0103r\u021bi\u021bi-v\u0103 sarcinile pentru a completa imaginea din puzzle 1000 piese Notre Dame \u00een cel mai scurt timp posibil. Este o modalitate nemaipomenit\u0103 pentru a consolida rela\u021biile cu cei dragi \u0219i de a v\u0103 cunoa\u0219te reciproc. \u00cen plus, distrac\u021bia e garantat\u0103, iar c\u00e2nd lipi\u021bi ultima pies\u0103 a jocului puzzle, v\u0103 bucura\u021bi \u00eempreun\u0103 de atingerea unui obiectiv comun.<\/span><\/p>\n<p><span style=\"font-weight: 400;\">Alege a\u0219adar puzzle 1000 piese Notre Dame pentru clipe magice al\u0103turi de cei dragi sau pentru a-\u021bi perfec\u021biona abilit\u0103\u021bile de asamblare a jocurilor puzzle. De asemenea, po\u021bi face o bucurie prietenilor oferindu-le \u00een dar acest puzzle adul\u021bi din colec\u021bia puzzle 1000 piese <\/span><em><span style=\"font-weight: 400;\">Peisaje de noapte.<\/span><\/em><\/p>\n","protected":false},"excerpt":{"rendered":"<p>Fascinat de obiective turistice celebre? Acum po\u021bi p\u0103stra pentru totdeauna \u00een tablouri din 1000 de piese de puzzle imagini uimitoare<\/p>\n","protected":false},"featured_media":16098,"template":"","meta":[],"product_brand":[],"product_cat":[1454,1488,1560],"product_tag":[],"class_list":{"0":"post-16112","1":"product","2":"type-product","3":"status-publish","4":"has-post-thumbnail","6":"product_cat-puzzle","7":"product_cat-puzzle-adulti","8":"product_cat-puzzle-adulti-1000","9":"pa_bax-1273","10":"pa_brand-d_toys","11":"pa_country_of_manufacture-ro","12":"pa_filter_age-1315","13":"pa_painter-nightlandscapes","14":"pa_tip_ambalaj-cutie","15":"pa_tip_puzzle-clasic","17":"first","18":"onbackorder","19":"taxable","20":"shipping-taxable","21":"product-type-simple"},"yoast_head":"<!-- This site is optimized with the Yoast SEO plugin v20.1 - https:\/\/yoast.com\/wordpress\/plugins\/seo\/ -->\n<title>Puzzle adul\u021bi 1000 piese Peisaje de Noapte - Notre Dame - Roovi B2B<\/title>\n<meta name=\"robots\" content=\"index, follow, max-snippet:-1, max-image-preview:large, max-video-preview:-1\" \/>\n<link rel=\"canonical\" href=\"https:\/\/www.roovi.ro\/puzzle-adulti-1000-piese-peisaje-de-noapte-notre-dame\/p\/\" \/>\n<meta property=\"og:locale\" content=\"ro_RO\" \/>\n<meta property=\"og:type\" content=\"article\" \/>\n<meta property=\"og:title\" content=\"Puzzle adul\u021bi 1000 piese Peisaje de Noapte - Notre Dame - Roovi B2B\" \/>\n<meta property=\"og:description\" content=\"Fascinat de obiective turistice celebre? Acum po\u021bi p\u0103stra pentru totdeauna \u00een tablouri din 1000 de piese de puzzle imagini uimitoare\" \/>\n<meta property=\"og:url\" content=\"https:\/\/www.roovi.ro\/puzzle-adulti-1000-piese-peisaje-de-noapte-notre-dame\/p\/\" \/>\n<meta property=\"og:site_name\" content=\"Roovi B2B\" \/>\n<meta property=\"article:publisher\" content=\"https:\/\/www.facebook.com\/wwwjucariero\" \/>\n<meta property=\"article:modified_time\" content=\"2025-03-18T10:17:53+00:00\" \/>\n<meta property=\"og:image\" content=\"https:\/\/business.roovi.com\/wp-content\/uploads\/2018\/04\/64301-08-ansamblu_dimensiuni-cutie-cm_orizontal.png\" \/>\n\t<meta property=\"og:image:width\" content=\"920\" \/>\n\t<meta property=\"og:image:height\" content=\"920\" \/>\n\t<meta property=\"og:image:type\" content=\"image\/png\" \/>\n<meta name=\"twitter:label1\" content=\"Timp estimat pentru citire\" \/>\n\t<meta name=\"twitter:data1\" content=\"3 minute\" \/>\n<script type=\"application\/ld+json\" class=\"yoast-schema-graph\">{\"@context\":\"https:\/\/schema.org\",\"@graph\":[{\"@type\":\"WebPage\",\"@id\":\"https:\/\/business.roovi.com\/ro\/puzzle-adulti-1000-piese-peisaje-de-noapte-notre-dame\/p\/\",\"url\":\"https:\/\/www.roovi.ro\/puzzle-adulti-1000-piese-peisaje-de-noapte-notre-dame\/p\/\",\"name\":\"Puzzle adul\u021bi 1000 piese Peisaje de Noapte - Notre Dame - Roovi B2B\",\"isPartOf\":{\"@id\":\"https:\/\/business.roovi.com\/ro\/#website\"},\"datePublished\":\"2018-04-16T10:56:17+00:00\",\"dateModified\":\"2025-03-18T10:17:53+00:00\",\"breadcrumb\":{\"@id\":\"https:\/\/www.roovi.ro\/puzzle-adulti-1000-piese-peisaje-de-noapte-notre-dame\/p\/#breadcrumb\"},\"inLanguage\":\"ro-RO\",\"potentialAction\":[{\"@type\":\"ReadAction\",\"target\":[\"https:\/\/www.roovi.ro\/puzzle-adulti-1000-piese-peisaje-de-noapte-notre-dame\/p\/\"]}]},{\"@type\":\"BreadcrumbList\",\"@id\":\"https:\/\/www.roovi.ro\/puzzle-adulti-1000-piese-peisaje-de-noapte-notre-dame\/p\/#breadcrumb\",\"itemListElement\":[{\"@type\":\"ListItem\",\"position\":1,\"name\":\"Home\",\"item\":\"https:\/\/business.roovi.com\/ro\/\"},{\"@type\":\"ListItem\",\"position\":2,\"name\":\"Magazin\",\"item\":\"https:\/\/business.roovi.com\/ro\/magazin\/\"},{\"@type\":\"ListItem\",\"position\":3,\"name\":\"Puzzle adul\u021bi 1000 piese Peisaje de Noapte &#8211; Notre Dame\"}]},{\"@type\":\"WebSite\",\"@id\":\"https:\/\/business.roovi.com\/ro\/#website\",\"url\":\"https:\/\/business.roovi.com\/ro\/\",\"name\":\"Roovi B2B\",\"description\":\"Roovi Business Website\",\"potentialAction\":[{\"@type\":\"SearchAction\",\"target\":{\"@type\":\"EntryPoint\",\"urlTemplate\":\"https:\/\/business.roovi.com\/ro\/?s={search_term_string}\"},\"query-input\":\"required name=search_term_string\"}],\"inLanguage\":\"ro-RO\"}]}<\/script>\n<!-- \/ Yoast SEO plugin. -->","yoast_head_json":{"title":"Puzzle adul\u021bi 1000 piese Peisaje de Noapte - Notre Dame - Roovi B2B","robots":{"index":"index","follow":"follow","max-snippet":"max-snippet:-1","max-image-preview":"max-image-preview:large","max-video-preview":"max-video-preview:-1"},"canonical":"https:\/\/www.roovi.ro\/puzzle-adulti-1000-piese-peisaje-de-noapte-notre-dame\/p\/","og_locale":"ro_RO","og_type":"article","og_title":"Puzzle adul\u021bi 1000 piese Peisaje de Noapte - Notre Dame - Roovi B2B","og_description":"Fascinat de obiective turistice celebre? Acum po\u021bi p\u0103stra pentru totdeauna \u00een tablouri din 1000 de piese de puzzle imagini uimitoare","og_url":"https:\/\/www.roovi.ro\/puzzle-adulti-1000-piese-peisaje-de-noapte-notre-dame\/p\/","og_site_name":"Roovi B2B","article_publisher":"https:\/\/www.facebook.com\/wwwjucariero","article_modified_time":"2025-03-18T10:17:53+00:00","og_image":[{"width":920,"height":920,"url":"https:\/\/business.roovi.com\/wp-content\/uploads\/2018\/04\/64301-08-ansamblu_dimensiuni-cutie-cm_orizontal.png","type":"image\/png"}],"twitter_misc":{"Timp estimat pentru citire":"3 minute"},"schema":{"@context":"https:\/\/schema.org","@graph":[{"@type":"WebPage","@id":"https:\/\/business.roovi.com\/ro\/puzzle-adulti-1000-piese-peisaje-de-noapte-notre-dame\/p\/","url":"https:\/\/www.roovi.ro\/puzzle-adulti-1000-piese-peisaje-de-noapte-notre-dame\/p\/","name":"Puzzle adul\u021bi 1000 piese Peisaje de Noapte - Notre Dame - Roovi B2B","isPartOf":{"@id":"https:\/\/business.roovi.com\/ro\/#website"},"datePublished":"2018-04-16T10:56:17+00:00","dateModified":"2025-03-18T10:17:53+00:00","breadcrumb":{"@id":"https:\/\/www.roovi.ro\/puzzle-adulti-1000-piese-peisaje-de-noapte-notre-dame\/p\/#breadcrumb"},"inLanguage":"ro-RO","potentialAction":[{"@type":"ReadAction","target":["https:\/\/www.roovi.ro\/puzzle-adulti-1000-piese-peisaje-de-noapte-notre-dame\/p\/"]}]},{"@type":"BreadcrumbList","@id":"https:\/\/www.roovi.ro\/puzzle-adulti-1000-piese-peisaje-de-noapte-notre-dame\/p\/#breadcrumb","itemListElement":[{"@type":"ListItem","position":1,"name":"Home","item":"https:\/\/business.roovi.com\/ro\/"},{"@type":"ListItem","position":2,"name":"Magazin","item":"https:\/\/business.roovi.com\/ro\/magazin\/"},{"@type":"ListItem","position":3,"name":"Puzzle adul\u021bi 1000 piese Peisaje de Noapte &#8211; Notre Dame"}]},{"@type":"WebSite","@id":"https:\/\/business.roovi.com\/ro\/#website","url":"https:\/\/business.roovi.com\/ro\/","name":"Roovi B2B","description":"Roovi Business Website","potentialAction":[{"@type":"SearchAction","target":{"@type":"EntryPoint","urlTemplate":"https:\/\/business.roovi.com\/ro\/?s={search_term_string}"},"query-input":"required name=search_term_string"}],"inLanguage":"ro-RO"}]}},"_links":{"self":[{"href":"https:\/\/business.roovi.com\/ro\/wp-json\/wp\/v2\/product\/16112","targetHints":{"allow":["GET"]}}],"collection":[{"href":"https:\/\/business.roovi.com\/ro\/wp-json\/wp\/v2\/product"}],"about":[{"href":"https:\/\/business.roovi.com\/ro\/wp-json\/wp\/v2\/types\/product"}],"version-history":[{"count":0,"href":"https:\/\/business.roovi.com\/ro\/wp-json\/wp\/v2\/product\/16112\/revisions"}],"wp:featuredmedia":[{"embeddable":true,"href":"https:\/\/business.roovi.com\/ro\/wp-json\/wp\/v2\/media\/16098"}],"wp:attachment":[{"href":"https:\/\/business.roovi.com\/ro\/wp-json\/wp\/v2\/media?parent=16112"}],"wp:term":[{"taxonomy":"product_brand","embeddable":true,"href":"https:\/\/business.roovi.com\/ro\/wp-json\/wp\/v2\/product_brand?post=16112"},{"taxonomy":"product_cat","embeddable":true,"href":"https:\/\/business.roovi.com\/ro\/wp-json\/wp\/v2\/product_cat?post=16112"},{"taxonomy":"product_tag","embeddable":true,"href":"https:\/\/business.roovi.com\/ro\/wp-json\/wp\/v2\/product_tag?post=16112"}],"curies":[{"name":"wp","href":"https:\/\/api.w.org\/{rel}","templated":true}]}}