{"id":16127,"date":"2018-04-16T10:56:17","date_gmt":"2018-04-16T10:56:17","guid":{"rendered":"https:\/\/business.roovi.com\/product\/puzzle-peisaje-de-noapte-1000-piese-9\/"},"modified":"2025-03-18T10:18:57","modified_gmt":"2025-03-18T10:18:57","slug":"puzzle-adulti-1000-piese-peisaje-de-noapte-praga","status":"publish","type":"product","link":"https:\/\/business.roovi.com\/ro\/puzzle-adulti-1000-piese-peisaje-de-noapte-praga\/p\/","title":{"rendered":"Puzzle adul\u021bi 1000 piese Peisaje de Noapte &#8211; Praga"},"content":{"rendered":"<p><span style=\"font-weight: 400;\">Pasionat de c\u0103l\u0103torii \u0219i de jocuri puzzle? Acum ai ocazia s\u0103-\u021bi construie\u0219ti din 1000 de piese de puzzle tablouri superbe cu obiective turistice renumite, surprinse la ceas de sear\u0103.<\/span><\/p>\n<p><span style=\"font-weight: 400;\">Podul Carol este una dintre imaginile emblematice ale capitalei Cehiei, Praga. Pe \u00eenserat, priveli\u0219tea cu podul ce leag\u0103 Centrul Vechi de Castelul din Praga este una deosebit\u0103. Puzzle 1000 piese Praga din colec\u021bia <\/span><em><span style=\"font-weight: 400;\">Peisaje de noapte<\/span><\/em><span style=\"font-weight: 400;\"> red\u0103 aceast\u0103 imagine uimitoare ce bucur\u0103 privirile oric\u0103rui pasionat de c\u0103l\u0103torii.\u00a0\u00a0<\/span><\/p>\n<p><span style=\"font-weight: 400;\">Podul Carol traverseaz\u0103 r\u00e2ul Vltava din Praga \u0219i a fost construit \u00eencep\u00e2nd cu anul 1357, din porunca lui Carol al IV-lea. Ini\u021bial s-a numit <\/span><em><span style=\"font-weight: 400;\">Podul de piatr\u0103<\/span><\/em><span style=\"font-weight: 400;\"> \u0219i a luat numele Carol abia \u00een 1870.\u00a0<\/span><\/p>\n<p><span style=\"font-weight: 400;\">Acest pod atrage ca un magnet turi\u0219ti veni\u021bi din toate col\u021burile lumii. Ofer\u0103 o priveli\u0219te impresionant\u0103 asupra castelului Praga \u0219i a r\u00e2ului Vltava, este loc de promenad\u0103 \u0219i de fotografii de neuitat.\u00a0<\/span><\/p>\n<p><span style=\"font-weight: 400;\">Te invit\u0103m a\u0219adar la un tur imaginar pe vestitul pod Carol prin intermediul jocului puzzle 1000 piese Praga. Pentru asamblare, po\u021bi utiliza o m\u0103su\u021b\u0103 standard de cafea. Tabloul ref\u0103cut are dimensiunile de 68 x 47 cm. Pune-l \u00een ram\u0103 \u0219i admir\u0103 pe \u00eendelete un loc de vis, \u00eenc\u0103rcat de istorie \u0219i simboluri.<\/span><\/p>\n<p><strong>De ce s\u0103 alegi puzzle 1000 piese peisaje de noapte &#8211; Praga?<\/strong><\/p>\n<p><span style=\"font-weight: 400;\">Un puzzle 1000 piese este o modalitate de relaxare \u0219i un prilej de a descoperi obiective turistice renumite.<\/span><\/p>\n<p><span style=\"font-weight: 400;\">Ob\u021bii un tablou superb cu care \u00ee\u021bi po\u021bi decora locuin\u021ba.<\/span><\/p>\n<p><span style=\"font-weight: 400;\">Piesele de puzzle 1000 sunt produse din carton albastru de calitate superioar\u0103 care se \u00eembin\u0103 perfect chiar \u0219i dac\u0103 asamblezi imaginea de nenum\u0103rate ori.<\/span><\/p>\n<p><span style=\"font-weight: 400;\">Finisajele puzzle-ului sunt semi-lucioase, \u00een culori pl\u0103cute care eviden\u021biaz\u0103 claritatea imaginii.<\/span><\/p>\n<p><span style=\"font-weight: 400;\">Materialele utilizate \u00een producerea jocurilor puzzle sunt sustenabile \u0219i reciclabile.<\/span><\/p>\n<p><span style=\"font-weight: 400;\">Potrivit persoanelor peste 14 ani, deci\u00a0 un prilej de a-l asambla \u00eempreun\u0103 cu copiii t\u0103i adolescen\u021bi.<\/span><\/p>\n<p><span style=\"font-weight: 400;\">Jocurile puzzle sunt o modalitate uimitoare de a-\u021bi dezvolta abilit\u0103\u021bi precum:<\/span><\/p>\n<ul>\n<li><span style=\"font-weight: 400;\">R\u0103bdarea<\/span><\/li>\n<li><span style=\"font-weight: 400;\">Memoria<\/span><\/li>\n<li><span style=\"font-weight: 400;\">G\u00e2ndirea logic\u0103<\/span><\/li>\n<li><span style=\"font-weight: 400;\">Aten\u021bia la detalii<\/span><\/li>\n<li><span style=\"font-weight: 400;\">Perseveren\u021ba<\/span><\/li>\n<li><span style=\"font-weight: 400;\">Capacitatea de concentrare.<\/span><\/li>\n<\/ul>\n<p><strong>\u0218tiai c\u0103\u2026?<\/strong><\/p>\n<p><span style=\"font-weight: 400;\">Podul Carol din Praga are o lungime de 516 metri \u0219i 3 turnuri. Dintre acestea, turnul din ora\u0219ul vechi este considerat cel mai frumos turn de pod din Europa.<\/span><\/p>\n<p><span style=\"font-weight: 400;\">Pe balustrada podului pot fi admirate 30 de sculpturi \u0219i grupuri sculpturale care au fost plasate \u00een timp, \u00eencep\u00e2nd cu anul 1683. Majoritatea s-au deteriorat de-a lungul vremii \u0219i au fost \u00eenlocuite treptat cu replici asem\u0103n\u0103toare..\u00a0\u00a0<\/span><\/p>\n<p><span style=\"font-weight: 400;\">Potrivit legendelor urbane, acest pod este b\u00e2ntuit de numeroase fantome.<\/span><\/p>\n<p><span style=\"font-weight: 400;\">Mult\u0103 vreme, podul a fost o important\u0103 magistral\u0103 de transport, pe el circul\u00e2nd la un moment dat chiar \u0219i un tramvai.<\/span><\/p>\n<p><strong>Puzzle 1000 piese Praga &#8211; momente nepre\u021buite al\u0103turi de cei dragi<\/strong><\/p>\n<p><span style=\"font-weight: 400;\">E vreme rea \u0219i nu po\u021bi ie\u0219i afar\u0103? Puzzle 1000 piese Praga din colec\u021bia Peisaje de noapte d\u0103 sens timpului t\u0103u liber. Petrece c\u00e2teva ore distractive \u0219i relaxante \u00een compania familiei sau a prietenilor dragi.<\/span><\/p>\n<p><span style=\"font-weight: 400;\">Aplica\u021bi strategii inedite, organiza\u021bi munca de asamblare pe echipe \u0219i \u00eencepe\u021bi s\u0103 crea\u021bi un tablou fabulos. Sunte\u021bi cu to\u021bii ca ni\u0219te veritabili detectivi \u00een c\u0103utarea indiciilor care v\u0103 ajut\u0103 de rezolva\u021bi misterul fascinantului Pod Carol din Praga. Cu acest joc puzzle uimitor tr\u0103i\u021bi emo\u021bii frumoase \u0219i v\u0103 consolida\u021bi rela\u021biile dintre voi.<\/span><\/p>\n<p><span style=\"font-weight: 400;\">Fie c\u0103 \u00ee\u021bi dore\u0219ti s\u0103 spargi monotonia \u0219i s\u0103-i antrenezi pe cei dragi \u00eentr-o experien\u021b\u0103 distractiv\u0103, fie c\u0103 \u00ee\u021bi place s\u0103 te retragi c\u00e2teva ore \u0219i s\u0103-\u021bi ocupi timpul \u00een mod creativ, puzzle 1000 piese Praga este alegerea potrivit\u0103.<\/span><\/p>\n","protected":false},"excerpt":{"rendered":"<p>Pasionat de c\u0103l\u0103torii \u0219i de jocuri puzzle? Acum ai ocazia s\u0103-\u021bi construie\u0219ti din 1000 de piese de puzzle tablouri superbe<\/p>\n","protected":false},"featured_media":16113,"template":"","meta":[],"product_brand":[],"product_cat":[1454,1488,1560],"product_tag":[],"class_list":{"0":"post-16127","1":"product","2":"type-product","3":"status-publish","4":"has-post-thumbnail","6":"product_cat-puzzle","7":"product_cat-puzzle-adulti","8":"product_cat-puzzle-adulti-1000","9":"pa_bax-1273","10":"pa_brand-d_toys","11":"pa_country_of_manufacture-ro","12":"pa_filter_age-1315","13":"pa_painter-nightlandscapes","14":"pa_tip_ambalaj-cutie","15":"pa_tip_puzzle-clasic","17":"first","18":"instock","19":"taxable","20":"shipping-taxable","21":"product-type-simple"},"yoast_head":"<!-- This site is optimized with the Yoast SEO plugin v20.1 - https:\/\/yoast.com\/wordpress\/plugins\/seo\/ -->\n<title>Puzzle adul\u021bi 1000 piese Peisaje de Noapte - Praga - Roovi B2B<\/title>\n<meta name=\"robots\" content=\"index, follow, max-snippet:-1, max-image-preview:large, max-video-preview:-1\" \/>\n<link rel=\"canonical\" href=\"https:\/\/www.roovi.ro\/puzzle-adulti-1000-piese-peisaje-de-noapte-praga\/p\/\" \/>\n<meta property=\"og:locale\" content=\"ro_RO\" \/>\n<meta property=\"og:type\" content=\"article\" \/>\n<meta property=\"og:title\" content=\"Puzzle adul\u021bi 1000 piese Peisaje de Noapte - Praga - Roovi B2B\" \/>\n<meta property=\"og:description\" content=\"Pasionat de c\u0103l\u0103torii \u0219i de jocuri puzzle? Acum ai ocazia s\u0103-\u021bi construie\u0219ti din 1000 de piese de puzzle tablouri superbe\" \/>\n<meta property=\"og:url\" content=\"https:\/\/www.roovi.ro\/puzzle-adulti-1000-piese-peisaje-de-noapte-praga\/p\/\" \/>\n<meta property=\"og:site_name\" content=\"Roovi B2B\" \/>\n<meta property=\"article:publisher\" content=\"https:\/\/www.facebook.com\/wwwjucariero\" \/>\n<meta property=\"article:modified_time\" content=\"2025-03-18T10:18:57+00:00\" \/>\n<meta property=\"og:image\" content=\"https:\/\/business.roovi.com\/wp-content\/uploads\/2018\/04\/64301-09-ansamblu_dimensiuni-cutie-cm_orizontal.png\" \/>\n\t<meta property=\"og:image:width\" content=\"900\" \/>\n\t<meta property=\"og:image:height\" content=\"900\" \/>\n\t<meta property=\"og:image:type\" content=\"image\/png\" \/>\n<meta name=\"twitter:label1\" content=\"Timp estimat pentru citire\" \/>\n\t<meta name=\"twitter:data1\" content=\"3 minute\" \/>\n<script type=\"application\/ld+json\" class=\"yoast-schema-graph\">{\"@context\":\"https:\/\/schema.org\",\"@graph\":[{\"@type\":\"WebPage\",\"@id\":\"https:\/\/business.roovi.com\/ro\/puzzle-adulti-1000-piese-peisaje-de-noapte-praga\/p\/\",\"url\":\"https:\/\/www.roovi.ro\/puzzle-adulti-1000-piese-peisaje-de-noapte-praga\/p\/\",\"name\":\"Puzzle adul\u021bi 1000 piese Peisaje de Noapte - Praga - Roovi B2B\",\"isPartOf\":{\"@id\":\"https:\/\/business.roovi.com\/ro\/#website\"},\"datePublished\":\"2018-04-16T10:56:17+00:00\",\"dateModified\":\"2025-03-18T10:18:57+00:00\",\"breadcrumb\":{\"@id\":\"https:\/\/www.roovi.ro\/puzzle-adulti-1000-piese-peisaje-de-noapte-praga\/p\/#breadcrumb\"},\"inLanguage\":\"ro-RO\",\"potentialAction\":[{\"@type\":\"ReadAction\",\"target\":[\"https:\/\/www.roovi.ro\/puzzle-adulti-1000-piese-peisaje-de-noapte-praga\/p\/\"]}]},{\"@type\":\"BreadcrumbList\",\"@id\":\"https:\/\/www.roovi.ro\/puzzle-adulti-1000-piese-peisaje-de-noapte-praga\/p\/#breadcrumb\",\"itemListElement\":[{\"@type\":\"ListItem\",\"position\":1,\"name\":\"Home\",\"item\":\"https:\/\/business.roovi.com\/ro\/\"},{\"@type\":\"ListItem\",\"position\":2,\"name\":\"Magazin\",\"item\":\"https:\/\/business.roovi.com\/ro\/magazin\/\"},{\"@type\":\"ListItem\",\"position\":3,\"name\":\"Puzzle adul\u021bi 1000 piese Peisaje de Noapte &#8211; Praga\"}]},{\"@type\":\"WebSite\",\"@id\":\"https:\/\/business.roovi.com\/ro\/#website\",\"url\":\"https:\/\/business.roovi.com\/ro\/\",\"name\":\"Roovi B2B\",\"description\":\"Roovi Business Website\",\"potentialAction\":[{\"@type\":\"SearchAction\",\"target\":{\"@type\":\"EntryPoint\",\"urlTemplate\":\"https:\/\/business.roovi.com\/ro\/?s={search_term_string}\"},\"query-input\":\"required name=search_term_string\"}],\"inLanguage\":\"ro-RO\"}]}<\/script>\n<!-- \/ Yoast SEO plugin. -->","yoast_head_json":{"title":"Puzzle adul\u021bi 1000 piese Peisaje de Noapte - Praga - Roovi B2B","robots":{"index":"index","follow":"follow","max-snippet":"max-snippet:-1","max-image-preview":"max-image-preview:large","max-video-preview":"max-video-preview:-1"},"canonical":"https:\/\/www.roovi.ro\/puzzle-adulti-1000-piese-peisaje-de-noapte-praga\/p\/","og_locale":"ro_RO","og_type":"article","og_title":"Puzzle adul\u021bi 1000 piese Peisaje de Noapte - Praga - Roovi B2B","og_description":"Pasionat de c\u0103l\u0103torii \u0219i de jocuri puzzle? Acum ai ocazia s\u0103-\u021bi construie\u0219ti din 1000 de piese de puzzle tablouri superbe","og_url":"https:\/\/www.roovi.ro\/puzzle-adulti-1000-piese-peisaje-de-noapte-praga\/p\/","og_site_name":"Roovi B2B","article_publisher":"https:\/\/www.facebook.com\/wwwjucariero","article_modified_time":"2025-03-18T10:18:57+00:00","og_image":[{"width":900,"height":900,"url":"https:\/\/business.roovi.com\/wp-content\/uploads\/2018\/04\/64301-09-ansamblu_dimensiuni-cutie-cm_orizontal.png","type":"image\/png"}],"twitter_misc":{"Timp estimat pentru citire":"3 minute"},"schema":{"@context":"https:\/\/schema.org","@graph":[{"@type":"WebPage","@id":"https:\/\/business.roovi.com\/ro\/puzzle-adulti-1000-piese-peisaje-de-noapte-praga\/p\/","url":"https:\/\/www.roovi.ro\/puzzle-adulti-1000-piese-peisaje-de-noapte-praga\/p\/","name":"Puzzle adul\u021bi 1000 piese Peisaje de Noapte - Praga - Roovi B2B","isPartOf":{"@id":"https:\/\/business.roovi.com\/ro\/#website"},"datePublished":"2018-04-16T10:56:17+00:00","dateModified":"2025-03-18T10:18:57+00:00","breadcrumb":{"@id":"https:\/\/www.roovi.ro\/puzzle-adulti-1000-piese-peisaje-de-noapte-praga\/p\/#breadcrumb"},"inLanguage":"ro-RO","potentialAction":[{"@type":"ReadAction","target":["https:\/\/www.roovi.ro\/puzzle-adulti-1000-piese-peisaje-de-noapte-praga\/p\/"]}]},{"@type":"BreadcrumbList","@id":"https:\/\/www.roovi.ro\/puzzle-adulti-1000-piese-peisaje-de-noapte-praga\/p\/#breadcrumb","itemListElement":[{"@type":"ListItem","position":1,"name":"Home","item":"https:\/\/business.roovi.com\/ro\/"},{"@type":"ListItem","position":2,"name":"Magazin","item":"https:\/\/business.roovi.com\/ro\/magazin\/"},{"@type":"ListItem","position":3,"name":"Puzzle adul\u021bi 1000 piese Peisaje de Noapte &#8211; Praga"}]},{"@type":"WebSite","@id":"https:\/\/business.roovi.com\/ro\/#website","url":"https:\/\/business.roovi.com\/ro\/","name":"Roovi B2B","description":"Roovi Business Website","potentialAction":[{"@type":"SearchAction","target":{"@type":"EntryPoint","urlTemplate":"https:\/\/business.roovi.com\/ro\/?s={search_term_string}"},"query-input":"required name=search_term_string"}],"inLanguage":"ro-RO"}]}},"_links":{"self":[{"href":"https:\/\/business.roovi.com\/ro\/wp-json\/wp\/v2\/product\/16127","targetHints":{"allow":["GET"]}}],"collection":[{"href":"https:\/\/business.roovi.com\/ro\/wp-json\/wp\/v2\/product"}],"about":[{"href":"https:\/\/business.roovi.com\/ro\/wp-json\/wp\/v2\/types\/product"}],"version-history":[{"count":0,"href":"https:\/\/business.roovi.com\/ro\/wp-json\/wp\/v2\/product\/16127\/revisions"}],"wp:featuredmedia":[{"embeddable":true,"href":"https:\/\/business.roovi.com\/ro\/wp-json\/wp\/v2\/media\/16113"}],"wp:attachment":[{"href":"https:\/\/business.roovi.com\/ro\/wp-json\/wp\/v2\/media?parent=16127"}],"wp:term":[{"taxonomy":"product_brand","embeddable":true,"href":"https:\/\/business.roovi.com\/ro\/wp-json\/wp\/v2\/product_brand?post=16127"},{"taxonomy":"product_cat","embeddable":true,"href":"https:\/\/business.roovi.com\/ro\/wp-json\/wp\/v2\/product_cat?post=16127"},{"taxonomy":"product_tag","embeddable":true,"href":"https:\/\/business.roovi.com\/ro\/wp-json\/wp\/v2\/product_tag?post=16127"}],"curies":[{"name":"wp","href":"https:\/\/api.w.org\/{rel}","templated":true}]}}