{"id":16152,"date":"2018-04-16T10:56:17","date_gmt":"2018-04-16T10:56:17","guid":{"rendered":"https:\/\/business.roovi.com\/product\/puzzle-locuri-celebre-1000-piese-2\/"},"modified":"2025-03-18T09:39:33","modified_gmt":"2025-03-18T09:39:33","slug":"puzzle-adulti-1000-piese-locuri-celebre-castelul-neuschwanstein","status":"publish","type":"product","link":"https:\/\/business.roovi.com\/ro\/puzzle-adulti-1000-piese-locuri-celebre-castelul-neuschwanstein\/p\/","title":{"rendered":"Puzzle adul\u021bi 1000 piese &#8211; Locuri Celebre &#8211; Castelul Neuschwanstein"},"content":{"rendered":"<p><strong><em>Gama de puzzle adul\u021bi 1000 piese Locuri celebre te provoac\u0103 s\u0103 descoperi atrac\u021bii de vis din toate col\u021burile lumii.<\/em><\/strong><\/p>\n<p><span style=\"font-weight: 400;\">Din colec\u021bia puzzle adul\u021bi Locuri celebre nu putea lipsi imaginea castelului de poveste care apare \u00een minunatele filme Disney: castelul <\/span><span style=\"font-weight: 400;\">Neuschwanstein. <\/span><span style=\"font-weight: 400;\">Cu o arhitectur\u0103 \u00een stil romantic renascentist deosebit\u0103, situat \u00eentr-o loca\u021bie natural\u0103 spectaculoas\u0103, nu este de mirare c\u0103 <\/span><span style=\"font-weight: 400;\">Neuschwanstein<\/span><span style=\"font-weight: 400;\"> este adesea numit cel mai frumos castel din lume.<\/span><\/p>\n<p><span style=\"font-weight: 400;\">\u00cen 1866, \u00een urma expansiunii Prusiei \u00een Bavaria, regele Ludovic al II-lea avea s\u0103 r\u0103m\u00e2n\u0103 suveran doar cu numele. Aceast\u0103 dezam\u0103gire profund\u0103 \u00eel face pe rege s\u0103-\u0219i planifice un regat propriu, sub forma unor palate \u0219i castele unde ar putea domni cu adev\u0103rat.\u00a0<\/span><\/p>\n<p><span style=\"font-weight: 400;\">Loca\u021bia aleas\u0103 pentru castelul <\/span><span style=\"font-weight: 400;\">Neuschwanstein<\/span><span style=\"font-weight: 400;\"> nu a fost una \u00eent\u00e2mpl\u0103toare. \u00cen apropiere, la <\/span><span style=\"font-weight: 400;\">Hohenschwangau,<\/span><span style=\"font-weight: 400;\"> regele \u00ee\u0219i petrecuse anii copil\u0103riei. Din acest loc putea observa cum prinde contur m\u0103re\u021bul s\u0103u vis de a avea un castel de basm.<\/span><\/p>\n<p><span style=\"font-weight: 400;\">Cu puzzle 1000 piese castelul <\/span><span style=\"font-weight: 400;\">Neuschwanstein descoperi \u0219i tu detaliile impresionante \u0219i arhitectura spectaculoas\u0103 a celebrului castel din Bavaria. Pune pies\u0103 l\u00e2ng\u0103 pies\u0103 \u0219i minuneaz\u0103-te de o capodoper\u0103 des\u0103v\u00e2r\u0219it\u0103.\u00a0\u00a0<\/span><\/p>\n<p><strong>De ce s\u0103 alegi un puzzle 1000 piese din colec\u021bia Locuri celebre<\/strong><strong>?<\/strong><\/p>\n<p><span style=\"font-weight: 400;\">Ai ocazia s\u0103 descoperi \u00eentr-un mod relaxant unele dintre cele mai deosebite loca\u021bii turistice, apreciate \u00een lumea \u00eentreag\u0103.<\/span><\/p>\n<p><span style=\"font-weight: 400;\">\u00ce\u021bi creezi cu m\u00e2inile tale un tablou cu dimensiunile de 68 x 47 cm pe care \u00eel vei admira \u00eendelung.<\/span><\/p>\n<p><span style=\"font-weight: 400;\">Po\u021bi expune acest tablou \u00een camera preferat\u0103 pentru a-i da un aspect unic.<\/span><\/p>\n<p><span style=\"font-weight: 400;\">Fiecare puzzle 1000 piese este produs din carton de calitate superioar\u0103 care confer\u0103 durabilitate pieselor chiar \u0219i la utiliz\u0103ri multiple.<\/span><\/p>\n<p><span style=\"font-weight: 400;\">Este prietenos cu natura, fiind produs din materiale sustenabile \u0219i reciclabile.<\/span><\/p>\n<p><span style=\"font-weight: 400;\">Are finisaj semi-lucios \u0219i culori pl\u0103cute care scot \u00een eviden\u021b\u0103 frumuse\u021bea imaginii.<\/span><\/p>\n<p><span style=\"font-weight: 400;\">Este potrivit persoanelor peste 14 ani, un motiv excelent pentru a petrece timp de calitate cu adolescen\u021bii.<\/span><\/p>\n<p><span style=\"font-weight: 400;\">Jocul puzzle \u00ee\u021bi solicit\u0103 intelectul, fiind un antrenament mental excelent.\u00a0<\/span><\/p>\n<p><span style=\"font-weight: 400;\">Men\u021bine coordonarea, mobilitatea fin\u0103 \u0219i dexteritatea.\u00a0<\/span><\/p>\n<p><span style=\"font-weight: 400;\">Contribuie la \u00eembun\u0103t\u0103\u021birea st\u0103rii de spirit \u0219i \u00ee\u021bi aduce satisfac\u021bia \u00eendeplinirii unui obiectiv precis.<\/span><\/p>\n<p><strong>\u0218tiai c\u0103\u2026<\/strong><\/p>\n<p><span style=\"font-weight: 400;\">Numele castelului provine de la Lohengrin, \u201ecavalerul leb\u0103d\u0103\u201d, cu care se spune c\u0103 se identifica Ludovic al II-lea. Lohengrin Este \u0219i protagonistul unor opere ale compozitorului Richard Wagner, pe care regele \u00eel aprecia enorm \u0219i pentru care a \u0219i construit acest castel.<\/span><\/p>\n<p><span style=\"font-weight: 400;\">Dorin\u021ba regelui\u00a0 a fost ca aceast\u0103 capodoper\u0103 arhitectural\u0103 s\u0103 aib\u0103 \u00een exterior designul castelelor de basm \u00eent\u00e2lnite \u00een copil\u0103ria sa, iar \u00een interior s\u0103 cuprind\u0103 toat\u0103 tehnica descoperit\u0103 p\u00e2n\u0103 la acea vreme. Astfel, castelul <\/span><span style=\"font-weight: 400;\">Neuschwanstein<\/span><span style=\"font-weight: 400;\"> avea electricitate, telefon precum \u0219i un sistem de \u00eenc\u0103lzire inovator.<\/span><\/p>\n<p><strong>Puzzle 1000 piese Castelul <\/strong><strong>Neuschwanstein \u00eencetine\u0219te ritmul rapid al vie\u021bii<\/strong><\/p>\n<p><span style=\"font-weight: 400;\">Ca orice pasionat de jocuri puzzle, ai nevoie de timp pentru a-\u021bi pune ordine \u00een g\u00e2nduri \u0219i a te relaxa \u00eendelung \u00een fa\u021ba unei imagini de poveste. Cu puzzle 1000 piese <\/span><span style=\"font-weight: 400;\">Castelul <\/span><span style=\"font-weight: 400;\">Neuschwanstein iei o pauz\u0103 de la agita\u021bia cotidian\u0103 \u0219i savurezi fiecare moment al prezentului \u00een ritm lent. \u00cen plus, reu\u0219e\u0219ti s\u0103:<\/span><\/p>\n<p><span style=\"font-weight: 400;\">Fii mai pu\u021bin stresat.<\/span><\/p>\n<p><span style=\"font-weight: 400;\">Te odihne\u0219ti mai bine.<\/span><\/p>\n<p><span style=\"font-weight: 400;\">Restabile\u0219ti echilibrul interior.<\/span><\/p>\n<p><span style=\"font-weight: 400;\">Gestionezi mai bine st\u0103rile de anxietate.<\/span><\/p>\n<p><span style=\"font-weight: 400;\">Fii tu arhitectul care compune din 1000 piese puzzle minunatul castel <\/span><span style=\"font-weight: 400;\">Neuschwanstein! Alege a\u0219adar acest joc puzzle uimitor pentru tine sau pentru a-l oferi \u00een dar prietenilor pasiona\u021bi de jocuri puzzle pentru adul\u021bi.\u00a0<\/span><\/p>\n","protected":false},"excerpt":{"rendered":"<p>Gama de puzzle adul\u021bi 1000 piese Locuri celebre te provoac\u0103 s\u0103 descoperi atrac\u021bii de vis din toate col\u021burile lumii. Din<\/p>\n","protected":false},"featured_media":16138,"template":"","meta":[],"product_brand":[],"product_cat":[1454,1488,1560],"product_tag":[],"class_list":{"0":"post-16152","1":"product","2":"type-product","3":"status-publish","4":"has-post-thumbnail","6":"product_cat-puzzle","7":"product_cat-puzzle-adulti","8":"product_cat-puzzle-adulti-1000","9":"pa_bax-1273","10":"pa_brand-d_toys","11":"pa_country_of_manufacture-ro","12":"pa_filter_age-1315","13":"pa_painter-famousplaces","14":"pa_tip_ambalaj-cutie","15":"pa_tip_puzzle-clasic","17":"first","18":"instock","19":"taxable","20":"shipping-taxable","21":"product-type-simple"},"yoast_head":"<!-- This site is optimized with the Yoast SEO plugin v20.1 - https:\/\/yoast.com\/wordpress\/plugins\/seo\/ -->\n<title>Puzzle adul\u021bi 1000 piese - Locuri Celebre - Castelul Neuschwanstein - Roovi B2B<\/title>\n<meta name=\"robots\" content=\"index, follow, max-snippet:-1, max-image-preview:large, max-video-preview:-1\" \/>\n<link rel=\"canonical\" href=\"https:\/\/www.roovi.ro\/puzzle-adulti-1000-piese-locuri-celebre-castelul-neuschwanstein\/p\/\" \/>\n<meta property=\"og:locale\" content=\"ro_RO\" \/>\n<meta property=\"og:type\" content=\"article\" \/>\n<meta property=\"og:title\" content=\"Puzzle adul\u021bi 1000 piese - Locuri Celebre - Castelul Neuschwanstein - Roovi B2B\" \/>\n<meta property=\"og:description\" content=\"Gama de puzzle adul\u021bi 1000 piese Locuri celebre te provoac\u0103 s\u0103 descoperi atrac\u021bii de vis din toate col\u021burile lumii. Din\" \/>\n<meta property=\"og:url\" content=\"https:\/\/www.roovi.ro\/puzzle-adulti-1000-piese-locuri-celebre-castelul-neuschwanstein\/p\/\" \/>\n<meta property=\"og:site_name\" content=\"Roovi B2B\" \/>\n<meta property=\"article:publisher\" content=\"https:\/\/www.facebook.com\/wwwjucariero\" \/>\n<meta property=\"article:modified_time\" content=\"2025-03-18T09:39:33+00:00\" \/>\n<meta property=\"og:image\" content=\"https:\/\/business.roovi.com\/wp-content\/uploads\/2018\/04\/64288-02_ansamblu_dimensiuni_cutie_cm_orizontal.png\" \/>\n\t<meta property=\"og:image:width\" content=\"2000\" \/>\n\t<meta property=\"og:image:height\" content=\"2000\" \/>\n\t<meta property=\"og:image:type\" content=\"image\/png\" \/>\n<meta name=\"twitter:label1\" content=\"Timp estimat pentru citire\" \/>\n\t<meta name=\"twitter:data1\" content=\"3 minute\" \/>\n<script type=\"application\/ld+json\" class=\"yoast-schema-graph\">{\"@context\":\"https:\/\/schema.org\",\"@graph\":[{\"@type\":\"WebPage\",\"@id\":\"https:\/\/business.roovi.com\/ro\/puzzle-adulti-1000-piese-locuri-celebre-castelul-neuschwanstein\/p\/\",\"url\":\"https:\/\/www.roovi.ro\/puzzle-adulti-1000-piese-locuri-celebre-castelul-neuschwanstein\/p\/\",\"name\":\"Puzzle adul\u021bi 1000 piese - Locuri Celebre - Castelul Neuschwanstein - Roovi B2B\",\"isPartOf\":{\"@id\":\"https:\/\/business.roovi.com\/ro\/#website\"},\"datePublished\":\"2018-04-16T10:56:17+00:00\",\"dateModified\":\"2025-03-18T09:39:33+00:00\",\"breadcrumb\":{\"@id\":\"https:\/\/www.roovi.ro\/puzzle-adulti-1000-piese-locuri-celebre-castelul-neuschwanstein\/p\/#breadcrumb\"},\"inLanguage\":\"ro-RO\",\"potentialAction\":[{\"@type\":\"ReadAction\",\"target\":[\"https:\/\/www.roovi.ro\/puzzle-adulti-1000-piese-locuri-celebre-castelul-neuschwanstein\/p\/\"]}]},{\"@type\":\"BreadcrumbList\",\"@id\":\"https:\/\/www.roovi.ro\/puzzle-adulti-1000-piese-locuri-celebre-castelul-neuschwanstein\/p\/#breadcrumb\",\"itemListElement\":[{\"@type\":\"ListItem\",\"position\":1,\"name\":\"Home\",\"item\":\"https:\/\/business.roovi.com\/ro\/\"},{\"@type\":\"ListItem\",\"position\":2,\"name\":\"Magazin\",\"item\":\"https:\/\/business.roovi.com\/ro\/magazin\/\"},{\"@type\":\"ListItem\",\"position\":3,\"name\":\"Puzzle adul\u021bi 1000 piese &#8211; Locuri Celebre &#8211; Castelul Neuschwanstein\"}]},{\"@type\":\"WebSite\",\"@id\":\"https:\/\/business.roovi.com\/ro\/#website\",\"url\":\"https:\/\/business.roovi.com\/ro\/\",\"name\":\"Roovi B2B\",\"description\":\"Roovi Business Website\",\"potentialAction\":[{\"@type\":\"SearchAction\",\"target\":{\"@type\":\"EntryPoint\",\"urlTemplate\":\"https:\/\/business.roovi.com\/ro\/?s={search_term_string}\"},\"query-input\":\"required name=search_term_string\"}],\"inLanguage\":\"ro-RO\"}]}<\/script>\n<!-- \/ Yoast SEO plugin. -->","yoast_head_json":{"title":"Puzzle adul\u021bi 1000 piese - Locuri Celebre - Castelul Neuschwanstein - Roovi B2B","robots":{"index":"index","follow":"follow","max-snippet":"max-snippet:-1","max-image-preview":"max-image-preview:large","max-video-preview":"max-video-preview:-1"},"canonical":"https:\/\/www.roovi.ro\/puzzle-adulti-1000-piese-locuri-celebre-castelul-neuschwanstein\/p\/","og_locale":"ro_RO","og_type":"article","og_title":"Puzzle adul\u021bi 1000 piese - Locuri Celebre - Castelul Neuschwanstein - Roovi B2B","og_description":"Gama de puzzle adul\u021bi 1000 piese Locuri celebre te provoac\u0103 s\u0103 descoperi atrac\u021bii de vis din toate col\u021burile lumii. Din","og_url":"https:\/\/www.roovi.ro\/puzzle-adulti-1000-piese-locuri-celebre-castelul-neuschwanstein\/p\/","og_site_name":"Roovi B2B","article_publisher":"https:\/\/www.facebook.com\/wwwjucariero","article_modified_time":"2025-03-18T09:39:33+00:00","og_image":[{"width":2000,"height":2000,"url":"https:\/\/business.roovi.com\/wp-content\/uploads\/2018\/04\/64288-02_ansamblu_dimensiuni_cutie_cm_orizontal.png","type":"image\/png"}],"twitter_misc":{"Timp estimat pentru citire":"3 minute"},"schema":{"@context":"https:\/\/schema.org","@graph":[{"@type":"WebPage","@id":"https:\/\/business.roovi.com\/ro\/puzzle-adulti-1000-piese-locuri-celebre-castelul-neuschwanstein\/p\/","url":"https:\/\/www.roovi.ro\/puzzle-adulti-1000-piese-locuri-celebre-castelul-neuschwanstein\/p\/","name":"Puzzle adul\u021bi 1000 piese - Locuri Celebre - Castelul Neuschwanstein - Roovi B2B","isPartOf":{"@id":"https:\/\/business.roovi.com\/ro\/#website"},"datePublished":"2018-04-16T10:56:17+00:00","dateModified":"2025-03-18T09:39:33+00:00","breadcrumb":{"@id":"https:\/\/www.roovi.ro\/puzzle-adulti-1000-piese-locuri-celebre-castelul-neuschwanstein\/p\/#breadcrumb"},"inLanguage":"ro-RO","potentialAction":[{"@type":"ReadAction","target":["https:\/\/www.roovi.ro\/puzzle-adulti-1000-piese-locuri-celebre-castelul-neuschwanstein\/p\/"]}]},{"@type":"BreadcrumbList","@id":"https:\/\/www.roovi.ro\/puzzle-adulti-1000-piese-locuri-celebre-castelul-neuschwanstein\/p\/#breadcrumb","itemListElement":[{"@type":"ListItem","position":1,"name":"Home","item":"https:\/\/business.roovi.com\/ro\/"},{"@type":"ListItem","position":2,"name":"Magazin","item":"https:\/\/business.roovi.com\/ro\/magazin\/"},{"@type":"ListItem","position":3,"name":"Puzzle adul\u021bi 1000 piese &#8211; Locuri Celebre &#8211; Castelul Neuschwanstein"}]},{"@type":"WebSite","@id":"https:\/\/business.roovi.com\/ro\/#website","url":"https:\/\/business.roovi.com\/ro\/","name":"Roovi B2B","description":"Roovi Business Website","potentialAction":[{"@type":"SearchAction","target":{"@type":"EntryPoint","urlTemplate":"https:\/\/business.roovi.com\/ro\/?s={search_term_string}"},"query-input":"required name=search_term_string"}],"inLanguage":"ro-RO"}]}},"_links":{"self":[{"href":"https:\/\/business.roovi.com\/ro\/wp-json\/wp\/v2\/product\/16152","targetHints":{"allow":["GET"]}}],"collection":[{"href":"https:\/\/business.roovi.com\/ro\/wp-json\/wp\/v2\/product"}],"about":[{"href":"https:\/\/business.roovi.com\/ro\/wp-json\/wp\/v2\/types\/product"}],"version-history":[{"count":0,"href":"https:\/\/business.roovi.com\/ro\/wp-json\/wp\/v2\/product\/16152\/revisions"}],"wp:featuredmedia":[{"embeddable":true,"href":"https:\/\/business.roovi.com\/ro\/wp-json\/wp\/v2\/media\/16138"}],"wp:attachment":[{"href":"https:\/\/business.roovi.com\/ro\/wp-json\/wp\/v2\/media?parent=16152"}],"wp:term":[{"taxonomy":"product_brand","embeddable":true,"href":"https:\/\/business.roovi.com\/ro\/wp-json\/wp\/v2\/product_brand?post=16152"},{"taxonomy":"product_cat","embeddable":true,"href":"https:\/\/business.roovi.com\/ro\/wp-json\/wp\/v2\/product_cat?post=16152"},{"taxonomy":"product_tag","embeddable":true,"href":"https:\/\/business.roovi.com\/ro\/wp-json\/wp\/v2\/product_tag?post=16152"}],"curies":[{"name":"wp","href":"https:\/\/api.w.org\/{rel}","templated":true}]}}