{"id":16167,"date":"2018-04-16T10:56:17","date_gmt":"2018-04-16T10:56:17","guid":{"rendered":"https:\/\/business.roovi.com\/product\/super-puzzle-basme-24-piese-2\/"},"modified":"2025-03-13T11:33:35","modified_gmt":"2025-03-13T11:33:35","slug":"super-puzzle-copii-24-piese-basme-scufita-rosie","status":"publish","type":"product","link":"https:\/\/business.roovi.com\/ro\/super-puzzle-copii-24-piese-basme-scufita-rosie\/p\/","title":{"rendered":"Puzzle Scufi\u021ba Ro\u0219ie &#8211; Puzzle copii, 24 piese"},"content":{"rendered":"<p><span style=\"font-weight: 400;\">Ofer\u0103-i copilului t\u0103u posibilitatea s\u0103 exploreze prin joac\u0103 \u0219i f\u0103-i cuno\u0219tin\u021b\u0103 cu lumea fascinant\u0103 a basmelor fra\u021bilor Grimm sub forma unui puzzle copii. Va descoperi peisaje idilice, ilustra\u021bii colorate \u0219i amuzante, al\u0103turi de personaje vesele, pe care cei mici le vor \u00eendr\u0103gi imediat.\u00a0<\/span><\/p>\n<p><span style=\"font-weight: 400;\">Descoper\u0103 unul dintre cele mai \u00eendr\u0103gite basme ale copil\u0103riei, Scufi\u021ba Ro\u0219ie, sub forma unui puzzle cu ilustra\u021bii pline de culoare \u0219i piese mari, potrivite chiar \u0219i pentru copiii mai mici, care abia exerseaz\u0103 mi\u0219c\u0103ri de motricitate fin\u0103.\u00a0<\/span><\/p>\n<p><span style=\"font-weight: 400;\">Un puzzle pentru copii ce ilustreaz\u0103 scene din basme este mai mult dec\u00e2t un simplu joc. Poate fi o ocazie perfect\u0103 pentru a discuta despre tr\u0103s\u0103turi umane, despre emo\u021bii, despre reac\u021bii potrivite \u00een diverse situa\u021bii, complet\u00e2nd \u00een acela\u0219i timp imaginea final\u0103, pies\u0103 cu pies\u0103.\u00a0<\/span><\/p>\n<p><span style=\"font-weight: 400;\">\u00cen plus, un joc de puzzle este o modalitate foarte pl\u0103cut\u0103 de deconectare de la activit\u0103\u021bile zilnice \u0219i de a petrece timp de calitate al\u0103turi de cei mici. C\u0103uta\u021bi \u00eempreun\u0103 piesele, potrivi\u021bi-le pentru a completa imaginea, distra\u021bi-v\u0103 \u0219i fii cu adev\u0103rat prezent \u00een joaca celor mici.<\/span><\/p>\n<p><span style=\"font-weight: 400;\">Alege pentru copilul t\u0103u un puzzle cu o poveste duioas\u0103, un joc cu ajutorul c\u0103ruia o ve\u021bi \u00eenso\u021bi pe Scufi\u021ba Ro\u0219ie prin p\u0103dure, p\u00e2n\u0103 la c\u0103su\u021ba bunicii.<\/span><\/p>\n<h2><span style=\"font-weight: 400;\">De ce s\u0103 alegi un Super Puzzle copii cu Basme<\/span><\/h2>\n<ul>\n<li><span style=\"font-weight: 400;\">\u00cei ajut\u0103 pe copii s\u0103-\u0219i dezvolte creativitatea.<\/span><\/li>\n<li><span style=\"font-weight: 400;\">Jocul de Puzzle este un bun antrenor al memoriei.<\/span><\/li>\n<li><span style=\"font-weight: 400;\">Este o metoda distractiv\u0103 de a rememora scene din pove\u0219tile clasice sau de a se familiariza cu acestea.<\/span><\/li>\n<li><span style=\"font-weight: 400;\">Ajut\u0103 la dezvoltarea \u00eendem\u00e2n\u0103rii, prin potrivirea fiec\u0103rei piese.<\/span><\/li>\n<li><span style=\"font-weight: 400;\">Antreneaz\u0103 motricitatea \u0219i coordonarea m\u00e2n\u0103-ochi.<\/span><\/li>\n<li><span style=\"font-weight: 400;\">Stimuleaz\u0103 \u0219i sus\u021bine concentrarea \u0219i aten\u021bia asupra jocului.<\/span><\/li>\n<li><span style=\"font-weight: 400;\">Este relaxant \u0219i deconectant.<\/span><\/li>\n<li><span style=\"font-weight: 400;\">Dezvolt\u0103 coordonarea senzorial\u0103 \u0219i orientarea.<\/span><\/li>\n<li><span style=\"font-weight: 400;\">Are piese mari, potrivite pentru m\u00e2nu\u021bele mici.<\/span><\/li>\n<li><span style=\"font-weight: 400;\">Are mai multe beneficii dec\u00e2t un joc digital \u0219i le ofer\u0103 celor mici o relaxare activ\u0103, ce \u00eei va \u021bine departe de ecrane.<\/span><\/li>\n<\/ul>\n<h2><span style=\"font-weight: 400;\">Descoper\u0103 un super puzzle simplu, potrivit pentru \u00eencep\u0103tori<\/span><\/h2>\n<p><span style=\"font-weight: 400;\">Fiecare puzzle este realizat din carton gros, de foarte bun\u0103 calitate, astfel \u00eenc\u00e2t s\u0103 poat\u0103 fi utilizat de multe ori, f\u0103r\u0103 ca piesele s\u0103 se rup\u0103 sau s\u0103 \u00ee\u0219i piard\u0103 forma.\u00a0<\/span><\/p>\n<p><span style=\"font-weight: 400;\">Imaginile viu colorate \u00eenf\u0103\u021bi\u0219eaz\u0103 personaje \u00eendr\u0103gite din basmele clasice pentru copii, cu o grafic\u0103 atent creat\u0103, cu ilustra\u021bii simpatice \u0219i vesele, \u00eendr\u0103gite de cei mici.<\/span><\/p>\n<p><span style=\"font-weight: 400;\">Cele 24 de piese au dimensiuni \u0219i forme potrivite pentru copiii mici, pentru a le putea prinde \u0219i pozi\u021biona cu u\u0219urin\u021b\u0103, iar imaginea final\u0103 are dimensiuni generoase, rezult\u00e2nd un puzzle de 42 x 28,8 cm.<\/span><\/p>\n<p><span style=\"font-weight: 400;\">Copiii ador\u0103 s\u0103 construiasc\u0103 lucruri \u0219i sigur vor adora s\u0103 reconstruiasc\u0103 pove\u0219tile \u00eendr\u0103gite, pies\u0103 cu pies\u0103!<\/span><\/p>\n<p><span style=\"font-weight: 400;\">Dac\u0103 e\u0219ti \u00een c\u0103utarea unui joc care s\u0103 fie \u00een acela\u0219i timp creativ, activ, antrenant \u0219i distractiv, alege un puzzle copii cu ilustra\u021bii din Basme.\u00a0\u00a0<\/span><\/p>\n","protected":false},"excerpt":{"rendered":"<p>Ofer\u0103-i copilului t\u0103u posibilitatea s\u0103 exploreze prin joac\u0103 \u0219i f\u0103-i cuno\u0219tin\u021b\u0103 cu lumea fascinant\u0103 a basmelor fra\u021bilor Grimm sub forma<\/p>\n","protected":false},"featured_media":16163,"template":"","meta":[],"product_brand":[],"product_cat":[1454,1482,1556],"product_tag":[],"class_list":{"0":"post-16167","1":"product","2":"type-product","3":"status-publish","4":"has-post-thumbnail","6":"product_cat-puzzle","7":"product_cat-puzzle-copii","8":"product_cat-puzzle-copii-sub-50-piese","9":"pa_bax-1273","10":"pa_brand-d_toys","11":"pa_filter_age-3_5","12":"pa_filter_age-5_7","13":"pa_tip_ambalaj-cutie","14":"pa_tip_puzzle-clasic","16":"first","17":"instock","18":"taxable","19":"shipping-taxable","20":"product-type-simple"},"yoast_head":"<!-- This site is optimized with the Yoast SEO plugin v20.1 - https:\/\/yoast.com\/wordpress\/plugins\/seo\/ -->\n<title>Puzzle Scufi\u021ba Ro\u0219ie - Puzzle copii, 24 piese - Roovi B2B<\/title>\n<meta name=\"robots\" content=\"index, follow, max-snippet:-1, max-image-preview:large, max-video-preview:-1\" \/>\n<link rel=\"canonical\" href=\"https:\/\/www.roovi.ro\/super-puzzle-copii-24-piese-basme-scufita-rosie\/p\/\" \/>\n<meta property=\"og:locale\" content=\"ro_RO\" \/>\n<meta property=\"og:type\" content=\"article\" \/>\n<meta property=\"og:title\" content=\"Puzzle Scufi\u021ba Ro\u0219ie - Puzzle copii, 24 piese - Roovi B2B\" \/>\n<meta property=\"og:description\" content=\"Ofer\u0103-i copilului t\u0103u posibilitatea s\u0103 exploreze prin joac\u0103 \u0219i f\u0103-i cuno\u0219tin\u021b\u0103 cu lumea fascinant\u0103 a basmelor fra\u021bilor Grimm sub forma\" \/>\n<meta property=\"og:url\" content=\"https:\/\/www.roovi.ro\/super-puzzle-copii-24-piese-basme-scufita-rosie\/p\/\" \/>\n<meta property=\"og:site_name\" content=\"Roovi B2B\" \/>\n<meta property=\"article:publisher\" content=\"https:\/\/www.facebook.com\/wwwjucariero\" \/>\n<meta property=\"article:modified_time\" content=\"2025-03-13T11:33:35+00:00\" \/>\n<meta property=\"og:image\" content=\"https:\/\/business.roovi.com\/wp-content\/uploads\/2018\/04\/60372_02.jpg\" \/>\n\t<meta property=\"og:image:width\" content=\"1200\" \/>\n\t<meta property=\"og:image:height\" content=\"1200\" \/>\n\t<meta property=\"og:image:type\" content=\"image\/jpeg\" \/>\n<meta name=\"twitter:label1\" content=\"Timp estimat pentru citire\" \/>\n\t<meta name=\"twitter:data1\" content=\"2 minute\" \/>\n<script type=\"application\/ld+json\" class=\"yoast-schema-graph\">{\"@context\":\"https:\/\/schema.org\",\"@graph\":[{\"@type\":\"WebPage\",\"@id\":\"https:\/\/business.roovi.com\/ro\/super-puzzle-copii-24-piese-basme-scufita-rosie\/p\/\",\"url\":\"https:\/\/www.roovi.ro\/super-puzzle-copii-24-piese-basme-scufita-rosie\/p\/\",\"name\":\"Puzzle Scufi\u021ba Ro\u0219ie - Puzzle copii, 24 piese - Roovi B2B\",\"isPartOf\":{\"@id\":\"https:\/\/business.roovi.com\/ro\/#website\"},\"datePublished\":\"2018-04-16T10:56:17+00:00\",\"dateModified\":\"2025-03-13T11:33:35+00:00\",\"breadcrumb\":{\"@id\":\"https:\/\/www.roovi.ro\/super-puzzle-copii-24-piese-basme-scufita-rosie\/p\/#breadcrumb\"},\"inLanguage\":\"ro-RO\",\"potentialAction\":[{\"@type\":\"ReadAction\",\"target\":[\"https:\/\/www.roovi.ro\/super-puzzle-copii-24-piese-basme-scufita-rosie\/p\/\"]}]},{\"@type\":\"BreadcrumbList\",\"@id\":\"https:\/\/www.roovi.ro\/super-puzzle-copii-24-piese-basme-scufita-rosie\/p\/#breadcrumb\",\"itemListElement\":[{\"@type\":\"ListItem\",\"position\":1,\"name\":\"Home\",\"item\":\"https:\/\/business.roovi.com\/ro\/\"},{\"@type\":\"ListItem\",\"position\":2,\"name\":\"Magazin\",\"item\":\"https:\/\/business.roovi.com\/ro\/magazin\/\"},{\"@type\":\"ListItem\",\"position\":3,\"name\":\"Puzzle Scufi\u021ba Ro\u0219ie &#8211; Puzzle copii, 24 piese\"}]},{\"@type\":\"WebSite\",\"@id\":\"https:\/\/business.roovi.com\/ro\/#website\",\"url\":\"https:\/\/business.roovi.com\/ro\/\",\"name\":\"Roovi B2B\",\"description\":\"Roovi Business Website\",\"potentialAction\":[{\"@type\":\"SearchAction\",\"target\":{\"@type\":\"EntryPoint\",\"urlTemplate\":\"https:\/\/business.roovi.com\/ro\/?s={search_term_string}\"},\"query-input\":\"required name=search_term_string\"}],\"inLanguage\":\"ro-RO\"}]}<\/script>\n<!-- \/ Yoast SEO plugin. -->","yoast_head_json":{"title":"Puzzle Scufi\u021ba Ro\u0219ie - Puzzle copii, 24 piese - Roovi B2B","robots":{"index":"index","follow":"follow","max-snippet":"max-snippet:-1","max-image-preview":"max-image-preview:large","max-video-preview":"max-video-preview:-1"},"canonical":"https:\/\/www.roovi.ro\/super-puzzle-copii-24-piese-basme-scufita-rosie\/p\/","og_locale":"ro_RO","og_type":"article","og_title":"Puzzle Scufi\u021ba Ro\u0219ie - Puzzle copii, 24 piese - Roovi B2B","og_description":"Ofer\u0103-i copilului t\u0103u posibilitatea s\u0103 exploreze prin joac\u0103 \u0219i f\u0103-i cuno\u0219tin\u021b\u0103 cu lumea fascinant\u0103 a basmelor fra\u021bilor Grimm sub forma","og_url":"https:\/\/www.roovi.ro\/super-puzzle-copii-24-piese-basme-scufita-rosie\/p\/","og_site_name":"Roovi B2B","article_publisher":"https:\/\/www.facebook.com\/wwwjucariero","article_modified_time":"2025-03-13T11:33:35+00:00","og_image":[{"width":1200,"height":1200,"url":"https:\/\/business.roovi.com\/wp-content\/uploads\/2018\/04\/60372_02.jpg","type":"image\/jpeg"}],"twitter_misc":{"Timp estimat pentru citire":"2 minute"},"schema":{"@context":"https:\/\/schema.org","@graph":[{"@type":"WebPage","@id":"https:\/\/business.roovi.com\/ro\/super-puzzle-copii-24-piese-basme-scufita-rosie\/p\/","url":"https:\/\/www.roovi.ro\/super-puzzle-copii-24-piese-basme-scufita-rosie\/p\/","name":"Puzzle Scufi\u021ba Ro\u0219ie - Puzzle copii, 24 piese - Roovi B2B","isPartOf":{"@id":"https:\/\/business.roovi.com\/ro\/#website"},"datePublished":"2018-04-16T10:56:17+00:00","dateModified":"2025-03-13T11:33:35+00:00","breadcrumb":{"@id":"https:\/\/www.roovi.ro\/super-puzzle-copii-24-piese-basme-scufita-rosie\/p\/#breadcrumb"},"inLanguage":"ro-RO","potentialAction":[{"@type":"ReadAction","target":["https:\/\/www.roovi.ro\/super-puzzle-copii-24-piese-basme-scufita-rosie\/p\/"]}]},{"@type":"BreadcrumbList","@id":"https:\/\/www.roovi.ro\/super-puzzle-copii-24-piese-basme-scufita-rosie\/p\/#breadcrumb","itemListElement":[{"@type":"ListItem","position":1,"name":"Home","item":"https:\/\/business.roovi.com\/ro\/"},{"@type":"ListItem","position":2,"name":"Magazin","item":"https:\/\/business.roovi.com\/ro\/magazin\/"},{"@type":"ListItem","position":3,"name":"Puzzle Scufi\u021ba Ro\u0219ie &#8211; Puzzle copii, 24 piese"}]},{"@type":"WebSite","@id":"https:\/\/business.roovi.com\/ro\/#website","url":"https:\/\/business.roovi.com\/ro\/","name":"Roovi B2B","description":"Roovi Business Website","potentialAction":[{"@type":"SearchAction","target":{"@type":"EntryPoint","urlTemplate":"https:\/\/business.roovi.com\/ro\/?s={search_term_string}"},"query-input":"required name=search_term_string"}],"inLanguage":"ro-RO"}]}},"_links":{"self":[{"href":"https:\/\/business.roovi.com\/ro\/wp-json\/wp\/v2\/product\/16167","targetHints":{"allow":["GET"]}}],"collection":[{"href":"https:\/\/business.roovi.com\/ro\/wp-json\/wp\/v2\/product"}],"about":[{"href":"https:\/\/business.roovi.com\/ro\/wp-json\/wp\/v2\/types\/product"}],"version-history":[{"count":0,"href":"https:\/\/business.roovi.com\/ro\/wp-json\/wp\/v2\/product\/16167\/revisions"}],"wp:featuredmedia":[{"embeddable":true,"href":"https:\/\/business.roovi.com\/ro\/wp-json\/wp\/v2\/media\/16163"}],"wp:attachment":[{"href":"https:\/\/business.roovi.com\/ro\/wp-json\/wp\/v2\/media?parent=16167"}],"wp:term":[{"taxonomy":"product_brand","embeddable":true,"href":"https:\/\/business.roovi.com\/ro\/wp-json\/wp\/v2\/product_brand?post=16167"},{"taxonomy":"product_cat","embeddable":true,"href":"https:\/\/business.roovi.com\/ro\/wp-json\/wp\/v2\/product_cat?post=16167"},{"taxonomy":"product_tag","embeddable":true,"href":"https:\/\/business.roovi.com\/ro\/wp-json\/wp\/v2\/product_tag?post=16167"}],"curies":[{"name":"wp","href":"https:\/\/api.w.org\/{rel}","templated":true}]}}