{"id":16182,"date":"2018-04-16T10:56:17","date_gmt":"2018-04-16T10:56:17","guid":{"rendered":"https:\/\/business.roovi.com\/product\/puzzle-locuri-celebre-1000-piese-3\/"},"modified":"2023-03-20T21:54:33","modified_gmt":"2023-03-20T21:54:33","slug":"puzzle-adulti-1000-piese-locuri-celebre-turnul-din-pisa","status":"publish","type":"product","link":"https:\/\/business.roovi.com\/ro\/puzzle-adulti-1000-piese-locuri-celebre-turnul-din-pisa\/p\/","title":{"rendered":"Puzzle adul\u021bi 1000 piese &#8211; Locuri Celebre &#8211; Turnul din Pisa"},"content":{"rendered":"<p><strong><em>Exploreaz\u0103 obiective turistice celebre din lume cu gama puzzle 1000 piese Locuri celebre.<\/em><\/strong><\/p>\n<p><span style=\"font-weight: 400;\">Unul dintre obiectivele cele mai renumite din Italia este Turnul \u00eenclinat din Pisa. Descoper\u0103 aceast\u0103 loca\u021bie inedit\u0103 prin intermediul unui joc puzzle cu design deosebit.\u00a0<\/span><\/p>\n<p><span style=\"font-weight: 400;\">Exist\u0103 mai multe turnuri \u00eenclinate \u00een lume, dar niciunul nu a reu\u0219it s\u0103-\u0219i capitalizeze defectul \u0219i s\u0103-l transforme \u00eentr-o atrac\u021bie turistic\u0103 pentru mii de turi\u0219ti precum Turnul din Pisa. Pentru unii, acesta eclipseaz\u0103 \u00een mod nejustificat alte edificii arhitecturale deosebite din zon\u0103, dar asta nu \u00eel face mai pu\u021bin popular \u0219i aproape oricine ajunge \u00een regiune \u00eel imortalizeaz\u0103 \u00een fotografii de neuitat.<\/span><\/p>\n<p><span style=\"font-weight: 400;\">Acum \u0219i tu po\u021bi avea o imagine a ineditei structuri creat\u0103 chiar de m\u00e2inile tale, \u00een confortul \u0219i spa\u021biul intim de acas\u0103. La final, te vei bucura s\u0103 admiri detalii impresionante \u00een tihn\u0103, ori de c\u00e2te ori vrei s\u0103 te rupi de grijile cotidiene.<\/span><\/p>\n<p><span style=\"font-weight: 400;\">Accept\u0103 a\u0219adar o provocare creativ\u0103. Pune cele 1000 piese puzzle \u00een ordinea potrivit\u0103 \u0219i recompune emblematicul turn \u00eenclinat. Pentru suportul pieselor, po\u021bi utiliza o m\u0103su\u021b\u0103 standard de cafea. Dimensiunea imaginii ref\u0103cute este de 68 x 47 cm, ideal\u0103 pentru a crea un tablou decorativ care va da personalitate unui spa\u021biu anost din casa ta.<\/span><\/p>\n<p><strong>De ce s\u0103 alegi un puzzle 1000 piese din colec\u021bia Locuri celebre<\/strong><strong>?<\/strong><\/p>\n<p><span style=\"font-weight: 400;\">Ai ocazia s\u0103 descoperi \u00eentr-un mod relaxant unele dintre cele mai deosebite loca\u021bii turistice, apreciate \u00een lumea \u00eentreag\u0103.<\/span><\/p>\n<p><span style=\"font-weight: 400;\">\u00ce\u021bi creezi cu m\u00e2inile tale un tablou fascinat pe care \u00eel po\u021bi admira \u00eendelung.<\/span><\/p>\n<p><span style=\"font-weight: 400;\">Fiecare puzzle 1000 piese este produs din carton de calitate superioar\u0103 care confer\u0103 durabilitate pieselor chiar \u0219i la utiliz\u0103ri multiple.<\/span><\/p>\n<p><span style=\"font-weight: 400;\">Este prietenos cu natura, fiind produs din materiale sustenabile \u0219i reciclabile.<\/span><\/p>\n<p><span style=\"font-weight: 400;\">Are finisaj semi-lucios \u0219i culori pl\u0103cute care scot \u00een eviden\u021b\u0103 frumuse\u021bea imaginii.<\/span><\/p>\n<p><span style=\"font-weight: 400;\">Este potrivit persoanelor peste 14 ani, deci po\u021bi s\u0103 provoci creativitatea adolescen\u021bilor.<\/span><\/p>\n<p><span style=\"font-weight: 400;\">Jocul puzzle \u00ee\u021bi solicit\u0103 intelectul, fiind un antrenament mental excelent.\u00a0<\/span><\/p>\n<p><span style=\"font-weight: 400;\">Men\u021bine coordonarea, mobilitatea fin\u0103 \u0219i dexteritatea.\u00a0<\/span><\/p>\n<p><span style=\"font-weight: 400;\">Contribuie la \u00eembun\u0103t\u0103\u021birea st\u0103rii de spirit \u0219i \u00ee\u021bi aduce satisfac\u021bia \u00eendeplinirii unui obiectiv precis.<\/span><\/p>\n<p><strong>\u0218tiai c\u0103\u2026?<\/strong><\/p>\n<p><span style=\"font-weight: 400;\">Construirea Turnului din Pisa a durat aproape 2 secole, a \u00eenceput \u00een 1173 \u0219i s-a finalizat \u00een 1399.<\/span><\/p>\n<p><span style=\"font-weight: 400;\">Turnul a fost proiectat pentru a servi drept clopotni\u021b\u0103 a Catedralei din Pisa.<\/span><\/p>\n<p><span style=\"font-weight: 400;\">De la baza turnului \u0219i p\u00e2n\u0103 la v\u00e2rf sunt 251 de trepte.<\/span><\/p>\n<p><span style=\"font-weight: 400;\">Dictatorul italian, Benito Mussolini a \u00eencercat s\u0103 \u00eendrepte cl\u0103direa pentru c\u0103 i se p\u0103rea c\u0103 p\u0103teaz\u0103 faima Italiei. Lucr\u0103rile lui nu au reu\u0219it dec\u00e2t s\u0103 amplifice \u00eenclinarea turnului.\u00a0<\/span><\/p>\n<p><span style=\"font-weight: 400;\">\u00cen 1944 armata america trebuia s\u0103 bombardeze tunul pentru<\/span><\/p>\n<p><span style=\"font-weight: 400;\">Avem \u0219i \u00een Rom\u00e2nia un turn \u00eenclinat, e drept nu la fel de \u00eenclinat precum cel din Pisa :). Este vorba de Turnul Trompe\u021bilor de la Media\u0219 care are <\/span><span style=\"font-weight: 400;\">o devia\u0163ie pe ax\u0103 de 2,28 metri.\u00a0<\/span><\/p>\n<p><strong>5 avantaje pe care \u021bi le ofer\u0103 completarea unui puzzle 1000 piese din colec\u021bia puzzle locuri celebre<\/strong><\/p>\n<p><span style=\"font-weight: 400;\">Te ajut\u0103 s\u0103 te concentrezi mai bine \u00een via\u021ba de zi cu zi.<\/span><\/p>\n<p><span style=\"font-weight: 400;\">\u00ce\u021bi antreneaz\u0103 ambele emisfere cerebrale \u0219i contribuie astfel la \u00eembun\u0103t\u0103\u021birea memoriei.<\/span><\/p>\n<p><span style=\"font-weight: 400;\">Te face s\u0103 te sim\u021bi un mic detectiv care caut\u0103 indicii, le pune cap la cap \u0219i rezolv\u0103 misterul unui obiectiv celebru.<\/span><\/p>\n<p><span style=\"font-weight: 400;\">Te ajut\u0103 s\u0103 intri \u00een conexiune cu tine \u00eensu\u021bi. E\u0219ti doar tu cu tine, concentrat pe o sarcin\u0103 precis\u0103 pe care o duci la bun sf\u00e2r\u0219it cu determinare.<\/span><\/p>\n<p><span style=\"font-weight: 400;\">\u00ee\u021bi \u00eembun\u0103t\u0103\u021be\u0219te ra\u021bionamentul vizual \u0219i spa\u021bial. Atunci c\u00e2nd faci un puzzle 1000 piese trebuie s\u0103 fii atent s\u0103 potrive\u0219ti fiecare pies\u0103 \u00een imaginea de ansamblu. Exers\u00e2nd, \u00ee\u021bi vei \u00eembun\u0103t\u0103\u021bi aceast\u0103 abilitate.<\/span><\/p>\n<p><span style=\"font-weight: 400;\">Puzzle 1000 piese Turnul din Pisa din colec\u021bia Locuri celebre poate fi un cadou ideal pe care s\u0103-l pui sub bradul de Cr\u0103ciun sau pe care s\u0103 \u00eel oferi la zile aniversare prietenilor pasiona\u021bi de jocuri puzzle.<\/span><\/p>\n<p>\u00a0<\/p>\n","protected":false},"excerpt":{"rendered":"<p>Exploreaz\u0103 obiective turistice celebre din lume cu gama puzzle 1000 piese Locuri celebre. Unul dintre obiectivele cele mai renumite din<\/p>\n","protected":false},"featured_media":16168,"template":"","meta":[],"product_brand":[],"product_cat":[1454,1488,1560],"product_tag":[],"class_list":{"0":"post-16182","1":"product","2":"type-product","3":"status-publish","4":"has-post-thumbnail","6":"product_cat-puzzle","7":"product_cat-puzzle-adulti","8":"product_cat-puzzle-adulti-1000","9":"pa_bax-1273","10":"pa_brand-d_toys","11":"pa_country_of_manufacture-ro","12":"pa_filter_age-1315","13":"pa_painter-famousplaces","14":"pa_tip_ambalaj-cutie","15":"pa_tip_puzzle-clasic","17":"first","18":"instock","19":"taxable","20":"shipping-taxable","21":"product-type-simple"},"yoast_head":"<!-- This site is optimized with the Yoast SEO plugin v20.1 - https:\/\/yoast.com\/wordpress\/plugins\/seo\/ -->\n<title>Puzzle adul\u021bi 1000 piese - Locuri Celebre - Turnul din Pisa - Roovi B2B<\/title>\n<meta name=\"robots\" content=\"index, follow, max-snippet:-1, max-image-preview:large, max-video-preview:-1\" \/>\n<link rel=\"canonical\" href=\"https:\/\/www.roovi.ro\/puzzle-adulti-1000-piese-locuri-celebre-turnul-din-pisa\/p\/\" \/>\n<meta property=\"og:locale\" content=\"ro_RO\" \/>\n<meta property=\"og:type\" content=\"article\" \/>\n<meta property=\"og:title\" content=\"Puzzle adul\u021bi 1000 piese - Locuri Celebre - Turnul din Pisa - Roovi B2B\" \/>\n<meta property=\"og:description\" content=\"Exploreaz\u0103 obiective turistice celebre din lume cu gama puzzle 1000 piese Locuri celebre. Unul dintre obiectivele cele mai renumite din\" \/>\n<meta property=\"og:url\" content=\"https:\/\/www.roovi.ro\/puzzle-adulti-1000-piese-locuri-celebre-turnul-din-pisa\/p\/\" \/>\n<meta property=\"og:site_name\" content=\"Roovi B2B\" \/>\n<meta property=\"article:publisher\" content=\"https:\/\/www.facebook.com\/wwwjucariero\" \/>\n<meta property=\"article:modified_time\" content=\"2023-03-20T21:54:33+00:00\" \/>\n<meta property=\"og:image\" content=\"https:\/\/business.roovi.com\/wp-content\/uploads\/2018\/04\/64288-03_ansamblu_dimensiuni_cutie_cm_vertical.png\" \/>\n\t<meta property=\"og:image:width\" content=\"2000\" \/>\n\t<meta property=\"og:image:height\" content=\"2000\" \/>\n\t<meta property=\"og:image:type\" content=\"image\/png\" \/>\n<meta name=\"twitter:label1\" content=\"Timp estimat pentru citire\" \/>\n\t<meta name=\"twitter:data1\" content=\"3 minute\" \/>\n<script type=\"application\/ld+json\" class=\"yoast-schema-graph\">{\"@context\":\"https:\/\/schema.org\",\"@graph\":[{\"@type\":\"WebPage\",\"@id\":\"https:\/\/business.roovi.com\/ro\/puzzle-adulti-1000-piese-locuri-celebre-turnul-din-pisa\/p\/\",\"url\":\"https:\/\/www.roovi.ro\/puzzle-adulti-1000-piese-locuri-celebre-turnul-din-pisa\/p\/\",\"name\":\"Puzzle adul\u021bi 1000 piese - Locuri Celebre - Turnul din Pisa - Roovi B2B\",\"isPartOf\":{\"@id\":\"https:\/\/business.roovi.com\/ro\/#website\"},\"datePublished\":\"2018-04-16T10:56:17+00:00\",\"dateModified\":\"2023-03-20T21:54:33+00:00\",\"breadcrumb\":{\"@id\":\"https:\/\/www.roovi.ro\/puzzle-adulti-1000-piese-locuri-celebre-turnul-din-pisa\/p\/#breadcrumb\"},\"inLanguage\":\"ro-RO\",\"potentialAction\":[{\"@type\":\"ReadAction\",\"target\":[\"https:\/\/www.roovi.ro\/puzzle-adulti-1000-piese-locuri-celebre-turnul-din-pisa\/p\/\"]}]},{\"@type\":\"BreadcrumbList\",\"@id\":\"https:\/\/www.roovi.ro\/puzzle-adulti-1000-piese-locuri-celebre-turnul-din-pisa\/p\/#breadcrumb\",\"itemListElement\":[{\"@type\":\"ListItem\",\"position\":1,\"name\":\"Home\",\"item\":\"https:\/\/business.roovi.com\/ro\/\"},{\"@type\":\"ListItem\",\"position\":2,\"name\":\"Magazin\",\"item\":\"https:\/\/business.roovi.com\/ro\/magazin\/\"},{\"@type\":\"ListItem\",\"position\":3,\"name\":\"Puzzle adul\u021bi 1000 piese &#8211; Locuri Celebre &#8211; Turnul din Pisa\"}]},{\"@type\":\"WebSite\",\"@id\":\"https:\/\/business.roovi.com\/ro\/#website\",\"url\":\"https:\/\/business.roovi.com\/ro\/\",\"name\":\"Roovi B2B\",\"description\":\"Roovi Business Website\",\"potentialAction\":[{\"@type\":\"SearchAction\",\"target\":{\"@type\":\"EntryPoint\",\"urlTemplate\":\"https:\/\/business.roovi.com\/ro\/?s={search_term_string}\"},\"query-input\":\"required name=search_term_string\"}],\"inLanguage\":\"ro-RO\"}]}<\/script>\n<!-- \/ Yoast SEO plugin. -->","yoast_head_json":{"title":"Puzzle adul\u021bi 1000 piese - Locuri Celebre - Turnul din Pisa - Roovi B2B","robots":{"index":"index","follow":"follow","max-snippet":"max-snippet:-1","max-image-preview":"max-image-preview:large","max-video-preview":"max-video-preview:-1"},"canonical":"https:\/\/www.roovi.ro\/puzzle-adulti-1000-piese-locuri-celebre-turnul-din-pisa\/p\/","og_locale":"ro_RO","og_type":"article","og_title":"Puzzle adul\u021bi 1000 piese - Locuri Celebre - Turnul din Pisa - Roovi B2B","og_description":"Exploreaz\u0103 obiective turistice celebre din lume cu gama puzzle 1000 piese Locuri celebre. Unul dintre obiectivele cele mai renumite din","og_url":"https:\/\/www.roovi.ro\/puzzle-adulti-1000-piese-locuri-celebre-turnul-din-pisa\/p\/","og_site_name":"Roovi B2B","article_publisher":"https:\/\/www.facebook.com\/wwwjucariero","article_modified_time":"2023-03-20T21:54:33+00:00","og_image":[{"width":2000,"height":2000,"url":"https:\/\/business.roovi.com\/wp-content\/uploads\/2018\/04\/64288-03_ansamblu_dimensiuni_cutie_cm_vertical.png","type":"image\/png"}],"twitter_misc":{"Timp estimat pentru citire":"3 minute"},"schema":{"@context":"https:\/\/schema.org","@graph":[{"@type":"WebPage","@id":"https:\/\/business.roovi.com\/ro\/puzzle-adulti-1000-piese-locuri-celebre-turnul-din-pisa\/p\/","url":"https:\/\/www.roovi.ro\/puzzle-adulti-1000-piese-locuri-celebre-turnul-din-pisa\/p\/","name":"Puzzle adul\u021bi 1000 piese - Locuri Celebre - Turnul din Pisa - Roovi B2B","isPartOf":{"@id":"https:\/\/business.roovi.com\/ro\/#website"},"datePublished":"2018-04-16T10:56:17+00:00","dateModified":"2023-03-20T21:54:33+00:00","breadcrumb":{"@id":"https:\/\/www.roovi.ro\/puzzle-adulti-1000-piese-locuri-celebre-turnul-din-pisa\/p\/#breadcrumb"},"inLanguage":"ro-RO","potentialAction":[{"@type":"ReadAction","target":["https:\/\/www.roovi.ro\/puzzle-adulti-1000-piese-locuri-celebre-turnul-din-pisa\/p\/"]}]},{"@type":"BreadcrumbList","@id":"https:\/\/www.roovi.ro\/puzzle-adulti-1000-piese-locuri-celebre-turnul-din-pisa\/p\/#breadcrumb","itemListElement":[{"@type":"ListItem","position":1,"name":"Home","item":"https:\/\/business.roovi.com\/ro\/"},{"@type":"ListItem","position":2,"name":"Magazin","item":"https:\/\/business.roovi.com\/ro\/magazin\/"},{"@type":"ListItem","position":3,"name":"Puzzle adul\u021bi 1000 piese &#8211; Locuri Celebre &#8211; Turnul din Pisa"}]},{"@type":"WebSite","@id":"https:\/\/business.roovi.com\/ro\/#website","url":"https:\/\/business.roovi.com\/ro\/","name":"Roovi B2B","description":"Roovi Business Website","potentialAction":[{"@type":"SearchAction","target":{"@type":"EntryPoint","urlTemplate":"https:\/\/business.roovi.com\/ro\/?s={search_term_string}"},"query-input":"required name=search_term_string"}],"inLanguage":"ro-RO"}]}},"_links":{"self":[{"href":"https:\/\/business.roovi.com\/ro\/wp-json\/wp\/v2\/product\/16182","targetHints":{"allow":["GET"]}}],"collection":[{"href":"https:\/\/business.roovi.com\/ro\/wp-json\/wp\/v2\/product"}],"about":[{"href":"https:\/\/business.roovi.com\/ro\/wp-json\/wp\/v2\/types\/product"}],"version-history":[{"count":0,"href":"https:\/\/business.roovi.com\/ro\/wp-json\/wp\/v2\/product\/16182\/revisions"}],"wp:featuredmedia":[{"embeddable":true,"href":"https:\/\/business.roovi.com\/ro\/wp-json\/wp\/v2\/media\/16168"}],"wp:attachment":[{"href":"https:\/\/business.roovi.com\/ro\/wp-json\/wp\/v2\/media?parent=16182"}],"wp:term":[{"taxonomy":"product_brand","embeddable":true,"href":"https:\/\/business.roovi.com\/ro\/wp-json\/wp\/v2\/product_brand?post=16182"},{"taxonomy":"product_cat","embeddable":true,"href":"https:\/\/business.roovi.com\/ro\/wp-json\/wp\/v2\/product_cat?post=16182"},{"taxonomy":"product_tag","embeddable":true,"href":"https:\/\/business.roovi.com\/ro\/wp-json\/wp\/v2\/product_tag?post=16182"}],"curies":[{"name":"wp","href":"https:\/\/api.w.org\/{rel}","templated":true}]}}