{"id":16197,"date":"2018-04-16T10:56:17","date_gmt":"2018-04-16T10:56:17","guid":{"rendered":"https:\/\/business.roovi.com\/product\/puzzle-locuri-celebre-1000-piese-4\/"},"modified":"2025-03-18T09:40:20","modified_gmt":"2025-03-18T09:40:20","slug":"puzzle-adulti-1000-piese-locuri-celebre-amsterdam","status":"publish","type":"product","link":"https:\/\/business.roovi.com\/ro\/puzzle-adulti-1000-piese-locuri-celebre-amsterdam\/p\/","title":{"rendered":"Puzzle adul\u021bi 1000 piese &#8211; Locuri Celebre &#8211; Amsterdam"},"content":{"rendered":"<p><strong><em>Jocurile puzzle sunt o aventur\u0103 exploratorie pentru mintea ta? Descoper\u0103 gama puzzle 1000 piese Locuri celebre \u0219i f\u0103 un tur prin multe atrac\u021bii turistice emblematice din lume.<\/em><\/strong><\/p>\n<p><span style=\"font-weight: 400;\">Puzzle 1000 piese Amsterdam red\u0103 imaginea unui obiectiv reprezentativ al capitalei olandeze: replica unei nave din secolul al XVIII-lea apar\u021bin\u00e2nd companiei Indiile de Est.<\/span><\/p>\n<p><span style=\"font-weight: 400;\">Utilizat\u0103 ca nav\u0103 comercial\u0103, nava Amsterdam \u0219i-a \u00eenceput c\u0103l\u0103toria \u00een 1749. La doar 9 luni distan\u021b\u0103 a fost distrus\u0103 de o furtun\u0103 \u00een Marea Nordului. Replica navei construite \u00eentre 1985-1990 poate fi admirat\u0103 la Muzeul Maritim din Amsterdam.<\/span><\/p>\n<p><span style=\"font-weight: 400;\">Imagineaz\u0103-\u021bi c\u0103 e\u0219ti tu arhitectul acestei nave impresionante pe care o creezi din 1000 piese puzzle. Apoi admiri \u00eendelung o capodoper\u0103 m\u0103iastr\u0103 care te poart\u0103 \u00een timpuri str\u0103vechi, pe vremea c\u00e2nd transportul de m\u0103rfuri dura luni de zile, iar navele nu ajungeau \u00eentotdeauna tefere la destina\u021bia stabilit\u0103.<\/span><\/p>\n<p><strong>De ce s\u0103 alegi puzzle 1000 piese Amsterdam din colec\u021bia puzzle Locuri celebre?<\/strong><\/p>\n<p><span style=\"font-weight: 400;\">Este o modalitate relaxant\u0103 pentru a descoperi una dintre cele mai deosebite atrac\u021bii turistice din Amsterdam.<\/span><\/p>\n<p><span style=\"font-weight: 400;\">\u00ce\u021bi creezi cu m\u00e2inile tale un tablou fascinant de dimensiunile 68 x 47 cm cu care \u00ee\u021bi po\u021bi decora locuin\u021ba.<\/span><\/p>\n<p><span style=\"font-weight: 400;\">Fiecare puzzle 1000 piese este produs din carton de calitate superioar\u0103 care confer\u0103 durabilitate pieselor chiar \u0219i la utiliz\u0103ri multiple.<\/span><\/p>\n<p><span style=\"font-weight: 400;\">Este prietenos cu natura, fiind produs din materiale sustenabile \u0219i reciclabile.<\/span><\/p>\n<p><span style=\"font-weight: 400;\">Are finisaj semi-lucios \u0219i culori pl\u0103cute care scot \u00een eviden\u021b\u0103 claritatea imaginii.<\/span><\/p>\n<p><span style=\"font-weight: 400;\">Este potrivit persoanelor peste 14 ani, deci po\u021bi s\u0103 provoci creativitatea adolescen\u021bilor cu un joc puzzle deosebit.<\/span><\/p>\n<p><span style=\"font-weight: 400;\">Jocul puzzle \u00ee\u021bi solicit\u0103 intelectul, fiind un antrenament mental excelent.\u00a0<\/span><\/p>\n<p><span style=\"font-weight: 400;\">Te ajut\u0103 s\u0103-\u021bi men\u021bii coordonarea \u0219i capacitatea de concentrare pentru un timp \u00eendelungat.\u00a0<\/span><\/p>\n<p><span style=\"font-weight: 400;\">Contribuie la \u00eembun\u0103t\u0103\u021birea st\u0103rii de spirit \u0219i \u00ee\u021bi aduce satisfac\u021bia \u00eendeplinirii unui obiectiv precis.<\/span><\/p>\n<p><strong>\u0218tiai c\u0103\u2026?<\/strong><\/p>\n<p><span style=\"font-weight: 400;\">Nava Amsterdam a fost construit\u0103 din lemn de stejar.<\/span><\/p>\n<p><span style=\"font-weight: 400;\">\u00cen 1969 epava navei a fost descoperit\u0103 \u00een <\/span><span style=\"font-weight: 400;\">Bulverhythe Bay din Marea Britanie \u0219i c\u00e2teodat\u0103 este vizibil\u0103 la reflux.<\/span><\/p>\n<p><span style=\"font-weight: 400;\">Nava transporta marf\u0103 \u0219i cufere cu monede de argint care \u00een zilele noastre ar valora c\u00e2teva milioane de euro.<\/span><\/p>\n<p><span style=\"font-weight: 400;\">\u00cen ora\u0219ul Amsterdam exist\u0103 aproximativ 400 de muzee \u0219i galerii de art\u0103. Printre acestea se num\u0103r\u0103 \u0219i unele mai neobi\u0219nuite, precum Muzeul Sexului, al Ha\u0219i\u0219ului sau al Torturii.<\/span><\/p>\n<p><strong>Puzzle 1000 piese Amsterdam pentru o minte relaxat\u0103 \u0219i antrenat\u0103<\/strong><span style=\"font-weight: 400;\">\u00a0<\/span><\/p>\n<p><span style=\"font-weight: 400;\">Atunci c\u00e2nd asamblezi un puzzle 1000 piese, mintea ta este extrem de concentrat\u0103 pe un scop precis \u0219i atent\u0103 s\u0103 nu-i scape niciun detaliu, oric\u00e2t de mic. Pe m\u0103sur\u0103 ce tabloul din puzzle 1000 piese prinde contur, devii tot mai motivat s\u0103 duci sarcina la bun sf\u00e2r\u0219it. \u00cen acela\u0219i timp, te relaxezi \u0219i de deta\u0219ezi de la orice problem\u0103 cotidian\u0103.<\/span><\/p>\n<p><span style=\"font-weight: 400;\">Astfel, c\u00e2nd lipe\u0219ti ultima pies\u0103 puzzle care \u00eentrege\u0219te imaginea, e\u0219ti cuprins de un sentiment de satisfac\u021bie uimitoare \u0219i-\u021bi dore\u0219ti s\u0103 retr\u0103ie\u0219ti experien\u021ba de mai multe ori. Cu fiecare joc puzzle asamblat, creierul t\u0103u este mai antrenat \u0219i memoria mai ascu\u021bit\u0103.<\/span><\/p>\n<p><span style=\"font-weight: 400;\">Puzzle 1000 piese Amsterdam din colec\u021bia puzzle adul\u021bi &#8211; Locuri celebre poate fi \u0219i un prilej de a petrece timpul liber \u00een mod creativ al\u0103turi de familie sau de prieteni. Oricare variant\u0103 preferi, puzzle 1000 piese Amsterdam este jocul puzzle perfect ce nu trebuie s\u0103-\u021bi lipseasc\u0103 din cas\u0103.<\/span><\/p>\n","protected":false},"excerpt":{"rendered":"<p>Jocurile puzzle sunt o aventur\u0103 exploratorie pentru mintea ta? Descoper\u0103 gama puzzle 1000 piese Locuri celebre \u0219i f\u0103 un tur<\/p>\n","protected":false},"featured_media":16183,"template":"","meta":[],"product_brand":[],"product_cat":[1454,1488,1560],"product_tag":[],"class_list":{"0":"post-16197","1":"product","2":"type-product","3":"status-publish","4":"has-post-thumbnail","6":"product_cat-puzzle","7":"product_cat-puzzle-adulti","8":"product_cat-puzzle-adulti-1000","9":"pa_bax-1273","10":"pa_brand-d_toys","11":"pa_country_of_manufacture-ro","12":"pa_filter_age-1315","13":"pa_painter-famousplaces","14":"pa_tip_ambalaj-cutie","15":"pa_tip_puzzle-clasic","17":"first","18":"instock","19":"taxable","20":"shipping-taxable","21":"product-type-simple"},"yoast_head":"<!-- This site is optimized with the Yoast SEO plugin v20.1 - https:\/\/yoast.com\/wordpress\/plugins\/seo\/ -->\n<title>Puzzle adul\u021bi 1000 piese - Locuri Celebre - Amsterdam - Roovi B2B<\/title>\n<meta name=\"robots\" content=\"index, follow, max-snippet:-1, max-image-preview:large, max-video-preview:-1\" \/>\n<link rel=\"canonical\" href=\"https:\/\/www.roovi.ro\/puzzle-adulti-1000-piese-locuri-celebre-amsterdam\/p\/\" \/>\n<meta property=\"og:locale\" content=\"ro_RO\" \/>\n<meta property=\"og:type\" content=\"article\" \/>\n<meta property=\"og:title\" content=\"Puzzle adul\u021bi 1000 piese - Locuri Celebre - Amsterdam - Roovi B2B\" \/>\n<meta property=\"og:description\" content=\"Jocurile puzzle sunt o aventur\u0103 exploratorie pentru mintea ta? Descoper\u0103 gama puzzle 1000 piese Locuri celebre \u0219i f\u0103 un tur\" \/>\n<meta property=\"og:url\" content=\"https:\/\/www.roovi.ro\/puzzle-adulti-1000-piese-locuri-celebre-amsterdam\/p\/\" \/>\n<meta property=\"og:site_name\" content=\"Roovi B2B\" \/>\n<meta property=\"article:publisher\" content=\"https:\/\/www.facebook.com\/wwwjucariero\" \/>\n<meta property=\"article:modified_time\" content=\"2025-03-18T09:40:20+00:00\" \/>\n<meta property=\"og:image\" content=\"https:\/\/business.roovi.com\/wp-content\/uploads\/2018\/04\/64288-04-ansamblu_dimensiuni-cutie-cm_vertical_1.png\" \/>\n\t<meta property=\"og:image:width\" content=\"1200\" \/>\n\t<meta property=\"og:image:height\" content=\"1200\" \/>\n\t<meta property=\"og:image:type\" content=\"image\/png\" \/>\n<meta name=\"twitter:label1\" content=\"Timp estimat pentru citire\" \/>\n\t<meta name=\"twitter:data1\" content=\"3 minute\" \/>\n<script type=\"application\/ld+json\" class=\"yoast-schema-graph\">{\"@context\":\"https:\/\/schema.org\",\"@graph\":[{\"@type\":\"WebPage\",\"@id\":\"https:\/\/business.roovi.com\/ro\/puzzle-adulti-1000-piese-locuri-celebre-amsterdam\/p\/\",\"url\":\"https:\/\/www.roovi.ro\/puzzle-adulti-1000-piese-locuri-celebre-amsterdam\/p\/\",\"name\":\"Puzzle adul\u021bi 1000 piese - Locuri Celebre - Amsterdam - Roovi B2B\",\"isPartOf\":{\"@id\":\"https:\/\/business.roovi.com\/ro\/#website\"},\"datePublished\":\"2018-04-16T10:56:17+00:00\",\"dateModified\":\"2025-03-18T09:40:20+00:00\",\"breadcrumb\":{\"@id\":\"https:\/\/www.roovi.ro\/puzzle-adulti-1000-piese-locuri-celebre-amsterdam\/p\/#breadcrumb\"},\"inLanguage\":\"ro-RO\",\"potentialAction\":[{\"@type\":\"ReadAction\",\"target\":[\"https:\/\/www.roovi.ro\/puzzle-adulti-1000-piese-locuri-celebre-amsterdam\/p\/\"]}]},{\"@type\":\"BreadcrumbList\",\"@id\":\"https:\/\/www.roovi.ro\/puzzle-adulti-1000-piese-locuri-celebre-amsterdam\/p\/#breadcrumb\",\"itemListElement\":[{\"@type\":\"ListItem\",\"position\":1,\"name\":\"Home\",\"item\":\"https:\/\/business.roovi.com\/ro\/\"},{\"@type\":\"ListItem\",\"position\":2,\"name\":\"Magazin\",\"item\":\"https:\/\/business.roovi.com\/ro\/magazin\/\"},{\"@type\":\"ListItem\",\"position\":3,\"name\":\"Puzzle adul\u021bi 1000 piese &#8211; Locuri Celebre &#8211; Amsterdam\"}]},{\"@type\":\"WebSite\",\"@id\":\"https:\/\/business.roovi.com\/ro\/#website\",\"url\":\"https:\/\/business.roovi.com\/ro\/\",\"name\":\"Roovi B2B\",\"description\":\"Roovi Business Website\",\"potentialAction\":[{\"@type\":\"SearchAction\",\"target\":{\"@type\":\"EntryPoint\",\"urlTemplate\":\"https:\/\/business.roovi.com\/ro\/?s={search_term_string}\"},\"query-input\":\"required name=search_term_string\"}],\"inLanguage\":\"ro-RO\"}]}<\/script>\n<!-- \/ Yoast SEO plugin. -->","yoast_head_json":{"title":"Puzzle adul\u021bi 1000 piese - Locuri Celebre - Amsterdam - Roovi B2B","robots":{"index":"index","follow":"follow","max-snippet":"max-snippet:-1","max-image-preview":"max-image-preview:large","max-video-preview":"max-video-preview:-1"},"canonical":"https:\/\/www.roovi.ro\/puzzle-adulti-1000-piese-locuri-celebre-amsterdam\/p\/","og_locale":"ro_RO","og_type":"article","og_title":"Puzzle adul\u021bi 1000 piese - Locuri Celebre - Amsterdam - Roovi B2B","og_description":"Jocurile puzzle sunt o aventur\u0103 exploratorie pentru mintea ta? Descoper\u0103 gama puzzle 1000 piese Locuri celebre \u0219i f\u0103 un tur","og_url":"https:\/\/www.roovi.ro\/puzzle-adulti-1000-piese-locuri-celebre-amsterdam\/p\/","og_site_name":"Roovi B2B","article_publisher":"https:\/\/www.facebook.com\/wwwjucariero","article_modified_time":"2025-03-18T09:40:20+00:00","og_image":[{"width":1200,"height":1200,"url":"https:\/\/business.roovi.com\/wp-content\/uploads\/2018\/04\/64288-04-ansamblu_dimensiuni-cutie-cm_vertical_1.png","type":"image\/png"}],"twitter_misc":{"Timp estimat pentru citire":"3 minute"},"schema":{"@context":"https:\/\/schema.org","@graph":[{"@type":"WebPage","@id":"https:\/\/business.roovi.com\/ro\/puzzle-adulti-1000-piese-locuri-celebre-amsterdam\/p\/","url":"https:\/\/www.roovi.ro\/puzzle-adulti-1000-piese-locuri-celebre-amsterdam\/p\/","name":"Puzzle adul\u021bi 1000 piese - Locuri Celebre - Amsterdam - Roovi B2B","isPartOf":{"@id":"https:\/\/business.roovi.com\/ro\/#website"},"datePublished":"2018-04-16T10:56:17+00:00","dateModified":"2025-03-18T09:40:20+00:00","breadcrumb":{"@id":"https:\/\/www.roovi.ro\/puzzle-adulti-1000-piese-locuri-celebre-amsterdam\/p\/#breadcrumb"},"inLanguage":"ro-RO","potentialAction":[{"@type":"ReadAction","target":["https:\/\/www.roovi.ro\/puzzle-adulti-1000-piese-locuri-celebre-amsterdam\/p\/"]}]},{"@type":"BreadcrumbList","@id":"https:\/\/www.roovi.ro\/puzzle-adulti-1000-piese-locuri-celebre-amsterdam\/p\/#breadcrumb","itemListElement":[{"@type":"ListItem","position":1,"name":"Home","item":"https:\/\/business.roovi.com\/ro\/"},{"@type":"ListItem","position":2,"name":"Magazin","item":"https:\/\/business.roovi.com\/ro\/magazin\/"},{"@type":"ListItem","position":3,"name":"Puzzle adul\u021bi 1000 piese &#8211; Locuri Celebre &#8211; Amsterdam"}]},{"@type":"WebSite","@id":"https:\/\/business.roovi.com\/ro\/#website","url":"https:\/\/business.roovi.com\/ro\/","name":"Roovi B2B","description":"Roovi Business Website","potentialAction":[{"@type":"SearchAction","target":{"@type":"EntryPoint","urlTemplate":"https:\/\/business.roovi.com\/ro\/?s={search_term_string}"},"query-input":"required name=search_term_string"}],"inLanguage":"ro-RO"}]}},"_links":{"self":[{"href":"https:\/\/business.roovi.com\/ro\/wp-json\/wp\/v2\/product\/16197","targetHints":{"allow":["GET"]}}],"collection":[{"href":"https:\/\/business.roovi.com\/ro\/wp-json\/wp\/v2\/product"}],"about":[{"href":"https:\/\/business.roovi.com\/ro\/wp-json\/wp\/v2\/types\/product"}],"version-history":[{"count":0,"href":"https:\/\/business.roovi.com\/ro\/wp-json\/wp\/v2\/product\/16197\/revisions"}],"wp:featuredmedia":[{"embeddable":true,"href":"https:\/\/business.roovi.com\/ro\/wp-json\/wp\/v2\/media\/16183"}],"wp:attachment":[{"href":"https:\/\/business.roovi.com\/ro\/wp-json\/wp\/v2\/media?parent=16197"}],"wp:term":[{"taxonomy":"product_brand","embeddable":true,"href":"https:\/\/business.roovi.com\/ro\/wp-json\/wp\/v2\/product_brand?post=16197"},{"taxonomy":"product_cat","embeddable":true,"href":"https:\/\/business.roovi.com\/ro\/wp-json\/wp\/v2\/product_cat?post=16197"},{"taxonomy":"product_tag","embeddable":true,"href":"https:\/\/business.roovi.com\/ro\/wp-json\/wp\/v2\/product_tag?post=16197"}],"curies":[{"name":"wp","href":"https:\/\/api.w.org\/{rel}","templated":true}]}}