{"id":16212,"date":"2018-04-16T10:56:17","date_gmt":"2018-04-16T10:56:17","guid":{"rendered":"https:\/\/business.roovi.com\/product\/puzzle-locuri-celebre-1000-piese-6\/"},"modified":"2023-03-20T21:54:27","modified_gmt":"2023-03-20T21:54:27","slug":"puzzle-adulti-1000-piese-locuri-celebre-sagrada-familia","status":"publish","type":"product","link":"https:\/\/business.roovi.com\/ro\/puzzle-adulti-1000-piese-locuri-celebre-sagrada-familia\/p\/","title":{"rendered":"Puzzle adul\u021bi 1000 piese &#8211; Locuri Celebre &#8211; Sagrada Familia"},"content":{"rendered":"<p><strong><em>Cau\u021bi un cadou deosebit sau poate vrei s\u0103 alungi plictiseala zilelor mohor\u00e2te? Mergi la sigur cu puzzle 1000 piese din colec\u021bia Locuri celebre!\u00a0<\/em><\/strong><\/p>\n<p><span style=\"font-weight: 400;\">Sagrada Familia \u00ee\u021bi taie respira\u021bia \u0219i atunci c\u00e2nd o vezi pe viu, \u0219i atunci c\u00e2nd o prive\u0219ti \u00eentr-o imagine impecabil\u0103 precum cea din puzzle 1000 piese din colec\u021bia Locuri celebre. Cu mult\u0103 dedicare \u0219i m\u0103iestrie ai ocazia \u0219i \u00eentrege\u0219ti dintr-un joc puzzle de excep\u021bie imaginea celebrei catedrale catalane.<\/span><\/p>\n<p><span style=\"font-weight: 400;\">Arhitectul\u00a0 <\/span><span style=\"font-weight: 400;\">Antonio Gaudi \u0219i-a dedicat ultimii 15 ani din via\u021b\u0103 exclusiv acestui proiect, dar nu a reu\u0219it s\u0103-l finalizeze. \u00cenc\u0103 se lucreaz\u0103 la aceast\u0103 capodoper\u0103, iar arhitec\u021bii implica\u021bi \u00een proiect sper\u0103 s\u0103 o finalizeze \u00een anul 2026 c\u00e2nd se \u00eemplinesc 100 de ani de la moartea lui Gaudi.<\/span><\/p>\n<p><span style=\"font-weight: 400;\">\u00cen primii ani de construc\u021bie, Gaudi a \u00eenfiin\u021bat aici o \u0219coal\u0103 pe care o frecventau copiii muncitorilor care lucrau la Sagrada Familia. \u00cen prezent, aceasta g\u0103zduie\u0219te o expozi\u021bie despre faimoasa catedral\u0103.<\/span><\/p>\n<p><span style=\"font-weight: 400;\">Pune pies\u0103 l\u00e2ng\u0103 pies\u0103 \u0219i f\u0103ure\u0219te din 1000 de buc\u0103\u021bi t\u0103iate perfect un tablou uimitor al acestui obiectiv emblematic din Barcelona. C\u00e2nd tabloul este gata, po\u021bi admira \u00eendelung o capodoper\u0103 cum nu exist\u0103 alta \u00een lume, creat\u0103 prin combinarea stilurilor gotic \u0219i art nouveau.<\/span><\/p>\n<p><strong>De ce s\u0103 alegi un puzzle 1000 piese din colec\u021bia locuri celebre?<\/strong><\/p>\n<p><span style=\"font-weight: 400;\">Un puzzle 1000 piese este o modalitate original\u0103 prin care po\u021bi descoperi frumuse\u021bea \u0219i unicitatea unui obiectiv celebru din lume.<\/span><\/p>\n<p><span style=\"font-weight: 400;\">Ob\u021bii un tablou fascinat de dimensiunile 68 x 47 cm care va da personalitate oric\u0103rui loc anost din casa ta.<\/span><\/p>\n<p><span style=\"font-weight: 400;\">Fiecare puzzle 1000 piese este produs din carton de calitate superioar\u0103 care confer\u0103 durabilitate pieselor chiar \u0219i la utiliz\u0103ri multiple.<\/span><\/p>\n<p><span style=\"font-weight: 400;\">Este prietenos cu natura, fiind produs din materiale sustenabile \u0219i reciclabile.<\/span><\/p>\n<p><span style=\"font-weight: 400;\">Are finisaj semi-lucios \u0219i culori pl\u0103cute care scot \u00een eviden\u021b\u0103 claritatea imaginii.<\/span><\/p>\n<p><span style=\"font-weight: 400;\">Este potrivit persoanelor peste 14 ani, fiind un prilej de a petrece timp de calitate al\u0103turi de adolescen\u021bi.<\/span><\/p>\n<p><span style=\"font-weight: 400;\">Este un excelent antrenament pentru creier, ajut\u00e2nd la \u00eembun\u0103t\u0103\u021birea memoriei.<\/span><\/p>\n<p><span style=\"font-weight: 400;\">Te ajut\u0103 s\u0103-\u021bi men\u021bii coordonarea \u0219i capacitatea de concentrare pentru un timp \u00eendelungat.\u00a0<\/span><\/p>\n<p><span style=\"font-weight: 400;\">\u00ce\u021bi creeaz\u0103 o stare de spirit excelent\u0103 \u0219i-\u021bi aduce satisfac\u021bia \u00eendeplinirii unui obiectiv precis.<\/span><\/p>\n<p><strong>\u0218tiai c\u0103\u2026?<\/strong><\/p>\n<p><span style=\"font-weight: 400;\">Sagrada Familia va avea 18 turnuri. Momentan sunt finalizate doar 9, cel mai \u00eenalt av\u00e2nd 138 metri.<\/span><\/p>\n<p><span style=\"font-weight: 400;\">A fost construit\u0103 exclusiv din dona\u021bii, a\u0219a cum \u0219i-a dorit Gaudi \u0219i de aceea dureaz\u0103 at\u00e2t de mult finalizarea ei.<\/span><\/p>\n<p><span style=\"font-weight: 400;\">\u00cen timpul R\u0103zboiului Civil din 1936 multe din schi\u021bele \u0219i planurile lui Gaudi au fost distruse. Acestea au fost reconstituite, dar mul\u021bi sunt de p\u0103rere c\u0103, la finalizare, Sagrada Familia nu va ar\u0103ta cum \u0219i-o imaginase creatorul ei.<\/span><\/p>\n<p><span style=\"font-weight: 400;\">Gaudi considera c\u0103 Sagrada Familia era planul divin pe care Dumnezeu \u00eel avea cu el \u0219i i-a dedicat 40 de ani din cariera sa.<\/span><\/p>\n<p><strong>Puzzle 1000 piese Sagrada Familia te deconecteaz\u0103 de la ecrane<\/strong><\/p>\n<p><span style=\"font-weight: 400;\">Vrei s\u0103 stai mai mult timp departe de ecrane, dar cum \u00ee\u021bi aminte\u0219ti de telefonul mobil p\u0103\u0219e\u0219ti \u00een lumea virtual\u0103? Puzzle 1000 piese cu imaginea Sagrada Familia te conecteaz\u0103 cu tine \u00eensu\u021bi \u0219i te \u00eendep\u0103rteaz\u0103 de tenta\u021biile virtuale. Odat\u0103 ce reu\u0219e\u0219ti s\u0103 completezi imaginea, experimentezi o stare de mul\u021bumire de sine de neegalat \u0219i-\u021bi dore\u0219ti s\u0103 o retr\u0103ie\u0219ti iar \u0219i iar.<\/span><\/p>\n<p><span style=\"font-weight: 400;\">Po\u021bi s\u0103 \u00eei aduci \u00een acest plan minunat \u0219i pe cei dragi \u021bie. Organizeaz\u0103 sesiuni de puzzle \u00eempreun\u0103 cu copiii sau cu prietenii \u0219i bucur\u0103-te de socializare veritabil\u0103 \u00een compania oamenilor reali.\u00a0<\/span><\/p>\n<p><span style=\"font-weight: 400;\">Alege puzzle 1000 piese Sagrada Familia din colec\u021bia jocuri puzzle imagini din locuri celebre pentru momentele \u00een care e\u0219ti dornic de provoc\u0103ri mentale sau ofer\u0103-l \u00een dar prietenilor pasiona\u021bi de jocuri puzzle cu diverse ocazii de s\u0103rb\u0103toare.<\/span><\/p>\n<p>\u00a0<\/p>\n","protected":false},"excerpt":{"rendered":"<p>Cau\u021bi un cadou deosebit sau poate vrei s\u0103 alungi plictiseala zilelor mohor\u00e2te? Mergi la sigur cu puzzle 1000 piese din<\/p>\n","protected":false},"featured_media":16198,"template":"","meta":[],"product_brand":[],"product_cat":[1454,1488,1560],"product_tag":[],"class_list":{"0":"post-16212","1":"product","2":"type-product","3":"status-publish","4":"has-post-thumbnail","6":"product_cat-puzzle","7":"product_cat-puzzle-adulti","8":"product_cat-puzzle-adulti-1000","9":"pa_bax-1273","10":"pa_brand-d_toys","11":"pa_country_of_manufacture-ro","12":"pa_filter_age-1315","13":"pa_painter-famousplaces","14":"pa_tip_ambalaj-cutie","15":"pa_tip_puzzle-clasic","17":"first","18":"instock","19":"taxable","20":"shipping-taxable","21":"product-type-simple"},"yoast_head":"<!-- This site is optimized with the Yoast SEO plugin v20.1 - https:\/\/yoast.com\/wordpress\/plugins\/seo\/ -->\n<title>Puzzle adul\u021bi 1000 piese - Locuri Celebre - Sagrada Familia - Roovi B2B<\/title>\n<meta name=\"robots\" content=\"index, follow, max-snippet:-1, max-image-preview:large, max-video-preview:-1\" \/>\n<link rel=\"canonical\" href=\"https:\/\/www.roovi.ro\/puzzle-adulti-1000-piese-locuri-celebre-sagrada-familia\/p\/\" \/>\n<meta property=\"og:locale\" content=\"ro_RO\" \/>\n<meta property=\"og:type\" content=\"article\" \/>\n<meta property=\"og:title\" content=\"Puzzle adul\u021bi 1000 piese - Locuri Celebre - Sagrada Familia - Roovi B2B\" \/>\n<meta property=\"og:description\" content=\"Cau\u021bi un cadou deosebit sau poate vrei s\u0103 alungi plictiseala zilelor mohor\u00e2te? Mergi la sigur cu puzzle 1000 piese din\" \/>\n<meta property=\"og:url\" content=\"https:\/\/www.roovi.ro\/puzzle-adulti-1000-piese-locuri-celebre-sagrada-familia\/p\/\" \/>\n<meta property=\"og:site_name\" content=\"Roovi B2B\" \/>\n<meta property=\"article:publisher\" content=\"https:\/\/www.facebook.com\/wwwjucariero\" \/>\n<meta property=\"article:modified_time\" content=\"2023-03-20T21:54:27+00:00\" \/>\n<meta property=\"og:image\" content=\"https:\/\/business.roovi.com\/wp-content\/uploads\/2018\/04\/64288-06-ansamblu_dimensiuni-cutie-cm_vertical_1.png\" \/>\n\t<meta property=\"og:image:width\" content=\"1200\" \/>\n\t<meta property=\"og:image:height\" content=\"1200\" \/>\n\t<meta property=\"og:image:type\" content=\"image\/png\" \/>\n<meta name=\"twitter:label1\" content=\"Timp estimat pentru citire\" \/>\n\t<meta name=\"twitter:data1\" content=\"3 minute\" \/>\n<script type=\"application\/ld+json\" class=\"yoast-schema-graph\">{\"@context\":\"https:\/\/schema.org\",\"@graph\":[{\"@type\":\"WebPage\",\"@id\":\"https:\/\/business.roovi.com\/ro\/puzzle-adulti-1000-piese-locuri-celebre-sagrada-familia\/p\/\",\"url\":\"https:\/\/www.roovi.ro\/puzzle-adulti-1000-piese-locuri-celebre-sagrada-familia\/p\/\",\"name\":\"Puzzle adul\u021bi 1000 piese - Locuri Celebre - Sagrada Familia - Roovi B2B\",\"isPartOf\":{\"@id\":\"https:\/\/business.roovi.com\/ro\/#website\"},\"datePublished\":\"2018-04-16T10:56:17+00:00\",\"dateModified\":\"2023-03-20T21:54:27+00:00\",\"breadcrumb\":{\"@id\":\"https:\/\/www.roovi.ro\/puzzle-adulti-1000-piese-locuri-celebre-sagrada-familia\/p\/#breadcrumb\"},\"inLanguage\":\"ro-RO\",\"potentialAction\":[{\"@type\":\"ReadAction\",\"target\":[\"https:\/\/www.roovi.ro\/puzzle-adulti-1000-piese-locuri-celebre-sagrada-familia\/p\/\"]}]},{\"@type\":\"BreadcrumbList\",\"@id\":\"https:\/\/www.roovi.ro\/puzzle-adulti-1000-piese-locuri-celebre-sagrada-familia\/p\/#breadcrumb\",\"itemListElement\":[{\"@type\":\"ListItem\",\"position\":1,\"name\":\"Home\",\"item\":\"https:\/\/business.roovi.com\/ro\/\"},{\"@type\":\"ListItem\",\"position\":2,\"name\":\"Magazin\",\"item\":\"https:\/\/business.roovi.com\/ro\/magazin\/\"},{\"@type\":\"ListItem\",\"position\":3,\"name\":\"Puzzle adul\u021bi 1000 piese &#8211; Locuri Celebre &#8211; Sagrada Familia\"}]},{\"@type\":\"WebSite\",\"@id\":\"https:\/\/business.roovi.com\/ro\/#website\",\"url\":\"https:\/\/business.roovi.com\/ro\/\",\"name\":\"Roovi B2B\",\"description\":\"Roovi Business Website\",\"potentialAction\":[{\"@type\":\"SearchAction\",\"target\":{\"@type\":\"EntryPoint\",\"urlTemplate\":\"https:\/\/business.roovi.com\/ro\/?s={search_term_string}\"},\"query-input\":\"required name=search_term_string\"}],\"inLanguage\":\"ro-RO\"}]}<\/script>\n<!-- \/ Yoast SEO plugin. -->","yoast_head_json":{"title":"Puzzle adul\u021bi 1000 piese - Locuri Celebre - Sagrada Familia - Roovi B2B","robots":{"index":"index","follow":"follow","max-snippet":"max-snippet:-1","max-image-preview":"max-image-preview:large","max-video-preview":"max-video-preview:-1"},"canonical":"https:\/\/www.roovi.ro\/puzzle-adulti-1000-piese-locuri-celebre-sagrada-familia\/p\/","og_locale":"ro_RO","og_type":"article","og_title":"Puzzle adul\u021bi 1000 piese - Locuri Celebre - Sagrada Familia - Roovi B2B","og_description":"Cau\u021bi un cadou deosebit sau poate vrei s\u0103 alungi plictiseala zilelor mohor\u00e2te? Mergi la sigur cu puzzle 1000 piese din","og_url":"https:\/\/www.roovi.ro\/puzzle-adulti-1000-piese-locuri-celebre-sagrada-familia\/p\/","og_site_name":"Roovi B2B","article_publisher":"https:\/\/www.facebook.com\/wwwjucariero","article_modified_time":"2023-03-20T21:54:27+00:00","og_image":[{"width":1200,"height":1200,"url":"https:\/\/business.roovi.com\/wp-content\/uploads\/2018\/04\/64288-06-ansamblu_dimensiuni-cutie-cm_vertical_1.png","type":"image\/png"}],"twitter_misc":{"Timp estimat pentru citire":"3 minute"},"schema":{"@context":"https:\/\/schema.org","@graph":[{"@type":"WebPage","@id":"https:\/\/business.roovi.com\/ro\/puzzle-adulti-1000-piese-locuri-celebre-sagrada-familia\/p\/","url":"https:\/\/www.roovi.ro\/puzzle-adulti-1000-piese-locuri-celebre-sagrada-familia\/p\/","name":"Puzzle adul\u021bi 1000 piese - Locuri Celebre - Sagrada Familia - Roovi B2B","isPartOf":{"@id":"https:\/\/business.roovi.com\/ro\/#website"},"datePublished":"2018-04-16T10:56:17+00:00","dateModified":"2023-03-20T21:54:27+00:00","breadcrumb":{"@id":"https:\/\/www.roovi.ro\/puzzle-adulti-1000-piese-locuri-celebre-sagrada-familia\/p\/#breadcrumb"},"inLanguage":"ro-RO","potentialAction":[{"@type":"ReadAction","target":["https:\/\/www.roovi.ro\/puzzle-adulti-1000-piese-locuri-celebre-sagrada-familia\/p\/"]}]},{"@type":"BreadcrumbList","@id":"https:\/\/www.roovi.ro\/puzzle-adulti-1000-piese-locuri-celebre-sagrada-familia\/p\/#breadcrumb","itemListElement":[{"@type":"ListItem","position":1,"name":"Home","item":"https:\/\/business.roovi.com\/ro\/"},{"@type":"ListItem","position":2,"name":"Magazin","item":"https:\/\/business.roovi.com\/ro\/magazin\/"},{"@type":"ListItem","position":3,"name":"Puzzle adul\u021bi 1000 piese &#8211; Locuri Celebre &#8211; Sagrada Familia"}]},{"@type":"WebSite","@id":"https:\/\/business.roovi.com\/ro\/#website","url":"https:\/\/business.roovi.com\/ro\/","name":"Roovi B2B","description":"Roovi Business Website","potentialAction":[{"@type":"SearchAction","target":{"@type":"EntryPoint","urlTemplate":"https:\/\/business.roovi.com\/ro\/?s={search_term_string}"},"query-input":"required name=search_term_string"}],"inLanguage":"ro-RO"}]}},"_links":{"self":[{"href":"https:\/\/business.roovi.com\/ro\/wp-json\/wp\/v2\/product\/16212","targetHints":{"allow":["GET"]}}],"collection":[{"href":"https:\/\/business.roovi.com\/ro\/wp-json\/wp\/v2\/product"}],"about":[{"href":"https:\/\/business.roovi.com\/ro\/wp-json\/wp\/v2\/types\/product"}],"version-history":[{"count":0,"href":"https:\/\/business.roovi.com\/ro\/wp-json\/wp\/v2\/product\/16212\/revisions"}],"wp:featuredmedia":[{"embeddable":true,"href":"https:\/\/business.roovi.com\/ro\/wp-json\/wp\/v2\/media\/16198"}],"wp:attachment":[{"href":"https:\/\/business.roovi.com\/ro\/wp-json\/wp\/v2\/media?parent=16212"}],"wp:term":[{"taxonomy":"product_brand","embeddable":true,"href":"https:\/\/business.roovi.com\/ro\/wp-json\/wp\/v2\/product_brand?post=16212"},{"taxonomy":"product_cat","embeddable":true,"href":"https:\/\/business.roovi.com\/ro\/wp-json\/wp\/v2\/product_cat?post=16212"},{"taxonomy":"product_tag","embeddable":true,"href":"https:\/\/business.roovi.com\/ro\/wp-json\/wp\/v2\/product_tag?post=16212"}],"curies":[{"name":"wp","href":"https:\/\/api.w.org\/{rel}","templated":true}]}}