{"id":16227,"date":"2018-04-16T10:56:17","date_gmt":"2018-04-16T10:56:17","guid":{"rendered":"https:\/\/business.roovi.com\/product\/super-puzzle-basme-35-piese-4\/"},"modified":"2025-03-13T11:37:05","modified_gmt":"2025-03-13T11:37:05","slug":"super-puzzle-copii-35-piese-basme-cei-3-purcelusi","status":"publish","type":"product","link":"https:\/\/business.roovi.com\/ro\/super-puzzle-copii-35-piese-basme-cei-3-purcelusi\/p\/","title":{"rendered":"Super Puzzle Cei trei purcelu\u0219i \u2013 puzzle copii, 35 piese"},"content":{"rendered":"<p><span style=\"font-weight: 400;\">Cum e mai bine, s\u0103-\u021bi faci c\u0103su\u021ba din paie, din nuiele sau din c\u0103r\u0103mida? S\u0103 te joci mai mult \u0219i s\u0103 lucrezi mai pu\u021bin sau mai bine lucrezi pu\u021bin mai mult dar ai o cas\u0103 trainic\u0103? Oare pe care reu\u0219e\u0219te s-o d\u0103r\u00e2me lupul mai u\u0219or?<\/span><\/p>\n<p><span style=\"font-weight: 400;\">At\u00e2t de multe \u00eentreb\u0103ri \u0219i tot at\u00e2t de multe r\u0103spunsuri pe baza c\u0103rora pute\u021bi porni al\u0103turi de cei mici discu\u021bii cu \u00eenv\u0103\u021b\u0103minte, plec\u00e2nd de la \u00eendr\u0103gitul basm Cei 3 Purcelu\u0219i.<\/span><\/p>\n<p><span style=\"font-weight: 400;\">Un puzzle pentru copii ce ilustreaz\u0103 scene din basme este o poart\u0103 deschis\u0103 spre lumea imagina\u021biei infinite. Poate fi o ocazie perfect\u0103 pentru a discuta despre tr\u0103s\u0103turi umane, despre comportamente bune sau mai pu\u021bin bune, iar pe m\u0103sur\u0103 ce imaginea se contureaz\u0103, copiii descoper\u0103 diferite obiecte sau peisaje ce completeaz\u0103 cadrul \u00eentregii pove\u0219ti.<\/span><\/p>\n<p><span style=\"font-weight: 400;\">Oricum ar fi, \u00eencurajeaz\u0103-le imagina\u021bia \u0219i ajut\u0103-i s\u0103 rescrie chiar ei pove\u0219tile, pies\u0103 cu pies\u0103, a\u0219a cum \u00ee\u0219i doresc.\u00a0\u00a0<\/span><\/p>\n<p><span style=\"font-weight: 400;\">Alege pentru copilul t\u0103u un puzzle cu o poveste despre r\u0103splata efortului \u0219i bun\u0103tate, \u00eenso\u021bindu-i pe micii purcelu\u0219i \u00een \u00eencercarea lor de a sc\u0103pa de lupul cel r\u0103u.\u00a0\u00a0\u00a0\u00a0<\/span><\/p>\n<h2><span style=\"font-weight: 400;\">De ce s\u0103 alegi un Super Puzzle copii cu Basme<\/span><\/h2>\n<ul>\n<li><span style=\"font-weight: 400;\">Are piese mari, potrivite pentru m\u00e2nu\u021bele mici.<\/span><\/li>\n<li><span style=\"font-weight: 400;\">\u00cei ajut\u0103 pe copii s\u0103-\u0219i dezvolte creativitatea.<\/span><\/li>\n<li><span style=\"font-weight: 400;\">Ajut\u0103 la dezvoltarea \u00eendem\u00e2n\u0103rii, prin potrivirea fiec\u0103rei piese.<\/span><\/li>\n<li><span style=\"font-weight: 400;\">Jocul de Puzzle este un bun antrenor al memoriei.<\/span><\/li>\n<li><span style=\"font-weight: 400;\">Este o metoda distractiv\u0103 de a rememora scene din pove\u0219tile clasice sau de a se familiariza cu acestea.<\/span><\/li>\n<li><span style=\"font-weight: 400;\">Este relaxant \u0219i deconectant.<\/span><\/li>\n<li><span style=\"font-weight: 400;\">Antreneaz\u0103 motricitatea \u0219i coordonarea m\u00e2n\u0103-ochi.<\/span><\/li>\n<li><span style=\"font-weight: 400;\">Dezvolt\u0103 coordonarea senzorial\u0103.<\/span><\/li>\n<li><span style=\"font-weight: 400;\">Stimuleaz\u0103 \u0219i sus\u021bine concentrarea \u0219i aten\u021bia asupra jocului.<\/span><\/li>\n<li><span style=\"font-weight: 400;\">Este un joc numai bun de luat \u00een c\u0103l\u0103toriile mai lungi, c\u00e2nd are nevoie de o ocupa\u021bie ca s\u0103 nu se plictiseasc\u0103.<\/span><\/li>\n<\/ul>\n<h2><span style=\"font-weight: 400;\">Descoper\u0103 un super puzzle u\u0219or, potrivit pentru \u00eencep\u0103tori<\/span><\/h2>\n<p><span style=\"font-weight: 400;\">Imaginile viu colorate \u00eenf\u0103\u021bi\u0219eaz\u0103 personaje \u00eendr\u0103gite din basmele clasice pentru copii, cu o grafic\u0103 atent creat\u0103, cu personaje simpatice \u0219i vesele, potrivite pentru cei mici.<\/span><\/p>\n<p><span style=\"font-weight: 400;\">Cele 35 de piese au dimensiuni \u0219i forme potrivite pentru copii, pentru ca cei mici s\u0103 le poat\u0103 prinde \u0219i pozi\u021biona cu u\u0219urin\u021b\u0103.<\/span><\/p>\n<p><span style=\"font-weight: 400;\">Fiecare puzzle este realizat din carton gros, de foarte bun\u0103 calitate, astfel \u00eenc\u00e2t s\u0103 poat\u0103 fi utilizat de multe ori, f\u0103r\u0103 ca piesele s\u0103 se rup\u0103 sau s\u0103 \u00ee\u0219i piard\u0103 forma.\u00a0<\/span><\/p>\n<p><span style=\"font-weight: 400;\">Dac\u0103 e\u0219ti \u00een c\u0103utarea unui joc care s\u0103 fie \u00een acela\u0219i timp creativ, activ, antrenant \u0219i distractiv, alege un puzzle copii cu ilustra\u021bii din Basme.\u00a0\u00a0<\/span><\/p>\n<p><span style=\"font-weight: 400;\">Copiii ador\u0103 s\u0103 construiasc\u0103 lucruri \u0219i sigur vor adora s\u0103 reconstruiasc\u0103 pove\u0219tile \u00eendr\u0103gite, pies\u0103 cu pies\u0103!<\/span><\/p>\n","protected":false},"excerpt":{"rendered":"<p>Cum e mai bine, s\u0103-\u021bi faci c\u0103su\u021ba din paie, din nuiele sau din c\u0103r\u0103mida? S\u0103 te joci mai mult \u0219i<\/p>\n","protected":false},"featured_media":16223,"template":"","meta":[],"product_brand":[],"product_cat":[1454,1482,1556],"product_tag":[],"class_list":{"0":"post-16227","1":"product","2":"type-product","3":"status-publish","4":"has-post-thumbnail","6":"product_cat-puzzle","7":"product_cat-puzzle-copii","8":"product_cat-puzzle-copii-sub-50-piese","9":"pa_bax-1273","10":"pa_brand-d_toys","11":"pa_filter_age-3_5","12":"pa_filter_age-5_7","13":"pa_filter_age-7_9","14":"pa_tip_ambalaj-cutie","15":"pa_tip_puzzle-clasic","17":"first","18":"instock","19":"taxable","20":"shipping-taxable","21":"product-type-simple"},"yoast_head":"<!-- This site is optimized with the Yoast SEO plugin v20.1 - https:\/\/yoast.com\/wordpress\/plugins\/seo\/ -->\n<title>Super Puzzle Cei trei purcelu\u0219i \u2013 puzzle copii, 35 piese - Roovi B2B<\/title>\n<meta name=\"robots\" content=\"index, follow, max-snippet:-1, max-image-preview:large, max-video-preview:-1\" \/>\n<link rel=\"canonical\" href=\"https:\/\/www.roovi.ro\/super-puzzle-copii-35-piese-basme-cei-3-purcelusi\/p\/\" \/>\n<meta property=\"og:locale\" content=\"ro_RO\" \/>\n<meta property=\"og:type\" content=\"article\" \/>\n<meta property=\"og:title\" content=\"Super Puzzle Cei trei purcelu\u0219i \u2013 puzzle copii, 35 piese - Roovi B2B\" \/>\n<meta property=\"og:description\" content=\"Cum e mai bine, s\u0103-\u021bi faci c\u0103su\u021ba din paie, din nuiele sau din c\u0103r\u0103mida? S\u0103 te joci mai mult \u0219i\" \/>\n<meta property=\"og:url\" content=\"https:\/\/www.roovi.ro\/super-puzzle-copii-35-piese-basme-cei-3-purcelusi\/p\/\" \/>\n<meta property=\"og:site_name\" content=\"Roovi B2B\" \/>\n<meta property=\"article:publisher\" content=\"https:\/\/www.facebook.com\/wwwjucariero\" \/>\n<meta property=\"article:modified_time\" content=\"2025-03-13T11:37:05+00:00\" \/>\n<meta property=\"og:image\" content=\"https:\/\/business.roovi.com\/wp-content\/uploads\/2018\/04\/60389_04.jpg\" \/>\n\t<meta property=\"og:image:width\" content=\"1200\" \/>\n\t<meta property=\"og:image:height\" content=\"1200\" \/>\n\t<meta property=\"og:image:type\" content=\"image\/jpeg\" \/>\n<meta name=\"twitter:label1\" content=\"Timp estimat pentru citire\" \/>\n\t<meta name=\"twitter:data1\" content=\"2 minute\" \/>\n<script type=\"application\/ld+json\" class=\"yoast-schema-graph\">{\"@context\":\"https:\/\/schema.org\",\"@graph\":[{\"@type\":\"WebPage\",\"@id\":\"https:\/\/business.roovi.com\/ro\/super-puzzle-copii-35-piese-basme-cei-3-purcelusi\/p\/\",\"url\":\"https:\/\/www.roovi.ro\/super-puzzle-copii-35-piese-basme-cei-3-purcelusi\/p\/\",\"name\":\"Super Puzzle Cei trei purcelu\u0219i \u2013 puzzle copii, 35 piese - Roovi B2B\",\"isPartOf\":{\"@id\":\"https:\/\/business.roovi.com\/ro\/#website\"},\"datePublished\":\"2018-04-16T10:56:17+00:00\",\"dateModified\":\"2025-03-13T11:37:05+00:00\",\"breadcrumb\":{\"@id\":\"https:\/\/www.roovi.ro\/super-puzzle-copii-35-piese-basme-cei-3-purcelusi\/p\/#breadcrumb\"},\"inLanguage\":\"ro-RO\",\"potentialAction\":[{\"@type\":\"ReadAction\",\"target\":[\"https:\/\/www.roovi.ro\/super-puzzle-copii-35-piese-basme-cei-3-purcelusi\/p\/\"]}]},{\"@type\":\"BreadcrumbList\",\"@id\":\"https:\/\/www.roovi.ro\/super-puzzle-copii-35-piese-basme-cei-3-purcelusi\/p\/#breadcrumb\",\"itemListElement\":[{\"@type\":\"ListItem\",\"position\":1,\"name\":\"Home\",\"item\":\"https:\/\/business.roovi.com\/ro\/\"},{\"@type\":\"ListItem\",\"position\":2,\"name\":\"Magazin\",\"item\":\"https:\/\/business.roovi.com\/ro\/magazin\/\"},{\"@type\":\"ListItem\",\"position\":3,\"name\":\"Super Puzzle Cei trei purcelu\u0219i \u2013 puzzle copii, 35 piese\"}]},{\"@type\":\"WebSite\",\"@id\":\"https:\/\/business.roovi.com\/ro\/#website\",\"url\":\"https:\/\/business.roovi.com\/ro\/\",\"name\":\"Roovi B2B\",\"description\":\"Roovi Business Website\",\"potentialAction\":[{\"@type\":\"SearchAction\",\"target\":{\"@type\":\"EntryPoint\",\"urlTemplate\":\"https:\/\/business.roovi.com\/ro\/?s={search_term_string}\"},\"query-input\":\"required name=search_term_string\"}],\"inLanguage\":\"ro-RO\"}]}<\/script>\n<!-- \/ Yoast SEO plugin. -->","yoast_head_json":{"title":"Super Puzzle Cei trei purcelu\u0219i \u2013 puzzle copii, 35 piese - Roovi B2B","robots":{"index":"index","follow":"follow","max-snippet":"max-snippet:-1","max-image-preview":"max-image-preview:large","max-video-preview":"max-video-preview:-1"},"canonical":"https:\/\/www.roovi.ro\/super-puzzle-copii-35-piese-basme-cei-3-purcelusi\/p\/","og_locale":"ro_RO","og_type":"article","og_title":"Super Puzzle Cei trei purcelu\u0219i \u2013 puzzle copii, 35 piese - Roovi B2B","og_description":"Cum e mai bine, s\u0103-\u021bi faci c\u0103su\u021ba din paie, din nuiele sau din c\u0103r\u0103mida? S\u0103 te joci mai mult \u0219i","og_url":"https:\/\/www.roovi.ro\/super-puzzle-copii-35-piese-basme-cei-3-purcelusi\/p\/","og_site_name":"Roovi B2B","article_publisher":"https:\/\/www.facebook.com\/wwwjucariero","article_modified_time":"2025-03-13T11:37:05+00:00","og_image":[{"width":1200,"height":1200,"url":"https:\/\/business.roovi.com\/wp-content\/uploads\/2018\/04\/60389_04.jpg","type":"image\/jpeg"}],"twitter_misc":{"Timp estimat pentru citire":"2 minute"},"schema":{"@context":"https:\/\/schema.org","@graph":[{"@type":"WebPage","@id":"https:\/\/business.roovi.com\/ro\/super-puzzle-copii-35-piese-basme-cei-3-purcelusi\/p\/","url":"https:\/\/www.roovi.ro\/super-puzzle-copii-35-piese-basme-cei-3-purcelusi\/p\/","name":"Super Puzzle Cei trei purcelu\u0219i \u2013 puzzle copii, 35 piese - Roovi B2B","isPartOf":{"@id":"https:\/\/business.roovi.com\/ro\/#website"},"datePublished":"2018-04-16T10:56:17+00:00","dateModified":"2025-03-13T11:37:05+00:00","breadcrumb":{"@id":"https:\/\/www.roovi.ro\/super-puzzle-copii-35-piese-basme-cei-3-purcelusi\/p\/#breadcrumb"},"inLanguage":"ro-RO","potentialAction":[{"@type":"ReadAction","target":["https:\/\/www.roovi.ro\/super-puzzle-copii-35-piese-basme-cei-3-purcelusi\/p\/"]}]},{"@type":"BreadcrumbList","@id":"https:\/\/www.roovi.ro\/super-puzzle-copii-35-piese-basme-cei-3-purcelusi\/p\/#breadcrumb","itemListElement":[{"@type":"ListItem","position":1,"name":"Home","item":"https:\/\/business.roovi.com\/ro\/"},{"@type":"ListItem","position":2,"name":"Magazin","item":"https:\/\/business.roovi.com\/ro\/magazin\/"},{"@type":"ListItem","position":3,"name":"Super Puzzle Cei trei purcelu\u0219i \u2013 puzzle copii, 35 piese"}]},{"@type":"WebSite","@id":"https:\/\/business.roovi.com\/ro\/#website","url":"https:\/\/business.roovi.com\/ro\/","name":"Roovi B2B","description":"Roovi Business Website","potentialAction":[{"@type":"SearchAction","target":{"@type":"EntryPoint","urlTemplate":"https:\/\/business.roovi.com\/ro\/?s={search_term_string}"},"query-input":"required name=search_term_string"}],"inLanguage":"ro-RO"}]}},"_links":{"self":[{"href":"https:\/\/business.roovi.com\/ro\/wp-json\/wp\/v2\/product\/16227","targetHints":{"allow":["GET"]}}],"collection":[{"href":"https:\/\/business.roovi.com\/ro\/wp-json\/wp\/v2\/product"}],"about":[{"href":"https:\/\/business.roovi.com\/ro\/wp-json\/wp\/v2\/types\/product"}],"version-history":[{"count":0,"href":"https:\/\/business.roovi.com\/ro\/wp-json\/wp\/v2\/product\/16227\/revisions"}],"wp:featuredmedia":[{"embeddable":true,"href":"https:\/\/business.roovi.com\/ro\/wp-json\/wp\/v2\/media\/16223"}],"wp:attachment":[{"href":"https:\/\/business.roovi.com\/ro\/wp-json\/wp\/v2\/media?parent=16227"}],"wp:term":[{"taxonomy":"product_brand","embeddable":true,"href":"https:\/\/business.roovi.com\/ro\/wp-json\/wp\/v2\/product_brand?post=16227"},{"taxonomy":"product_cat","embeddable":true,"href":"https:\/\/business.roovi.com\/ro\/wp-json\/wp\/v2\/product_cat?post=16227"},{"taxonomy":"product_tag","embeddable":true,"href":"https:\/\/business.roovi.com\/ro\/wp-json\/wp\/v2\/product_tag?post=16227"}],"curies":[{"name":"wp","href":"https:\/\/api.w.org\/{rel}","templated":true}]}}