{"id":16247,"date":"2018-04-16T10:56:17","date_gmt":"2018-04-16T10:56:17","guid":{"rendered":"https:\/\/business.roovi.com\/product\/super-puzzle-basme-60-piese-2\/"},"modified":"2025-03-13T11:38:10","modified_gmt":"2025-03-13T11:38:10","slug":"super-puzzle-copii-60-piese-basme-alba-ca-zapada","status":"publish","type":"product","link":"https:\/\/business.roovi.com\/ro\/super-puzzle-copii-60-piese-basme-alba-ca-zapada\/p\/","title":{"rendered":"Super Puzzle copii 60 piese &#8211; Basme &#8211; Alb\u0103-ca-Z\u0103pada"},"content":{"rendered":"<p><span style=\"font-weight: 400;\">Printre pove\u0219tile clasice cu Prin\u021bese frumoase \u0219i prin\u021bi fermec\u0103tori, la loc de cinste se afl\u0103 povestea Albei-ca-z\u0103pada \u0219i a celor 7 pitici. O feti\u021b\u0103 cu p\u0103rul de abanos, cu pielea alb\u0103 ca z\u0103pada \u0219i buzele ro\u0219ii ca s\u00e2ngele, at\u00e2t de \u00eendr\u0103git\u0103 de copiii care \u00eei ascult\u0103 entuziasma\u021bi povestea.\u00a0<\/span><\/p>\n<p><span style=\"font-weight: 400;\">Un puzzle din colec\u021bia cu basme este o modalitate at\u00e2t de pl\u0103cut\u0103 de conectare cu copiii mai mici. Pute\u021bi citi \u00eempreun\u0103 povestea ori copilul o poate povesti \u00een propriile cuvinte, \u00een timp ce \u00eempreun\u0103 c\u0103uta\u021bi piesele potrivite pentru a asambla puzzle-ul. Copiii mai mari \u00eel pot face singuri, iar efortul le va fi, cu siguran\u021b\u0103, r\u0103spl\u0103tit.<\/span><\/p>\n<p><span style=\"font-weight: 400;\">Descoper\u0103 un puzzle cu ilustra\u021bii atent create, \u00een culori vii, potrivite pentru copiii de toate v\u00e2rstele, cu personaje simpatice, pe care cei mici le vor \u00eendr\u0103gi imediat.\u00a0\u00a0<\/span><\/p>\n<p><span style=\"font-weight: 400;\">\u00cen plus, un puzzle animat pentru copii nu este un simplu joc. Poate fi o ocazie perfect\u0103 pentru a discuta despre tr\u0103s\u0103turi \u0219i comportamente umane, iar pe m\u0103sur\u0103 ce imaginea se contureaz\u0103, copiii descoper\u0103 diferite obiecte sau peisaje ce completeaz\u0103 cadrul \u00eentregii pove\u0219ti.<\/span><\/p>\n<p><span style=\"font-weight: 400;\">Oricum ar fi, \u00eencurajeaz\u0103-le imagina\u021bia \u0219i descoperi\u021bi bucuria jocului cu piesele de puzzle.\u00a0\u00a0<\/span><\/p>\n<p><span style=\"font-weight: 400;\">Alege pentru copilul t\u0103u un puzzle cu o poveste impresionant\u0103 \u0219i duioas\u0103, un joc cu ajutorul c\u0103ruia o ve\u021bi descoperi \u00eempreun\u0103 pe Alb\u0103-ca-z\u0103pada \u0219i simpaticii pitici.\u00a0<\/span><\/p>\n<h3><strong>De ce s\u0103 alegi un Super Puzzle copii, cu Basme.<\/strong><\/h3>\n<ul>\n<li><span style=\"font-weight: 400;\">Stimuleaz\u0103 dezvoltarea creativit\u0103\u021bii.<\/span><\/li>\n<li><span style=\"font-weight: 400;\">Este o metod\u0103 distractiv\u0103 de a-\u0219i reaminti scene din pove\u0219tile clasice sau de a se familiariza cu acestea.<\/span><\/li>\n<li><span style=\"font-weight: 400;\">Jocul de Puzzle este un bun antrenor al memoriei, solicit\u00e2nd ambele emisfere cerebrale.<\/span><\/li>\n<li><span style=\"font-weight: 400;\">Ajut\u0103 la dezvoltarea \u00eendem\u00e2n\u0103rii, prin potrivirea fiec\u0103rei piese.<\/span><\/li>\n<li><span style=\"font-weight: 400;\">Stimuleaz\u0103 \u0219i sus\u021bine concentrarea \u0219i aten\u021bia asupra jocului.<\/span><\/li>\n<li><span style=\"font-weight: 400;\">Este relaxant \u0219i deconectant.<\/span><\/li>\n<li><span style=\"font-weight: 400;\">Antreneaz\u0103 coordonarea motric\u0103 \u0219i dexteritatea.<\/span><\/li>\n<li><span style=\"font-weight: 400;\">Dezvolt\u0103 coordonarea senzorial\u0103.<\/span><\/li>\n<li><span style=\"font-weight: 400;\">Este un joc numai bun de luat \u00een c\u0103l\u0103toriile mai lungi, c\u00e2nd are nevoie de o ocupa\u021bie ca s\u0103 nu se plictiseasc\u0103.<\/span><\/li>\n<li><span style=\"font-weight: 400;\">\u00cenlocuie\u0219te cu succes un joc digital \u0219i are multe beneficii \u00een plus.<\/span><\/li>\n<\/ul>\n<h3><strong>Descoper\u0103 un super puzzle adorabil, cu ilustra\u021bii vesele \u0219i pline de culoare<\/strong><\/h3>\n<p><span style=\"font-weight: 400;\">Fiecare puzzle este realizat din carton gros, de foarte bun\u0103 calitate, astfel \u00eenc\u00e2t s\u0103 poat\u0103 fi utilizat de multe ori, f\u0103r\u0103 ca piesele s\u0103 se rup\u0103 sau s\u0103 \u00ee\u0219i piard\u0103 forma.\u00a0<\/span><\/p>\n<p><span style=\"font-weight: 400;\">Cele 60 de piese au dimensiuni \u0219i forme potrivite pentru copii, pentru ca cei mici s\u0103 le poat\u0103 prinde \u0219i pozi\u021biona cu u\u0219urin\u021b\u0103, rezultatul fiind un puzzle generos de 42 cm x 28,8 cm.<\/span><\/p>\n<p><span style=\"font-weight: 400;\">Copiii ador\u0103 s\u0103 construiasc\u0103 lucruri \u0219i sigur vor adora s\u0103 reconstruiasc\u0103 pove\u0219tile \u00eendr\u0103gite, pies\u0103 cu pies\u0103!<\/span><\/p>\n<p><span style=\"font-weight: 400;\">Dac\u0103 e\u0219ti \u00een c\u0103utarea unui joc care s\u0103 fie \u00een acela\u0219i timp creativ, activ, antrenant \u0219i distractiv, alege un puzzle copii cu ilustra\u021bii din Basme.\u00a0\u00a0<\/span><\/p>\n","protected":false},"excerpt":{"rendered":"<p>Printre pove\u0219tile clasice cu Prin\u021bese frumoase \u0219i prin\u021bi fermec\u0103tori, la loc de cinste se afl\u0103 povestea Albei-ca-z\u0103pada \u0219i a celor<\/p>\n","protected":false},"featured_media":16243,"template":"","meta":[],"product_brand":[],"product_cat":[1454,1482,1559],"product_tag":[],"class_list":{"0":"post-16247","1":"product","2":"type-product","3":"status-publish","4":"has-post-thumbnail","6":"product_cat-puzzle","7":"product_cat-puzzle-copii","8":"product_cat-puzzle-copii-50-100-piese","9":"pa_bax-1273","10":"pa_brand-d_toys","11":"pa_country_of_manufacture-ro","12":"pa_filter_age-5_7","13":"pa_filter_age-7_9","14":"pa_tip_ambalaj-cutie","15":"pa_tip_puzzle-clasic","17":"first","18":"instock","19":"taxable","20":"shipping-taxable","21":"product-type-simple"},"yoast_head":"<!-- This site is optimized with the Yoast SEO plugin v20.1 - https:\/\/yoast.com\/wordpress\/plugins\/seo\/ -->\n<title>Super Puzzle copii 60 piese - Basme - Alb\u0103-ca-Z\u0103pada - Roovi B2B<\/title>\n<meta name=\"robots\" content=\"index, follow, max-snippet:-1, max-image-preview:large, max-video-preview:-1\" \/>\n<link rel=\"canonical\" href=\"https:\/\/www.roovi.ro\/super-puzzle-copii-60-piese-basme-alba-ca-zapada\/p\/\" \/>\n<meta property=\"og:locale\" content=\"ro_RO\" \/>\n<meta property=\"og:type\" content=\"article\" \/>\n<meta property=\"og:title\" content=\"Super Puzzle copii 60 piese - Basme - Alb\u0103-ca-Z\u0103pada - Roovi B2B\" \/>\n<meta property=\"og:description\" content=\"Printre pove\u0219tile clasice cu Prin\u021bese frumoase \u0219i prin\u021bi fermec\u0103tori, la loc de cinste se afl\u0103 povestea Albei-ca-z\u0103pada \u0219i a celor\" \/>\n<meta property=\"og:url\" content=\"https:\/\/www.roovi.ro\/super-puzzle-copii-60-piese-basme-alba-ca-zapada\/p\/\" \/>\n<meta property=\"og:site_name\" content=\"Roovi B2B\" \/>\n<meta property=\"article:publisher\" content=\"https:\/\/www.facebook.com\/wwwjucariero\" \/>\n<meta property=\"article:modified_time\" content=\"2025-03-13T11:38:10+00:00\" \/>\n<meta property=\"og:image\" content=\"https:\/\/business.roovi.com\/wp-content\/uploads\/2018\/04\/60396_02.jpg\" \/>\n\t<meta property=\"og:image:width\" content=\"1200\" \/>\n\t<meta property=\"og:image:height\" content=\"1200\" \/>\n\t<meta property=\"og:image:type\" content=\"image\/jpeg\" \/>\n<meta name=\"twitter:label1\" content=\"Timp estimat pentru citire\" \/>\n\t<meta name=\"twitter:data1\" content=\"2 minute\" \/>\n<script type=\"application\/ld+json\" class=\"yoast-schema-graph\">{\"@context\":\"https:\/\/schema.org\",\"@graph\":[{\"@type\":\"WebPage\",\"@id\":\"https:\/\/business.roovi.com\/ro\/super-puzzle-copii-60-piese-basme-alba-ca-zapada\/p\/\",\"url\":\"https:\/\/www.roovi.ro\/super-puzzle-copii-60-piese-basme-alba-ca-zapada\/p\/\",\"name\":\"Super Puzzle copii 60 piese - Basme - Alb\u0103-ca-Z\u0103pada - Roovi B2B\",\"isPartOf\":{\"@id\":\"https:\/\/business.roovi.com\/ro\/#website\"},\"datePublished\":\"2018-04-16T10:56:17+00:00\",\"dateModified\":\"2025-03-13T11:38:10+00:00\",\"breadcrumb\":{\"@id\":\"https:\/\/www.roovi.ro\/super-puzzle-copii-60-piese-basme-alba-ca-zapada\/p\/#breadcrumb\"},\"inLanguage\":\"ro-RO\",\"potentialAction\":[{\"@type\":\"ReadAction\",\"target\":[\"https:\/\/www.roovi.ro\/super-puzzle-copii-60-piese-basme-alba-ca-zapada\/p\/\"]}]},{\"@type\":\"BreadcrumbList\",\"@id\":\"https:\/\/www.roovi.ro\/super-puzzle-copii-60-piese-basme-alba-ca-zapada\/p\/#breadcrumb\",\"itemListElement\":[{\"@type\":\"ListItem\",\"position\":1,\"name\":\"Home\",\"item\":\"https:\/\/business.roovi.com\/ro\/\"},{\"@type\":\"ListItem\",\"position\":2,\"name\":\"Magazin\",\"item\":\"https:\/\/business.roovi.com\/ro\/magazin\/\"},{\"@type\":\"ListItem\",\"position\":3,\"name\":\"Super Puzzle copii 60 piese &#8211; Basme &#8211; Alb\u0103-ca-Z\u0103pada\"}]},{\"@type\":\"WebSite\",\"@id\":\"https:\/\/business.roovi.com\/ro\/#website\",\"url\":\"https:\/\/business.roovi.com\/ro\/\",\"name\":\"Roovi B2B\",\"description\":\"Roovi Business Website\",\"potentialAction\":[{\"@type\":\"SearchAction\",\"target\":{\"@type\":\"EntryPoint\",\"urlTemplate\":\"https:\/\/business.roovi.com\/ro\/?s={search_term_string}\"},\"query-input\":\"required name=search_term_string\"}],\"inLanguage\":\"ro-RO\"}]}<\/script>\n<!-- \/ Yoast SEO plugin. -->","yoast_head_json":{"title":"Super Puzzle copii 60 piese - Basme - Alb\u0103-ca-Z\u0103pada - Roovi B2B","robots":{"index":"index","follow":"follow","max-snippet":"max-snippet:-1","max-image-preview":"max-image-preview:large","max-video-preview":"max-video-preview:-1"},"canonical":"https:\/\/www.roovi.ro\/super-puzzle-copii-60-piese-basme-alba-ca-zapada\/p\/","og_locale":"ro_RO","og_type":"article","og_title":"Super Puzzle copii 60 piese - Basme - Alb\u0103-ca-Z\u0103pada - Roovi B2B","og_description":"Printre pove\u0219tile clasice cu Prin\u021bese frumoase \u0219i prin\u021bi fermec\u0103tori, la loc de cinste se afl\u0103 povestea Albei-ca-z\u0103pada \u0219i a celor","og_url":"https:\/\/www.roovi.ro\/super-puzzle-copii-60-piese-basme-alba-ca-zapada\/p\/","og_site_name":"Roovi B2B","article_publisher":"https:\/\/www.facebook.com\/wwwjucariero","article_modified_time":"2025-03-13T11:38:10+00:00","og_image":[{"width":1200,"height":1200,"url":"https:\/\/business.roovi.com\/wp-content\/uploads\/2018\/04\/60396_02.jpg","type":"image\/jpeg"}],"twitter_misc":{"Timp estimat pentru citire":"2 minute"},"schema":{"@context":"https:\/\/schema.org","@graph":[{"@type":"WebPage","@id":"https:\/\/business.roovi.com\/ro\/super-puzzle-copii-60-piese-basme-alba-ca-zapada\/p\/","url":"https:\/\/www.roovi.ro\/super-puzzle-copii-60-piese-basme-alba-ca-zapada\/p\/","name":"Super Puzzle copii 60 piese - Basme - Alb\u0103-ca-Z\u0103pada - Roovi B2B","isPartOf":{"@id":"https:\/\/business.roovi.com\/ro\/#website"},"datePublished":"2018-04-16T10:56:17+00:00","dateModified":"2025-03-13T11:38:10+00:00","breadcrumb":{"@id":"https:\/\/www.roovi.ro\/super-puzzle-copii-60-piese-basme-alba-ca-zapada\/p\/#breadcrumb"},"inLanguage":"ro-RO","potentialAction":[{"@type":"ReadAction","target":["https:\/\/www.roovi.ro\/super-puzzle-copii-60-piese-basme-alba-ca-zapada\/p\/"]}]},{"@type":"BreadcrumbList","@id":"https:\/\/www.roovi.ro\/super-puzzle-copii-60-piese-basme-alba-ca-zapada\/p\/#breadcrumb","itemListElement":[{"@type":"ListItem","position":1,"name":"Home","item":"https:\/\/business.roovi.com\/ro\/"},{"@type":"ListItem","position":2,"name":"Magazin","item":"https:\/\/business.roovi.com\/ro\/magazin\/"},{"@type":"ListItem","position":3,"name":"Super Puzzle copii 60 piese &#8211; Basme &#8211; Alb\u0103-ca-Z\u0103pada"}]},{"@type":"WebSite","@id":"https:\/\/business.roovi.com\/ro\/#website","url":"https:\/\/business.roovi.com\/ro\/","name":"Roovi B2B","description":"Roovi Business Website","potentialAction":[{"@type":"SearchAction","target":{"@type":"EntryPoint","urlTemplate":"https:\/\/business.roovi.com\/ro\/?s={search_term_string}"},"query-input":"required name=search_term_string"}],"inLanguage":"ro-RO"}]}},"_links":{"self":[{"href":"https:\/\/business.roovi.com\/ro\/wp-json\/wp\/v2\/product\/16247","targetHints":{"allow":["GET"]}}],"collection":[{"href":"https:\/\/business.roovi.com\/ro\/wp-json\/wp\/v2\/product"}],"about":[{"href":"https:\/\/business.roovi.com\/ro\/wp-json\/wp\/v2\/types\/product"}],"version-history":[{"count":0,"href":"https:\/\/business.roovi.com\/ro\/wp-json\/wp\/v2\/product\/16247\/revisions"}],"wp:featuredmedia":[{"embeddable":true,"href":"https:\/\/business.roovi.com\/ro\/wp-json\/wp\/v2\/media\/16243"}],"wp:attachment":[{"href":"https:\/\/business.roovi.com\/ro\/wp-json\/wp\/v2\/media?parent=16247"}],"wp:term":[{"taxonomy":"product_brand","embeddable":true,"href":"https:\/\/business.roovi.com\/ro\/wp-json\/wp\/v2\/product_brand?post=16247"},{"taxonomy":"product_cat","embeddable":true,"href":"https:\/\/business.roovi.com\/ro\/wp-json\/wp\/v2\/product_cat?post=16247"},{"taxonomy":"product_tag","embeddable":true,"href":"https:\/\/business.roovi.com\/ro\/wp-json\/wp\/v2\/product_tag?post=16247"}],"curies":[{"name":"wp","href":"https:\/\/api.w.org\/{rel}","templated":true}]}}