{"id":16327,"date":"2018-04-16T10:56:17","date_gmt":"2018-04-16T10:56:17","guid":{"rendered":"https:\/\/business.roovi.com\/product\/puzzle-locuri-celebre-1000-piese-11\/"},"modified":"2023-03-20T21:54:18","modified_gmt":"2023-03-20T21:54:18","slug":"puzzle-adulti-1000-piese-locuri-celebre-biserica-sfantului-mormant-ierusalim","status":"publish","type":"product","link":"https:\/\/business.roovi.com\/ro\/puzzle-adulti-1000-piese-locuri-celebre-biserica-sfantului-mormant-ierusalim\/p\/","title":{"rendered":"Puzzle adul\u021bi 1000 piese Locuri Celebre &#8211; Biserica Sf\u00e2ntului Morm\u00e2nt, Ierusalim"},"content":{"rendered":"<p><strong><em>Gama de jocuri puzzle Locuri celebre reune\u0219te imagini cu numeroase atrac\u021bii turistice din lumea \u00eentreag\u0103. Potrive\u0219te piesele din puzzle 1000 \u0219i ob\u021bine tablouri superbe cu loca\u021bii de neuitat.<\/em><\/strong><\/p>\n<p><span style=\"font-weight: 400;\">Loca\u021bia Sf\u00e2ntului Morm\u00e2nt este cel mai reprezentativ loc de pelerinaj al lumii cre\u0219tine. Dac\u0103 apreciezi locurile sfinte cu \u00eenc\u0103rc\u0103tur\u0103 special\u0103 pentru lumea cre\u0219tin\u0103, te vei bucura s\u0103 reg\u0103se\u0219ti o imagine des\u0103v\u00e2r\u0219it\u0103 a Bisericii Sf\u00e2ntului Morm\u00e2nt de la Ierusalim \u00eentr-un puzzle 1000 piese cu design de excep\u021bie.\u00a0<\/span><\/p>\n<p><span style=\"font-weight: 400;\">Biserica Sf\u00e2ntului Morm\u00e2nt g\u0103zduie\u0219te dou\u0103 dintre cele mai reprezentative locuri pentru cre\u0219tini: Golgota, locul unde a fost crucificat Iisus \u0219i morm\u00e2ntul unde a fost \u00eengropat \u0219i unde a \u00eenviat. De aceea, l\u0103ca\u0219ul mai este denumit \u0219i Biserica \u00cenvierii. Biserica actual\u0103 a fost construit\u0103 \u00een secolul al XI-lea pe locul unde \u00een secolul al IV-lea \u00eemp\u0103ratul Constantin cel Mare ridicase prima biseric\u0103 \u00eenchinat\u0103 \u00cenvierii.<\/span><\/p>\n<p><span style=\"font-weight: 400;\">E uimitor cum po\u021bi recl\u0103di din 1000 piese puzzle un monument cu o istorie fascinant\u0103, \u00eenc\u0103rcat de legende \u0219i simboluri. Accept\u0103 aceast\u0103 provocare \u0219i alc\u0103tuie\u0219te dintr-un joc puzzle un tablou uimitor pe care \u00eel vei admira \u00eendelung ori de c\u00e2te ori vei sim\u021bi nevoia s\u0103 ie\u0219i din rutina zilnic\u0103. \u00cen plus, puzzle 1000 piese Biserica Sf\u00e2ntului Morm\u00e2nt este o modalitate relaxant\u0103 prin care po\u021bi descoperi frumuse\u021bea unui obiectiv emblematic pentru istoria omenirii.<\/span><\/p>\n<p><strong>De ce s\u0103 alegi un puzzle 1000 piese din colec\u021bia puzzle Locuri celebre?<\/strong><\/p>\n<p><span style=\"font-weight: 400;\">Un puzzle 1000 piese este o modalitate uimitoare pentru a descoperi obiective emblematice cu istorie \u00eendelungat\u0103 \u0219i simbolism aparte.<\/span><\/p>\n<p><span style=\"font-weight: 400;\">Ai ocazia s\u0103 construie\u0219ti pies\u0103 cu pies\u0103 imaginea unui loc considerat sf\u00e2nt de milioane de oameni.<\/span><\/p>\n<p><span style=\"font-weight: 400;\">Tabloul de 68 x 47 cm va fi un obiect decorativ ideal pentru a scoate din anonimat orice loc anost din casa ta.<\/span><\/p>\n<p><span style=\"font-weight: 400;\">Fiecare puzzle de la noi este produs din carton de calitate superioar\u0103 care confer\u0103 pieselor rezisten\u021b\u0103 sporit\u0103 chiar \u0219i la asambl\u0103ri nenum\u0103rate.<\/span><\/p>\n<p><span style=\"font-weight: 400;\">Finisajul este semi-lucios, \u00een culori vii ce scot \u00een eviden\u021b\u0103 claritatea imaginii.<\/span><\/p>\n<p><span style=\"font-weight: 400;\">Este produs din materiale reciclabile, sustenabile.<\/span><\/p>\n<p><span style=\"font-weight: 400;\">Potrivit peste 14 ani &#8211; o bun\u0103 oportunitate de a reface imaginea al\u0103turi de adolescen\u021bi.<\/span><\/p>\n<p><span style=\"font-weight: 400;\">Este o modalitate excelent\u0103 pentru a-\u021bi antrena mintea \u0219i a-\u021bi cultiva creativitatea.<\/span><\/p>\n<p><span style=\"font-weight: 400;\">Te ajut\u0103 s\u0103-\u021bi dezvol\u021bi abilit\u0103\u021bi precum memoria, g\u00e2ndirea logic\u0103, dexteritatea \u0219i motricitatea fin\u0103.<\/span><\/p>\n<p><strong>\u0218tiai c\u0103\u2026?<\/strong><\/p>\n<p><span style=\"font-weight: 400;\">\u00cemp\u0103ratul roman Adrian, \u00een secolul al II-lea d.Hr., a construit un templu dedicat zei\u021bei Afrodita pentru a \u00eengropa pe\u0219tera \u00een care fusese \u00eengropat Iisus. \u00cen jurul anului 325, primul \u00eemp\u0103rat cre\u0219tin, Constantin cel Mare, a ordonat ridicarea unei biserici \u00een acest loc.<\/span><\/p>\n<p><span style=\"font-weight: 400;\">Biserica a fost distrus\u0103 \u0219i reconstruit\u0103 de mai multe ori de-a lungul timpului. Cea de ast\u0103zi, dateaz\u0103 de la 1149, din timpul crucia\u021bilor.<\/span><\/p>\n<p><span style=\"font-weight: 400;\">L\u0103ca\u0219ul are 7 \u00eenc\u0103peri \u0219i este \u00eemp\u0103r\u021bit \u00een sectoare apar\u021bin\u00e2nd mai multor culte: grec-ortodox, romano-catolic, armean, copt, etiopian ortodox \u0219i sirian.<\/span><\/p>\n<p><span style=\"font-weight: 400;\">Sf\u00e2ntul Morm\u00e2nt apar\u021bine comunit\u0103\u021bilor greac\u0103, catolic\u0103 \u0219i armean\u0103. Are form\u0103 dreptunghiular\u0103 \u0219i aici se g\u0103se\u0219te o mic\u0103 bucat\u0103 din st\u00e2nca morm\u00e2ntului lui Iisus.<\/span><\/p>\n<p><strong>Puzzle 1000 piese Biserica Sf\u00e2ntului Morm\u00e2nt &#8211; prilej de medita\u021bie \u0219i deconectare de la cotidian<\/strong><\/p>\n<p><span style=\"font-weight: 400;\">Dac\u0103 vrei s\u0103 te bucuri \u00een tihn\u0103 de c\u00e2teva ore de relaxare profund\u0103, puzzle 1000 piese Biserica Sf\u00e2ntului Morm\u00e2nt este op\u021biunea perfect\u0103. La locurile sfinte se spune c\u0103 timpul \u0219i spa\u021biul au o alt\u0103 dimensiune \u0219i conexiunea cu divinitatea este profund\u0103. S\u0103 refaci un puzzle din 1000 piese cu imaginea acestor locuri cu energie divin\u0103 \u00ee\u021bi d\u0103 prilejul s\u0103 c\u0103l\u0103tore\u0219ti cu mintea pe t\u0103r\u00e2murile \u00eendep\u0103rtate \u0219i s\u0103 te deta\u0219ezi de la grijile cotidiene.<\/span><\/p>\n<p><span style=\"font-weight: 400;\">Asamblarea unui joc puzzle are efectele unei medita\u021bii profunde tocmai pentru c\u0103 \u00ee\u021bi men\u021bine aten\u021bia pe o sarcin\u0103 precis\u0103 pentru un timp \u00eendelungat. Astfel, mintea se elibereaz\u0103 de g\u00e2ndurile negative \u0219i de stresul zilnic \u0219i tr\u0103ie\u0219ti o stare de pace de care ai at\u00e2ta nevoie.<\/span><\/p>\n<p><span style=\"font-weight: 400;\">Puzzle 1000 piese Biserica Sf\u00e2ntului Morm\u00e2nt poate fi \u0219i un prilej de a petrece timpul liber al\u0103turi de cei dragi. Organizeaz\u0103 o sesiune de puzzle \u00eempreun\u0103 cu copiii, povesti\u021bi despre istoria locului sau despre via\u021ba lui Iisus. Transform\u0103 un joc puzzle \u00eentr-o sesiune interesant\u0103 de cunoa\u0219tere \u0219i crea\u021bie.<\/span><\/p>\n<p><span style=\"font-weight: 400;\">Descoper\u0103 toate puzzle-urile adul\u021bi 1000 piese din colec\u021bia puzzle Locuri celebre \u0219i creeaz\u0103-\u021bi o colec\u021bie unic\u0103 de tablouri \u00eenf\u0103\u021bi\u0219\u00e2nd obiective de poveste din lumea \u00eentreag\u0103.<\/span><\/p>\n<p>\u00a0<\/p>\n","protected":false},"excerpt":{"rendered":"<p>Gama de jocuri puzzle Locuri celebre reune\u0219te imagini cu numeroase atrac\u021bii turistice din lumea \u00eentreag\u0103. Potrive\u0219te piesele din puzzle 1000<\/p>\n","protected":false},"featured_media":16313,"template":"","meta":[],"product_brand":[],"product_cat":[1454,1488,1560],"product_tag":[],"class_list":{"0":"post-16327","1":"product","2":"type-product","3":"status-publish","4":"has-post-thumbnail","6":"product_cat-puzzle","7":"product_cat-puzzle-adulti","8":"product_cat-puzzle-adulti-1000","9":"pa_bax-1273","10":"pa_brand-d_toys","11":"pa_country_of_manufacture-ro","12":"pa_filter_age-1315","13":"pa_painter-famousplaces","14":"pa_tip_ambalaj-cutie","15":"pa_tip_puzzle-clasic","17":"first","18":"instock","19":"taxable","20":"shipping-taxable","21":"product-type-simple"},"yoast_head":"<!-- This site is optimized with the Yoast SEO plugin v20.1 - https:\/\/yoast.com\/wordpress\/plugins\/seo\/ -->\n<title>Puzzle adul\u021bi 1000 piese Locuri Celebre - Biserica Sf\u00e2ntului Morm\u00e2nt, Ierusalim - Roovi B2B<\/title>\n<meta name=\"robots\" content=\"index, follow, max-snippet:-1, max-image-preview:large, max-video-preview:-1\" \/>\n<link rel=\"canonical\" href=\"https:\/\/www.roovi.ro\/puzzle-adulti-1000-piese-locuri-celebre-biserica-sfantului-mormant-ierusalim\/p\/\" \/>\n<meta property=\"og:locale\" content=\"ro_RO\" \/>\n<meta property=\"og:type\" content=\"article\" \/>\n<meta property=\"og:title\" content=\"Puzzle adul\u021bi 1000 piese Locuri Celebre - Biserica Sf\u00e2ntului Morm\u00e2nt, Ierusalim - Roovi B2B\" \/>\n<meta property=\"og:description\" content=\"Gama de jocuri puzzle Locuri celebre reune\u0219te imagini cu numeroase atrac\u021bii turistice din lumea \u00eentreag\u0103. Potrive\u0219te piesele din puzzle 1000\" \/>\n<meta property=\"og:url\" content=\"https:\/\/www.roovi.ro\/puzzle-adulti-1000-piese-locuri-celebre-biserica-sfantului-mormant-ierusalim\/p\/\" \/>\n<meta property=\"og:site_name\" content=\"Roovi B2B\" \/>\n<meta property=\"article:publisher\" content=\"https:\/\/www.facebook.com\/wwwjucariero\" \/>\n<meta property=\"article:modified_time\" content=\"2023-03-20T21:54:18+00:00\" \/>\n<meta property=\"og:image\" content=\"https:\/\/business.roovi.com\/wp-content\/uploads\/2018\/04\/64288-11_ansamblu_dimensiuni_cutie_cm_orizontal.png\" \/>\n\t<meta property=\"og:image:width\" content=\"1200\" \/>\n\t<meta property=\"og:image:height\" content=\"1200\" \/>\n\t<meta property=\"og:image:type\" content=\"image\/png\" \/>\n<meta name=\"twitter:label1\" content=\"Timp estimat pentru citire\" \/>\n\t<meta name=\"twitter:data1\" content=\"4 minute\" \/>\n<script type=\"application\/ld+json\" class=\"yoast-schema-graph\">{\"@context\":\"https:\/\/schema.org\",\"@graph\":[{\"@type\":\"WebPage\",\"@id\":\"https:\/\/business.roovi.com\/ro\/puzzle-adulti-1000-piese-locuri-celebre-biserica-sfantului-mormant-ierusalim\/p\/\",\"url\":\"https:\/\/www.roovi.ro\/puzzle-adulti-1000-piese-locuri-celebre-biserica-sfantului-mormant-ierusalim\/p\/\",\"name\":\"Puzzle adul\u021bi 1000 piese Locuri Celebre - Biserica Sf\u00e2ntului Morm\u00e2nt, Ierusalim - Roovi B2B\",\"isPartOf\":{\"@id\":\"https:\/\/business.roovi.com\/ro\/#website\"},\"datePublished\":\"2018-04-16T10:56:17+00:00\",\"dateModified\":\"2023-03-20T21:54:18+00:00\",\"breadcrumb\":{\"@id\":\"https:\/\/www.roovi.ro\/puzzle-adulti-1000-piese-locuri-celebre-biserica-sfantului-mormant-ierusalim\/p\/#breadcrumb\"},\"inLanguage\":\"ro-RO\",\"potentialAction\":[{\"@type\":\"ReadAction\",\"target\":[\"https:\/\/www.roovi.ro\/puzzle-adulti-1000-piese-locuri-celebre-biserica-sfantului-mormant-ierusalim\/p\/\"]}]},{\"@type\":\"BreadcrumbList\",\"@id\":\"https:\/\/www.roovi.ro\/puzzle-adulti-1000-piese-locuri-celebre-biserica-sfantului-mormant-ierusalim\/p\/#breadcrumb\",\"itemListElement\":[{\"@type\":\"ListItem\",\"position\":1,\"name\":\"Home\",\"item\":\"https:\/\/business.roovi.com\/ro\/\"},{\"@type\":\"ListItem\",\"position\":2,\"name\":\"Magazin\",\"item\":\"https:\/\/business.roovi.com\/ro\/magazin\/\"},{\"@type\":\"ListItem\",\"position\":3,\"name\":\"Puzzle adul\u021bi 1000 piese Locuri Celebre &#8211; Biserica Sf\u00e2ntului Morm\u00e2nt, Ierusalim\"}]},{\"@type\":\"WebSite\",\"@id\":\"https:\/\/business.roovi.com\/ro\/#website\",\"url\":\"https:\/\/business.roovi.com\/ro\/\",\"name\":\"Roovi B2B\",\"description\":\"Roovi Business Website\",\"potentialAction\":[{\"@type\":\"SearchAction\",\"target\":{\"@type\":\"EntryPoint\",\"urlTemplate\":\"https:\/\/business.roovi.com\/ro\/?s={search_term_string}\"},\"query-input\":\"required name=search_term_string\"}],\"inLanguage\":\"ro-RO\"}]}<\/script>\n<!-- \/ Yoast SEO plugin. -->","yoast_head_json":{"title":"Puzzle adul\u021bi 1000 piese Locuri Celebre - Biserica Sf\u00e2ntului Morm\u00e2nt, Ierusalim - Roovi B2B","robots":{"index":"index","follow":"follow","max-snippet":"max-snippet:-1","max-image-preview":"max-image-preview:large","max-video-preview":"max-video-preview:-1"},"canonical":"https:\/\/www.roovi.ro\/puzzle-adulti-1000-piese-locuri-celebre-biserica-sfantului-mormant-ierusalim\/p\/","og_locale":"ro_RO","og_type":"article","og_title":"Puzzle adul\u021bi 1000 piese Locuri Celebre - Biserica Sf\u00e2ntului Morm\u00e2nt, Ierusalim - Roovi B2B","og_description":"Gama de jocuri puzzle Locuri celebre reune\u0219te imagini cu numeroase atrac\u021bii turistice din lumea \u00eentreag\u0103. Potrive\u0219te piesele din puzzle 1000","og_url":"https:\/\/www.roovi.ro\/puzzle-adulti-1000-piese-locuri-celebre-biserica-sfantului-mormant-ierusalim\/p\/","og_site_name":"Roovi B2B","article_publisher":"https:\/\/www.facebook.com\/wwwjucariero","article_modified_time":"2023-03-20T21:54:18+00:00","og_image":[{"width":1200,"height":1200,"url":"https:\/\/business.roovi.com\/wp-content\/uploads\/2018\/04\/64288-11_ansamblu_dimensiuni_cutie_cm_orizontal.png","type":"image\/png"}],"twitter_misc":{"Timp estimat pentru citire":"4 minute"},"schema":{"@context":"https:\/\/schema.org","@graph":[{"@type":"WebPage","@id":"https:\/\/business.roovi.com\/ro\/puzzle-adulti-1000-piese-locuri-celebre-biserica-sfantului-mormant-ierusalim\/p\/","url":"https:\/\/www.roovi.ro\/puzzle-adulti-1000-piese-locuri-celebre-biserica-sfantului-mormant-ierusalim\/p\/","name":"Puzzle adul\u021bi 1000 piese Locuri Celebre - Biserica Sf\u00e2ntului Morm\u00e2nt, Ierusalim - Roovi B2B","isPartOf":{"@id":"https:\/\/business.roovi.com\/ro\/#website"},"datePublished":"2018-04-16T10:56:17+00:00","dateModified":"2023-03-20T21:54:18+00:00","breadcrumb":{"@id":"https:\/\/www.roovi.ro\/puzzle-adulti-1000-piese-locuri-celebre-biserica-sfantului-mormant-ierusalim\/p\/#breadcrumb"},"inLanguage":"ro-RO","potentialAction":[{"@type":"ReadAction","target":["https:\/\/www.roovi.ro\/puzzle-adulti-1000-piese-locuri-celebre-biserica-sfantului-mormant-ierusalim\/p\/"]}]},{"@type":"BreadcrumbList","@id":"https:\/\/www.roovi.ro\/puzzle-adulti-1000-piese-locuri-celebre-biserica-sfantului-mormant-ierusalim\/p\/#breadcrumb","itemListElement":[{"@type":"ListItem","position":1,"name":"Home","item":"https:\/\/business.roovi.com\/ro\/"},{"@type":"ListItem","position":2,"name":"Magazin","item":"https:\/\/business.roovi.com\/ro\/magazin\/"},{"@type":"ListItem","position":3,"name":"Puzzle adul\u021bi 1000 piese Locuri Celebre &#8211; Biserica Sf\u00e2ntului Morm\u00e2nt, Ierusalim"}]},{"@type":"WebSite","@id":"https:\/\/business.roovi.com\/ro\/#website","url":"https:\/\/business.roovi.com\/ro\/","name":"Roovi B2B","description":"Roovi Business Website","potentialAction":[{"@type":"SearchAction","target":{"@type":"EntryPoint","urlTemplate":"https:\/\/business.roovi.com\/ro\/?s={search_term_string}"},"query-input":"required name=search_term_string"}],"inLanguage":"ro-RO"}]}},"_links":{"self":[{"href":"https:\/\/business.roovi.com\/ro\/wp-json\/wp\/v2\/product\/16327","targetHints":{"allow":["GET"]}}],"collection":[{"href":"https:\/\/business.roovi.com\/ro\/wp-json\/wp\/v2\/product"}],"about":[{"href":"https:\/\/business.roovi.com\/ro\/wp-json\/wp\/v2\/types\/product"}],"version-history":[{"count":0,"href":"https:\/\/business.roovi.com\/ro\/wp-json\/wp\/v2\/product\/16327\/revisions"}],"wp:featuredmedia":[{"embeddable":true,"href":"https:\/\/business.roovi.com\/ro\/wp-json\/wp\/v2\/media\/16313"}],"wp:attachment":[{"href":"https:\/\/business.roovi.com\/ro\/wp-json\/wp\/v2\/media?parent=16327"}],"wp:term":[{"taxonomy":"product_brand","embeddable":true,"href":"https:\/\/business.roovi.com\/ro\/wp-json\/wp\/v2\/product_brand?post=16327"},{"taxonomy":"product_cat","embeddable":true,"href":"https:\/\/business.roovi.com\/ro\/wp-json\/wp\/v2\/product_cat?post=16327"},{"taxonomy":"product_tag","embeddable":true,"href":"https:\/\/business.roovi.com\/ro\/wp-json\/wp\/v2\/product_tag?post=16327"}],"curies":[{"name":"wp","href":"https:\/\/api.w.org\/{rel}","templated":true}]}}