{"id":16357,"date":"2018-04-16T10:56:17","date_gmt":"2018-04-16T10:56:17","guid":{"rendered":"https:\/\/business.roovi.com\/product\/puzzle-peisaje-de-zi-1000-piese-8\/"},"modified":"2023-03-20T21:54:09","modified_gmt":"2023-03-20T21:54:09","slug":"puzzle-adulti-1000-piese-peisaje-de-zi-gent-belgia","status":"publish","type":"product","link":"https:\/\/business.roovi.com\/ro\/puzzle-adulti-1000-piese-peisaje-de-zi-gent-belgia\/p\/","title":{"rendered":"Puzzle adulti 1000 piese Peisaje de zi &#8211; Gent, Belgia"},"content":{"rendered":"<p><strong><em>E\u0219ti un maestru al jocurilor puzzle? Descoper\u0103 colec\u021bia puzzle 1000 piese Peisaje de zi \u0219i creeaz\u0103 tablouri superbe cu locuri celebre din lume.<\/em><\/strong><\/p>\n<p><span style=\"font-weight: 400;\">Puzzle 1000 piese cu un peisaj de zi din ora\u0219ul Gent \u00ee\u021bi ofer\u0103 un fel de city break mental \u0219i te duce cu g\u00e2ndul \u00eentr-unul dintre cele mai vibrante ora\u0219e din Belgia.\u00a0<\/span><\/p>\n<p><span style=\"font-weight: 400;\">\u00cen secolul al XIV-lea, Gent era unul dintre cele mai importante ora\u0219e din Europa. Era mai mare dec\u00e2t Londra \u0219i al II-lea dup\u0103 Paris, av\u00e2nd o popula\u021bie de 60.000 de locuitori. \u00cen secolul al XIX-lea era primul ora\u0219 industrial al Belgiei \u0219i se men\u021binea \u00een topul celor mai de frunte ora\u0219e europene.<\/span><\/p>\n<p><span style=\"font-weight: 400;\">\u00cen prezent, ora\u0219ul se m\u00e2ndre\u0219te cu cele mai multe cl\u0103diri protejate din Belgia. Un ora\u0219 cu un trecut \u00eendelungat \u0219i cu un patrimoniu arhitectural extraordinar. Cel mai u\u0219or po\u021bi descoperi ora\u0219ul la pas, la bordul b\u0103rcilor ce traverseaz\u0103 canalele fascinante sau cu bicicleta. Sau, de ce nu, prin intermediul acestui joc puzzle deosebit.<\/span><\/p>\n<p><span style=\"font-weight: 400;\">Pune fiecare pies\u0103 din puzzle 1000 la locul ei \u00een imaginea de ansamblu \u0219i reconstituie imaginea ora\u0219ului surprins la lumina zilei. Tabloul ob\u021binut are dimensiunile de 68 x 47 cm \u0219i poate fi o pies\u0103 central\u0103 de decor care s\u0103 \u00ee\u021bi \u00eenfrumuse\u021beze locuin\u021ba.<\/span><\/p>\n<p><strong>De ce s\u0103 alegi un puzzle 1000 piese din colec\u021bia Peisaje de zi?\u00a0\u00a0<\/strong><\/p>\n<p><span style=\"font-weight: 400;\">Este o modalitate uimitoare de relaxare prin care descoperi obiective turistice admirate de o lume \u00eentreag\u0103.<\/span><\/p>\n<p><span style=\"font-weight: 400;\">Jocul puzzle solicit\u0103 ambele emisfere cerebrale fiind astfel un antrenament complex pentru creierul uman.<\/span><\/p>\n<p><span style=\"font-weight: 400;\">\u00ce\u021bi cultiv\u0103 r\u0103bdarea, perseveren\u021ba \u0219i aten\u021bia la detalii.<\/span><\/p>\n<p><span style=\"font-weight: 400;\">Piesele din puzzle 1000 sunt confec\u021bionate din carton albastru de calitate superioar\u0103, sunt t\u0103iate cu precizie \u0219i se \u00eembin\u0103 perfect chiar \u0219i dac\u0103 jocul puzzle este asamblat de mai multe ori.<\/span><\/p>\n<p><span style=\"font-weight: 400;\">Fiecare puzzle 1000 piese este produs din materiale sustenabile \u0219i reciclabile.<\/span><\/p>\n<p><span style=\"font-weight: 400;\">Are finisaje semi-lucioase \u0219i culori vii ce scot \u00een eviden\u021b\u0103 frumuse\u021bea \u0219i claritarea imaginii.<\/span><\/p>\n<p><span style=\"font-weight: 400;\">Este potrivit pentru cei peste 14 ani \u0219i are un grad mediu de dificultate.<\/span><\/p>\n<p><strong>\u0218tiai c\u0103\u2026?<\/strong><\/p>\n<p><span style=\"font-weight: 400;\">Locuitorii ora\u0219ului Gent poart\u0103 porecla <\/span><em><span style=\"font-weight: 400;\">stroppendragers<\/span><\/em><span style=\"font-weight: 400;\">, care \u00eenseamn\u0103 <\/span><span style=\"font-weight: 400;\">&#8222;<\/span><span style=\"font-weight: 400;\">purt\u0103torii de \u0219treang<\/span><span style=\"font-weight: 400;\">&#8222;<\/span><span style=\"font-weight: 400;\">. Numele li se trage din 1540 c\u00e2nd Carol Quintul i-a pedepsit pe nobilii care nu mai voiau s\u0103 pl\u0103teasc\u0103 d\u0103rile m\u0103rite pun\u00e2ndu-i s\u0103 m\u0103r\u0219\u0103luiasc\u0103 descul\u021bi prin ora\u0219, purt\u00e2nd \u0219treanguri \u00een jurul g\u00e2tului.<\/span><\/p>\n<p><span style=\"font-weight: 400;\">Una dintre cele mai importante atrac\u021bii din Gent este Catedrala Sf\u00e2ntul Bavo unde poate fi admirat\u0103 celebra capodoper\u0103 a fra\u021bilor Jan \u0219i Hubert van Eyck, <\/span><em><span style=\"font-weight: 400;\">Adora\u021bia mielului mistic<\/span><\/em><span style=\"font-weight: 400;\">.<\/span><\/p>\n<p><span style=\"font-weight: 400;\">Opera <\/span><em><span style=\"font-weight: 400;\">Adora\u021bia mielului mistic <\/span><\/em><span style=\"font-weight: 400;\">este capodopera medieval\u0103 cea mai frecvent furat\u0103 din istorie.\u00a0<\/span><\/p>\n<p><span style=\"font-weight: 400;\">Fiind un deschiz\u0103tor de drumuri \u00een domeniul muzicii, \u00een 2009, UNESCO i-a acordat ora\u0219ului Gent distinc\u021bia \u201cCreative City of Music\u201d.<\/span><\/p>\n<p><span style=\"font-weight: 400;\">\u00a0<\/span><strong>Descoper\u0103 o activitate antrenant\u0103 prin puzzle adul\u021bi 1000 piese<\/strong><\/p>\n<p><span style=\"font-weight: 400;\">C\u00e2nd refaci imaginea din puzzle 1000 piese Gent, Belgia, mintea ta este antrenat\u0103 \u00eentr-un exerci\u021biu complet. Ambele emisfere cerebrale sunt antrenate \u0219i astfel jocul puzzle st\u00e2rne\u0219te imagina\u021bia \u0219i dezvolt\u0103 g\u00e2ndirea logic\u0103. De asemenea, te ajut\u0103 s\u0103-\u021bi cre\u0219ti productivitatea \u0219i s\u0103 g\u0103se\u0219ti solu\u021bia potrivit\u0103 chiar \u0219i \u00een situa\u021biile c\u00e2nd totul pare imposibil.<\/span><\/p>\n<p><span style=\"font-weight: 400;\">S\u0103-\u021bi petreci timpul alc\u0103tuind un frumos peisaj dintr-un ora\u0219 european este o modalitate prin care \u00ee\u021bi \u00eencarci bateriile dup\u0103 o zi interminabil\u0103 de munc\u0103. \u00cen plus, poate fi un prilej de a petrece timp de calitate cu familia \u0219i a-\u021bi \u00eent\u0103ri rela\u021biile cu cei dragi.<\/span><\/p>\n<p><span style=\"font-weight: 400;\">Alege a\u0219adar puzzle 1000 piese Gent, Belgia din colec\u021bia de puzzle-uri Peisaje de zi \u0219i bucur\u0103-te de toate beneficiile care deriv\u0103 dintr-un joc puzzle.<\/span><\/p>\n<p>\u00a0<\/p>\n","protected":false},"excerpt":{"rendered":"<p>E\u0219ti un maestru al jocurilor puzzle? Descoper\u0103 colec\u021bia puzzle 1000 piese Peisaje de zi \u0219i creeaz\u0103 tablouri superbe cu locuri<\/p>\n","protected":false},"featured_media":16343,"template":"","meta":[],"product_brand":[],"product_cat":[1454,1488,1560],"product_tag":[],"class_list":{"0":"post-16357","1":"product","2":"type-product","3":"status-publish","4":"has-post-thumbnail","6":"product_cat-puzzle","7":"product_cat-puzzle-adulti","8":"product_cat-puzzle-adulti-1000","9":"pa_bax-1273","10":"pa_brand-d_toys","11":"pa_country_of_manufacture-ro","12":"pa_filter_age-1315","13":"pa_painter-landscapes","14":"pa_tip_ambalaj-cutie","15":"pa_tip_puzzle-clasic","17":"first","18":"instock","19":"taxable","20":"shipping-taxable","21":"product-type-simple"},"yoast_head":"<!-- This site is optimized with the Yoast SEO plugin v20.1 - https:\/\/yoast.com\/wordpress\/plugins\/seo\/ -->\n<title>Puzzle adulti 1000 piese Peisaje de zi - Gent, Belgia - Roovi B2B<\/title>\n<meta name=\"robots\" content=\"index, follow, max-snippet:-1, max-image-preview:large, max-video-preview:-1\" \/>\n<link rel=\"canonical\" href=\"https:\/\/www.roovi.ro\/puzzle-adulti-1000-piese-peisaje-de-zi-gent-belgia\/p\/\" \/>\n<meta property=\"og:locale\" content=\"ro_RO\" \/>\n<meta property=\"og:type\" content=\"article\" \/>\n<meta property=\"og:title\" content=\"Puzzle adulti 1000 piese Peisaje de zi - Gent, Belgia - Roovi B2B\" \/>\n<meta property=\"og:description\" content=\"E\u0219ti un maestru al jocurilor puzzle? Descoper\u0103 colec\u021bia puzzle 1000 piese Peisaje de zi \u0219i creeaz\u0103 tablouri superbe cu locuri\" \/>\n<meta property=\"og:url\" content=\"https:\/\/www.roovi.ro\/puzzle-adulti-1000-piese-peisaje-de-zi-gent-belgia\/p\/\" \/>\n<meta property=\"og:site_name\" content=\"Roovi B2B\" \/>\n<meta property=\"article:publisher\" content=\"https:\/\/www.facebook.com\/wwwjucariero\" \/>\n<meta property=\"article:modified_time\" content=\"2023-03-20T21:54:09+00:00\" \/>\n<meta property=\"og:image\" content=\"https:\/\/business.roovi.com\/wp-content\/uploads\/2018\/04\/62154-08_ansamblu_dimensiuni_cutie_cm_orizontal.png\" \/>\n\t<meta property=\"og:image:width\" content=\"1200\" \/>\n\t<meta property=\"og:image:height\" content=\"1200\" \/>\n\t<meta property=\"og:image:type\" content=\"image\/png\" \/>\n<meta name=\"twitter:label1\" content=\"Timp estimat pentru citire\" \/>\n\t<meta name=\"twitter:data1\" content=\"3 minute\" \/>\n<script type=\"application\/ld+json\" class=\"yoast-schema-graph\">{\"@context\":\"https:\/\/schema.org\",\"@graph\":[{\"@type\":\"WebPage\",\"@id\":\"https:\/\/business.roovi.com\/ro\/puzzle-adulti-1000-piese-peisaje-de-zi-gent-belgia\/p\/\",\"url\":\"https:\/\/www.roovi.ro\/puzzle-adulti-1000-piese-peisaje-de-zi-gent-belgia\/p\/\",\"name\":\"Puzzle adulti 1000 piese Peisaje de zi - Gent, Belgia - Roovi B2B\",\"isPartOf\":{\"@id\":\"https:\/\/business.roovi.com\/ro\/#website\"},\"datePublished\":\"2018-04-16T10:56:17+00:00\",\"dateModified\":\"2023-03-20T21:54:09+00:00\",\"breadcrumb\":{\"@id\":\"https:\/\/www.roovi.ro\/puzzle-adulti-1000-piese-peisaje-de-zi-gent-belgia\/p\/#breadcrumb\"},\"inLanguage\":\"ro-RO\",\"potentialAction\":[{\"@type\":\"ReadAction\",\"target\":[\"https:\/\/www.roovi.ro\/puzzle-adulti-1000-piese-peisaje-de-zi-gent-belgia\/p\/\"]}]},{\"@type\":\"BreadcrumbList\",\"@id\":\"https:\/\/www.roovi.ro\/puzzle-adulti-1000-piese-peisaje-de-zi-gent-belgia\/p\/#breadcrumb\",\"itemListElement\":[{\"@type\":\"ListItem\",\"position\":1,\"name\":\"Home\",\"item\":\"https:\/\/business.roovi.com\/ro\/\"},{\"@type\":\"ListItem\",\"position\":2,\"name\":\"Magazin\",\"item\":\"https:\/\/business.roovi.com\/ro\/magazin\/\"},{\"@type\":\"ListItem\",\"position\":3,\"name\":\"Puzzle adulti 1000 piese Peisaje de zi &#8211; Gent, Belgia\"}]},{\"@type\":\"WebSite\",\"@id\":\"https:\/\/business.roovi.com\/ro\/#website\",\"url\":\"https:\/\/business.roovi.com\/ro\/\",\"name\":\"Roovi B2B\",\"description\":\"Roovi Business Website\",\"potentialAction\":[{\"@type\":\"SearchAction\",\"target\":{\"@type\":\"EntryPoint\",\"urlTemplate\":\"https:\/\/business.roovi.com\/ro\/?s={search_term_string}\"},\"query-input\":\"required name=search_term_string\"}],\"inLanguage\":\"ro-RO\"}]}<\/script>\n<!-- \/ Yoast SEO plugin. -->","yoast_head_json":{"title":"Puzzle adulti 1000 piese Peisaje de zi - Gent, Belgia - Roovi B2B","robots":{"index":"index","follow":"follow","max-snippet":"max-snippet:-1","max-image-preview":"max-image-preview:large","max-video-preview":"max-video-preview:-1"},"canonical":"https:\/\/www.roovi.ro\/puzzle-adulti-1000-piese-peisaje-de-zi-gent-belgia\/p\/","og_locale":"ro_RO","og_type":"article","og_title":"Puzzle adulti 1000 piese Peisaje de zi - Gent, Belgia - Roovi B2B","og_description":"E\u0219ti un maestru al jocurilor puzzle? Descoper\u0103 colec\u021bia puzzle 1000 piese Peisaje de zi \u0219i creeaz\u0103 tablouri superbe cu locuri","og_url":"https:\/\/www.roovi.ro\/puzzle-adulti-1000-piese-peisaje-de-zi-gent-belgia\/p\/","og_site_name":"Roovi B2B","article_publisher":"https:\/\/www.facebook.com\/wwwjucariero","article_modified_time":"2023-03-20T21:54:09+00:00","og_image":[{"width":1200,"height":1200,"url":"https:\/\/business.roovi.com\/wp-content\/uploads\/2018\/04\/62154-08_ansamblu_dimensiuni_cutie_cm_orizontal.png","type":"image\/png"}],"twitter_misc":{"Timp estimat pentru citire":"3 minute"},"schema":{"@context":"https:\/\/schema.org","@graph":[{"@type":"WebPage","@id":"https:\/\/business.roovi.com\/ro\/puzzle-adulti-1000-piese-peisaje-de-zi-gent-belgia\/p\/","url":"https:\/\/www.roovi.ro\/puzzle-adulti-1000-piese-peisaje-de-zi-gent-belgia\/p\/","name":"Puzzle adulti 1000 piese Peisaje de zi - Gent, Belgia - Roovi B2B","isPartOf":{"@id":"https:\/\/business.roovi.com\/ro\/#website"},"datePublished":"2018-04-16T10:56:17+00:00","dateModified":"2023-03-20T21:54:09+00:00","breadcrumb":{"@id":"https:\/\/www.roovi.ro\/puzzle-adulti-1000-piese-peisaje-de-zi-gent-belgia\/p\/#breadcrumb"},"inLanguage":"ro-RO","potentialAction":[{"@type":"ReadAction","target":["https:\/\/www.roovi.ro\/puzzle-adulti-1000-piese-peisaje-de-zi-gent-belgia\/p\/"]}]},{"@type":"BreadcrumbList","@id":"https:\/\/www.roovi.ro\/puzzle-adulti-1000-piese-peisaje-de-zi-gent-belgia\/p\/#breadcrumb","itemListElement":[{"@type":"ListItem","position":1,"name":"Home","item":"https:\/\/business.roovi.com\/ro\/"},{"@type":"ListItem","position":2,"name":"Magazin","item":"https:\/\/business.roovi.com\/ro\/magazin\/"},{"@type":"ListItem","position":3,"name":"Puzzle adulti 1000 piese Peisaje de zi &#8211; Gent, Belgia"}]},{"@type":"WebSite","@id":"https:\/\/business.roovi.com\/ro\/#website","url":"https:\/\/business.roovi.com\/ro\/","name":"Roovi B2B","description":"Roovi Business Website","potentialAction":[{"@type":"SearchAction","target":{"@type":"EntryPoint","urlTemplate":"https:\/\/business.roovi.com\/ro\/?s={search_term_string}"},"query-input":"required name=search_term_string"}],"inLanguage":"ro-RO"}]}},"_links":{"self":[{"href":"https:\/\/business.roovi.com\/ro\/wp-json\/wp\/v2\/product\/16357","targetHints":{"allow":["GET"]}}],"collection":[{"href":"https:\/\/business.roovi.com\/ro\/wp-json\/wp\/v2\/product"}],"about":[{"href":"https:\/\/business.roovi.com\/ro\/wp-json\/wp\/v2\/types\/product"}],"version-history":[{"count":0,"href":"https:\/\/business.roovi.com\/ro\/wp-json\/wp\/v2\/product\/16357\/revisions"}],"wp:featuredmedia":[{"embeddable":true,"href":"https:\/\/business.roovi.com\/ro\/wp-json\/wp\/v2\/media\/16343"}],"wp:attachment":[{"href":"https:\/\/business.roovi.com\/ro\/wp-json\/wp\/v2\/media?parent=16357"}],"wp:term":[{"taxonomy":"product_brand","embeddable":true,"href":"https:\/\/business.roovi.com\/ro\/wp-json\/wp\/v2\/product_brand?post=16357"},{"taxonomy":"product_cat","embeddable":true,"href":"https:\/\/business.roovi.com\/ro\/wp-json\/wp\/v2\/product_cat?post=16357"},{"taxonomy":"product_tag","embeddable":true,"href":"https:\/\/business.roovi.com\/ro\/wp-json\/wp\/v2\/product_tag?post=16357"}],"curies":[{"name":"wp","href":"https:\/\/api.w.org\/{rel}","templated":true}]}}