{"id":16372,"date":"2018-04-16T10:56:17","date_gmt":"2018-04-16T10:56:17","guid":{"rendered":"https:\/\/business.roovi.com\/product\/puzzle-peisaje-de-zi-1000-piese-10\/"},"modified":"2023-03-20T21:54:06","modified_gmt":"2023-03-20T21:54:06","slug":"puzzle-adulti-1000-piese-peisaje-de-zi-burano-italia","status":"publish","type":"product","link":"https:\/\/business.roovi.com\/ro\/puzzle-adulti-1000-piese-peisaje-de-zi-burano-italia\/p\/","title":{"rendered":"Puzzle adulti 1000 piese Peisaje de zi &#8211; Burano, Italia"},"content":{"rendered":"<p><strong><em>Te sim\u021bi inspirat? Pune \u00een ordine 1000 de piese de puzzle \u0219i alc\u0103tuie\u0219te tablouri superbe cu imagini ale unor obiective turistice emblematice \u00een lume.<\/em><\/strong><\/p>\n<p><span style=\"font-weight: 400;\">O mul\u021bime de c\u0103su\u021be colorate, cu flori multicolore la balcoane \u00ee\u021bi \u00eenc\u00e2nt\u0103 privirea imediat ce ai p\u0103\u0219it \u00een Burano, una dintre cele mai frumoase insule din laguna Vene\u021biei. Lini\u0219tea boem\u0103 \u0219i nuan\u021bele vii care zugr\u0103vesc peisajul \u00ee\u021bi dau impresia c\u0103 ai ajuns \u00eentr-un loc de poveste, \u00eenc\u0103rcat de istorie \u0219i simboluri.<\/span><\/p>\n<p><span style=\"font-weight: 400;\">Puzzle 1000 piese Burano red\u0103 \u00eentr-o imagine superb\u0103 un peisaj de zi surprins pe aceast\u0103 insul\u0103 plin\u0103 de farmec \u0219i culoare. C\u00e2nd lipe\u0219ti piesele de puzzle f\u0103ure\u0219ti o adev\u0103rat\u0103 explozie de nuan\u021be str\u0103lucitoare. Tabloul rezultat d\u0103 o not\u0103 optimist\u0103 \u0219i mult\u0103 personalitate oric\u0103rui loc din casa ta.<\/span><\/p>\n<p><span style=\"font-weight: 400;\">Insula Burano se afl\u0103 la doar 7 km de Vene\u021bia. Este cunoscut\u0103 \u00een lumea \u00eentreag\u0103 at\u00e2t pentru coloristica specific\u0103 a cl\u0103dirilor care fac din ea una dintre cele mai fotogenice destina\u021bii din Italia, c\u00e2t \u0219i pentru dantela brodat\u0103 manual care \u00een secolele trecute a sus\u021binut un comer\u021b \u00eenfloritor.<\/span><\/p>\n<p><span style=\"font-weight: 400;\">Puzzle 1000 piese Burano din colec\u021bia puzzle peisaje de zi este o adev\u0103rat\u0103 terapie prin culoare pentru zilele mohor\u00e2te sau pentru momentele c\u00e2nd grijile te apas\u0103 \u0219i vrei s\u0103 evadezi din cotidian. Porne\u0219te a\u0219adar cu sufletul deschis spre o destina\u021bie de poveste cu acest joc puzzle de excep\u021bie.<\/span><\/p>\n<p><strong>De ce s\u0103 alegi un puzzle 1000 piese din colec\u021bia de puzzle-uri Peisaje de zi?<\/strong><\/p>\n<p><span style=\"font-weight: 400;\">Ai ocazia s\u0103 admiri \u00eendelung loca\u021bii fascinante, celebre \u00een lume prin intermediul unei activit\u0103\u021bi relaxante.<\/span><\/p>\n<p><span style=\"font-weight: 400;\">Este o bun\u0103 oportunitate pentru a sta \u00eempreun\u0103 \u0219i a te bucura de compania celor dragi.<\/span><\/p>\n<p><span style=\"font-weight: 400;\">Un puzzle 1000 piese este un exerci\u021biu mental ce poate st\u00e2rni imagina\u021bia \u0219i dezvolta at\u00e2t creativitatea, c\u00e2t \u0219i productivitatea.<\/span><\/p>\n<p><span style=\"font-weight: 400;\">Ob\u021bii un tablou cu dimensiunile 68 x 47 cm ce va ar\u0103ta uimitor oriunde \u00eel vei expune.<\/span><\/p>\n<p><span style=\"font-weight: 400;\">Este produs din carton albastru de calitate superioar\u0103, piesele sunt t\u0103iate cu precizie \u0219i se \u00eembin\u0103 perfect chiar \u0219i dac\u0103 jocul puzzle este asamblat de mai multe ori.<\/span><\/p>\n<p><span style=\"font-weight: 400;\">Folosim pentru fiecare puzzle 1000 piese materiale sustenabile \u0219i reciclabile.<\/span><\/p>\n<p><span style=\"font-weight: 400;\">Finisajele sunt semi-lucioase, \u00een culori vii ce scot \u00een eviden\u021b\u0103 frumuse\u021bea \u0219i claritarea imaginii.<\/span><\/p>\n<p><span style=\"font-weight: 400;\">Este potrivit pentru cei peste 14 ani \u0219i are un grad mediu de dificultate.<\/span><\/p>\n<p><strong>\u0218tiai c\u0103\u2026?<\/strong><\/p>\n<p><span style=\"font-weight: 400;\">\u00cen Burano, culorile caselor nu sunt o \u00eent\u00e2mplare fericit\u0103. Oricine vrea s\u0103 \u00ee\u0219i vopseasc\u0103 locuin\u021ba, o\u00a0 poate face doar cu aprobarea autorit\u0103\u021bilor pentru c\u0103 sunt permise anumite nuan\u021be, \u00een func\u021bie de loca\u021bie.<\/span><\/p>\n<p><span style=\"font-weight: 400;\">Legenda spune c\u0103 zugr\u0103virea caselor \u00een culori vii se realiza \u00een trecut pentru ca pescarii s\u0103 g\u0103seasc\u0103 drumul spre cas\u0103 prin cea\u021ba deas\u0103 care se l\u0103sa peste insul\u0103.\u00a0<\/span><\/p>\n<p><span style=\"font-weight: 400;\">O alt\u0103 legend\u0103 se refer\u0103 la dantela de Burano: se pare c\u0103 Ludovic al XIV-lea \u0219i-ar fi comandat pentru ceremonia de \u00eencoronare un guler din dantel\u0103 fin\u0103 de Burano.<\/span><\/p>\n<p><span style=\"font-weight: 400;\">\u00cen Burano exist\u0103 un turn \u00eenclinat. Este vorba de turnul bisericii San Martino.<\/span><\/p>\n<p><strong>Puzzle adul\u021bi 1000 piese Burano &#8211; timp de calitate \u00eempreun\u0103 cu cei dragi<\/strong><\/p>\n<p><span style=\"font-weight: 400;\">Cu puzzle 1000 piese te po\u021bi bucura oric\u00e2nd cu \u00eentreaga familie sau cu grupul de prieteni. Imaginea din jocul puzzle poate inspira \u00een acela\u0219i timp, copiii, p\u0103rin\u021bii sau bunicii. Pute\u021bi \u00eentregi imaginea lucr\u00e2nd \u00een echip\u0103 sau stabilind sarcini precise pentru fiecare participant.\u00a0<\/span><\/p>\n<p><span style=\"font-weight: 400;\">Dac\u0103 la jocul puzzle iau parte \u0219i adolescen\u021bii, poate fi un moment bun pentru a comunica eficient cu ace\u0219tia \u0219i a v\u0103 \u00eent\u0103ri rela\u021bia p\u0103rinte-copil. \u00cen timpul activit\u0103\u021bii relaxante de asamblare a puzzle-ului 1000 piese, pute\u021bi discuta cu deta\u0219are despre subiecte pe care le aborda\u021bi cu dificultate \u00een via\u021ba de zi cu zi. Este a\u0219adar o modalitate de a v\u0103 deschide sufletele \u0219i de a v\u0103 cunoa\u0219te mai bine unii pe ceilal\u021bi.<\/span><\/p>\n<p><span style=\"font-weight: 400;\">Puzzle 1000 piese Burano din colec\u021bia puzzle adul\u021bi Peisaje de zi este a\u0219adar potrivit pentru ocazii diverse. Bucur\u0103-te de toate avantajele pe care jocul puzzle \u021bi le ofer\u0103 \u0219i experimenteaz\u0103 multe ore de relaxare \u0219i voie bun\u0103.<\/span><\/p>\n<p>\u00a0<\/p>\n","protected":false},"excerpt":{"rendered":"<p>Te sim\u021bi inspirat? Pune \u00een ordine 1000 de piese de puzzle \u0219i alc\u0103tuie\u0219te tablouri superbe cu imagini ale unor obiective<\/p>\n","protected":false},"featured_media":16358,"template":"","meta":[],"product_brand":[],"product_cat":[1454,1488,1560],"product_tag":[],"class_list":{"0":"post-16372","1":"product","2":"type-product","3":"status-publish","4":"has-post-thumbnail","6":"product_cat-puzzle","7":"product_cat-puzzle-adulti","8":"product_cat-puzzle-adulti-1000","9":"pa_bax-1273","10":"pa_brand-d_toys","11":"pa_country_of_manufacture-ro","12":"pa_filter_age-1315","13":"pa_painter-landscapes","14":"pa_tip_ambalaj-cutie","15":"pa_tip_puzzle-clasic","17":"first","18":"instock","19":"taxable","20":"shipping-taxable","21":"product-type-simple"},"yoast_head":"<!-- This site is optimized with the Yoast SEO plugin v20.1 - https:\/\/yoast.com\/wordpress\/plugins\/seo\/ -->\n<title>Puzzle adulti 1000 piese Peisaje de zi - Burano, Italia - Roovi B2B<\/title>\n<meta name=\"robots\" content=\"index, follow, max-snippet:-1, max-image-preview:large, max-video-preview:-1\" \/>\n<link rel=\"canonical\" href=\"https:\/\/www.roovi.ro\/puzzle-adulti-1000-piese-peisaje-de-zi-burano-italia\/p\/\" \/>\n<meta property=\"og:locale\" content=\"ro_RO\" \/>\n<meta property=\"og:type\" content=\"article\" \/>\n<meta property=\"og:title\" content=\"Puzzle adulti 1000 piese Peisaje de zi - Burano, Italia - Roovi B2B\" \/>\n<meta property=\"og:description\" content=\"Te sim\u021bi inspirat? Pune \u00een ordine 1000 de piese de puzzle \u0219i alc\u0103tuie\u0219te tablouri superbe cu imagini ale unor obiective\" \/>\n<meta property=\"og:url\" content=\"https:\/\/www.roovi.ro\/puzzle-adulti-1000-piese-peisaje-de-zi-burano-italia\/p\/\" \/>\n<meta property=\"og:site_name\" content=\"Roovi B2B\" \/>\n<meta property=\"article:publisher\" content=\"https:\/\/www.facebook.com\/wwwjucariero\" \/>\n<meta property=\"article:modified_time\" content=\"2023-03-20T21:54:06+00:00\" \/>\n<meta property=\"og:image\" content=\"https:\/\/business.roovi.com\/wp-content\/uploads\/2018\/04\/62154-10_ansamblu_dimensiuni_cutie_cm_orizontal.png\" \/>\n\t<meta property=\"og:image:width\" content=\"1200\" \/>\n\t<meta property=\"og:image:height\" content=\"1200\" \/>\n\t<meta property=\"og:image:type\" content=\"image\/png\" \/>\n<meta name=\"twitter:label1\" content=\"Timp estimat pentru citire\" \/>\n\t<meta name=\"twitter:data1\" content=\"4 minute\" \/>\n<script type=\"application\/ld+json\" class=\"yoast-schema-graph\">{\"@context\":\"https:\/\/schema.org\",\"@graph\":[{\"@type\":\"WebPage\",\"@id\":\"https:\/\/business.roovi.com\/ro\/puzzle-adulti-1000-piese-peisaje-de-zi-burano-italia\/p\/\",\"url\":\"https:\/\/www.roovi.ro\/puzzle-adulti-1000-piese-peisaje-de-zi-burano-italia\/p\/\",\"name\":\"Puzzle adulti 1000 piese Peisaje de zi - Burano, Italia - Roovi B2B\",\"isPartOf\":{\"@id\":\"https:\/\/business.roovi.com\/ro\/#website\"},\"datePublished\":\"2018-04-16T10:56:17+00:00\",\"dateModified\":\"2023-03-20T21:54:06+00:00\",\"breadcrumb\":{\"@id\":\"https:\/\/www.roovi.ro\/puzzle-adulti-1000-piese-peisaje-de-zi-burano-italia\/p\/#breadcrumb\"},\"inLanguage\":\"ro-RO\",\"potentialAction\":[{\"@type\":\"ReadAction\",\"target\":[\"https:\/\/www.roovi.ro\/puzzle-adulti-1000-piese-peisaje-de-zi-burano-italia\/p\/\"]}]},{\"@type\":\"BreadcrumbList\",\"@id\":\"https:\/\/www.roovi.ro\/puzzle-adulti-1000-piese-peisaje-de-zi-burano-italia\/p\/#breadcrumb\",\"itemListElement\":[{\"@type\":\"ListItem\",\"position\":1,\"name\":\"Home\",\"item\":\"https:\/\/business.roovi.com\/ro\/\"},{\"@type\":\"ListItem\",\"position\":2,\"name\":\"Magazin\",\"item\":\"https:\/\/business.roovi.com\/ro\/magazin\/\"},{\"@type\":\"ListItem\",\"position\":3,\"name\":\"Puzzle adulti 1000 piese Peisaje de zi &#8211; Burano, Italia\"}]},{\"@type\":\"WebSite\",\"@id\":\"https:\/\/business.roovi.com\/ro\/#website\",\"url\":\"https:\/\/business.roovi.com\/ro\/\",\"name\":\"Roovi B2B\",\"description\":\"Roovi Business Website\",\"potentialAction\":[{\"@type\":\"SearchAction\",\"target\":{\"@type\":\"EntryPoint\",\"urlTemplate\":\"https:\/\/business.roovi.com\/ro\/?s={search_term_string}\"},\"query-input\":\"required name=search_term_string\"}],\"inLanguage\":\"ro-RO\"}]}<\/script>\n<!-- \/ Yoast SEO plugin. -->","yoast_head_json":{"title":"Puzzle adulti 1000 piese Peisaje de zi - Burano, Italia - Roovi B2B","robots":{"index":"index","follow":"follow","max-snippet":"max-snippet:-1","max-image-preview":"max-image-preview:large","max-video-preview":"max-video-preview:-1"},"canonical":"https:\/\/www.roovi.ro\/puzzle-adulti-1000-piese-peisaje-de-zi-burano-italia\/p\/","og_locale":"ro_RO","og_type":"article","og_title":"Puzzle adulti 1000 piese Peisaje de zi - Burano, Italia - Roovi B2B","og_description":"Te sim\u021bi inspirat? Pune \u00een ordine 1000 de piese de puzzle \u0219i alc\u0103tuie\u0219te tablouri superbe cu imagini ale unor obiective","og_url":"https:\/\/www.roovi.ro\/puzzle-adulti-1000-piese-peisaje-de-zi-burano-italia\/p\/","og_site_name":"Roovi B2B","article_publisher":"https:\/\/www.facebook.com\/wwwjucariero","article_modified_time":"2023-03-20T21:54:06+00:00","og_image":[{"width":1200,"height":1200,"url":"https:\/\/business.roovi.com\/wp-content\/uploads\/2018\/04\/62154-10_ansamblu_dimensiuni_cutie_cm_orizontal.png","type":"image\/png"}],"twitter_misc":{"Timp estimat pentru citire":"4 minute"},"schema":{"@context":"https:\/\/schema.org","@graph":[{"@type":"WebPage","@id":"https:\/\/business.roovi.com\/ro\/puzzle-adulti-1000-piese-peisaje-de-zi-burano-italia\/p\/","url":"https:\/\/www.roovi.ro\/puzzle-adulti-1000-piese-peisaje-de-zi-burano-italia\/p\/","name":"Puzzle adulti 1000 piese Peisaje de zi - Burano, Italia - Roovi B2B","isPartOf":{"@id":"https:\/\/business.roovi.com\/ro\/#website"},"datePublished":"2018-04-16T10:56:17+00:00","dateModified":"2023-03-20T21:54:06+00:00","breadcrumb":{"@id":"https:\/\/www.roovi.ro\/puzzle-adulti-1000-piese-peisaje-de-zi-burano-italia\/p\/#breadcrumb"},"inLanguage":"ro-RO","potentialAction":[{"@type":"ReadAction","target":["https:\/\/www.roovi.ro\/puzzle-adulti-1000-piese-peisaje-de-zi-burano-italia\/p\/"]}]},{"@type":"BreadcrumbList","@id":"https:\/\/www.roovi.ro\/puzzle-adulti-1000-piese-peisaje-de-zi-burano-italia\/p\/#breadcrumb","itemListElement":[{"@type":"ListItem","position":1,"name":"Home","item":"https:\/\/business.roovi.com\/ro\/"},{"@type":"ListItem","position":2,"name":"Magazin","item":"https:\/\/business.roovi.com\/ro\/magazin\/"},{"@type":"ListItem","position":3,"name":"Puzzle adulti 1000 piese Peisaje de zi &#8211; Burano, Italia"}]},{"@type":"WebSite","@id":"https:\/\/business.roovi.com\/ro\/#website","url":"https:\/\/business.roovi.com\/ro\/","name":"Roovi B2B","description":"Roovi Business Website","potentialAction":[{"@type":"SearchAction","target":{"@type":"EntryPoint","urlTemplate":"https:\/\/business.roovi.com\/ro\/?s={search_term_string}"},"query-input":"required name=search_term_string"}],"inLanguage":"ro-RO"}]}},"_links":{"self":[{"href":"https:\/\/business.roovi.com\/ro\/wp-json\/wp\/v2\/product\/16372","targetHints":{"allow":["GET"]}}],"collection":[{"href":"https:\/\/business.roovi.com\/ro\/wp-json\/wp\/v2\/product"}],"about":[{"href":"https:\/\/business.roovi.com\/ro\/wp-json\/wp\/v2\/types\/product"}],"version-history":[{"count":0,"href":"https:\/\/business.roovi.com\/ro\/wp-json\/wp\/v2\/product\/16372\/revisions"}],"wp:featuredmedia":[{"embeddable":true,"href":"https:\/\/business.roovi.com\/ro\/wp-json\/wp\/v2\/media\/16358"}],"wp:attachment":[{"href":"https:\/\/business.roovi.com\/ro\/wp-json\/wp\/v2\/media?parent=16372"}],"wp:term":[{"taxonomy":"product_brand","embeddable":true,"href":"https:\/\/business.roovi.com\/ro\/wp-json\/wp\/v2\/product_brand?post=16372"},{"taxonomy":"product_cat","embeddable":true,"href":"https:\/\/business.roovi.com\/ro\/wp-json\/wp\/v2\/product_cat?post=16372"},{"taxonomy":"product_tag","embeddable":true,"href":"https:\/\/business.roovi.com\/ro\/wp-json\/wp\/v2\/product_tag?post=16372"}],"curies":[{"name":"wp","href":"https:\/\/api.w.org\/{rel}","templated":true}]}}