{"id":16387,"date":"2018-04-16T10:56:17","date_gmt":"2018-04-16T10:56:17","guid":{"rendered":"https:\/\/business.roovi.com\/product\/puzzle-peisaje-de-zi-1000-piese-11\/"},"modified":"2023-03-20T21:54:02","modified_gmt":"2023-03-20T21:54:02","slug":"puzzle-adulti-1000-piese-peisaje-de-zi-murano-italia","status":"publish","type":"product","link":"https:\/\/business.roovi.com\/ro\/puzzle-adulti-1000-piese-peisaje-de-zi-murano-italia\/p\/","title":{"rendered":"Puzzle adul\u021bi 1000 piese Peisaje de zi &#8211; Murano, Italia"},"content":{"rendered":"<p><strong><em>Te crezi iscusit \u00een jocurile puzzle? Dovede\u0219te-\u021bi m\u0103iestria asambl\u00e2nd imaginile de poveste din gama de puzzle-uri pentru adul\u021bi Peisaje de zi.<\/em><\/strong><\/p>\n<p><span style=\"font-weight: 400;\">Puzzle 1000 piese Murano \u00eenf\u0103\u021bi\u0219eaz\u0103 o imagine lini\u0219titoare din t\u0103r\u00e2mul sticlei colorate: insula vene\u021bian\u0103 Murano. \u00cen trecutul s\u0103u \u00eendep\u0103rtat aceast\u0103 insul\u0103 a prosperat datorit\u0103 pescuitului \u0219i a produc\u021biei de sare.\u00a0<\/span><\/p>\n<p><span style=\"font-weight: 400;\">Situat\u0103 la nici 2 km nord de Vene\u021bia, s-a dezvoltat de-a lungul timpului \u00een umbra acestuia. \u00cen 1291 Republica Vene\u021bian\u0103 a hot\u0103r\u00e2t ca to\u021bi me\u0219te\u0219ugarii sticlari s\u0103 se mute pe insula Murano pentru a proteja casele de lemn de incendiile frecvente care se iscau din cauza prelucr\u0103rii sticlei. De atunci, renumele i-a crescut \u0219i a devenit o regiune emblematic\u0103 datorit\u0103 acestei industrii.<\/span><\/p>\n<p><span style=\"font-weight: 400;\">Sticla a fost una dintre cele mai r\u00e2vnite comori ale Rena\u0219terii. \u00cen prezent, sticl\u0103ria este o component\u0103 emblematic\u0103 a patrimoniului istoric \u0219i cultural vene\u021bian astfel c\u0103 denumirea de origine a obiectelor din sticl\u0103 realizate pe insula Murano este protejat\u0103 prin lege.\u00a0<\/span><\/p>\n<p><span style=\"font-weight: 400;\">Cu puzzle 1000 piese Murano din colec\u021bia puzzle Peisaje de zi ai ocazia s\u0103 descoperi aceast\u0103 insul\u0103 fascinant\u0103 cu o istorie \u00eendelungat\u0103. Pune pies\u0103 l\u00e2ng\u0103 pies\u0103 \u0219i imagineaz\u0103-\u021bi c\u0103 e\u0219ti ca un maestru sticlar care f\u0103ure\u0219te o bijuterie des\u0103v\u00e2r\u0219it\u0103, \u00eendelung admirat\u0103.<\/span><\/p>\n<p><strong>De ce s\u0103 alegi un puzzle 1000 piese din colec\u021bia puzzle Peisaje de zi?\u00a0<\/strong><\/p>\n<p><span style=\"font-weight: 400;\">Este o modalitate relaxant\u0103 de a descoperi \u00een mod inedit loca\u021bii celebre, cu istorie \u00eendelungat\u0103 ce se \u00eemplete\u0219te adesea cu legenda.<\/span><\/p>\n<p><span style=\"font-weight: 400;\">\u00ce\u021bi dezvol\u021bi abilit\u0103\u021bi diverse precum coordonarea, dexteritatea \u0219i mobilitatea fin\u0103.<\/span><\/p>\n<p><span style=\"font-weight: 400;\">Po\u021bi profita de aceast\u0103 ocazie pentru a-\u021bi petrece timpul cu familia sau pentru a socializa cu prietenii.<\/span><\/p>\n<p><span style=\"font-weight: 400;\">Un joc puzzle este oric\u00e2nd un prilej pentru a te deconecta de la ecranele dispozitivelor mobile.<\/span><\/p>\n<p><span style=\"font-weight: 400;\">\u00ce\u021bi creezi un tablou cu dimensiunile de 68 x 47 cm care va fi un decor minunat pentru casa ta.<\/span><\/p>\n<p><span style=\"font-weight: 400;\">Este produs din carton albastru de foarte bun\u0103 calitate, piesele se \u00eembin\u0103 perfect \u0219i ob\u021bii o imagine des\u0103v\u00e2r\u0219it\u0103 la fiecare asamblare.<\/span><\/p>\n<p><span style=\"font-weight: 400;\">Materialele din puzzle 1000 piese sunt reciclabile \u0219i sustenabile.<\/span><\/p>\n<p><span style=\"font-weight: 400;\">Are finisaj semi-lucios \u0219i culori pl\u0103cute care scot \u00een eviden\u021b\u0103 frumuse\u021bea imaginii.<\/span><\/p>\n<p><span style=\"font-weight: 400;\">Potrivit pentru persoanele cu v\u00e2rsta peste 14 ani &#8211; prilej de a-i antrena \u00een jocul puzzle \u0219i pe adolescen\u021bi.<\/span><\/p>\n<p><strong>\u0218tiai c\u0103\u2026?<\/strong><\/p>\n<p><span style=\"font-weight: 400;\">Murano este alc\u0103tuit\u0103 din 7 insule legate \u00eentre ele de poduri care traverseaz\u0103 8 canale.<\/span><\/p>\n<p><span style=\"font-weight: 400;\">\u00cen trecut, me\u0219te\u0219ugarii care se ocupau de sticla de Murano nu avea voie s\u0103 p\u0103r\u0103seasc\u0103 insula pentru a nu divulga secretele meseriei. Tehnica de fabricare se transmitea din tat\u0103 \u00een fiu.<\/span><\/p>\n<p><span style=\"font-weight: 400;\">Un cartier din Var\u0219ovia poart\u0103 denumirea de <\/span><em><span style=\"font-weight: 400;\">Muran\u00f3w<\/span><\/em><span style=\"font-weight: 400;\"> \u0219i are leg\u0103tur\u0103 cu Murano. Simone Giuseppe Belotti, n\u0103scut pe aceast\u0103 insul\u0103, a devenit \u00een secolul al XVII-lea arhitectul regal al Poloniei \u0219i a proiectat mai multe cl\u0103diri importante din Var\u0219ovia. Printre acestea s-a num\u0103rat \u0219i un palat &#8211; <\/span><em><span style=\"font-weight: 400;\">Muran\u00f3w &#8211; <\/span><\/em><span style=\"font-weight: 400;\">care a dat ulterior numele cartierului din zon\u0103.<\/span><\/p>\n<p><strong>Alte 5 avantaje pe care \u021bi le ofer\u0103 completarea unui puzzle 1000 piese Peisaje de zi<\/strong><\/p>\n<ol>\n<li><span style=\"font-weight: 400;\">Te ajut\u0103 s\u0103 te concentrezi mai bine \u00een activit\u0103\u021bile curente.<\/span><\/li>\n<li><span style=\"font-weight: 400;\">Implic\u0103 ambele emisfere cerebrale \u0219i contribuie la \u00eembun\u0103t\u0103\u021birea memoriei.<\/span><\/li>\n<li><span style=\"font-weight: 400;\">\u00ce\u021bi dezvolt\u0103 creativitatea \u0219i te face s\u0103 te sim\u021bi ca un detectiv veritabil care caut\u0103 indicii pentru a deslu\u0219i misterul unei loca\u021bii celebre.<\/span><\/li>\n<li><span style=\"font-weight: 400;\">\u00ce\u021bi cre\u0219te \u00eencrederea de sine \u00eentruc\u00e2t duci la cap\u0103t o sarcin\u0103 dificil\u0103, lucr\u00e2nd cu determinare..<\/span><\/li>\n<li><span style=\"font-weight: 400;\">Te eliberezi de stres \u0219i intri \u00eentr-o stare de medita\u021bie profund\u0103 care \u00ee\u021bi d\u0103 o senza\u021bie de lini\u0219te \u0219i optimism.<\/span><\/li>\n<\/ol>\n<p>\u00a0<\/p>\n<p><span style=\"font-weight: 400;\">Singur sau \u00eempreun\u0103 cu cei dragi bucur\u0103-te a\u0219adar de toate beneficiile pe care asamblarea jocului puzzle Murano \u021bi le ofer\u0103. Experimenteaz\u0103 p\u00e2n\u0103 la 30 de ore de relaxare \u0219i distrac\u021bie veritabil\u0103 cu puzzle adul\u021bii Murano din colec\u021bia puzzle 1000 piese Peisaje de zi.<\/span><\/p>\n<p>\u00a0<\/p>\n","protected":false},"excerpt":{"rendered":"<p>Te crezi iscusit \u00een jocurile puzzle? Dovede\u0219te-\u021bi m\u0103iestria asambl\u00e2nd imaginile de poveste din gama de puzzle-uri pentru adul\u021bi Peisaje de<\/p>\n","protected":false},"featured_media":16373,"template":"","meta":[],"product_brand":[],"product_cat":[1454,1488,1560],"product_tag":[],"class_list":{"0":"post-16387","1":"product","2":"type-product","3":"status-publish","4":"has-post-thumbnail","6":"product_cat-puzzle","7":"product_cat-puzzle-adulti","8":"product_cat-puzzle-adulti-1000","9":"pa_bax-1273","10":"pa_brand-d_toys","11":"pa_country_of_manufacture-ro","12":"pa_filter_age-1315","13":"pa_painter-landscapes","14":"pa_tip_ambalaj-cutie","15":"pa_tip_puzzle-clasic","17":"first","18":"onbackorder","19":"taxable","20":"shipping-taxable","21":"product-type-simple"},"yoast_head":"<!-- This site is optimized with the Yoast SEO plugin v20.1 - https:\/\/yoast.com\/wordpress\/plugins\/seo\/ -->\n<title>Puzzle adul\u021bi 1000 piese Peisaje de zi - Murano, Italia - Roovi B2B<\/title>\n<meta name=\"robots\" content=\"index, follow, max-snippet:-1, max-image-preview:large, max-video-preview:-1\" \/>\n<link rel=\"canonical\" href=\"https:\/\/www.roovi.ro\/puzzle-adulti-1000-piese-peisaje-de-zi-murano-italia\/p\/\" \/>\n<meta property=\"og:locale\" content=\"ro_RO\" \/>\n<meta property=\"og:type\" content=\"article\" \/>\n<meta property=\"og:title\" content=\"Puzzle adul\u021bi 1000 piese Peisaje de zi - Murano, Italia - Roovi B2B\" \/>\n<meta property=\"og:description\" content=\"Te crezi iscusit \u00een jocurile puzzle? Dovede\u0219te-\u021bi m\u0103iestria asambl\u00e2nd imaginile de poveste din gama de puzzle-uri pentru adul\u021bi Peisaje de\" \/>\n<meta property=\"og:url\" content=\"https:\/\/www.roovi.ro\/puzzle-adulti-1000-piese-peisaje-de-zi-murano-italia\/p\/\" \/>\n<meta property=\"og:site_name\" content=\"Roovi B2B\" \/>\n<meta property=\"article:publisher\" content=\"https:\/\/www.facebook.com\/wwwjucariero\" \/>\n<meta property=\"article:modified_time\" content=\"2023-03-20T21:54:02+00:00\" \/>\n<meta property=\"og:image\" content=\"https:\/\/business.roovi.com\/wp-content\/uploads\/2018\/04\/62154-11_ansamblu_dimensiuni_cutie_cm_orizontal.png\" \/>\n\t<meta property=\"og:image:width\" content=\"1200\" \/>\n\t<meta property=\"og:image:height\" content=\"1200\" \/>\n\t<meta property=\"og:image:type\" content=\"image\/png\" \/>\n<meta name=\"twitter:label1\" content=\"Timp estimat pentru citire\" \/>\n\t<meta name=\"twitter:data1\" content=\"3 minute\" \/>\n<script type=\"application\/ld+json\" class=\"yoast-schema-graph\">{\"@context\":\"https:\/\/schema.org\",\"@graph\":[{\"@type\":\"WebPage\",\"@id\":\"https:\/\/business.roovi.com\/ro\/puzzle-adulti-1000-piese-peisaje-de-zi-murano-italia\/p\/\",\"url\":\"https:\/\/www.roovi.ro\/puzzle-adulti-1000-piese-peisaje-de-zi-murano-italia\/p\/\",\"name\":\"Puzzle adul\u021bi 1000 piese Peisaje de zi - Murano, Italia - Roovi B2B\",\"isPartOf\":{\"@id\":\"https:\/\/business.roovi.com\/ro\/#website\"},\"datePublished\":\"2018-04-16T10:56:17+00:00\",\"dateModified\":\"2023-03-20T21:54:02+00:00\",\"breadcrumb\":{\"@id\":\"https:\/\/www.roovi.ro\/puzzle-adulti-1000-piese-peisaje-de-zi-murano-italia\/p\/#breadcrumb\"},\"inLanguage\":\"ro-RO\",\"potentialAction\":[{\"@type\":\"ReadAction\",\"target\":[\"https:\/\/www.roovi.ro\/puzzle-adulti-1000-piese-peisaje-de-zi-murano-italia\/p\/\"]}]},{\"@type\":\"BreadcrumbList\",\"@id\":\"https:\/\/www.roovi.ro\/puzzle-adulti-1000-piese-peisaje-de-zi-murano-italia\/p\/#breadcrumb\",\"itemListElement\":[{\"@type\":\"ListItem\",\"position\":1,\"name\":\"Home\",\"item\":\"https:\/\/business.roovi.com\/ro\/\"},{\"@type\":\"ListItem\",\"position\":2,\"name\":\"Magazin\",\"item\":\"https:\/\/business.roovi.com\/ro\/magazin\/\"},{\"@type\":\"ListItem\",\"position\":3,\"name\":\"Puzzle adul\u021bi 1000 piese Peisaje de zi &#8211; Murano, Italia\"}]},{\"@type\":\"WebSite\",\"@id\":\"https:\/\/business.roovi.com\/ro\/#website\",\"url\":\"https:\/\/business.roovi.com\/ro\/\",\"name\":\"Roovi B2B\",\"description\":\"Roovi Business Website\",\"potentialAction\":[{\"@type\":\"SearchAction\",\"target\":{\"@type\":\"EntryPoint\",\"urlTemplate\":\"https:\/\/business.roovi.com\/ro\/?s={search_term_string}\"},\"query-input\":\"required name=search_term_string\"}],\"inLanguage\":\"ro-RO\"}]}<\/script>\n<!-- \/ Yoast SEO plugin. -->","yoast_head_json":{"title":"Puzzle adul\u021bi 1000 piese Peisaje de zi - Murano, Italia - Roovi B2B","robots":{"index":"index","follow":"follow","max-snippet":"max-snippet:-1","max-image-preview":"max-image-preview:large","max-video-preview":"max-video-preview:-1"},"canonical":"https:\/\/www.roovi.ro\/puzzle-adulti-1000-piese-peisaje-de-zi-murano-italia\/p\/","og_locale":"ro_RO","og_type":"article","og_title":"Puzzle adul\u021bi 1000 piese Peisaje de zi - Murano, Italia - Roovi B2B","og_description":"Te crezi iscusit \u00een jocurile puzzle? Dovede\u0219te-\u021bi m\u0103iestria asambl\u00e2nd imaginile de poveste din gama de puzzle-uri pentru adul\u021bi Peisaje de","og_url":"https:\/\/www.roovi.ro\/puzzle-adulti-1000-piese-peisaje-de-zi-murano-italia\/p\/","og_site_name":"Roovi B2B","article_publisher":"https:\/\/www.facebook.com\/wwwjucariero","article_modified_time":"2023-03-20T21:54:02+00:00","og_image":[{"width":1200,"height":1200,"url":"https:\/\/business.roovi.com\/wp-content\/uploads\/2018\/04\/62154-11_ansamblu_dimensiuni_cutie_cm_orizontal.png","type":"image\/png"}],"twitter_misc":{"Timp estimat pentru citire":"3 minute"},"schema":{"@context":"https:\/\/schema.org","@graph":[{"@type":"WebPage","@id":"https:\/\/business.roovi.com\/ro\/puzzle-adulti-1000-piese-peisaje-de-zi-murano-italia\/p\/","url":"https:\/\/www.roovi.ro\/puzzle-adulti-1000-piese-peisaje-de-zi-murano-italia\/p\/","name":"Puzzle adul\u021bi 1000 piese Peisaje de zi - Murano, Italia - Roovi B2B","isPartOf":{"@id":"https:\/\/business.roovi.com\/ro\/#website"},"datePublished":"2018-04-16T10:56:17+00:00","dateModified":"2023-03-20T21:54:02+00:00","breadcrumb":{"@id":"https:\/\/www.roovi.ro\/puzzle-adulti-1000-piese-peisaje-de-zi-murano-italia\/p\/#breadcrumb"},"inLanguage":"ro-RO","potentialAction":[{"@type":"ReadAction","target":["https:\/\/www.roovi.ro\/puzzle-adulti-1000-piese-peisaje-de-zi-murano-italia\/p\/"]}]},{"@type":"BreadcrumbList","@id":"https:\/\/www.roovi.ro\/puzzle-adulti-1000-piese-peisaje-de-zi-murano-italia\/p\/#breadcrumb","itemListElement":[{"@type":"ListItem","position":1,"name":"Home","item":"https:\/\/business.roovi.com\/ro\/"},{"@type":"ListItem","position":2,"name":"Magazin","item":"https:\/\/business.roovi.com\/ro\/magazin\/"},{"@type":"ListItem","position":3,"name":"Puzzle adul\u021bi 1000 piese Peisaje de zi &#8211; Murano, Italia"}]},{"@type":"WebSite","@id":"https:\/\/business.roovi.com\/ro\/#website","url":"https:\/\/business.roovi.com\/ro\/","name":"Roovi B2B","description":"Roovi Business Website","potentialAction":[{"@type":"SearchAction","target":{"@type":"EntryPoint","urlTemplate":"https:\/\/business.roovi.com\/ro\/?s={search_term_string}"},"query-input":"required name=search_term_string"}],"inLanguage":"ro-RO"}]}},"_links":{"self":[{"href":"https:\/\/business.roovi.com\/ro\/wp-json\/wp\/v2\/product\/16387","targetHints":{"allow":["GET"]}}],"collection":[{"href":"https:\/\/business.roovi.com\/ro\/wp-json\/wp\/v2\/product"}],"about":[{"href":"https:\/\/business.roovi.com\/ro\/wp-json\/wp\/v2\/types\/product"}],"version-history":[{"count":0,"href":"https:\/\/business.roovi.com\/ro\/wp-json\/wp\/v2\/product\/16387\/revisions"}],"wp:featuredmedia":[{"embeddable":true,"href":"https:\/\/business.roovi.com\/ro\/wp-json\/wp\/v2\/media\/16373"}],"wp:attachment":[{"href":"https:\/\/business.roovi.com\/ro\/wp-json\/wp\/v2\/media?parent=16387"}],"wp:term":[{"taxonomy":"product_brand","embeddable":true,"href":"https:\/\/business.roovi.com\/ro\/wp-json\/wp\/v2\/product_brand?post=16387"},{"taxonomy":"product_cat","embeddable":true,"href":"https:\/\/business.roovi.com\/ro\/wp-json\/wp\/v2\/product_cat?post=16387"},{"taxonomy":"product_tag","embeddable":true,"href":"https:\/\/business.roovi.com\/ro\/wp-json\/wp\/v2\/product_tag?post=16387"}],"curies":[{"name":"wp","href":"https:\/\/api.w.org\/{rel}","templated":true}]}}