{"id":16417,"date":"2018-04-16T10:56:17","date_gmt":"2018-04-16T10:56:17","guid":{"rendered":"https:\/\/business.roovi.com\/product\/puzzle-peisaje-de-zi-1000-piese-14\/"},"modified":"2023-03-20T21:53:55","modified_gmt":"2023-03-20T21:53:55","slug":"puzzle-adulti-1000-piese-peisaje-de-zi-castelul-neuschwanstein-germania","status":"publish","type":"product","link":"https:\/\/business.roovi.com\/ro\/puzzle-adulti-1000-piese-peisaje-de-zi-castelul-neuschwanstein-germania\/p\/","title":{"rendered":"Puzzle adul\u021bi 1000 piese Peisaje de zi &#8211; Castelul Neuschwanstein, Germania"},"content":{"rendered":"<p><strong><em>Zilele friguroase te \u021bin \u00een cas\u0103 \u0219i \u00ee\u021bi dore\u0219ti o activitatea creativ\u0103 care s\u0103 dea sens momentelor monotone? Te provoc\u0103m la puzzle 1000 piese! Asambleaz\u0103 imaginile din gama puzzle adul\u021bi peisaje de zi \u0219i descoper\u0103 atrac\u021bii de poveste din Europa.<\/em><\/strong><\/p>\n<p><span style=\"font-weight: 400;\">Te-ai \u00eentrebat vreodat\u0103 de unde s-a inspirat Walt Disney pentru a crea castelul Cenu\u0219\u0103resei din celebrele sale filme? Ei bine, sursa de inspira\u021bie a fost magnificul <\/span><span style=\"font-weight: 400;\">Neuschwanstein din Germania.<\/span><\/p>\n<p><span style=\"font-weight: 400;\">Puzzle 1000 piese Castelul Neuschwanstein red\u0103 o imagine de poveste cu acest monument arhitectural impun\u0103tor. Pune piesele \u00een ordinea potrivit\u0103 \u0219i intr\u0103 \u00een lumea de basm a unuia dintre cele mai frumoase castele din lume.<\/span><\/p>\n<p><span style=\"font-weight: 400;\">Pentru a compensa pierderea puterii suverane \u00een favoarea Imperiului Prusac, regele Ludovic al II-lea al Bavariei decide s\u0103 \u00ee\u0219i construiasc\u0103 propriul imperiu peste care s\u0103 domneasc\u0103 f\u0103r\u0103 a se conforma altora \u0219i decide s\u0103 realizeze mai multe edificii marcante. Castelul Neuschwanstein este unul dintre acestea \u0219i cel preferat al regelui. Din p\u0103cate, suveranul nu a apucat s\u0103-l vad\u0103 finalizat.\u00a0<\/span><\/p>\n<p><span style=\"font-weight: 400;\">Castelul a fost finan\u021bat exclusiv de Ludovic al II-lea, iar imediat dup\u0103 moartea sa a fost deschis spre vizitare publicului, de\u0219i regele nu inten\u021bionase niciodat\u0103 s\u0103 creeze\u2026 un obiectiv turistic. Puzzle 1000 piese castelul Neuschwanstein este un prilej de delectare. Po\u021bi crea pies\u0103 cu pies\u0103 un castel de poveste, iar la final vei admira o capodoper\u0103 \u00een stil romantic-renascentist.\u00a0<\/span><\/p>\n<p><span style=\"font-weight: 400;\">Trage-\u021bi a\u0219adar aproape m\u0103su\u021ba de cafea din sufragerie \u0219i f\u0103ure\u0219te din 1000 piese puzzle un peisaj superb av\u00e2nd ca pies\u0103 central\u0103 castelul Neuschwanstein din Germania.<\/span><\/p>\n<p><strong>De ce s\u0103 alegi puzzle un 1000 piese din colec\u021bia puzzle adul\u021bi &#8211; Peisaje de zi?<\/strong><\/p>\n<p><span style=\"font-weight: 400;\">\u00ce\u021bi lini\u0219te\u0219te mintea \u0219i te scoate din rutina zilnic\u0103.<\/span><\/p>\n<p><span style=\"font-weight: 400;\">Este un exerci\u021biu uimitor care \u00ee\u021bi \u00eembun\u0103t\u0103\u021be\u0219te memoria.<\/span><\/p>\n<p><span style=\"font-weight: 400;\">Te ajut\u0103 s\u0103-\u021bi men\u021bii concentrarea pe o sarcin\u0103 precis\u0103 pentru un timp \u00eendelungat.<\/span><\/p>\n<p><span style=\"font-weight: 400;\">\u00ce\u021bi creezi tun \u00eensu\u021bi un tablou cu dimensiunile de 68 x 47 cm care va constitui un obiect decorativ original.<\/span><\/p>\n<p><span style=\"font-weight: 400;\">Este produs din carton de calitate superioar\u0103, piesele sunt t\u0103iate cu precizie, se \u00eembin\u0103 perfect \u0219i dureaz\u0103 \u00een timp.<\/span><\/p>\n<p><span style=\"font-weight: 400;\">Are finisaje semi-lucioase \u0219i culori vii ce scot \u00een eviden\u021b\u0103 frumuse\u021bea imaginea.<\/span><\/p>\n<p><span style=\"font-weight: 400;\">Con\u021bine 1000 piese, iar asamblarea lor \u00ee\u021bi ofer\u0103 p\u00e2n\u0103 la 30 de ore de distrac\u021bie relaxant\u0103.<\/span><\/p>\n<p><span style=\"font-weight: 400;\">Este potrivit celor peste 14 ani, un prilej nemaipomenit pentru a stimula creativitatea adolescen\u021bilor.<\/span><\/p>\n<p><strong>\u0218tiai c\u0103\u2026<\/strong><span style=\"font-weight: 400;\">\u00a0<\/span><\/p>\n<p><span style=\"font-weight: 400;\">Ludovic al II-lea mai este cunoscut \u00een istorie \u0219i drept \u201eregele leb\u0103d\u0103\u201d sau \u201eregele nebun\u201d.<\/span><\/p>\n<p><span style=\"font-weight: 400;\">Regele erau un admirator al lui Richard Wagner, dedic\u00e2nd castelul Neuschwanstein acestui compozitor. Multe dintre picturile interioare ale palatului \u00eenf\u0103\u021bi\u0219eaz\u0103 scene inspirate din operele lui Wagner.<\/span><\/p>\n<p><span style=\"font-weight: 400;\">De\u0219i are o arhitectur\u0103 inspirat\u0103 din Evul Mediu, castelul Neuschwanstein a fost dotat \u00een interior cu cele mai noi tehnologii disponibile la vreme construirii lui: curent electric, ap\u0103 cald\u0103 \u0219i rece la buc\u0103t\u0103rie, sistem de \u00eenc\u0103lzire central\u0103, telefon \u0219i lift.<\/span><\/p>\n<p><strong>Puzzle 1000 piese Castelul Neuschwanstein pentru seri distractive, \u00een familie<\/strong><\/p>\n<p><span style=\"font-weight: 400;\">\u00ce\u021bi dore\u0219ti seri interactive al\u0103turi de copiii t\u0103i sau cau\u021bi o activitate de socializare pentru a-\u021bi \u00eent\u0103ri rela\u021biile de prietenie? Activitatea de asamblare a jocurilor puzzle este o resurs\u0103 neb\u0103nuit\u0103 care \u00ee\u021bi asigur\u0103 multe ore de relaxare \u0219i distrac\u021bie veritabil\u0103.<\/span><\/p>\n<p><span style=\"font-weight: 400;\">Pune\u021bi \u00een ordine piesele din puzzle 1000 piese Castelul Neuschwanstein, c\u0103uta\u021bi informa\u021bii inedite despre acest obiectiv emblematic \u0219i experimenteaz\u0103 al\u0103turi de cei dragi o activitate creativ\u0103 \u0219i educativ\u0103.<\/span><\/p>\n<p><span style=\"font-weight: 400;\">Puzzle adul\u021bi Castelul Neuschwanstein din colec\u021bia puzzle 1000 piese Peisaje de zi poate fi un cadou apreciat \u00een mod deosebit de orice pasionat de jocuri puzzle.\u00a0 Nu rata ocazia de a-l oferi \u00een dar de s\u0103rb\u0103tori sau zile aniversare.<\/span><\/p>\n<p>\u00a0<\/p>\n","protected":false},"excerpt":{"rendered":"<p>Zilele friguroase te \u021bin \u00een cas\u0103 \u0219i \u00ee\u021bi dore\u0219ti o activitatea creativ\u0103 care s\u0103 dea sens momentelor monotone? Te provoc\u0103m<\/p>\n","protected":false},"featured_media":16403,"template":"","meta":[],"product_brand":[],"product_cat":[1454,1488,1560],"product_tag":[],"class_list":{"0":"post-16417","1":"product","2":"type-product","3":"status-publish","4":"has-post-thumbnail","6":"product_cat-puzzle","7":"product_cat-puzzle-adulti","8":"product_cat-puzzle-adulti-1000","9":"pa_bax-1273","10":"pa_brand-d_toys","11":"pa_country_of_manufacture-ro","12":"pa_filter_age-1315","13":"pa_painter-landscapes","14":"pa_tip_ambalaj-cutie","15":"pa_tip_puzzle-clasic","17":"first","18":"onbackorder","19":"taxable","20":"shipping-taxable","21":"product-type-simple"},"yoast_head":"<!-- This site is optimized with the Yoast SEO plugin v20.1 - https:\/\/yoast.com\/wordpress\/plugins\/seo\/ -->\n<title>Puzzle adul\u021bi 1000 piese Peisaje de zi - Castelul Neuschwanstein, Germania - Roovi B2B<\/title>\n<meta name=\"robots\" content=\"index, follow, max-snippet:-1, max-image-preview:large, max-video-preview:-1\" \/>\n<link rel=\"canonical\" href=\"https:\/\/www.roovi.ro\/puzzle-adulti-1000-piese-peisaje-de-zi-castelul-neuschwanstein-germania\/p\/\" \/>\n<meta property=\"og:locale\" content=\"ro_RO\" \/>\n<meta property=\"og:type\" content=\"article\" \/>\n<meta property=\"og:title\" content=\"Puzzle adul\u021bi 1000 piese Peisaje de zi - Castelul Neuschwanstein, Germania - Roovi B2B\" \/>\n<meta property=\"og:description\" content=\"Zilele friguroase te \u021bin \u00een cas\u0103 \u0219i \u00ee\u021bi dore\u0219ti o activitatea creativ\u0103 care s\u0103 dea sens momentelor monotone? Te provoc\u0103m\" \/>\n<meta property=\"og:url\" content=\"https:\/\/www.roovi.ro\/puzzle-adulti-1000-piese-peisaje-de-zi-castelul-neuschwanstein-germania\/p\/\" \/>\n<meta property=\"og:site_name\" content=\"Roovi B2B\" \/>\n<meta property=\"article:publisher\" content=\"https:\/\/www.facebook.com\/wwwjucariero\" \/>\n<meta property=\"article:modified_time\" content=\"2023-03-20T21:53:55+00:00\" \/>\n<meta property=\"og:image\" content=\"https:\/\/business.roovi.com\/wp-content\/uploads\/2018\/04\/62154-14_ansamblu_dimensiuni_cutie_cm_vertical.png\" \/>\n\t<meta property=\"og:image:width\" content=\"1200\" \/>\n\t<meta property=\"og:image:height\" content=\"1200\" \/>\n\t<meta property=\"og:image:type\" content=\"image\/png\" \/>\n<meta name=\"twitter:label1\" content=\"Timp estimat pentru citire\" \/>\n\t<meta name=\"twitter:data1\" content=\"3 minute\" \/>\n<script type=\"application\/ld+json\" class=\"yoast-schema-graph\">{\"@context\":\"https:\/\/schema.org\",\"@graph\":[{\"@type\":\"WebPage\",\"@id\":\"https:\/\/business.roovi.com\/ro\/puzzle-adulti-1000-piese-peisaje-de-zi-castelul-neuschwanstein-germania\/p\/\",\"url\":\"https:\/\/www.roovi.ro\/puzzle-adulti-1000-piese-peisaje-de-zi-castelul-neuschwanstein-germania\/p\/\",\"name\":\"Puzzle adul\u021bi 1000 piese Peisaje de zi - Castelul Neuschwanstein, Germania - Roovi B2B\",\"isPartOf\":{\"@id\":\"https:\/\/business.roovi.com\/ro\/#website\"},\"datePublished\":\"2018-04-16T10:56:17+00:00\",\"dateModified\":\"2023-03-20T21:53:55+00:00\",\"breadcrumb\":{\"@id\":\"https:\/\/www.roovi.ro\/puzzle-adulti-1000-piese-peisaje-de-zi-castelul-neuschwanstein-germania\/p\/#breadcrumb\"},\"inLanguage\":\"ro-RO\",\"potentialAction\":[{\"@type\":\"ReadAction\",\"target\":[\"https:\/\/www.roovi.ro\/puzzle-adulti-1000-piese-peisaje-de-zi-castelul-neuschwanstein-germania\/p\/\"]}]},{\"@type\":\"BreadcrumbList\",\"@id\":\"https:\/\/www.roovi.ro\/puzzle-adulti-1000-piese-peisaje-de-zi-castelul-neuschwanstein-germania\/p\/#breadcrumb\",\"itemListElement\":[{\"@type\":\"ListItem\",\"position\":1,\"name\":\"Home\",\"item\":\"https:\/\/business.roovi.com\/ro\/\"},{\"@type\":\"ListItem\",\"position\":2,\"name\":\"Magazin\",\"item\":\"https:\/\/business.roovi.com\/ro\/magazin\/\"},{\"@type\":\"ListItem\",\"position\":3,\"name\":\"Puzzle adul\u021bi 1000 piese Peisaje de zi &#8211; Castelul Neuschwanstein, Germania\"}]},{\"@type\":\"WebSite\",\"@id\":\"https:\/\/business.roovi.com\/ro\/#website\",\"url\":\"https:\/\/business.roovi.com\/ro\/\",\"name\":\"Roovi B2B\",\"description\":\"Roovi Business Website\",\"potentialAction\":[{\"@type\":\"SearchAction\",\"target\":{\"@type\":\"EntryPoint\",\"urlTemplate\":\"https:\/\/business.roovi.com\/ro\/?s={search_term_string}\"},\"query-input\":\"required name=search_term_string\"}],\"inLanguage\":\"ro-RO\"}]}<\/script>\n<!-- \/ Yoast SEO plugin. -->","yoast_head_json":{"title":"Puzzle adul\u021bi 1000 piese Peisaje de zi - Castelul Neuschwanstein, Germania - Roovi B2B","robots":{"index":"index","follow":"follow","max-snippet":"max-snippet:-1","max-image-preview":"max-image-preview:large","max-video-preview":"max-video-preview:-1"},"canonical":"https:\/\/www.roovi.ro\/puzzle-adulti-1000-piese-peisaje-de-zi-castelul-neuschwanstein-germania\/p\/","og_locale":"ro_RO","og_type":"article","og_title":"Puzzle adul\u021bi 1000 piese Peisaje de zi - Castelul Neuschwanstein, Germania - Roovi B2B","og_description":"Zilele friguroase te \u021bin \u00een cas\u0103 \u0219i \u00ee\u021bi dore\u0219ti o activitatea creativ\u0103 care s\u0103 dea sens momentelor monotone? Te provoc\u0103m","og_url":"https:\/\/www.roovi.ro\/puzzle-adulti-1000-piese-peisaje-de-zi-castelul-neuschwanstein-germania\/p\/","og_site_name":"Roovi B2B","article_publisher":"https:\/\/www.facebook.com\/wwwjucariero","article_modified_time":"2023-03-20T21:53:55+00:00","og_image":[{"width":1200,"height":1200,"url":"https:\/\/business.roovi.com\/wp-content\/uploads\/2018\/04\/62154-14_ansamblu_dimensiuni_cutie_cm_vertical.png","type":"image\/png"}],"twitter_misc":{"Timp estimat pentru citire":"3 minute"},"schema":{"@context":"https:\/\/schema.org","@graph":[{"@type":"WebPage","@id":"https:\/\/business.roovi.com\/ro\/puzzle-adulti-1000-piese-peisaje-de-zi-castelul-neuschwanstein-germania\/p\/","url":"https:\/\/www.roovi.ro\/puzzle-adulti-1000-piese-peisaje-de-zi-castelul-neuschwanstein-germania\/p\/","name":"Puzzle adul\u021bi 1000 piese Peisaje de zi - Castelul Neuschwanstein, Germania - Roovi B2B","isPartOf":{"@id":"https:\/\/business.roovi.com\/ro\/#website"},"datePublished":"2018-04-16T10:56:17+00:00","dateModified":"2023-03-20T21:53:55+00:00","breadcrumb":{"@id":"https:\/\/www.roovi.ro\/puzzle-adulti-1000-piese-peisaje-de-zi-castelul-neuschwanstein-germania\/p\/#breadcrumb"},"inLanguage":"ro-RO","potentialAction":[{"@type":"ReadAction","target":["https:\/\/www.roovi.ro\/puzzle-adulti-1000-piese-peisaje-de-zi-castelul-neuschwanstein-germania\/p\/"]}]},{"@type":"BreadcrumbList","@id":"https:\/\/www.roovi.ro\/puzzle-adulti-1000-piese-peisaje-de-zi-castelul-neuschwanstein-germania\/p\/#breadcrumb","itemListElement":[{"@type":"ListItem","position":1,"name":"Home","item":"https:\/\/business.roovi.com\/ro\/"},{"@type":"ListItem","position":2,"name":"Magazin","item":"https:\/\/business.roovi.com\/ro\/magazin\/"},{"@type":"ListItem","position":3,"name":"Puzzle adul\u021bi 1000 piese Peisaje de zi &#8211; Castelul Neuschwanstein, Germania"}]},{"@type":"WebSite","@id":"https:\/\/business.roovi.com\/ro\/#website","url":"https:\/\/business.roovi.com\/ro\/","name":"Roovi B2B","description":"Roovi Business Website","potentialAction":[{"@type":"SearchAction","target":{"@type":"EntryPoint","urlTemplate":"https:\/\/business.roovi.com\/ro\/?s={search_term_string}"},"query-input":"required name=search_term_string"}],"inLanguage":"ro-RO"}]}},"_links":{"self":[{"href":"https:\/\/business.roovi.com\/ro\/wp-json\/wp\/v2\/product\/16417","targetHints":{"allow":["GET"]}}],"collection":[{"href":"https:\/\/business.roovi.com\/ro\/wp-json\/wp\/v2\/product"}],"about":[{"href":"https:\/\/business.roovi.com\/ro\/wp-json\/wp\/v2\/types\/product"}],"version-history":[{"count":0,"href":"https:\/\/business.roovi.com\/ro\/wp-json\/wp\/v2\/product\/16417\/revisions"}],"wp:featuredmedia":[{"embeddable":true,"href":"https:\/\/business.roovi.com\/ro\/wp-json\/wp\/v2\/media\/16403"}],"wp:attachment":[{"href":"https:\/\/business.roovi.com\/ro\/wp-json\/wp\/v2\/media?parent=16417"}],"wp:term":[{"taxonomy":"product_brand","embeddable":true,"href":"https:\/\/business.roovi.com\/ro\/wp-json\/wp\/v2\/product_brand?post=16417"},{"taxonomy":"product_cat","embeddable":true,"href":"https:\/\/business.roovi.com\/ro\/wp-json\/wp\/v2\/product_cat?post=16417"},{"taxonomy":"product_tag","embeddable":true,"href":"https:\/\/business.roovi.com\/ro\/wp-json\/wp\/v2\/product_tag?post=16417"}],"curies":[{"name":"wp","href":"https:\/\/api.w.org\/{rel}","templated":true}]}}