{"id":16420,"date":"2018-04-16T10:56:17","date_gmt":"2018-04-16T10:56:17","guid":{"rendered":"https:\/\/business.roovi.com\/product\/puzzle-cai-1000-piese-2\/"},"modified":"2023-03-20T21:53:52","modified_gmt":"2023-03-20T21:53:52","slug":"puzzle-adulti-1000-piese-cal-sur","status":"publish","type":"product","link":"https:\/\/business.roovi.com\/ro\/puzzle-adulti-1000-piese-cal-sur\/p\/","title":{"rendered":"Puzzle adul\u021bi 1000 piese Cal sur"},"content":{"rendered":"<p><strong><em>\u00cen puzzle 1000 piese Cal sur reg\u0103se\u0219ti o imagine ce-\u021bi inspir\u0103 senza\u021bia de infinit\u0103 libertate. Pune pies\u0103 l\u00e2ng\u0103 pies\u0103 \u0219i admir\u0103 tabloul fascinant ori de c\u00e2te ori sim\u021bi nevoia s\u0103 evadezi din cotidian.<\/em><\/strong><\/p>\n<p><span style=\"font-weight: 400;\">Folosi\u021bi ca animale de trac\u021biune, pentru transport, \u00een curse de agrement, \u00een r\u0103zboi sau mai nou \u00een terapii pentru a trata diferite afec\u021biuni sau dependen\u021be, caii sunt parteneri de n\u0103dejde ai omului de mii de ani.<\/span><\/p>\n<p><span style=\"font-weight: 400;\">Puzzle 1000 piese Cal sur red\u0103 imaginea unui animal nobil care se bucur\u0103 de libertate \u00een natur\u0103. Fie c\u0103 e\u0219ti fascinat de acest animal inteligent, fie c\u0103 \u00ee\u021bi dore\u0219ti s\u0103 \u00ee\u021bi petreci timpul liber \u00een mod creativ, puzzle 1000 piese Cal sur este exact ceea ce \u00ee\u021bi trebuie.<\/span><\/p>\n<p><span style=\"font-weight: 400;\">Piesele de puzzle 1000 sunt t\u0103iate cu precizie \u0219i se \u00eembin\u0103 perfect, astfel c\u0103 ob\u021bii un tablou uimitor pe care ulterior \u00eel po\u021bi \u00eenr\u0103ma. Va da un aspect elegant oric\u0103rui loc anost \u00een care \u00eel vei expune.<\/span><\/p>\n<p><strong>De ce s\u0103 alegi puzzle 1000 piese Cal sur?<\/strong><\/p>\n<p><span style=\"font-weight: 400;\">Este o modalitate relaxant\u0103 de a petrece timpul liber.<\/span><\/p>\n<p><span style=\"font-weight: 400;\">\u00ce\u021bi induce o stare de bine \u0219i optimism.\u00a0<\/span><\/p>\n<p><span style=\"font-weight: 400;\">Ob\u021bii un tablou cu dimensiunile de 68 x 47 cm care se transform\u0103 \u00eentr-o pies\u0103 decorativ\u0103 deosebit\u0103.<\/span><\/p>\n<p><span style=\"font-weight: 400;\">Este produs din carton albastru de calitate superioar\u0103, ceea ce \u00eei confer\u0103 rezisten\u021b\u0103 sporit\u0103 \u00een timp.\u00a0<\/span><\/p>\n<p><span style=\"font-weight: 400;\">Este\u00a0 prietenos cu mediul fiind produs din materiale reciclabile \u0219i sustenabile.<\/span><\/p>\n<p><span style=\"font-weight: 400;\">Finisajul este semi-lucios, \u00een culori pl\u0103cute ce scot \u00een eviden\u021b\u0103 claritatea imaginii.<\/span><\/p>\n<p><span style=\"font-weight: 400;\">Este potrivit celor peste 14 ani, prilej de a petrece timpul liber \u00eempreun\u0103 cu adolescen\u021bii.<\/span><\/p>\n<p><strong>\u0218tiai c\u0103\u2026?<\/strong><\/p>\n<p><span style=\"font-weight: 400;\">\u00cen prezent, \u00een lume exist\u0103 aproximativ 600 de rase de cai.<\/span><\/p>\n<p><span style=\"font-weight: 400;\">Cel mai longeviv cal din lume a tr\u0103it 62 de ani. \u00cen general, un cal tr\u0103ie\u0219te \u00eentre 25 \u0219i 30 de ani.<\/span><\/p>\n<p><span style=\"font-weight: 400;\">Caii pot s\u0103 doarm\u0103 \u0219i \u00een picioare.\u00a0<\/span><\/p>\n<p><span style=\"font-weight: 400;\">Masculii au mai mul\u021bi din\u021bi dec\u00e2t femelele. De regul\u0103, un cal are 40 de din\u021bi, iar o femel\u0103 are 36.<\/span><\/p>\n<p><span style=\"font-weight: 400;\">\u00cen Feng Shui, calul simbolizeaz\u0103 succesul \u0219i abunden\u021ba material\u0103.\u00a0<\/span><\/p>\n<p><strong>5 abilit\u0103\u021bi pe care le dezvol\u021bi datorit\u0103 jocurilor puzzle<\/strong><\/p>\n<ul>\n<li><span style=\"font-weight: 400;\">\u00cendem\u00e2narea<\/span><\/li>\n<li><span style=\"font-weight: 400;\">Aten\u021bia la detalii<\/span><\/li>\n<li><span style=\"font-weight: 400;\">G\u00e2ndirea logic\u0103<\/span><\/li>\n<li><span style=\"font-weight: 400;\">Creativitatea<\/span><\/li>\n<li><span style=\"font-weight: 400;\">Capacitatea de a rezolva probleme.<\/span><\/li>\n<\/ul>\n<p><span style=\"font-weight: 400;\">Puzzle 1000 piese Cal sur este un joc puzzle pe care \u00eel po\u021bi asambla \u00eempreun\u0103 cu copiii \u00een zilele monotone \u00een care vremea rea v\u0103 \u021bine \u00een cas\u0103. Copiii vor fi fascina\u021bi de aceast\u0103 imagine superb\u0103. Adaug\u0103 \u0219i c\u00e2teva informa\u021bii inedite despre aceste animale nobile \u0219i ai asigurat\u0103 o activitate creativ\u0103 \u0219i educativ\u0103 pentru oameni mari \u0219i mic<\/span><span style=\"font-weight: 400;\">i.<\/span><\/p>\n<p><span style=\"font-weight: 400;\">Ai nevoie de o idee fantastic\u0103 de cadou? Puzzle 1000 piese Cal sur este darul ideal pe care \u00eel po\u021bi oferi de s\u0103rb\u0103tori sau cu ocazii aniversare.<\/span><\/p>\n","protected":false},"excerpt":{"rendered":"<p>\u00cen puzzle 1000 piese Cal sur reg\u0103se\u0219ti o imagine ce-\u021bi inspir\u0103 senza\u021bia de infinit\u0103 libertate. Pune pies\u0103 l\u00e2ng\u0103 pies\u0103 \u0219i<\/p>\n","protected":false},"featured_media":59614,"template":"","meta":[],"product_brand":[],"product_cat":[1454,1488,1560],"product_tag":[],"class_list":{"0":"post-16420","1":"product","2":"type-product","3":"status-publish","4":"has-post-thumbnail","6":"product_cat-puzzle","7":"product_cat-puzzle-adulti","8":"product_cat-puzzle-adulti-1000","9":"pa_bax-1273","10":"pa_brand-d_toys","11":"pa_country_of_manufacture-ro","12":"pa_filter_age-1315","13":"pa_painter-horses","14":"pa_tip_ambalaj-cutie","15":"pa_tip_puzzle-clasic","17":"first","18":"instock","19":"taxable","20":"shipping-taxable","21":"product-type-simple"},"yoast_head":"<!-- This site is optimized with the Yoast SEO plugin v20.1 - https:\/\/yoast.com\/wordpress\/plugins\/seo\/ -->\n<title>Puzzle adul\u021bi 1000 piese Cal sur - Roovi B2B<\/title>\n<meta name=\"robots\" content=\"index, follow, max-snippet:-1, max-image-preview:large, max-video-preview:-1\" \/>\n<link rel=\"canonical\" href=\"https:\/\/www.roovi.ro\/puzzle-adulti-1000-piese-cal-sur\/p\/\" \/>\n<meta property=\"og:locale\" content=\"ro_RO\" \/>\n<meta property=\"og:type\" content=\"article\" \/>\n<meta property=\"og:title\" content=\"Puzzle adul\u021bi 1000 piese Cal sur - Roovi B2B\" \/>\n<meta property=\"og:description\" content=\"\u00cen puzzle 1000 piese Cal sur reg\u0103se\u0219ti o imagine ce-\u021bi inspir\u0103 senza\u021bia de infinit\u0103 libertate. Pune pies\u0103 l\u00e2ng\u0103 pies\u0103 \u0219i\" \/>\n<meta property=\"og:url\" content=\"https:\/\/www.roovi.ro\/puzzle-adulti-1000-piese-cal-sur\/p\/\" \/>\n<meta property=\"og:site_name\" content=\"Roovi B2B\" \/>\n<meta property=\"article:publisher\" content=\"https:\/\/www.facebook.com\/wwwjucariero\" \/>\n<meta property=\"article:modified_time\" content=\"2023-03-20T21:53:52+00:00\" \/>\n<meta property=\"og:image\" content=\"https:\/\/business.roovi.com\/wp-content\/uploads\/2018\/04\/65988-02-Ansamblu_dimensiuni-cutie-cm_vertical-2.png\" \/>\n\t<meta property=\"og:image:width\" content=\"1200\" \/>\n\t<meta property=\"og:image:height\" content=\"1200\" \/>\n\t<meta property=\"og:image:type\" content=\"image\/png\" \/>\n<meta name=\"twitter:label1\" content=\"Timp estimat pentru citire\" \/>\n\t<meta name=\"twitter:data1\" content=\"3 minute\" \/>\n<script type=\"application\/ld+json\" class=\"yoast-schema-graph\">{\"@context\":\"https:\/\/schema.org\",\"@graph\":[{\"@type\":\"WebPage\",\"@id\":\"https:\/\/business.roovi.com\/ro\/puzzle-adulti-1000-piese-cal-sur\/p\/\",\"url\":\"https:\/\/www.roovi.ro\/puzzle-adulti-1000-piese-cal-sur\/p\/\",\"name\":\"Puzzle adul\u021bi 1000 piese Cal sur - Roovi B2B\",\"isPartOf\":{\"@id\":\"https:\/\/business.roovi.com\/ro\/#website\"},\"datePublished\":\"2018-04-16T10:56:17+00:00\",\"dateModified\":\"2023-03-20T21:53:52+00:00\",\"breadcrumb\":{\"@id\":\"https:\/\/www.roovi.ro\/puzzle-adulti-1000-piese-cal-sur\/p\/#breadcrumb\"},\"inLanguage\":\"ro-RO\",\"potentialAction\":[{\"@type\":\"ReadAction\",\"target\":[\"https:\/\/www.roovi.ro\/puzzle-adulti-1000-piese-cal-sur\/p\/\"]}]},{\"@type\":\"BreadcrumbList\",\"@id\":\"https:\/\/www.roovi.ro\/puzzle-adulti-1000-piese-cal-sur\/p\/#breadcrumb\",\"itemListElement\":[{\"@type\":\"ListItem\",\"position\":1,\"name\":\"Home\",\"item\":\"https:\/\/business.roovi.com\/ro\/\"},{\"@type\":\"ListItem\",\"position\":2,\"name\":\"Magazin\",\"item\":\"https:\/\/business.roovi.com\/ro\/magazin\/\"},{\"@type\":\"ListItem\",\"position\":3,\"name\":\"Puzzle adul\u021bi 1000 piese Cal sur\"}]},{\"@type\":\"WebSite\",\"@id\":\"https:\/\/business.roovi.com\/ro\/#website\",\"url\":\"https:\/\/business.roovi.com\/ro\/\",\"name\":\"Roovi B2B\",\"description\":\"Roovi Business Website\",\"potentialAction\":[{\"@type\":\"SearchAction\",\"target\":{\"@type\":\"EntryPoint\",\"urlTemplate\":\"https:\/\/business.roovi.com\/ro\/?s={search_term_string}\"},\"query-input\":\"required name=search_term_string\"}],\"inLanguage\":\"ro-RO\"}]}<\/script>\n<!-- \/ Yoast SEO plugin. -->","yoast_head_json":{"title":"Puzzle adul\u021bi 1000 piese Cal sur - Roovi B2B","robots":{"index":"index","follow":"follow","max-snippet":"max-snippet:-1","max-image-preview":"max-image-preview:large","max-video-preview":"max-video-preview:-1"},"canonical":"https:\/\/www.roovi.ro\/puzzle-adulti-1000-piese-cal-sur\/p\/","og_locale":"ro_RO","og_type":"article","og_title":"Puzzle adul\u021bi 1000 piese Cal sur - Roovi B2B","og_description":"\u00cen puzzle 1000 piese Cal sur reg\u0103se\u0219ti o imagine ce-\u021bi inspir\u0103 senza\u021bia de infinit\u0103 libertate. Pune pies\u0103 l\u00e2ng\u0103 pies\u0103 \u0219i","og_url":"https:\/\/www.roovi.ro\/puzzle-adulti-1000-piese-cal-sur\/p\/","og_site_name":"Roovi B2B","article_publisher":"https:\/\/www.facebook.com\/wwwjucariero","article_modified_time":"2023-03-20T21:53:52+00:00","og_image":[{"width":1200,"height":1200,"url":"https:\/\/business.roovi.com\/wp-content\/uploads\/2018\/04\/65988-02-Ansamblu_dimensiuni-cutie-cm_vertical-2.png","type":"image\/png"}],"twitter_misc":{"Timp estimat pentru citire":"3 minute"},"schema":{"@context":"https:\/\/schema.org","@graph":[{"@type":"WebPage","@id":"https:\/\/business.roovi.com\/ro\/puzzle-adulti-1000-piese-cal-sur\/p\/","url":"https:\/\/www.roovi.ro\/puzzle-adulti-1000-piese-cal-sur\/p\/","name":"Puzzle adul\u021bi 1000 piese Cal sur - Roovi B2B","isPartOf":{"@id":"https:\/\/business.roovi.com\/ro\/#website"},"datePublished":"2018-04-16T10:56:17+00:00","dateModified":"2023-03-20T21:53:52+00:00","breadcrumb":{"@id":"https:\/\/www.roovi.ro\/puzzle-adulti-1000-piese-cal-sur\/p\/#breadcrumb"},"inLanguage":"ro-RO","potentialAction":[{"@type":"ReadAction","target":["https:\/\/www.roovi.ro\/puzzle-adulti-1000-piese-cal-sur\/p\/"]}]},{"@type":"BreadcrumbList","@id":"https:\/\/www.roovi.ro\/puzzle-adulti-1000-piese-cal-sur\/p\/#breadcrumb","itemListElement":[{"@type":"ListItem","position":1,"name":"Home","item":"https:\/\/business.roovi.com\/ro\/"},{"@type":"ListItem","position":2,"name":"Magazin","item":"https:\/\/business.roovi.com\/ro\/magazin\/"},{"@type":"ListItem","position":3,"name":"Puzzle adul\u021bi 1000 piese Cal sur"}]},{"@type":"WebSite","@id":"https:\/\/business.roovi.com\/ro\/#website","url":"https:\/\/business.roovi.com\/ro\/","name":"Roovi B2B","description":"Roovi Business Website","potentialAction":[{"@type":"SearchAction","target":{"@type":"EntryPoint","urlTemplate":"https:\/\/business.roovi.com\/ro\/?s={search_term_string}"},"query-input":"required name=search_term_string"}],"inLanguage":"ro-RO"}]}},"_links":{"self":[{"href":"https:\/\/business.roovi.com\/ro\/wp-json\/wp\/v2\/product\/16420","targetHints":{"allow":["GET"]}}],"collection":[{"href":"https:\/\/business.roovi.com\/ro\/wp-json\/wp\/v2\/product"}],"about":[{"href":"https:\/\/business.roovi.com\/ro\/wp-json\/wp\/v2\/types\/product"}],"version-history":[{"count":0,"href":"https:\/\/business.roovi.com\/ro\/wp-json\/wp\/v2\/product\/16420\/revisions"}],"wp:featuredmedia":[{"embeddable":true,"href":"https:\/\/business.roovi.com\/ro\/wp-json\/wp\/v2\/media\/59614"}],"wp:attachment":[{"href":"https:\/\/business.roovi.com\/ro\/wp-json\/wp\/v2\/media?parent=16420"}],"wp:term":[{"taxonomy":"product_brand","embeddable":true,"href":"https:\/\/business.roovi.com\/ro\/wp-json\/wp\/v2\/product_brand?post=16420"},{"taxonomy":"product_cat","embeddable":true,"href":"https:\/\/business.roovi.com\/ro\/wp-json\/wp\/v2\/product_cat?post=16420"},{"taxonomy":"product_tag","embeddable":true,"href":"https:\/\/business.roovi.com\/ro\/wp-json\/wp\/v2\/product_tag?post=16420"}],"curies":[{"name":"wp","href":"https:\/\/api.w.org\/{rel}","templated":true}]}}