{"id":16450,"date":"2018-04-16T10:56:17","date_gmt":"2018-04-16T10:56:17","guid":{"rendered":"https:\/\/business.roovi.com\/product\/puzzle-pierre-auguste-cot-the-storm-1000-piese\/"},"modified":"2023-03-20T21:53:46","modified_gmt":"2023-03-20T21:53:46","slug":"puzzle-adulti-1000-piese-pierre-auguste-cot-the-storm-furtuna","status":"publish","type":"product","link":"https:\/\/business.roovi.com\/ro\/puzzle-adulti-1000-piese-pierre-auguste-cot-the-storm-furtuna\/p\/","title":{"rendered":"Puzzle adulti 1000 piese Pierre-Auguste Cot &#8211; The Storm\/ Furtuna"},"content":{"rendered":"<p><span style=\"font-weight: 400;\">\u00ce\u021bi dore\u0219ti un obiect decorativ deosebit? Sau vrei s\u0103 \u00ee\u021bi surprinzi un prieten drag cu un dar deosebit? Puzzle-urile de art\u0103 cu imagini ale picturilor celebre sunt exact ceea ce \u00ee\u021bi trebuie!\u00a0<\/span><\/p>\n<p><span style=\"font-weight: 400;\">La noi g\u0103se\u0219ti \u00een puzzle-uri de 1000 piese imaginea Mona Lisei, a Rondului de noapte \u0219i a multor opere celebre. Cu c\u00e2teva click-uri toate acestea pot fi ale tale!<\/span><\/p>\n<p><span style=\"font-weight: 400;\">Puzzle 1000 piese Pierre-Auguste Cot &#8211; The storm\/Furtuna este recomandarea noastr\u0103 pentru tine datorit\u0103 emo\u021biei transmise de imaginea picturii celebre. Cuplul t\u00e2n\u0103r, fugind spre ad\u0103post din calea furtunii a fost tabloul care a f\u0103cut senza\u021bie \u00een secolul al XIX-lea printre iubitorii de art\u0103 ai vremii. Pictura \u00eenc\u00e2nt\u0103 \u0219i privitorii contemporani, iar criticii \u00eei recunosc \u0219i ast\u0103zi pictorului francez meritele pentru tehnica f\u0103r\u0103 cusur aplicat\u0103 \u00een aceast\u0103 lucrare celebr\u0103.<\/span><\/p>\n<p><span style=\"font-weight: 400;\">Po\u021bi asambla acest puzzle de art\u0103 folosit ca suport pentru cele 1000 piese o m\u0103su\u021b\u0103 satndard de cafea. Tabloul reconstituit are dimensiunile de 50 x 70 cm.<\/span><\/p>\n<p><span style=\"font-weight: 400;\">Alte caracteristici ale puzzle-ului de 1000 piese Pierre-Auguste Cot &#8211; The storm\/Furtuna:<\/span><\/p>\n<p><strong>Material puzzle:\u00a0<\/strong><\/p>\n<p><strong>carton albastru de o calitate superioar\u0103<\/strong><\/p>\n<p><strong>materiale sustenabile, reciclabile<\/strong><\/p>\n<p><strong>finisaj semi-lucios, culori vii<\/strong><\/p>\n<p><strong>Num\u0103rul pieselor de puzzle: 1000<\/strong><\/p>\n<p><strong>V\u00e2rsta recomandat\u0103: 14+<\/strong><\/p>\n<p><strong>Jocuri puzzle te \u00eenva\u021b\u0103 s\u0103 fii perseverent<\/strong><\/p>\n<p><span style=\"font-weight: 400;\">S\u0103 faci puzzle-uri de 1000 piese este o mare provocare pentru minte, iar s\u0103 accep\u021bi aceast\u0103 sarcin\u0103 dificil\u0103 este primul pas \u00een dezvoltarea perseveren\u021bei. Cu c\u00e2t vei asambla mai multe modele de jocuri puzzle, cu at\u00e2t vei progresa \u00een aceast\u0103 direc\u021bie.\u00a0<\/span><\/p>\n<p><span style=\"font-weight: 400;\">Pe l\u00e2ng\u0103 acest beneficiu, jocurile puzzle \u00ee\u021bi mai ofer\u0103 \u0219i alte avantaje. Iat\u0103 c\u00e2teva dintre acestea:<\/span><\/p>\n<p><span style=\"font-weight: 400;\">Sunt o bun\u0103 modalitate de relaxare \u0219i deta\u0219are de la probleme cotidiene.<\/span><\/p>\n<p><span style=\"font-weight: 400;\">\u00cembun\u0103t\u0103\u021besc memoria.<\/span><\/p>\n<p><span style=\"font-weight: 400;\">Sporesc aten\u021bia la detalii.<\/span><\/p>\n<p><span style=\"font-weight: 400;\">\u00cembun\u0103t\u0103\u021besc abilit\u0103\u021bile de rezolvare a problemelor.<\/span><\/p>\n<p><span style=\"font-weight: 400;\">Contribuie la \u00eembun\u0103t\u0103\u021birea st\u0103rii de spirit.<\/span><\/p>\n<p><strong>Despre Pierre-Auguste Cot \u0219i <\/strong><strong><em>The storm<\/em><\/strong><strong> \u0219tiai c\u0103?<\/strong><\/p>\n<p><span style=\"font-weight: 400;\">Criticii au evaluat pozitiv, dar au speculat mult pe baza subiectului din aceast\u0103 pictur\u0103, expus\u0103 la Salonul din Paris \u00een 1880.<\/span><\/p>\n<p><span style=\"font-weight: 400;\">Unii spun c\u0103 este reprezentarea cuplului Paul \u0219i Virginia, al lui Bernardin de Saint-Pierre, al\u021bii c\u0103 ar fi vorba de Daphnis \u0219i Chloe, din povestea pastoral\u0103 a lui <\/span><span style=\"font-weight: 400;\">Longus<\/span><\/p>\n<p><span style=\"font-weight: 400;\">Pictura a devenit extrem de popular\u0103 \u0219i a fost reprodus\u0103 la scar\u0103 larg\u0103.<\/span><\/p>\n<p><span style=\"font-weight: 400;\">La 1870 <\/span><span style=\"font-weight: 400;\">Pierre-August Cot <\/span><span style=\"font-weight: 400;\">se afla pe culmile gloriei, astfel \u00eenc\u00e2t era o m\u00e2ndrie s\u0103 ai \u00een cas\u0103 un tablou al acestui pictor.<\/span><\/p>\n<p><span style=\"font-weight: 400;\">A tr\u0103it doar 46 ani, dar \u00een timpul vie\u021bii, Cot a c\u00e2\u0219tigat numeroase premii pentru operele sale, iar \u00een 1874 a fost <\/span><span style=\"font-weight: 400;\">numit Cavaler al Legiunii de Onoare.<\/span><\/p>\n<p><strong>Ce abilit\u0103\u021bi \u00ee\u021bi dezvolt\u0103 puzzle-urile de art\u0103?<\/strong><\/p>\n<p><span style=\"font-weight: 400;\">Puzzle-urile de art\u0103 sunt mai mult dec\u00e2t o activitate de relaxare. Ele te ajut\u0103 pe mai multe planuri, \u0219i anume:<\/span><\/p>\n<p><span style=\"font-weight: 400;\">\u00ce\u021bi dezvolt\u0103 sim\u021bul coloristic.<\/span><\/p>\n<p><span style=\"font-weight: 400;\">\u00ce\u021bi antreneaz\u0103 imagina\u021bia.<\/span><\/p>\n<p><span style=\"font-weight: 400;\">\u00ce\u021bi deschid orizonturile pentru lumea artei.<\/span><\/p>\n<p><span style=\"font-weight: 400;\">Te ajut\u0103 s\u0103-\u021bi perfec\u021bionezi abilit\u0103\u021bile de asamblare ale puzzle-urilor de adul\u021bi.<\/span><\/p>\n<p><span style=\"font-weight: 400;\">Cump\u0103r\u0103 puzzle 1000 piese Pierre-Auguste Cot &#8211; The storm\/Furtuna \u0219i reune\u0219te \u00eentreaga familie \u00een jurul unui minunat joc puzzle! Reface\u021bi imaginea \u0219i petrece\u021bi \u00eempreun\u0103 momente de neuitat. Descoper\u0103 \u0219i alte puzzle-uri de 1000 piese \u00een gama noastr\u0103 puzzle-uri de art\u0103 \u0219i construi\u021bi o colec\u021bie uimitoare de tablouri de art\u0103.<\/span><\/p>\n<p><span style=\"font-weight: 400;\">Puzzle de art\u0103 Pierre-Auguste Cot &#8211; The storm\/Furtuna poate fi oferit \u00een dar persoanelor apropiate, la diverse ocazii de s\u0103rb\u0103toare.<\/span><\/p>\n","protected":false},"excerpt":{"rendered":"<p>\u00ce\u021bi dore\u0219ti un obiect decorativ deosebit? Sau vrei s\u0103 \u00ee\u021bi surprinzi un prieten drag cu un dar deosebit? Puzzle-urile de<\/p>\n","protected":false},"featured_media":63387,"template":"","meta":[],"product_brand":[],"product_cat":[1454,1488,1560],"product_tag":[],"class_list":{"0":"post-16450","1":"product","2":"type-product","3":"status-publish","4":"has-post-thumbnail","6":"product_cat-puzzle","7":"product_cat-puzzle-adulti","8":"product_cat-puzzle-adulti-1000","9":"pa_bax-1273","10":"pa_brand-d_toys","11":"pa_country_of_manufacture-ro","12":"pa_filter_age-1315","13":"pa_painter-pierreaugustecot","14":"pa_tip_ambalaj-cutie","15":"pa_tip_puzzle-clasic","17":"first","18":"instock","19":"taxable","20":"shipping-taxable","21":"product-type-simple"},"yoast_head":"<!-- This site is optimized with the Yoast SEO plugin v20.1 - https:\/\/yoast.com\/wordpress\/plugins\/seo\/ -->\n<title>Puzzle adulti 1000 piese Pierre-Auguste Cot - The Storm\/ Furtuna - Roovi B2B<\/title>\n<meta name=\"robots\" content=\"index, follow, max-snippet:-1, max-image-preview:large, max-video-preview:-1\" \/>\n<link rel=\"canonical\" href=\"https:\/\/www.roovi.ro\/puzzle-adulti-1000-piese-pierre-auguste-cot-the-storm-furtuna\/p\/\" \/>\n<meta property=\"og:locale\" content=\"ro_RO\" \/>\n<meta property=\"og:type\" content=\"article\" \/>\n<meta property=\"og:title\" content=\"Puzzle adulti 1000 piese Pierre-Auguste Cot - The Storm\/ Furtuna - Roovi B2B\" \/>\n<meta property=\"og:description\" content=\"\u00ce\u021bi dore\u0219ti un obiect decorativ deosebit? Sau vrei s\u0103 \u00ee\u021bi surprinzi un prieten drag cu un dar deosebit? Puzzle-urile de\" \/>\n<meta property=\"og:url\" content=\"https:\/\/www.roovi.ro\/puzzle-adulti-1000-piese-pierre-auguste-cot-the-storm-furtuna\/p\/\" \/>\n<meta property=\"og:site_name\" content=\"Roovi B2B\" \/>\n<meta property=\"article:publisher\" content=\"https:\/\/www.facebook.com\/wwwjucariero\" \/>\n<meta property=\"article:modified_time\" content=\"2023-03-20T21:53:46+00:00\" \/>\n<meta property=\"og:image\" content=\"https:\/\/business.roovi.com\/wp-content\/uploads\/2018\/04\/72740-CO-01-WEB.jpg\" \/>\n\t<meta property=\"og:image:width\" content=\"1200\" \/>\n\t<meta property=\"og:image:height\" content=\"1200\" \/>\n\t<meta property=\"og:image:type\" content=\"image\/jpeg\" \/>\n<meta name=\"twitter:label1\" content=\"Timp estimat pentru citire\" \/>\n\t<meta name=\"twitter:data1\" content=\"3 minute\" \/>\n<script type=\"application\/ld+json\" class=\"yoast-schema-graph\">{\"@context\":\"https:\/\/schema.org\",\"@graph\":[{\"@type\":\"WebPage\",\"@id\":\"https:\/\/business.roovi.com\/ro\/puzzle-adulti-1000-piese-pierre-auguste-cot-the-storm-furtuna\/p\/\",\"url\":\"https:\/\/www.roovi.ro\/puzzle-adulti-1000-piese-pierre-auguste-cot-the-storm-furtuna\/p\/\",\"name\":\"Puzzle adulti 1000 piese Pierre-Auguste Cot - The Storm\/ Furtuna - Roovi B2B\",\"isPartOf\":{\"@id\":\"https:\/\/business.roovi.com\/ro\/#website\"},\"datePublished\":\"2018-04-16T10:56:17+00:00\",\"dateModified\":\"2023-03-20T21:53:46+00:00\",\"breadcrumb\":{\"@id\":\"https:\/\/www.roovi.ro\/puzzle-adulti-1000-piese-pierre-auguste-cot-the-storm-furtuna\/p\/#breadcrumb\"},\"inLanguage\":\"ro-RO\",\"potentialAction\":[{\"@type\":\"ReadAction\",\"target\":[\"https:\/\/www.roovi.ro\/puzzle-adulti-1000-piese-pierre-auguste-cot-the-storm-furtuna\/p\/\"]}]},{\"@type\":\"BreadcrumbList\",\"@id\":\"https:\/\/www.roovi.ro\/puzzle-adulti-1000-piese-pierre-auguste-cot-the-storm-furtuna\/p\/#breadcrumb\",\"itemListElement\":[{\"@type\":\"ListItem\",\"position\":1,\"name\":\"Home\",\"item\":\"https:\/\/business.roovi.com\/ro\/\"},{\"@type\":\"ListItem\",\"position\":2,\"name\":\"Magazin\",\"item\":\"https:\/\/business.roovi.com\/ro\/magazin\/\"},{\"@type\":\"ListItem\",\"position\":3,\"name\":\"Puzzle adulti 1000 piese Pierre-Auguste Cot &#8211; The Storm\/ Furtuna\"}]},{\"@type\":\"WebSite\",\"@id\":\"https:\/\/business.roovi.com\/ro\/#website\",\"url\":\"https:\/\/business.roovi.com\/ro\/\",\"name\":\"Roovi B2B\",\"description\":\"Roovi Business Website\",\"potentialAction\":[{\"@type\":\"SearchAction\",\"target\":{\"@type\":\"EntryPoint\",\"urlTemplate\":\"https:\/\/business.roovi.com\/ro\/?s={search_term_string}\"},\"query-input\":\"required name=search_term_string\"}],\"inLanguage\":\"ro-RO\"}]}<\/script>\n<!-- \/ Yoast SEO plugin. -->","yoast_head_json":{"title":"Puzzle adulti 1000 piese Pierre-Auguste Cot - The Storm\/ Furtuna - Roovi B2B","robots":{"index":"index","follow":"follow","max-snippet":"max-snippet:-1","max-image-preview":"max-image-preview:large","max-video-preview":"max-video-preview:-1"},"canonical":"https:\/\/www.roovi.ro\/puzzle-adulti-1000-piese-pierre-auguste-cot-the-storm-furtuna\/p\/","og_locale":"ro_RO","og_type":"article","og_title":"Puzzle adulti 1000 piese Pierre-Auguste Cot - The Storm\/ Furtuna - Roovi B2B","og_description":"\u00ce\u021bi dore\u0219ti un obiect decorativ deosebit? Sau vrei s\u0103 \u00ee\u021bi surprinzi un prieten drag cu un dar deosebit? Puzzle-urile de","og_url":"https:\/\/www.roovi.ro\/puzzle-adulti-1000-piese-pierre-auguste-cot-the-storm-furtuna\/p\/","og_site_name":"Roovi B2B","article_publisher":"https:\/\/www.facebook.com\/wwwjucariero","article_modified_time":"2023-03-20T21:53:46+00:00","og_image":[{"width":1200,"height":1200,"url":"https:\/\/business.roovi.com\/wp-content\/uploads\/2018\/04\/72740-CO-01-WEB.jpg","type":"image\/jpeg"}],"twitter_misc":{"Timp estimat pentru citire":"3 minute"},"schema":{"@context":"https:\/\/schema.org","@graph":[{"@type":"WebPage","@id":"https:\/\/business.roovi.com\/ro\/puzzle-adulti-1000-piese-pierre-auguste-cot-the-storm-furtuna\/p\/","url":"https:\/\/www.roovi.ro\/puzzle-adulti-1000-piese-pierre-auguste-cot-the-storm-furtuna\/p\/","name":"Puzzle adulti 1000 piese Pierre-Auguste Cot - The Storm\/ Furtuna - Roovi B2B","isPartOf":{"@id":"https:\/\/business.roovi.com\/ro\/#website"},"datePublished":"2018-04-16T10:56:17+00:00","dateModified":"2023-03-20T21:53:46+00:00","breadcrumb":{"@id":"https:\/\/www.roovi.ro\/puzzle-adulti-1000-piese-pierre-auguste-cot-the-storm-furtuna\/p\/#breadcrumb"},"inLanguage":"ro-RO","potentialAction":[{"@type":"ReadAction","target":["https:\/\/www.roovi.ro\/puzzle-adulti-1000-piese-pierre-auguste-cot-the-storm-furtuna\/p\/"]}]},{"@type":"BreadcrumbList","@id":"https:\/\/www.roovi.ro\/puzzle-adulti-1000-piese-pierre-auguste-cot-the-storm-furtuna\/p\/#breadcrumb","itemListElement":[{"@type":"ListItem","position":1,"name":"Home","item":"https:\/\/business.roovi.com\/ro\/"},{"@type":"ListItem","position":2,"name":"Magazin","item":"https:\/\/business.roovi.com\/ro\/magazin\/"},{"@type":"ListItem","position":3,"name":"Puzzle adulti 1000 piese Pierre-Auguste Cot &#8211; The Storm\/ Furtuna"}]},{"@type":"WebSite","@id":"https:\/\/business.roovi.com\/ro\/#website","url":"https:\/\/business.roovi.com\/ro\/","name":"Roovi B2B","description":"Roovi Business Website","potentialAction":[{"@type":"SearchAction","target":{"@type":"EntryPoint","urlTemplate":"https:\/\/business.roovi.com\/ro\/?s={search_term_string}"},"query-input":"required name=search_term_string"}],"inLanguage":"ro-RO"}]}},"_links":{"self":[{"href":"https:\/\/business.roovi.com\/ro\/wp-json\/wp\/v2\/product\/16450","targetHints":{"allow":["GET"]}}],"collection":[{"href":"https:\/\/business.roovi.com\/ro\/wp-json\/wp\/v2\/product"}],"about":[{"href":"https:\/\/business.roovi.com\/ro\/wp-json\/wp\/v2\/types\/product"}],"version-history":[{"count":0,"href":"https:\/\/business.roovi.com\/ro\/wp-json\/wp\/v2\/product\/16450\/revisions"}],"wp:featuredmedia":[{"embeddable":true,"href":"https:\/\/business.roovi.com\/ro\/wp-json\/wp\/v2\/media\/63387"}],"wp:attachment":[{"href":"https:\/\/business.roovi.com\/ro\/wp-json\/wp\/v2\/media?parent=16450"}],"wp:term":[{"taxonomy":"product_brand","embeddable":true,"href":"https:\/\/business.roovi.com\/ro\/wp-json\/wp\/v2\/product_brand?post=16450"},{"taxonomy":"product_cat","embeddable":true,"href":"https:\/\/business.roovi.com\/ro\/wp-json\/wp\/v2\/product_cat?post=16450"},{"taxonomy":"product_tag","embeddable":true,"href":"https:\/\/business.roovi.com\/ro\/wp-json\/wp\/v2\/product_tag?post=16450"}],"curies":[{"name":"wp","href":"https:\/\/api.w.org\/{rel}","templated":true}]}}