{"id":16465,"date":"2018-04-16T10:56:17","date_gmt":"2018-04-16T10:56:17","guid":{"rendered":"https:\/\/business.roovi.com\/product\/puzzle-edgar-degas-the-dancing-class-1000-piese\/"},"modified":"2025-03-17T11:59:18","modified_gmt":"2025-03-17T11:59:18","slug":"puzzle-adulti-1000-piese-edgar-degas-the-ballet-class","status":"publish","type":"product","link":"https:\/\/business.roovi.com\/ro\/puzzle-adulti-1000-piese-edgar-degas-the-ballet-class\/p\/","title":{"rendered":"Puzzle adul\u021bi 1000 piese Edgar Degas &#8211; The Ballet Class"},"content":{"rendered":"<p><strong><em>Fascinat de tablourile lui Da Vinci, Botticelli sau Van Gogh? Descoper\u0103 imagini cu cele mai cunoscute picturi din toate timpurile \u00een cea mai mare gama de puzzle-uri de art\u0103 produse \u00een Rom\u00e2nia.\u00a0<\/em><\/strong><\/p>\n<p><span style=\"font-weight: 400;\">Puzzle 1000 piese Edgar Degas &#8211; The Ballet Class \u00eenf\u0103\u021bi\u0219eaz\u0103 imaginea tabloului omonim creat de pictorul francez, cunoscut pentru arta sa de a picta balerine.\u00a0<\/span><\/p>\n<p><span style=\"font-weight: 400;\">Edgar Degas a frecventat Opera din Paris at\u00e2t pentru a viziona spectacolele, c\u00e2t mai ales pentru a observa preg\u0103tirea asidu\u0103 a delicatelor balerine. Toate operele sale care au \u00een centrul universului artistic balerinele se disting prin gra\u021bie \u0219i armonie.<\/span><\/p>\n<p><span style=\"font-weight: 400;\">Degas nu este interesat de erotism, ci de a reprezenta armonia corpului feminin aflat \u00een mi\u0219care. A devenit celebru pentru spontaneitatea \u0219i verva lucr\u0103rilor sale. \u00cen toate tablourile pare c\u0103 artistul a dorit s\u0103 surprind\u0103 fiecare atitudine \u0219i gest, fiecare nuan\u021b\u0103 de mi\u0219care din spectacolul de pe scen\u0103 sau repeti\u021bia general\u0103.\u00a0<\/span><\/p>\n<p><span style=\"font-weight: 400;\">Dac\u0103 dinamismul \u0219i armonia culorilor din pictura lui Degas \u00ee\u021bi trezesc interesul, puzzle 1000 piese The Ballet Class este o delectare pe care trebuie neap\u0103rat s\u0103 o experimentezi. Intr\u0103 \u00een pielea artistului \u0219i creeaz\u0103 din 1000 piese puzzle o capodoper\u0103 artistic\u0103 \u00eendelung admirat\u0103.<\/span><\/p>\n<p><strong>Caracteristici puzzle 1000 piese Edgar Degas &#8211; The Ballet Class<\/strong><\/p>\n<p><strong>Dimensiune imagine reconstituit\u0103: 68 x 47 cm<\/strong><\/p>\n<p><strong>Material puzzle:\u00a0<\/strong><\/p>\n<p><strong>carton albastru de o calitate superioar\u0103<\/strong><\/p>\n<p><strong>materiale sustenabile, reciclabile<\/strong><\/p>\n<p><strong>finisaj semi-lucios, culori vii<\/strong><\/p>\n<p><strong>Num\u0103rul pieselor de puzzle: 1000<\/strong><\/p>\n<p><strong>V\u00e2rsta recomandat\u0103: 14+<\/strong><\/p>\n<p><span style=\"font-weight: 400;\">Jocurile puzzle \u00ee\u021bi dezvolt\u0103 numeroase abilit\u0103\u021bi care se reflect\u0103 pe mai multe planuri:<\/span><\/p>\n<ul>\n<li><span style=\"font-weight: 400;\">Te ajut\u0103 s\u0103 devii r\u0103bd\u0103tor \u0219i perseverent c\u00e2nd dore\u0219ti s\u0103-\u021bi atingi obiective m\u0103re\u021be.<\/span><\/li>\n<li><span style=\"font-weight: 400;\">\u00ce\u021bi antreneaz\u0103 mintea \u0219i \u00ee\u021bi men\u021bine memoria ascu\u021bit\u0103.<\/span><\/li>\n<li><span style=\"font-weight: 400;\">\u00ce\u021bi dezvolt\u0103 capacitatea de a rezolva probleme \u0219i de a face fa\u021b\u0103 presiunii \u00een situa\u021biile stresante.<\/span><\/li>\n<li><span style=\"font-weight: 400;\">Te ajut\u0103 s\u0103-\u021bi men\u021bii mobilitatea fin\u0103, dexteritatea \u0219i coordonarea la orice v\u00e2rst\u0103.<\/span><\/li>\n<li><span style=\"font-weight: 400;\">Stimuleaz\u0103 secre\u021bia dopaminei \u0219i \u00ee\u021bi dau astfel o stare de fericire, optimism\u00a0 \u0219i \u00eencredere \u00een for\u021bele proprii.<\/span><\/li>\n<\/ul>\n<p><strong>\u0218tiai c\u0103\u2026?<\/strong><\/p>\n<p><span style=\"font-weight: 400;\">Toate tablourile lui Degas sunt create \u00een atelierul artistului, de\u0219i redau \u00een detaliu scene dinamice din timpul repeti\u021biilor sau al spectacolelor.<\/span><\/p>\n<p><span style=\"font-weight: 400;\">La 36 de ani, pictorul \u00eencepe s\u0103 aib\u0103 probleme cu vederea. Aceasta se va degrada \u00een timp, iar la finalul vie\u021bii Degas este aproape orb.<\/span><\/p>\n<p><span style=\"font-weight: 400;\">Fascinat de balerine, Degas a creat aproximativ 1500 de tablouri av\u00e2nd ca tem\u0103 central\u0103 aceste dansatoare.<\/span><\/p>\n<p><span style=\"font-weight: 400;\">De-a lungul a 40 de ani, Edgar Degas a avut o prietenie deosebit\u0103 cu pictori\u021ba Mary Cassat.<\/span><\/p>\n<p><span style=\"font-weight: 400;\">Pictorul a fost \u0219i un colec\u021bionar de art\u0103 pasionat. \u00cen colec\u021bia sa privat\u0103 s-au descoperit \u00een 1917 numeroase opere valoroase create de Ingres, Delacroix, Monet, Cezanne, Gauguin, Van Gogh \u0219i mul\u021bi al\u021bii.\u00a0<\/span><\/p>\n<p><strong>De ce s\u0103 alegi un puzzle 1000 piese din colec\u021bia puzzle de art\u0103?<\/strong><\/p>\n<p><span style=\"font-weight: 400;\">Un puzzle de art\u0103 este mai mult dec\u00e2t o activitate relaxant\u0103, \u00ee\u021bi ofer\u0103 multiple avantaje precum:<\/span><\/p>\n<p><span style=\"font-weight: 400;\">\u00ce\u021bi cultiv\u0103 gustul estetic.\u00a0<\/span><\/p>\n<p><span style=\"font-weight: 400;\">\u00ce\u021bi dezvolt\u0103 imagina\u021bia.<\/span><\/p>\n<p><span style=\"font-weight: 400;\">\u00ce\u021bi treze\u0219te curiozitatea \u0219i dorin\u021ba de a cunoa\u0219te arta \u00een profunzime.<\/span><\/p>\n<p><span style=\"font-weight: 400;\">Este o modalitate excelent\u0103 prin care \u00ee\u021bi dezvol\u021bi abilit\u0103\u021bile de asamblare a jocurilor puzzle.<\/span><\/p>\n<p><span style=\"font-weight: 400;\">Este un prilej deosebit de a reface o capodoper\u0103 artistic\u0103 \u0219i de a admira chiar \u0219i cele mai fine detalii ale unei picturi celebre.<\/span><\/p>\n<p><span style=\"font-weight: 400;\">Ob\u021bii un tablou original, o copie aproape perfect\u0103 a unei picturi celebre cu care \u00ee\u021bi po\u021bi decora locuin\u021ba.<\/span><\/p>\n<p><span style=\"font-weight: 400;\">Alege a\u0219adar puzzle 1000 piese Edgar Degas &#8211; The Ballet Class \u0219i bucur\u0103-te de toate beneficiile pe care \u021bi le ofer\u0103 jocul puzzle. De asemenea, dac\u0103 vrei s\u0103 surprinzi pl\u0103cut un pasionat de puzzle adul\u021bi, ofer\u0103-i \u00een dar acest puzzle de art\u0103 fascinant.<\/span><\/p>\n","protected":false},"excerpt":{"rendered":"<p>Fascinat de tablourile lui Da Vinci, Botticelli sau Van Gogh? Descoper\u0103 imagini cu cele mai cunoscute picturi din toate timpurile<\/p>\n","protected":false},"featured_media":63469,"template":"","meta":[],"product_brand":[],"product_cat":[1454,1488,1560],"product_tag":[],"class_list":{"0":"post-16465","1":"product","2":"type-product","3":"status-publish","4":"has-post-thumbnail","6":"product_cat-puzzle","7":"product_cat-puzzle-adulti","8":"product_cat-puzzle-adulti-1000","9":"pa_bax-1273","10":"pa_brand-d_toys","11":"pa_country_of_manufacture-ro","12":"pa_filter_age-1315","13":"pa_painter-edgardegas","14":"pa_tip_ambalaj-cutie","15":"pa_tip_puzzle-clasic","17":"first","18":"instock","19":"taxable","20":"shipping-taxable","21":"product-type-simple"},"yoast_head":"<!-- This site is optimized with the Yoast SEO plugin v20.1 - https:\/\/yoast.com\/wordpress\/plugins\/seo\/ -->\n<title>Puzzle adul\u021bi 1000 piese Edgar Degas - The Ballet Class - Roovi B2B<\/title>\n<meta name=\"robots\" content=\"index, follow, max-snippet:-1, max-image-preview:large, max-video-preview:-1\" \/>\n<link rel=\"canonical\" href=\"https:\/\/www.roovi.ro\/puzzle-adulti-1000-piese-edgar-degas-the-ballet-class\/p\/\" \/>\n<meta property=\"og:locale\" content=\"ro_RO\" \/>\n<meta property=\"og:type\" content=\"article\" \/>\n<meta property=\"og:title\" content=\"Puzzle adul\u021bi 1000 piese Edgar Degas - The Ballet Class - Roovi B2B\" \/>\n<meta property=\"og:description\" content=\"Fascinat de tablourile lui Da Vinci, Botticelli sau Van Gogh? Descoper\u0103 imagini cu cele mai cunoscute picturi din toate timpurile\" \/>\n<meta property=\"og:url\" content=\"https:\/\/www.roovi.ro\/puzzle-adulti-1000-piese-edgar-degas-the-ballet-class\/p\/\" \/>\n<meta property=\"og:site_name\" content=\"Roovi B2B\" \/>\n<meta property=\"article:publisher\" content=\"https:\/\/www.facebook.com\/wwwjucariero\" \/>\n<meta property=\"article:modified_time\" content=\"2025-03-17T11:59:18+00:00\" \/>\n<meta property=\"og:image\" content=\"https:\/\/business.roovi.com\/wp-content\/uploads\/2018\/04\/72801-DE-02-WEB.jpg\" \/>\n\t<meta property=\"og:image:width\" content=\"1200\" \/>\n\t<meta property=\"og:image:height\" content=\"1200\" \/>\n\t<meta property=\"og:image:type\" content=\"image\/jpeg\" \/>\n<meta name=\"twitter:label1\" content=\"Timp estimat pentru citire\" \/>\n\t<meta name=\"twitter:data1\" content=\"3 minute\" \/>\n<script type=\"application\/ld+json\" class=\"yoast-schema-graph\">{\"@context\":\"https:\/\/schema.org\",\"@graph\":[{\"@type\":\"WebPage\",\"@id\":\"https:\/\/business.roovi.com\/ro\/puzzle-adulti-1000-piese-edgar-degas-the-ballet-class\/p\/\",\"url\":\"https:\/\/www.roovi.ro\/puzzle-adulti-1000-piese-edgar-degas-the-ballet-class\/p\/\",\"name\":\"Puzzle adul\u021bi 1000 piese Edgar Degas - The Ballet Class - Roovi B2B\",\"isPartOf\":{\"@id\":\"https:\/\/business.roovi.com\/ro\/#website\"},\"datePublished\":\"2018-04-16T10:56:17+00:00\",\"dateModified\":\"2025-03-17T11:59:18+00:00\",\"breadcrumb\":{\"@id\":\"https:\/\/www.roovi.ro\/puzzle-adulti-1000-piese-edgar-degas-the-ballet-class\/p\/#breadcrumb\"},\"inLanguage\":\"ro-RO\",\"potentialAction\":[{\"@type\":\"ReadAction\",\"target\":[\"https:\/\/www.roovi.ro\/puzzle-adulti-1000-piese-edgar-degas-the-ballet-class\/p\/\"]}]},{\"@type\":\"BreadcrumbList\",\"@id\":\"https:\/\/www.roovi.ro\/puzzle-adulti-1000-piese-edgar-degas-the-ballet-class\/p\/#breadcrumb\",\"itemListElement\":[{\"@type\":\"ListItem\",\"position\":1,\"name\":\"Home\",\"item\":\"https:\/\/business.roovi.com\/ro\/\"},{\"@type\":\"ListItem\",\"position\":2,\"name\":\"Magazin\",\"item\":\"https:\/\/business.roovi.com\/ro\/magazin\/\"},{\"@type\":\"ListItem\",\"position\":3,\"name\":\"Puzzle adul\u021bi 1000 piese Edgar Degas &#8211; The Ballet Class\"}]},{\"@type\":\"WebSite\",\"@id\":\"https:\/\/business.roovi.com\/ro\/#website\",\"url\":\"https:\/\/business.roovi.com\/ro\/\",\"name\":\"Roovi B2B\",\"description\":\"Roovi Business Website\",\"potentialAction\":[{\"@type\":\"SearchAction\",\"target\":{\"@type\":\"EntryPoint\",\"urlTemplate\":\"https:\/\/business.roovi.com\/ro\/?s={search_term_string}\"},\"query-input\":\"required name=search_term_string\"}],\"inLanguage\":\"ro-RO\"}]}<\/script>\n<!-- \/ Yoast SEO plugin. -->","yoast_head_json":{"title":"Puzzle adul\u021bi 1000 piese Edgar Degas - The Ballet Class - Roovi B2B","robots":{"index":"index","follow":"follow","max-snippet":"max-snippet:-1","max-image-preview":"max-image-preview:large","max-video-preview":"max-video-preview:-1"},"canonical":"https:\/\/www.roovi.ro\/puzzle-adulti-1000-piese-edgar-degas-the-ballet-class\/p\/","og_locale":"ro_RO","og_type":"article","og_title":"Puzzle adul\u021bi 1000 piese Edgar Degas - The Ballet Class - Roovi B2B","og_description":"Fascinat de tablourile lui Da Vinci, Botticelli sau Van Gogh? Descoper\u0103 imagini cu cele mai cunoscute picturi din toate timpurile","og_url":"https:\/\/www.roovi.ro\/puzzle-adulti-1000-piese-edgar-degas-the-ballet-class\/p\/","og_site_name":"Roovi B2B","article_publisher":"https:\/\/www.facebook.com\/wwwjucariero","article_modified_time":"2025-03-17T11:59:18+00:00","og_image":[{"width":1200,"height":1200,"url":"https:\/\/business.roovi.com\/wp-content\/uploads\/2018\/04\/72801-DE-02-WEB.jpg","type":"image\/jpeg"}],"twitter_misc":{"Timp estimat pentru citire":"3 minute"},"schema":{"@context":"https:\/\/schema.org","@graph":[{"@type":"WebPage","@id":"https:\/\/business.roovi.com\/ro\/puzzle-adulti-1000-piese-edgar-degas-the-ballet-class\/p\/","url":"https:\/\/www.roovi.ro\/puzzle-adulti-1000-piese-edgar-degas-the-ballet-class\/p\/","name":"Puzzle adul\u021bi 1000 piese Edgar Degas - The Ballet Class - Roovi B2B","isPartOf":{"@id":"https:\/\/business.roovi.com\/ro\/#website"},"datePublished":"2018-04-16T10:56:17+00:00","dateModified":"2025-03-17T11:59:18+00:00","breadcrumb":{"@id":"https:\/\/www.roovi.ro\/puzzle-adulti-1000-piese-edgar-degas-the-ballet-class\/p\/#breadcrumb"},"inLanguage":"ro-RO","potentialAction":[{"@type":"ReadAction","target":["https:\/\/www.roovi.ro\/puzzle-adulti-1000-piese-edgar-degas-the-ballet-class\/p\/"]}]},{"@type":"BreadcrumbList","@id":"https:\/\/www.roovi.ro\/puzzle-adulti-1000-piese-edgar-degas-the-ballet-class\/p\/#breadcrumb","itemListElement":[{"@type":"ListItem","position":1,"name":"Home","item":"https:\/\/business.roovi.com\/ro\/"},{"@type":"ListItem","position":2,"name":"Magazin","item":"https:\/\/business.roovi.com\/ro\/magazin\/"},{"@type":"ListItem","position":3,"name":"Puzzle adul\u021bi 1000 piese Edgar Degas &#8211; The Ballet Class"}]},{"@type":"WebSite","@id":"https:\/\/business.roovi.com\/ro\/#website","url":"https:\/\/business.roovi.com\/ro\/","name":"Roovi B2B","description":"Roovi Business Website","potentialAction":[{"@type":"SearchAction","target":{"@type":"EntryPoint","urlTemplate":"https:\/\/business.roovi.com\/ro\/?s={search_term_string}"},"query-input":"required name=search_term_string"}],"inLanguage":"ro-RO"}]}},"_links":{"self":[{"href":"https:\/\/business.roovi.com\/ro\/wp-json\/wp\/v2\/product\/16465","targetHints":{"allow":["GET"]}}],"collection":[{"href":"https:\/\/business.roovi.com\/ro\/wp-json\/wp\/v2\/product"}],"about":[{"href":"https:\/\/business.roovi.com\/ro\/wp-json\/wp\/v2\/types\/product"}],"version-history":[{"count":0,"href":"https:\/\/business.roovi.com\/ro\/wp-json\/wp\/v2\/product\/16465\/revisions"}],"wp:featuredmedia":[{"embeddable":true,"href":"https:\/\/business.roovi.com\/ro\/wp-json\/wp\/v2\/media\/63469"}],"wp:attachment":[{"href":"https:\/\/business.roovi.com\/ro\/wp-json\/wp\/v2\/media?parent=16465"}],"wp:term":[{"taxonomy":"product_brand","embeddable":true,"href":"https:\/\/business.roovi.com\/ro\/wp-json\/wp\/v2\/product_brand?post=16465"},{"taxonomy":"product_cat","embeddable":true,"href":"https:\/\/business.roovi.com\/ro\/wp-json\/wp\/v2\/product_cat?post=16465"},{"taxonomy":"product_tag","embeddable":true,"href":"https:\/\/business.roovi.com\/ro\/wp-json\/wp\/v2\/product_tag?post=16465"}],"curies":[{"name":"wp","href":"https:\/\/api.w.org\/{rel}","templated":true}]}}