{"id":16490,"date":"2018-04-16T10:56:17","date_gmt":"2018-04-16T10:56:17","guid":{"rendered":"https:\/\/business.roovi.com\/product\/puzzle-jean-leon-gerome-slave-auction-1000-piese\/"},"modified":"2023-03-20T21:53:34","modified_gmt":"2023-03-20T21:53:34","slug":"puzzle-adulti-1000-piese-jean-leon-gerome-slave-auction","status":"publish","type":"product","link":"https:\/\/business.roovi.com\/ro\/puzzle-adulti-1000-piese-jean-leon-gerome-slave-auction\/p\/","title":{"rendered":"Puzzle adul\u021bi 1000 piese Jean-L\u00e9on G\u00e9r\u00f4me &#8211; Slave Auction"},"content":{"rendered":"<p><span style=\"font-weight: 400; line-height: 14px; font-size: 14px;\">\u00ce\u021bi plac tablourile de art\u0103 \u0219i \u021bi-ar pl\u0103cea s\u0103 le admiri \u00een tihn\u0103 \u0219i s\u0103 descoperi chiar \u0219i cele mai fine urme ale pensulei artistului? Cu noua colec\u021bie de puzzle-uri de art\u0103 \u00ee\u021bi pot crea propriile tablouri cu imagini ale picturilor celebre \u0219i te po\u021bi bucura zi de zi de frumuse\u021bea lor. Alege acum puzzle-urile de 1000 piese preferate din cea mai mare gam\u0103 de puzzle-uri de art\u0103 din Rom\u00e2nia!<\/span><\/p>\n<p><span style=\"font-weight: 400; line-height: 14px; font-size: 14px;\">Puzzle 1000 piese Jean-L\u00e9on G\u00e9r\u00f4me &#8211; Slave Auction\/Licita\u021bie de sclavi red\u0103 imaginea unui tablou care a devenit un exemplu emblematic al artei orientaliste din secolul al XIX-lea. Este posibil s\u0103 g\u0103se\u0219ti acest tablou \u0219ocant. Un negustor aspru ar\u0103t\u00e2nd o sclav\u0103 goal\u0103 unei audien\u021be avide dup\u0103 un trup t\u00e2n\u0103r nu este tocmai o imagine obi\u0219nuit\u0103. Dar reflect\u0103 o realitate istoric\u0103, iar stilul inconfundabil al artistului de a reda scena te va fascina cu siguran\u021b\u0103.\u00a0<\/span><\/p>\n<p><span style=\"font-weight: 400; line-height: 14px; font-size: 14px;\">Vrei un puzzle 1000 piese altfel? Ia-\u021bi puzzle de art\u0103 Jean-L\u00e9on G\u00e9r\u00f4me &#8211; Slave Auction \u0219i \u00ee\u021bi garant\u0103m p\u00e2n\u0103 la 30 de ore petrecute&#8230; altfel. Ref\u0103 imaginea \u0219i ob\u021bine un tablou inedit, expresie a unei opere de art\u0103 originale. Puzzle 1000 piese Jean-L\u00e9on G\u00e9r\u00f4me &#8211; Slave Auction\u00a0 este fabricat din materiale de calitate \u00eenalt\u0103 ceea ce \u00eei confer\u0103 rezisten\u021b\u0103 la utiliz\u0103ri multiple.<\/span><\/p>\n<p><span style=\"font-weight: 400; line-height: 14px; font-size: 14px;\">Alte caracteristici ale puzzle-ului de art\u0103 Jean-L\u00e9on G\u00e9r\u00f4me &#8211; Licita\u021bie de sclavi<\/span><\/p>\n<p><span style=\"line-height: 14px; font-size: 14px;\"><strong>Dimensiuni imagine reconstituit\u0103: 50 x 70 cm. <\/strong><span style=\"font-weight: 400;\">Pentru refacerea tabloului po\u021bi utiliza o m\u0103su\u021b\u0103 obi\u0219nuit\u0103 de cafea<\/span><\/span><\/p>\n<p><span style=\"line-height: 14px; font-size: 14px;\"><strong>Material puzzle:\u00a0<\/strong><\/span><\/p>\n<p><span style=\"line-height: 14px; font-size: 14px;\"><strong>carton albastru de o calitate superioar\u0103<\/strong><\/span><\/p>\n<p><span style=\"line-height: 14px; font-size: 14px;\"><strong>materiale sustenabile, reciclabile<\/strong><\/span><\/p>\n<p><span style=\"line-height: 14px; font-size: 14px;\"><strong>finisaj semi-lucios, culori vii<\/strong><\/span><\/p>\n<p><span style=\"line-height: 14px; font-size: 14px;\"><strong>Num\u0103rul pieselor de puzzle: 1000<\/strong><\/span><\/p>\n<p><span style=\"line-height: 14px; font-size: 14px;\"><strong>V\u00e2rsta recomandat\u0103: 14+<\/strong><\/span><\/p>\n<p><span style=\"line-height: 14px; font-size: 14px;\"><strong>Jocurile puzzle te \u00eenva\u021b\u0103 s\u0103 nu renun\u021bi atunci c\u00e2nd totul pare imposibil<\/strong><\/span><\/p>\n<p><span style=\"font-weight: 400; line-height: 14px; font-size: 14px;\">Jocul puzzle te relaxeaz\u0103 \u0219i \u00ee\u021bi ofer\u0103 multe ore de distrac\u021bie \u0219i nu doar at\u00e2t! \u00cen plus, \u00ee\u021bi antreneaz\u0103 perseveren\u021ba. Oric\u00e2t de greu pare puzzle-ul 1000, te \u021bine conectat \u0219i nu te la\u0219i p\u00e2n\u0103 c\u00e2nd imaginea nu este complet\u0103. Acesta este un exerci\u021biu foarte bun pentru toate situa\u021biile dificile din care crezi c\u0103 nu po\u021bi ie\u0219i sau la care e\u0219ti gata s\u0103 renun\u021bi pentru c\u0103 nu mai reu\u0219e\u0219ti s\u0103 g\u0103se\u0219ti solu\u021bia.\u00a0<\/span><\/p>\n<p><span style=\"line-height: 14px; font-size: 14px;\"><strong>Jocurile puzzle \u00ee\u021bi aduc z\u00e2mbete \u0219i fericire<\/strong><\/span><\/p>\n<p><span style=\"font-weight: 400; line-height: 14px; font-size: 14px;\">\u2026 \u0218i nu doar pentru c\u0103 desf\u0103\u0219ori o activitate relaxant\u0103, ci pentru c\u0103, atunci c\u00e2nd asamblezi jocuri puzzle, creierul t\u0103u secret\u0103 mai mult\u0103 dopamin\u0103. Aceasta este un neurotransmi\u021b\u0103tor responsabil de starea de bine \u0219i optimist, dar \u0219i de memorie sau de sentimentul de fericire. A\u0219adar, ai numai motive bune pentru a alege jocurile puzzle ca activitate recreativ\u0103 pentru timpul t\u0103u liber!<\/span><\/p>\n<p><span style=\"line-height: 14px; font-size: 14px;\"><strong>Cine a fost Jean-L\u00e9on G\u00e9r\u00f4me?<\/strong><\/span><\/p>\n<p><span style=\"font-weight: 400; line-height: 14px; font-size: 14px;\">G\u00e9r\u00f4me a fost unul dintre cei mai str\u0103luci\u021bi pictori academici.<\/span><\/p>\n<p><span style=\"line-height: 14px; font-size: 14px;\"><span style=\"font-weight: 400;\">A fost profesor la <\/span><span style=\"font-weight: 400;\">\u00c9cole des Beaux-Arts \u0219i era renumit pentru severitatea criticilor pe care le adresa studen\u021bilor. Totu\u0219i, le oferea acestora asisten\u021b\u0103 \u0219i \u00een afara cursurilor, invit\u00e2ndu-i adesea \u00een atelierul s\u0103u \u0219i \u00eencuraj\u00e2ndu-i s\u0103 studieze temeinic.<\/span><\/span><\/p>\n<p><span style=\"line-height: 14px; font-size: 14px;\"><span style=\"font-weight: 400;\">\u00cen urma unei vizite \u00een Egipt, <\/span><span style=\"font-weight: 400;\">G\u00e9r\u00f4me avea s\u0103 picteze o serie de tablouri \u00een care decorul oriental este combinat cu reprezent\u0103ri de nuditate feminin\u0103. <\/span><em><span style=\"font-weight: 400;\">Slave auction<\/span><\/em><span style=\"font-weight: 400;\"> este unul dintre ele.<\/span><\/span><\/p>\n<p><span style=\"line-height: 14px; font-size: 14px;\"><span style=\"font-weight: 400;\">Unul dintre tablourile din aceast\u0103 serie &#8211; <\/span><em><span style=\"font-weight: 400;\">Pia\u021ba de sclavi <\/span><\/em><span style=\"font-weight: 400;\">&#8211; a fost utilizat ca afi\u0219 de campanie pentru alegerile europarlamentare din 2019 de partidul german populist de dreapta.<\/span><\/span><\/p>\n<p><span style=\"font-weight: 400; line-height: 14px; font-size: 14px;\">A fost fascinat de virtuozitatea tehnic\u0103 \u0219i extrem de ostil fa\u021b\u0103 de pictorii impresioni\u0219ti.\u00a0<\/span><\/p>\n<p><span style=\"font-weight: 400; line-height: 14px; font-size: 14px;\">Ultimii 25 de ani din carier\u0103 i-a dedicat sculpturii.<\/span><\/p>\n<p><span style=\"line-height: 14px; font-size: 14px;\"><strong>Puzzle-urile de art\u0103: 3 avantaje pe care \u021bi le ofer\u0103<\/strong><\/span><\/p>\n<p><span style=\"font-weight: 400; line-height: 14px; font-size: 14px;\">1. \u00ce\u021bi dezvolt\u0103 sim\u021bul estetic.<\/span><\/p>\n<p><span style=\"font-weight: 400; line-height: 14px; font-size: 14px;\">2. Te ajut\u0103 s\u0103 descoperi lumea magic\u0103 a operelor de art\u0103 \u0219i a pictorilor celebri.<\/span><\/p>\n<p><span style=\"font-weight: 400; line-height: 14px; font-size: 14px;\">3. \u00ce\u021bi ofer\u0103 oportunitatea de a-\u021bi crea propriile lucr\u0103ri de art\u0103 din puzzle-uri de 1000 piese care \u00ee\u021bi cu care \u00ee\u021bi po\u021bi decora locuin\u021ba.<\/span><\/p>\n<p><span style=\"font-weight: 400; line-height: 14px; font-size: 14px;\">Vrei s\u0103 te bucuri de o lucrare artistic\u0103 uimitoare? Cump\u0103r\u0103 puzzle de art\u0103 Jean-L\u00e9on G\u00e9r\u00f4me &#8211; Slave Auction\/Licita\u021bie de sclavi \u0219i asambleaz\u0103 imaginea picturii celebre. Antreneaz\u0103-\u021bi familia sau prietenii \u00een aceast\u0103 activitate relaxant\u0103 \u0219i petrece\u021bi \u00eempreun\u0103 multe ore de timp de calitate.<\/span><\/p>\n<p><span style=\"font-weight: 400; line-height: 14px; font-size: 14px;\">Surprinde-\u021bi prietenii cu un cadou inedit! Ofer\u0103-le la zile aniversare acest minunat puzzle adul\u021bi Jean-L\u00e9on G\u00e9r\u00f4me &#8211; Licita\u021bie de sclavi din colec\u021bia noastra de puzzle-uri de art\u0103.<\/span><\/p>\n","protected":false},"excerpt":{"rendered":"<p>\u00ce\u021bi plac tablourile de art\u0103 \u0219i \u021bi-ar pl\u0103cea s\u0103 le admiri \u00een tihn\u0103 \u0219i s\u0103 descoperi chiar \u0219i cele mai<\/p>\n","protected":false},"featured_media":63340,"template":"","meta":[],"product_brand":[],"product_cat":[1454,1488,1560],"product_tag":[],"class_list":{"0":"post-16490","1":"product","2":"type-product","3":"status-publish","4":"has-post-thumbnail","6":"product_cat-puzzle","7":"product_cat-puzzle-adulti","8":"product_cat-puzzle-adulti-1000","9":"pa_bax-1273","10":"pa_brand-d_toys","11":"pa_country_of_manufacture-ro","12":"pa_filter_age-1315","13":"pa_painter-jean_leongerome","14":"pa_tip_ambalaj-doboz-ro","15":"pa_tip_puzzle-klasszikus-ro","17":"first","18":"instock","19":"taxable","20":"shipping-taxable","21":"product-type-simple"},"yoast_head":"<!-- This site is optimized with the Yoast SEO plugin v20.1 - https:\/\/yoast.com\/wordpress\/plugins\/seo\/ -->\n<title>Puzzle adul\u021bi 1000 piese Jean-L\u00e9on G\u00e9r\u00f4me - Slave Auction - Roovi B2B<\/title>\n<meta name=\"robots\" content=\"index, follow, max-snippet:-1, max-image-preview:large, max-video-preview:-1\" \/>\n<link rel=\"canonical\" href=\"https:\/\/www.roovi.ro\/puzzle-adulti-1000-piese-jean-leon-gerome-slave-auction\/p\/\" \/>\n<meta property=\"og:locale\" content=\"ro_RO\" \/>\n<meta property=\"og:type\" content=\"article\" \/>\n<meta property=\"og:title\" content=\"Puzzle adul\u021bi 1000 piese Jean-L\u00e9on G\u00e9r\u00f4me - Slave Auction - Roovi B2B\" \/>\n<meta property=\"og:description\" content=\"\u00ce\u021bi plac tablourile de art\u0103 \u0219i \u021bi-ar pl\u0103cea s\u0103 le admiri \u00een tihn\u0103 \u0219i s\u0103 descoperi chiar \u0219i cele mai\" \/>\n<meta property=\"og:url\" content=\"https:\/\/www.roovi.ro\/puzzle-adulti-1000-piese-jean-leon-gerome-slave-auction\/p\/\" \/>\n<meta property=\"og:site_name\" content=\"Roovi B2B\" \/>\n<meta property=\"article:publisher\" content=\"https:\/\/www.facebook.com\/wwwjucariero\" \/>\n<meta property=\"article:modified_time\" content=\"2023-03-20T21:53:34+00:00\" \/>\n<meta property=\"og:image\" content=\"https:\/\/business.roovi.com\/wp-content\/uploads\/2018\/04\/72726-GE-01-WEB.jpg\" \/>\n\t<meta property=\"og:image:width\" content=\"1200\" \/>\n\t<meta property=\"og:image:height\" content=\"1200\" \/>\n\t<meta property=\"og:image:type\" content=\"image\/jpeg\" \/>\n<meta name=\"twitter:label1\" content=\"Timp estimat pentru citire\" \/>\n\t<meta name=\"twitter:data1\" content=\"4 minute\" \/>\n<script type=\"application\/ld+json\" class=\"yoast-schema-graph\">{\"@context\":\"https:\/\/schema.org\",\"@graph\":[{\"@type\":\"WebPage\",\"@id\":\"https:\/\/business.roovi.com\/ro\/puzzle-adulti-1000-piese-jean-leon-gerome-slave-auction\/p\/\",\"url\":\"https:\/\/www.roovi.ro\/puzzle-adulti-1000-piese-jean-leon-gerome-slave-auction\/p\/\",\"name\":\"Puzzle adul\u021bi 1000 piese Jean-L\u00e9on G\u00e9r\u00f4me - Slave Auction - Roovi B2B\",\"isPartOf\":{\"@id\":\"https:\/\/business.roovi.com\/ro\/#website\"},\"datePublished\":\"2018-04-16T10:56:17+00:00\",\"dateModified\":\"2023-03-20T21:53:34+00:00\",\"breadcrumb\":{\"@id\":\"https:\/\/www.roovi.ro\/puzzle-adulti-1000-piese-jean-leon-gerome-slave-auction\/p\/#breadcrumb\"},\"inLanguage\":\"ro-RO\",\"potentialAction\":[{\"@type\":\"ReadAction\",\"target\":[\"https:\/\/www.roovi.ro\/puzzle-adulti-1000-piese-jean-leon-gerome-slave-auction\/p\/\"]}]},{\"@type\":\"BreadcrumbList\",\"@id\":\"https:\/\/www.roovi.ro\/puzzle-adulti-1000-piese-jean-leon-gerome-slave-auction\/p\/#breadcrumb\",\"itemListElement\":[{\"@type\":\"ListItem\",\"position\":1,\"name\":\"Home\",\"item\":\"https:\/\/business.roovi.com\/ro\/\"},{\"@type\":\"ListItem\",\"position\":2,\"name\":\"Magazin\",\"item\":\"https:\/\/business.roovi.com\/ro\/magazin\/\"},{\"@type\":\"ListItem\",\"position\":3,\"name\":\"Puzzle adul\u021bi 1000 piese Jean-L\u00e9on G\u00e9r\u00f4me &#8211; Slave Auction\"}]},{\"@type\":\"WebSite\",\"@id\":\"https:\/\/business.roovi.com\/ro\/#website\",\"url\":\"https:\/\/business.roovi.com\/ro\/\",\"name\":\"Roovi B2B\",\"description\":\"Roovi Business Website\",\"potentialAction\":[{\"@type\":\"SearchAction\",\"target\":{\"@type\":\"EntryPoint\",\"urlTemplate\":\"https:\/\/business.roovi.com\/ro\/?s={search_term_string}\"},\"query-input\":\"required name=search_term_string\"}],\"inLanguage\":\"ro-RO\"}]}<\/script>\n<!-- \/ Yoast SEO plugin. -->","yoast_head_json":{"title":"Puzzle adul\u021bi 1000 piese Jean-L\u00e9on G\u00e9r\u00f4me - Slave Auction - Roovi B2B","robots":{"index":"index","follow":"follow","max-snippet":"max-snippet:-1","max-image-preview":"max-image-preview:large","max-video-preview":"max-video-preview:-1"},"canonical":"https:\/\/www.roovi.ro\/puzzle-adulti-1000-piese-jean-leon-gerome-slave-auction\/p\/","og_locale":"ro_RO","og_type":"article","og_title":"Puzzle adul\u021bi 1000 piese Jean-L\u00e9on G\u00e9r\u00f4me - Slave Auction - Roovi B2B","og_description":"\u00ce\u021bi plac tablourile de art\u0103 \u0219i \u021bi-ar pl\u0103cea s\u0103 le admiri \u00een tihn\u0103 \u0219i s\u0103 descoperi chiar \u0219i cele mai","og_url":"https:\/\/www.roovi.ro\/puzzle-adulti-1000-piese-jean-leon-gerome-slave-auction\/p\/","og_site_name":"Roovi B2B","article_publisher":"https:\/\/www.facebook.com\/wwwjucariero","article_modified_time":"2023-03-20T21:53:34+00:00","og_image":[{"width":1200,"height":1200,"url":"https:\/\/business.roovi.com\/wp-content\/uploads\/2018\/04\/72726-GE-01-WEB.jpg","type":"image\/jpeg"}],"twitter_misc":{"Timp estimat pentru citire":"4 minute"},"schema":{"@context":"https:\/\/schema.org","@graph":[{"@type":"WebPage","@id":"https:\/\/business.roovi.com\/ro\/puzzle-adulti-1000-piese-jean-leon-gerome-slave-auction\/p\/","url":"https:\/\/www.roovi.ro\/puzzle-adulti-1000-piese-jean-leon-gerome-slave-auction\/p\/","name":"Puzzle adul\u021bi 1000 piese Jean-L\u00e9on G\u00e9r\u00f4me - Slave Auction - Roovi B2B","isPartOf":{"@id":"https:\/\/business.roovi.com\/ro\/#website"},"datePublished":"2018-04-16T10:56:17+00:00","dateModified":"2023-03-20T21:53:34+00:00","breadcrumb":{"@id":"https:\/\/www.roovi.ro\/puzzle-adulti-1000-piese-jean-leon-gerome-slave-auction\/p\/#breadcrumb"},"inLanguage":"ro-RO","potentialAction":[{"@type":"ReadAction","target":["https:\/\/www.roovi.ro\/puzzle-adulti-1000-piese-jean-leon-gerome-slave-auction\/p\/"]}]},{"@type":"BreadcrumbList","@id":"https:\/\/www.roovi.ro\/puzzle-adulti-1000-piese-jean-leon-gerome-slave-auction\/p\/#breadcrumb","itemListElement":[{"@type":"ListItem","position":1,"name":"Home","item":"https:\/\/business.roovi.com\/ro\/"},{"@type":"ListItem","position":2,"name":"Magazin","item":"https:\/\/business.roovi.com\/ro\/magazin\/"},{"@type":"ListItem","position":3,"name":"Puzzle adul\u021bi 1000 piese Jean-L\u00e9on G\u00e9r\u00f4me &#8211; Slave Auction"}]},{"@type":"WebSite","@id":"https:\/\/business.roovi.com\/ro\/#website","url":"https:\/\/business.roovi.com\/ro\/","name":"Roovi B2B","description":"Roovi Business Website","potentialAction":[{"@type":"SearchAction","target":{"@type":"EntryPoint","urlTemplate":"https:\/\/business.roovi.com\/ro\/?s={search_term_string}"},"query-input":"required name=search_term_string"}],"inLanguage":"ro-RO"}]}},"_links":{"self":[{"href":"https:\/\/business.roovi.com\/ro\/wp-json\/wp\/v2\/product\/16490","targetHints":{"allow":["GET"]}}],"collection":[{"href":"https:\/\/business.roovi.com\/ro\/wp-json\/wp\/v2\/product"}],"about":[{"href":"https:\/\/business.roovi.com\/ro\/wp-json\/wp\/v2\/types\/product"}],"version-history":[{"count":0,"href":"https:\/\/business.roovi.com\/ro\/wp-json\/wp\/v2\/product\/16490\/revisions"}],"wp:featuredmedia":[{"embeddable":true,"href":"https:\/\/business.roovi.com\/ro\/wp-json\/wp\/v2\/media\/63340"}],"wp:attachment":[{"href":"https:\/\/business.roovi.com\/ro\/wp-json\/wp\/v2\/media?parent=16490"}],"wp:term":[{"taxonomy":"product_brand","embeddable":true,"href":"https:\/\/business.roovi.com\/ro\/wp-json\/wp\/v2\/product_brand?post=16490"},{"taxonomy":"product_cat","embeddable":true,"href":"https:\/\/business.roovi.com\/ro\/wp-json\/wp\/v2\/product_cat?post=16490"},{"taxonomy":"product_tag","embeddable":true,"href":"https:\/\/business.roovi.com\/ro\/wp-json\/wp\/v2\/product_tag?post=16490"}],"curies":[{"name":"wp","href":"https:\/\/api.w.org\/{rel}","templated":true}]}}