{"id":16540,"date":"2018-04-16T10:56:17","date_gmt":"2018-04-16T10:56:17","guid":{"rendered":"https:\/\/business.roovi.com\/product\/puzzle-jean-honore-fragonard-blind-mans-bluff-1000-piese\/"},"modified":"2023-03-20T21:53:25","modified_gmt":"2023-03-20T21:53:25","slug":"puzzle-adulti-jean-honore-fragonard-blind-mans-bluff-1000-piese","status":"publish","type":"product","link":"https:\/\/business.roovi.com\/ro\/puzzle-adulti-jean-honore-fragonard-blind-mans-bluff-1000-piese\/p\/","title":{"rendered":"Puzzle adul\u021bi 1000 Piese Jean-Honor\u00e9 Fragonard &#8211; Blind Man&#8217;s Bluff"},"content":{"rendered":"<p><span style=\"font-weight: 400;\">Cau\u021bi o gur\u0103 de oxigen sau o pauz\u0103 de la via\u021ba agitat\u0103 pe care o duci? Descoper\u0103 cea mai mare colec\u021bie de puzzle-uri de art\u0103, ref\u0103 cele mai cunoscute opere de art\u0103 din toate timpurile \u0219i bucur\u0103-te de lini\u0219tea pe care \u021bi-o ofer\u0103 un puzzle de 1000 piese!<\/span><\/p>\n<p><span style=\"font-weight: 400;\">Alege din sutele de modele din colec\u021bia puzzle-uri de art\u0103 minunatul puzzle 1000 piese Jean-Honor\u00e9 Fragonard &#8211; Blind Man&#8217;s Bluff. Tabloul \u00eenf\u0103\u021bi\u0219eaz\u0103 o scen\u0103 senzual\u0103 de curtare prin jocul &#8222;blind man&#8217;s bluff&#8221;, tipic secolului al XVIII-lea. Iat\u0103 c\u00e2t de subtil este dezv\u0103luit conceptul &#8222;dragostea este oarb\u0103&#8221; \u00eentr-o compozi\u021bie artistic\u0103 juc\u0103u\u0219\u0103. Las\u0103-te purtat de acest minunat joc de culoare \u0219i ref\u0103 minunatul tablou Blind Man&#8217;s Bluff.<\/span><\/p>\n<p><span style=\"font-weight: 400;\">Puzzle-urile 1000 piese din colec\u021bia puzzle-uri de art\u0103 sunt confec\u021bionate din materiale de calitate \u00eenalt\u0103 care le confer\u0103 rezisten\u021b\u0103 \u00een timp. Po\u021bi reface imaginea de c\u00e2te ori dore\u0219ti, f\u0103r\u0103 a te \u00eengrijora c\u0103 tabloul se va deteriora. Pentru asamblare, po\u021bi utiliza o m\u0103su\u021b\u0103 obi\u0219nuit\u0103 de cafea pentru c\u0103 dimensiunile tabloului final sunde de 50 x 70 cm.<\/span><\/p>\n<p><span style=\"font-weight: 400;\">Alte caracteristici ale puzzle-ului 1000 piese Jean-Honor\u00e9 Fragonard &#8211; Blind Man&#8217;s Bluff:<\/span><\/p>\n<p><strong>Material puzzle:\u00a0<\/strong><\/p>\n<p><strong>carton albastru de o calitate superioar\u0103<\/strong><\/p>\n<p><strong>materiale sustenabile, reciclabile<\/strong><\/p>\n<p><strong>finisaj semi-lucios, culori vii<\/strong><\/p>\n<p><strong>Num\u0103rul pieselor de puzzle: 1000<\/strong><\/p>\n<p><strong>V\u00e2rsta recomandat\u0103: 14+<\/strong><\/p>\n<p><strong>Ce beneficii \u00ee\u021bi aduc puzzle-urile 1000 piese?<\/strong><\/p>\n<p><span style=\"font-weight: 400;\">Asambleaz\u0103 zilnic puzzle 1000 piese \u0219i bucur\u0103-te de toate beneficiile pe care \u021bi le aduce aceast\u0103 activitate:<\/span><\/p>\n<p><span style=\"font-weight: 400;\">\u00ce\u021bi ofer\u0103 mult\u0103 relaxare.<\/span><\/p>\n<p><span style=\"font-weight: 400;\">Te ajut\u0103 s\u0103 te deconectezi de la problemele zilnice.<\/span><\/p>\n<p><span style=\"font-weight: 400;\">\u00ce\u021bi \u00eembun\u0103t\u0103\u021be\u0219te abilitatea de a rezolva probleme.<\/span><\/p>\n<p><span style=\"font-weight: 400;\">Te conecteaz\u0103 cu ceilal\u021bi dac\u0103 faci puzzle \u00eempreun\u0103 cu cei dragi.<\/span><\/p>\n<p><span style=\"font-weight: 400;\">Te ajut\u0103 s\u0103 \u00ee\u021bi men\u021bii creierul s\u0103n\u0103tos.<\/span><\/p>\n<p><span style=\"font-weight: 400;\">\u00ce\u021bi \u00eembun\u0103t\u0103\u021be\u0219te memoria.<\/span><\/p>\n<p><span style=\"font-weight: 400;\">\u00ce\u021bi cre\u0219te productivitatea.<\/span><\/p>\n<p><strong>Jean-Honor\u00e9 Fragonard &#8211; un pictor exuberant \u0219i original<\/strong><\/p>\n<p><span style=\"font-weight: 400;\">De\u0219i este considerat un reprezentant al barocului din a doua jum\u0103tate a secolului al XVIII-lea, <\/span><span style=\"font-weight: 400;\">Jean-Honor\u00e9 Fragonard nu poate fi \u00eencadrat \u00eentr-un singur curent artistic. El a pictat \u00een toate stilurile vremii.\u00a0<\/span><\/p>\n<p><strong>Ce poate nu \u0219tiai despre acest pictor:<\/strong><\/p>\n<p><span style=\"font-weight: 400;\">Abordeaz\u0103 teme \u00eendr\u0103zne\u021be \u00een picturile sale, eviden\u021biind scene de dragoste subtile \u0219i frivole.<\/span><\/p>\n<p><span style=\"font-weight: 400;\">A pictat pentru oameni influen\u021bi inclusiv pentru regele <\/span><span style=\"font-weight: 400;\">Ludovic al XV-lea<\/span><\/p>\n<p><span style=\"font-weight: 400;\">De\u0219i s-a bucurat de prestigiu \u00een timpul vie\u021bii, pentru unele lucr\u0103ri criticii vremii l-au acuzat de frivolitate.<\/span><\/p>\n<p><span style=\"font-weight: 400;\">A locuit la Luvru \u0219i s-a ocupat de organizarea unor colec\u021bii de art\u0103 pentru acest muzeu.<\/span><\/p>\n<p><span style=\"font-weight: 400;\">A decedat subit, m\u00e2nc\u00e2nd o \u00eenghe\u021bat\u0103.<\/span><\/p>\n<p><strong>Ia-\u021bi o mini-vacan\u021b\u0103 de la lumea exterioar\u0103 cu puzzle 1000 piese de art\u0103!<\/strong><\/p>\n<p><span style=\"font-weight: 400;\">S\u0103<\/span> <span style=\"font-weight: 400;\">petreci c\u00e2teva ore cu tine \u00eensu\u021bi\u00a0 este o modalitate excelent\u0103 de a te relaxa \u0219i de a te reseta dup\u0103 o zi aglomerat\u0103 de munc\u0103. E\u0219ti ca \u00eentr-o mini-vacan\u021b\u0103 \u00een care un puzzle de art\u0103 te conecteaz\u0103 la o lume diferit\u0103, plin\u0103 de armonie \u0219i culoare. Atunci c\u00e2nd tabloul e gata, ai un minunat sentiment de \u00eemplinire c\u0103 ai creat tu \u00eensu\u021bi o lucrare de excep\u021bie. Acum mai po\u021bi r\u0103m\u00e2ne pu\u021bin cu mintea \u00een vacan\u021b\u0103 ca s\u0103 admiri \u00een lini\u0219te p\u00e2nza.<\/span><\/p>\n<p><span style=\"font-weight: 400;\">\u0218i tu crezi c\u0103 &#8222;dragostea e oarb\u0103&#8221;? Las\u0103-te purtat \u00een p\u00e2nza plin\u0103 de simboluri a lui Jean-Honor\u00e9 Fragonard \u0219i creeaz\u0103 un tablou memorabil dintr-un puzzle 1000 piese.\u00a0\u00a0<\/span><\/p>\n<p><span style=\"font-weight: 400;\">Cump\u0103r\u0103 acum puzzle-ul de art\u0103 Jean-Honor\u00e9 Fragonard &#8211; Blind Man&#8217;s Bluff pentru tine sau ofer\u0103-l \u00een dar unui prieten pasionat de jocuri puzzle de art\u0103.<\/span><\/p>\n","protected":false},"excerpt":{"rendered":"<p>Cau\u021bi o gur\u0103 de oxigen sau o pauz\u0103 de la via\u021ba agitat\u0103 pe care o duci? Descoper\u0103 cea mai mare<\/p>\n","protected":false},"featured_media":63307,"template":"","meta":[],"product_brand":[],"product_cat":[1454,1488,1560],"product_tag":[],"class_list":{"0":"post-16540","1":"product","2":"type-product","3":"status-publish","4":"has-post-thumbnail","6":"product_cat-puzzle","7":"product_cat-puzzle-adulti","8":"product_cat-puzzle-adulti-1000","9":"pa_bax-1273","10":"pa_brand-d_toys","11":"pa_country_of_manufacture-ro","12":"pa_filter_age-1315","13":"pa_painter-jean_honorefragonard","14":"pa_tip_ambalaj-cutie","15":"pa_tip_puzzle-clasic","17":"first","18":"instock","19":"taxable","20":"shipping-taxable","21":"product-type-simple"},"yoast_head":"<!-- This site is optimized with the Yoast SEO plugin v20.1 - https:\/\/yoast.com\/wordpress\/plugins\/seo\/ -->\n<title>Puzzle adul\u021bi 1000 Piese Jean-Honor\u00e9 Fragonard - Blind Man&#039;s Bluff - Roovi B2B<\/title>\n<meta name=\"robots\" content=\"index, follow, max-snippet:-1, max-image-preview:large, max-video-preview:-1\" \/>\n<link rel=\"canonical\" href=\"https:\/\/www.roovi.ro\/puzzle-adulti-jean-honore-fragonard-blind-mans-bluff-1000-piese\/p\/\" \/>\n<meta property=\"og:locale\" content=\"ro_RO\" \/>\n<meta property=\"og:type\" content=\"article\" \/>\n<meta property=\"og:title\" content=\"Puzzle adul\u021bi 1000 Piese Jean-Honor\u00e9 Fragonard - Blind Man&#039;s Bluff - Roovi B2B\" \/>\n<meta property=\"og:description\" content=\"Cau\u021bi o gur\u0103 de oxigen sau o pauz\u0103 de la via\u021ba agitat\u0103 pe care o duci? Descoper\u0103 cea mai mare\" \/>\n<meta property=\"og:url\" content=\"https:\/\/www.roovi.ro\/puzzle-adulti-jean-honore-fragonard-blind-mans-bluff-1000-piese\/p\/\" \/>\n<meta property=\"og:site_name\" content=\"Roovi B2B\" \/>\n<meta property=\"article:publisher\" content=\"https:\/\/www.facebook.com\/wwwjucariero\" \/>\n<meta property=\"article:modified_time\" content=\"2023-03-20T21:53:25+00:00\" \/>\n<meta property=\"og:image\" content=\"https:\/\/business.roovi.com\/wp-content\/uploads\/2018\/04\/72702-FR-01-WEB.jpg\" \/>\n\t<meta property=\"og:image:width\" content=\"1200\" \/>\n\t<meta property=\"og:image:height\" content=\"1200\" \/>\n\t<meta property=\"og:image:type\" content=\"image\/jpeg\" \/>\n<meta name=\"twitter:label1\" content=\"Timp estimat pentru citire\" \/>\n\t<meta name=\"twitter:data1\" content=\"3 minute\" \/>\n<script type=\"application\/ld+json\" class=\"yoast-schema-graph\">{\"@context\":\"https:\/\/schema.org\",\"@graph\":[{\"@type\":\"WebPage\",\"@id\":\"https:\/\/business.roovi.com\/ro\/puzzle-adulti-jean-honore-fragonard-blind-mans-bluff-1000-piese\/p\/\",\"url\":\"https:\/\/www.roovi.ro\/puzzle-adulti-jean-honore-fragonard-blind-mans-bluff-1000-piese\/p\/\",\"name\":\"Puzzle adul\u021bi 1000 Piese Jean-Honor\u00e9 Fragonard - Blind Man's Bluff - Roovi B2B\",\"isPartOf\":{\"@id\":\"https:\/\/business.roovi.com\/ro\/#website\"},\"datePublished\":\"2018-04-16T10:56:17+00:00\",\"dateModified\":\"2023-03-20T21:53:25+00:00\",\"breadcrumb\":{\"@id\":\"https:\/\/www.roovi.ro\/puzzle-adulti-jean-honore-fragonard-blind-mans-bluff-1000-piese\/p\/#breadcrumb\"},\"inLanguage\":\"ro-RO\",\"potentialAction\":[{\"@type\":\"ReadAction\",\"target\":[\"https:\/\/www.roovi.ro\/puzzle-adulti-jean-honore-fragonard-blind-mans-bluff-1000-piese\/p\/\"]}]},{\"@type\":\"BreadcrumbList\",\"@id\":\"https:\/\/www.roovi.ro\/puzzle-adulti-jean-honore-fragonard-blind-mans-bluff-1000-piese\/p\/#breadcrumb\",\"itemListElement\":[{\"@type\":\"ListItem\",\"position\":1,\"name\":\"Home\",\"item\":\"https:\/\/business.roovi.com\/ro\/\"},{\"@type\":\"ListItem\",\"position\":2,\"name\":\"Magazin\",\"item\":\"https:\/\/business.roovi.com\/ro\/magazin\/\"},{\"@type\":\"ListItem\",\"position\":3,\"name\":\"Puzzle adul\u021bi 1000 Piese Jean-Honor\u00e9 Fragonard &#8211; Blind Man&#8217;s Bluff\"}]},{\"@type\":\"WebSite\",\"@id\":\"https:\/\/business.roovi.com\/ro\/#website\",\"url\":\"https:\/\/business.roovi.com\/ro\/\",\"name\":\"Roovi B2B\",\"description\":\"Roovi Business Website\",\"potentialAction\":[{\"@type\":\"SearchAction\",\"target\":{\"@type\":\"EntryPoint\",\"urlTemplate\":\"https:\/\/business.roovi.com\/ro\/?s={search_term_string}\"},\"query-input\":\"required name=search_term_string\"}],\"inLanguage\":\"ro-RO\"}]}<\/script>\n<!-- \/ Yoast SEO plugin. -->","yoast_head_json":{"title":"Puzzle adul\u021bi 1000 Piese Jean-Honor\u00e9 Fragonard - Blind Man's Bluff - Roovi B2B","robots":{"index":"index","follow":"follow","max-snippet":"max-snippet:-1","max-image-preview":"max-image-preview:large","max-video-preview":"max-video-preview:-1"},"canonical":"https:\/\/www.roovi.ro\/puzzle-adulti-jean-honore-fragonard-blind-mans-bluff-1000-piese\/p\/","og_locale":"ro_RO","og_type":"article","og_title":"Puzzle adul\u021bi 1000 Piese Jean-Honor\u00e9 Fragonard - Blind Man's Bluff - Roovi B2B","og_description":"Cau\u021bi o gur\u0103 de oxigen sau o pauz\u0103 de la via\u021ba agitat\u0103 pe care o duci? Descoper\u0103 cea mai mare","og_url":"https:\/\/www.roovi.ro\/puzzle-adulti-jean-honore-fragonard-blind-mans-bluff-1000-piese\/p\/","og_site_name":"Roovi B2B","article_publisher":"https:\/\/www.facebook.com\/wwwjucariero","article_modified_time":"2023-03-20T21:53:25+00:00","og_image":[{"width":1200,"height":1200,"url":"https:\/\/business.roovi.com\/wp-content\/uploads\/2018\/04\/72702-FR-01-WEB.jpg","type":"image\/jpeg"}],"twitter_misc":{"Timp estimat pentru citire":"3 minute"},"schema":{"@context":"https:\/\/schema.org","@graph":[{"@type":"WebPage","@id":"https:\/\/business.roovi.com\/ro\/puzzle-adulti-jean-honore-fragonard-blind-mans-bluff-1000-piese\/p\/","url":"https:\/\/www.roovi.ro\/puzzle-adulti-jean-honore-fragonard-blind-mans-bluff-1000-piese\/p\/","name":"Puzzle adul\u021bi 1000 Piese Jean-Honor\u00e9 Fragonard - Blind Man's Bluff - Roovi B2B","isPartOf":{"@id":"https:\/\/business.roovi.com\/ro\/#website"},"datePublished":"2018-04-16T10:56:17+00:00","dateModified":"2023-03-20T21:53:25+00:00","breadcrumb":{"@id":"https:\/\/www.roovi.ro\/puzzle-adulti-jean-honore-fragonard-blind-mans-bluff-1000-piese\/p\/#breadcrumb"},"inLanguage":"ro-RO","potentialAction":[{"@type":"ReadAction","target":["https:\/\/www.roovi.ro\/puzzle-adulti-jean-honore-fragonard-blind-mans-bluff-1000-piese\/p\/"]}]},{"@type":"BreadcrumbList","@id":"https:\/\/www.roovi.ro\/puzzle-adulti-jean-honore-fragonard-blind-mans-bluff-1000-piese\/p\/#breadcrumb","itemListElement":[{"@type":"ListItem","position":1,"name":"Home","item":"https:\/\/business.roovi.com\/ro\/"},{"@type":"ListItem","position":2,"name":"Magazin","item":"https:\/\/business.roovi.com\/ro\/magazin\/"},{"@type":"ListItem","position":3,"name":"Puzzle adul\u021bi 1000 Piese Jean-Honor\u00e9 Fragonard &#8211; Blind Man&#8217;s Bluff"}]},{"@type":"WebSite","@id":"https:\/\/business.roovi.com\/ro\/#website","url":"https:\/\/business.roovi.com\/ro\/","name":"Roovi B2B","description":"Roovi Business Website","potentialAction":[{"@type":"SearchAction","target":{"@type":"EntryPoint","urlTemplate":"https:\/\/business.roovi.com\/ro\/?s={search_term_string}"},"query-input":"required name=search_term_string"}],"inLanguage":"ro-RO"}]}},"_links":{"self":[{"href":"https:\/\/business.roovi.com\/ro\/wp-json\/wp\/v2\/product\/16540","targetHints":{"allow":["GET"]}}],"collection":[{"href":"https:\/\/business.roovi.com\/ro\/wp-json\/wp\/v2\/product"}],"about":[{"href":"https:\/\/business.roovi.com\/ro\/wp-json\/wp\/v2\/types\/product"}],"version-history":[{"count":0,"href":"https:\/\/business.roovi.com\/ro\/wp-json\/wp\/v2\/product\/16540\/revisions"}],"wp:featuredmedia":[{"embeddable":true,"href":"https:\/\/business.roovi.com\/ro\/wp-json\/wp\/v2\/media\/63307"}],"wp:attachment":[{"href":"https:\/\/business.roovi.com\/ro\/wp-json\/wp\/v2\/media?parent=16540"}],"wp:term":[{"taxonomy":"product_brand","embeddable":true,"href":"https:\/\/business.roovi.com\/ro\/wp-json\/wp\/v2\/product_brand?post=16540"},{"taxonomy":"product_cat","embeddable":true,"href":"https:\/\/business.roovi.com\/ro\/wp-json\/wp\/v2\/product_cat?post=16540"},{"taxonomy":"product_tag","embeddable":true,"href":"https:\/\/business.roovi.com\/ro\/wp-json\/wp\/v2\/product_tag?post=16540"}],"curies":[{"name":"wp","href":"https:\/\/api.w.org\/{rel}","templated":true}]}}