{"id":16565,"date":"2018-04-16T10:56:17","date_gmt":"2018-04-16T10:56:17","guid":{"rendered":"https:\/\/business.roovi.com\/product\/puzzle-francois-boucher-landscape-near-beauvais-1000-piese\/"},"modified":"2023-03-20T21:53:23","modified_gmt":"2023-03-20T21:53:23","slug":"puzzle-adulti-francois-boucher-landscape-near-beauvais-1000-piese","status":"publish","type":"product","link":"https:\/\/business.roovi.com\/ro\/puzzle-adulti-francois-boucher-landscape-near-beauvais-1000-piese\/p\/","title":{"rendered":"Puzzle adul\u021bi 1000 piese Fran\u00e7ois Boucher &#8211; Landscape near Beauvais"},"content":{"rendered":"<p><span style=\"font-weight: 400;\">Cu cea mai mare gam\u0103 de puzzle-uri de art\u0103 ai acum aceast\u0103 oportunitate. Acord\u0103m foarte mare aten\u021bie detaliilor \u0219i pre\u021buim calitate. Puzzle-urile adul\u021bi din gama noastr\u0103 redau imaginea operei pe care o \u00eenf\u0103\u021bi\u0219eaz\u0103 \u00een cadre perfecte.<\/span><\/p>\n<p><span style=\"font-weight: 400;\">Descoper\u0103 stilul Rococo plin de gra\u021bie \u0219i sensibilitate asambl\u00e2nd Puzzle 1000 piese <\/span><span style=\"font-weight: 400;\">Fran\u00e7ois Boucher &#8211; Landscape near Beauvais\/Peisaj l\u00e2ng\u0103 Beauvais. Originalul este o pictur\u0103 \u00een ulei care \u00eenf\u0103\u021bi\u0219eaz\u0103 un peisaj minunat de \u021bar\u0103 unde o mam\u0103 spal\u0103 rufele \u00een r\u00e2u al\u0103turi de fiul ei. Asambleaz\u0103 acest puzzle 1000 piese din gama noastr\u0103 puzzle-uri de art\u0103 \u0219i bucur\u0103-te de peisajul idilic. Vei ob\u021bine un tablou cu dimensiuni de 50 x 70 cm, foarte asem\u0103n\u0103tor cu originalul care are <\/span><span style=\"font-weight: 400;\">49 cm \u00d7 58 cm.<\/span><\/p>\n<p><span style=\"font-weight: 400;\">Caracteristici ale puzzle-ului 1000 piese <\/span><span style=\"font-weight: 400;\">Fran\u00e7ois Boucher &#8211; Peisaj l\u00e2ng\u0103 Beauvais:<\/span><\/p>\n<p><strong>Material puzzle:\u00a0<\/strong><\/p>\n<p><strong>carton albastru de o calitate superioar\u0103<\/strong><\/p>\n<p><strong>materiale sustenabile, reciclabile<\/strong><\/p>\n<p><strong>finisaj semi-lucios, culori vii<\/strong><\/p>\n<p><strong>Num\u0103rul pieselor de puzzle: 1000<\/strong><\/p>\n<p><strong>V\u00e2rsta recomandat\u0103: 14+<\/strong><\/p>\n<p><strong>\u0218tiai c\u0103 jocurile puzzle te ajut\u0103 s\u0103-\u021bi dezvol\u021bi cultura general\u0103?<\/strong><\/p>\n<p><span style=\"font-weight: 400;\">Imaginile din puzzle-urile de art\u0103 sau cele cu obiective turistice \u00ee\u021bi st\u00e2rnesc curiozitatea de a afla informa\u021bii noi despre operele pe care le reconstitui. Astfel, puzzle-urile 1000 piese \u00ee\u021bi trezesc apetitul pentru cunoa\u0219tere.\u00a0\u00a0<\/span><\/p>\n<p><span style=\"font-weight: 400;\">De asemenea, puzzle-urile 1000 piese te ajut\u0103:<\/span><\/p>\n<p><strong>S\u0103 te relaxezi<\/strong><\/p>\n<p><strong>S\u0103 te distrezi<\/strong><\/p>\n<p><strong>S\u0103 te bucuri de clipe minunate al\u0103turi de cei dragi atunci c\u00e2nd asamblezi jocuri puzzle \u00een familie.<\/strong><\/p>\n<p><strong>Fran\u00e7ois Boucher, protejatul marchizei de Pompadour<\/strong><\/p>\n<p><span style=\"font-weight: 400;\">Fran\u00e7ois Boucher s-a bucurat \u00een timpul vie\u021bii de protec\u021bia cunoscutei Madame Pompadour, amanta regelui Ludovic al XV-lea, fapt ce l-a ajutat s\u0103 evolueze \u00een cariera artistic\u0103.<\/span><\/p>\n<p><span style=\"font-weight: 400;\">Mare parte din opera sa reflect\u0103 atmosfera de la curte \u0219i stilul de via\u021b\u0103 al epocii din timpul domniei lui Ludovic al XV-lea.<\/span><\/p>\n<p><strong>3 informa\u021bii pe care nu le \u0219tiai despre Fran\u00e7ois Boucher<\/strong><\/p>\n<ol>\n<li><span style=\"font-weight: 400;\"> Pe l\u00e2ng\u0103 minunatele picturi care reflect\u0103 stilul rococo, artistul a proiectat decoruri de teatru, tapiserii \u0219i figurine de por\u021belan.<\/span><\/li>\n<li><span style=\"font-weight: 400;\"> Este celebru \u0219i pentru afirma\u021bia sa natura este <\/span><strong>&#8222;trop verte et mal \u00e9clair\u00e9e&#8221; <\/strong><span style=\"font-weight: 400;\">(prea verde \u0219i prost luminat\u0103).<\/span><\/li>\n<li><span style=\"font-weight: 400;\"> \u00cen timpul vie\u021bii a fost aspru criticat pentru stilul s\u0103u de filosoful Diderot, adeptul stilului neoclasic.<\/span><\/li>\n<\/ol>\n<p><strong>Alte 3 beneficii ale puzzle-ului 1000 piese<\/strong><\/p>\n<ol>\n<li><span style=\"font-weight: 400;\"> \u00ce\u021bi ofer\u0103 p\u00e2n\u0103 30 de ore de distrac\u021bie garantat\u0103.<\/span><\/li>\n<li><span style=\"font-weight: 400;\"> Te ajut\u0103 s\u0103 fii mai perseverent.<\/span><\/li>\n<li><span style=\"font-weight: 400;\"> Te ajut\u0103 s\u0103 lucrezi mult mai eficient \u0219i s\u0103-\u021bi cre\u0219ti productivitatea.<\/span><\/li>\n<\/ol>\n<p><span style=\"font-weight: 400;\">Nu trebuie s\u0103 mergi p\u00e2n\u0103 la Sankt Petersburg, la Muzeul Ermitaj ca s\u0103 admiri aceast\u0103 superb\u0103 oper\u0103 de art\u0103. Cump\u0103r\u0103 acum puzzle 1000 piese <\/span><span style=\"font-weight: 400;\">Fran\u00e7ois Boucher &#8211; Peisaj l\u00e2ng\u0103 Beauvais \u0219i vei avea pu\u021bin din stilul rococo la tine \u00een cas\u0103! Acest puzzle de art\u0103 este ideal pentru a fi asamblat \u00een serile monotone sau poate fi un cadou deosebit pentru un prieten drag c\u0103ruia \u00eei plac jocurile puzzle.<\/span><\/p>\n","protected":false},"excerpt":{"rendered":"<p><span style=\"font-weight: 400;\">Ce-ai spune dac\u0103 ai putea admira ore \u00een \u0219ir detalii uimitoare ale stilului Baroc, Rococo sau Art Nouveau \u00een tablouri din puzzle 1000 piese?<\/span><\/p>\n","protected":false},"featured_media":63300,"template":"","meta":[],"product_brand":[],"product_cat":[1454,1488,1560],"product_tag":[],"class_list":{"0":"post-16565","1":"product","2":"type-product","3":"status-publish","4":"has-post-thumbnail","6":"product_cat-puzzle","7":"product_cat-puzzle-adulti","8":"product_cat-puzzle-adulti-1000","9":"pa_bax-1273","10":"pa_brand-d_toys","11":"pa_country_of_manufacture-ro","12":"pa_filter_age-1315","13":"pa_painter-francoisboucher","14":"pa_tip_ambalaj-cutie","15":"pa_tip_puzzle-clasic","17":"first","18":"instock","19":"taxable","20":"shipping-taxable","21":"product-type-simple"},"yoast_head":"<!-- This site is optimized with the Yoast SEO plugin v20.1 - https:\/\/yoast.com\/wordpress\/plugins\/seo\/ -->\n<title>Puzzle adul\u021bi 1000 piese Fran\u00e7ois Boucher - Landscape near Beauvais - Roovi B2B<\/title>\n<meta name=\"robots\" content=\"index, follow, max-snippet:-1, max-image-preview:large, max-video-preview:-1\" \/>\n<link rel=\"canonical\" href=\"https:\/\/www.roovi.ro\/puzzle-adulti-francois-boucher-landscape-near-beauvais-1000-piese\/p\/\" \/>\n<meta property=\"og:locale\" content=\"ro_RO\" \/>\n<meta property=\"og:type\" content=\"article\" \/>\n<meta property=\"og:title\" content=\"Puzzle adul\u021bi 1000 piese Fran\u00e7ois Boucher - Landscape near Beauvais - Roovi B2B\" \/>\n<meta property=\"og:description\" content=\"Ce-ai spune dac\u0103 ai putea admira ore \u00een \u0219ir detalii uimitoare ale stilului Baroc, Rococo sau Art Nouveau \u00een tablouri din puzzle 1000 piese?\" \/>\n<meta property=\"og:url\" content=\"https:\/\/www.roovi.ro\/puzzle-adulti-francois-boucher-landscape-near-beauvais-1000-piese\/p\/\" \/>\n<meta property=\"og:site_name\" content=\"Roovi B2B\" \/>\n<meta property=\"article:publisher\" content=\"https:\/\/www.facebook.com\/wwwjucariero\" \/>\n<meta property=\"article:modified_time\" content=\"2023-03-20T21:53:23+00:00\" \/>\n<meta property=\"og:image\" content=\"https:\/\/business.roovi.com\/wp-content\/uploads\/2018\/04\/72696-BO-01-WEB.jpg\" \/>\n\t<meta property=\"og:image:width\" content=\"1200\" \/>\n\t<meta property=\"og:image:height\" content=\"1200\" \/>\n\t<meta property=\"og:image:type\" content=\"image\/jpeg\" \/>\n<meta name=\"twitter:label1\" content=\"Timp estimat pentru citire\" \/>\n\t<meta name=\"twitter:data1\" content=\"3 minute\" \/>\n<script type=\"application\/ld+json\" class=\"yoast-schema-graph\">{\"@context\":\"https:\/\/schema.org\",\"@graph\":[{\"@type\":\"WebPage\",\"@id\":\"https:\/\/business.roovi.com\/ro\/puzzle-adulti-francois-boucher-landscape-near-beauvais-1000-piese\/p\/\",\"url\":\"https:\/\/www.roovi.ro\/puzzle-adulti-francois-boucher-landscape-near-beauvais-1000-piese\/p\/\",\"name\":\"Puzzle adul\u021bi 1000 piese Fran\u00e7ois Boucher - Landscape near Beauvais - Roovi B2B\",\"isPartOf\":{\"@id\":\"https:\/\/business.roovi.com\/ro\/#website\"},\"datePublished\":\"2018-04-16T10:56:17+00:00\",\"dateModified\":\"2023-03-20T21:53:23+00:00\",\"breadcrumb\":{\"@id\":\"https:\/\/www.roovi.ro\/puzzle-adulti-francois-boucher-landscape-near-beauvais-1000-piese\/p\/#breadcrumb\"},\"inLanguage\":\"ro-RO\",\"potentialAction\":[{\"@type\":\"ReadAction\",\"target\":[\"https:\/\/www.roovi.ro\/puzzle-adulti-francois-boucher-landscape-near-beauvais-1000-piese\/p\/\"]}]},{\"@type\":\"BreadcrumbList\",\"@id\":\"https:\/\/www.roovi.ro\/puzzle-adulti-francois-boucher-landscape-near-beauvais-1000-piese\/p\/#breadcrumb\",\"itemListElement\":[{\"@type\":\"ListItem\",\"position\":1,\"name\":\"Home\",\"item\":\"https:\/\/business.roovi.com\/ro\/\"},{\"@type\":\"ListItem\",\"position\":2,\"name\":\"Magazin\",\"item\":\"https:\/\/business.roovi.com\/ro\/magazin\/\"},{\"@type\":\"ListItem\",\"position\":3,\"name\":\"Puzzle adul\u021bi 1000 piese Fran\u00e7ois Boucher &#8211; Landscape near Beauvais\"}]},{\"@type\":\"WebSite\",\"@id\":\"https:\/\/business.roovi.com\/ro\/#website\",\"url\":\"https:\/\/business.roovi.com\/ro\/\",\"name\":\"Roovi B2B\",\"description\":\"Roovi Business Website\",\"potentialAction\":[{\"@type\":\"SearchAction\",\"target\":{\"@type\":\"EntryPoint\",\"urlTemplate\":\"https:\/\/business.roovi.com\/ro\/?s={search_term_string}\"},\"query-input\":\"required name=search_term_string\"}],\"inLanguage\":\"ro-RO\"}]}<\/script>\n<!-- \/ Yoast SEO plugin. -->","yoast_head_json":{"title":"Puzzle adul\u021bi 1000 piese Fran\u00e7ois Boucher - Landscape near Beauvais - Roovi B2B","robots":{"index":"index","follow":"follow","max-snippet":"max-snippet:-1","max-image-preview":"max-image-preview:large","max-video-preview":"max-video-preview:-1"},"canonical":"https:\/\/www.roovi.ro\/puzzle-adulti-francois-boucher-landscape-near-beauvais-1000-piese\/p\/","og_locale":"ro_RO","og_type":"article","og_title":"Puzzle adul\u021bi 1000 piese Fran\u00e7ois Boucher - Landscape near Beauvais - Roovi B2B","og_description":"Ce-ai spune dac\u0103 ai putea admira ore \u00een \u0219ir detalii uimitoare ale stilului Baroc, Rococo sau Art Nouveau \u00een tablouri din puzzle 1000 piese?","og_url":"https:\/\/www.roovi.ro\/puzzle-adulti-francois-boucher-landscape-near-beauvais-1000-piese\/p\/","og_site_name":"Roovi B2B","article_publisher":"https:\/\/www.facebook.com\/wwwjucariero","article_modified_time":"2023-03-20T21:53:23+00:00","og_image":[{"width":1200,"height":1200,"url":"https:\/\/business.roovi.com\/wp-content\/uploads\/2018\/04\/72696-BO-01-WEB.jpg","type":"image\/jpeg"}],"twitter_misc":{"Timp estimat pentru citire":"3 minute"},"schema":{"@context":"https:\/\/schema.org","@graph":[{"@type":"WebPage","@id":"https:\/\/business.roovi.com\/ro\/puzzle-adulti-francois-boucher-landscape-near-beauvais-1000-piese\/p\/","url":"https:\/\/www.roovi.ro\/puzzle-adulti-francois-boucher-landscape-near-beauvais-1000-piese\/p\/","name":"Puzzle adul\u021bi 1000 piese Fran\u00e7ois Boucher - Landscape near Beauvais - Roovi B2B","isPartOf":{"@id":"https:\/\/business.roovi.com\/ro\/#website"},"datePublished":"2018-04-16T10:56:17+00:00","dateModified":"2023-03-20T21:53:23+00:00","breadcrumb":{"@id":"https:\/\/www.roovi.ro\/puzzle-adulti-francois-boucher-landscape-near-beauvais-1000-piese\/p\/#breadcrumb"},"inLanguage":"ro-RO","potentialAction":[{"@type":"ReadAction","target":["https:\/\/www.roovi.ro\/puzzle-adulti-francois-boucher-landscape-near-beauvais-1000-piese\/p\/"]}]},{"@type":"BreadcrumbList","@id":"https:\/\/www.roovi.ro\/puzzle-adulti-francois-boucher-landscape-near-beauvais-1000-piese\/p\/#breadcrumb","itemListElement":[{"@type":"ListItem","position":1,"name":"Home","item":"https:\/\/business.roovi.com\/ro\/"},{"@type":"ListItem","position":2,"name":"Magazin","item":"https:\/\/business.roovi.com\/ro\/magazin\/"},{"@type":"ListItem","position":3,"name":"Puzzle adul\u021bi 1000 piese Fran\u00e7ois Boucher &#8211; Landscape near Beauvais"}]},{"@type":"WebSite","@id":"https:\/\/business.roovi.com\/ro\/#website","url":"https:\/\/business.roovi.com\/ro\/","name":"Roovi B2B","description":"Roovi Business Website","potentialAction":[{"@type":"SearchAction","target":{"@type":"EntryPoint","urlTemplate":"https:\/\/business.roovi.com\/ro\/?s={search_term_string}"},"query-input":"required name=search_term_string"}],"inLanguage":"ro-RO"}]}},"_links":{"self":[{"href":"https:\/\/business.roovi.com\/ro\/wp-json\/wp\/v2\/product\/16565","targetHints":{"allow":["GET"]}}],"collection":[{"href":"https:\/\/business.roovi.com\/ro\/wp-json\/wp\/v2\/product"}],"about":[{"href":"https:\/\/business.roovi.com\/ro\/wp-json\/wp\/v2\/types\/product"}],"version-history":[{"count":0,"href":"https:\/\/business.roovi.com\/ro\/wp-json\/wp\/v2\/product\/16565\/revisions"}],"wp:featuredmedia":[{"embeddable":true,"href":"https:\/\/business.roovi.com\/ro\/wp-json\/wp\/v2\/media\/63300"}],"wp:attachment":[{"href":"https:\/\/business.roovi.com\/ro\/wp-json\/wp\/v2\/media?parent=16565"}],"wp:term":[{"taxonomy":"product_brand","embeddable":true,"href":"https:\/\/business.roovi.com\/ro\/wp-json\/wp\/v2\/product_brand?post=16565"},{"taxonomy":"product_cat","embeddable":true,"href":"https:\/\/business.roovi.com\/ro\/wp-json\/wp\/v2\/product_cat?post=16565"},{"taxonomy":"product_tag","embeddable":true,"href":"https:\/\/business.roovi.com\/ro\/wp-json\/wp\/v2\/product_tag?post=16565"}],"curies":[{"name":"wp","href":"https:\/\/api.w.org\/{rel}","templated":true}]}}