{"id":16580,"date":"2018-04-16T10:56:17","date_gmt":"2018-04-16T10:56:17","guid":{"rendered":"https:\/\/business.roovi.com\/product\/puzzle-sandro-boticelli-the-birth-of-venus-1000-piese\/"},"modified":"2023-03-20T21:53:20","modified_gmt":"2023-03-20T21:53:20","slug":"puzzle-adulti-sandro-botticelli-the-birth-of-venusnasterea-lui-venus-1000-piese","status":"publish","type":"product","link":"https:\/\/business.roovi.com\/ro\/puzzle-adulti-sandro-botticelli-the-birth-of-venusnasterea-lui-venus-1000-piese\/p\/","title":{"rendered":"Puzzle adul\u021bi 1000 piese Sandro Botticelli &#8211; The Birth of Venus\/Nasterea lui Venus"},"content":{"rendered":"<p><span style=\"font-weight: 400;\">Jocurile puzzle te deconecteaz\u0103 de la grijile cotidiene. Te relaxeaz\u0103 \u0219i \u00ee\u021bi pun mintea la treab\u0103 pentru o or\u0103 (sau mai multe, \u00ee\u021bi spunem din experien\u021b\u0103), iar la final \u00ee\u021bi ofer\u0103 satisfac\u021bia c\u0103 ai dus la cap\u0103t o sarcin\u0103 dificil\u0103. \u00cen plus, rezultatul e magnific. Cum s\u0103 nu fii fericit \u0219tiind c\u0103 po\u021bi pune pe perete o copie fidel\u0103 a unei opere de art\u0103 consacrate? Un veritabil Da Vinci, Renoir, Monet \u0219i mul\u021bi al\u021bii pot fi ai t\u0103i, descoper\u0103-i \u00een colec\u021bia noastr\u0103 puzzle art\u0103.<\/span><\/p>\n<p><span style=\"font-weight: 400;\">Asambleaz\u0103 <\/span><span style=\"font-weight: 400;\">Puzzle 1000 Piese Sandro Botticelli -The Birth of Venus \u0219i vei avea una dintre cele mai rafinate picturi renascentiste \u00een intimitatea casei tale. Este fascinant cum \u00eentr-un puzzle 1000 piese este p\u0103strat\u0103 sensibilitatea artistic\u0103 a renumitului pictor. Chipul candidei Venus este, de fapt, expresia <\/span><span style=\"font-weight: 400;\">Simonettei Vespucci, o t\u00e2n\u0103r\u0103 pe care Botticelli a divinizat-o \u00eentreaga via\u021b\u0103, dar care a r\u0103mas o iubire ne\u00eemplinit\u0103.<\/span><\/p>\n<p><span style=\"font-weight: 400;\">Te captiveaz\u0103 povestea din spatele puzzle-ului 1000 piese Na\u0219terea lui Venus? Puzzle-ul de art\u0103 este acum la doar un click distan\u021b\u0103 de tine. Vezi mai jos detalii despre dimensiunile \u0219i caracteristicile acestui puzzle adul\u021bi, lanseaz\u0103 comanda \u0219i lucreaz\u0103 la refacerea capodoperei! Ai asigurate cel pu\u021bin 30 de ore de distrac\u021bie.\u00a0<\/span><\/p>\n<p><span style=\"font-weight: 400;\">Dimensiuni puzzle asamblat: 50&#215;70 cm &#8211; tabloul original este ceva mai mare &#8211; <\/span><span style=\"font-weight: 400;\">172,5 \u00d7 278,5 cm<\/span><span style=\"font-weight: 400;\">. Po\u021bi asambla acest puzzle de 1000 piese pe o m\u0103su\u021b\u0103 de cafea obi\u0219nuit\u0103.<\/span><\/p>\n<p><span style=\"font-weight: 400;\">Material puzzle:\u00a0<\/span><\/p>\n<ul>\n<li><span style=\"font-weight: 400;\">carton albastru de o calitate superioar\u0103<\/span><\/li>\n<li><span style=\"font-weight: 400;\">materiale sustenabile, reciclabile<\/span><\/li>\n<li><span style=\"font-weight: 400;\">finisaj semi-lucios, culori vii<\/span><\/li>\n<\/ul>\n<p><span style=\"font-weight: 400;\">Num\u0103rul pieselor de puzzle: 1000<\/span><\/p>\n<p><span style=\"font-weight: 400;\">V\u00e2rsta recomandat\u0103: 14+<\/span><\/p>\n<p><strong>Puzzle 1000 piese: puzzle adul\u021bi cu beneficii multiple<\/strong><\/p>\n<p><span style=\"font-weight: 400;\">Un puzzle 1000 piese e mai mult dec\u00e2t un puzzle adul\u021bi care \u00ee\u021bi umplu zilele monotone. Iat\u0103 numai c\u00e2teva beneficii pe care le po\u021bi avea complet\u00e2nd zi de zi puzzle de art\u0103:<\/span><\/p>\n<p><strong>Devii un bun cunosc\u0103tor al detaliilor artistice. <\/strong><span style=\"font-weight: 400;\">Puzzle-urile de 1000 piese din colec\u021bia noastr\u0103 puzzle art\u0103 sunt realizate din carton de calitate superioar\u0103 astfel \u00eenc\u00e2t imaginea reconstituit\u0103 surprinde detalii artistice pe care le observi atunci c\u00e2nd prive\u0219ti opera autentic\u0103 la muzeu.<\/span><\/p>\n<p><strong>Te sim\u021bi ca un adev\u0103rat artist<\/strong><span style=\"font-weight: 400;\"> complet\u00e2nd acest uimitor puzzle 1000 piese. Cau\u021bi piesele potrivite, uneori gre\u0219e\u0219ti, dar o iei de la cap\u0103t pentru c\u0103 \u0219tii c\u00e2t de bine te sim\u021bi c\u00e2nd opera e gata. Ca un pictor real, care face \u0219i reface contururi \u0219i culori p\u00e2n\u0103 c\u00e2nd opera e des\u0103v\u00e2r\u0219it\u0103, nu-i a\u0219a?\u00a0<\/span><\/p>\n<p><span style=\"font-weight: 400;\">\u00a0\u00a0<\/span><strong>\u00ce\u021bi asigur\u0103 multe ore de lini\u0219te \u0219i relaxare. <\/strong><span style=\"font-weight: 400;\">S\u0103 te deconectezi de la grijile \u0219i g\u00e2ndurile de peste zi \u00een compania unul puzzle de art\u0103 pentru mai multe ore, este o adev\u0103rat\u0103 pl\u0103cere. Completarea unui puzzle 1000 piese din colec\u021bia puzzle de art\u0103 este o oaz\u0103 de lini\u0219te \u0219i relaxare pentru orice adult iubitor de art\u0103.<\/span><\/p>\n<p><strong>Te conecteaz\u0103 cu cineva drag.<\/strong><span style=\"font-weight: 400;\"> S\u0103 faci puzzle-uri de 1000 piese poate fi \u0219i o activitate colectiv\u0103. Invit\u0103-\u021bi prietenii sau str\u00e2nge-\u021bi familia \u00een jurul mesei din sufragerie \u0219i \u00eencepe\u021bi reconstituirea tabloului. V\u0103 ve\u021bi sim\u021bi cu to\u021bii ca ni\u0219te adev\u0103ra\u021bi detectivi care lucreaz\u0103 \u00eempreun\u0103 pentru a rezolva un mare mister.<\/span><\/p>\n<p><strong>Despre Sandro Botticelli \u0219tiai c\u0103?&#8230;<\/strong><\/p>\n<ul>\n<li>este cunoscut drept pictorul gra\u021bios al Rena\u0219terii pentru c\u0103 trupurile din tablourile lui reflect\u0103 rafinament \u0219i armonie, au siluete fine \u0219i delicate, spre deosebire de Michelangelo, de exemplu, la care observ\u0103m trupuri cu musculatur\u0103 herculean\u0103, ce exprim\u0103 for\u021b\u0103.<\/li>\n<li>unii critici aveau dubii privind orientarea lui sexual\u0103, \u00eens\u0103 aceast\u0103 ipotez\u0103 a ie\u0219it din discu\u021bie odat\u0103 ce s-a aflat c\u0103 pictorul a fost \u00eendr\u0103gostit \u00eentreaga sa via\u021b\u0103 de Simonetta Vespucci pe care a reprezentat-o cu gra\u021bie \u00een opera Na\u0219terea lui Venus.<\/li>\n<li>a cerut s\u0103 fie\u00a0 \u00eenmorm\u00e2ntat la picioarele femeii iubite, \u00een biserica Ognisanti din Floren\u021ba, dorin\u021b\u0103 care i-a fost \u00eendeplinit\u0103.<\/li>\n<li>a realizat trei fresce pentru Capela Sixtin\u0103, cu mult \u00eenaintea lui Michelangelo, la solicitarea papei Sixtus al IV-lea. Operele lui pot fi admirate \u0219i ast\u0103zi, afl\u00e2ndu-se pe pere\u021bii laterali ai capelei.<\/li>\n<li>a fost mult timp necunoscut \u00een istoria renascentist\u0103. S\u0103 fii contemporan cu mon\u0219tri sacri precum Leonardo da Vinci sau Michelangelo poate fi un mare dezavantaj pentru c\u0103 te duce repede \u00een anonimat.<\/li>\n<\/ul>\n<p><strong>3 curiozit\u0103\u021bi despre Na\u0219terea lui Venus reprezentat\u0103 \u00een acest puzzle 1000 piese<\/strong><\/p>\n<ol>\n<li><span style=\"font-weight: 400;\">Tabloul a fost comandat de reprezentan\u021bi ai familiei de Medici \u0219i a stat mult timp \u00een villa Castello a acestora.<\/span><\/li>\n<li><span style=\"font-weight: 400;\">Punctul de atrac\u021bie al tabloului este modul \u00een care Botticelli a zugr\u0103vit mi\u0219carea provocat\u0103 de v\u00e2nt \u0219i felul cum este r\u0103sfirat p\u0103rul zei\u021bei Venus.<\/span><\/li>\n<li><em><span style=\"font-weight: 400;\">Na\u0219terea lui Venus<\/span><\/em><span style=\"font-weight: 400;\"> \u0219i <\/span><em><span style=\"font-weight: 400;\">Prim\u0103vara<\/span><\/em><span style=\"font-weight: 400;\"> apar\u021bin\u00e2nd lui Botticelli sunt primele picturi cu tem\u0103 p\u0103g\u00e2n\u0103, toate operele realizate p\u00e2n\u0103 la acea vreme fiind cu tem\u0103 preponderent religioas\u0103.<\/span><\/li>\n<\/ol>\n<p><strong>Ce spun oamenii de \u0219tiin\u021b\u0103 despre beneficiile puzzle-urilor 1000 piese?<\/strong><\/p>\n<p><span style=\"font-weight: 400;\">Studiile efectuate de-a lungul timpului reflect\u0103 \u00een unanimitate mai multe beneficii ale jocurilor puzzle pentru adul\u021bi. Iat\u0103 c\u00e2teva dintre ele:<\/span><\/p>\n<ul>\n<li><span style=\"font-weight: 400;\">Antreneaz\u0103 memoria<\/span><\/li>\n<li><span style=\"font-weight: 400;\">\u00cembun\u0103t\u0103\u021besc capacitatea de concentrare<\/span><\/li>\n<li><span style=\"font-weight: 400;\">Sunt un foarte bun exerci\u021biu mental<\/span><\/li>\n<li><span style=\"font-weight: 400;\">\u00cembun\u0103t\u0103\u021besc starea de spirit<\/span><\/li>\n<li><span style=\"font-weight: 400;\">Reduc stresul<\/span><\/li>\n<\/ul>\n<p><span style=\"font-weight: 400;\">Cump\u0103r\u0103 acest minunat puzzle 1000 piese din colec\u021bia noastr\u0103 puzzle art\u0103 \u0219i vei avea parte de o relaxare veritabil\u0103. \u00cendr\u0103zne\u0219te s\u0103 fii pentru c\u00e2teva ore pictorul care zugr\u0103ve\u0219te opera de art\u0103 a lui Sandro Botticelli \u0219i prive\u0219te ce tablou minunat cu Na\u0219terea lui Venus iese din m\u00e2inile tale!<\/span><\/p>\n<p><span style=\"font-weight: 400;\">Puzzle 1000 piese Na\u0219terea lui Venus este un cadou ideal pentru pasiona\u021bii de art\u0103 \u0219i de puzzle adulti 1000 piese, dar \u0219i pentru cei c\u0103rora le place provocarea de a \u00eencerca jocuri puzzle noi \u0219i rafinate.<\/span><\/p>\n","protected":false},"excerpt":{"rendered":"<p><span style=\"font-weight: 400;\">Vrei s\u0103 ai propriul tablou de art\u0103 pus \u00een ram\u0103, pe unul dintre pere\u021bii livingului? Completeaz\u0103 unul dintre puzzle-urile de 1000 din colec\u021bia puzzle de art\u0103 \u0219i visul \u021bi se va \u00eendeplini!<\/span><\/p>\n","protected":false},"featured_media":63093,"template":"","meta":[],"product_brand":[],"product_cat":[1454,1488,1560],"product_tag":[],"class_list":{"0":"post-16580","1":"product","2":"type-product","3":"status-publish","4":"has-post-thumbnail","6":"product_cat-puzzle","7":"product_cat-puzzle-adulti","8":"product_cat-puzzle-adulti-1000","9":"pa_bax-1273","10":"pa_brand-d_toys","11":"pa_country_of_manufacture-ro","12":"pa_filter_age-1315","13":"pa_painter-sandrobotticelli","14":"pa_tip_ambalaj-cutie","15":"pa_tip_puzzle-clasic","17":"first","18":"instock","19":"taxable","20":"shipping-taxable","21":"product-type-simple"},"yoast_head":"<!-- This site is optimized with the Yoast SEO plugin v20.1 - https:\/\/yoast.com\/wordpress\/plugins\/seo\/ -->\n<title>Puzzle adul\u021bi 1000 piese Sandro Botticelli - The Birth of Venus\/Nasterea lui Venus - Roovi B2B<\/title>\n<meta name=\"robots\" content=\"index, follow, max-snippet:-1, max-image-preview:large, max-video-preview:-1\" \/>\n<link rel=\"canonical\" href=\"https:\/\/www.roovi.ro\/puzzle-adulti-sandro-botticelli-the-birth-of-venusnasterea-lui-venus-1000-piese\/p\/\" \/>\n<meta property=\"og:locale\" content=\"ro_RO\" \/>\n<meta property=\"og:type\" content=\"article\" \/>\n<meta property=\"og:title\" content=\"Puzzle adul\u021bi 1000 piese Sandro Botticelli - The Birth of Venus\/Nasterea lui Venus - Roovi B2B\" \/>\n<meta property=\"og:description\" content=\"Vrei s\u0103 ai propriul tablou de art\u0103 pus \u00een ram\u0103, pe unul dintre pere\u021bii livingului? Completeaz\u0103 unul dintre puzzle-urile de 1000 din colec\u021bia puzzle de art\u0103 \u0219i visul \u021bi se va \u00eendeplini!\" \/>\n<meta property=\"og:url\" content=\"https:\/\/www.roovi.ro\/puzzle-adulti-sandro-botticelli-the-birth-of-venusnasterea-lui-venus-1000-piese\/p\/\" \/>\n<meta property=\"og:site_name\" content=\"Roovi B2B\" \/>\n<meta property=\"article:publisher\" content=\"https:\/\/www.facebook.com\/wwwjucariero\" \/>\n<meta property=\"article:modified_time\" content=\"2023-03-20T21:53:20+00:00\" \/>\n<meta property=\"og:image\" content=\"https:\/\/business.roovi.com\/wp-content\/uploads\/2018\/04\/72672-BO-01-WEB.jpg\" \/>\n\t<meta property=\"og:image:width\" content=\"1200\" \/>\n\t<meta property=\"og:image:height\" content=\"1200\" \/>\n\t<meta property=\"og:image:type\" content=\"image\/jpeg\" \/>\n<meta name=\"twitter:label1\" content=\"Timp estimat pentru citire\" \/>\n\t<meta name=\"twitter:data1\" content=\"5 minute\" \/>\n<script type=\"application\/ld+json\" class=\"yoast-schema-graph\">{\"@context\":\"https:\/\/schema.org\",\"@graph\":[{\"@type\":\"WebPage\",\"@id\":\"https:\/\/business.roovi.com\/ro\/puzzle-adulti-sandro-botticelli-the-birth-of-venusnasterea-lui-venus-1000-piese\/p\/\",\"url\":\"https:\/\/www.roovi.ro\/puzzle-adulti-sandro-botticelli-the-birth-of-venusnasterea-lui-venus-1000-piese\/p\/\",\"name\":\"Puzzle adul\u021bi 1000 piese Sandro Botticelli - The Birth of Venus\/Nasterea lui Venus - Roovi B2B\",\"isPartOf\":{\"@id\":\"https:\/\/business.roovi.com\/ro\/#website\"},\"datePublished\":\"2018-04-16T10:56:17+00:00\",\"dateModified\":\"2023-03-20T21:53:20+00:00\",\"breadcrumb\":{\"@id\":\"https:\/\/www.roovi.ro\/puzzle-adulti-sandro-botticelli-the-birth-of-venusnasterea-lui-venus-1000-piese\/p\/#breadcrumb\"},\"inLanguage\":\"ro-RO\",\"potentialAction\":[{\"@type\":\"ReadAction\",\"target\":[\"https:\/\/www.roovi.ro\/puzzle-adulti-sandro-botticelli-the-birth-of-venusnasterea-lui-venus-1000-piese\/p\/\"]}]},{\"@type\":\"BreadcrumbList\",\"@id\":\"https:\/\/www.roovi.ro\/puzzle-adulti-sandro-botticelli-the-birth-of-venusnasterea-lui-venus-1000-piese\/p\/#breadcrumb\",\"itemListElement\":[{\"@type\":\"ListItem\",\"position\":1,\"name\":\"Home\",\"item\":\"https:\/\/business.roovi.com\/ro\/\"},{\"@type\":\"ListItem\",\"position\":2,\"name\":\"Magazin\",\"item\":\"https:\/\/business.roovi.com\/ro\/magazin\/\"},{\"@type\":\"ListItem\",\"position\":3,\"name\":\"Puzzle adul\u021bi 1000 piese Sandro Botticelli &#8211; The Birth of Venus\/Nasterea lui Venus\"}]},{\"@type\":\"WebSite\",\"@id\":\"https:\/\/business.roovi.com\/ro\/#website\",\"url\":\"https:\/\/business.roovi.com\/ro\/\",\"name\":\"Roovi B2B\",\"description\":\"Roovi Business Website\",\"potentialAction\":[{\"@type\":\"SearchAction\",\"target\":{\"@type\":\"EntryPoint\",\"urlTemplate\":\"https:\/\/business.roovi.com\/ro\/?s={search_term_string}\"},\"query-input\":\"required name=search_term_string\"}],\"inLanguage\":\"ro-RO\"}]}<\/script>\n<!-- \/ Yoast SEO plugin. -->","yoast_head_json":{"title":"Puzzle adul\u021bi 1000 piese Sandro Botticelli - The Birth of Venus\/Nasterea lui Venus - Roovi B2B","robots":{"index":"index","follow":"follow","max-snippet":"max-snippet:-1","max-image-preview":"max-image-preview:large","max-video-preview":"max-video-preview:-1"},"canonical":"https:\/\/www.roovi.ro\/puzzle-adulti-sandro-botticelli-the-birth-of-venusnasterea-lui-venus-1000-piese\/p\/","og_locale":"ro_RO","og_type":"article","og_title":"Puzzle adul\u021bi 1000 piese Sandro Botticelli - The Birth of Venus\/Nasterea lui Venus - Roovi B2B","og_description":"Vrei s\u0103 ai propriul tablou de art\u0103 pus \u00een ram\u0103, pe unul dintre pere\u021bii livingului? Completeaz\u0103 unul dintre puzzle-urile de 1000 din colec\u021bia puzzle de art\u0103 \u0219i visul \u021bi se va \u00eendeplini!","og_url":"https:\/\/www.roovi.ro\/puzzle-adulti-sandro-botticelli-the-birth-of-venusnasterea-lui-venus-1000-piese\/p\/","og_site_name":"Roovi B2B","article_publisher":"https:\/\/www.facebook.com\/wwwjucariero","article_modified_time":"2023-03-20T21:53:20+00:00","og_image":[{"width":1200,"height":1200,"url":"https:\/\/business.roovi.com\/wp-content\/uploads\/2018\/04\/72672-BO-01-WEB.jpg","type":"image\/jpeg"}],"twitter_misc":{"Timp estimat pentru citire":"5 minute"},"schema":{"@context":"https:\/\/schema.org","@graph":[{"@type":"WebPage","@id":"https:\/\/business.roovi.com\/ro\/puzzle-adulti-sandro-botticelli-the-birth-of-venusnasterea-lui-venus-1000-piese\/p\/","url":"https:\/\/www.roovi.ro\/puzzle-adulti-sandro-botticelli-the-birth-of-venusnasterea-lui-venus-1000-piese\/p\/","name":"Puzzle adul\u021bi 1000 piese Sandro Botticelli - The Birth of Venus\/Nasterea lui Venus - Roovi B2B","isPartOf":{"@id":"https:\/\/business.roovi.com\/ro\/#website"},"datePublished":"2018-04-16T10:56:17+00:00","dateModified":"2023-03-20T21:53:20+00:00","breadcrumb":{"@id":"https:\/\/www.roovi.ro\/puzzle-adulti-sandro-botticelli-the-birth-of-venusnasterea-lui-venus-1000-piese\/p\/#breadcrumb"},"inLanguage":"ro-RO","potentialAction":[{"@type":"ReadAction","target":["https:\/\/www.roovi.ro\/puzzle-adulti-sandro-botticelli-the-birth-of-venusnasterea-lui-venus-1000-piese\/p\/"]}]},{"@type":"BreadcrumbList","@id":"https:\/\/www.roovi.ro\/puzzle-adulti-sandro-botticelli-the-birth-of-venusnasterea-lui-venus-1000-piese\/p\/#breadcrumb","itemListElement":[{"@type":"ListItem","position":1,"name":"Home","item":"https:\/\/business.roovi.com\/ro\/"},{"@type":"ListItem","position":2,"name":"Magazin","item":"https:\/\/business.roovi.com\/ro\/magazin\/"},{"@type":"ListItem","position":3,"name":"Puzzle adul\u021bi 1000 piese Sandro Botticelli &#8211; The Birth of Venus\/Nasterea lui Venus"}]},{"@type":"WebSite","@id":"https:\/\/business.roovi.com\/ro\/#website","url":"https:\/\/business.roovi.com\/ro\/","name":"Roovi B2B","description":"Roovi Business Website","potentialAction":[{"@type":"SearchAction","target":{"@type":"EntryPoint","urlTemplate":"https:\/\/business.roovi.com\/ro\/?s={search_term_string}"},"query-input":"required name=search_term_string"}],"inLanguage":"ro-RO"}]}},"_links":{"self":[{"href":"https:\/\/business.roovi.com\/ro\/wp-json\/wp\/v2\/product\/16580","targetHints":{"allow":["GET"]}}],"collection":[{"href":"https:\/\/business.roovi.com\/ro\/wp-json\/wp\/v2\/product"}],"about":[{"href":"https:\/\/business.roovi.com\/ro\/wp-json\/wp\/v2\/types\/product"}],"version-history":[{"count":0,"href":"https:\/\/business.roovi.com\/ro\/wp-json\/wp\/v2\/product\/16580\/revisions"}],"wp:featuredmedia":[{"embeddable":true,"href":"https:\/\/business.roovi.com\/ro\/wp-json\/wp\/v2\/media\/63093"}],"wp:attachment":[{"href":"https:\/\/business.roovi.com\/ro\/wp-json\/wp\/v2\/media?parent=16580"}],"wp:term":[{"taxonomy":"product_brand","embeddable":true,"href":"https:\/\/business.roovi.com\/ro\/wp-json\/wp\/v2\/product_brand?post=16580"},{"taxonomy":"product_cat","embeddable":true,"href":"https:\/\/business.roovi.com\/ro\/wp-json\/wp\/v2\/product_cat?post=16580"},{"taxonomy":"product_tag","embeddable":true,"href":"https:\/\/business.roovi.com\/ro\/wp-json\/wp\/v2\/product_tag?post=16580"}],"curies":[{"name":"wp","href":"https:\/\/api.w.org\/{rel}","templated":true}]}}