{"id":16595,"date":"2018-04-16T10:56:17","date_gmt":"2018-04-16T10:56:17","guid":{"rendered":"https:\/\/business.roovi.com\/product\/puzzle-sandro-boticelli-primavera-1000-piese\/"},"modified":"2025-03-17T09:40:02","modified_gmt":"2025-03-17T09:40:02","slug":"puzzle-adulti-sandro-botticelli-primavera-1000-piese","status":"publish","type":"product","link":"https:\/\/business.roovi.com\/ro\/puzzle-adulti-sandro-botticelli-primavera-1000-piese\/p\/","title":{"rendered":"Puzzle adul\u021bi 1000 piese Sandro Botticelli &#8211; Primavera"},"content":{"rendered":"<p><span style=\"font-weight: 400;\">Descoper\u0103 acum colec\u021bia de puzzle 1000 piese care cuprinde imagini cu cele mai cunoscute tablouri din perioada renascentist\u0103. Leonardo Da Vinci, Sandro Boticelli, <\/span><span style=\"font-weight: 400;\">Vincent Van Gogh \u0219i mul\u021bi al\u021bii se reg\u0103sesc \u00een gama noastra puzzle art. Asambleaz\u0103 puzzle adul\u021bi \u0219i recreeaz\u0103 veritabile opere de art\u0103 care-\u021bi vor \u00eenc\u00e2nta privirea zi de zi.<\/span><\/p>\n<p><span style=\"font-weight: 400;\">Completeaz\u0103 Puzzle 1000 <\/span><span style=\"font-weight: 400;\">Sandro Botticelli &#8211; <\/span><span style=\"font-weight: 400;\">Primavera \u0219i vei avea un tablou minunat care surprinde sensibilitatea \u0219i gra\u021bia artistului. Aceast\u0103 pictur\u0103 celebr\u0103 are \u00een realitate dimensiuni impresionante de 2 x 3,14 m \u0219i este una dintre cele mai controversate picturi din lume.\u00a0<\/span><\/p>\n<p><span style=\"font-weight: 400;\">Aranjeaz\u0103 piesele din acest puzzle de art\u0103 \u0219i adu-\u021bi \u00een cas\u0103 <\/span><em><span style=\"font-weight: 400;\">Primavera<\/span><\/em><span style=\"font-weight: 400;\"> fascinant\u0103 a lui Botticelli! Tabloul pe care \u00eel ob\u021bii din acest puzzle 1000 piese nu are dimensiunile picturii reale, \u00eens\u0103 red\u0103 o copie foarte precis\u0103 a originalului, cu multe detalii pe care le po\u021bi observa atunci c\u00e2nd prive\u0219ti minunata pictur\u0103 la muzeul din Floren\u021ba.\u00a0 Vezi mai jos detalii si caracteristici ale acestui puzzle de art\u0103.<\/span><\/p>\n<p><span style=\"font-weight: 400;\">Dimensiuni puzzle asamblat: 50&#215;70 cm. Po\u021bi asambla acest puzzle de 1000 piese pe o m\u0103su\u021b\u0103 de cafea obi\u0219nuit\u0103.<\/span><\/p>\n<p><span style=\"font-weight: 400;\">Material puzzle:\u00a0<\/span><\/p>\n<ul style=\"list-style-type: circle;\">\n<li><span style=\"font-weight: 400;\">carton albastru de o calitate superioar\u0103<\/span><\/li>\n<li><span style=\"font-weight: 400;\">materiale sustenabile, reciclabile<\/span><\/li>\n<li><span style=\"font-weight: 400;\">finisaj semi-lucios, culori vii<\/span><\/li>\n<\/ul>\n<p><span style=\"font-weight: 400;\">Num\u0103rul pieselor de puzzle: 1000<\/span><\/p>\n<p><span style=\"font-weight: 400;\">V\u00e2rsta recomandat\u0103: 14+<\/span><\/p>\n<p><strong>De ce este benefic s\u0103 faci puzzle 1000 piese?<\/strong><\/p>\n<ul style=\"list-style-type: circle;\">\n<li><span style=\"font-weight: 400;\">Pentru c\u0103 te \u021bine departe de lumea virtual\u0103, \u00ee\u021bi elibereaz\u0103 mintea \u0219i te ajut\u0103 s\u0103 te relaxezi.<\/span><\/li>\n<li><span style=\"font-weight: 400;\">Pe termen lung, vei constata c\u0103 \u021bi se \u00eembun\u0103t\u0103\u021be\u0219te memoria. Faptul c\u0103 te \u021bine conectat \u0219i concentrat, este un antrenament benefic care se va reg\u0103si ulterior \u0219i \u00een alte aspecte ale vie\u021bii tale.<\/span><\/li>\n<li><span style=\"font-weight: 400;\">Pentru c\u0103 te \u021bine departe de bolile neurodegenerative, precum Alzheimerul. Un creier pus la treab\u0103 zi de zi, este un creier s\u0103n\u0103tos. Rezolvarea unui puzzle adul\u021bi este una dintre aceste activit\u0103\u021bi benefice pentru creierul uman.<\/span><\/li>\n<li><span style=\"font-weight: 400;\">Pentru poate fi o distrac\u021bie \u00een familie. Ce poate fi mai relaxant \u00een serile monotone de iarn\u0103 dec\u00e2t o activitate pl\u0103cut\u0103 \u00een familie, \u00een jurul mesei din sufragerie, unde fiecare dintre cei dragi rezolv\u0103 treptat misterul puzzle-ului de 1000 piese?\u00a0<\/span><\/li>\n<li><span style=\"font-weight: 400;\">Pentru c\u0103 te face fericit! S-a constatat c\u0103 rezolvarea puzzle-urilor adul\u021bi stimuleaz\u0103 secre\u021bia dopaminei &#8211; hormonul responsabil de senza\u021bia de fericire.<\/span><\/li>\n<\/ul>\n<p><strong>Vrei s\u0103 \u0219tii mai multe despre Botticelli?<\/strong><\/p>\n<p><span style=\"font-weight: 400;\">Puzzle 1000 piese Sandro Botticelli &#8211; Primavera reflect\u0103 nu doar calitatea des\u0103v\u00e2r\u0219it\u0103 a puzzle-urilor adul\u021bi din gama noastr\u0103 puzzle art\u0103, ci \u0219i complexitatea artistului \u0219i a operei care se reg\u0103sesc \u00een acest puzzle de 1000 piese. Iat\u0103 a\u0219adar c\u00e2teva curiozit\u0103\u021bi despre pictura original\u0103 \u0219i al ei celebru autor:<\/span><\/p>\n<ul style=\"list-style-type: circle;\">\n<li><span style=\"font-weight: 400;\">Picturile lui Botticelli, deci inclusiv\u00a0 <\/span><em><span style=\"font-weight: 400;\">Primavera<\/span><\/em><span style=\"font-weight: 400;\">,\u00a0 sunt toate \u00een tempera.<\/span><\/li>\n<li><span style=\"font-weight: 400;\">Un asteroid descoperit \u00een anul 1996, poart\u0103 numele artistului.<\/span><\/li>\n<li><span style=\"font-weight: 400;\">Tablourile sale se remarc\u0103 printr-un caracter diafan \u0219i ambiguu. Multe dintre personajele care apar \u00een picturi par c\u0103 leviteaz\u0103. Astfel, de\u0219i stau, dau senza\u021bia c\u0103 sunt \u00een mi\u0219care ceea ce creeaz\u0103 o oarecare ambiguitate<\/span><\/li>\n<li><span style=\"font-weight: 400;\">Nu se cunoa\u0219te cu exactitate istoria\u00a0 <\/span><em><span style=\"font-weight: 400;\">Prim\u0103verii<\/span><\/em><span style=\"font-weight: 400;\">\u00a0 lui Botticelli. Se crede c\u0103 a fost comanda de unul dintre reprezentan\u021bii familiei Medici, la fel ca \u0219i\u00a0 <\/span><em><span style=\"font-weight: 400;\">Na\u0219terea lui Venus<\/span><\/em><span style=\"font-weight: 400;\">.<\/span><\/li>\n<li><span style=\"font-weight: 400;\">Primavera simbolizeaz\u0103 iubirea, tinere\u021bea, frumuse\u021bea, dar \u0219i rena\u0219terea pentru c\u0103 asemenea prim\u0103verii, care aduce la via\u021b\u0103 natura an de an, la fel \u0219i omul t\u00e2nje\u0219te dup\u0103 fericire \u0219i tinere\u021be ve\u0219nic\u0103.<\/span><\/li>\n<\/ul>\n<p><strong>Alte 5 avantaje pe care \u021bi le ofer\u0103 completarea unui puzzle 1000 piese<\/strong><\/p>\n<ol>\n<li><span style=\"font-weight: 400;\">Te ajut\u0103 s\u0103 te concentrezi mai bine \u00een via\u021ba de zi cu zi.<\/span><\/li>\n<li><span style=\"font-weight: 400;\">Contribuie la \u00eembun\u0103t\u0103\u021birea memoriei.<\/span><\/li>\n<li><span style=\"font-weight: 400;\">Te face s\u0103 te sim\u021bi un mic detectiv care caut\u0103 indicii, le pune cap la cap \u0219i rezolv\u0103 misterul operei de art\u0103.<\/span><\/li>\n<li><span style=\"font-weight: 400;\">Te ajut\u0103 s\u0103 intri \u00een conexiune cu tine \u00eensu\u021bi. E\u0219ti doar tu cu tine, concentrat pe o sarcin\u0103 precis\u0103 pe care o duci la bun sf\u00e2r\u0219it cu determinare.<\/span><\/li>\n<li><span style=\"font-weight: 400;\">\u00ee\u021bi \u00eembun\u0103t\u0103\u021be\u0219te ra\u021bionamentul vizual \u0219i spa\u021bial. Atunci c\u00e2nd faci un puzzle 1000 piese trebuie s\u0103 fii atent s\u0103 potrive\u0219ti fiecare pies\u0103 \u00een imaginea de ansamblu. Exers\u00e2nd, \u00ee\u021bi vei \u00eembun\u0103t\u0103\u021bi aceast\u0103 abilitate.<\/span><\/li>\n<\/ol>\n<p><span style=\"font-weight: 400;\">Adu Prim\u0103vara lui Sandro Botticelli la tine \u00een cas\u0103! Descoper\u0103 acest minunat joc puzzle \u0219i conecteaz\u0103-te cu lumea artistic\u0103. Concentreaz\u0103-te asupra puzzle-ului adul\u021bi, asambleaz\u0103 imaginea din puzzle 1000 piese \u0219i pune tabloul \u00een ram\u0103.\u00a0 Cump\u0103r\u0103 acum acest minunat puzzle 1000 piese pentru tine sau ofer\u0103-l \u00een dar unui prieten drag.<\/span><\/p>\n","protected":false},"excerpt":{"rendered":"<p><span style=\"font-weight: 400;\">Fascinat de art\u0103 \u0219i pasionat de puzzle 1000 piese? G\u0103se\u0219ti aceast\u0103 combina\u021bie perfect\u0103 la noi pe site \u00een colec\u021bia puzzle art\u0103. <\/span><\/p>\n","protected":false},"featured_media":63099,"template":"","meta":[],"product_brand":[],"product_cat":[1454,1488,1560],"product_tag":[],"class_list":{"0":"post-16595","1":"product","2":"type-product","3":"status-publish","4":"has-post-thumbnail","6":"product_cat-puzzle","7":"product_cat-puzzle-adulti","8":"product_cat-puzzle-adulti-1000","9":"pa_bax-1273","10":"pa_brand-d_toys","11":"pa_country_of_manufacture-ro","12":"pa_filter_age-1315","13":"pa_painter-sandrobotticelli","14":"pa_tip_ambalaj-cutie","15":"pa_tip_puzzle-clasic","17":"first","18":"instock","19":"taxable","20":"shipping-taxable","21":"product-type-simple"},"yoast_head":"<!-- This site is optimized with the Yoast SEO plugin v20.1 - https:\/\/yoast.com\/wordpress\/plugins\/seo\/ -->\n<title>Puzzle adul\u021bi 1000 piese Sandro Botticelli - Primavera - Roovi B2B<\/title>\n<meta name=\"robots\" content=\"index, follow, max-snippet:-1, max-image-preview:large, max-video-preview:-1\" \/>\n<link rel=\"canonical\" href=\"https:\/\/www.roovi.ro\/puzzle-adulti-sandro-botticelli-primavera-1000-piese\/p\/\" \/>\n<meta property=\"og:locale\" content=\"ro_RO\" \/>\n<meta property=\"og:type\" content=\"article\" \/>\n<meta property=\"og:title\" content=\"Puzzle adul\u021bi 1000 piese Sandro Botticelli - Primavera - Roovi B2B\" \/>\n<meta property=\"og:description\" content=\"Fascinat de art\u0103 \u0219i pasionat de puzzle 1000 piese? G\u0103se\u0219ti aceast\u0103 combina\u021bie perfect\u0103 la noi pe site \u00een colec\u021bia puzzle art\u0103.\" \/>\n<meta property=\"og:url\" content=\"https:\/\/www.roovi.ro\/puzzle-adulti-sandro-botticelli-primavera-1000-piese\/p\/\" \/>\n<meta property=\"og:site_name\" content=\"Roovi B2B\" \/>\n<meta property=\"article:publisher\" content=\"https:\/\/www.facebook.com\/wwwjucariero\" \/>\n<meta property=\"article:modified_time\" content=\"2025-03-17T09:40:02+00:00\" \/>\n<meta property=\"og:image\" content=\"https:\/\/business.roovi.com\/wp-content\/uploads\/2018\/04\/72672-BO-02-WEB.jpg\" \/>\n\t<meta property=\"og:image:width\" content=\"1200\" \/>\n\t<meta property=\"og:image:height\" content=\"1200\" \/>\n\t<meta property=\"og:image:type\" content=\"image\/jpeg\" \/>\n<meta name=\"twitter:label1\" content=\"Timp estimat pentru citire\" \/>\n\t<meta name=\"twitter:data1\" content=\"3 minute\" \/>\n<script type=\"application\/ld+json\" class=\"yoast-schema-graph\">{\"@context\":\"https:\/\/schema.org\",\"@graph\":[{\"@type\":\"WebPage\",\"@id\":\"https:\/\/business.roovi.com\/ro\/puzzle-adulti-sandro-botticelli-primavera-1000-piese\/p\/\",\"url\":\"https:\/\/www.roovi.ro\/puzzle-adulti-sandro-botticelli-primavera-1000-piese\/p\/\",\"name\":\"Puzzle adul\u021bi 1000 piese Sandro Botticelli - Primavera - Roovi B2B\",\"isPartOf\":{\"@id\":\"https:\/\/business.roovi.com\/ro\/#website\"},\"datePublished\":\"2018-04-16T10:56:17+00:00\",\"dateModified\":\"2025-03-17T09:40:02+00:00\",\"breadcrumb\":{\"@id\":\"https:\/\/www.roovi.ro\/puzzle-adulti-sandro-botticelli-primavera-1000-piese\/p\/#breadcrumb\"},\"inLanguage\":\"ro-RO\",\"potentialAction\":[{\"@type\":\"ReadAction\",\"target\":[\"https:\/\/www.roovi.ro\/puzzle-adulti-sandro-botticelli-primavera-1000-piese\/p\/\"]}]},{\"@type\":\"BreadcrumbList\",\"@id\":\"https:\/\/www.roovi.ro\/puzzle-adulti-sandro-botticelli-primavera-1000-piese\/p\/#breadcrumb\",\"itemListElement\":[{\"@type\":\"ListItem\",\"position\":1,\"name\":\"Home\",\"item\":\"https:\/\/business.roovi.com\/ro\/\"},{\"@type\":\"ListItem\",\"position\":2,\"name\":\"Magazin\",\"item\":\"https:\/\/business.roovi.com\/ro\/magazin\/\"},{\"@type\":\"ListItem\",\"position\":3,\"name\":\"Puzzle adul\u021bi 1000 piese Sandro Botticelli &#8211; Primavera\"}]},{\"@type\":\"WebSite\",\"@id\":\"https:\/\/business.roovi.com\/ro\/#website\",\"url\":\"https:\/\/business.roovi.com\/ro\/\",\"name\":\"Roovi B2B\",\"description\":\"Roovi Business Website\",\"potentialAction\":[{\"@type\":\"SearchAction\",\"target\":{\"@type\":\"EntryPoint\",\"urlTemplate\":\"https:\/\/business.roovi.com\/ro\/?s={search_term_string}\"},\"query-input\":\"required name=search_term_string\"}],\"inLanguage\":\"ro-RO\"}]}<\/script>\n<!-- \/ Yoast SEO plugin. -->","yoast_head_json":{"title":"Puzzle adul\u021bi 1000 piese Sandro Botticelli - Primavera - Roovi B2B","robots":{"index":"index","follow":"follow","max-snippet":"max-snippet:-1","max-image-preview":"max-image-preview:large","max-video-preview":"max-video-preview:-1"},"canonical":"https:\/\/www.roovi.ro\/puzzle-adulti-sandro-botticelli-primavera-1000-piese\/p\/","og_locale":"ro_RO","og_type":"article","og_title":"Puzzle adul\u021bi 1000 piese Sandro Botticelli - Primavera - Roovi B2B","og_description":"Fascinat de art\u0103 \u0219i pasionat de puzzle 1000 piese? G\u0103se\u0219ti aceast\u0103 combina\u021bie perfect\u0103 la noi pe site \u00een colec\u021bia puzzle art\u0103.","og_url":"https:\/\/www.roovi.ro\/puzzle-adulti-sandro-botticelli-primavera-1000-piese\/p\/","og_site_name":"Roovi B2B","article_publisher":"https:\/\/www.facebook.com\/wwwjucariero","article_modified_time":"2025-03-17T09:40:02+00:00","og_image":[{"width":1200,"height":1200,"url":"https:\/\/business.roovi.com\/wp-content\/uploads\/2018\/04\/72672-BO-02-WEB.jpg","type":"image\/jpeg"}],"twitter_misc":{"Timp estimat pentru citire":"3 minute"},"schema":{"@context":"https:\/\/schema.org","@graph":[{"@type":"WebPage","@id":"https:\/\/business.roovi.com\/ro\/puzzle-adulti-sandro-botticelli-primavera-1000-piese\/p\/","url":"https:\/\/www.roovi.ro\/puzzle-adulti-sandro-botticelli-primavera-1000-piese\/p\/","name":"Puzzle adul\u021bi 1000 piese Sandro Botticelli - Primavera - Roovi B2B","isPartOf":{"@id":"https:\/\/business.roovi.com\/ro\/#website"},"datePublished":"2018-04-16T10:56:17+00:00","dateModified":"2025-03-17T09:40:02+00:00","breadcrumb":{"@id":"https:\/\/www.roovi.ro\/puzzle-adulti-sandro-botticelli-primavera-1000-piese\/p\/#breadcrumb"},"inLanguage":"ro-RO","potentialAction":[{"@type":"ReadAction","target":["https:\/\/www.roovi.ro\/puzzle-adulti-sandro-botticelli-primavera-1000-piese\/p\/"]}]},{"@type":"BreadcrumbList","@id":"https:\/\/www.roovi.ro\/puzzle-adulti-sandro-botticelli-primavera-1000-piese\/p\/#breadcrumb","itemListElement":[{"@type":"ListItem","position":1,"name":"Home","item":"https:\/\/business.roovi.com\/ro\/"},{"@type":"ListItem","position":2,"name":"Magazin","item":"https:\/\/business.roovi.com\/ro\/magazin\/"},{"@type":"ListItem","position":3,"name":"Puzzle adul\u021bi 1000 piese Sandro Botticelli &#8211; Primavera"}]},{"@type":"WebSite","@id":"https:\/\/business.roovi.com\/ro\/#website","url":"https:\/\/business.roovi.com\/ro\/","name":"Roovi B2B","description":"Roovi Business Website","potentialAction":[{"@type":"SearchAction","target":{"@type":"EntryPoint","urlTemplate":"https:\/\/business.roovi.com\/ro\/?s={search_term_string}"},"query-input":"required name=search_term_string"}],"inLanguage":"ro-RO"}]}},"_links":{"self":[{"href":"https:\/\/business.roovi.com\/ro\/wp-json\/wp\/v2\/product\/16595","targetHints":{"allow":["GET"]}}],"collection":[{"href":"https:\/\/business.roovi.com\/ro\/wp-json\/wp\/v2\/product"}],"about":[{"href":"https:\/\/business.roovi.com\/ro\/wp-json\/wp\/v2\/types\/product"}],"version-history":[{"count":0,"href":"https:\/\/business.roovi.com\/ro\/wp-json\/wp\/v2\/product\/16595\/revisions"}],"wp:featuredmedia":[{"embeddable":true,"href":"https:\/\/business.roovi.com\/ro\/wp-json\/wp\/v2\/media\/63099"}],"wp:attachment":[{"href":"https:\/\/business.roovi.com\/ro\/wp-json\/wp\/v2\/media?parent=16595"}],"wp:term":[{"taxonomy":"product_brand","embeddable":true,"href":"https:\/\/business.roovi.com\/ro\/wp-json\/wp\/v2\/product_brand?post=16595"},{"taxonomy":"product_cat","embeddable":true,"href":"https:\/\/business.roovi.com\/ro\/wp-json\/wp\/v2\/product_cat?post=16595"},{"taxonomy":"product_tag","embeddable":true,"href":"https:\/\/business.roovi.com\/ro\/wp-json\/wp\/v2\/product_tag?post=16595"}],"curies":[{"name":"wp","href":"https:\/\/api.w.org\/{rel}","templated":true}]}}