{"id":16610,"date":"2018-04-16T10:56:17","date_gmt":"2018-04-16T10:56:17","guid":{"rendered":"https:\/\/business.roovi.com\/product\/puzzle-leonardo-da-vinci-mona-lisa-1000-piese\/"},"modified":"2025-03-17T09:42:32","modified_gmt":"2025-03-17T09:42:32","slug":"puzzle-adulti-1000-piese-leonardo-da-vinci-mona-lisa","status":"publish","type":"product","link":"https:\/\/business.roovi.com\/ro\/puzzle-adulti-1000-piese-leonardo-da-vinci-mona-lisa\/p\/","title":{"rendered":"Puzzle adulti 1000 piese Leonardo da Vinci &#8211; Mona Lisa"},"content":{"rendered":"<p><span style=\"font-weight: 400;\">Dac\u0103 e\u0219ti pasionat de art\u0103 sau vrei s\u0103 faci cadou unui prieten care e fascinat de picturi celebre, e\u0219ti exact \u00een locul potrivit! La noi g\u0103se\u0219ti cea mai mare colec\u021bie de puzzle de art\u0103.<\/span><\/p>\n<p><span style=\"font-weight: 400;\">Activitatea de asamblare a unui puzzle este super relaxant\u0103 \u0219i asta o spunem din experien\u021b\u0103. Dac\u0103 vrei s\u0103 te deconectezi de stresul zilnic pentru c\u00e2teva ore (sau mai multe, s-a mai \u00eent\u00e2mplat \u0219i cu noi), avem ni\u0219te recomand\u0103ri superbe pentru tine!<\/span><\/p>\n<p><span style=\"font-weight: 400;\">Din seria renascentist\u0103 cea mai cunoscut\u0103 pictur\u0103 este portretul Lisei del Giocondo, a.k.a Mona Lisa. Expresia enigmatic\u0103 a subiectului, aerul misterios al tabloului dau caracteristici unice acestei picturi, Mona Lisa fiind considerat\u0103 cea mai renumit\u0103 oper\u0103 din istoria artei. Este, de asemenea, probabil cel mai cunoscut portret realizat vreodat\u0103.<\/span><\/p>\n<p><span style=\"font-weight: 400;\">Las\u0103-te purtat \u00een aceast\u0103 lume misterioas\u0103, descoper\u0103 cromatica specific\u0103 a epocii. Asambleaz-o pe Mona Lisa din 1000 de piese de puzzle \u0219i vei ob\u021bine replica acestei capodopere aproape \u00een dimensiunea sa original\u0103! Vezi mai jos la dimensiuni puzzle asamblat.<\/span><\/p>\n<p><strong>Material puzzle:\u00a0<\/strong><\/p>\n<p><strong>carton albastru de o calitate superioar\u0103<\/strong><\/p>\n<p><strong>materiale sustenabile, reciclabile<\/strong><\/p>\n<p><strong>finisaj semi-lucios, culori vii<\/strong><\/p>\n<p><strong>Dimensiuni puzzle asamblat: 50 x 70 cm. V<\/strong><span style=\"font-weight: 400;\">ei avea nevoie de o m\u0103su\u021b\u0103 de cafea standard pentru a \u00eenc\u0103pea tabloul. Pictura original\u0103 are 53x77cm.<\/span><\/p>\n<p><strong>Num\u0103rul pieselor de puzzle: 1000<\/strong><\/p>\n<p><strong>V\u00e2rsta recomandat\u0103: 14+<\/strong><\/p>\n<p><strong>Jocurile puzzle \u00ee\u021bi dezvolt\u0103 cel pu\u021bin 6 abilit\u0103\u021bi:<\/strong><\/p>\n<p><span style=\"font-weight: 400;\">1. Aten\u021bia la detalii &#8211; te sim\u021bi ca un adev\u0103rat detectiv, c\u0103ut\u00e2nd piesa potrivit\u0103<\/span><\/p>\n<p><span style=\"font-weight: 400;\">2. Logica prin asocierea pieselor asem\u0103n\u0103toare<\/span><\/p>\n<p><span style=\"font-weight: 400;\">3. Imagina\u021bia &#8211; descoperi mici \u201dsecrete\u201d ascunse \u00een peisaje, decor<\/span><\/p>\n<p><span style=\"font-weight: 400;\">4. Sim\u021bul coloristic \u0219i estetic<\/span><\/p>\n<p><span style=\"font-weight: 400;\">5. \u00cenve\u021bi s\u0103 nu renun\u021bi nici atunci c\u00e2nd totul pare nerezolvabil<\/span><\/p>\n<p><span style=\"font-weight: 400;\">6. R\u0103bdarea care va rezulta \u00eentr-o experien\u021b\u0103 de succes<\/span><\/p>\n<p><strong>Despre Mona Lisa \u0219tiai c\u0103?<\/strong><\/p>\n<p><span style=\"font-weight: 400; font-size: 14px; line-height: 14px;\">O alt\u0103 denumire a acestei picturi este La Gioconda.\u00a0<\/span><\/p>\n<p><span style=\"font-weight: 400; font-size: 14px; line-height: 14px;\">Mona este prescurtarea cuv\u00e2ntului Madonna.<\/span><\/p>\n<p><span style=\"font-weight: 400;\">Mona Lisa este pictat\u0103 cu ulei pe lemn de plop.<\/span><\/p>\n<p><span style=\"font-weight: 400;\">\u00cen prezent tabloul este expus la Muzeul Luvru din Paris.<\/span><\/p>\n<p><span style=\"font-weight: 400;\">\u00cen 2014, 9,3 milioane de oameni au vizitat Luvrul. Conform fostului director, 80% dintre oameni au mers doar ca s\u0103 vad\u0103 pictura Mona Lisa.<\/span><\/p>\n<p><strong>C\u00e2teva informa\u021bii despre Leonardo da Vinci<\/strong><\/p>\n<p><span style=\"font-weight: 400;\">S-a n\u0103scut \u00een 15 aprilie 1452 \u00een Italia.<\/span><\/p>\n<p><span style=\"font-weight: 400;\">Era dislexic \u0219i ambidextru.<\/span><\/p>\n<p><span style=\"font-weight: 400;\">A studiat diverse domenii\u00a0 anatomia, zborul p\u0103s\u0103rilor, insectele, formele rocilor \u0219i ale norilor, precum \u0219i efectele atmosferei \u0219i a fost\u00a0 pictor, sculptor, arhitect, muzician, inginer, inventator, anatomist, geolog, cartograf, botanist \u0219i scriitor.<\/span><\/p>\n<p><span style=\"font-weight: 400;\">Ca inventator \u00eenn\u0103scut, a conceput ma\u0219ini de zburat, un tanc, o ma\u0219in\u0103 de socotit \u0219i multe altele.<\/span><\/p>\n<p><span style=\"font-weight: 400;\">A fost vegetarian. Era cunoscut pentru faptul c\u0103 achizi\u021biona p\u0103s\u0103ri \u00een colivie pentru a le elibera.<\/span><\/p>\n<p><span style=\"font-weight: 400;\">Pe l\u00e2ng\u0103 Mona Lisa, cele mai cunoscute opere de art\u0103 create de Leonardo da Vinci sunt:\u00a0 Botezul lui Hristos, Buna Vestire, Doamna cu hermin\u0103, Cina cea de tain\u0103.<\/span><\/p>\n<p><strong>5 avantaje pe care \u021bi le ofer\u0103 puzzle-urile de art\u0103<\/strong><\/p>\n<p><span style=\"font-weight: 400;\">1. Ai p\u00e2n\u0103 la 30 ore de distrac\u021bie relaxant\u0103.<\/span><\/p>\n<p><span style=\"font-weight: 400;\">2. Descoperi cele mai mici detalii din operele de art\u0103 consacrate.<\/span><\/p>\n<p><span style=\"font-weight: 400;\">3. \u00ce\u021bi aprofundezi cuno\u0219tin\u021bele de art\u0103.<\/span><\/p>\n<p><span style=\"font-weight: 400;\">4. Reconstruie\u0219ti capodopere adev\u0103rate.<\/span><\/p>\n<p><span style=\"font-weight: 400;\">5. \u00ce\u021bi decorezi locuin\u021ba cu replicile celor mai renumite picturi \u00een form\u0103 de puzzle.<\/span><\/p>\n<p><span style=\"font-weight: 400;\">Vrei s\u0103 ai propria Mona Lisa? Acum ai aceast\u0103 posibilitate! Cump\u0103r\u0103 puzzle de art\u0103 Leonardo da Vinci &#8211; Mona Lisa, asambleaz\u0103 imaginea, \u00eenr\u0103meaz\u0103 tabloul din puzzle 1000 piese \u0219i admir\u0103 zi de zi o copie fidel\u0103 a celei mai cunoscute picturi din lume. Surprinde \u00een mod pl\u0103cut o persoan\u0103 drag\u0103 oferindu-i \u00een dar puzzle 1000 piese Leonardo da Vinci &#8211; Mona Lisa.<\/span><\/p>\n","protected":false},"excerpt":{"rendered":"<p><span style=\"font-weight: 400;\">S\u0103 admiri de la distan\u021b\u0103 cea mai celebr\u0103 pictur\u0103 din Luvru e frumos, dar ce-ai zice s\u0103 te apropii at\u00e2t de mult, \u00eenc\u00e2t s\u0103 vezi chiar \u0219i urma pensulei artistului?<\/span><\/p>\n","protected":false},"featured_media":63282,"template":"","meta":[],"product_brand":[],"product_cat":[1454,1488,1560],"product_tag":[],"class_list":{"0":"post-16610","1":"product","2":"type-product","3":"status-publish","4":"has-post-thumbnail","6":"product_cat-puzzle","7":"product_cat-puzzle-adulti","8":"product_cat-puzzle-adulti-1000","9":"pa_bax-1273","10":"pa_brand-d_toys","11":"pa_country_of_manufacture-ro","12":"pa_filter_age-1315","13":"pa_painter-leonardodavinci","14":"pa_tip_ambalaj-cutie","15":"pa_tip_puzzle-clasic","17":"first","18":"instock","19":"taxable","20":"shipping-taxable","21":"product-type-simple"},"yoast_head":"<!-- This site is optimized with the Yoast SEO plugin v20.1 - https:\/\/yoast.com\/wordpress\/plugins\/seo\/ -->\n<title>Puzzle adulti 1000 piese Leonardo da Vinci - Mona Lisa - Roovi B2B<\/title>\n<meta name=\"robots\" content=\"index, follow, max-snippet:-1, max-image-preview:large, max-video-preview:-1\" \/>\n<link rel=\"canonical\" href=\"https:\/\/www.roovi.ro\/puzzle-adulti-1000-piese-leonardo-da-vinci-mona-lisa\/p\/\" \/>\n<meta property=\"og:locale\" content=\"ro_RO\" \/>\n<meta property=\"og:type\" content=\"article\" \/>\n<meta property=\"og:title\" content=\"Puzzle adulti 1000 piese Leonardo da Vinci - Mona Lisa - Roovi B2B\" \/>\n<meta property=\"og:description\" content=\"S\u0103 admiri de la distan\u021b\u0103 cea mai celebr\u0103 pictur\u0103 din Luvru e frumos, dar ce-ai zice s\u0103 te apropii at\u00e2t de mult, \u00eenc\u00e2t s\u0103 vezi chiar \u0219i urma pensulei artistului?\" \/>\n<meta property=\"og:url\" content=\"https:\/\/www.roovi.ro\/puzzle-adulti-1000-piese-leonardo-da-vinci-mona-lisa\/p\/\" \/>\n<meta property=\"og:site_name\" content=\"Roovi B2B\" \/>\n<meta property=\"article:publisher\" content=\"https:\/\/www.facebook.com\/wwwjucariero\" \/>\n<meta property=\"article:modified_time\" content=\"2025-03-17T09:42:32+00:00\" \/>\n<meta property=\"og:image\" content=\"https:\/\/business.roovi.com\/wp-content\/uploads\/2018\/04\/72689-DA-01-WEB.jpg\" \/>\n\t<meta property=\"og:image:width\" content=\"1200\" \/>\n\t<meta property=\"og:image:height\" content=\"1200\" \/>\n\t<meta property=\"og:image:type\" content=\"image\/jpeg\" \/>\n<meta name=\"twitter:label1\" content=\"Timp estimat pentru citire\" \/>\n\t<meta name=\"twitter:data1\" content=\"3 minute\" \/>\n<script type=\"application\/ld+json\" class=\"yoast-schema-graph\">{\"@context\":\"https:\/\/schema.org\",\"@graph\":[{\"@type\":\"WebPage\",\"@id\":\"https:\/\/business.roovi.com\/ro\/puzzle-adulti-1000-piese-leonardo-da-vinci-mona-lisa\/p\/\",\"url\":\"https:\/\/www.roovi.ro\/puzzle-adulti-1000-piese-leonardo-da-vinci-mona-lisa\/p\/\",\"name\":\"Puzzle adulti 1000 piese Leonardo da Vinci - Mona Lisa - Roovi B2B\",\"isPartOf\":{\"@id\":\"https:\/\/business.roovi.com\/ro\/#website\"},\"datePublished\":\"2018-04-16T10:56:17+00:00\",\"dateModified\":\"2025-03-17T09:42:32+00:00\",\"breadcrumb\":{\"@id\":\"https:\/\/www.roovi.ro\/puzzle-adulti-1000-piese-leonardo-da-vinci-mona-lisa\/p\/#breadcrumb\"},\"inLanguage\":\"ro-RO\",\"potentialAction\":[{\"@type\":\"ReadAction\",\"target\":[\"https:\/\/www.roovi.ro\/puzzle-adulti-1000-piese-leonardo-da-vinci-mona-lisa\/p\/\"]}]},{\"@type\":\"BreadcrumbList\",\"@id\":\"https:\/\/www.roovi.ro\/puzzle-adulti-1000-piese-leonardo-da-vinci-mona-lisa\/p\/#breadcrumb\",\"itemListElement\":[{\"@type\":\"ListItem\",\"position\":1,\"name\":\"Home\",\"item\":\"https:\/\/business.roovi.com\/ro\/\"},{\"@type\":\"ListItem\",\"position\":2,\"name\":\"Magazin\",\"item\":\"https:\/\/business.roovi.com\/ro\/magazin\/\"},{\"@type\":\"ListItem\",\"position\":3,\"name\":\"Puzzle adulti 1000 piese Leonardo da Vinci &#8211; Mona Lisa\"}]},{\"@type\":\"WebSite\",\"@id\":\"https:\/\/business.roovi.com\/ro\/#website\",\"url\":\"https:\/\/business.roovi.com\/ro\/\",\"name\":\"Roovi B2B\",\"description\":\"Roovi Business Website\",\"potentialAction\":[{\"@type\":\"SearchAction\",\"target\":{\"@type\":\"EntryPoint\",\"urlTemplate\":\"https:\/\/business.roovi.com\/ro\/?s={search_term_string}\"},\"query-input\":\"required name=search_term_string\"}],\"inLanguage\":\"ro-RO\"}]}<\/script>\n<!-- \/ Yoast SEO plugin. -->","yoast_head_json":{"title":"Puzzle adulti 1000 piese Leonardo da Vinci - Mona Lisa - Roovi B2B","robots":{"index":"index","follow":"follow","max-snippet":"max-snippet:-1","max-image-preview":"max-image-preview:large","max-video-preview":"max-video-preview:-1"},"canonical":"https:\/\/www.roovi.ro\/puzzle-adulti-1000-piese-leonardo-da-vinci-mona-lisa\/p\/","og_locale":"ro_RO","og_type":"article","og_title":"Puzzle adulti 1000 piese Leonardo da Vinci - Mona Lisa - Roovi B2B","og_description":"S\u0103 admiri de la distan\u021b\u0103 cea mai celebr\u0103 pictur\u0103 din Luvru e frumos, dar ce-ai zice s\u0103 te apropii at\u00e2t de mult, \u00eenc\u00e2t s\u0103 vezi chiar \u0219i urma pensulei artistului?","og_url":"https:\/\/www.roovi.ro\/puzzle-adulti-1000-piese-leonardo-da-vinci-mona-lisa\/p\/","og_site_name":"Roovi B2B","article_publisher":"https:\/\/www.facebook.com\/wwwjucariero","article_modified_time":"2025-03-17T09:42:32+00:00","og_image":[{"width":1200,"height":1200,"url":"https:\/\/business.roovi.com\/wp-content\/uploads\/2018\/04\/72689-DA-01-WEB.jpg","type":"image\/jpeg"}],"twitter_misc":{"Timp estimat pentru citire":"3 minute"},"schema":{"@context":"https:\/\/schema.org","@graph":[{"@type":"WebPage","@id":"https:\/\/business.roovi.com\/ro\/puzzle-adulti-1000-piese-leonardo-da-vinci-mona-lisa\/p\/","url":"https:\/\/www.roovi.ro\/puzzle-adulti-1000-piese-leonardo-da-vinci-mona-lisa\/p\/","name":"Puzzle adulti 1000 piese Leonardo da Vinci - Mona Lisa - Roovi B2B","isPartOf":{"@id":"https:\/\/business.roovi.com\/ro\/#website"},"datePublished":"2018-04-16T10:56:17+00:00","dateModified":"2025-03-17T09:42:32+00:00","breadcrumb":{"@id":"https:\/\/www.roovi.ro\/puzzle-adulti-1000-piese-leonardo-da-vinci-mona-lisa\/p\/#breadcrumb"},"inLanguage":"ro-RO","potentialAction":[{"@type":"ReadAction","target":["https:\/\/www.roovi.ro\/puzzle-adulti-1000-piese-leonardo-da-vinci-mona-lisa\/p\/"]}]},{"@type":"BreadcrumbList","@id":"https:\/\/www.roovi.ro\/puzzle-adulti-1000-piese-leonardo-da-vinci-mona-lisa\/p\/#breadcrumb","itemListElement":[{"@type":"ListItem","position":1,"name":"Home","item":"https:\/\/business.roovi.com\/ro\/"},{"@type":"ListItem","position":2,"name":"Magazin","item":"https:\/\/business.roovi.com\/ro\/magazin\/"},{"@type":"ListItem","position":3,"name":"Puzzle adulti 1000 piese Leonardo da Vinci &#8211; Mona Lisa"}]},{"@type":"WebSite","@id":"https:\/\/business.roovi.com\/ro\/#website","url":"https:\/\/business.roovi.com\/ro\/","name":"Roovi B2B","description":"Roovi Business Website","potentialAction":[{"@type":"SearchAction","target":{"@type":"EntryPoint","urlTemplate":"https:\/\/business.roovi.com\/ro\/?s={search_term_string}"},"query-input":"required name=search_term_string"}],"inLanguage":"ro-RO"}]}},"_links":{"self":[{"href":"https:\/\/business.roovi.com\/ro\/wp-json\/wp\/v2\/product\/16610","targetHints":{"allow":["GET"]}}],"collection":[{"href":"https:\/\/business.roovi.com\/ro\/wp-json\/wp\/v2\/product"}],"about":[{"href":"https:\/\/business.roovi.com\/ro\/wp-json\/wp\/v2\/types\/product"}],"version-history":[{"count":0,"href":"https:\/\/business.roovi.com\/ro\/wp-json\/wp\/v2\/product\/16610\/revisions"}],"wp:featuredmedia":[{"embeddable":true,"href":"https:\/\/business.roovi.com\/ro\/wp-json\/wp\/v2\/media\/63282"}],"wp:attachment":[{"href":"https:\/\/business.roovi.com\/ro\/wp-json\/wp\/v2\/media?parent=16610"}],"wp:term":[{"taxonomy":"product_brand","embeddable":true,"href":"https:\/\/business.roovi.com\/ro\/wp-json\/wp\/v2\/product_brand?post=16610"},{"taxonomy":"product_cat","embeddable":true,"href":"https:\/\/business.roovi.com\/ro\/wp-json\/wp\/v2\/product_cat?post=16610"},{"taxonomy":"product_tag","embeddable":true,"href":"https:\/\/business.roovi.com\/ro\/wp-json\/wp\/v2\/product_tag?post=16610"}],"curies":[{"name":"wp","href":"https:\/\/api.w.org\/{rel}","templated":true}]}}