{"id":16625,"date":"2018-04-16T10:56:17","date_gmt":"2018-04-16T10:56:17","guid":{"rendered":"https:\/\/business.roovi.com\/product\/puzzle-breughel-summer-1000-piese\/"},"modified":"2025-03-17T10:01:12","modified_gmt":"2025-03-17T10:01:12","slug":"puzzle-adulti-1000-piese-pieter-breughel-cel-tanar-summervara","status":"publish","type":"product","link":"https:\/\/business.roovi.com\/ro\/puzzle-adulti-1000-piese-pieter-breughel-cel-tanar-summervara\/p\/","title":{"rendered":"Puzzle adul\u021bi 1000 Piese Pieter Breughel cel T\u00e2n\u0103r &#8211; Vara"},"content":{"rendered":"<p><span style=\"font-weight: 400;\">Vrei s\u0103 ai pe peretele camerei tale o copie \u00een miniatur\u0103 a unuia dintre tablourile lui Rembrandt, Botticelli sau al\u021bi mon\u0219tri sacri ai picturii? Alege din cea mai mare gam\u0103 de puzzle de art\u0103 \u0219i visul \u021bi se va \u00eendeplini!<\/span><\/p>\n<p><span style=\"font-weight: 400;\">Puzzle 1000 piese Pieter Brueghel cel T\u00e2n\u0103r &#8211; Summer\/Vara este la doar un click distan\u021b\u0103 de tine. Comand\u0103 acum acest minunat puzzle 1000 piese \u0219i bucur\u0103-te de imaginea \u00eensorit\u0103 \u0219i plin\u0103 de culoare a picturii cu acela\u0219i nume. Asambl\u00e2nd acest minunat joc puzzle, vei ob\u021bine un tablou cu dimensiunile 50 x 70 cm. Pentru a-\u021bi definitiva propria oper\u0103 de art\u0103 ai nevoie doar de o m\u0103su\u021b\u0103 simpl\u0103 de cafea. \u00ce\u021bi oferim mai jos \u0219i alte detalii \u0219i caracteristici ale minunatului puzzle 1000 piese:<\/span><\/p>\n<p><span style=\"font-weight: 400;\">Material puzzle:\u00a0<\/span><\/p>\n<p><strong>carton albastru de o calitate superioar\u0103<\/strong><\/p>\n<p><strong>materiale sustenabile, reciclabile<\/strong><\/p>\n<p><strong>finisaj semi-lucios, culori vii<\/strong><\/p>\n<p><span style=\"font-weight: 400;\">Num\u0103rul pieselor de puzzle: 1000<\/span><\/p>\n<p><span style=\"font-weight: 400;\">V\u00e2rsta recomandat\u0103: 14+<\/span><\/p>\n<p><strong>Vrei s\u0103 stai bine cu IQ-ul? Completeaz\u0103 \u00een fiecare zi puzzle 1000 piese!<\/strong><\/p>\n<p><span style=\"font-weight: 400;\">Nu e o glum\u0103, ci este demonstrat \u0219tiin\u021bific faptul c\u0103 asamblarea jocurilor puzzle pentru cel pu\u021bin 25 de minute zilnic ajut\u0103 la m\u0103rirea IQ-ului cu p\u00e2n\u0103 la 4 puncte. Completeaz\u0103 \u0219i tu puzzle 1000 piese \u0219i vezi dac\u0103 cercet\u0103torii au dreptate!<\/span><\/p>\n<p><strong>Alte beneficii pe care \u021bi le ofer\u0103 minunatele puzzle-uri de art\u0103<\/strong><\/p>\n<p><strong>\u00ce\u021bi arat\u0103 lumea perfect\u0103 a picturilor celebre.<\/strong><span style=\"font-weight: 400;\"> Puzzle-urile 1000 piese din colec\u021bia noastr\u0103 puzzle art\u0103 sunt realizate perfect, astfel c\u0103 po\u021bi sesiza cele mai fine retu\u0219uri ale picturilor originale. C\u00e2nd tabloul este gata, po\u021bi admira ore \u00een \u0219ir tabloul perfect.<\/span><\/p>\n<p><strong>Te fac un maestru detectiv \u00eentr-o lume artistic\u0103.<\/strong><span style=\"font-weight: 400;\"> Atunci c\u00e2nd cau\u021bi atent fiecare pies\u0103 din puzzle 1000 piese \u0219i \u00eei urm\u0103re\u0219ti locul \u00een imagine, te sim\u021bi ca un detectiv care caut\u0103 indicii pentru rezolvarea unui mister.<\/span><\/p>\n<p><strong>Te deconecteaz\u0103 de la lumea virtual\u0103. <\/strong><span style=\"font-weight: 400;\">\u00ce\u021bi petreci mult timp din via\u021b\u0103 \u00een fa\u021ba ecranelor? Este timpul s\u0103 te deconectezi \u0219i s\u0103-\u021bi relaxezi mintea! Completeaz\u0103 puzzle 1000 piese \u0219i vei sim\u021bi minunata stare mental\u0103 de eliberare.\u00a0<\/span><\/p>\n<p><strong>Te apropie de cei dragi.<\/strong><span style=\"font-weight: 400;\"> Jocul puzzle poate fi ref\u0103cut nu doar \u00een singur\u0103tate, ci \u0219i \u00een grup. Cu o persoan\u0103 drag\u0103 sau cu ga\u0219ca de prieteni, asamblarea unui puzzle 1000 piese devine o distrac\u021bie veritabil\u0103.<\/span><\/p>\n<p><strong>Hai s\u0103-\u021bi povestim pu\u021bin despre Pieter Brueghel cel T\u00e2n\u0103r \u0219i\u00a0 <\/strong><strong><em>Vara<\/em><\/strong><strong>\u00a0 lui!<\/strong><\/p>\n<ul style=\"list-style-type: circle;\">\n<li><span style=\"font-weight: 400;\">Pieter Brueghel cel T\u00e2n\u0103r este continuatorul operei tat\u0103lui s\u0103u, Pieter Breughel cel B\u0103tr\u00e2n<\/span><\/li>\n<li><span style=\"font-weight: 400;\">A preluat multe dintre temele reprezentate de tat\u0103l s\u0103u. Ciclul\u00a0 <\/span><em><span style=\"font-weight: 400;\">Anotimpurile<\/span><\/em><span style=\"font-weight: 400;\">\u00a0 este una dintre acestea.<\/span><\/li>\n<li><em><span style=\"font-weight: 400;\">Anotimpurile<\/span><\/em><span style=\"font-weight: 400;\">\u00a0 \u00eenf\u0103\u021bi\u0219eaz\u0103 ciclicitatea lumii \u0219i trecere iremediabil\u0103 a timpului, prin activit\u0103\u021bi specifice fiec\u0103rui sezon.<\/span><\/li>\n<li><span style=\"font-weight: 400;\">\u00cen\u00a0 <\/span><em><span style=\"font-weight: 400;\">Vara<\/span><\/em><span style=\"font-weight: 400;\">,\u00a0 culesul roadelor este \u00eendeletnicirea de baz\u0103.<\/span><\/li>\n<li><span style=\"font-weight: 400;\">Exist\u0103 20 de versiuni ale acestui tablou, dar diferen\u021bele dintre ele sunt minime.<\/span><\/li>\n<li><span style=\"font-weight: 400;\">Fiecare versiune respect\u0103 aceea\u0219i schem\u0103 compozi\u021bional\u0103.<\/span><\/li>\n<\/ul>\n<p><strong>3 motive ca s\u0103 faci puzzle 1000 piese zi de zi<\/strong><\/p>\n<ol>\n<li><span style=\"font-weight: 400;\">A face puzzle este o activitate recreativ\u0103 care \u00ee\u021bi men\u021bine creierul s\u0103n\u0103tos.<\/span><\/li>\n<li><span style=\"font-weight: 400;\">Te ajut\u0103 s\u0103 ai o stare de spirit foarte bun\u0103.<\/span><\/li>\n<li><span style=\"font-weight: 400;\">Aceast\u0103 activitate \u00ee\u021bi m\u0103re\u0219te aten\u021bia pentru detalii.<\/span><\/li>\n<\/ol>\n<p><span style=\"font-weight: 400;\">Completeaz\u0103 acest minunat puzzle 1000 piese \u0219i adu \u00een casa ta pu\u021bin din spiritul artistic al lui Pieter Brueghel cel T\u00e2n\u0103r! Te vei sim\u021bi minunat s\u0103 admiri o replic\u0103 aproape de perfec\u021biune a tabloului <\/span><em><span style=\"font-weight: 400;\">Vara<\/span><\/em><span style=\"font-weight: 400;\"> ref\u0103cut dintr-un puzzle de art\u0103.<\/span><\/p>\n<p><span style=\"font-weight: 400;\">Surprinde o persoan\u0103 drag\u0103 oferindu-i \u00een dar acest minunat puzzle 1000 piese! Cu siguran\u021b\u0103 vei \u00eenc\u00e2nta \u0219i un prieten cu acesta puzzle din colec\u021bia puzzle art\u0103.<\/span><\/p>\n<p>&nbsp;<\/p>\n","protected":false},"excerpt":{"rendered":"<p><span style=\"font-weight: 400;\">Puzzle-urile 1000 piese din colec\u021bia puzzle art\u0103 te duc \u00een lumea fascinant\u0103 a celor mai cunoscute picturi din istoria tuturor timpurilor. <\/span><\/p>\n","protected":false},"featured_media":63111,"template":"","meta":[],"product_brand":[],"product_cat":[1454,1488,1560],"product_tag":[],"class_list":{"0":"post-16625","1":"product","2":"type-product","3":"status-publish","4":"has-post-thumbnail","6":"product_cat-puzzle","7":"product_cat-puzzle-adulti","8":"product_cat-puzzle-adulti-1000","9":"pa_bax-1273","10":"pa_brand-d_toys","11":"pa_country_of_manufacture-ro","12":"pa_filter_age-1315","13":"pa_painter-pieterbreugheltheyounger","14":"pa_tip_ambalaj-cutie","15":"pa_tip_puzzle-clasic","17":"first","18":"instock","19":"taxable","20":"shipping-taxable","21":"product-type-simple"},"yoast_head":"<!-- This site is optimized with the Yoast SEO plugin v20.1 - https:\/\/yoast.com\/wordpress\/plugins\/seo\/ -->\n<title>Puzzle adul\u021bi 1000 Piese Pieter Breughel cel T\u00e2n\u0103r - Vara - Roovi B2B<\/title>\n<meta name=\"robots\" content=\"index, follow, max-snippet:-1, max-image-preview:large, max-video-preview:-1\" \/>\n<link rel=\"canonical\" href=\"https:\/\/www.roovi.ro\/puzzle-adulti-1000-piese-pieter-breughel-cel-tanar-summervara\/p\/\" \/>\n<meta property=\"og:locale\" content=\"ro_RO\" \/>\n<meta property=\"og:type\" content=\"article\" \/>\n<meta property=\"og:title\" content=\"Puzzle adul\u021bi 1000 Piese Pieter Breughel cel T\u00e2n\u0103r - Vara - Roovi B2B\" \/>\n<meta property=\"og:description\" content=\"Puzzle-urile 1000 piese din colec\u021bia puzzle art\u0103 te duc \u00een lumea fascinant\u0103 a celor mai cunoscute picturi din istoria tuturor timpurilor.\" \/>\n<meta property=\"og:url\" content=\"https:\/\/www.roovi.ro\/puzzle-adulti-1000-piese-pieter-breughel-cel-tanar-summervara\/p\/\" \/>\n<meta property=\"og:site_name\" content=\"Roovi B2B\" \/>\n<meta property=\"article:publisher\" content=\"https:\/\/www.facebook.com\/wwwjucariero\" \/>\n<meta property=\"article:modified_time\" content=\"2025-03-17T10:01:12+00:00\" \/>\n<meta property=\"og:image\" content=\"https:\/\/business.roovi.com\/wp-content\/uploads\/2018\/04\/66947-BR-02-WEB.jpg\" \/>\n\t<meta property=\"og:image:width\" content=\"1200\" \/>\n\t<meta property=\"og:image:height\" content=\"1200\" \/>\n\t<meta property=\"og:image:type\" content=\"image\/jpeg\" \/>\n<meta name=\"twitter:label1\" content=\"Timp estimat pentru citire\" \/>\n\t<meta name=\"twitter:data1\" content=\"3 minute\" \/>\n<script type=\"application\/ld+json\" class=\"yoast-schema-graph\">{\"@context\":\"https:\/\/schema.org\",\"@graph\":[{\"@type\":\"WebPage\",\"@id\":\"https:\/\/business.roovi.com\/ro\/puzzle-adulti-1000-piese-pieter-breughel-cel-tanar-summervara\/p\/\",\"url\":\"https:\/\/www.roovi.ro\/puzzle-adulti-1000-piese-pieter-breughel-cel-tanar-summervara\/p\/\",\"name\":\"Puzzle adul\u021bi 1000 Piese Pieter Breughel cel T\u00e2n\u0103r - Vara - Roovi B2B\",\"isPartOf\":{\"@id\":\"https:\/\/business.roovi.com\/ro\/#website\"},\"datePublished\":\"2018-04-16T10:56:17+00:00\",\"dateModified\":\"2025-03-17T10:01:12+00:00\",\"breadcrumb\":{\"@id\":\"https:\/\/www.roovi.ro\/puzzle-adulti-1000-piese-pieter-breughel-cel-tanar-summervara\/p\/#breadcrumb\"},\"inLanguage\":\"ro-RO\",\"potentialAction\":[{\"@type\":\"ReadAction\",\"target\":[\"https:\/\/www.roovi.ro\/puzzle-adulti-1000-piese-pieter-breughel-cel-tanar-summervara\/p\/\"]}]},{\"@type\":\"BreadcrumbList\",\"@id\":\"https:\/\/www.roovi.ro\/puzzle-adulti-1000-piese-pieter-breughel-cel-tanar-summervara\/p\/#breadcrumb\",\"itemListElement\":[{\"@type\":\"ListItem\",\"position\":1,\"name\":\"Home\",\"item\":\"https:\/\/business.roovi.com\/ro\/\"},{\"@type\":\"ListItem\",\"position\":2,\"name\":\"Magazin\",\"item\":\"https:\/\/business.roovi.com\/ro\/magazin\/\"},{\"@type\":\"ListItem\",\"position\":3,\"name\":\"Puzzle adul\u021bi 1000 Piese Pieter Breughel cel T\u00e2n\u0103r &#8211; Vara\"}]},{\"@type\":\"WebSite\",\"@id\":\"https:\/\/business.roovi.com\/ro\/#website\",\"url\":\"https:\/\/business.roovi.com\/ro\/\",\"name\":\"Roovi B2B\",\"description\":\"Roovi Business Website\",\"potentialAction\":[{\"@type\":\"SearchAction\",\"target\":{\"@type\":\"EntryPoint\",\"urlTemplate\":\"https:\/\/business.roovi.com\/ro\/?s={search_term_string}\"},\"query-input\":\"required name=search_term_string\"}],\"inLanguage\":\"ro-RO\"}]}<\/script>\n<!-- \/ Yoast SEO plugin. -->","yoast_head_json":{"title":"Puzzle adul\u021bi 1000 Piese Pieter Breughel cel T\u00e2n\u0103r - Vara - Roovi B2B","robots":{"index":"index","follow":"follow","max-snippet":"max-snippet:-1","max-image-preview":"max-image-preview:large","max-video-preview":"max-video-preview:-1"},"canonical":"https:\/\/www.roovi.ro\/puzzle-adulti-1000-piese-pieter-breughel-cel-tanar-summervara\/p\/","og_locale":"ro_RO","og_type":"article","og_title":"Puzzle adul\u021bi 1000 Piese Pieter Breughel cel T\u00e2n\u0103r - Vara - Roovi B2B","og_description":"Puzzle-urile 1000 piese din colec\u021bia puzzle art\u0103 te duc \u00een lumea fascinant\u0103 a celor mai cunoscute picturi din istoria tuturor timpurilor.","og_url":"https:\/\/www.roovi.ro\/puzzle-adulti-1000-piese-pieter-breughel-cel-tanar-summervara\/p\/","og_site_name":"Roovi B2B","article_publisher":"https:\/\/www.facebook.com\/wwwjucariero","article_modified_time":"2025-03-17T10:01:12+00:00","og_image":[{"width":1200,"height":1200,"url":"https:\/\/business.roovi.com\/wp-content\/uploads\/2018\/04\/66947-BR-02-WEB.jpg","type":"image\/jpeg"}],"twitter_misc":{"Timp estimat pentru citire":"3 minute"},"schema":{"@context":"https:\/\/schema.org","@graph":[{"@type":"WebPage","@id":"https:\/\/business.roovi.com\/ro\/puzzle-adulti-1000-piese-pieter-breughel-cel-tanar-summervara\/p\/","url":"https:\/\/www.roovi.ro\/puzzle-adulti-1000-piese-pieter-breughel-cel-tanar-summervara\/p\/","name":"Puzzle adul\u021bi 1000 Piese Pieter Breughel cel T\u00e2n\u0103r - Vara - Roovi B2B","isPartOf":{"@id":"https:\/\/business.roovi.com\/ro\/#website"},"datePublished":"2018-04-16T10:56:17+00:00","dateModified":"2025-03-17T10:01:12+00:00","breadcrumb":{"@id":"https:\/\/www.roovi.ro\/puzzle-adulti-1000-piese-pieter-breughel-cel-tanar-summervara\/p\/#breadcrumb"},"inLanguage":"ro-RO","potentialAction":[{"@type":"ReadAction","target":["https:\/\/www.roovi.ro\/puzzle-adulti-1000-piese-pieter-breughel-cel-tanar-summervara\/p\/"]}]},{"@type":"BreadcrumbList","@id":"https:\/\/www.roovi.ro\/puzzle-adulti-1000-piese-pieter-breughel-cel-tanar-summervara\/p\/#breadcrumb","itemListElement":[{"@type":"ListItem","position":1,"name":"Home","item":"https:\/\/business.roovi.com\/ro\/"},{"@type":"ListItem","position":2,"name":"Magazin","item":"https:\/\/business.roovi.com\/ro\/magazin\/"},{"@type":"ListItem","position":3,"name":"Puzzle adul\u021bi 1000 Piese Pieter Breughel cel T\u00e2n\u0103r &#8211; Vara"}]},{"@type":"WebSite","@id":"https:\/\/business.roovi.com\/ro\/#website","url":"https:\/\/business.roovi.com\/ro\/","name":"Roovi B2B","description":"Roovi Business Website","potentialAction":[{"@type":"SearchAction","target":{"@type":"EntryPoint","urlTemplate":"https:\/\/business.roovi.com\/ro\/?s={search_term_string}"},"query-input":"required name=search_term_string"}],"inLanguage":"ro-RO"}]}},"_links":{"self":[{"href":"https:\/\/business.roovi.com\/ro\/wp-json\/wp\/v2\/product\/16625","targetHints":{"allow":["GET"]}}],"collection":[{"href":"https:\/\/business.roovi.com\/ro\/wp-json\/wp\/v2\/product"}],"about":[{"href":"https:\/\/business.roovi.com\/ro\/wp-json\/wp\/v2\/types\/product"}],"version-history":[{"count":0,"href":"https:\/\/business.roovi.com\/ro\/wp-json\/wp\/v2\/product\/16625\/revisions"}],"wp:featuredmedia":[{"embeddable":true,"href":"https:\/\/business.roovi.com\/ro\/wp-json\/wp\/v2\/media\/63111"}],"wp:attachment":[{"href":"https:\/\/business.roovi.com\/ro\/wp-json\/wp\/v2\/media?parent=16625"}],"wp:term":[{"taxonomy":"product_brand","embeddable":true,"href":"https:\/\/business.roovi.com\/ro\/wp-json\/wp\/v2\/product_brand?post=16625"},{"taxonomy":"product_cat","embeddable":true,"href":"https:\/\/business.roovi.com\/ro\/wp-json\/wp\/v2\/product_cat?post=16625"},{"taxonomy":"product_tag","embeddable":true,"href":"https:\/\/business.roovi.com\/ro\/wp-json\/wp\/v2\/product_tag?post=16625"}],"curies":[{"name":"wp","href":"https:\/\/api.w.org\/{rel}","templated":true}]}}