{"id":16640,"date":"2018-04-16T10:56:17","date_gmt":"2018-04-16T10:56:17","guid":{"rendered":"https:\/\/business.roovi.com\/product\/puzzle-breughel-autumn-1000-piese\/"},"modified":"2025-03-17T10:02:18","modified_gmt":"2025-03-17T10:02:18","slug":"puzzle-adulti-1000-piese-pieter-breughel-cel-tanar-autumntoamna","status":"publish","type":"product","link":"https:\/\/business.roovi.com\/ro\/puzzle-adulti-1000-piese-pieter-breughel-cel-tanar-autumntoamna\/p\/","title":{"rendered":"Puzzle adul\u021bi 1000 Piese Pieter Breughel cel T\u00e2n\u0103r &#8211; Toamna"},"content":{"rendered":"<p><span style=\"font-weight: 400;\">Am creat cea mai variat\u0103 gam\u0103 de puzzle adul\u021bi care \u00eenf\u0103\u021bi\u0219eaz\u0103 picturi celebre pe care le po\u021bi avea doar pentru tine!\u00a0<\/span><\/p>\n<p><span style=\"font-weight: 400;\">\u00cen aceast\u0103 colec\u021bie minunat\u0103 de puzzle art\u0103 reg\u0103se\u0219ti multe dintre imaginile tablourilor pictate de arti\u0219ti din dinastia Brueghel.\u00a0 <\/span><em><span style=\"font-weight: 400;\">Anotimpurile\u00a0 <\/span><\/em><span style=\"font-weight: 400;\">este una dintre acestea. Cuprinde toate cele 4 reprezent\u0103ri ale operelor \u00eengrijite de Pieter Brueghel cel T\u00e2n\u0103r, fiecare av\u00e2nd farmecul propriu.<\/span><\/p>\n<p><span style=\"font-weight: 400;\">Descoper\u0103 astfel\u00a0 <\/span><em><span style=\"font-weight: 400;\">Toamna\u00a0<\/span><\/em><span style=\"font-weight: 400;\"> cea bogat\u0103 \u0219i magistral f\u0103urit\u0103 \u00een puzzle-ul 1000 piese <\/span><span style=\"font-weight: 400;\">Pieter Breughel cel T\u00e2n\u0103r &#8211; Toamna! Pictura \u00eenf\u0103\u021bi\u0219eaz\u0103 principalele \u00eendeletniciri pe care le aveau oamenii secolului al XVII-lea \u00een anotimpul recoltei: culesul viei sau ad\u0103postirea roadelor sunt doar c\u00e2teva dintre ele. Toate le vei admira complet\u00e2nd acest uimitor puzzle adul\u021bi.\u00a0<\/span><\/p>\n<p><span style=\"font-weight: 400;\">Tabloul pe care \u021bi-l vei zugr\u0103vi singur din puzzle-ul 1000 piese este ceva mai mare dec\u00e2t originalul: dimensiunile imaginii reconstituite sunt de 50 x 70 cm, iar ale picturii reale de 43 x 59 cm. A\u0219adar, ai nevoie de o m\u0103su\u021b\u0103 simpl\u0103 de cafea pentru a te desf\u0103\u0219ura \u00een voie \u0219i a \u00eencepe lucrul.<\/span><\/p>\n<p><span style=\"font-weight: 400;\">\u00ce\u021bi prezent\u0103m mai jos alte c\u00e2teva detalii \u0219i caracteristici ale acestui puzzle 1000 piese:<\/span><\/p>\n<p><span style=\"font-weight: 400;\">Material puzzle:\u00a0<\/span><\/p>\n<p><strong>carton albastru de o calitate superioar\u0103<\/strong><\/p>\n<p><strong>materiale sustenabile, reciclabile<\/strong><\/p>\n<p><strong>finisaj semi-lucios, culori vii<\/strong><\/p>\n<p><span style=\"font-weight: 400;\">Num\u0103rul pieselor de puzzle: 1000<\/span><\/p>\n<p><span style=\"font-weight: 400;\">V\u00e2rsta recomandat\u0103: 14+<\/span><\/p>\n<p><strong>Jocurile puzzle \u021bin Alzheimer-ul departe de creierul t\u0103u!<\/strong><\/p>\n<p><span style=\"font-weight: 400;\">Nu este o glum\u0103, ci este adev\u0103rat faptul c\u0103 puzzle-urile adulti pun creierul la treab\u0103 \u0219i \u00eel ajut\u0103 s\u0103 r\u0103m\u00e2n\u0103 s\u0103n\u0103tos, mai ales \u00een cazul persoanelor trecute de prima tinere\u021be. Dar de acest beneficiu profit\u0103 orice minte deschis\u0103, iubitoare de jocuri puzzle.<\/span><\/p>\n<p><span style=\"font-weight: 400;\">\u00cen plus, te mai ajut\u0103 s\u0103:<\/span><\/p>\n<p><strong>\u00ce\u021bi men\u021bii tensiunea \u0219i ritmul cardiac\u00a0 \u00een limitele normale<\/strong><span style=\"font-weight: 400;\"> &#8211; Atunci c\u00e2nd faci puzzle 1000 piese, mintea ta este lini\u0219tit\u0103 \u0219i se concentreaz\u0103 pe jocul puzzle ceea ce ajut\u0103 la men\u021binerea echilibrului la nivelul \u00eentregului corp, inclusiv al inimii.<\/span><\/p>\n<p><strong>\u00ce\u021bi \u00eembun\u0103t\u0103\u021be\u0219ti memoria. <\/strong><span style=\"font-weight: 400;\">Faptul c\u0103 trebuie s\u0103 g\u0103se\u0219ti piesele de puzzle 1000 potrivite \u0219i s\u0103 re\u021bine unde s-ar potrivi, precum \u0219i alte detalii privind formele sau culorile din imagine, este un foarte bun exerci\u021biu de memorie de care vei profita \u0219i \u00een alte activit\u0103\u021bi pe care le vei desf\u0103\u0219ura \u00een via\u021ba de zi cu zi.<\/span><\/p>\n<p><strong>Te deconectezi de la problemele zilnice. <\/strong><span style=\"font-weight: 400;\">Deconectarea de la grijile cotidiene poate fi adesea dificil\u0103. Activitatea de a completa puzzle 1000 piese este extrem de benefic\u0103 \u00een acest sens pentru c\u0103 te ajut\u0103 s\u0103 te eliberezi de probleme f\u0103r\u0103 a face un mare efort \u00een acest sens.<\/span><\/p>\n<p><strong>\u00cenve\u021bi lucruri noi<\/strong><span style=\"font-weight: 400;\">. Puzzle-urile tematice ca de exemplu puzzle-urile de art\u0103 \u00ee\u021bi ofer\u0103 prilejul s\u0103 descoperi lucruri interesante despre teme sau opere pe care le \u0219tiai doar din auzite. Reconstituind o imagine artistic\u0103 dintr-un puzzle adulti, te apropii de opera de art\u0103 \u0219i o descoperi \u00een detaliu.\u00a0<\/span><\/p>\n<p><strong>C\u00e2teva repere despre Pieter Brueghel cel T\u00e2n\u0103r \u0219i\u00a0 <\/strong><strong><em>Toamna\u00a0<\/em><\/strong><strong> lui:<\/strong><\/p>\n<ul style=\"list-style-type: circle;\">\n<li><span style=\"font-weight: 400;\">Pieter Brueghel cel T\u00e2n\u0103r continu\u0103 opera mult mai celebrului s\u0103u tat\u0103, Pieter Breughel cel B\u0103tr\u00e2n.<\/span><\/li>\n<li><span style=\"font-weight: 400;\">Ciclul\u00a0 <\/span><em><span style=\"font-weight: 400;\">Anotimpurile<\/span><\/em><span style=\"font-weight: 400;\">\u00a0 este una dintre temele care se reg\u0103sesc \u00een crea\u021biile lui Breughel tat\u0103l \u0219i este preluat\u0103 de Brueghel cel T\u00e2n\u0103r.\u00a0<\/span><\/li>\n<li><span style=\"font-weight: 400;\">Seria cuprinde lucr\u0103ri reprezentative pentru fiecare anotimp. Pieter Brueghel cel T\u00e2n\u0103r d\u0103 o not\u0103 personal\u0103 acestor lucr\u0103ri introduc\u00e2nd \u00een picturi reprezentarea unor anecdote specifice vremii.<\/span><\/li>\n<li><span style=\"font-weight: 400;\">Printre \u00eendeletnicirile prezentate \u00een\u00a0 <\/span><em><span style=\"font-weight: 400;\">Toamna<\/span><\/em><span style=\"font-weight: 400;\">\u00a0 se reg\u0103se\u0219te \u0219i t\u0103iatul porcului \u0219i preg\u0103tirea c\u0103rnii ce va fi o important\u0103 provizie pe timpul sezonului urm\u0103tor.<\/span><\/li>\n<\/ul>\n<p><strong>Ce mai trebuie s\u0103 \u0219tii despre puzzle 1000 piese\u2026<\/strong><\/p>\n<p><strong>\u00ce\u021bi stimuleaz\u0103 imagina\u021bia \u0219i creativitatea<\/strong><span style=\"font-weight: 400;\"> &#8211; C\u00e2nd completezi un puzzle 1000 piese de art\u0103 te duci cu g\u00e2ndul \u00een lumea artistic\u0103 sau vizualizezi mi\u0219c\u0103rile precise ale pictorului. Nu po\u021bi face un puzzle 1000 piese f\u0103r\u0103 a avea un scenariu \u00een minte, iar acesta este un foarte bun exerci\u021biu de creativitate.<\/span><\/p>\n<p><strong>\u00ce\u021bi dezvolt\u0103 perseveren\u021ba &#8211; <\/strong><span style=\"font-weight: 400;\">Te concentrezi atent \u0219i nu po\u021bi renun\u021ba u\u0219or. Parc\u0103 a-i mai pune o pies\u0103, \u0219i \u00eenc\u0103 una, \u0219i \u00eenc\u0103 una. F\u0103r\u0103 s\u0103-\u021bi dai seama, tabloul e gata! Nu a fost u\u0219or s\u0103 completezi acest uimitor puzzle 1000 piese, dar cu perseveren\u021b\u0103 ai reu\u0219it. \u00ce\u021bi va fi util acest exerci\u021biu constant de perseveren\u021b\u0103 \u0219i \u00een alte aspecte ale vie\u021bii tale.<\/span><\/p>\n<p><strong>Te \u00eenva\u021b\u0103 s\u0103 lucrezi \u00een echip\u0103.<\/strong><span style=\"font-weight: 400;\"> Puzzle-urile adul\u021bi se pot construi \u0219i \u00een echip\u0103. Cu c\u00e2t sunt mai mul\u021bi pasiona\u021bi, cu at\u00e2t puzzle-ul 1000 piese va fi reconstituit mai repede. Reu\u0219ita este un efort colectiv care \u00ee\u021bi va oferi o senza\u021bie uimitoare de satisfac\u021bie.<\/span><\/p>\n<p><span style=\"font-weight: 400;\">Curios cum e <\/span><em><span style=\"font-weight: 400;\">Toamna\u00a0 <\/span><\/em><span style=\"font-weight: 400;\">lui Pieter Breughel cel T\u00e2n\u0103r? Cump\u0103r\u0103 acum acest puzzle 1000 piese, ref\u0103 tabloul din minunatul puzzle de art\u0103 \u0219i bucur\u0103-te de o pictur\u0103 celebr\u0103.\u00a0<\/span><\/p>\n<p><span style=\"font-weight: 400;\">Dac\u0103 vrei s\u0103 faci o surpriz\u0103 pl\u0103cut\u0103 unui prieten apropiat, acest joc puzzle din colec\u021bia puzzle art\u0103 este varianta perfect\u0103!<\/span><\/p>\n","protected":false},"excerpt":{"rendered":"<p><span style=\"font-weight: 400;\">\u021ai-ai dori s\u0103 colec\u021bionezi tablouri artistice veritabile? Noi \u00ee\u021bi oferim o alternativ\u0103 minunat\u0103 prin colec\u021bia noastra puzzle art\u0103. <\/span><\/p>\n","protected":false},"featured_media":63121,"template":"","meta":[],"product_brand":[],"product_cat":[1454,1488,1560],"product_tag":[],"class_list":{"0":"post-16640","1":"product","2":"type-product","3":"status-publish","4":"has-post-thumbnail","6":"product_cat-puzzle","7":"product_cat-puzzle-adulti","8":"product_cat-puzzle-adulti-1000","9":"pa_bax-1273","10":"pa_brand-d_toys","11":"pa_country_of_manufacture-ro","12":"pa_filter_age-1315","13":"pa_painter-pieterbreugheltheyounger","14":"pa_tip_ambalaj-cutie","15":"pa_tip_puzzle-clasic","17":"first","18":"instock","19":"taxable","20":"shipping-taxable","21":"product-type-simple"},"yoast_head":"<!-- This site is optimized with the Yoast SEO plugin v20.1 - https:\/\/yoast.com\/wordpress\/plugins\/seo\/ -->\n<title>Puzzle adul\u021bi 1000 Piese Pieter Breughel cel T\u00e2n\u0103r - Toamna - Roovi B2B<\/title>\n<meta name=\"robots\" content=\"index, follow, max-snippet:-1, max-image-preview:large, max-video-preview:-1\" \/>\n<link rel=\"canonical\" href=\"https:\/\/www.roovi.ro\/puzzle-adulti-1000-piese-pieter-breughel-cel-tanar-autumntoamna\/p\/\" \/>\n<meta property=\"og:locale\" content=\"ro_RO\" \/>\n<meta property=\"og:type\" content=\"article\" \/>\n<meta property=\"og:title\" content=\"Puzzle adul\u021bi 1000 Piese Pieter Breughel cel T\u00e2n\u0103r - Toamna - Roovi B2B\" \/>\n<meta property=\"og:description\" content=\"\u021ai-ai dori s\u0103 colec\u021bionezi tablouri artistice veritabile? Noi \u00ee\u021bi oferim o alternativ\u0103 minunat\u0103 prin colec\u021bia noastra puzzle art\u0103.\" \/>\n<meta property=\"og:url\" content=\"https:\/\/www.roovi.ro\/puzzle-adulti-1000-piese-pieter-breughel-cel-tanar-autumntoamna\/p\/\" \/>\n<meta property=\"og:site_name\" content=\"Roovi B2B\" \/>\n<meta property=\"article:publisher\" content=\"https:\/\/www.facebook.com\/wwwjucariero\" \/>\n<meta property=\"article:modified_time\" content=\"2025-03-17T10:02:18+00:00\" \/>\n<meta property=\"og:image\" content=\"https:\/\/business.roovi.com\/wp-content\/uploads\/2018\/04\/66947-BR-03-WEB-1.jpg\" \/>\n\t<meta property=\"og:image:width\" content=\"1200\" \/>\n\t<meta property=\"og:image:height\" content=\"1200\" \/>\n\t<meta property=\"og:image:type\" content=\"image\/jpeg\" \/>\n<meta name=\"twitter:label1\" content=\"Timp estimat pentru citire\" \/>\n\t<meta name=\"twitter:data1\" content=\"4 minute\" \/>\n<script type=\"application\/ld+json\" class=\"yoast-schema-graph\">{\"@context\":\"https:\/\/schema.org\",\"@graph\":[{\"@type\":\"WebPage\",\"@id\":\"https:\/\/business.roovi.com\/ro\/puzzle-adulti-1000-piese-pieter-breughel-cel-tanar-autumntoamna\/p\/\",\"url\":\"https:\/\/www.roovi.ro\/puzzle-adulti-1000-piese-pieter-breughel-cel-tanar-autumntoamna\/p\/\",\"name\":\"Puzzle adul\u021bi 1000 Piese Pieter Breughel cel T\u00e2n\u0103r - Toamna - Roovi B2B\",\"isPartOf\":{\"@id\":\"https:\/\/business.roovi.com\/ro\/#website\"},\"datePublished\":\"2018-04-16T10:56:17+00:00\",\"dateModified\":\"2025-03-17T10:02:18+00:00\",\"breadcrumb\":{\"@id\":\"https:\/\/www.roovi.ro\/puzzle-adulti-1000-piese-pieter-breughel-cel-tanar-autumntoamna\/p\/#breadcrumb\"},\"inLanguage\":\"ro-RO\",\"potentialAction\":[{\"@type\":\"ReadAction\",\"target\":[\"https:\/\/www.roovi.ro\/puzzle-adulti-1000-piese-pieter-breughel-cel-tanar-autumntoamna\/p\/\"]}]},{\"@type\":\"BreadcrumbList\",\"@id\":\"https:\/\/www.roovi.ro\/puzzle-adulti-1000-piese-pieter-breughel-cel-tanar-autumntoamna\/p\/#breadcrumb\",\"itemListElement\":[{\"@type\":\"ListItem\",\"position\":1,\"name\":\"Home\",\"item\":\"https:\/\/business.roovi.com\/ro\/\"},{\"@type\":\"ListItem\",\"position\":2,\"name\":\"Magazin\",\"item\":\"https:\/\/business.roovi.com\/ro\/magazin\/\"},{\"@type\":\"ListItem\",\"position\":3,\"name\":\"Puzzle adul\u021bi 1000 Piese Pieter Breughel cel T\u00e2n\u0103r &#8211; Toamna\"}]},{\"@type\":\"WebSite\",\"@id\":\"https:\/\/business.roovi.com\/ro\/#website\",\"url\":\"https:\/\/business.roovi.com\/ro\/\",\"name\":\"Roovi B2B\",\"description\":\"Roovi Business Website\",\"potentialAction\":[{\"@type\":\"SearchAction\",\"target\":{\"@type\":\"EntryPoint\",\"urlTemplate\":\"https:\/\/business.roovi.com\/ro\/?s={search_term_string}\"},\"query-input\":\"required name=search_term_string\"}],\"inLanguage\":\"ro-RO\"}]}<\/script>\n<!-- \/ Yoast SEO plugin. -->","yoast_head_json":{"title":"Puzzle adul\u021bi 1000 Piese Pieter Breughel cel T\u00e2n\u0103r - Toamna - Roovi B2B","robots":{"index":"index","follow":"follow","max-snippet":"max-snippet:-1","max-image-preview":"max-image-preview:large","max-video-preview":"max-video-preview:-1"},"canonical":"https:\/\/www.roovi.ro\/puzzle-adulti-1000-piese-pieter-breughel-cel-tanar-autumntoamna\/p\/","og_locale":"ro_RO","og_type":"article","og_title":"Puzzle adul\u021bi 1000 Piese Pieter Breughel cel T\u00e2n\u0103r - Toamna - Roovi B2B","og_description":"\u021ai-ai dori s\u0103 colec\u021bionezi tablouri artistice veritabile? Noi \u00ee\u021bi oferim o alternativ\u0103 minunat\u0103 prin colec\u021bia noastra puzzle art\u0103.","og_url":"https:\/\/www.roovi.ro\/puzzle-adulti-1000-piese-pieter-breughel-cel-tanar-autumntoamna\/p\/","og_site_name":"Roovi B2B","article_publisher":"https:\/\/www.facebook.com\/wwwjucariero","article_modified_time":"2025-03-17T10:02:18+00:00","og_image":[{"width":1200,"height":1200,"url":"https:\/\/business.roovi.com\/wp-content\/uploads\/2018\/04\/66947-BR-03-WEB-1.jpg","type":"image\/jpeg"}],"twitter_misc":{"Timp estimat pentru citire":"4 minute"},"schema":{"@context":"https:\/\/schema.org","@graph":[{"@type":"WebPage","@id":"https:\/\/business.roovi.com\/ro\/puzzle-adulti-1000-piese-pieter-breughel-cel-tanar-autumntoamna\/p\/","url":"https:\/\/www.roovi.ro\/puzzle-adulti-1000-piese-pieter-breughel-cel-tanar-autumntoamna\/p\/","name":"Puzzle adul\u021bi 1000 Piese Pieter Breughel cel T\u00e2n\u0103r - Toamna - Roovi B2B","isPartOf":{"@id":"https:\/\/business.roovi.com\/ro\/#website"},"datePublished":"2018-04-16T10:56:17+00:00","dateModified":"2025-03-17T10:02:18+00:00","breadcrumb":{"@id":"https:\/\/www.roovi.ro\/puzzle-adulti-1000-piese-pieter-breughel-cel-tanar-autumntoamna\/p\/#breadcrumb"},"inLanguage":"ro-RO","potentialAction":[{"@type":"ReadAction","target":["https:\/\/www.roovi.ro\/puzzle-adulti-1000-piese-pieter-breughel-cel-tanar-autumntoamna\/p\/"]}]},{"@type":"BreadcrumbList","@id":"https:\/\/www.roovi.ro\/puzzle-adulti-1000-piese-pieter-breughel-cel-tanar-autumntoamna\/p\/#breadcrumb","itemListElement":[{"@type":"ListItem","position":1,"name":"Home","item":"https:\/\/business.roovi.com\/ro\/"},{"@type":"ListItem","position":2,"name":"Magazin","item":"https:\/\/business.roovi.com\/ro\/magazin\/"},{"@type":"ListItem","position":3,"name":"Puzzle adul\u021bi 1000 Piese Pieter Breughel cel T\u00e2n\u0103r &#8211; Toamna"}]},{"@type":"WebSite","@id":"https:\/\/business.roovi.com\/ro\/#website","url":"https:\/\/business.roovi.com\/ro\/","name":"Roovi B2B","description":"Roovi Business Website","potentialAction":[{"@type":"SearchAction","target":{"@type":"EntryPoint","urlTemplate":"https:\/\/business.roovi.com\/ro\/?s={search_term_string}"},"query-input":"required name=search_term_string"}],"inLanguage":"ro-RO"}]}},"_links":{"self":[{"href":"https:\/\/business.roovi.com\/ro\/wp-json\/wp\/v2\/product\/16640","targetHints":{"allow":["GET"]}}],"collection":[{"href":"https:\/\/business.roovi.com\/ro\/wp-json\/wp\/v2\/product"}],"about":[{"href":"https:\/\/business.roovi.com\/ro\/wp-json\/wp\/v2\/types\/product"}],"version-history":[{"count":0,"href":"https:\/\/business.roovi.com\/ro\/wp-json\/wp\/v2\/product\/16640\/revisions"}],"wp:featuredmedia":[{"embeddable":true,"href":"https:\/\/business.roovi.com\/ro\/wp-json\/wp\/v2\/media\/63121"}],"wp:attachment":[{"href":"https:\/\/business.roovi.com\/ro\/wp-json\/wp\/v2\/media?parent=16640"}],"wp:term":[{"taxonomy":"product_brand","embeddable":true,"href":"https:\/\/business.roovi.com\/ro\/wp-json\/wp\/v2\/product_brand?post=16640"},{"taxonomy":"product_cat","embeddable":true,"href":"https:\/\/business.roovi.com\/ro\/wp-json\/wp\/v2\/product_cat?post=16640"},{"taxonomy":"product_tag","embeddable":true,"href":"https:\/\/business.roovi.com\/ro\/wp-json\/wp\/v2\/product_tag?post=16640"}],"curies":[{"name":"wp","href":"https:\/\/api.w.org\/{rel}","templated":true}]}}