{"id":16685,"date":"2018-04-16T10:56:17","date_gmt":"2018-04-16T10:56:17","guid":{"rendered":"https:\/\/business.roovi.com\/product\/puzzle-gustav-klimt-lady-with-a-fan-1000-piese\/"},"modified":"2025-03-18T09:01:10","modified_gmt":"2025-03-18T09:01:10","slug":"puzzle-adulti-1000-piese-gustav-klimt-lady-with-a-fan","status":"publish","type":"product","link":"https:\/\/business.roovi.com\/ro\/puzzle-adulti-1000-piese-gustav-klimt-lady-with-a-fan\/p\/","title":{"rendered":"Puzzle adulti 1000 piese Gustav Klimt &#8211; Lady with a Fan"},"content":{"rendered":"<p><span style=\"font-weight: 400; line-height: 14px; font-size: 14px;\">Bine ai venit \u00een cea mai mare galerie de art\u0103 compus\u0103 din puzzle-uri de 1000 piese! Acum po\u021bi analiza \u00eendeaproape capodoperele celor mai cunoscu\u021bi pictori din lume. Cump\u0103r\u0103 puzzle-uri de art\u0103 \u0219i creeaz\u0103-\u021bi propria colec\u021bie de tablouri artistice.<\/span><\/p>\n<p><span style=\"font-weight: 400; line-height: 14px; font-size: 14px;\">Puzzle 1000 piese Gustav Klimt &#8211; Lady with a Fan\/Doamna cu evantai \u00ee\u021bi aduce \u00een cas\u0103 frumuse\u021bea vienez\u0103 redat\u0103 \u00een tabloul de art\u0103 de talentatul artist. \u00centr-un decor plin de culori vibrante, o femeie misterioas\u0103 prive\u0219te seduc\u0103tor dincolo de audien\u021b\u0103. Cu capul ridicat, cu um\u0103rul expus \u0219i cu s\u00e2nul gol ascuns de un evantai, ea pare \u00eencrez\u0103toare \u0219i sigur\u0103 pe sine. Cu mult\u0103 perseveren\u021b\u0103 \u0219i determinare po\u021bi recrea aceast\u0103 oper\u0103 de art\u0103 superb\u0103, plin\u0103 de elegan\u021b\u0103 \u0219i culoare.\u00a0<\/span><\/p>\n<p><span style=\"font-weight: 400; line-height: 14px; font-size: 14px;\">Puzzle 1000 piese Gustav Klimt &#8211; Doamna cu evantai este produs din materiale de calitate premium astfel c\u0103 \u00een tabloul ob\u021binut vei putea admira cele mai mici detalii ale operei originale. Imaginea final\u0103 are dimensiunile de 50 x 70 cm, iar pentru asamblarea ei po\u021bi utiliza o m\u0103su\u021b\u0103 obi\u0219nuit\u0103 de cafea.<\/span><\/p>\n<p><span style=\"font-weight: 400; line-height: 14px; font-size: 14px;\">Alte caracteristici ale puzzle-ului de art\u0103:<\/span><\/p>\n<p><span style=\"line-height: 14px; font-size: 14px;\"><strong>Material puzzle:\u00a0<\/strong><\/span><\/p>\n<p><span style=\"line-height: 14px; font-size: 14px;\"><strong>carton albastru de o calitate superioar\u0103<\/strong><\/span><\/p>\n<p><span style=\"line-height: 14px; font-size: 14px;\"><strong>materiale sustenabile, reciclabile<\/strong><\/span><\/p>\n<p><span style=\"line-height: 14px; font-size: 14px;\"><strong>finisaj semi-lucios, culori vii<\/strong><\/span><\/p>\n<p><span style=\"line-height: 14px; font-size: 14px;\"><strong>Num\u0103rul pieselor de puzzle: 1000<\/strong><\/span><\/p>\n<p><span style=\"line-height: 14px; font-size: 14px;\"><strong>V\u00e2rsta recomandat\u0103: 14+<\/strong><\/span><\/p>\n<p><span style=\"line-height: 14px; font-size: 14px;\"><strong>Jocurile puzzle \u00ee\u021bi \u00eembun\u0103t\u0103\u021besc capacitatea de concentrare<\/strong><\/span><\/p>\n<p><span style=\"font-weight: 400; line-height: 14px; font-size: 14px;\">Ai probleme cu concentrarea? Ori de c\u00e2te ori vrei s\u0103 lucrezi la un singur lucru mintea ta este invadat\u0103 de mii de alte g\u00e2nduri \u0219i-\u021bi pierzi repede focusul? Se \u00eent\u00e2mpl\u0103 adesea lucrul acesta pentru c\u0103 suntem cu to\u021bii asalta\u021bi constant cu sute de informa\u021bii. Pentru a te putea concentra asupra unei singure activit\u0103\u021bi, e nevoie s\u0103 \u00ee\u021bi educi mintea s\u0103 se elibereze. Activitatea de asamblare a puzzle-urilor de adul\u021bi te ajut\u0103 \u00een acest sens. Efectele se aseam\u0103n\u0103 \u00eentr-o mare m\u0103sur\u0103 cu cele ale medita\u021biei.<\/span><\/p>\n<p><span style=\"line-height: 14px; font-size: 14px;\"><strong>Jocurile puzzle \u00ee\u021bi \u00eembun\u0103t\u0103\u021besc abilit\u0103\u021bile de rezolvare a problemelor<\/strong><\/span><\/p>\n<p><span style=\"font-weight: 400; line-height: 14px; font-size: 14px;\">Puzzle 1000 piese este\u2026 ca o problem\u0103. Odat\u0103 ce \u00eencepi s\u0103 selectezi piesele, s\u0103 cau\u021bi marginile sau s\u0103-\u021bi stabile\u0219ti diverse strategii de rezolvare, problema \u00eencepe s\u0103 se rezolve, pas cu pas. Aceast\u0103 organizare de pa\u0219ilor c\u0103tre g\u0103sirea solu\u021biilor te ajut\u0103 \u0219i \u00een rezolvarea altor probleme pe care le \u00eent\u00e2mpini \u0219i de zi.<\/span><\/p>\n<p><span style=\"line-height: 14px; font-size: 14px;\"><strong>Jocurile puzzle \u00ee\u021bi \u00eembun\u0103t\u0103\u021besc logica<\/strong><span style=\"font-weight: 400;\">\u00a0\u00a0<\/span><\/span><\/p>\n<p><span style=\"font-weight: 400; line-height: 14px; font-size: 14px;\">De\u0219i pare un haos din sute de piese, puzzle 1000 este, de fapt, un joc logic. Asamblarea lui este un bun exerci\u021biu de logic\u0103 \u00een care \u00ee\u021bi \u00eembun\u0103t\u0103\u021be\u0219ti aceast\u0103 abilitate.<\/span><\/p>\n<p><span style=\"line-height: 14px; font-size: 14px;\"><strong>C\u00e2teva informa\u021bii despre Gustav Klimt \u0219i opera sa vibrant\u0103<\/strong><\/span><\/p>\n<p><span style=\"font-weight: 400; line-height: 14px; font-size: 14px;\">Prin arta sa, a contribuit la izbucnirea uneia dintre cele mai importante revolu\u021bii din istoria artei.<\/span><\/p>\n<p><span style=\"font-weight: 400; line-height: 14px; font-size: 14px;\">A lucrat \u00eempreun\u0103 cu fra\u021bii s\u0103i la execu\u021bia unor lucr\u0103ri de la Castelul Pele\u0219.<\/span><\/p>\n<p><span style=\"font-weight: 400; line-height: 14px; font-size: 14px;\">Este una dintre cele 2 picturi r\u0103mase neterminate care au fost g\u0103site \u00een atelierul pictorului dup\u0103 moartea acestuia.\u00a0<\/span><\/p>\n<p><span style=\"font-weight: 400; line-height: 14px; font-size: 14px;\">Tabloul a fost scos din Austria \u00een condi\u021bii neclare dup\u0103 moartea artistului \u0219i a disp\u0103rut din aten\u021bia publicului mai bine de 100 de ani.<\/span><\/p>\n<p><span style=\"font-weight: 400; line-height: 14px; font-size: 14px;\">\u00cen 1994, lucrarea s-a v\u00e2ndut la o licita\u021bie din New York la fabuloasa sum\u0103 de 11,6 milioane $.<\/span><\/p>\n<p><span style=\"line-height: 14px; font-size: 14px;\"><strong>Ce beneficii \u00ee\u021bi aduc puzzle-urile de art\u0103?<\/strong><\/span><\/p>\n<p><span style=\"font-weight: 400; line-height: 14px; font-size: 14px;\">Puzzle-urile de art\u0103 te fac s\u0103 reg\u0103se\u0219ti frumosul \u00een lucrurile simple. Iar asta nu este tot. Iat\u0103 \u0219i alte beneficii pe care \u021bi le aduc aceste minunate jocuri puzzle:<\/span><\/p>\n<ul style=\"list-style-type: circle;\">\n<li><span style=\"font-weight: 400; line-height: 14px; font-size: 14px;\">\u00ce\u021bi dezvolt\u0103 imagina\u021bia<\/span><\/li>\n<li><span style=\"font-weight: 400; line-height: 14px; font-size: 14px;\">\u00ce\u021bi ofer\u0103 oportunitatea de a admira \u00een detaliu opere de art\u0103 consacrate.<\/span><\/li>\n<li><span style=\"font-weight: 400; line-height: 14px; font-size: 14px;\">\u00ce\u021bi dezvolt\u0103 sim\u021bul pentru culoare.<\/span><\/li>\n<li><span style=\"font-weight: 400; line-height: 14px; font-size: 14px;\">Te poart\u0103 \u00eentr-o lume nou\u0103, artistic\u0103 pe care poate nu ai avut \u0219ansa s\u0103 o explorezi p\u00e2n\u0103 acum.<\/span><\/li>\n<li><span style=\"font-weight: 400; line-height: 14px; font-size: 14px;\">Te ajut\u0103 s\u0103 te reconectezi cu tine \u00eensu\u021bi prin intermediul artei.<\/span><\/li>\n<li><span style=\"font-weight: 400; line-height: 14px; font-size: 14px;\">Dau un plus de rafinament casei tale dac\u0103 \u00eenr\u0103mezi \u0219i expui tablourile pe pere\u021bii locuin\u021bei.<\/span><\/li>\n<\/ul>\n<p><span style=\"font-weight: 400; line-height: 14px; font-size: 14px;\">Arta lui Gustav Klimt este uimitoare \u0219i inovatoare. Comand\u0103 acum puzzle de art\u0103 Gustav Klimt &#8211; Lady with a Fan\/Doamna cu evantai \u0219i simte aceste vibra\u021bii pozitive. Creeaz\u0103-\u021bi o colec\u021bie uimitoare din puzzle-uri de 1000 piese \u0219i bucur\u0103-te de frumuse\u021bea artei la tine \u00een cas\u0103.\u00a0<\/span><\/p>\n<p><span style=\"font-weight: 400; line-height: 14px; font-size: 14px;\">Surprinde-\u021bi prietenii cu cadouri unice oferindu-le \u00een dar puzzle 1000 piese Gustav Klimt &#8211; Doamna cu evantai!<\/span><\/p>\n","protected":false},"excerpt":{"rendered":"<p>Bine ai venit \u00een cea mai mare galerie de art\u0103 compus\u0103 din puzzle-uri de 1000 piese! Acum po\u021bi analiza \u00eendeaproape<\/p>\n","protected":false},"featured_media":16671,"template":"","meta":[],"product_brand":[],"product_cat":[1454,1488,1560],"product_tag":[],"class_list":{"0":"post-16685","1":"product","2":"type-product","3":"status-publish","4":"has-post-thumbnail","6":"product_cat-puzzle","7":"product_cat-puzzle-adulti","8":"product_cat-puzzle-adulti-1000","9":"pa_bax-1273","10":"pa_brand-d_toys","11":"pa_country_of_manufacture-ro","12":"pa_filter_age-1315","13":"pa_painter-gustavklimt","14":"pa_tip_ambalaj-cutie","15":"pa_tip_puzzle-clasic","17":"first","18":"instock","19":"taxable","20":"shipping-taxable","21":"product-type-simple"},"yoast_head":"<!-- This site is optimized with the Yoast SEO plugin v20.1 - https:\/\/yoast.com\/wordpress\/plugins\/seo\/ -->\n<title>Puzzle adulti 1000 piese Gustav Klimt - Lady with a Fan - Roovi B2B<\/title>\n<meta name=\"robots\" content=\"index, follow, max-snippet:-1, max-image-preview:large, max-video-preview:-1\" \/>\n<link rel=\"canonical\" href=\"https:\/\/www.roovi.ro\/puzzle-adulti-1000-piese-gustav-klimt-lady-with-a-fan\/p\/\" \/>\n<meta property=\"og:locale\" content=\"ro_RO\" \/>\n<meta property=\"og:type\" content=\"article\" \/>\n<meta property=\"og:title\" content=\"Puzzle adulti 1000 piese Gustav Klimt - Lady with a Fan - Roovi B2B\" \/>\n<meta property=\"og:description\" content=\"Bine ai venit \u00een cea mai mare galerie de art\u0103 compus\u0103 din puzzle-uri de 1000 piese! Acum po\u021bi analiza \u00eendeaproape\" \/>\n<meta property=\"og:url\" content=\"https:\/\/www.roovi.ro\/puzzle-adulti-1000-piese-gustav-klimt-lady-with-a-fan\/p\/\" \/>\n<meta property=\"og:site_name\" content=\"Roovi B2B\" \/>\n<meta property=\"article:publisher\" content=\"https:\/\/www.facebook.com\/wwwjucariero\" \/>\n<meta property=\"article:modified_time\" content=\"2025-03-18T09:01:10+00:00\" \/>\n<meta property=\"og:image\" content=\"https:\/\/business.roovi.com\/wp-content\/uploads\/2018\/04\/66923-03_ansamblu_dimensiuni_cutie_cm_1200x1200.png\" \/>\n\t<meta property=\"og:image:width\" content=\"1200\" \/>\n\t<meta property=\"og:image:height\" content=\"1200\" \/>\n\t<meta property=\"og:image:type\" content=\"image\/png\" \/>\n<meta name=\"twitter:label1\" content=\"Timp estimat pentru citire\" \/>\n\t<meta name=\"twitter:data1\" content=\"3 minute\" \/>\n<script type=\"application\/ld+json\" class=\"yoast-schema-graph\">{\"@context\":\"https:\/\/schema.org\",\"@graph\":[{\"@type\":\"WebPage\",\"@id\":\"https:\/\/business.roovi.com\/ro\/puzzle-adulti-1000-piese-gustav-klimt-lady-with-a-fan\/p\/\",\"url\":\"https:\/\/www.roovi.ro\/puzzle-adulti-1000-piese-gustav-klimt-lady-with-a-fan\/p\/\",\"name\":\"Puzzle adulti 1000 piese Gustav Klimt - Lady with a Fan - Roovi B2B\",\"isPartOf\":{\"@id\":\"https:\/\/business.roovi.com\/ro\/#website\"},\"datePublished\":\"2018-04-16T10:56:17+00:00\",\"dateModified\":\"2025-03-18T09:01:10+00:00\",\"breadcrumb\":{\"@id\":\"https:\/\/www.roovi.ro\/puzzle-adulti-1000-piese-gustav-klimt-lady-with-a-fan\/p\/#breadcrumb\"},\"inLanguage\":\"ro-RO\",\"potentialAction\":[{\"@type\":\"ReadAction\",\"target\":[\"https:\/\/www.roovi.ro\/puzzle-adulti-1000-piese-gustav-klimt-lady-with-a-fan\/p\/\"]}]},{\"@type\":\"BreadcrumbList\",\"@id\":\"https:\/\/www.roovi.ro\/puzzle-adulti-1000-piese-gustav-klimt-lady-with-a-fan\/p\/#breadcrumb\",\"itemListElement\":[{\"@type\":\"ListItem\",\"position\":1,\"name\":\"Home\",\"item\":\"https:\/\/business.roovi.com\/ro\/\"},{\"@type\":\"ListItem\",\"position\":2,\"name\":\"Magazin\",\"item\":\"https:\/\/business.roovi.com\/ro\/magazin\/\"},{\"@type\":\"ListItem\",\"position\":3,\"name\":\"Puzzle adulti 1000 piese Gustav Klimt &#8211; Lady with a Fan\"}]},{\"@type\":\"WebSite\",\"@id\":\"https:\/\/business.roovi.com\/ro\/#website\",\"url\":\"https:\/\/business.roovi.com\/ro\/\",\"name\":\"Roovi B2B\",\"description\":\"Roovi Business Website\",\"potentialAction\":[{\"@type\":\"SearchAction\",\"target\":{\"@type\":\"EntryPoint\",\"urlTemplate\":\"https:\/\/business.roovi.com\/ro\/?s={search_term_string}\"},\"query-input\":\"required name=search_term_string\"}],\"inLanguage\":\"ro-RO\"}]}<\/script>\n<!-- \/ Yoast SEO plugin. -->","yoast_head_json":{"title":"Puzzle adulti 1000 piese Gustav Klimt - Lady with a Fan - Roovi B2B","robots":{"index":"index","follow":"follow","max-snippet":"max-snippet:-1","max-image-preview":"max-image-preview:large","max-video-preview":"max-video-preview:-1"},"canonical":"https:\/\/www.roovi.ro\/puzzle-adulti-1000-piese-gustav-klimt-lady-with-a-fan\/p\/","og_locale":"ro_RO","og_type":"article","og_title":"Puzzle adulti 1000 piese Gustav Klimt - Lady with a Fan - Roovi B2B","og_description":"Bine ai venit \u00een cea mai mare galerie de art\u0103 compus\u0103 din puzzle-uri de 1000 piese! Acum po\u021bi analiza \u00eendeaproape","og_url":"https:\/\/www.roovi.ro\/puzzle-adulti-1000-piese-gustav-klimt-lady-with-a-fan\/p\/","og_site_name":"Roovi B2B","article_publisher":"https:\/\/www.facebook.com\/wwwjucariero","article_modified_time":"2025-03-18T09:01:10+00:00","og_image":[{"width":1200,"height":1200,"url":"https:\/\/business.roovi.com\/wp-content\/uploads\/2018\/04\/66923-03_ansamblu_dimensiuni_cutie_cm_1200x1200.png","type":"image\/png"}],"twitter_misc":{"Timp estimat pentru citire":"3 minute"},"schema":{"@context":"https:\/\/schema.org","@graph":[{"@type":"WebPage","@id":"https:\/\/business.roovi.com\/ro\/puzzle-adulti-1000-piese-gustav-klimt-lady-with-a-fan\/p\/","url":"https:\/\/www.roovi.ro\/puzzle-adulti-1000-piese-gustav-klimt-lady-with-a-fan\/p\/","name":"Puzzle adulti 1000 piese Gustav Klimt - Lady with a Fan - Roovi B2B","isPartOf":{"@id":"https:\/\/business.roovi.com\/ro\/#website"},"datePublished":"2018-04-16T10:56:17+00:00","dateModified":"2025-03-18T09:01:10+00:00","breadcrumb":{"@id":"https:\/\/www.roovi.ro\/puzzle-adulti-1000-piese-gustav-klimt-lady-with-a-fan\/p\/#breadcrumb"},"inLanguage":"ro-RO","potentialAction":[{"@type":"ReadAction","target":["https:\/\/www.roovi.ro\/puzzle-adulti-1000-piese-gustav-klimt-lady-with-a-fan\/p\/"]}]},{"@type":"BreadcrumbList","@id":"https:\/\/www.roovi.ro\/puzzle-adulti-1000-piese-gustav-klimt-lady-with-a-fan\/p\/#breadcrumb","itemListElement":[{"@type":"ListItem","position":1,"name":"Home","item":"https:\/\/business.roovi.com\/ro\/"},{"@type":"ListItem","position":2,"name":"Magazin","item":"https:\/\/business.roovi.com\/ro\/magazin\/"},{"@type":"ListItem","position":3,"name":"Puzzle adulti 1000 piese Gustav Klimt &#8211; Lady with a Fan"}]},{"@type":"WebSite","@id":"https:\/\/business.roovi.com\/ro\/#website","url":"https:\/\/business.roovi.com\/ro\/","name":"Roovi B2B","description":"Roovi Business Website","potentialAction":[{"@type":"SearchAction","target":{"@type":"EntryPoint","urlTemplate":"https:\/\/business.roovi.com\/ro\/?s={search_term_string}"},"query-input":"required name=search_term_string"}],"inLanguage":"ro-RO"}]}},"_links":{"self":[{"href":"https:\/\/business.roovi.com\/ro\/wp-json\/wp\/v2\/product\/16685","targetHints":{"allow":["GET"]}}],"collection":[{"href":"https:\/\/business.roovi.com\/ro\/wp-json\/wp\/v2\/product"}],"about":[{"href":"https:\/\/business.roovi.com\/ro\/wp-json\/wp\/v2\/types\/product"}],"version-history":[{"count":0,"href":"https:\/\/business.roovi.com\/ro\/wp-json\/wp\/v2\/product\/16685\/revisions"}],"wp:featuredmedia":[{"embeddable":true,"href":"https:\/\/business.roovi.com\/ro\/wp-json\/wp\/v2\/media\/16671"}],"wp:attachment":[{"href":"https:\/\/business.roovi.com\/ro\/wp-json\/wp\/v2\/media?parent=16685"}],"wp:term":[{"taxonomy":"product_brand","embeddable":true,"href":"https:\/\/business.roovi.com\/ro\/wp-json\/wp\/v2\/product_brand?post=16685"},{"taxonomy":"product_cat","embeddable":true,"href":"https:\/\/business.roovi.com\/ro\/wp-json\/wp\/v2\/product_cat?post=16685"},{"taxonomy":"product_tag","embeddable":true,"href":"https:\/\/business.roovi.com\/ro\/wp-json\/wp\/v2\/product_tag?post=16685"}],"curies":[{"name":"wp","href":"https:\/\/api.w.org\/{rel}","templated":true}]}}