{"id":16700,"date":"2018-04-16T10:56:17","date_gmt":"2018-04-16T10:56:17","guid":{"rendered":"https:\/\/business.roovi.com\/product\/puzzle-gustav-klimt-the-virgin-1000-piese\/"},"modified":"2025-03-18T09:02:01","modified_gmt":"2025-03-18T09:02:01","slug":"puzzle-adulti-1000-piese-gustav-klimt-the-virginfecioara","status":"publish","type":"product","link":"https:\/\/business.roovi.com\/ro\/puzzle-adulti-1000-piese-gustav-klimt-the-virginfecioara\/p\/","title":{"rendered":"Puzzle adulti 1000 piese Gustav Klimt &#8211; Fecioara"},"content":{"rendered":"<p><span style=\"font-weight: 400;\">Asambleaz\u0103 puzzle-uri de 1000 piese \u0219i admir\u0103 \u00een tihn\u0103 capodopere de art\u0103 create cu m\u00e2inile tale!<\/span><\/p>\n<p><span style=\"font-weight: 400;\">Una dintre aceste opere de art\u0103 poate fi puzzle 1000 piese Gustav Klimt &#8211; The Virgin\/Fecioara. Tabloul abordeaz\u0103 teme diferite, reprezentate \u00een form\u0103 ciclic\u0103: dragostea, sexualitatea, regenerarea. Sunt \u00eenf\u0103\u021bi\u0219ate 6 femei care se \u00eempletesc una cu cealalt\u0103, fiecare reprezent\u00e2nd o etap\u0103 a vie\u021bii.\u00a0<\/span><\/p>\n<p><span style=\"font-weight: 400;\">Pare dificil s\u0103 refaci din 1000 piese acest tablou memorabil? Nu este deloc dac\u0103 \u00ee\u021bi pui perseveren\u021ba la \u00eencercare \u0219i-\u021bi stabile\u0219ti strategia perfect\u0103. Trage-\u021bi aproape m\u0103su\u021ba de cafea din sufragerie &#8211; este perfect\u0103 pentru tabloul de 50 x 70 cm pe care \u00eel vei ob\u021bine din acest puzzle de 1000 piese plin de culoare &#8211; \u0219i spor la lucru!<\/span><\/p>\n<p><span style=\"font-weight: 400;\">Cite\u0219te mai jos mai multe informa\u021bii despre puzzle de art\u0103 Gustav Klimt &#8211; The Virgin\/Fecioara<\/span><\/p>\n<p><strong>Material puzzle:\u00a0<\/strong><\/p>\n<p><strong>carton albastru de o calitate superioar\u0103<\/strong><\/p>\n<p><strong>materiale sustenabile, reciclabile<\/strong><\/p>\n<p><strong>finisaj semi-lucios, culori vii<\/strong><\/p>\n<p><strong>Num\u0103rul pieselor de puzzle: 1000<\/strong><\/p>\n<p><strong>V\u00e2rsta recomandat\u0103: 14+<\/strong><\/p>\n<p><strong>Jocurile puzzle \u00ee\u021bi ofer\u0103 posibilit\u0103\u021bi multiple de relaxare \u0219i dezvoltare<\/strong><\/p>\n<p><span style=\"font-weight: 400;\">Puzzle-urile pentru adul\u021bi sunt o modalitate excelent\u0103 de relaxare \u0219i deconectare. \u00cen plus, \u00ee\u021bi ofer\u0103 \u0219i multe alte beneficii, printre care:<\/span><\/p>\n<ul>\n<li><span style=\"font-weight: 400;\">Dezvoltarea imagina\u021biei<\/span><\/li>\n<li><span style=\"font-weight: 400;\">\u00cembun\u0103t\u0103\u021birea memoriei \u0219i a percep\u021biei<\/span><\/li>\n<li><span style=\"font-weight: 400;\">Dezvoltarea logicii<\/span><\/li>\n<li><span style=\"font-weight: 400;\">\u00cembun\u0103t\u0103\u021birea inteligen\u021bei vizual spa\u021biale<\/span><\/li>\n<li><span style=\"font-weight: 400;\">Antrenarea aten\u021biei.<\/span><\/li>\n<\/ul>\n<p><strong>Despre <\/strong><strong><em>\u201e<\/em><\/strong><strong><em>Fecioara<\/em><\/strong><strong><em>\u201d<\/em><\/strong><strong> lui Klimt \u0219tiai c\u0103?<\/strong><\/p>\n<p><span style=\"font-weight: 400;\">Este o pictur\u0103 ce reflect\u0103 stilul Art Nouveau \u0219i are dimensiuni impresionante de 200 x 190 cm.<\/span><\/p>\n<p><span style=\"font-weight: 400;\">Tabloul red\u0103 diverse simboluri precum fertilitatea, femeia \u00een mai multe etape de v\u00e2rst\u0103, evolu\u021bia continu\u0103 a lumii. Unii autori consider\u0103 chiar c\u0103 spectacolul dorin\u021bei \u0219i pl\u0103cerii sexuale a\u0219a cum este eviden\u021biat \u00een aceast\u0103 lucrare, poate fi considerat o for\u021b\u0103 social\u0103, politic\u0103 \u0219i cultural\u0103.\u00a0<\/span><\/p>\n<p><span style=\"font-weight: 400;\">Gustav Klimt este un artist care a avut o contribu\u021bie extraordinar\u0103 la eliberarea femeilor \u0219i la readucerea \u00een prim plan a bazei erotice pierdute. Pictorul a criticat \u00een timpul vie\u021bii moravurile culturale \u00eenvechite ale societ\u0103\u021bii.<\/span><\/p>\n<p><span style=\"font-weight: 400;\">O companie produc\u0103toare de bijuterii din Austria s-a inspirat din tabloul <\/span><em><span style=\"font-weight: 400;\">\u201e<\/span><\/em><em><span style=\"font-weight: 400;\">Fecioara<\/span><\/em><em><span style=\"font-weight: 400;\">\u201d <\/span><\/em><span style=\"font-weight: 400;\">\u0219i a creat o colec\u021bie de bijuterii \u00een semn de omagiu adus operei artistului.<\/span><\/p>\n<p><span style=\"font-weight: 400;\">\u00cen ciuda renumelui de care se bucur\u0103 ast\u0103zi Gustav Klimt, artistul a iscat multe controverse \u00een timpul vie\u021bii. Contemporanii s\u0103i \u00eei considerau lucr\u0103rile obscene, iar multe dintre tablourile sale au fost interzise din cauza con\u021binutului erotic.<\/span><\/p>\n<p><strong>Jocurile puzzle conecteaz\u0103 oamenii<\/strong><\/p>\n<p><span style=\"font-weight: 400;\">Unul dintre beneficiile uimitoare pe care \u021bi le ofer\u0103 jocurile puzzle este acela c\u0103 une\u0219te oamenii. Transform\u0103 un puzzle de 1000 piese \u00eentr-un joc de societate \u0219i creeaz\u0103 \u00eempreun\u0103 cu cei dragi o lucrare remarcabil\u0103. \u00cempreun\u0103 sunte\u021bi mai puternici, iar timpul petrecut al\u0103turi va fi o experien\u021b\u0103 memorabil\u0103.<\/span><\/p>\n<p><span style=\"font-weight: 400;\">Ie\u0219i din starea de confort \u0219i intr\u0103 \u00eentr-o stare uimitoare de relaxare cu puzzle de art\u0103 Gustav Klimt &#8211; The Virgin\/Fecioara. Cump\u0103r\u0103 acest puzzle de 1000 piese \u0219i creeaz\u0103-\u021bi un tablou de art\u0103 \u00een culori vibrante. Ofer\u0103 acest joc puzzle unui prieten apropiat sau unei persoane dragi din familie.<\/span><\/p>\n","protected":false},"excerpt":{"rendered":"<p><span style=\"font-weight: 400;\">E\u0219ti gata de o nou\u0103 provocare? \u021ai-am preg\u0103tit puzzle-uri de art\u0103 cu imagini uimitoare ale picturilor celebre.\u00a0<\/span><\/p>\n","protected":false},"featured_media":16686,"template":"","meta":[],"product_brand":[],"product_cat":[1454,1488,1560],"product_tag":[],"class_list":{"0":"post-16700","1":"product","2":"type-product","3":"status-publish","4":"has-post-thumbnail","6":"product_cat-puzzle","7":"product_cat-puzzle-adulti","8":"product_cat-puzzle-adulti-1000","9":"pa_bax-1273","10":"pa_brand-d_toys","11":"pa_country_of_manufacture-ro","12":"pa_filter_age-1315","13":"pa_painter-gustavklimt","14":"pa_tip_ambalaj-cutie","15":"pa_tip_puzzle-clasic","17":"first","18":"instock","19":"taxable","20":"shipping-taxable","21":"product-type-simple"},"yoast_head":"<!-- This site is optimized with the Yoast SEO plugin v20.1 - https:\/\/yoast.com\/wordpress\/plugins\/seo\/ -->\n<title>Puzzle adulti 1000 piese Gustav Klimt - Fecioara - Roovi B2B<\/title>\n<meta name=\"robots\" content=\"index, follow, max-snippet:-1, max-image-preview:large, max-video-preview:-1\" \/>\n<link rel=\"canonical\" href=\"https:\/\/www.roovi.ro\/puzzle-adulti-1000-piese-gustav-klimt-the-virginfecioara\/p\/\" \/>\n<meta property=\"og:locale\" content=\"ro_RO\" \/>\n<meta property=\"og:type\" content=\"article\" \/>\n<meta property=\"og:title\" content=\"Puzzle adulti 1000 piese Gustav Klimt - Fecioara - Roovi B2B\" \/>\n<meta property=\"og:description\" content=\"E\u0219ti gata de o nou\u0103 provocare? \u021ai-am preg\u0103tit puzzle-uri de art\u0103 cu imagini uimitoare ale picturilor celebre.\u00a0\" \/>\n<meta property=\"og:url\" content=\"https:\/\/www.roovi.ro\/puzzle-adulti-1000-piese-gustav-klimt-the-virginfecioara\/p\/\" \/>\n<meta property=\"og:site_name\" content=\"Roovi B2B\" \/>\n<meta property=\"article:publisher\" content=\"https:\/\/www.facebook.com\/wwwjucariero\" \/>\n<meta property=\"article:modified_time\" content=\"2025-03-18T09:02:01+00:00\" \/>\n<meta property=\"og:image\" content=\"https:\/\/business.roovi.com\/wp-content\/uploads\/2018\/04\/66923-05_ansamblu_dimensiuni_cutie_cm_1200x1200.png\" \/>\n\t<meta property=\"og:image:width\" content=\"1200\" \/>\n\t<meta property=\"og:image:height\" content=\"1200\" \/>\n\t<meta property=\"og:image:type\" content=\"image\/png\" \/>\n<meta name=\"twitter:label1\" content=\"Timp estimat pentru citire\" \/>\n\t<meta name=\"twitter:data1\" content=\"3 minute\" \/>\n<script type=\"application\/ld+json\" class=\"yoast-schema-graph\">{\"@context\":\"https:\/\/schema.org\",\"@graph\":[{\"@type\":\"WebPage\",\"@id\":\"https:\/\/business.roovi.com\/ro\/puzzle-adulti-1000-piese-gustav-klimt-the-virginfecioara\/p\/\",\"url\":\"https:\/\/www.roovi.ro\/puzzle-adulti-1000-piese-gustav-klimt-the-virginfecioara\/p\/\",\"name\":\"Puzzle adulti 1000 piese Gustav Klimt - Fecioara - Roovi B2B\",\"isPartOf\":{\"@id\":\"https:\/\/business.roovi.com\/ro\/#website\"},\"datePublished\":\"2018-04-16T10:56:17+00:00\",\"dateModified\":\"2025-03-18T09:02:01+00:00\",\"breadcrumb\":{\"@id\":\"https:\/\/www.roovi.ro\/puzzle-adulti-1000-piese-gustav-klimt-the-virginfecioara\/p\/#breadcrumb\"},\"inLanguage\":\"ro-RO\",\"potentialAction\":[{\"@type\":\"ReadAction\",\"target\":[\"https:\/\/www.roovi.ro\/puzzle-adulti-1000-piese-gustav-klimt-the-virginfecioara\/p\/\"]}]},{\"@type\":\"BreadcrumbList\",\"@id\":\"https:\/\/www.roovi.ro\/puzzle-adulti-1000-piese-gustav-klimt-the-virginfecioara\/p\/#breadcrumb\",\"itemListElement\":[{\"@type\":\"ListItem\",\"position\":1,\"name\":\"Home\",\"item\":\"https:\/\/business.roovi.com\/ro\/\"},{\"@type\":\"ListItem\",\"position\":2,\"name\":\"Magazin\",\"item\":\"https:\/\/business.roovi.com\/ro\/magazin\/\"},{\"@type\":\"ListItem\",\"position\":3,\"name\":\"Puzzle adulti 1000 piese Gustav Klimt &#8211; Fecioara\"}]},{\"@type\":\"WebSite\",\"@id\":\"https:\/\/business.roovi.com\/ro\/#website\",\"url\":\"https:\/\/business.roovi.com\/ro\/\",\"name\":\"Roovi B2B\",\"description\":\"Roovi Business Website\",\"potentialAction\":[{\"@type\":\"SearchAction\",\"target\":{\"@type\":\"EntryPoint\",\"urlTemplate\":\"https:\/\/business.roovi.com\/ro\/?s={search_term_string}\"},\"query-input\":\"required name=search_term_string\"}],\"inLanguage\":\"ro-RO\"}]}<\/script>\n<!-- \/ Yoast SEO plugin. -->","yoast_head_json":{"title":"Puzzle adulti 1000 piese Gustav Klimt - Fecioara - Roovi B2B","robots":{"index":"index","follow":"follow","max-snippet":"max-snippet:-1","max-image-preview":"max-image-preview:large","max-video-preview":"max-video-preview:-1"},"canonical":"https:\/\/www.roovi.ro\/puzzle-adulti-1000-piese-gustav-klimt-the-virginfecioara\/p\/","og_locale":"ro_RO","og_type":"article","og_title":"Puzzle adulti 1000 piese Gustav Klimt - Fecioara - Roovi B2B","og_description":"E\u0219ti gata de o nou\u0103 provocare? \u021ai-am preg\u0103tit puzzle-uri de art\u0103 cu imagini uimitoare ale picturilor celebre.\u00a0","og_url":"https:\/\/www.roovi.ro\/puzzle-adulti-1000-piese-gustav-klimt-the-virginfecioara\/p\/","og_site_name":"Roovi B2B","article_publisher":"https:\/\/www.facebook.com\/wwwjucariero","article_modified_time":"2025-03-18T09:02:01+00:00","og_image":[{"width":1200,"height":1200,"url":"https:\/\/business.roovi.com\/wp-content\/uploads\/2018\/04\/66923-05_ansamblu_dimensiuni_cutie_cm_1200x1200.png","type":"image\/png"}],"twitter_misc":{"Timp estimat pentru citire":"3 minute"},"schema":{"@context":"https:\/\/schema.org","@graph":[{"@type":"WebPage","@id":"https:\/\/business.roovi.com\/ro\/puzzle-adulti-1000-piese-gustav-klimt-the-virginfecioara\/p\/","url":"https:\/\/www.roovi.ro\/puzzle-adulti-1000-piese-gustav-klimt-the-virginfecioara\/p\/","name":"Puzzle adulti 1000 piese Gustav Klimt - Fecioara - Roovi B2B","isPartOf":{"@id":"https:\/\/business.roovi.com\/ro\/#website"},"datePublished":"2018-04-16T10:56:17+00:00","dateModified":"2025-03-18T09:02:01+00:00","breadcrumb":{"@id":"https:\/\/www.roovi.ro\/puzzle-adulti-1000-piese-gustav-klimt-the-virginfecioara\/p\/#breadcrumb"},"inLanguage":"ro-RO","potentialAction":[{"@type":"ReadAction","target":["https:\/\/www.roovi.ro\/puzzle-adulti-1000-piese-gustav-klimt-the-virginfecioara\/p\/"]}]},{"@type":"BreadcrumbList","@id":"https:\/\/www.roovi.ro\/puzzle-adulti-1000-piese-gustav-klimt-the-virginfecioara\/p\/#breadcrumb","itemListElement":[{"@type":"ListItem","position":1,"name":"Home","item":"https:\/\/business.roovi.com\/ro\/"},{"@type":"ListItem","position":2,"name":"Magazin","item":"https:\/\/business.roovi.com\/ro\/magazin\/"},{"@type":"ListItem","position":3,"name":"Puzzle adulti 1000 piese Gustav Klimt &#8211; Fecioara"}]},{"@type":"WebSite","@id":"https:\/\/business.roovi.com\/ro\/#website","url":"https:\/\/business.roovi.com\/ro\/","name":"Roovi B2B","description":"Roovi Business Website","potentialAction":[{"@type":"SearchAction","target":{"@type":"EntryPoint","urlTemplate":"https:\/\/business.roovi.com\/ro\/?s={search_term_string}"},"query-input":"required name=search_term_string"}],"inLanguage":"ro-RO"}]}},"_links":{"self":[{"href":"https:\/\/business.roovi.com\/ro\/wp-json\/wp\/v2\/product\/16700","targetHints":{"allow":["GET"]}}],"collection":[{"href":"https:\/\/business.roovi.com\/ro\/wp-json\/wp\/v2\/product"}],"about":[{"href":"https:\/\/business.roovi.com\/ro\/wp-json\/wp\/v2\/types\/product"}],"version-history":[{"count":0,"href":"https:\/\/business.roovi.com\/ro\/wp-json\/wp\/v2\/product\/16700\/revisions"}],"wp:featuredmedia":[{"embeddable":true,"href":"https:\/\/business.roovi.com\/ro\/wp-json\/wp\/v2\/media\/16686"}],"wp:attachment":[{"href":"https:\/\/business.roovi.com\/ro\/wp-json\/wp\/v2\/media?parent=16700"}],"wp:term":[{"taxonomy":"product_brand","embeddable":true,"href":"https:\/\/business.roovi.com\/ro\/wp-json\/wp\/v2\/product_brand?post=16700"},{"taxonomy":"product_cat","embeddable":true,"href":"https:\/\/business.roovi.com\/ro\/wp-json\/wp\/v2\/product_cat?post=16700"},{"taxonomy":"product_tag","embeddable":true,"href":"https:\/\/business.roovi.com\/ro\/wp-json\/wp\/v2\/product_tag?post=16700"}],"curies":[{"name":"wp","href":"https:\/\/api.w.org\/{rel}","templated":true}]}}