{"id":16730,"date":"2018-04-16T10:56:17","date_gmt":"2018-04-16T10:56:17","guid":{"rendered":"https:\/\/business.roovi.com\/product\/puzzle-vincent-van-gogh-flowers-in-blue-vase-1000-piese\/"},"modified":"2025-03-17T12:07:54","modified_gmt":"2025-03-17T12:07:54","slug":"puzzle-adulti-vincent-van-gogh-flowers-in-a-blue-vase-1000-piese","status":"publish","type":"product","link":"https:\/\/business.roovi.com\/ro\/puzzle-adulti-vincent-van-gogh-flowers-in-a-blue-vase-1000-piese\/p\/","title":{"rendered":"Puzzle adul\u021bi 1000 piese Vincent van Gogh &#8211; Flowers in a Blue Vase"},"content":{"rendered":"<p><span style=\"font-weight: 400;\">Cum ar fi s\u0103 po\u021bi surprinde chiar \u0219i urma pensulei pictorului atunci c\u00e2nd prive\u0219ti un tablou? Acum po\u021bi admira ore \u00een \u0219ir opere celebre minunate reconstituind tablouri din puzzle 1000 piese. Colec\u021bia noastra puzzle art\u0103 cuprinde sute de imagini cu lucr\u0103ri de renume. \u00cent\u00e2lne\u0219te-i pe Leonardo da Vinci, Van Gogh \u0219i mul\u021bi al\u021bii \u00een cea mai mare gam\u0103 de puzzle-uri de art\u0103 produs\u0103 \u00een Rom\u00e2nia.<\/span><\/p>\n<p><span style=\"font-weight: 400;\">Surprinde m\u0103iestria lui Vincent van Gogh prin puzzle 1000 piese <\/span><span style=\"font-weight: 400;\">Flowers in a Blue Vase\/Flori \u00eentr-o vaz\u0103 albastr\u0103! Conceput \u00een culori vibrante, tabloul transmite emo\u021bie \u0219i creeaz\u0103 o atmosfer\u0103 pl\u0103cut\u0103 locului \u00een care \u00eel vei expune. Acest puzzle de art\u0103 este confec\u021bionat din materiale de calitate superioar\u0103 care \u00eei confer\u0103 rezisten\u021b\u0103 dac\u0103 vei dori s\u0103 reconstitui imaginea de mai multe ori.<\/span><\/p>\n<p><span style=\"font-weight: 400;\">Cite\u0219te aici \u0219i alte caracteristici ale puzzle-ului 1000 piese Vincent van Gogh &#8211; Flowers in a Blue Vase\/Flori \u00eentr-o vaz\u0103 albastr\u0103:<\/span><\/p>\n<p><strong>Dimensiuni imagine reconstituit\u0103: 50 x 70 cm &#8211; pentru asamblare te po\u021bi folosi de o m\u0103su\u021b\u0103 de cafea.<\/strong><\/p>\n<p><strong>Material puzzle:\u00a0<\/strong><\/p>\n<p><strong>carton albastru de o calitate superioar\u0103<\/strong><\/p>\n<p><strong>materiale sustenabile, reciclabile<\/strong><\/p>\n<p><strong>finisaj semi-lucios, culori vii<\/strong><\/p>\n<p><strong>Num\u0103rul pieselor de puzzle: 1000<\/strong><\/p>\n<p><strong>V\u00e2rsta recomandat\u0103: 14+<\/strong><\/p>\n<p><strong>Asambleaz\u0103 puzzle 1000 piese pentru a avea o memorie ascu\u021bit\u0103<\/strong><\/p>\n<p><span style=\"font-weight: 400;\">Ui\u021bi mereu unde \u00ee\u021bi pui cheile? Nu mai \u0219tii ce ai m\u00e2ncat la micul-dejun? Jocurile puzzle te ajut\u0103 s\u0103 \u00ee\u021bi antrenezi memoria. Faptul c\u0103 trebuie s\u0103 re\u021bii formele, culorile sau pozi\u021biile pieselor din puzzle 1000 piese constituie un bun antrenament pentru memorie care te ajut\u0103 s\u0103 o \u00eembun\u0103t\u0103\u021be\u0219ti sau s\u0103 r\u0103m\u00e2n\u0103 la fel de ascu\u021bit\u0103, \u00een cazul \u00een care nu \u021bi se \u00eent\u00e2mpl\u0103 s\u0103 ui\u021bi lucruri.<\/span><\/p>\n<p><strong>Asambleaz\u0103 puzzle 1000 piese pentru a fi mai fericit<\/strong><\/p>\n<p><span style=\"font-weight: 400;\">Dopamina este substan\u021ba responsabil\u0103 de starea de fericire, optimism \u0219i satisfac\u021bie. Atunci c\u00eend construie\u0219ti imagini din puzzle 1000 piese, creierul t\u0103u secret\u0103 o cantitate mai mare din aceast\u0103 substan\u021b\u0103 miraculoas\u0103. Dopanima determin\u0103, de asemenea, \u00eembun\u0103t\u0103\u021birea puterii de concentrare, a \u00eencrederii \u0219i a memoriei. Ai numai motive de bucurie pentru a completa jocuri puzzle, numai sta pe g\u00e2nduri, descoper\u0103-\u021bi o nou\u0103 pasiune!<\/span><\/p>\n<p><strong>5 lucruri despre Van Gogh<\/strong><\/p>\n<ol>\n<li><span style=\"font-weight: 400;\"> A fost un artist de geniu, dar a suferit de multiple boli mintale. Printre acestea se num\u0103r\u0103: tulburare bipolar\u0103, schizofrenie, epilepsie, depresie.<\/span><\/li>\n<li><span style=\"font-weight: 400;\"> \u00cen timpul vie\u021bii nu a fost deloc apreciat, criticii \u00eei desconsiderau lucr\u0103rile, numindu-i opera <\/span><span style=\"font-weight: 400;\">\u201e<\/span><span style=\"font-weight: 400;\">nebun\u0103<\/span><span style=\"font-weight: 400;\">\u201d<\/span><span style=\"font-weight: 400;\">.<\/span><\/li>\n<li><span style=\"font-weight: 400;\"> Se spune c\u0103 termina o lucrare la fiecare 36 de ore.<\/span><\/li>\n<li><span style=\"font-weight: 400;\"> A avut o rela\u021bie foarte apropiat\u0103 cu fratele s\u0103u mai mic, Theo, care l-a sus\u021binut moral \u0219i financiar \u00eentreaga via\u021b\u0103. Theo a murit de <\/span><span style=\"font-weight: 400;\">de sifilis paralizant,<\/span><span style=\"font-weight: 400;\"> la \u0219ase luni dup\u0103 Van Gogh.<\/span><\/li>\n<li><span style=\"font-weight: 400;\"> Au r\u0103mas de la el \u0219i <\/span><span style=\"font-weight: 400;\">652 de scrisori care constituie coresponden\u021ba cu fratele s\u0103u, Theo, \u0219i cu al\u021bi prieteni. Acestea sunt scrise \u00een olandez\u0103, englez\u0103 \u0219i francez\u0103 \u0219i includ \u0219i foarte multe schi\u021be.<\/span><\/li>\n<\/ol>\n<p><strong>Puzzle 1000 de piese \u0219i medita\u021bia<\/strong><\/p>\n<p><span style=\"font-weight: 400;\">Efectul pe care \u00eel are asupra psihicului t\u0103u activitatea de asamblare a puzzle-urilor de adul\u021bi este asem\u0103n\u0103tor cu cel al medita\u021biei. \u00cen general, medita\u021bia \u00ee\u021bi cur\u0103\u021b\u0103 mintea de griji \u0219i g\u00e2nduri. Te ajut\u0103 s\u0103 de concentrezi pe un singur lucru sau pe nimic, \u00een func\u021bie de ceea ce \u00ee\u021bi dore\u0219ti pentru mintea ta.\u00a0<\/span><\/p>\n<p><span style=\"font-weight: 400;\">Acum imagineaz\u0103-\u021bi c\u0103 stai \u00een fa\u021ba unui puzzle de art\u0103 cu 1000 piese. \u00cencepi s\u0103 te concentrezi, s\u0103 cau\u021bi marginile, s\u0103 organizezi piesele, obserbi formele, culorile \u0219i imaginile \u0219i f\u0103r\u0103 s\u0103-\u021bi dai seama, au trecut deja c\u00e2teva ore \u0219i te sim\u021bi calm \u0219i \u00eemp\u0103cat. Acest efect este asem\u0103n\u0103tor cu al unei medita\u021bii.<\/span><\/p>\n<p><span style=\"font-weight: 400;\">Opera lui Van Gogh este vibrant\u0103, plin\u0103 de culori \u00eendr\u0103zne\u021be, iar s\u0103 faci un puzzle 1000 cu o astfel de imagine este o adev\u0103rat\u0103 \u00eenc\u00e2ntare. Accept\u0103 provocarea \u0219i reconstituie celebra pictur\u0103 Flowers in a Blue Vase\/Flori \u00eentr-o vaz\u0103 albastr\u0103 dintr-un puzzle de art\u0103! \u00cembog\u0103\u021be\u0219te-\u021bi colec\u021bia de art\u0103 cu acest minunat puzzle 1000 piese.\u00a0<\/span><\/p>\n<p><span style=\"font-weight: 400;\">Vrei s\u0103-i faci unui prieten o surpriz\u0103 pl\u0103cut\u0103? Ofer\u0103-i \u00een dar puzzle-ul 1000 piese Vincent van Gogh &#8211; Flowers in a Blue Vase\/Flori din colec\u021bia puzzle art\u0103!<\/span><\/p>\n","protected":false},"excerpt":{"rendered":"<p>Cum ar fi s\u0103 po\u021bi surprinde chiar \u0219i urma pensulei pictorului atunci c\u00e2nd prive\u0219ti un tablou? Acum po\u021bi admira ore<\/p>\n","protected":false},"featured_media":62892,"template":"","meta":[],"product_brand":[],"product_cat":[1454,1488,1560],"product_tag":[],"class_list":{"0":"post-16730","1":"product","2":"type-product","3":"status-publish","4":"has-post-thumbnail","6":"product_cat-puzzle","7":"product_cat-puzzle-adulti","8":"product_cat-puzzle-adulti-1000","9":"pa_bax-1273","10":"pa_brand-d_toys","11":"pa_country_of_manufacture-ro","12":"pa_filter_age-1315","13":"pa_painter-vincentvangogh","14":"pa_tip_ambalaj-cutie","15":"pa_tip_puzzle-clasic","17":"first","18":"instock","19":"taxable","20":"shipping-taxable","21":"product-type-simple"},"yoast_head":"<!-- This site is optimized with the Yoast SEO plugin v20.1 - https:\/\/yoast.com\/wordpress\/plugins\/seo\/ -->\n<title>Puzzle adul\u021bi 1000 piese Vincent van Gogh - Flowers in a Blue Vase - Roovi B2B<\/title>\n<meta name=\"robots\" content=\"index, follow, max-snippet:-1, max-image-preview:large, max-video-preview:-1\" \/>\n<link rel=\"canonical\" href=\"https:\/\/www.roovi.ro\/puzzle-adulti-vincent-van-gogh-flowers-in-a-blue-vase-1000-piese\/p\/\" \/>\n<meta property=\"og:locale\" content=\"ro_RO\" \/>\n<meta property=\"og:type\" content=\"article\" \/>\n<meta property=\"og:title\" content=\"Puzzle adul\u021bi 1000 piese Vincent van Gogh - Flowers in a Blue Vase - Roovi B2B\" \/>\n<meta property=\"og:description\" content=\"Cum ar fi s\u0103 po\u021bi surprinde chiar \u0219i urma pensulei pictorului atunci c\u00e2nd prive\u0219ti un tablou? Acum po\u021bi admira ore\" \/>\n<meta property=\"og:url\" content=\"https:\/\/www.roovi.ro\/puzzle-adulti-vincent-van-gogh-flowers-in-a-blue-vase-1000-piese\/p\/\" \/>\n<meta property=\"og:site_name\" content=\"Roovi B2B\" \/>\n<meta property=\"article:publisher\" content=\"https:\/\/www.facebook.com\/wwwjucariero\" \/>\n<meta property=\"article:modified_time\" content=\"2025-03-17T12:07:54+00:00\" \/>\n<meta property=\"og:image\" content=\"https:\/\/business.roovi.com\/wp-content\/uploads\/2018\/04\/66916-VG-02-WEB.jpg\" \/>\n\t<meta property=\"og:image:width\" content=\"1200\" \/>\n\t<meta property=\"og:image:height\" content=\"1200\" \/>\n\t<meta property=\"og:image:type\" content=\"image\/jpeg\" \/>\n<meta name=\"twitter:label1\" content=\"Timp estimat pentru citire\" \/>\n\t<meta name=\"twitter:data1\" content=\"3 minute\" \/>\n<script type=\"application\/ld+json\" class=\"yoast-schema-graph\">{\"@context\":\"https:\/\/schema.org\",\"@graph\":[{\"@type\":\"WebPage\",\"@id\":\"https:\/\/business.roovi.com\/ro\/puzzle-adulti-vincent-van-gogh-flowers-in-a-blue-vase-1000-piese\/p\/\",\"url\":\"https:\/\/www.roovi.ro\/puzzle-adulti-vincent-van-gogh-flowers-in-a-blue-vase-1000-piese\/p\/\",\"name\":\"Puzzle adul\u021bi 1000 piese Vincent van Gogh - Flowers in a Blue Vase - Roovi B2B\",\"isPartOf\":{\"@id\":\"https:\/\/business.roovi.com\/ro\/#website\"},\"datePublished\":\"2018-04-16T10:56:17+00:00\",\"dateModified\":\"2025-03-17T12:07:54+00:00\",\"breadcrumb\":{\"@id\":\"https:\/\/www.roovi.ro\/puzzle-adulti-vincent-van-gogh-flowers-in-a-blue-vase-1000-piese\/p\/#breadcrumb\"},\"inLanguage\":\"ro-RO\",\"potentialAction\":[{\"@type\":\"ReadAction\",\"target\":[\"https:\/\/www.roovi.ro\/puzzle-adulti-vincent-van-gogh-flowers-in-a-blue-vase-1000-piese\/p\/\"]}]},{\"@type\":\"BreadcrumbList\",\"@id\":\"https:\/\/www.roovi.ro\/puzzle-adulti-vincent-van-gogh-flowers-in-a-blue-vase-1000-piese\/p\/#breadcrumb\",\"itemListElement\":[{\"@type\":\"ListItem\",\"position\":1,\"name\":\"Home\",\"item\":\"https:\/\/business.roovi.com\/ro\/\"},{\"@type\":\"ListItem\",\"position\":2,\"name\":\"Magazin\",\"item\":\"https:\/\/business.roovi.com\/ro\/magazin\/\"},{\"@type\":\"ListItem\",\"position\":3,\"name\":\"Puzzle adul\u021bi 1000 piese Vincent van Gogh &#8211; Flowers in a Blue Vase\"}]},{\"@type\":\"WebSite\",\"@id\":\"https:\/\/business.roovi.com\/ro\/#website\",\"url\":\"https:\/\/business.roovi.com\/ro\/\",\"name\":\"Roovi B2B\",\"description\":\"Roovi Business Website\",\"potentialAction\":[{\"@type\":\"SearchAction\",\"target\":{\"@type\":\"EntryPoint\",\"urlTemplate\":\"https:\/\/business.roovi.com\/ro\/?s={search_term_string}\"},\"query-input\":\"required name=search_term_string\"}],\"inLanguage\":\"ro-RO\"}]}<\/script>\n<!-- \/ Yoast SEO plugin. -->","yoast_head_json":{"title":"Puzzle adul\u021bi 1000 piese Vincent van Gogh - Flowers in a Blue Vase - Roovi B2B","robots":{"index":"index","follow":"follow","max-snippet":"max-snippet:-1","max-image-preview":"max-image-preview:large","max-video-preview":"max-video-preview:-1"},"canonical":"https:\/\/www.roovi.ro\/puzzle-adulti-vincent-van-gogh-flowers-in-a-blue-vase-1000-piese\/p\/","og_locale":"ro_RO","og_type":"article","og_title":"Puzzle adul\u021bi 1000 piese Vincent van Gogh - Flowers in a Blue Vase - Roovi B2B","og_description":"Cum ar fi s\u0103 po\u021bi surprinde chiar \u0219i urma pensulei pictorului atunci c\u00e2nd prive\u0219ti un tablou? Acum po\u021bi admira ore","og_url":"https:\/\/www.roovi.ro\/puzzle-adulti-vincent-van-gogh-flowers-in-a-blue-vase-1000-piese\/p\/","og_site_name":"Roovi B2B","article_publisher":"https:\/\/www.facebook.com\/wwwjucariero","article_modified_time":"2025-03-17T12:07:54+00:00","og_image":[{"width":1200,"height":1200,"url":"https:\/\/business.roovi.com\/wp-content\/uploads\/2018\/04\/66916-VG-02-WEB.jpg","type":"image\/jpeg"}],"twitter_misc":{"Timp estimat pentru citire":"3 minute"},"schema":{"@context":"https:\/\/schema.org","@graph":[{"@type":"WebPage","@id":"https:\/\/business.roovi.com\/ro\/puzzle-adulti-vincent-van-gogh-flowers-in-a-blue-vase-1000-piese\/p\/","url":"https:\/\/www.roovi.ro\/puzzle-adulti-vincent-van-gogh-flowers-in-a-blue-vase-1000-piese\/p\/","name":"Puzzle adul\u021bi 1000 piese Vincent van Gogh - Flowers in a Blue Vase - Roovi B2B","isPartOf":{"@id":"https:\/\/business.roovi.com\/ro\/#website"},"datePublished":"2018-04-16T10:56:17+00:00","dateModified":"2025-03-17T12:07:54+00:00","breadcrumb":{"@id":"https:\/\/www.roovi.ro\/puzzle-adulti-vincent-van-gogh-flowers-in-a-blue-vase-1000-piese\/p\/#breadcrumb"},"inLanguage":"ro-RO","potentialAction":[{"@type":"ReadAction","target":["https:\/\/www.roovi.ro\/puzzle-adulti-vincent-van-gogh-flowers-in-a-blue-vase-1000-piese\/p\/"]}]},{"@type":"BreadcrumbList","@id":"https:\/\/www.roovi.ro\/puzzle-adulti-vincent-van-gogh-flowers-in-a-blue-vase-1000-piese\/p\/#breadcrumb","itemListElement":[{"@type":"ListItem","position":1,"name":"Home","item":"https:\/\/business.roovi.com\/ro\/"},{"@type":"ListItem","position":2,"name":"Magazin","item":"https:\/\/business.roovi.com\/ro\/magazin\/"},{"@type":"ListItem","position":3,"name":"Puzzle adul\u021bi 1000 piese Vincent van Gogh &#8211; Flowers in a Blue Vase"}]},{"@type":"WebSite","@id":"https:\/\/business.roovi.com\/ro\/#website","url":"https:\/\/business.roovi.com\/ro\/","name":"Roovi B2B","description":"Roovi Business Website","potentialAction":[{"@type":"SearchAction","target":{"@type":"EntryPoint","urlTemplate":"https:\/\/business.roovi.com\/ro\/?s={search_term_string}"},"query-input":"required name=search_term_string"}],"inLanguage":"ro-RO"}]}},"_links":{"self":[{"href":"https:\/\/business.roovi.com\/ro\/wp-json\/wp\/v2\/product\/16730","targetHints":{"allow":["GET"]}}],"collection":[{"href":"https:\/\/business.roovi.com\/ro\/wp-json\/wp\/v2\/product"}],"about":[{"href":"https:\/\/business.roovi.com\/ro\/wp-json\/wp\/v2\/types\/product"}],"version-history":[{"count":0,"href":"https:\/\/business.roovi.com\/ro\/wp-json\/wp\/v2\/product\/16730\/revisions"}],"wp:featuredmedia":[{"embeddable":true,"href":"https:\/\/business.roovi.com\/ro\/wp-json\/wp\/v2\/media\/62892"}],"wp:attachment":[{"href":"https:\/\/business.roovi.com\/ro\/wp-json\/wp\/v2\/media?parent=16730"}],"wp:term":[{"taxonomy":"product_brand","embeddable":true,"href":"https:\/\/business.roovi.com\/ro\/wp-json\/wp\/v2\/product_brand?post=16730"},{"taxonomy":"product_cat","embeddable":true,"href":"https:\/\/business.roovi.com\/ro\/wp-json\/wp\/v2\/product_cat?post=16730"},{"taxonomy":"product_tag","embeddable":true,"href":"https:\/\/business.roovi.com\/ro\/wp-json\/wp\/v2\/product_tag?post=16730"}],"curies":[{"name":"wp","href":"https:\/\/api.w.org\/{rel}","templated":true}]}}