{"id":16745,"date":"2018-04-16T10:56:17","date_gmt":"2018-04-16T10:56:17","guid":{"rendered":"https:\/\/business.roovi.com\/product\/puzzle-vincent-van-gogh-irises-1000-piese\/"},"modified":"2025-03-17T12:09:06","modified_gmt":"2025-03-17T12:09:06","slug":"puzzle-adulti-vincent-van-gogh-irisesirisi-1000-piese","status":"publish","type":"product","link":"https:\/\/business.roovi.com\/ro\/puzzle-adulti-vincent-van-gogh-irisesirisi-1000-piese\/p\/","title":{"rendered":"Puzzle adul\u021bi 1000 piese Vincent van Gogh &#8211; Irises\/Irisi"},"content":{"rendered":"<p style=\"text-align: left;\"><span style=\"font-weight: 400; font-size: 14px;\">Descoper\u0103 acum cele mai deosebite puzzle-uri pentru adul\u021bi din colec\u021bia puzzle art\u0103! Puzzle-uri pentru adul\u021bi inspirate din lucr\u0103rile lui Botticelli, Van Gogh, Gauguin \u0219i ale altor pictori celebri se reg\u0103sesc \u00een gama noastr\u0103 de jocuri puzzle. Ia-\u021bi por\u021bia de relaxare zi de zi \u0219i simte pl\u0103cerea de a crea opere artistice memorabile.<\/span><\/p>\n<p style=\"text-align: left;\"><span style=\"font-size: 14px;\"><span style=\"font-weight: 400;\">Puzzle 1000 piese Vincent van Gogh &#8211; Irises\/Iri\u0219i red\u0103 celebra lucrare pe care artistul a pictat-o <\/span><span style=\"font-weight: 400;\">\u00een spitalul de psihiatrie din Saint-R\u00e9my. Pentru Van Gogh, pictura era un studiu de culoare \u0219i \u0219i-a propus s\u0103 ob\u021bin\u0103<\/span> <span style=\"font-weight: 400;\">un contrast puternic de culori. Prin plasarea florilor purpurii pe un fundal galben, a f\u0103cut ca formele decorative s\u0103 ias\u0103 \u0219i mai puternic \u00een eviden\u021b\u0103.\u00a0<\/span><\/span><\/p>\n<p style=\"text-align: left;\"><span style=\"font-weight: 400; font-size: 14px;\">Trebuie s\u0103 ai aceast\u0103 bijuterie artistic\u0103 la tine pe perete! Trage-\u021bi aproape m\u0103su\u021ba de cafea din sufragerie &#8211; tabloul rezultat are dimensiunile de 50 x 70 cm &#8211; este ideal\u0103 pentru a completa acest puzzle 1000 piese \u0219i apuc\u0103-te de treab\u0103! Noi \u00ee\u021bi l\u0103s\u0103m mai jos alte detalii utile despre produs:<\/span><\/p>\n<p><strong>Material puzzle:\u00a0<\/strong><\/p>\n<p><strong>carton albastru de o calitate superioar\u0103<\/strong><\/p>\n<p><strong>materiale sustenabile, reciclabile<\/strong><\/p>\n<p><strong>finisaj semi-lucios, culori vii<\/strong><\/p>\n<p><strong>Num\u0103rul pieselor de puzzle: 1000<\/strong><\/p>\n<p><strong>V\u00e2rsta recomandat\u0103: 14+<\/strong><\/p>\n<p><strong>Jocurile puzzle \u00ee\u021bi men\u021bin s\u0103n\u0103tatea creierului<\/strong><\/p>\n<p><span style=\"font-weight: 400;\">Vrei un antrenament pl\u0103cut care s\u0103-\u021bi men\u021bin\u0103 creierul s\u0103n\u0103tos? Completeaz\u0103 puzzle 1000 piese \u0219i atinge-\u021bi acest obiectiv! Asamblarea jocurilor puzzle antreneaz\u0103 at\u00e2t emisfera cerebral\u0103 dreapt\u0103, care guverneaz\u0103 emo\u021biile \u0219i creativitatea, c\u00e2t \u0219i emisfera cerebral\u0103 st\u00e2ng\u0103, responsabil\u0103 de g\u00e2ndirea logic\u0103.<\/span><\/p>\n<p><strong>Jocurile puzzle te fac mult mai atent la detalii<\/strong><\/p>\n<p><span style=\"font-weight: 400;\">S\u0103 completezi puzzle 1000 piese este o mare provocare, dar este una pl\u0103cut\u0103 \u0219i cu multe beneficii. Unul dintre acestea consta \u00een faptul c\u0103 \u00ee\u021bi \u00eembun\u0103t\u0103\u021be\u0219te aten\u021bia pentru a observa cele mai mici detalii. Aceast\u0103 abilitate \u00ee\u021bi este util\u0103 \u0219i \u00een alte aspecte din via\u021b\u0103, a\u0219adar completeaz\u0103 puzzle adul\u021bi \u0219i antreneaz\u0103-te!<\/span><\/p>\n<p><strong>Jocurile puzzle te ajut\u0103 s\u0103 \u00ee\u021bi antrenezi memoria<\/strong><\/p>\n<p><span style=\"font-weight: 400;\">Puzzle-urile 1000 piese nu antreneaz\u0103 doar aten\u021bia, ci \u0219i memoria de termen scurt. C\u0103utarea pieselor, memorarea pozi\u021biei lor din imaginea de ansamblu, re\u021binerea anumitor culori din diverse por\u021biuni ale puzzle-ului de 1000 piese sunt exerci\u021bii simple care \u00ee\u021bi vor stimula memoria.<\/span><\/p>\n<p><strong>Jocurile puzzle te provoac\u0103 s\u0103 fii un adev\u0103rat detectiv<\/strong><\/p>\n<p><span style=\"font-weight: 400;\">S\u0103 cau\u021bi piese mici printre sute de piese de puzzle 1000 poate fi la fel de antrenant cu a c\u0103uta indicii pentru a rezolva un caz misterios. Intr\u0103 \u00een pielea detectivului \u0219i descoper\u0103 detaliile \u0219i indiciile care te vor ajuta s\u0103 refaci imaginea complet\u0103 a jocului puzzle.<\/span><\/p>\n<p><strong>Despre Van Gogh \u0219tiai c\u0103:<\/strong><\/p>\n<p><span style=\"font-weight: 400;\">A lucrat ca misionar \u00eentr-o regiune minier\u0103 din Belgia.<\/span><\/p>\n<p><span style=\"font-weight: 400;\">A pictat doar 10 ani, de la 27 la 37 de ani, timp \u00een care a fost extrem de prolific realiz\u00e2nd aproximativ 900 de picturi.<\/span><\/p>\n<p><span style=\"font-weight: 400;\">Era un artist s\u0103rac, iar pentru a-\u0219i reduce costurile, picta peste lucr\u0103rile deja executate pentru a nu cump\u0103ra p\u00e2nze noi.<\/span><\/p>\n<p><span style=\"font-weight: 400;\">\u0218i-a t\u0103iat lobul urechii, iar apoi se spune c\u0103 l-a \u00eempachetat \u0219i i l-a dat unei prostituate de la un bordel.<\/span><\/p>\n<p><span style=\"font-weight: 400;\">Se spune c\u0103 picta cu coada pensulei, nu cu peria. S-a ajuns la aceast\u0103 concluzie pentru c\u0103 \u00een picturile lui nu se observ\u0103 nicio urm\u0103 de p\u0103r al pensulei, ci doar ad\u00e2nciturile care se presupune c\u0103 sunt de la coada pensulei.<\/span><\/p>\n<p><strong>Completeaz\u0103 puzzle 1000 piese zi de zi dac\u0103 vrei:<\/strong><\/p>\n<p><span style=\"font-weight: 400;\">S\u0103 fii mai relaxat.<\/span><\/p>\n<p><span style=\"font-weight: 400;\">S\u0103 petreci timp de calitate cu g\u00e2ndurile tale.<\/span><\/p>\n<p><span style=\"font-weight: 400;\">S\u0103 te deconectezi de la grijile cotidiene.<\/span><\/p>\n<p><span style=\"font-weight: 400;\">Cump\u0103r\u0103 acest minunat puzzle 1000 piese <\/span><span style=\"font-weight: 400;\">Vincent van Gogh &#8211; Irises \u0219i bucur\u0103-te de o explozie de bucurie \u0219i culoare. Completeaz\u0103-\u021bi colec\u021bia de tablouri de art\u0103 cu acest exemplar unic de puzzle de art\u0103. Dac\u0103 ai prieteni pasiona\u021bi de frumos sau de puzzle adul\u021bi, acest produs este ideal pentru a-l oferi \u00een dar.<\/span><\/p>\n","protected":false},"excerpt":{"rendered":"<p>Descoper\u0103 acum cele mai deosebite puzzle-uri pentru adul\u021bi din colec\u021bia puzzle art\u0103! Puzzle-uri pentru adul\u021bi inspirate din lucr\u0103rile lui Botticelli,<\/p>\n","protected":false},"featured_media":62886,"template":"","meta":[],"product_brand":[],"product_cat":[1454,1488,1560],"product_tag":[],"class_list":{"0":"post-16745","1":"product","2":"type-product","3":"status-publish","4":"has-post-thumbnail","6":"product_cat-puzzle","7":"product_cat-puzzle-adulti","8":"product_cat-puzzle-adulti-1000","9":"pa_bax-1273","10":"pa_brand-d_toys","11":"pa_country_of_manufacture-ro","12":"pa_filter_age-1315","13":"pa_painter-vincentvangogh","14":"pa_tip_ambalaj-cutie","15":"pa_tip_puzzle-clasic","17":"first","18":"instock","19":"taxable","20":"shipping-taxable","21":"product-type-simple"},"yoast_head":"<!-- This site is optimized with the Yoast SEO plugin v20.1 - https:\/\/yoast.com\/wordpress\/plugins\/seo\/ -->\n<title>Puzzle adul\u021bi 1000 piese Vincent van Gogh - Irises\/Irisi - Roovi B2B<\/title>\n<meta name=\"robots\" content=\"index, follow, max-snippet:-1, max-image-preview:large, max-video-preview:-1\" \/>\n<link rel=\"canonical\" href=\"https:\/\/www.roovi.ro\/puzzle-adulti-vincent-van-gogh-irisesirisi-1000-piese\/p\/\" \/>\n<meta property=\"og:locale\" content=\"ro_RO\" \/>\n<meta property=\"og:type\" content=\"article\" \/>\n<meta property=\"og:title\" content=\"Puzzle adul\u021bi 1000 piese Vincent van Gogh - Irises\/Irisi - Roovi B2B\" \/>\n<meta property=\"og:description\" content=\"Descoper\u0103 acum cele mai deosebite puzzle-uri pentru adul\u021bi din colec\u021bia puzzle art\u0103! Puzzle-uri pentru adul\u021bi inspirate din lucr\u0103rile lui Botticelli,\" \/>\n<meta property=\"og:url\" content=\"https:\/\/www.roovi.ro\/puzzle-adulti-vincent-van-gogh-irisesirisi-1000-piese\/p\/\" \/>\n<meta property=\"og:site_name\" content=\"Roovi B2B\" \/>\n<meta property=\"article:publisher\" content=\"https:\/\/www.facebook.com\/wwwjucariero\" \/>\n<meta property=\"article:modified_time\" content=\"2025-03-17T12:09:06+00:00\" \/>\n<meta property=\"og:image\" content=\"https:\/\/business.roovi.com\/wp-content\/uploads\/2018\/04\/66916-VG-03-WEB.jpg\" \/>\n\t<meta property=\"og:image:width\" content=\"1200\" \/>\n\t<meta property=\"og:image:height\" content=\"1200\" \/>\n\t<meta property=\"og:image:type\" content=\"image\/jpeg\" \/>\n<meta name=\"twitter:label1\" content=\"Timp estimat pentru citire\" \/>\n\t<meta name=\"twitter:data1\" content=\"3 minute\" \/>\n<script type=\"application\/ld+json\" class=\"yoast-schema-graph\">{\"@context\":\"https:\/\/schema.org\",\"@graph\":[{\"@type\":\"WebPage\",\"@id\":\"https:\/\/business.roovi.com\/ro\/puzzle-adulti-vincent-van-gogh-irisesirisi-1000-piese\/p\/\",\"url\":\"https:\/\/www.roovi.ro\/puzzle-adulti-vincent-van-gogh-irisesirisi-1000-piese\/p\/\",\"name\":\"Puzzle adul\u021bi 1000 piese Vincent van Gogh - Irises\/Irisi - Roovi B2B\",\"isPartOf\":{\"@id\":\"https:\/\/business.roovi.com\/ro\/#website\"},\"datePublished\":\"2018-04-16T10:56:17+00:00\",\"dateModified\":\"2025-03-17T12:09:06+00:00\",\"breadcrumb\":{\"@id\":\"https:\/\/www.roovi.ro\/puzzle-adulti-vincent-van-gogh-irisesirisi-1000-piese\/p\/#breadcrumb\"},\"inLanguage\":\"ro-RO\",\"potentialAction\":[{\"@type\":\"ReadAction\",\"target\":[\"https:\/\/www.roovi.ro\/puzzle-adulti-vincent-van-gogh-irisesirisi-1000-piese\/p\/\"]}]},{\"@type\":\"BreadcrumbList\",\"@id\":\"https:\/\/www.roovi.ro\/puzzle-adulti-vincent-van-gogh-irisesirisi-1000-piese\/p\/#breadcrumb\",\"itemListElement\":[{\"@type\":\"ListItem\",\"position\":1,\"name\":\"Home\",\"item\":\"https:\/\/business.roovi.com\/ro\/\"},{\"@type\":\"ListItem\",\"position\":2,\"name\":\"Magazin\",\"item\":\"https:\/\/business.roovi.com\/ro\/magazin\/\"},{\"@type\":\"ListItem\",\"position\":3,\"name\":\"Puzzle adul\u021bi 1000 piese Vincent van Gogh &#8211; Irises\/Irisi\"}]},{\"@type\":\"WebSite\",\"@id\":\"https:\/\/business.roovi.com\/ro\/#website\",\"url\":\"https:\/\/business.roovi.com\/ro\/\",\"name\":\"Roovi B2B\",\"description\":\"Roovi Business Website\",\"potentialAction\":[{\"@type\":\"SearchAction\",\"target\":{\"@type\":\"EntryPoint\",\"urlTemplate\":\"https:\/\/business.roovi.com\/ro\/?s={search_term_string}\"},\"query-input\":\"required name=search_term_string\"}],\"inLanguage\":\"ro-RO\"}]}<\/script>\n<!-- \/ Yoast SEO plugin. -->","yoast_head_json":{"title":"Puzzle adul\u021bi 1000 piese Vincent van Gogh - Irises\/Irisi - Roovi B2B","robots":{"index":"index","follow":"follow","max-snippet":"max-snippet:-1","max-image-preview":"max-image-preview:large","max-video-preview":"max-video-preview:-1"},"canonical":"https:\/\/www.roovi.ro\/puzzle-adulti-vincent-van-gogh-irisesirisi-1000-piese\/p\/","og_locale":"ro_RO","og_type":"article","og_title":"Puzzle adul\u021bi 1000 piese Vincent van Gogh - Irises\/Irisi - Roovi B2B","og_description":"Descoper\u0103 acum cele mai deosebite puzzle-uri pentru adul\u021bi din colec\u021bia puzzle art\u0103! Puzzle-uri pentru adul\u021bi inspirate din lucr\u0103rile lui Botticelli,","og_url":"https:\/\/www.roovi.ro\/puzzle-adulti-vincent-van-gogh-irisesirisi-1000-piese\/p\/","og_site_name":"Roovi B2B","article_publisher":"https:\/\/www.facebook.com\/wwwjucariero","article_modified_time":"2025-03-17T12:09:06+00:00","og_image":[{"width":1200,"height":1200,"url":"https:\/\/business.roovi.com\/wp-content\/uploads\/2018\/04\/66916-VG-03-WEB.jpg","type":"image\/jpeg"}],"twitter_misc":{"Timp estimat pentru citire":"3 minute"},"schema":{"@context":"https:\/\/schema.org","@graph":[{"@type":"WebPage","@id":"https:\/\/business.roovi.com\/ro\/puzzle-adulti-vincent-van-gogh-irisesirisi-1000-piese\/p\/","url":"https:\/\/www.roovi.ro\/puzzle-adulti-vincent-van-gogh-irisesirisi-1000-piese\/p\/","name":"Puzzle adul\u021bi 1000 piese Vincent van Gogh - Irises\/Irisi - Roovi B2B","isPartOf":{"@id":"https:\/\/business.roovi.com\/ro\/#website"},"datePublished":"2018-04-16T10:56:17+00:00","dateModified":"2025-03-17T12:09:06+00:00","breadcrumb":{"@id":"https:\/\/www.roovi.ro\/puzzle-adulti-vincent-van-gogh-irisesirisi-1000-piese\/p\/#breadcrumb"},"inLanguage":"ro-RO","potentialAction":[{"@type":"ReadAction","target":["https:\/\/www.roovi.ro\/puzzle-adulti-vincent-van-gogh-irisesirisi-1000-piese\/p\/"]}]},{"@type":"BreadcrumbList","@id":"https:\/\/www.roovi.ro\/puzzle-adulti-vincent-van-gogh-irisesirisi-1000-piese\/p\/#breadcrumb","itemListElement":[{"@type":"ListItem","position":1,"name":"Home","item":"https:\/\/business.roovi.com\/ro\/"},{"@type":"ListItem","position":2,"name":"Magazin","item":"https:\/\/business.roovi.com\/ro\/magazin\/"},{"@type":"ListItem","position":3,"name":"Puzzle adul\u021bi 1000 piese Vincent van Gogh &#8211; Irises\/Irisi"}]},{"@type":"WebSite","@id":"https:\/\/business.roovi.com\/ro\/#website","url":"https:\/\/business.roovi.com\/ro\/","name":"Roovi B2B","description":"Roovi Business Website","potentialAction":[{"@type":"SearchAction","target":{"@type":"EntryPoint","urlTemplate":"https:\/\/business.roovi.com\/ro\/?s={search_term_string}"},"query-input":"required name=search_term_string"}],"inLanguage":"ro-RO"}]}},"_links":{"self":[{"href":"https:\/\/business.roovi.com\/ro\/wp-json\/wp\/v2\/product\/16745","targetHints":{"allow":["GET"]}}],"collection":[{"href":"https:\/\/business.roovi.com\/ro\/wp-json\/wp\/v2\/product"}],"about":[{"href":"https:\/\/business.roovi.com\/ro\/wp-json\/wp\/v2\/types\/product"}],"version-history":[{"count":0,"href":"https:\/\/business.roovi.com\/ro\/wp-json\/wp\/v2\/product\/16745\/revisions"}],"wp:featuredmedia":[{"embeddable":true,"href":"https:\/\/business.roovi.com\/ro\/wp-json\/wp\/v2\/media\/62886"}],"wp:attachment":[{"href":"https:\/\/business.roovi.com\/ro\/wp-json\/wp\/v2\/media?parent=16745"}],"wp:term":[{"taxonomy":"product_brand","embeddable":true,"href":"https:\/\/business.roovi.com\/ro\/wp-json\/wp\/v2\/product_brand?post=16745"},{"taxonomy":"product_cat","embeddable":true,"href":"https:\/\/business.roovi.com\/ro\/wp-json\/wp\/v2\/product_cat?post=16745"},{"taxonomy":"product_tag","embeddable":true,"href":"https:\/\/business.roovi.com\/ro\/wp-json\/wp\/v2\/product_tag?post=16745"}],"curies":[{"name":"wp","href":"https:\/\/api.w.org\/{rel}","templated":true}]}}