{"id":16790,"date":"2018-04-16T10:56:17","date_gmt":"2018-04-16T10:56:17","guid":{"rendered":"https:\/\/business.roovi.com\/product\/puzzle-vincent-van-gogh-the-church-at-auvers-1000-piese\/"},"modified":"2023-03-20T21:46:28","modified_gmt":"2023-03-20T21:46:28","slug":"puzzle-adulti-vincent-van-gogh-the-church-at-auvers-1000-piese","status":"publish","type":"product","link":"https:\/\/business.roovi.com\/ro\/puzzle-adulti-vincent-van-gogh-the-church-at-auvers-1000-piese\/p\/","title":{"rendered":"Puzzle adul\u021bi 1000 piese Vincent van Gogh &#8211; The Church at Auvers"},"content":{"rendered":"<p><span style=\"font-weight: 400;\">Alege din sutele de modele puzzle-uri de 1000 piese cu imagini superbe ale celor mai cunoscute picturi din lume \u0219i creeaz\u0103-\u021bi propria colec\u021bie de tablouri din jocuri puzzle.<\/span><\/p>\n<p><span style=\"font-weight: 400;\">Puzzle 1000 piese Vincent van Gogh &#8211; The Church at Auvers\/Biserica din Auvers este imaginea tabloului creat de marele artist \u00een ultimul an de via\u021b\u0103. Pictorul a zugr\u0103vit \u00een detalii uluitoare \u00een culori str\u0103lucitoare un monument de cult ce probabil a avut \u00eensemn\u0103tate pentru el. Descoper\u0103 \u0219i tu aceast\u0103 nebunie frumoas\u0103 de culori prin acest puzzle de 1000 piese.<\/span><\/p>\n<p><span style=\"font-weight: 400;\">Cite\u0219te mai jos c\u00e2te ceva despre caracteristicile puzzle-ului 1000 piese Vincent van Gogh &#8211; The Church at Auvers:<\/span><\/p>\n<p><strong>Dimensiunea imaginii reconstituite: 50 x 70 cm.<\/strong><span style=\"font-weight: 400;\"> Pentru asamblarea pieselor din acest puzzle art\u0103 ai nevoie de o m\u0103su\u021b\u0103 obi\u0219nuit\u0103 de cafea.<\/span><\/p>\n<p><strong>Material puzzle:\u00a0<\/strong><\/p>\n<p><strong>carton albastru de o calitate superioar\u0103<\/strong><\/p>\n<p><strong>materiale sustenabile, reciclabile<\/strong><\/p>\n<p><strong>finisaj semi-lucios, culori vii<\/strong><\/p>\n<p><strong>Num\u0103rul pieselor de puzzle: 1000<\/strong><\/p>\n<p><strong>V\u00e2rsta recomandat\u0103: 14+<\/strong><\/p>\n<p><strong>Jocurile puzzle \u00eent\u00e2rzie apari\u021bia bolilor cerebrale<\/strong><\/p>\n<p><span style=\"font-weight: 400;\">Dac\u0103 ai cunoscut vreodat\u0103 pe cineva care sufer\u0103 de Alzheimer sau demen\u021b\u0103, \u0219tii c\u00e2t de tragic este s\u0103 \u00ee\u021bi pierzi \u00eencet memoria \u0219i facult\u0103\u021bile mentale. Vestea bun\u0103 este c\u0103 aceste boli sunt \u021binute la distan\u021b\u0103 dac\u0103 \u00een timpul vie\u021bii ai grij\u0103 de creierul t\u0103u, adic\u0103 \u00eel pui la treab\u0103. Un creier s\u0103n\u0103tos este un creier antrenat. A\u0219a c\u0103 nu mai sta pe g\u00e2nduri, ia-\u021bi jocul puzzle preferat, f\u0103-\u021bi un ceai bun \u0219i pune-te pe treab\u0103!<\/span><\/p>\n<p><strong>Jocurile puzzle au grij\u0103 de memoria ta<\/strong><\/p>\n<p><span style=\"font-weight: 400;\">Dac\u0103 \u021bi se \u00eent\u00e2mpl\u0103 s\u0103 ui\u021bi des lucruri m\u0103runte, \u00ee\u021bi recomand\u0103m s\u0103 asamblezi puzzle-uri adul\u021bi. Aceast\u0103 activitate te solicit\u0103 s\u0103 memorezi formele pieselor, culorile lor \u00een timp ce \u00ee\u021bi mi\u0219ti constant privirea \u00een jurul tabloului pentru a sesiza eventualele potriviri. Acesta este un foarte bun exerci\u021biu pentru memoria pe termen scurt.<\/span><\/p>\n<p><strong>Jocurile puzzle te ajut\u0103 s\u0103-\u021bi dezvol\u021bi abilitatea de a g\u0103si solu\u021bii<\/strong><\/p>\n<p><span style=\"font-weight: 400;\">Iei greu decizii sau nu g\u0103se\u0219ti solu\u021bii la problemele m\u0103runte? Asamblarea puzzle-urilor de 1000 piese \u00ee\u021bi antreneaz\u0103 aceast\u0103 abilitate de a g\u0103si solu\u021bii \u0219i o vei putea utiliza \u00een toate aspectele din via\u021ba ta.<\/span><\/p>\n<p><strong>Despre Van Gogh \u0219i pictura lui<\/strong><\/p>\n<p><span style=\"font-weight: 400;\">Medicii \u0219i criticii de art\u0103 \u00eel considerau nebun pe artistul ce avea s\u0103 devin\u0103 faimos dup\u0103 moarte.<\/span><\/p>\n<p><span style=\"font-weight: 400;\">Despre pictura Biserica din Auvers s-a spus c\u0103 este <\/span><span style=\"font-weight: 400;\">\u00a0\u201eopera cea mai nebun\u0103\u201d din cauza violen\u021bei culorilor, a zidurilor care par c\u0103 se zguduie \u0219i a acoperi\u0219ului care parc\u0103 e \u00een mi\u0219care.<\/span><\/p>\n<p><span style=\"font-weight: 400;\">Medicii au pus aceast\u0103 lucrare pe seama schizofreniei de care suferea artistului.<\/span><\/p>\n<p><span style=\"font-weight: 400;\">Van Gogh iubea culoarea galben pe care a utilizat-o abundent \u00een unele dintre lucr\u0103rile sale.<\/span><\/p>\n<p><span style=\"font-weight: 400;\">De\u0219i pe patul de moarte a declarat c\u0103 s-a \u00eempu\u0219cat singur, biografii Steven Naifeh \u0219i Gregory Whit Smith sus\u021bin c\u0103 artistul ar fi fost \u00eempu\u0219cat accidental de doi b\u0103ie\u021bi pe care a vrut s\u0103-i protejeze, lu\u00e2nd vina asupra lui.<\/span><\/p>\n<p><strong>Folose\u0219te jocurile puzzle ca distrac\u021bie colectiv\u0103<\/strong><\/p>\n<p><span style=\"font-weight: 400;\">Nu mai \u0219tii cum s\u0103-i deconectezi pe copii de la ecrane? Cump\u0103r\u0103 jocuri puzzle de 1000 piese, preg\u0103te\u0219te cea mai bun\u0103 ciocolat\u0103 cald\u0103 \u0219i pune\u021bi-v\u0103 cu to\u021bii pe treab\u0103! Vei constata c\u0103 cei mici vor c\u0103uta cu pl\u0103cere piesele potrivite, \u00ee\u0219i vor face propria strategie de asamblare a jocului puzzle \u0219i te vor uimi prin creativitatea lor. \u00cen plus, aceasta este o oportunitate pentru a comunica mai bine \u00een familie \u0219i a \u00eenv\u0103\u021ba s\u0103 lucra\u021bi \u00een echip\u0103.<\/span><\/p>\n<p>Puzzle 1000 piese <span style=\"font-weight: 400;\">Vincent van Gogh &#8211; The Church at Auvers\/Biserica din Auvers \u00eenf\u0103\u021bi\u0219eaz\u0103 un tablou maiestuos, vibrant, expresie a unei min\u021bi geniale. Descoper\u0103 misterul acestei minunate opere de art\u0103 asambl\u00e2nd acest puzzle adulti singur sau \u00een compania celor dragi.<\/span><\/p>\n<p><span style=\"font-weight: 400;\">Acest joc puzzle poate fi un cadou reu\u0219it pentru prieteni la diverse ocazii de s\u0103rb\u0103toare.<\/span><\/p>\n","protected":false},"excerpt":{"rendered":"<p><span style=\"font-weight: 400;\">Vrei cu adev\u0103rat s\u0103 te delectezi \u0219i s\u0103 te bucuri de timp de calitate \u00een confortul casei tale? Cu cea mai mare colec\u021bie de puzzle de art\u0103 ai aceast\u0103 oportunitate.<\/span><\/p>\n","protected":false},"featured_media":62898,"template":"","meta":[],"product_brand":[],"product_cat":[1454,1488,1560],"product_tag":[],"class_list":{"0":"post-16790","1":"product","2":"type-product","3":"status-publish","4":"has-post-thumbnail","6":"product_cat-puzzle","7":"product_cat-puzzle-adulti","8":"product_cat-puzzle-adulti-1000","9":"pa_bax-1273","10":"pa_brand-d_toys","11":"pa_country_of_manufacture-ro","12":"pa_filter_age-1315","13":"pa_painter-vincentvangogh","14":"pa_tip_ambalaj-cutie","15":"pa_tip_puzzle-clasic","17":"first","18":"instock","19":"taxable","20":"shipping-taxable","21":"product-type-simple"},"yoast_head":"<!-- This site is optimized with the Yoast SEO plugin v20.1 - https:\/\/yoast.com\/wordpress\/plugins\/seo\/ -->\n<title>Puzzle adul\u021bi 1000 piese Vincent van Gogh - The Church at Auvers - Roovi B2B<\/title>\n<meta name=\"robots\" content=\"index, follow, max-snippet:-1, max-image-preview:large, max-video-preview:-1\" \/>\n<link rel=\"canonical\" href=\"https:\/\/www.roovi.ro\/puzzle-adulti-vincent-van-gogh-the-church-at-auvers-1000-piese\/p\/\" \/>\n<meta property=\"og:locale\" content=\"ro_RO\" \/>\n<meta property=\"og:type\" content=\"article\" \/>\n<meta property=\"og:title\" content=\"Puzzle adul\u021bi 1000 piese Vincent van Gogh - The Church at Auvers - Roovi B2B\" \/>\n<meta property=\"og:description\" content=\"Vrei cu adev\u0103rat s\u0103 te delectezi \u0219i s\u0103 te bucuri de timp de calitate \u00een confortul casei tale? Cu cea mai mare colec\u021bie de puzzle de art\u0103 ai aceast\u0103 oportunitate.\" \/>\n<meta property=\"og:url\" content=\"https:\/\/www.roovi.ro\/puzzle-adulti-vincent-van-gogh-the-church-at-auvers-1000-piese\/p\/\" \/>\n<meta property=\"og:site_name\" content=\"Roovi B2B\" \/>\n<meta property=\"article:publisher\" content=\"https:\/\/www.facebook.com\/wwwjucariero\" \/>\n<meta property=\"article:modified_time\" content=\"2023-03-20T21:46:28+00:00\" \/>\n<meta property=\"og:image\" content=\"https:\/\/business.roovi.com\/wp-content\/uploads\/2018\/04\/66916-VG-10-WEB.jpg\" \/>\n\t<meta property=\"og:image:width\" content=\"1200\" \/>\n\t<meta property=\"og:image:height\" content=\"1200\" \/>\n\t<meta property=\"og:image:type\" content=\"image\/jpeg\" \/>\n<meta name=\"twitter:label1\" content=\"Timp estimat pentru citire\" \/>\n\t<meta name=\"twitter:data1\" content=\"4 minute\" \/>\n<script type=\"application\/ld+json\" class=\"yoast-schema-graph\">{\"@context\":\"https:\/\/schema.org\",\"@graph\":[{\"@type\":\"WebPage\",\"@id\":\"https:\/\/business.roovi.com\/ro\/puzzle-adulti-vincent-van-gogh-the-church-at-auvers-1000-piese\/p\/\",\"url\":\"https:\/\/www.roovi.ro\/puzzle-adulti-vincent-van-gogh-the-church-at-auvers-1000-piese\/p\/\",\"name\":\"Puzzle adul\u021bi 1000 piese Vincent van Gogh - The Church at Auvers - Roovi B2B\",\"isPartOf\":{\"@id\":\"https:\/\/business.roovi.com\/ro\/#website\"},\"datePublished\":\"2018-04-16T10:56:17+00:00\",\"dateModified\":\"2023-03-20T21:46:28+00:00\",\"breadcrumb\":{\"@id\":\"https:\/\/www.roovi.ro\/puzzle-adulti-vincent-van-gogh-the-church-at-auvers-1000-piese\/p\/#breadcrumb\"},\"inLanguage\":\"ro-RO\",\"potentialAction\":[{\"@type\":\"ReadAction\",\"target\":[\"https:\/\/www.roovi.ro\/puzzle-adulti-vincent-van-gogh-the-church-at-auvers-1000-piese\/p\/\"]}]},{\"@type\":\"BreadcrumbList\",\"@id\":\"https:\/\/www.roovi.ro\/puzzle-adulti-vincent-van-gogh-the-church-at-auvers-1000-piese\/p\/#breadcrumb\",\"itemListElement\":[{\"@type\":\"ListItem\",\"position\":1,\"name\":\"Home\",\"item\":\"https:\/\/business.roovi.com\/ro\/\"},{\"@type\":\"ListItem\",\"position\":2,\"name\":\"Magazin\",\"item\":\"https:\/\/business.roovi.com\/ro\/magazin\/\"},{\"@type\":\"ListItem\",\"position\":3,\"name\":\"Puzzle adul\u021bi 1000 piese Vincent van Gogh &#8211; The Church at Auvers\"}]},{\"@type\":\"WebSite\",\"@id\":\"https:\/\/business.roovi.com\/ro\/#website\",\"url\":\"https:\/\/business.roovi.com\/ro\/\",\"name\":\"Roovi B2B\",\"description\":\"Roovi Business Website\",\"potentialAction\":[{\"@type\":\"SearchAction\",\"target\":{\"@type\":\"EntryPoint\",\"urlTemplate\":\"https:\/\/business.roovi.com\/ro\/?s={search_term_string}\"},\"query-input\":\"required name=search_term_string\"}],\"inLanguage\":\"ro-RO\"}]}<\/script>\n<!-- \/ Yoast SEO plugin. -->","yoast_head_json":{"title":"Puzzle adul\u021bi 1000 piese Vincent van Gogh - The Church at Auvers - Roovi B2B","robots":{"index":"index","follow":"follow","max-snippet":"max-snippet:-1","max-image-preview":"max-image-preview:large","max-video-preview":"max-video-preview:-1"},"canonical":"https:\/\/www.roovi.ro\/puzzle-adulti-vincent-van-gogh-the-church-at-auvers-1000-piese\/p\/","og_locale":"ro_RO","og_type":"article","og_title":"Puzzle adul\u021bi 1000 piese Vincent van Gogh - The Church at Auvers - Roovi B2B","og_description":"Vrei cu adev\u0103rat s\u0103 te delectezi \u0219i s\u0103 te bucuri de timp de calitate \u00een confortul casei tale? Cu cea mai mare colec\u021bie de puzzle de art\u0103 ai aceast\u0103 oportunitate.","og_url":"https:\/\/www.roovi.ro\/puzzle-adulti-vincent-van-gogh-the-church-at-auvers-1000-piese\/p\/","og_site_name":"Roovi B2B","article_publisher":"https:\/\/www.facebook.com\/wwwjucariero","article_modified_time":"2023-03-20T21:46:28+00:00","og_image":[{"width":1200,"height":1200,"url":"https:\/\/business.roovi.com\/wp-content\/uploads\/2018\/04\/66916-VG-10-WEB.jpg","type":"image\/jpeg"}],"twitter_misc":{"Timp estimat pentru citire":"4 minute"},"schema":{"@context":"https:\/\/schema.org","@graph":[{"@type":"WebPage","@id":"https:\/\/business.roovi.com\/ro\/puzzle-adulti-vincent-van-gogh-the-church-at-auvers-1000-piese\/p\/","url":"https:\/\/www.roovi.ro\/puzzle-adulti-vincent-van-gogh-the-church-at-auvers-1000-piese\/p\/","name":"Puzzle adul\u021bi 1000 piese Vincent van Gogh - The Church at Auvers - Roovi B2B","isPartOf":{"@id":"https:\/\/business.roovi.com\/ro\/#website"},"datePublished":"2018-04-16T10:56:17+00:00","dateModified":"2023-03-20T21:46:28+00:00","breadcrumb":{"@id":"https:\/\/www.roovi.ro\/puzzle-adulti-vincent-van-gogh-the-church-at-auvers-1000-piese\/p\/#breadcrumb"},"inLanguage":"ro-RO","potentialAction":[{"@type":"ReadAction","target":["https:\/\/www.roovi.ro\/puzzle-adulti-vincent-van-gogh-the-church-at-auvers-1000-piese\/p\/"]}]},{"@type":"BreadcrumbList","@id":"https:\/\/www.roovi.ro\/puzzle-adulti-vincent-van-gogh-the-church-at-auvers-1000-piese\/p\/#breadcrumb","itemListElement":[{"@type":"ListItem","position":1,"name":"Home","item":"https:\/\/business.roovi.com\/ro\/"},{"@type":"ListItem","position":2,"name":"Magazin","item":"https:\/\/business.roovi.com\/ro\/magazin\/"},{"@type":"ListItem","position":3,"name":"Puzzle adul\u021bi 1000 piese Vincent van Gogh &#8211; The Church at Auvers"}]},{"@type":"WebSite","@id":"https:\/\/business.roovi.com\/ro\/#website","url":"https:\/\/business.roovi.com\/ro\/","name":"Roovi B2B","description":"Roovi Business Website","potentialAction":[{"@type":"SearchAction","target":{"@type":"EntryPoint","urlTemplate":"https:\/\/business.roovi.com\/ro\/?s={search_term_string}"},"query-input":"required name=search_term_string"}],"inLanguage":"ro-RO"}]}},"_links":{"self":[{"href":"https:\/\/business.roovi.com\/ro\/wp-json\/wp\/v2\/product\/16790","targetHints":{"allow":["GET"]}}],"collection":[{"href":"https:\/\/business.roovi.com\/ro\/wp-json\/wp\/v2\/product"}],"about":[{"href":"https:\/\/business.roovi.com\/ro\/wp-json\/wp\/v2\/types\/product"}],"version-history":[{"count":0,"href":"https:\/\/business.roovi.com\/ro\/wp-json\/wp\/v2\/product\/16790\/revisions"}],"wp:featuredmedia":[{"embeddable":true,"href":"https:\/\/business.roovi.com\/ro\/wp-json\/wp\/v2\/media\/62898"}],"wp:attachment":[{"href":"https:\/\/business.roovi.com\/ro\/wp-json\/wp\/v2\/media?parent=16790"}],"wp:term":[{"taxonomy":"product_brand","embeddable":true,"href":"https:\/\/business.roovi.com\/ro\/wp-json\/wp\/v2\/product_brand?post=16790"},{"taxonomy":"product_cat","embeddable":true,"href":"https:\/\/business.roovi.com\/ro\/wp-json\/wp\/v2\/product_cat?post=16790"},{"taxonomy":"product_tag","embeddable":true,"href":"https:\/\/business.roovi.com\/ro\/wp-json\/wp\/v2\/product_tag?post=16790"}],"curies":[{"name":"wp","href":"https:\/\/api.w.org\/{rel}","templated":true}]}}