{"id":16820,"date":"2018-04-16T10:56:17","date_gmt":"2018-04-16T10:56:17","guid":{"rendered":"https:\/\/business.roovi.com\/product\/puzzle-renoir-the-swing-1000-piese\/"},"modified":"2023-03-20T21:46:22","modified_gmt":"2023-03-20T21:46:22","slug":"puzzle-adulti-1000-piese-pierre-auguste-renoir-the-swingleaganul","status":"publish","type":"product","link":"https:\/\/business.roovi.com\/ro\/puzzle-adulti-1000-piese-pierre-auguste-renoir-the-swingleaganul\/p\/","title":{"rendered":"Puzzle adulti 1000 piese Pierre-Auguste Renoir &#8211; The Swing\/Leaganul"},"content":{"rendered":"<p><span style=\"font-weight: 400; line-height: 14px; font-size: 14px;\">Crezi c\u0103 e\u0219ti bun la jocuri puzzle? Te provoc\u0103m s\u0103 asamblezi puzzle-uri de art\u0103! Alege puzzle-uri de 1000 piese din sutele de modele care \u00eenf\u0103\u021bi\u0219eaz\u0103 imagini ale picturilor celebre. Asambleaz\u0103 puzzle-uri de art\u0103 \u0219i ob\u021bine replici deosebite ale capodoperelor artistice.<\/span><\/p>\n<p><span style=\"font-weight: 400; line-height: 14px; font-size: 14px;\">Puzzle 1000 piese Pierre-Auguste Renoir &#8211; The Swing\/Leag\u0103nul red\u0103 imaginea tabloului omonim \u00een care artistul realizeaz\u0103 \u00een manier\u0103 impresionist\u0103 un joc de lumini frapant prin tu\u0219e de alb, albastru galben \u0219i ro\u0219u. Aceste culori sunt prezente pe vestimenta\u021bia personajelor \u0219i se reflect\u0103 pe frunze \u0219i pe p\u0103m\u00e2nt. Acum po\u021bi fi tu creatorul unei replici a tabloului renumit! Trage-\u021bi aproape m\u0103su\u021ba de cafea din sufragerie \u0219i \u00eencepi reconstituirea imaginii. \u00ce\u021bi garant\u0103m p\u00e2n\u0103 la 30 de ore de relaxare \u0219i o imagine artistic\u0103 uimitor de asem\u0103n\u0103toare cu tabloul original.<\/span><\/p>\n<p><span style=\"font-weight: 400; line-height: 14px; font-size: 14px;\">Cite\u0219te mai joc mai multe informa\u021bii despre caracteristicile acestui puzzle de art\u0103:<\/span><\/p>\n<p><span style=\"line-height: 14px; font-size: 14px;\"><strong>Dimensiune imagine reconstituit\u0103: 50 x 70 cm<\/strong><\/span><\/p>\n<p><span style=\"line-height: 14px; font-size: 14px;\"><strong>Material puzzle:\u00a0<\/strong><\/span><\/p>\n<p><span style=\"line-height: 14px; font-size: 14px;\"><strong>carton albastru de o calitate superioar\u0103<\/strong><\/span><\/p>\n<p><span style=\"line-height: 14px; font-size: 14px;\"><strong>materiale sustenabile, reciclabile<\/strong><\/span><\/p>\n<p><span style=\"line-height: 14px; font-size: 14px;\"><strong>finisaj semi-lucios, culori vii<\/strong><\/span><\/p>\n<p><span style=\"line-height: 14px; font-size: 14px;\"><strong>Num\u0103rul pieselor de puzzle: 1000<\/strong><\/span><\/p>\n<p><span style=\"line-height: 14px; font-size: 14px;\"><strong>V\u00e2rsta recomandat\u0103: 14+<\/strong><\/span><\/p>\n<p><span style=\"line-height: 14px; font-size: 14px;\"><strong>Jocurile puzzle sunt o distrac\u021bie s\u0103n\u0103toas\u0103<\/strong><\/span><\/p>\n<p><span style=\"font-weight: 400; line-height: 14px; font-size: 14px;\">Asamblarea puzzle-urilor adulti nu este doar o activitate relaxant\u0103 pentru momentele de monotonie. Ai \u00een plus \u0219i foarte multe beneficii pentru s\u0103n\u0103tate. Iat\u0103 numai c\u00e2teva dintre acestea:<\/span><\/p>\n<p><span style=\"font-weight: 400; line-height: 14px; font-size: 14px;\">\u00cembun\u0103t\u0103\u021birea memoriei<\/span><\/p>\n<p><span style=\"font-weight: 400; line-height: 14px; font-size: 14px;\">Reducerea nivelul de stres<\/span><\/p>\n<p><span style=\"font-weight: 400; line-height: 14px; font-size: 14px;\">\u00cembun\u0103t\u0103\u021birea st\u0103rii de spirit\u00a0<\/span><\/p>\n<p><span style=\"font-weight: 400; line-height: 14px; font-size: 14px;\">Normalizarea tensiunii arteriale ca urmare a reducerii st\u0103rii de stres.<\/span><\/p>\n<p><span style=\"font-weight: 400; line-height: 14px; font-size: 14px;\">\u00cembun\u0103t\u0103\u021birea abilit\u0103\u021bii vizual-spa\u021biale.<\/span><\/p>\n<h4><span style=\"line-height: 14px; font-size: 14px;\"><strong>Renoir &#8211; artistul care a pictat \u00een fiecare zi a vie\u021bii sale<\/strong><\/span><\/h4>\n<p><span style=\"line-height: 14px; font-size: 14px;\"><span style=\"font-weight: 400;\">Pierre-Auguste Renoir este cunoscut drept \u00eentemeietorul impresionismului al\u0103turi de <\/span><span style=\"font-weight: 400;\">Claude Monet, Alfred Sisley \u0219i Paul C\u00e9zanne. Renoir a fost un artist care a pictat cu pasiune zi de zi, a\u0219a cum el \u00eensu\u0219i a declarat: <\/span><em><span style=\"font-weight: 400;\">&#8222;Cred c\u0103 n-a trecut nici o zi \u00een via\u021ba mea \u00een care s\u0103 nu fi pictat&#8221;.<\/span><\/em><\/span><\/p>\n<p><span style=\"line-height: 14px; font-size: 14px;\"><span style=\"font-weight: 400;\">Se spune c\u0103 \u00een ziua \u00een care a trecut \u00een nefiin\u021b\u0103, a cerut s\u0103 i se dea pensulele \u0219i vopselurile \u0219i a \u0219optit ca pentru sine <\/span><em><span style=\"font-weight: 400;\">\u201cAcum am \u00een\u021beles\u201d.<\/span><\/em><\/span><\/p>\n<p><span style=\"font-weight: 400; line-height: 14px; font-size: 14px;\">La 13 ani era decorator de por\u021belanuri. A pictat evantaie \u0219i jaluzele pentru a str\u00e2nge bani s\u0103 \u00ee\u0219i pl\u0103teasc\u0103 studiile de pictur\u0103.\u00a0<\/span><\/p>\n<p><span style=\"font-weight: 400; line-height: 14px; font-size: 14px;\">La \u00eenceputul carierei, a copia diverse lucr\u0103ri expuse la Luvru. Cu un an \u00eenainte de a muri, a vizitat muzeul \u0219i \u0219i-a admirat propriile opere expuse acolo.<\/span><\/p>\n<h4><span style=\"line-height: 14px; font-size: 14px;\"><strong>Puzzle-urile de art\u0103 \u00ee\u021bi fac cuno\u0219tin\u021b\u0103 cu pictorii celebri ai lumii<\/strong><\/span><\/h4>\n<p><span style=\"font-weight: 400; line-height: 14px; font-size: 14px;\">Puzzle-urile de art\u0103 te introduc \u00een lumea fascinant\u0103 a picturii \u0219i te provoac\u0103 s\u0103 \u00eei cuno\u0219ti mai bine pe arti\u0219tii din spatele capodoperelor din imaginile reprezentate \u00een puzzle 1000 piese. \u00cen plus, ai \u0219i alte avantaje:<\/span><\/p>\n<p><span style=\"font-weight: 400; line-height: 14px; font-size: 14px;\">\u00ce\u021bi dezvol\u021bi abilit\u0103\u021bile de a rezolva puzzle-uri.<\/span><\/p>\n<p><span style=\"font-weight: 400; line-height: 14px; font-size: 14px;\">\u00ce\u021bi \u0219lefuie\u0219ti sim\u021bul coloristic \u0219i estetic.<\/span><\/p>\n<p><span style=\"font-weight: 400; line-height: 14px; font-size: 14px;\">Intri \u00een pielea unui adev\u0103rat detectiv care caut\u0103 indicii printre piesele de puzzle 1000 pentru a rezolva misterul unei opere de art\u0103.<\/span><\/p>\n<p><span style=\"font-weight: 400; line-height: 14px; font-size: 14px;\">Realizezi tablouri unice, replici ale picturilor celebre care \u00ee\u021bi vor \u00eenc\u00e2nta privirea \u0219i \u00ee\u021bi vor decora casa.<\/span><span style=\"line-height: 14px; font-size: 14px;\"><span style=\"font-weight: 400;\">Cump\u0103r\u0103 acum puzzle 1000 piese <\/span><span style=\"font-weight: 400;\">Pierre-Auguste Renoir &#8211; The Swing\/Leag\u0103nul \u0219i bucur\u0103-te de o experien\u021b\u0103 unic\u0103 artistic\u0103 \u0219i relaxant\u0103! Completeaz\u0103 acest minunat puzzle de art\u0103 singur, \u00een serile monotone sau \u00eempreun\u0103 cu prietenii, \u00een weekendurile r\u0103coroase care te \u021bin \u00een cas\u0103. Ofer\u0103 \u00een dar puzzle 1000 piese celor din familie sau unui prieten pasionat de jocuri puzzle.<\/span><\/span><\/p>\n","protected":false},"excerpt":{"rendered":"<p>Crezi c\u0103 e\u0219ti bun la jocuri puzzle? Te provoc\u0103m s\u0103 asamblezi puzzle-uri de art\u0103! Alege puzzle-uri de 1000 piese din<\/p>\n","protected":false},"featured_media":62956,"template":"","meta":[],"product_brand":[],"product_cat":[1454,1488,1560],"product_tag":[],"class_list":{"0":"post-16820","1":"product","2":"type-product","3":"status-publish","4":"has-post-thumbnail","6":"product_cat-puzzle","7":"product_cat-puzzle-adulti","8":"product_cat-puzzle-adulti-1000","9":"pa_bax-1273","10":"pa_brand-d_toys","11":"pa_country_of_manufacture-ro","12":"pa_filter_age-1315","13":"pa_painter-pierreaugusterenoir","14":"pa_tip_ambalaj-cutie","15":"pa_tip_puzzle-clasic","17":"first","18":"instock","19":"taxable","20":"shipping-taxable","21":"product-type-simple"},"yoast_head":"<!-- This site is optimized with the Yoast SEO plugin v20.1 - https:\/\/yoast.com\/wordpress\/plugins\/seo\/ -->\n<title>Puzzle adulti 1000 piese Pierre-Auguste Renoir - The Swing\/Leaganul - Roovi B2B<\/title>\n<meta name=\"robots\" content=\"index, follow, max-snippet:-1, max-image-preview:large, max-video-preview:-1\" \/>\n<link rel=\"canonical\" href=\"https:\/\/www.roovi.ro\/puzzle-adulti-1000-piese-pierre-auguste-renoir-the-swingleaganul\/p\/\" \/>\n<meta property=\"og:locale\" content=\"ro_RO\" \/>\n<meta property=\"og:type\" content=\"article\" \/>\n<meta property=\"og:title\" content=\"Puzzle adulti 1000 piese Pierre-Auguste Renoir - The Swing\/Leaganul - Roovi B2B\" \/>\n<meta property=\"og:description\" content=\"Crezi c\u0103 e\u0219ti bun la jocuri puzzle? Te provoc\u0103m s\u0103 asamblezi puzzle-uri de art\u0103! Alege puzzle-uri de 1000 piese din\" \/>\n<meta property=\"og:url\" content=\"https:\/\/www.roovi.ro\/puzzle-adulti-1000-piese-pierre-auguste-renoir-the-swingleaganul\/p\/\" \/>\n<meta property=\"og:site_name\" content=\"Roovi B2B\" \/>\n<meta property=\"article:publisher\" content=\"https:\/\/www.facebook.com\/wwwjucariero\" \/>\n<meta property=\"article:modified_time\" content=\"2023-03-20T21:46:22+00:00\" \/>\n<meta property=\"og:image\" content=\"https:\/\/business.roovi.com\/wp-content\/uploads\/2018\/04\/66909-RE-03-WEB.jpg\" \/>\n\t<meta property=\"og:image:width\" content=\"1200\" \/>\n\t<meta property=\"og:image:height\" content=\"1200\" \/>\n\t<meta property=\"og:image:type\" content=\"image\/jpeg\" \/>\n<meta name=\"twitter:label1\" content=\"Timp estimat pentru citire\" \/>\n\t<meta name=\"twitter:data1\" content=\"3 minute\" \/>\n<script type=\"application\/ld+json\" class=\"yoast-schema-graph\">{\"@context\":\"https:\/\/schema.org\",\"@graph\":[{\"@type\":\"WebPage\",\"@id\":\"https:\/\/business.roovi.com\/ro\/puzzle-adulti-1000-piese-pierre-auguste-renoir-the-swingleaganul\/p\/\",\"url\":\"https:\/\/www.roovi.ro\/puzzle-adulti-1000-piese-pierre-auguste-renoir-the-swingleaganul\/p\/\",\"name\":\"Puzzle adulti 1000 piese Pierre-Auguste Renoir - The Swing\/Leaganul - Roovi B2B\",\"isPartOf\":{\"@id\":\"https:\/\/business.roovi.com\/ro\/#website\"},\"datePublished\":\"2018-04-16T10:56:17+00:00\",\"dateModified\":\"2023-03-20T21:46:22+00:00\",\"breadcrumb\":{\"@id\":\"https:\/\/www.roovi.ro\/puzzle-adulti-1000-piese-pierre-auguste-renoir-the-swingleaganul\/p\/#breadcrumb\"},\"inLanguage\":\"ro-RO\",\"potentialAction\":[{\"@type\":\"ReadAction\",\"target\":[\"https:\/\/www.roovi.ro\/puzzle-adulti-1000-piese-pierre-auguste-renoir-the-swingleaganul\/p\/\"]}]},{\"@type\":\"BreadcrumbList\",\"@id\":\"https:\/\/www.roovi.ro\/puzzle-adulti-1000-piese-pierre-auguste-renoir-the-swingleaganul\/p\/#breadcrumb\",\"itemListElement\":[{\"@type\":\"ListItem\",\"position\":1,\"name\":\"Home\",\"item\":\"https:\/\/business.roovi.com\/ro\/\"},{\"@type\":\"ListItem\",\"position\":2,\"name\":\"Magazin\",\"item\":\"https:\/\/business.roovi.com\/ro\/magazin\/\"},{\"@type\":\"ListItem\",\"position\":3,\"name\":\"Puzzle adulti 1000 piese Pierre-Auguste Renoir &#8211; The Swing\/Leaganul\"}]},{\"@type\":\"WebSite\",\"@id\":\"https:\/\/business.roovi.com\/ro\/#website\",\"url\":\"https:\/\/business.roovi.com\/ro\/\",\"name\":\"Roovi B2B\",\"description\":\"Roovi Business Website\",\"potentialAction\":[{\"@type\":\"SearchAction\",\"target\":{\"@type\":\"EntryPoint\",\"urlTemplate\":\"https:\/\/business.roovi.com\/ro\/?s={search_term_string}\"},\"query-input\":\"required name=search_term_string\"}],\"inLanguage\":\"ro-RO\"}]}<\/script>\n<!-- \/ Yoast SEO plugin. -->","yoast_head_json":{"title":"Puzzle adulti 1000 piese Pierre-Auguste Renoir - The Swing\/Leaganul - Roovi B2B","robots":{"index":"index","follow":"follow","max-snippet":"max-snippet:-1","max-image-preview":"max-image-preview:large","max-video-preview":"max-video-preview:-1"},"canonical":"https:\/\/www.roovi.ro\/puzzle-adulti-1000-piese-pierre-auguste-renoir-the-swingleaganul\/p\/","og_locale":"ro_RO","og_type":"article","og_title":"Puzzle adulti 1000 piese Pierre-Auguste Renoir - The Swing\/Leaganul - Roovi B2B","og_description":"Crezi c\u0103 e\u0219ti bun la jocuri puzzle? Te provoc\u0103m s\u0103 asamblezi puzzle-uri de art\u0103! Alege puzzle-uri de 1000 piese din","og_url":"https:\/\/www.roovi.ro\/puzzle-adulti-1000-piese-pierre-auguste-renoir-the-swingleaganul\/p\/","og_site_name":"Roovi B2B","article_publisher":"https:\/\/www.facebook.com\/wwwjucariero","article_modified_time":"2023-03-20T21:46:22+00:00","og_image":[{"width":1200,"height":1200,"url":"https:\/\/business.roovi.com\/wp-content\/uploads\/2018\/04\/66909-RE-03-WEB.jpg","type":"image\/jpeg"}],"twitter_misc":{"Timp estimat pentru citire":"3 minute"},"schema":{"@context":"https:\/\/schema.org","@graph":[{"@type":"WebPage","@id":"https:\/\/business.roovi.com\/ro\/puzzle-adulti-1000-piese-pierre-auguste-renoir-the-swingleaganul\/p\/","url":"https:\/\/www.roovi.ro\/puzzle-adulti-1000-piese-pierre-auguste-renoir-the-swingleaganul\/p\/","name":"Puzzle adulti 1000 piese Pierre-Auguste Renoir - The Swing\/Leaganul - Roovi B2B","isPartOf":{"@id":"https:\/\/business.roovi.com\/ro\/#website"},"datePublished":"2018-04-16T10:56:17+00:00","dateModified":"2023-03-20T21:46:22+00:00","breadcrumb":{"@id":"https:\/\/www.roovi.ro\/puzzle-adulti-1000-piese-pierre-auguste-renoir-the-swingleaganul\/p\/#breadcrumb"},"inLanguage":"ro-RO","potentialAction":[{"@type":"ReadAction","target":["https:\/\/www.roovi.ro\/puzzle-adulti-1000-piese-pierre-auguste-renoir-the-swingleaganul\/p\/"]}]},{"@type":"BreadcrumbList","@id":"https:\/\/www.roovi.ro\/puzzle-adulti-1000-piese-pierre-auguste-renoir-the-swingleaganul\/p\/#breadcrumb","itemListElement":[{"@type":"ListItem","position":1,"name":"Home","item":"https:\/\/business.roovi.com\/ro\/"},{"@type":"ListItem","position":2,"name":"Magazin","item":"https:\/\/business.roovi.com\/ro\/magazin\/"},{"@type":"ListItem","position":3,"name":"Puzzle adulti 1000 piese Pierre-Auguste Renoir &#8211; The Swing\/Leaganul"}]},{"@type":"WebSite","@id":"https:\/\/business.roovi.com\/ro\/#website","url":"https:\/\/business.roovi.com\/ro\/","name":"Roovi B2B","description":"Roovi Business Website","potentialAction":[{"@type":"SearchAction","target":{"@type":"EntryPoint","urlTemplate":"https:\/\/business.roovi.com\/ro\/?s={search_term_string}"},"query-input":"required name=search_term_string"}],"inLanguage":"ro-RO"}]}},"_links":{"self":[{"href":"https:\/\/business.roovi.com\/ro\/wp-json\/wp\/v2\/product\/16820","targetHints":{"allow":["GET"]}}],"collection":[{"href":"https:\/\/business.roovi.com\/ro\/wp-json\/wp\/v2\/product"}],"about":[{"href":"https:\/\/business.roovi.com\/ro\/wp-json\/wp\/v2\/types\/product"}],"version-history":[{"count":0,"href":"https:\/\/business.roovi.com\/ro\/wp-json\/wp\/v2\/product\/16820\/revisions"}],"wp:featuredmedia":[{"embeddable":true,"href":"https:\/\/business.roovi.com\/ro\/wp-json\/wp\/v2\/media\/62956"}],"wp:attachment":[{"href":"https:\/\/business.roovi.com\/ro\/wp-json\/wp\/v2\/media?parent=16820"}],"wp:term":[{"taxonomy":"product_brand","embeddable":true,"href":"https:\/\/business.roovi.com\/ro\/wp-json\/wp\/v2\/product_brand?post=16820"},{"taxonomy":"product_cat","embeddable":true,"href":"https:\/\/business.roovi.com\/ro\/wp-json\/wp\/v2\/product_cat?post=16820"},{"taxonomy":"product_tag","embeddable":true,"href":"https:\/\/business.roovi.com\/ro\/wp-json\/wp\/v2\/product_tag?post=16820"}],"curies":[{"name":"wp","href":"https:\/\/api.w.org\/{rel}","templated":true}]}}