{"id":16895,"date":"2018-04-16T10:56:17","date_gmt":"2018-04-16T10:56:17","guid":{"rendered":"https:\/\/business.roovi.com\/product\/puzzle-alphonse-mucha-fruit-and-flower-1000-piese\/"},"modified":"2025-03-18T08:53:51","modified_gmt":"2025-03-18T08:53:51","slug":"puzzle-adulti-alphonse-mucha-fruit-and-flowerfructe-si-flori-1000-piese","status":"publish","type":"product","link":"https:\/\/business.roovi.com\/ro\/puzzle-adulti-alphonse-mucha-fruit-and-flowerfructe-si-flori-1000-piese\/p\/","title":{"rendered":"Puzzle adul\u021bi 1000 piese Alphonse Mucha &#8211; Fruit and Flower\/Fructe \u0219i Flori"},"content":{"rendered":"<p><span style=\"font-weight: 400;\">Colec\u021bia noastr\u0103 cuprinde puzzle 1000 piese ce redau cele mai frumoase tablouri artistice ale tuturor timpurilor. Alege acum din oferta variat\u0103 puzzle-urile adulti de o calitate superioar\u0103 \u0219i intr\u0103 \u00een lumea magic\u0103 a picturilor.<\/span><\/p>\n<p><span style=\"font-weight: 400;\">Puzzle adul\u021bi Alphonse Mucha &#8211; Fruit and Flower\/Fructe \u0219i Flori \u00eenf\u0103\u021bi\u0219eaz\u0103 litografiile pline de culoare \u0219i armonie ale celebrului artist. Din <\/span><strong>Fructe<\/strong><span style=\"font-weight: 400;\"> te prive\u0219te sfid\u0103toare, sigur\u0103 pe ea, o femeie fermec\u0103toare cu p\u0103rul r\u0103v\u0103\u0219it \u0219i colorat ce \u021bine \u00een bra\u021be o abunden\u021b\u0103 de fructe. Din <\/span><strong>Flori<\/strong><span style=\"font-weight: 400;\"> te urm\u0103re\u0219te privirea melancolic\u0103 a femeii \u0219i imesitatea de flori din tablou: din p\u0103rul, bra\u021bele \u0219i din jurul femeii. Reconstruie\u0219te din puzzle 1000 piese aceast\u0103 bog\u0103\u021bie de fructe, flori \u0219i frumos \u0219i bucur\u0103-\u021bi privirea cu un tablou de excep\u021bie.\u00a0<\/span><\/p>\n<p><span style=\"font-weight: 400;\">Caracteristici ale puzzle-ului 1000 piese\u00a0 Alphonse Mucha &#8211; Fruit and Flower\/Fructe \u0219i Flori:<\/span><\/p>\n<p><strong>Dimensiunea imaginii reconstituite: 50 x 70 cm<\/strong><span style=\"font-weight: 400;\"> &#8211; pentru a realiza tabloul din acest puzzle adulti \u00ee\u021bi este de folos o m\u0103su\u021b\u0103 de cafea obi\u0219nuit\u0103.<\/span><\/p>\n<p><strong>Material puzzle:\u00a0<\/strong><\/p>\n<p><strong>carton albastru de o calitate superioar\u0103<\/strong><\/p>\n<p><strong>materiale sustenabile, reciclabile<\/strong><\/p>\n<p><strong>finisaj semi-lucios, culori vii<\/strong><\/p>\n<p><strong>Num\u0103rul pieselor de puzzle: 1000<\/strong><\/p>\n<p><strong>V\u00e2rsta recomandat\u0103: 14+<\/strong><\/p>\n<p><strong>Puzzle-urile 1000 piese \u00ee\u021bi \u00eencarc\u0103 bateriile cu mult\u0103 energie!<\/strong><\/p>\n<p><span style=\"font-weight: 400;\">C\u00e2nd te sim\u021bi epuizat, ia-\u021bi un puzzle 1000 piese \u0219i concentreaz\u0103-\u021bi aten\u021bia pe acesta. Rezolvarea unei sarcini mentale diferite fa\u021b\u0103 de ceea ce te solicit\u0103 \u00een activit\u0103\u021bile cotidiene te ajut\u0103 s\u0103-\u021bi reactivezi energia general\u0103. Un puzzle de art\u0103 este o alegere minunat\u0103 pentru c\u0103 la final te po\u021bi relaxa contempl\u00e2nd minute \u00een \u0219ir o imagine artistic\u0103 armonioas\u0103.<\/span><\/p>\n<p><strong>Alte 5 beneficii pe care \u021bi pe ofer\u0103 asamblarea puzzle adul\u021bi<\/strong><\/p>\n<ol>\n<li><span style=\"font-weight: 400;\">\u00ce\u021bi stimuleaz\u0103 creierul \u0219i te ajut\u0103 s\u0103 fii inventiv<\/span><\/li>\n<li><span style=\"font-weight: 400;\">Te ajut\u0103 s\u0103 g\u00e2nde\u0219ti rapid<\/span><\/li>\n<li><span style=\"font-weight: 400;\">\u00ce\u021bi \u00eembun\u0103t\u0103\u021be\u0219te memoria<\/span><\/li>\n<li><span style=\"font-weight: 400;\">Te ajut\u0103 s\u0103 te relaxezi\u00a0<\/span><\/li>\n<li><span style=\"font-weight: 400;\">\u00ce\u021bi ofer\u0103 o experien\u021b\u0103 minunat\u0103 de cunoa\u0219tere \u0219i concentrare.<\/span><\/li>\n<\/ol>\n<p><strong>Descoper\u0103 simbolistica uimitoare din operele lui Alphonse Mucha prin puzzle 1000 piese<\/strong><\/p>\n<p><span style=\"font-weight: 400;\">Mesajul operelor poate fi oricare, de la abunden\u021b\u0103, frumuse\u021be p\u00e2n\u0103 la s\u0103n\u0103tate. Prin Fucte poate este felul artistului s\u0103-\u021bi aminteasc\u0103 s\u0103 m\u0103n\u00e2nci fructe zi de zi. Prin Flori poate \u00ee\u021bi sugereaz\u0103 s\u0103 tr\u0103ie\u0219ti frumos. Asambleaz\u0103 acest minunat puzzle 1000 piese \u0219i descoper\u0103 \u0219i tu alte simboluri interesante. Fii un artist \u0219i un critic artistic deopotriv\u0103! Cu acest puzzle de art\u0103 posibilit\u0103\u021bile de imagina\u021bie sunt nelimitate!<\/span><\/p>\n<p><span style=\"font-weight: 400;\">Cu toate c\u0103 lucr\u0103rile <\/span><strong>Fructe <\/strong><span style=\"font-weight: 400;\">\u0219i<\/span><strong> Flori <\/strong><span style=\"font-weight: 400;\">nu sunt cele mai reprezentative opere ale artistului, ambele au o importan\u021b\u0103 artistic\u0103 deosebit\u0103. Artistul folosea uneori simbolismul \u00een compozi\u021biile sale, iar acesta se reg\u0103se\u0219te \u0219i aici. Abilitatea sa de a reprezenta simboluri puternice a fost remarcat\u0103 \u00een vreme \u0219i i-a adus comenzi pentru o serie de afi\u0219e publicitare, \u00een care produse specifice erau integrate \u00eentr-un stil de via\u021b\u0103 dezirabil.<\/span><\/p>\n<p><strong>Petrece-\u021bi cel pu\u021bin 25 de minute cu puzzle 1000 piese \u0219i \u021bine bolile neurodegenerative la distan\u021b\u0103!<\/strong><\/p>\n<p><span style=\"font-weight: 400;\">Unul dintre beneficiile uimitoare ale jocurilor puzzle este acela c\u0103 sunt un excelent antrenament pentru creier. Astfel, studiile arat\u0103 c\u0103 activitatea de a face puzzle-uri adul\u021bi pentru cel pu\u021bin 25 de minute pe zi ajut\u0103 semnificativ la reducerea riscului de a dezvolta boli neurodegenerative, ca de exemplu Arzheimerul \u0219i, de asemenea, se pare c\u0103 \u00eembun\u0103t\u0103\u021besc coeficientul de inteligen\u021b\u0103.<\/span><\/p>\n<p><span style=\"font-weight: 400;\">Bucur\u0103-te de toate aceste beneficii complet\u00e2nd puzzle 1000 piese Alphonse Mucha Fruit and Flower! Cump\u0103r\u0103 acum acest minunat joc puzzle din colec\u021bia puzzle de art\u0103 \u0219i creeaz\u0103-\u021bi un tablou veritabil izbitor de asem\u0103n\u0103tor cu operele artistului Alphonse Mucha.\u00a0<\/span><\/p>\n<p><span style=\"font-weight: 400;\">Nu \u0219tii cu ce cadou s\u0103-\u021bi surprinzi un membru din familie sau un prieten bun? Puzzle 1000 piese Alphonse Mucha Fruit and Flower este alegerea perfect\u0103. <\/span><\/p>\n","protected":false},"excerpt":{"rendered":"<p><span style=\"font-weight: 400;\">Descoper\u0103 armonia \u0219i perfec\u021biunea artei \u00een cea mai mare gam\u0103 de puzzle art\u0103 creat\u0103 \u00een Rom\u00e2nia! <\/span><\/p>\n","protected":false},"featured_media":63074,"template":"","meta":[],"product_brand":[],"product_cat":[1454,1488,1560],"product_tag":[],"class_list":{"0":"post-16895","1":"product","2":"type-product","3":"status-publish","4":"has-post-thumbnail","6":"product_cat-puzzle","7":"product_cat-puzzle-adulti","8":"product_cat-puzzle-adulti-1000","9":"pa_bax-1273","10":"pa_brand-d_toys","11":"pa_country_of_manufacture-ro","12":"pa_filter_age-1315","13":"pa_painter-alphonsemucha","14":"pa_tip_ambalaj-cutie","15":"pa_tip_puzzle-clasic","17":"first","18":"instock","19":"taxable","20":"shipping-taxable","21":"product-type-simple"},"yoast_head":"<!-- This site is optimized with the Yoast SEO plugin v20.1 - https:\/\/yoast.com\/wordpress\/plugins\/seo\/ -->\n<title>Puzzle adul\u021bi 1000 piese Alphonse Mucha - Fruit and Flower\/Fructe \u0219i Flori - Roovi B2B<\/title>\n<meta name=\"robots\" content=\"index, follow, max-snippet:-1, max-image-preview:large, max-video-preview:-1\" \/>\n<link rel=\"canonical\" href=\"https:\/\/www.roovi.ro\/puzzle-adulti-alphonse-mucha-fruit-and-flowerfructe-si-flori-1000-piese\/p\/\" \/>\n<meta property=\"og:locale\" content=\"ro_RO\" \/>\n<meta property=\"og:type\" content=\"article\" \/>\n<meta property=\"og:title\" content=\"Puzzle adul\u021bi 1000 piese Alphonse Mucha - Fruit and Flower\/Fructe \u0219i Flori - Roovi B2B\" \/>\n<meta property=\"og:description\" content=\"Descoper\u0103 armonia \u0219i perfec\u021biunea artei \u00een cea mai mare gam\u0103 de puzzle art\u0103 creat\u0103 \u00een Rom\u00e2nia!\" \/>\n<meta property=\"og:url\" content=\"https:\/\/www.roovi.ro\/puzzle-adulti-alphonse-mucha-fruit-and-flowerfructe-si-flori-1000-piese\/p\/\" \/>\n<meta property=\"og:site_name\" content=\"Roovi B2B\" \/>\n<meta property=\"article:publisher\" content=\"https:\/\/www.facebook.com\/wwwjucariero\" \/>\n<meta property=\"article:modified_time\" content=\"2025-03-18T08:53:51+00:00\" \/>\n<meta property=\"og:image\" content=\"https:\/\/business.roovi.com\/wp-content\/uploads\/2018\/04\/66930-MU-06-WEB-1-1.jpg\" \/>\n\t<meta property=\"og:image:width\" content=\"1200\" \/>\n\t<meta property=\"og:image:height\" content=\"1200\" \/>\n\t<meta property=\"og:image:type\" content=\"image\/jpeg\" \/>\n<meta name=\"twitter:label1\" content=\"Timp estimat pentru citire\" \/>\n\t<meta name=\"twitter:data1\" content=\"3 minute\" \/>\n<script type=\"application\/ld+json\" class=\"yoast-schema-graph\">{\"@context\":\"https:\/\/schema.org\",\"@graph\":[{\"@type\":\"WebPage\",\"@id\":\"https:\/\/business.roovi.com\/ro\/puzzle-adulti-alphonse-mucha-fruit-and-flowerfructe-si-flori-1000-piese\/p\/\",\"url\":\"https:\/\/www.roovi.ro\/puzzle-adulti-alphonse-mucha-fruit-and-flowerfructe-si-flori-1000-piese\/p\/\",\"name\":\"Puzzle adul\u021bi 1000 piese Alphonse Mucha - Fruit and Flower\/Fructe \u0219i Flori - Roovi B2B\",\"isPartOf\":{\"@id\":\"https:\/\/business.roovi.com\/ro\/#website\"},\"datePublished\":\"2018-04-16T10:56:17+00:00\",\"dateModified\":\"2025-03-18T08:53:51+00:00\",\"breadcrumb\":{\"@id\":\"https:\/\/www.roovi.ro\/puzzle-adulti-alphonse-mucha-fruit-and-flowerfructe-si-flori-1000-piese\/p\/#breadcrumb\"},\"inLanguage\":\"ro-RO\",\"potentialAction\":[{\"@type\":\"ReadAction\",\"target\":[\"https:\/\/www.roovi.ro\/puzzle-adulti-alphonse-mucha-fruit-and-flowerfructe-si-flori-1000-piese\/p\/\"]}]},{\"@type\":\"BreadcrumbList\",\"@id\":\"https:\/\/www.roovi.ro\/puzzle-adulti-alphonse-mucha-fruit-and-flowerfructe-si-flori-1000-piese\/p\/#breadcrumb\",\"itemListElement\":[{\"@type\":\"ListItem\",\"position\":1,\"name\":\"Home\",\"item\":\"https:\/\/business.roovi.com\/ro\/\"},{\"@type\":\"ListItem\",\"position\":2,\"name\":\"Magazin\",\"item\":\"https:\/\/business.roovi.com\/ro\/magazin\/\"},{\"@type\":\"ListItem\",\"position\":3,\"name\":\"Puzzle adul\u021bi 1000 piese Alphonse Mucha &#8211; Fruit and Flower\/Fructe \u0219i Flori\"}]},{\"@type\":\"WebSite\",\"@id\":\"https:\/\/business.roovi.com\/ro\/#website\",\"url\":\"https:\/\/business.roovi.com\/ro\/\",\"name\":\"Roovi B2B\",\"description\":\"Roovi Business Website\",\"potentialAction\":[{\"@type\":\"SearchAction\",\"target\":{\"@type\":\"EntryPoint\",\"urlTemplate\":\"https:\/\/business.roovi.com\/ro\/?s={search_term_string}\"},\"query-input\":\"required name=search_term_string\"}],\"inLanguage\":\"ro-RO\"}]}<\/script>\n<!-- \/ Yoast SEO plugin. -->","yoast_head_json":{"title":"Puzzle adul\u021bi 1000 piese Alphonse Mucha - Fruit and Flower\/Fructe \u0219i Flori - Roovi B2B","robots":{"index":"index","follow":"follow","max-snippet":"max-snippet:-1","max-image-preview":"max-image-preview:large","max-video-preview":"max-video-preview:-1"},"canonical":"https:\/\/www.roovi.ro\/puzzle-adulti-alphonse-mucha-fruit-and-flowerfructe-si-flori-1000-piese\/p\/","og_locale":"ro_RO","og_type":"article","og_title":"Puzzle adul\u021bi 1000 piese Alphonse Mucha - Fruit and Flower\/Fructe \u0219i Flori - Roovi B2B","og_description":"Descoper\u0103 armonia \u0219i perfec\u021biunea artei \u00een cea mai mare gam\u0103 de puzzle art\u0103 creat\u0103 \u00een Rom\u00e2nia!","og_url":"https:\/\/www.roovi.ro\/puzzle-adulti-alphonse-mucha-fruit-and-flowerfructe-si-flori-1000-piese\/p\/","og_site_name":"Roovi B2B","article_publisher":"https:\/\/www.facebook.com\/wwwjucariero","article_modified_time":"2025-03-18T08:53:51+00:00","og_image":[{"width":1200,"height":1200,"url":"https:\/\/business.roovi.com\/wp-content\/uploads\/2018\/04\/66930-MU-06-WEB-1-1.jpg","type":"image\/jpeg"}],"twitter_misc":{"Timp estimat pentru citire":"3 minute"},"schema":{"@context":"https:\/\/schema.org","@graph":[{"@type":"WebPage","@id":"https:\/\/business.roovi.com\/ro\/puzzle-adulti-alphonse-mucha-fruit-and-flowerfructe-si-flori-1000-piese\/p\/","url":"https:\/\/www.roovi.ro\/puzzle-adulti-alphonse-mucha-fruit-and-flowerfructe-si-flori-1000-piese\/p\/","name":"Puzzle adul\u021bi 1000 piese Alphonse Mucha - Fruit and Flower\/Fructe \u0219i Flori - Roovi B2B","isPartOf":{"@id":"https:\/\/business.roovi.com\/ro\/#website"},"datePublished":"2018-04-16T10:56:17+00:00","dateModified":"2025-03-18T08:53:51+00:00","breadcrumb":{"@id":"https:\/\/www.roovi.ro\/puzzle-adulti-alphonse-mucha-fruit-and-flowerfructe-si-flori-1000-piese\/p\/#breadcrumb"},"inLanguage":"ro-RO","potentialAction":[{"@type":"ReadAction","target":["https:\/\/www.roovi.ro\/puzzle-adulti-alphonse-mucha-fruit-and-flowerfructe-si-flori-1000-piese\/p\/"]}]},{"@type":"BreadcrumbList","@id":"https:\/\/www.roovi.ro\/puzzle-adulti-alphonse-mucha-fruit-and-flowerfructe-si-flori-1000-piese\/p\/#breadcrumb","itemListElement":[{"@type":"ListItem","position":1,"name":"Home","item":"https:\/\/business.roovi.com\/ro\/"},{"@type":"ListItem","position":2,"name":"Magazin","item":"https:\/\/business.roovi.com\/ro\/magazin\/"},{"@type":"ListItem","position":3,"name":"Puzzle adul\u021bi 1000 piese Alphonse Mucha &#8211; Fruit and Flower\/Fructe \u0219i Flori"}]},{"@type":"WebSite","@id":"https:\/\/business.roovi.com\/ro\/#website","url":"https:\/\/business.roovi.com\/ro\/","name":"Roovi B2B","description":"Roovi Business Website","potentialAction":[{"@type":"SearchAction","target":{"@type":"EntryPoint","urlTemplate":"https:\/\/business.roovi.com\/ro\/?s={search_term_string}"},"query-input":"required name=search_term_string"}],"inLanguage":"ro-RO"}]}},"_links":{"self":[{"href":"https:\/\/business.roovi.com\/ro\/wp-json\/wp\/v2\/product\/16895","targetHints":{"allow":["GET"]}}],"collection":[{"href":"https:\/\/business.roovi.com\/ro\/wp-json\/wp\/v2\/product"}],"about":[{"href":"https:\/\/business.roovi.com\/ro\/wp-json\/wp\/v2\/types\/product"}],"version-history":[{"count":0,"href":"https:\/\/business.roovi.com\/ro\/wp-json\/wp\/v2\/product\/16895\/revisions"}],"wp:featuredmedia":[{"embeddable":true,"href":"https:\/\/business.roovi.com\/ro\/wp-json\/wp\/v2\/media\/63074"}],"wp:attachment":[{"href":"https:\/\/business.roovi.com\/ro\/wp-json\/wp\/v2\/media?parent=16895"}],"wp:term":[{"taxonomy":"product_brand","embeddable":true,"href":"https:\/\/business.roovi.com\/ro\/wp-json\/wp\/v2\/product_brand?post=16895"},{"taxonomy":"product_cat","embeddable":true,"href":"https:\/\/business.roovi.com\/ro\/wp-json\/wp\/v2\/product_cat?post=16895"},{"taxonomy":"product_tag","embeddable":true,"href":"https:\/\/business.roovi.com\/ro\/wp-json\/wp\/v2\/product_tag?post=16895"}],"curies":[{"name":"wp","href":"https:\/\/api.w.org\/{rel}","templated":true}]}}